{"id":911,"date":"2024-02-18T05:26:42","date_gmt":"2024-02-18T05:26:42","guid":{"rendered":"https:\/\/essenled.com\/?post_type=product&#038;p=911"},"modified":"2024-05-30T04:15:12","modified_gmt":"2024-05-30T04:15:12","slug":"high-density-700leds-2010-led-strip-dotless","status":"publish","type":"product","link":"https:\/\/essenled.com\/tr\/urun\/high-density-700leds-2010-led-strip-dotless\/","title":{"rendered":"Y\u00fcksek Yo\u011funluklu 700LEDs 2010 LED \u015eerit Noktas\u0131z 20W"},"content":{"rendered":"","protected":false},"excerpt":{"rendered":"<p>Y\u00fcksek yo\u011funluklu SMD 2010 metre ba\u015f\u0131na 700 led LED \u015ferit \u0131\u015f\u0131klar, metre ba\u015f\u0131na etkileyici bir 700 LED'e sahiptir. Bu \u00e7ok kompakt bir LED \u015ferit \u0131\u015f\u0131kt\u0131r ve noktas\u0131z tasar\u0131m\u0131 tek tip ayd\u0131nlatma sa\u011flar.<\/p>\n<p>SMD 2010 metre ba\u015f\u0131na 700leds 20w\/m'ye kadar y\u00fcksek yo\u011funluklu LED \u015ferit \u0131\u015f\u0131klar, sadece 24 volt iste\u011fe ba\u011fl\u0131d\u0131r. Y\u00fcksek yo\u011funlu\u011fu ve ola\u011fan\u00fcst\u00fc parlakl\u0131\u011f\u0131, onu \u00e7e\u015fitli uygulamalar i\u00e7in uygun hale getirir.<\/p>\n<p>10 mm'lik dar bir PCB kart\u0131 ile metre ba\u015f\u0131na 700 lede kadar. Bu nedenle, \u0131s\u0131 da\u011f\u0131t\u0131m\u0131 konusuna ekstra dikkat etmeniz ve LED \u015feridin \u0131s\u0131y\u0131 da\u011f\u0131tmas\u0131na ve her zaman sa\u011fl\u0131kl\u0131 bir durumu korumas\u0131na yard\u0131mc\u0131 olmak i\u00e7in LED al\u00fcminyum profiller kullanman\u0131z gerekir.<\/p>\n<p>CRI95 ile bu LED \u015ferit, do\u011fal g\u00fcne\u015f \u0131\u015f\u0131\u011f\u0131na \u00e7ok benzeyen do\u011fru renksel geriverim sunarak y\u00fcksek kaliteli ve y\u00fcksek dereceli ayd\u0131nlatma projeleri i\u00e7in uygun hale getirir.<\/p>","protected":false},"featured_media":2074,"template":"","meta":{"_kad_post_transparent":"default","_kad_post_title":"","_kad_post_layout":"default","_kad_post_sidebar_id":"","_kad_post_content_style":"default","_kad_post_vertical_padding":"default","_kad_post_feature":"","_kad_post_feature_position":"","_kad_post_header":false,"_kad_post_footer":false,"_kad_post_classname":""},"product_brand":[],"product_cat":[29,766],"product_tag":[220,218,217,216,219],"class_list":{"0":"post-911","1":"product","2":"type-product","3":"status-publish","4":"has-post-thumbnail","6":"product_cat-led-strip","7":"product_cat-single-color-series","8":"product_tag-1808-700leds-20w-cri95","9":"product_tag-2010-led-strip-700leds","10":"product_tag-dot-less-led-strip-700leds","11":"product_tag-flexible-strip-1808-700leds","12":"product_tag-high-density-700leds-20w","14":"first","15":"instock","16":"shipping-taxable","17":"product-type-simple","18":"entry","19":"content-bg","20":"loop-entry"},"yoast_head":"<!-- This site is optimized with the Yoast SEO Premium plugin v24.3 (Yoast SEO v26.7) - https:\/\/yoast.com\/wordpress\/plugins\/seo\/ -->\n<title>High Density 700LEDs 2010 LED Strip Dotless 20W - ESSENLED<\/title>\n<meta name=\"description\" content=\"High-density SMD 2010 700leds\/m LED strip lights boast an impressive 700 LEDs per meter, and its dotless design ensures uniform illumination.\" \/>\n<meta name=\"robots\" content=\"index, follow, max-snippet:-1, max-image-preview:large, max-video-preview:-1\" \/>\n<link rel=\"canonical\" href=\"https:\/\/essenled.com\/tr\/urun\/high-density-700leds-2010-led-strip-dotless\/\" \/>\n<meta property=\"og:locale\" content=\"tr_TR\" \/>\n<meta property=\"og:type\" content=\"article\" \/>\n<meta property=\"og:title\" content=\"High Density 700LEDs 2010 LED Strip Dotless 20W\" \/>\n<meta property=\"og:description\" content=\"High-density SMD 2010 700leds\/m LED strip lights boast an impressive 700 LEDs per meter, and its dotless design ensures uniform illumination.\" \/>\n<meta property=\"og:url\" content=\"https:\/\/essenled.com\/tr\/urun\/high-density-700leds-2010-led-strip-dotless\/\" \/>\n<meta property=\"og:site_name\" content=\"ESSENLED\" \/>\n<meta property=\"article:modified_time\" content=\"2024-05-30T04:15:12+00:00\" \/>\n<meta property=\"og:image\" content=\"https:\/\/essenled.com\/wp-content\/uploads\/2024\/02\/2010-Led-Strip-700led-Strip-1.webp\" \/>\n\t<meta property=\"og:image:width\" content=\"1000\" \/>\n\t<meta property=\"og:image:height\" content=\"1000\" \/>\n\t<meta property=\"og:image:type\" content=\"image\/webp\" \/>\n<meta name=\"twitter:card\" content=\"summary_large_image\" \/>\n<meta name=\"twitter:label1\" content=\"Tahmini okuma s\u00fcresi\" \/>\n\t<meta name=\"twitter:data1\" content=\"1 dakika\" \/>\n<script type=\"application\/ld+json\" class=\"yoast-schema-graph\">{\"@context\":\"https:\/\/schema.org\",\"@graph\":[{\"@type\":\"WebPage\",\"@id\":\"https:\/\/essenled.com\/product\/high-density-700leds-2010-led-strip-dotless\/\",\"url\":\"https:\/\/essenled.com\/product\/high-density-700leds-2010-led-strip-dotless\/\",\"name\":\"High Density 700LEDs 2010 LED Strip Dotless 20W - ESSENLED\",\"isPartOf\":{\"@id\":\"https:\/\/essenled.com\/#website\"},\"primaryImageOfPage\":{\"@id\":\"https:\/\/essenled.com\/product\/high-density-700leds-2010-led-strip-dotless\/#primaryimage\"},\"image\":{\"@id\":\"https:\/\/essenled.com\/product\/high-density-700leds-2010-led-strip-dotless\/#primaryimage\"},\"thumbnailUrl\":\"https:\/\/essenled.com\/wp-content\/uploads\/2024\/02\/2010-Led-Strip-700led-Strip-1.webp\",\"datePublished\":\"2024-02-18T05:26:42+00:00\",\"dateModified\":\"2024-05-30T04:15:12+00:00\",\"description\":\"High-density SMD 2010 700leds\/m LED strip lights boast an impressive 700 LEDs per meter, and its dotless design ensures uniform illumination.\",\"breadcrumb\":{\"@id\":\"https:\/\/essenled.com\/product\/high-density-700leds-2010-led-strip-dotless\/#breadcrumb\"},\"inLanguage\":\"tr\",\"potentialAction\":[{\"@type\":\"ReadAction\",\"target\":[\"https:\/\/essenled.com\/product\/high-density-700leds-2010-led-strip-dotless\/\"]}]},{\"@type\":\"ImageObject\",\"inLanguage\":\"tr\",\"@id\":\"https:\/\/essenled.com\/product\/high-density-700leds-2010-led-strip-dotless\/#primaryimage\",\"url\":\"https:\/\/essenled.com\/wp-content\/uploads\/2024\/02\/2010-Led-Strip-700led-Strip-1.webp\",\"contentUrl\":\"https:\/\/essenled.com\/wp-content\/uploads\/2024\/02\/2010-Led-Strip-700led-Strip-1.webp\",\"width\":1000,\"height\":1000,\"caption\":\"2010 Led Strip 700led Strip\"},{\"@type\":\"BreadcrumbList\",\"@id\":\"https:\/\/essenled.com\/product\/high-density-700leds-2010-led-strip-dotless\/#breadcrumb\",\"itemListElement\":[{\"@type\":\"ListItem\",\"position\":1,\"name\":\"Home\",\"item\":\"https:\/\/essenled.com\/\"},{\"@type\":\"ListItem\",\"position\":2,\"name\":\"Product\",\"item\":\"https:\/\/essenled.com\/fr\/product\/\"},{\"@type\":\"ListItem\",\"position\":3,\"name\":\"High Density 700LEDs 2010 LED Strip Dotless 20W\"}]},{\"@type\":\"WebSite\",\"@id\":\"https:\/\/essenled.com\/#website\",\"url\":\"https:\/\/essenled.com\/\",\"name\":\"ESSENLED\",\"description\":\"\",\"publisher\":{\"@id\":\"https:\/\/essenled.com\/#organization\"},\"potentialAction\":[{\"@type\":\"SearchAction\",\"target\":{\"@type\":\"EntryPoint\",\"urlTemplate\":\"https:\/\/essenled.com\/?s={search_term_string}\"},\"query-input\":{\"@type\":\"PropertyValueSpecification\",\"valueRequired\":true,\"valueName\":\"search_term_string\"}}],\"inLanguage\":\"tr\"},{\"@type\":\"Organization\",\"@id\":\"https:\/\/essenled.com\/#organization\",\"name\":\"ESSENLED\",\"url\":\"https:\/\/essenled.com\/\",\"logo\":{\"@type\":\"ImageObject\",\"inLanguage\":\"tr\",\"@id\":\"https:\/\/essenled.com\/#\/schema\/logo\/image\/\",\"url\":\"https:\/\/essenled.com\/wp-content\/uploads\/2024\/01\/Essen-logo.png\",\"contentUrl\":\"https:\/\/essenled.com\/wp-content\/uploads\/2024\/01\/Essen-logo.png\",\"width\":800,\"height\":110,\"caption\":\"ESSENLED\"},\"image\":{\"@id\":\"https:\/\/essenled.com\/#\/schema\/logo\/image\/\"}}]}<\/script>\n<!-- \/ Yoast SEO Premium plugin. -->","yoast_head_json":{"title":"Y\u00fcksek Yo\u011funluklu 700LEDs 2010 LED \u015eerit Noktas\u0131z 20W - ESSENLED","description":"Y\u00fcksek yo\u011funluklu SMD 2010 700leds\/m LED \u015ferit \u0131\u015f\u0131klar, metre ba\u015f\u0131na etkileyici 700 LED'e sahiptir ve noktas\u0131z tasar\u0131m\u0131 tek tip ayd\u0131nlatma sa\u011flar.","robots":{"index":"index","follow":"follow","max-snippet":"max-snippet:-1","max-image-preview":"max-image-preview:large","max-video-preview":"max-video-preview:-1"},"canonical":"https:\/\/essenled.com\/tr\/urun\/high-density-700leds-2010-led-strip-dotless\/","og_locale":"tr_TR","og_type":"article","og_title":"High Density 700LEDs 2010 LED Strip Dotless 20W","og_description":"High-density SMD 2010 700leds\/m LED strip lights boast an impressive 700 LEDs per meter, and its dotless design ensures uniform illumination.","og_url":"https:\/\/essenled.com\/tr\/urun\/high-density-700leds-2010-led-strip-dotless\/","og_site_name":"ESSENLED","article_modified_time":"2024-05-30T04:15:12+00:00","og_image":[{"width":1000,"height":1000,"url":"https:\/\/essenled.com\/wp-content\/uploads\/2024\/02\/2010-Led-Strip-700led-Strip-1.webp","type":"image\/webp"}],"twitter_card":"summary_large_image","twitter_misc":{"Tahmini okuma s\u00fcresi":"1 dakika"},"schema":{"@context":"https:\/\/schema.org","@graph":[{"@type":"WebPage","@id":"https:\/\/essenled.com\/product\/high-density-700leds-2010-led-strip-dotless\/","url":"https:\/\/essenled.com\/product\/high-density-700leds-2010-led-strip-dotless\/","name":"Y\u00fcksek Yo\u011funluklu 700LEDs 2010 LED \u015eerit Noktas\u0131z 20W - ESSENLED","isPartOf":{"@id":"https:\/\/essenled.com\/#website"},"primaryImageOfPage":{"@id":"https:\/\/essenled.com\/product\/high-density-700leds-2010-led-strip-dotless\/#primaryimage"},"image":{"@id":"https:\/\/essenled.com\/product\/high-density-700leds-2010-led-strip-dotless\/#primaryimage"},"thumbnailUrl":"https:\/\/essenled.com\/wp-content\/uploads\/2024\/02\/2010-Led-Strip-700led-Strip-1.webp","datePublished":"2024-02-18T05:26:42+00:00","dateModified":"2024-05-30T04:15:12+00:00","description":"Y\u00fcksek yo\u011funluklu SMD 2010 700leds\/m LED \u015ferit \u0131\u015f\u0131klar, metre ba\u015f\u0131na etkileyici 700 LED'e sahiptir ve noktas\u0131z tasar\u0131m\u0131 tek tip ayd\u0131nlatma sa\u011flar.","breadcrumb":{"@id":"https:\/\/essenled.com\/product\/high-density-700leds-2010-led-strip-dotless\/#breadcrumb"},"inLanguage":"tr","potentialAction":[{"@type":"ReadAction","target":["https:\/\/essenled.com\/product\/high-density-700leds-2010-led-strip-dotless\/"]}]},{"@type":"ImageObject","inLanguage":"tr","@id":"https:\/\/essenled.com\/product\/high-density-700leds-2010-led-strip-dotless\/#primaryimage","url":"https:\/\/essenled.com\/wp-content\/uploads\/2024\/02\/2010-Led-Strip-700led-Strip-1.webp","contentUrl":"https:\/\/essenled.com\/wp-content\/uploads\/2024\/02\/2010-Led-Strip-700led-Strip-1.webp","width":1000,"height":1000,"caption":"2010 Led Strip 700led Strip"},{"@type":"BreadcrumbList","@id":"https:\/\/essenled.com\/product\/high-density-700leds-2010-led-strip-dotless\/#breadcrumb","itemListElement":[{"@type":"ListItem","position":1,"name":"Home","item":"https:\/\/essenled.com\/"},{"@type":"ListItem","position":2,"name":"Product","item":"https:\/\/essenled.com\/fr\/product\/"},{"@type":"ListItem","position":3,"name":"High Density 700LEDs 2010 LED Strip Dotless 20W"}]},{"@type":"WebSite","@id":"https:\/\/essenled.com\/#website","url":"https:\/\/essenled.com\/","name":"ESSENLED","description":"","publisher":{"@id":"https:\/\/essenled.com\/#organization"},"potentialAction":[{"@type":"SearchAction","target":{"@type":"EntryPoint","urlTemplate":"https:\/\/essenled.com\/?s={search_term_string}"},"query-input":{"@type":"PropertyValueSpecification","valueRequired":true,"valueName":"search_term_string"}}],"inLanguage":"tr"},{"@type":"Organization","@id":"https:\/\/essenled.com\/#organization","name":"ESSENLED","url":"https:\/\/essenled.com\/","logo":{"@type":"ImageObject","inLanguage":"tr","@id":"https:\/\/essenled.com\/#\/schema\/logo\/image\/","url":"https:\/\/essenled.com\/wp-content\/uploads\/2024\/01\/Essen-logo.png","contentUrl":"https:\/\/essenled.com\/wp-content\/uploads\/2024\/01\/Essen-logo.png","width":800,"height":110,"caption":"ESSENLED"},"image":{"@id":"https:\/\/essenled.com\/#\/schema\/logo\/image\/"}}]}},"_links":{"self":[{"href":"https:\/\/essenled.com\/tr\/wp-json\/wp\/v2\/product\/911","targetHints":{"allow":["GET"]}}],"collection":[{"href":"https:\/\/essenled.com\/tr\/wp-json\/wp\/v2\/product"}],"about":[{"href":"https:\/\/essenled.com\/tr\/wp-json\/wp\/v2\/types\/product"}],"version-history":[{"count":1,"href":"https:\/\/essenled.com\/tr\/wp-json\/wp\/v2\/product\/911\/revisions"}],"predecessor-version":[{"id":918,"href":"https:\/\/essenled.com\/tr\/wp-json\/wp\/v2\/product\/911\/revisions\/918"}],"wp:featuredmedia":[{"embeddable":true,"href":"https:\/\/essenled.com\/tr\/wp-json\/wp\/v2\/media\/2074"}],"wp:attachment":[{"href":"https:\/\/essenled.com\/tr\/wp-json\/wp\/v2\/media?parent=911"}],"wp:term":[{"taxonomy":"product_brand","embeddable":true,"href":"https:\/\/essenled.com\/tr\/wp-json\/wp\/v2\/product_brand?post=911"},{"taxonomy":"product_cat","embeddable":true,"href":"https:\/\/essenled.com\/tr\/wp-json\/wp\/v2\/product_cat?post=911"},{"taxonomy":"product_tag","embeddable":true,"href":"https:\/\/essenled.com\/tr\/wp-json\/wp\/v2\/product_tag?post=911"}],"curies":[{"name":"wp","href":"https:\/\/api.w.org\/{rel}","templated":true}]}}