{"id":723,"date":"2024-02-10T10:08:01","date_gmt":"2024-02-10T10:08:01","guid":{"rendered":"https:\/\/essenled.com\/?post_type=product&#038;p=723"},"modified":"2024-06-01T09:19:07","modified_gmt":"2024-06-01T09:19:07","slug":"rgbww-cob-led-strip-dotless-color-changing-high-density","status":"publish","type":"product","link":"https:\/\/essenled.com\/tr\/urun\/rgbww-cob-led-strip-dotless-color-changing-high-density\/","title":{"rendered":"RGB+3000K+6000K COB LED \u015eerit Noktas\u0131z Y\u00fcksek Yo\u011funluklu"},"content":{"rendered":"","protected":false},"excerpt":{"rendered":"<p>RGBWW COB LED \u015feritleri renk de\u011fi\u015ftiren RGB+3000K+6000K, 840leds\/m y\u00fcksek yo\u011funluk ve 16 watt toplam g\u00fcce sahiptir ve \u00e7ok y\u00f6nl\u00fc, dinamik bir ayd\u0131nlatma \u00e7\u00f6z\u00fcm\u00fc sa\u011flar.<\/p>\n<p>Metre ba\u015f\u0131na 840 LED ile bu COB LED \u015ferit, y\u00fcksek yo\u011funluk ve parlakl\u0131k sunar. LED \u0131\u015f\u0131k \u015feridinin toplam g\u00fc\u00e7 t\u00fcketimi 16 watt't\u0131r, bu da farkl\u0131 ayd\u0131nlatma ihtiya\u00e7lar\u0131 i\u00e7in yeterli parlakl\u0131k sa\u011flarken enerji tasarruflu \u00e7al\u0131\u015fma sa\u011flar.<\/p>\n<p>RGBWW COB LED \u015feritleri k\u0131rm\u0131z\u0131, ye\u015fil, mavi, s\u0131cak beyaz (3000K) ve so\u011fuk beyaz (6000K) i\u00e7erir, b\u00fcy\u00fcleyici ayd\u0131nlatma sahneleri olu\u015fturur ve farkl\u0131 ortamlara ve ruh hallerine uyum sa\u011flar.<\/p>\n<p>Bu RGBWW COB LED \u015feritler, yarat\u0131c\u0131 ayd\u0131nlatma tasar\u0131mlar\u0131 i\u00e7in sonsuz olanaklar sunar. Ki\u015fiselle\u015ftirilmi\u015f ayd\u0131nlatma sahneleri ve ruh halleri olu\u015fturmak i\u00e7in renk kombinasyonlar\u0131n\u0131, parlakl\u0131k seviyelerini ve ayd\u0131nlatma efektlerini \u00f6zelle\u015ftirin.<\/p>","protected":false},"featured_media":2167,"template":"","meta":{"_kad_post_transparent":"default","_kad_post_title":"","_kad_post_layout":"default","_kad_post_sidebar_id":"","_kad_post_content_style":"default","_kad_post_vertical_padding":"default","_kad_post_feature":"","_kad_post_feature_position":"","_kad_post_header":false,"_kad_post_footer":false,"_kad_post_classname":""},"product_brand":[],"product_cat":[50,53],"product_tag":[106,107,103,109,105,108,104],"class_list":{"0":"post-723","1":"product","2":"type-product","3":"status-publish","4":"has-post-thumbnail","6":"product_cat-cob-led-strip","7":"product_cat-rgbx-cob-series","8":"product_tag-cob-dotless-rgbww","9":"product_tag-cob-seamless-rgbww","10":"product_tag-flexible-24v-rgbcw-cob-strip","11":"product_tag-rgbcw-cob-strip","12":"product_tag-rgbww-cob-led-strip-lights","13":"product_tag-rgbww-color-changing-flexible-cob","14":"product_tag-rgbww-rgb-cob-led","16":"first","17":"instock","18":"featured","19":"shipping-taxable","20":"product-type-simple","21":"entry","22":"content-bg","23":"loop-entry"},"yoast_head":"<!-- This site is optimized with the Yoast SEO Premium plugin v24.3 (Yoast SEO v26.7) - https:\/\/yoast.com\/wordpress\/plugins\/seo\/ -->\n<title>RGB+3000K+6000K COB LED Strip Dotless High Density - ESSENLED<\/title>\n<meta name=\"description\" content=\"RGBWW COB LED strips color changing RGB+3000K+6000K, a high density of 840leds\/m, 16 watts, providing a versatile, dynamic lighting solution.\" \/>\n<meta name=\"robots\" content=\"index, follow, max-snippet:-1, max-image-preview:large, max-video-preview:-1\" \/>\n<link rel=\"canonical\" href=\"https:\/\/essenled.com\/tr\/urun\/rgbww-cob-led-strip-dotless-color-changing-high-density\/\" \/>\n<meta property=\"og:locale\" content=\"tr_TR\" \/>\n<meta property=\"og:type\" content=\"article\" \/>\n<meta property=\"og:title\" content=\"RGB+3000K+6000K COB LED Strip Dotless High Density\" \/>\n<meta property=\"og:description\" content=\"RGBWW COB LED strips color changing RGB+3000K+6000K, a high density of 840leds\/m, 16 watts, providing a versatile, dynamic lighting solution.\" \/>\n<meta property=\"og:url\" content=\"https:\/\/essenled.com\/tr\/urun\/rgbww-cob-led-strip-dotless-color-changing-high-density\/\" \/>\n<meta property=\"og:site_name\" content=\"ESSENLED\" \/>\n<meta property=\"article:modified_time\" content=\"2024-06-01T09:19:07+00:00\" \/>\n<meta property=\"og:image\" content=\"https:\/\/essenled.com\/wp-content\/uploads\/2024\/02\/RGBWW-Color-Changing-Flexible-COB.webp\" \/>\n\t<meta property=\"og:image:width\" content=\"1000\" \/>\n\t<meta property=\"og:image:height\" content=\"1000\" \/>\n\t<meta property=\"og:image:type\" content=\"image\/webp\" \/>\n<meta name=\"twitter:card\" content=\"summary_large_image\" \/>\n<meta name=\"twitter:label1\" content=\"Tahmini okuma s\u00fcresi\" \/>\n\t<meta name=\"twitter:data1\" content=\"1 dakika\" \/>\n<script type=\"application\/ld+json\" class=\"yoast-schema-graph\">{\"@context\":\"https:\/\/schema.org\",\"@graph\":[{\"@type\":\"WebPage\",\"@id\":\"https:\/\/essenled.com\/product\/rgbww-cob-led-strip-dotless-color-changing-high-density\/\",\"url\":\"https:\/\/essenled.com\/product\/rgbww-cob-led-strip-dotless-color-changing-high-density\/\",\"name\":\"RGB+3000K+6000K COB LED Strip Dotless High Density - ESSENLED\",\"isPartOf\":{\"@id\":\"https:\/\/essenled.com\/#website\"},\"primaryImageOfPage\":{\"@id\":\"https:\/\/essenled.com\/product\/rgbww-cob-led-strip-dotless-color-changing-high-density\/#primaryimage\"},\"image\":{\"@id\":\"https:\/\/essenled.com\/product\/rgbww-cob-led-strip-dotless-color-changing-high-density\/#primaryimage\"},\"thumbnailUrl\":\"https:\/\/essenled.com\/wp-content\/uploads\/2024\/02\/RGBWW-Color-Changing-Flexible-COB.webp\",\"datePublished\":\"2024-02-10T10:08:01+00:00\",\"dateModified\":\"2024-06-01T09:19:07+00:00\",\"description\":\"RGBWW COB LED strips color changing RGB+3000K+6000K, a high density of 840leds\/m, 16 watts, providing a versatile, dynamic lighting solution.\",\"breadcrumb\":{\"@id\":\"https:\/\/essenled.com\/product\/rgbww-cob-led-strip-dotless-color-changing-high-density\/#breadcrumb\"},\"inLanguage\":\"tr\",\"potentialAction\":[{\"@type\":\"ReadAction\",\"target\":[\"https:\/\/essenled.com\/product\/rgbww-cob-led-strip-dotless-color-changing-high-density\/\"]}]},{\"@type\":\"ImageObject\",\"inLanguage\":\"tr\",\"@id\":\"https:\/\/essenled.com\/product\/rgbww-cob-led-strip-dotless-color-changing-high-density\/#primaryimage\",\"url\":\"https:\/\/essenled.com\/wp-content\/uploads\/2024\/02\/RGBWW-Color-Changing-Flexible-COB.webp\",\"contentUrl\":\"https:\/\/essenled.com\/wp-content\/uploads\/2024\/02\/RGBWW-Color-Changing-Flexible-COB.webp\",\"width\":1000,\"height\":1000,\"caption\":\"RGBWW Color Changing Flexible COB\"},{\"@type\":\"BreadcrumbList\",\"@id\":\"https:\/\/essenled.com\/product\/rgbww-cob-led-strip-dotless-color-changing-high-density\/#breadcrumb\",\"itemListElement\":[{\"@type\":\"ListItem\",\"position\":1,\"name\":\"Home\",\"item\":\"https:\/\/essenled.com\/\"},{\"@type\":\"ListItem\",\"position\":2,\"name\":\"Product\",\"item\":\"https:\/\/essenled.com\/fr\/product\/\"},{\"@type\":\"ListItem\",\"position\":3,\"name\":\"RGB+3000K+6000K COB LED Strip Dotless High Density\"}]},{\"@type\":\"WebSite\",\"@id\":\"https:\/\/essenled.com\/#website\",\"url\":\"https:\/\/essenled.com\/\",\"name\":\"ESSENLED\",\"description\":\"\",\"publisher\":{\"@id\":\"https:\/\/essenled.com\/#organization\"},\"potentialAction\":[{\"@type\":\"SearchAction\",\"target\":{\"@type\":\"EntryPoint\",\"urlTemplate\":\"https:\/\/essenled.com\/?s={search_term_string}\"},\"query-input\":{\"@type\":\"PropertyValueSpecification\",\"valueRequired\":true,\"valueName\":\"search_term_string\"}}],\"inLanguage\":\"tr\"},{\"@type\":\"Organization\",\"@id\":\"https:\/\/essenled.com\/#organization\",\"name\":\"ESSENLED\",\"url\":\"https:\/\/essenled.com\/\",\"logo\":{\"@type\":\"ImageObject\",\"inLanguage\":\"tr\",\"@id\":\"https:\/\/essenled.com\/#\/schema\/logo\/image\/\",\"url\":\"https:\/\/essenled.com\/wp-content\/uploads\/2024\/01\/Essen-logo.png\",\"contentUrl\":\"https:\/\/essenled.com\/wp-content\/uploads\/2024\/01\/Essen-logo.png\",\"width\":800,\"height\":110,\"caption\":\"ESSENLED\"},\"image\":{\"@id\":\"https:\/\/essenled.com\/#\/schema\/logo\/image\/\"}}]}<\/script>\n<!-- \/ Yoast SEO Premium plugin. -->","yoast_head_json":{"title":"RGB+3000K+6000K COB LED \u015eerit Noktas\u0131z Y\u00fcksek Yo\u011funluk - ESSENLED","description":"RGBWW COB LED \u015feritler renk de\u011fi\u015ftiren RGB+3000K+6000K, 840leds\/m y\u00fcksek yo\u011funluk, 16 watt, \u00e7ok y\u00f6nl\u00fc, dinamik bir ayd\u0131nlatma \u00e7\u00f6z\u00fcm\u00fc sa\u011flar.","robots":{"index":"index","follow":"follow","max-snippet":"max-snippet:-1","max-image-preview":"max-image-preview:large","max-video-preview":"max-video-preview:-1"},"canonical":"https:\/\/essenled.com\/tr\/urun\/rgbww-cob-led-strip-dotless-color-changing-high-density\/","og_locale":"tr_TR","og_type":"article","og_title":"RGB+3000K+6000K COB LED Strip Dotless High Density","og_description":"RGBWW COB LED strips color changing RGB+3000K+6000K, a high density of 840leds\/m, 16 watts, providing a versatile, dynamic lighting solution.","og_url":"https:\/\/essenled.com\/tr\/urun\/rgbww-cob-led-strip-dotless-color-changing-high-density\/","og_site_name":"ESSENLED","article_modified_time":"2024-06-01T09:19:07+00:00","og_image":[{"width":1000,"height":1000,"url":"https:\/\/essenled.com\/wp-content\/uploads\/2024\/02\/RGBWW-Color-Changing-Flexible-COB.webp","type":"image\/webp"}],"twitter_card":"summary_large_image","twitter_misc":{"Tahmini okuma s\u00fcresi":"1 dakika"},"schema":{"@context":"https:\/\/schema.org","@graph":[{"@type":"WebPage","@id":"https:\/\/essenled.com\/product\/rgbww-cob-led-strip-dotless-color-changing-high-density\/","url":"https:\/\/essenled.com\/product\/rgbww-cob-led-strip-dotless-color-changing-high-density\/","name":"RGB+3000K+6000K COB LED \u015eerit Noktas\u0131z Y\u00fcksek Yo\u011funluk - ESSENLED","isPartOf":{"@id":"https:\/\/essenled.com\/#website"},"primaryImageOfPage":{"@id":"https:\/\/essenled.com\/product\/rgbww-cob-led-strip-dotless-color-changing-high-density\/#primaryimage"},"image":{"@id":"https:\/\/essenled.com\/product\/rgbww-cob-led-strip-dotless-color-changing-high-density\/#primaryimage"},"thumbnailUrl":"https:\/\/essenled.com\/wp-content\/uploads\/2024\/02\/RGBWW-Color-Changing-Flexible-COB.webp","datePublished":"2024-02-10T10:08:01+00:00","dateModified":"2024-06-01T09:19:07+00:00","description":"RGBWW COB LED \u015feritler renk de\u011fi\u015ftiren RGB+3000K+6000K, 840leds\/m y\u00fcksek yo\u011funluk, 16 watt, \u00e7ok y\u00f6nl\u00fc, dinamik bir ayd\u0131nlatma \u00e7\u00f6z\u00fcm\u00fc sa\u011flar.","breadcrumb":{"@id":"https:\/\/essenled.com\/product\/rgbww-cob-led-strip-dotless-color-changing-high-density\/#breadcrumb"},"inLanguage":"tr","potentialAction":[{"@type":"ReadAction","target":["https:\/\/essenled.com\/product\/rgbww-cob-led-strip-dotless-color-changing-high-density\/"]}]},{"@type":"ImageObject","inLanguage":"tr","@id":"https:\/\/essenled.com\/product\/rgbww-cob-led-strip-dotless-color-changing-high-density\/#primaryimage","url":"https:\/\/essenled.com\/wp-content\/uploads\/2024\/02\/RGBWW-Color-Changing-Flexible-COB.webp","contentUrl":"https:\/\/essenled.com\/wp-content\/uploads\/2024\/02\/RGBWW-Color-Changing-Flexible-COB.webp","width":1000,"height":1000,"caption":"RGBWW Color Changing Flexible COB"},{"@type":"BreadcrumbList","@id":"https:\/\/essenled.com\/product\/rgbww-cob-led-strip-dotless-color-changing-high-density\/#breadcrumb","itemListElement":[{"@type":"ListItem","position":1,"name":"Home","item":"https:\/\/essenled.com\/"},{"@type":"ListItem","position":2,"name":"Product","item":"https:\/\/essenled.com\/fr\/product\/"},{"@type":"ListItem","position":3,"name":"RGB+3000K+6000K COB LED Strip Dotless High Density"}]},{"@type":"WebSite","@id":"https:\/\/essenled.com\/#website","url":"https:\/\/essenled.com\/","name":"ESSENLED","description":"","publisher":{"@id":"https:\/\/essenled.com\/#organization"},"potentialAction":[{"@type":"SearchAction","target":{"@type":"EntryPoint","urlTemplate":"https:\/\/essenled.com\/?s={search_term_string}"},"query-input":{"@type":"PropertyValueSpecification","valueRequired":true,"valueName":"search_term_string"}}],"inLanguage":"tr"},{"@type":"Organization","@id":"https:\/\/essenled.com\/#organization","name":"ESSENLED","url":"https:\/\/essenled.com\/","logo":{"@type":"ImageObject","inLanguage":"tr","@id":"https:\/\/essenled.com\/#\/schema\/logo\/image\/","url":"https:\/\/essenled.com\/wp-content\/uploads\/2024\/01\/Essen-logo.png","contentUrl":"https:\/\/essenled.com\/wp-content\/uploads\/2024\/01\/Essen-logo.png","width":800,"height":110,"caption":"ESSENLED"},"image":{"@id":"https:\/\/essenled.com\/#\/schema\/logo\/image\/"}}]}},"_links":{"self":[{"href":"https:\/\/essenled.com\/tr\/wp-json\/wp\/v2\/product\/723","targetHints":{"allow":["GET"]}}],"collection":[{"href":"https:\/\/essenled.com\/tr\/wp-json\/wp\/v2\/product"}],"about":[{"href":"https:\/\/essenled.com\/tr\/wp-json\/wp\/v2\/types\/product"}],"version-history":[{"count":4,"href":"https:\/\/essenled.com\/tr\/wp-json\/wp\/v2\/product\/723\/revisions"}],"predecessor-version":[{"id":2024,"href":"https:\/\/essenled.com\/tr\/wp-json\/wp\/v2\/product\/723\/revisions\/2024"}],"wp:featuredmedia":[{"embeddable":true,"href":"https:\/\/essenled.com\/tr\/wp-json\/wp\/v2\/media\/2167"}],"wp:attachment":[{"href":"https:\/\/essenled.com\/tr\/wp-json\/wp\/v2\/media?parent=723"}],"wp:term":[{"taxonomy":"product_brand","embeddable":true,"href":"https:\/\/essenled.com\/tr\/wp-json\/wp\/v2\/product_brand?post=723"},{"taxonomy":"product_cat","embeddable":true,"href":"https:\/\/essenled.com\/tr\/wp-json\/wp\/v2\/product_cat?post=723"},{"taxonomy":"product_tag","embeddable":true,"href":"https:\/\/essenled.com\/tr\/wp-json\/wp\/v2\/product_tag?post=723"}],"curies":[{"name":"wp","href":"https:\/\/api.w.org\/{rel}","templated":true}]}}