{"id":715,"date":"2024-02-10T03:25:08","date_gmt":"2024-02-10T03:25:08","guid":{"rendered":"https:\/\/essenled.com\/?post_type=product&#038;p=715"},"modified":"2024-06-01T09:06:50","modified_gmt":"2024-06-01T09:06:50","slug":"rgbw-high-output-cob-led-strip-lights-24v","status":"publish","type":"product","link":"https:\/\/essenled.com\/tr\/urun\/rgbw-high-output-cob-led-strip-lights-24v\/","title":{"rendered":"RGBW Y\u00fcksek \u00c7\u0131k\u0131\u015fl\u0131 COB LED \u015eerit I\u015f\u0131klar 24V"},"content":{"rendered":"","protected":false},"excerpt":{"rendered":"<p>RGBW y\u00fcksek \u00e7\u0131k\u0131\u015fl\u0131 COB LED \u015ferit \u0131\u015f\u0131klar 560leds\/m, y\u00fcksek yo\u011funluklu LED \u015feritlere sahiptir. 24V \u00e7al\u0131\u015fma i\u00e7in tasarlanan bu \u00fcr\u00fcn, \u00e7ok y\u00f6nl\u00fc ve canl\u0131 bir ayd\u0131nlatma \u00e7\u00f6z\u00fcm\u00fc sunar.<\/p>\n<p>COB RGBW kesme ve \u00f6zel uzunluklar\u0131 destekler, esneklikleri kavisli y\u00fczeylere, k\u00f6\u015felere ve karma\u015f\u0131k mimari detaylara sorunsuz entegrasyon sa\u011flar. E\u015fit \u0131\u015f\u0131k \u00e7\u0131k\u0131\u015f\u0131 pikselle\u015fmesi sa\u011flar ve uyumlu bir ayd\u0131nlatma ortam\u0131 yaratmaya yard\u0131mc\u0131 olur<\/p>\n<p>RGBW, k\u0131rm\u0131z\u0131, ye\u015fil, mavi ve beyaz dahil olmak \u00fczere \u00e7e\u015fitli renkler \u00fcretebilir ve mimari ayd\u0131nlatma ve ticari ekranlar i\u00e7in dinamik ayd\u0131nlatma efektleri ve ruh hali ayarlamalar\u0131 sa\u011flar.<\/p>\n<p>RGBW COB LED \u015feritleri, RGBW kontrol cihazlar\u0131yla uyumludur ve b\u00fcy\u00fcleyici ayd\u0131nlatma tasar\u0131mlar\u0131 olu\u015fturmak ve herhangi bir alan\u0131 d\u00f6n\u00fc\u015ft\u00fcrmek i\u00e7in renk kombinasyonlar\u0131n\u0131, parlakl\u0131k seviyelerini ve dinamik ayd\u0131nlatma efektlerini \u00f6zelle\u015ftirmeye izin verir.<\/p>","protected":false},"featured_media":2162,"template":"","meta":{"_kad_post_transparent":"default","_kad_post_title":"","_kad_post_layout":"default","_kad_post_sidebar_id":"","_kad_post_content_style":"default","_kad_post_vertical_padding":"default","_kad_post_feature":"","_kad_post_feature_position":"","_kad_post_header":false,"_kad_post_footer":false,"_kad_post_classname":""},"product_brand":[],"product_cat":[50,53],"product_tag":[97,98,100,99,102,101],"class_list":{"0":"post-715","1":"product","2":"type-product","3":"status-publish","4":"has-post-thumbnail","6":"product_cat-cob-led-strip","7":"product_cat-rgbx-cob-series","8":"product_tag-cob-rgbw-led-strip-light","9":"product_tag-cob-rgbw-led-tape","10":"product_tag-cob-rgbw-led-tape-light","11":"product_tag-dc24v-rgbw-cob-strip","12":"product_tag-dotless-led-strip-lights","13":"product_tag-rgbw-high-output-cob","15":"first","16":"instock","17":"shipping-taxable","18":"product-type-simple","19":"entry","20":"content-bg","21":"loop-entry"},"yoast_head":"<!-- This site is optimized with the Yoast SEO Premium plugin v24.3 (Yoast SEO v26.7) - https:\/\/yoast.com\/wordpress\/plugins\/seo\/ -->\n<title>RGBW High Output COB LED Strip Lights 24V - ESSENLED<\/title>\n<meta name=\"description\" content=\"RGBW high-output COB LED strip lights have 560leds\/m, high-density 24V operation, providing a versatile and vibrant lighting solution.\" \/>\n<meta name=\"robots\" content=\"index, follow, max-snippet:-1, max-image-preview:large, max-video-preview:-1\" \/>\n<link rel=\"canonical\" href=\"https:\/\/essenled.com\/tr\/urun\/rgbw-high-output-cob-led-strip-lights-24v\/\" \/>\n<meta property=\"og:locale\" content=\"tr_TR\" \/>\n<meta property=\"og:type\" content=\"article\" \/>\n<meta property=\"og:title\" content=\"RGBW High Output COB LED Strip Lights 24V\" \/>\n<meta property=\"og:description\" content=\"RGBW high-output COB LED strip lights have 560leds\/m, high-density 24V operation, providing a versatile and vibrant lighting solution.\" \/>\n<meta property=\"og:url\" content=\"https:\/\/essenled.com\/tr\/urun\/rgbw-high-output-cob-led-strip-lights-24v\/\" \/>\n<meta property=\"og:site_name\" content=\"ESSENLED\" \/>\n<meta property=\"article:modified_time\" content=\"2024-06-01T09:06:50+00:00\" \/>\n<meta property=\"og:image\" content=\"https:\/\/essenled.com\/wp-content\/uploads\/2024\/02\/24V-RGBW-COB-560leds-LED-Strips-90-CRI-Dotless.webp\" \/>\n\t<meta property=\"og:image:width\" content=\"1000\" \/>\n\t<meta property=\"og:image:height\" content=\"1000\" \/>\n\t<meta property=\"og:image:type\" content=\"image\/webp\" \/>\n<meta name=\"twitter:card\" content=\"summary_large_image\" \/>\n<meta name=\"twitter:label1\" content=\"Tahmini okuma s\u00fcresi\" \/>\n\t<meta name=\"twitter:data1\" content=\"1 dakika\" \/>\n<script type=\"application\/ld+json\" class=\"yoast-schema-graph\">{\"@context\":\"https:\/\/schema.org\",\"@graph\":[{\"@type\":\"WebPage\",\"@id\":\"https:\/\/essenled.com\/product\/rgbw-high-output-cob-led-strip-lights-24v\/\",\"url\":\"https:\/\/essenled.com\/product\/rgbw-high-output-cob-led-strip-lights-24v\/\",\"name\":\"RGBW High Output COB LED Strip Lights 24V - ESSENLED\",\"isPartOf\":{\"@id\":\"https:\/\/essenled.com\/#website\"},\"primaryImageOfPage\":{\"@id\":\"https:\/\/essenled.com\/product\/rgbw-high-output-cob-led-strip-lights-24v\/#primaryimage\"},\"image\":{\"@id\":\"https:\/\/essenled.com\/product\/rgbw-high-output-cob-led-strip-lights-24v\/#primaryimage\"},\"thumbnailUrl\":\"https:\/\/essenled.com\/wp-content\/uploads\/2024\/02\/24V-RGBW-COB-560leds-LED-Strips-90-CRI-Dotless.webp\",\"datePublished\":\"2024-02-10T03:25:08+00:00\",\"dateModified\":\"2024-06-01T09:06:50+00:00\",\"description\":\"RGBW high-output COB LED strip lights have 560leds\/m, high-density 24V operation, providing a versatile and vibrant lighting solution.\",\"breadcrumb\":{\"@id\":\"https:\/\/essenled.com\/product\/rgbw-high-output-cob-led-strip-lights-24v\/#breadcrumb\"},\"inLanguage\":\"tr\",\"potentialAction\":[{\"@type\":\"ReadAction\",\"target\":[\"https:\/\/essenled.com\/product\/rgbw-high-output-cob-led-strip-lights-24v\/\"]}]},{\"@type\":\"ImageObject\",\"inLanguage\":\"tr\",\"@id\":\"https:\/\/essenled.com\/product\/rgbw-high-output-cob-led-strip-lights-24v\/#primaryimage\",\"url\":\"https:\/\/essenled.com\/wp-content\/uploads\/2024\/02\/24V-RGBW-COB-560leds-LED-Strips-90-CRI-Dotless.webp\",\"contentUrl\":\"https:\/\/essenled.com\/wp-content\/uploads\/2024\/02\/24V-RGBW-COB-560leds-LED-Strips-90-CRI-Dotless.webp\",\"width\":1000,\"height\":1000,\"caption\":\"24V RGBW COB 560leds LED Strips 90+ CRI Dotless\"},{\"@type\":\"BreadcrumbList\",\"@id\":\"https:\/\/essenled.com\/product\/rgbw-high-output-cob-led-strip-lights-24v\/#breadcrumb\",\"itemListElement\":[{\"@type\":\"ListItem\",\"position\":1,\"name\":\"Home\",\"item\":\"https:\/\/essenled.com\/\"},{\"@type\":\"ListItem\",\"position\":2,\"name\":\"Product\",\"item\":\"https:\/\/essenled.com\/fr\/product\/\"},{\"@type\":\"ListItem\",\"position\":3,\"name\":\"RGBW High Output COB LED Strip Lights 24V\"}]},{\"@type\":\"WebSite\",\"@id\":\"https:\/\/essenled.com\/#website\",\"url\":\"https:\/\/essenled.com\/\",\"name\":\"ESSENLED\",\"description\":\"\",\"publisher\":{\"@id\":\"https:\/\/essenled.com\/#organization\"},\"potentialAction\":[{\"@type\":\"SearchAction\",\"target\":{\"@type\":\"EntryPoint\",\"urlTemplate\":\"https:\/\/essenled.com\/?s={search_term_string}\"},\"query-input\":{\"@type\":\"PropertyValueSpecification\",\"valueRequired\":true,\"valueName\":\"search_term_string\"}}],\"inLanguage\":\"tr\"},{\"@type\":\"Organization\",\"@id\":\"https:\/\/essenled.com\/#organization\",\"name\":\"ESSENLED\",\"url\":\"https:\/\/essenled.com\/\",\"logo\":{\"@type\":\"ImageObject\",\"inLanguage\":\"tr\",\"@id\":\"https:\/\/essenled.com\/#\/schema\/logo\/image\/\",\"url\":\"https:\/\/essenled.com\/wp-content\/uploads\/2024\/01\/Essen-logo.png\",\"contentUrl\":\"https:\/\/essenled.com\/wp-content\/uploads\/2024\/01\/Essen-logo.png\",\"width\":800,\"height\":110,\"caption\":\"ESSENLED\"},\"image\":{\"@id\":\"https:\/\/essenled.com\/#\/schema\/logo\/image\/\"}}]}<\/script>\n<!-- \/ Yoast SEO Premium plugin. -->","yoast_head_json":{"title":"RGBW Y\u00fcksek \u00c7\u0131k\u0131\u015fl\u0131 COB LED \u015eerit I\u015f\u0131klar 24V - ESSENLED","description":"RGBW y\u00fcksek \u00e7\u0131k\u0131\u015fl\u0131 COB LED \u015ferit \u0131\u015f\u0131klar 560leds\/m, y\u00fcksek yo\u011funluklu 24V \u00e7al\u0131\u015fma \u00f6zelli\u011fine sahiptir ve \u00e7ok y\u00f6nl\u00fc ve canl\u0131 bir ayd\u0131nlatma \u00e7\u00f6z\u00fcm\u00fc sunar.","robots":{"index":"index","follow":"follow","max-snippet":"max-snippet:-1","max-image-preview":"max-image-preview:large","max-video-preview":"max-video-preview:-1"},"canonical":"https:\/\/essenled.com\/tr\/urun\/rgbw-high-output-cob-led-strip-lights-24v\/","og_locale":"tr_TR","og_type":"article","og_title":"RGBW High Output COB LED Strip Lights 24V","og_description":"RGBW high-output COB LED strip lights have 560leds\/m, high-density 24V operation, providing a versatile and vibrant lighting solution.","og_url":"https:\/\/essenled.com\/tr\/urun\/rgbw-high-output-cob-led-strip-lights-24v\/","og_site_name":"ESSENLED","article_modified_time":"2024-06-01T09:06:50+00:00","og_image":[{"width":1000,"height":1000,"url":"https:\/\/essenled.com\/wp-content\/uploads\/2024\/02\/24V-RGBW-COB-560leds-LED-Strips-90-CRI-Dotless.webp","type":"image\/webp"}],"twitter_card":"summary_large_image","twitter_misc":{"Tahmini okuma s\u00fcresi":"1 dakika"},"schema":{"@context":"https:\/\/schema.org","@graph":[{"@type":"WebPage","@id":"https:\/\/essenled.com\/product\/rgbw-high-output-cob-led-strip-lights-24v\/","url":"https:\/\/essenled.com\/product\/rgbw-high-output-cob-led-strip-lights-24v\/","name":"RGBW Y\u00fcksek \u00c7\u0131k\u0131\u015fl\u0131 COB LED \u015eerit I\u015f\u0131klar 24V - ESSENLED","isPartOf":{"@id":"https:\/\/essenled.com\/#website"},"primaryImageOfPage":{"@id":"https:\/\/essenled.com\/product\/rgbw-high-output-cob-led-strip-lights-24v\/#primaryimage"},"image":{"@id":"https:\/\/essenled.com\/product\/rgbw-high-output-cob-led-strip-lights-24v\/#primaryimage"},"thumbnailUrl":"https:\/\/essenled.com\/wp-content\/uploads\/2024\/02\/24V-RGBW-COB-560leds-LED-Strips-90-CRI-Dotless.webp","datePublished":"2024-02-10T03:25:08+00:00","dateModified":"2024-06-01T09:06:50+00:00","description":"RGBW y\u00fcksek \u00e7\u0131k\u0131\u015fl\u0131 COB LED \u015ferit \u0131\u015f\u0131klar 560leds\/m, y\u00fcksek yo\u011funluklu 24V \u00e7al\u0131\u015fma \u00f6zelli\u011fine sahiptir ve \u00e7ok y\u00f6nl\u00fc ve canl\u0131 bir ayd\u0131nlatma \u00e7\u00f6z\u00fcm\u00fc sunar.","breadcrumb":{"@id":"https:\/\/essenled.com\/product\/rgbw-high-output-cob-led-strip-lights-24v\/#breadcrumb"},"inLanguage":"tr","potentialAction":[{"@type":"ReadAction","target":["https:\/\/essenled.com\/product\/rgbw-high-output-cob-led-strip-lights-24v\/"]}]},{"@type":"ImageObject","inLanguage":"tr","@id":"https:\/\/essenled.com\/product\/rgbw-high-output-cob-led-strip-lights-24v\/#primaryimage","url":"https:\/\/essenled.com\/wp-content\/uploads\/2024\/02\/24V-RGBW-COB-560leds-LED-Strips-90-CRI-Dotless.webp","contentUrl":"https:\/\/essenled.com\/wp-content\/uploads\/2024\/02\/24V-RGBW-COB-560leds-LED-Strips-90-CRI-Dotless.webp","width":1000,"height":1000,"caption":"24V RGBW COB 560leds LED Strips 90+ CRI Dotless"},{"@type":"BreadcrumbList","@id":"https:\/\/essenled.com\/product\/rgbw-high-output-cob-led-strip-lights-24v\/#breadcrumb","itemListElement":[{"@type":"ListItem","position":1,"name":"Home","item":"https:\/\/essenled.com\/"},{"@type":"ListItem","position":2,"name":"Product","item":"https:\/\/essenled.com\/fr\/product\/"},{"@type":"ListItem","position":3,"name":"RGBW High Output COB LED Strip Lights 24V"}]},{"@type":"WebSite","@id":"https:\/\/essenled.com\/#website","url":"https:\/\/essenled.com\/","name":"ESSENLED","description":"","publisher":{"@id":"https:\/\/essenled.com\/#organization"},"potentialAction":[{"@type":"SearchAction","target":{"@type":"EntryPoint","urlTemplate":"https:\/\/essenled.com\/?s={search_term_string}"},"query-input":{"@type":"PropertyValueSpecification","valueRequired":true,"valueName":"search_term_string"}}],"inLanguage":"tr"},{"@type":"Organization","@id":"https:\/\/essenled.com\/#organization","name":"ESSENLED","url":"https:\/\/essenled.com\/","logo":{"@type":"ImageObject","inLanguage":"tr","@id":"https:\/\/essenled.com\/#\/schema\/logo\/image\/","url":"https:\/\/essenled.com\/wp-content\/uploads\/2024\/01\/Essen-logo.png","contentUrl":"https:\/\/essenled.com\/wp-content\/uploads\/2024\/01\/Essen-logo.png","width":800,"height":110,"caption":"ESSENLED"},"image":{"@id":"https:\/\/essenled.com\/#\/schema\/logo\/image\/"}}]}},"_links":{"self":[{"href":"https:\/\/essenled.com\/tr\/wp-json\/wp\/v2\/product\/715","targetHints":{"allow":["GET"]}}],"collection":[{"href":"https:\/\/essenled.com\/tr\/wp-json\/wp\/v2\/product"}],"about":[{"href":"https:\/\/essenled.com\/tr\/wp-json\/wp\/v2\/types\/product"}],"version-history":[{"count":3,"href":"https:\/\/essenled.com\/tr\/wp-json\/wp\/v2\/product\/715\/revisions"}],"predecessor-version":[{"id":2025,"href":"https:\/\/essenled.com\/tr\/wp-json\/wp\/v2\/product\/715\/revisions\/2025"}],"wp:featuredmedia":[{"embeddable":true,"href":"https:\/\/essenled.com\/tr\/wp-json\/wp\/v2\/media\/2162"}],"wp:attachment":[{"href":"https:\/\/essenled.com\/tr\/wp-json\/wp\/v2\/media?parent=715"}],"wp:term":[{"taxonomy":"product_brand","embeddable":true,"href":"https:\/\/essenled.com\/tr\/wp-json\/wp\/v2\/product_brand?post=715"},{"taxonomy":"product_cat","embeddable":true,"href":"https:\/\/essenled.com\/tr\/wp-json\/wp\/v2\/product_cat?post=715"},{"taxonomy":"product_tag","embeddable":true,"href":"https:\/\/essenled.com\/tr\/wp-json\/wp\/v2\/product_tag?post=715"}],"curies":[{"name":"wp","href":"https:\/\/api.w.org\/{rel}","templated":true}]}}