{"id":697,"date":"2024-02-10T02:38:28","date_gmt":"2024-02-10T02:38:28","guid":{"rendered":"https:\/\/essenled.com\/?post_type=product&#038;p=697"},"modified":"2024-06-01T01:47:23","modified_gmt":"2024-06-01T01:47:23","slug":"tunable-white-cob-led-strip-24v-2700k-6500k","status":"publish","type":"product","link":"https:\/\/essenled.com\/tr\/urun\/tunable-white-cob-led-strip-24v-2700k-6500k\/","title":{"rendered":"Ayarlanabilir Beyaz COB LED \u015eerit 24V 2700K-6500K"},"content":{"rendered":"","protected":false},"excerpt":{"rendered":"<p>Ayarlanabilir beyaz COB LED \u015ferit, ayarlanabilir beyaz COB LED \u015ferit veya Bi-color COB LED \u015ferit olarak adland\u0131r\u0131l\u0131r. Y\u00fcksek 576leds\/m yo\u011funlu\u011fa sahiptir. 2700K ila 6500K aras\u0131nda, rahat bir ortam i\u00e7in 2700K s\u0131cak beyaz tonlar\u0131 ve net ve canl\u0131 ayd\u0131nlatma i\u00e7in 6500K so\u011fuk beyaz tonlar\u0131 sunar.<\/p>\n<p>Hem 12V hem de 24V voltaj se\u00e7enekleriyle \u00e7ok y\u00f6nl\u00fc bir ayd\u0131nlatma \u00e7\u00f6z\u00fcm\u00fcd\u00fcr. Y\u00fcksek parlakl\u0131k, homojen ayd\u0131nlatma ve t\u00fcm \u015ferit boyunca m\u00fckemmel renk tutarl\u0131l\u0131\u011f\u0131.<\/p>\n<p>Ayarlanabilir beyaz COB LED \u015feritlerin \u00e7ok y\u00f6nl\u00fcl\u00fc\u011f\u00fc, onlar\u0131 konut ayd\u0131nlatmas\u0131 ve mimari ayd\u0131nlatma vb. dahil olmak \u00fczere \u00e7ok \u00e7e\u015fitli uygulamalar i\u00e7in uygun hale getirir.<\/p>\n<p>\u0130ki renkli renk s\u0131cakl\u0131\u011f\u0131, y\u00fcksek parlakl\u0131k, enerji tasarrufu ve esneklik avantajlar\u0131 ile dinamik ayd\u0131nlatma ortamlar\u0131 olu\u015fturmak i\u00e7in g\u00f6rsel konforu ve esteti\u011fi art\u0131r\u0131r.<\/p>","protected":false},"featured_media":2130,"template":"","meta":{"_kad_post_transparent":"default","_kad_post_title":"","_kad_post_layout":"default","_kad_post_sidebar_id":"","_kad_post_content_style":"default","_kad_post_vertical_padding":"default","_kad_post_feature":"","_kad_post_feature_position":"","_kad_post_header":false,"_kad_post_footer":false,"_kad_post_classname":""},"product_brand":[],"product_cat":[50,52],"product_tag":[90,88,91,92,89],"class_list":{"0":"post-697","1":"product","2":"type-product","3":"status-publish","4":"has-post-thumbnail","6":"product_cat-cob-led-strip","7":"product_cat-tunable-white-cob-series","8":"product_tag-cob-led-tape-tunable-white-light","9":"product_tag-cob-tunable-white-led-strip","10":"product_tag-high-density-cob-flexible-cob","11":"product_tag-led-strip-cob-tunable-white-12v-24v","12":"product_tag-led-strip-spotless-tunable-white","14":"first","15":"instock","16":"shipping-taxable","17":"product-type-simple","18":"entry","19":"content-bg","20":"loop-entry"},"yoast_head":"<!-- This site is optimized with the Yoast SEO Premium plugin v24.3 (Yoast SEO v26.7) - https:\/\/yoast.com\/wordpress\/plugins\/seo\/ -->\n<title>Tunable White COB LED Strip 24V 2700K-6500K - ESSENLED<\/title>\n<meta name=\"description\" content=\"The tunable white COB LED strip 2700K to 6500K, offers warm tones of 2700K for a cozy ambience and cool white of 6500K for vibrant lighting.\" \/>\n<meta name=\"robots\" content=\"index, follow, max-snippet:-1, max-image-preview:large, max-video-preview:-1\" \/>\n<link rel=\"canonical\" href=\"https:\/\/essenled.com\/tr\/urun\/tunable-white-cob-led-strip-24v-2700k-6500k\/\" \/>\n<meta property=\"og:locale\" content=\"tr_TR\" \/>\n<meta property=\"og:type\" content=\"article\" \/>\n<meta property=\"og:title\" content=\"Tunable White COB LED Strip 24V 2700K-6500K\" \/>\n<meta property=\"og:description\" content=\"The tunable white COB LED strip 2700K to 6500K, offers warm tones of 2700K for a cozy ambience and cool white of 6500K for vibrant lighting.\" \/>\n<meta property=\"og:url\" content=\"https:\/\/essenled.com\/tr\/urun\/tunable-white-cob-led-strip-24v-2700k-6500k\/\" \/>\n<meta property=\"og:site_name\" content=\"ESSENLED\" \/>\n<meta property=\"article:modified_time\" content=\"2024-06-01T01:47:23+00:00\" \/>\n<meta property=\"og:image\" content=\"https:\/\/essenled.com\/wp-content\/uploads\/2024\/02\/Tunable-White-576leds-24V-COB-LED-Strip.webp\" \/>\n\t<meta property=\"og:image:width\" content=\"1000\" \/>\n\t<meta property=\"og:image:height\" content=\"1000\" \/>\n\t<meta property=\"og:image:type\" content=\"image\/webp\" \/>\n<meta name=\"twitter:card\" content=\"summary_large_image\" \/>\n<meta name=\"twitter:label1\" content=\"Tahmini okuma s\u00fcresi\" \/>\n\t<meta name=\"twitter:data1\" content=\"1 dakika\" \/>\n<script type=\"application\/ld+json\" class=\"yoast-schema-graph\">{\"@context\":\"https:\/\/schema.org\",\"@graph\":[{\"@type\":\"WebPage\",\"@id\":\"https:\/\/essenled.com\/product\/tunable-white-cob-led-strip-24v-2700k-6500k\/\",\"url\":\"https:\/\/essenled.com\/product\/tunable-white-cob-led-strip-24v-2700k-6500k\/\",\"name\":\"Tunable White COB LED Strip 24V 2700K-6500K - ESSENLED\",\"isPartOf\":{\"@id\":\"https:\/\/essenled.com\/#website\"},\"primaryImageOfPage\":{\"@id\":\"https:\/\/essenled.com\/product\/tunable-white-cob-led-strip-24v-2700k-6500k\/#primaryimage\"},\"image\":{\"@id\":\"https:\/\/essenled.com\/product\/tunable-white-cob-led-strip-24v-2700k-6500k\/#primaryimage\"},\"thumbnailUrl\":\"https:\/\/essenled.com\/wp-content\/uploads\/2024\/02\/Tunable-White-576leds-24V-COB-LED-Strip.webp\",\"datePublished\":\"2024-02-10T02:38:28+00:00\",\"dateModified\":\"2024-06-01T01:47:23+00:00\",\"description\":\"The tunable white COB LED strip 2700K to 6500K, offers warm tones of 2700K for a cozy ambience and cool white of 6500K for vibrant lighting.\",\"breadcrumb\":{\"@id\":\"https:\/\/essenled.com\/product\/tunable-white-cob-led-strip-24v-2700k-6500k\/#breadcrumb\"},\"inLanguage\":\"tr\",\"potentialAction\":[{\"@type\":\"ReadAction\",\"target\":[\"https:\/\/essenled.com\/product\/tunable-white-cob-led-strip-24v-2700k-6500k\/\"]}]},{\"@type\":\"ImageObject\",\"inLanguage\":\"tr\",\"@id\":\"https:\/\/essenled.com\/product\/tunable-white-cob-led-strip-24v-2700k-6500k\/#primaryimage\",\"url\":\"https:\/\/essenled.com\/wp-content\/uploads\/2024\/02\/Tunable-White-576leds-24V-COB-LED-Strip.webp\",\"contentUrl\":\"https:\/\/essenled.com\/wp-content\/uploads\/2024\/02\/Tunable-White-576leds-24V-COB-LED-Strip.webp\",\"width\":1000,\"height\":1000,\"caption\":\"Tunable White 576leds 24V COB LED Strip\"},{\"@type\":\"BreadcrumbList\",\"@id\":\"https:\/\/essenled.com\/product\/tunable-white-cob-led-strip-24v-2700k-6500k\/#breadcrumb\",\"itemListElement\":[{\"@type\":\"ListItem\",\"position\":1,\"name\":\"Home\",\"item\":\"https:\/\/essenled.com\/\"},{\"@type\":\"ListItem\",\"position\":2,\"name\":\"Product\",\"item\":\"https:\/\/essenled.com\/fr\/product\/\"},{\"@type\":\"ListItem\",\"position\":3,\"name\":\"Tunable White COB LED Strip 24V 2700K-6500K\"}]},{\"@type\":\"WebSite\",\"@id\":\"https:\/\/essenled.com\/#website\",\"url\":\"https:\/\/essenled.com\/\",\"name\":\"ESSENLED\",\"description\":\"\",\"publisher\":{\"@id\":\"https:\/\/essenled.com\/#organization\"},\"potentialAction\":[{\"@type\":\"SearchAction\",\"target\":{\"@type\":\"EntryPoint\",\"urlTemplate\":\"https:\/\/essenled.com\/?s={search_term_string}\"},\"query-input\":{\"@type\":\"PropertyValueSpecification\",\"valueRequired\":true,\"valueName\":\"search_term_string\"}}],\"inLanguage\":\"tr\"},{\"@type\":\"Organization\",\"@id\":\"https:\/\/essenled.com\/#organization\",\"name\":\"ESSENLED\",\"url\":\"https:\/\/essenled.com\/\",\"logo\":{\"@type\":\"ImageObject\",\"inLanguage\":\"tr\",\"@id\":\"https:\/\/essenled.com\/#\/schema\/logo\/image\/\",\"url\":\"https:\/\/essenled.com\/wp-content\/uploads\/2024\/01\/Essen-logo.png\",\"contentUrl\":\"https:\/\/essenled.com\/wp-content\/uploads\/2024\/01\/Essen-logo.png\",\"width\":800,\"height\":110,\"caption\":\"ESSENLED\"},\"image\":{\"@id\":\"https:\/\/essenled.com\/#\/schema\/logo\/image\/\"}}]}<\/script>\n<!-- \/ Yoast SEO Premium plugin. -->","yoast_head_json":{"title":"Ayarlanabilir Beyaz COB LED \u015eerit 24V 2700K-6500K - ESSENLED","description":"Ayarlanabilir beyaz COB LED \u015ferit 2700K ila 6500K, rahat bir ortam i\u00e7in 2700K s\u0131cak tonlar ve canl\u0131 ayd\u0131nlatma i\u00e7in 6500K so\u011fuk beyaz sunar.","robots":{"index":"index","follow":"follow","max-snippet":"max-snippet:-1","max-image-preview":"max-image-preview:large","max-video-preview":"max-video-preview:-1"},"canonical":"https:\/\/essenled.com\/tr\/urun\/tunable-white-cob-led-strip-24v-2700k-6500k\/","og_locale":"tr_TR","og_type":"article","og_title":"Tunable White COB LED Strip 24V 2700K-6500K","og_description":"The tunable white COB LED strip 2700K to 6500K, offers warm tones of 2700K for a cozy ambience and cool white of 6500K for vibrant lighting.","og_url":"https:\/\/essenled.com\/tr\/urun\/tunable-white-cob-led-strip-24v-2700k-6500k\/","og_site_name":"ESSENLED","article_modified_time":"2024-06-01T01:47:23+00:00","og_image":[{"width":1000,"height":1000,"url":"https:\/\/essenled.com\/wp-content\/uploads\/2024\/02\/Tunable-White-576leds-24V-COB-LED-Strip.webp","type":"image\/webp"}],"twitter_card":"summary_large_image","twitter_misc":{"Tahmini okuma s\u00fcresi":"1 dakika"},"schema":{"@context":"https:\/\/schema.org","@graph":[{"@type":"WebPage","@id":"https:\/\/essenled.com\/product\/tunable-white-cob-led-strip-24v-2700k-6500k\/","url":"https:\/\/essenled.com\/product\/tunable-white-cob-led-strip-24v-2700k-6500k\/","name":"Ayarlanabilir Beyaz COB LED \u015eerit 24V 2700K-6500K - ESSENLED","isPartOf":{"@id":"https:\/\/essenled.com\/#website"},"primaryImageOfPage":{"@id":"https:\/\/essenled.com\/product\/tunable-white-cob-led-strip-24v-2700k-6500k\/#primaryimage"},"image":{"@id":"https:\/\/essenled.com\/product\/tunable-white-cob-led-strip-24v-2700k-6500k\/#primaryimage"},"thumbnailUrl":"https:\/\/essenled.com\/wp-content\/uploads\/2024\/02\/Tunable-White-576leds-24V-COB-LED-Strip.webp","datePublished":"2024-02-10T02:38:28+00:00","dateModified":"2024-06-01T01:47:23+00:00","description":"Ayarlanabilir beyaz COB LED \u015ferit 2700K ila 6500K, rahat bir ortam i\u00e7in 2700K s\u0131cak tonlar ve canl\u0131 ayd\u0131nlatma i\u00e7in 6500K so\u011fuk beyaz sunar.","breadcrumb":{"@id":"https:\/\/essenled.com\/product\/tunable-white-cob-led-strip-24v-2700k-6500k\/#breadcrumb"},"inLanguage":"tr","potentialAction":[{"@type":"ReadAction","target":["https:\/\/essenled.com\/product\/tunable-white-cob-led-strip-24v-2700k-6500k\/"]}]},{"@type":"ImageObject","inLanguage":"tr","@id":"https:\/\/essenled.com\/product\/tunable-white-cob-led-strip-24v-2700k-6500k\/#primaryimage","url":"https:\/\/essenled.com\/wp-content\/uploads\/2024\/02\/Tunable-White-576leds-24V-COB-LED-Strip.webp","contentUrl":"https:\/\/essenled.com\/wp-content\/uploads\/2024\/02\/Tunable-White-576leds-24V-COB-LED-Strip.webp","width":1000,"height":1000,"caption":"Tunable White 576leds 24V COB LED Strip"},{"@type":"BreadcrumbList","@id":"https:\/\/essenled.com\/product\/tunable-white-cob-led-strip-24v-2700k-6500k\/#breadcrumb","itemListElement":[{"@type":"ListItem","position":1,"name":"Home","item":"https:\/\/essenled.com\/"},{"@type":"ListItem","position":2,"name":"Product","item":"https:\/\/essenled.com\/fr\/product\/"},{"@type":"ListItem","position":3,"name":"Tunable White COB LED Strip 24V 2700K-6500K"}]},{"@type":"WebSite","@id":"https:\/\/essenled.com\/#website","url":"https:\/\/essenled.com\/","name":"ESSENLED","description":"","publisher":{"@id":"https:\/\/essenled.com\/#organization"},"potentialAction":[{"@type":"SearchAction","target":{"@type":"EntryPoint","urlTemplate":"https:\/\/essenled.com\/?s={search_term_string}"},"query-input":{"@type":"PropertyValueSpecification","valueRequired":true,"valueName":"search_term_string"}}],"inLanguage":"tr"},{"@type":"Organization","@id":"https:\/\/essenled.com\/#organization","name":"ESSENLED","url":"https:\/\/essenled.com\/","logo":{"@type":"ImageObject","inLanguage":"tr","@id":"https:\/\/essenled.com\/#\/schema\/logo\/image\/","url":"https:\/\/essenled.com\/wp-content\/uploads\/2024\/01\/Essen-logo.png","contentUrl":"https:\/\/essenled.com\/wp-content\/uploads\/2024\/01\/Essen-logo.png","width":800,"height":110,"caption":"ESSENLED"},"image":{"@id":"https:\/\/essenled.com\/#\/schema\/logo\/image\/"}}]}},"_links":{"self":[{"href":"https:\/\/essenled.com\/tr\/wp-json\/wp\/v2\/product\/697","targetHints":{"allow":["GET"]}}],"collection":[{"href":"https:\/\/essenled.com\/tr\/wp-json\/wp\/v2\/product"}],"about":[{"href":"https:\/\/essenled.com\/tr\/wp-json\/wp\/v2\/types\/product"}],"version-history":[{"count":5,"href":"https:\/\/essenled.com\/tr\/wp-json\/wp\/v2\/product\/697\/revisions"}],"predecessor-version":[{"id":2023,"href":"https:\/\/essenled.com\/tr\/wp-json\/wp\/v2\/product\/697\/revisions\/2023"}],"wp:featuredmedia":[{"embeddable":true,"href":"https:\/\/essenled.com\/tr\/wp-json\/wp\/v2\/media\/2130"}],"wp:attachment":[{"href":"https:\/\/essenled.com\/tr\/wp-json\/wp\/v2\/media?parent=697"}],"wp:term":[{"taxonomy":"product_brand","embeddable":true,"href":"https:\/\/essenled.com\/tr\/wp-json\/wp\/v2\/product_brand?post=697"},{"taxonomy":"product_cat","embeddable":true,"href":"https:\/\/essenled.com\/tr\/wp-json\/wp\/v2\/product_cat?post=697"},{"taxonomy":"product_tag","embeddable":true,"href":"https:\/\/essenled.com\/tr\/wp-json\/wp\/v2\/product_tag?post=697"}],"curies":[{"name":"wp","href":"https:\/\/api.w.org\/{rel}","templated":true}]}}