{"id":1859,"date":"2024-03-05T10:19:56","date_gmt":"2024-03-05T10:19:56","guid":{"rendered":"https:\/\/essenled.com\/?post_type=product&#038;p=1859"},"modified":"2024-03-05T10:19:57","modified_gmt":"2024-03-05T10:19:57","slug":"cabinet-lighting-led-aluminum-profile","status":"publish","type":"product","link":"https:\/\/essenled.com\/tr\/urun\/cabinet-lighting-led-aluminum-profile\/","title":{"rendered":"Kabin Ayd\u0131nlatma LED Al\u00fcminyum Profil"},"content":{"rendered":"","protected":false},"excerpt":{"rendered":"<p>Dolap Ayd\u0131nlatma LED al\u00fcminyum profil serisi \u00fcr\u00fcnler, gard\u0131rop, \u015farap dolab\u0131, laminasyon, cam ve asma dolap alt ayd\u0131nlatmas\u0131n\u0131 kar\u015f\u0131lamak i\u00e7in \u00e7e\u015fitli yap\u0131 ve renklere sahiptir. Sadece ayd\u0131nlatma i\u015flevini yerine getirmekle kalmaz, ayn\u0131 zamanda i\u00e7 mekan\u0131n atmosferini de yarat\u0131r.<\/p>\n<p>LED Profil:  Siyah<\/p>\n<p>PC Kapa\u011f\u0131:  Siyah<\/p>\n<p>Aksesuarlar:  Montaj klipsi, braketler<\/p>\n<p>Uzunluk: 1m\/adet, 2m\/adet, 3m\/adet, di\u011fer uzunluklar \u00f6zelle\u015ftirilebilir<\/p>","protected":false},"featured_media":1861,"template":"","meta":{"_kad_post_transparent":"default","_kad_post_title":"","_kad_post_layout":"default","_kad_post_sidebar_id":"","_kad_post_content_style":"default","_kad_post_vertical_padding":"default","_kad_post_feature":"","_kad_post_feature_position":"","_kad_post_header":false,"_kad_post_footer":false,"_kad_post_classname":""},"product_brand":[],"product_cat":[76,60],"product_tag":[738,736,740,737,739],"class_list":{"0":"post-1859","1":"product","2":"type-product","3":"status-publish","4":"has-post-thumbnail","6":"product_cat-cabinet-series","7":"product_cat-led-profile","8":"product_tag-aluminum-profiles-cabinet-led-profile","9":"product_tag-aluminum-profiles-for-under-cabinet","10":"product_tag-cabinet-light-led-diffuser-channel-aluminum","11":"product_tag-led-aluminum-channel-cabinet-lighting","12":"product_tag-led-extrusion-under-cabinet","14":"first","15":"instock","16":"shipping-taxable","17":"product-type-simple","18":"entry","19":"content-bg","20":"loop-entry"},"yoast_head":"<!-- This site is optimized with the Yoast SEO Premium plugin v24.3 (Yoast SEO v26.7) - https:\/\/yoast.com\/wordpress\/plugins\/seo\/ -->\n<title>Cabinet Lighting LED Aluminum Profile - ESSENLED<\/title>\n<meta name=\"description\" content=\"The Cabinet Lighting LED aluminum profile series products have various structures and colors to meet thewardrobe, wine cabinet, lamination.\" \/>\n<meta name=\"robots\" content=\"index, follow, max-snippet:-1, max-image-preview:large, max-video-preview:-1\" \/>\n<link rel=\"canonical\" href=\"https:\/\/essenled.com\/tr\/urun\/cabinet-lighting-led-aluminum-profile\/\" \/>\n<meta property=\"og:locale\" content=\"tr_TR\" \/>\n<meta property=\"og:type\" content=\"article\" \/>\n<meta property=\"og:title\" content=\"Cabinet Lighting LED Aluminum Profile\" \/>\n<meta property=\"og:description\" content=\"The Cabinet Lighting LED aluminum profile series products have various structures and colors to meet thewardrobe, wine cabinet, lamination.\" \/>\n<meta property=\"og:url\" content=\"https:\/\/essenled.com\/tr\/urun\/cabinet-lighting-led-aluminum-profile\/\" \/>\n<meta property=\"og:site_name\" content=\"ESSENLED\" \/>\n<meta property=\"article:modified_time\" content=\"2024-03-05T10:19:57+00:00\" \/>\n<meta property=\"og:image\" content=\"https:\/\/essenled.com\/wp-content\/uploads\/2024\/03\/LED-Corner-Profiles-ES-1412.webp\" \/>\n\t<meta property=\"og:image:width\" content=\"800\" \/>\n\t<meta property=\"og:image:height\" content=\"800\" \/>\n\t<meta property=\"og:image:type\" content=\"image\/webp\" \/>\n<meta name=\"twitter:card\" content=\"summary_large_image\" \/>\n<meta name=\"twitter:label1\" content=\"Tahmini okuma s\u00fcresi\" \/>\n\t<meta name=\"twitter:data1\" content=\"1 dakika\" \/>\n<script type=\"application\/ld+json\" class=\"yoast-schema-graph\">{\"@context\":\"https:\/\/schema.org\",\"@graph\":[{\"@type\":\"WebPage\",\"@id\":\"https:\/\/essenled.com\/product\/cabinet-lighting-led-aluminum-profile\/\",\"url\":\"https:\/\/essenled.com\/product\/cabinet-lighting-led-aluminum-profile\/\",\"name\":\"Cabinet Lighting LED Aluminum Profile - ESSENLED\",\"isPartOf\":{\"@id\":\"https:\/\/essenled.com\/#website\"},\"primaryImageOfPage\":{\"@id\":\"https:\/\/essenled.com\/product\/cabinet-lighting-led-aluminum-profile\/#primaryimage\"},\"image\":{\"@id\":\"https:\/\/essenled.com\/product\/cabinet-lighting-led-aluminum-profile\/#primaryimage\"},\"thumbnailUrl\":\"https:\/\/essenled.com\/wp-content\/uploads\/2024\/03\/LED-Corner-Profiles-ES-1412.webp\",\"datePublished\":\"2024-03-05T10:19:56+00:00\",\"dateModified\":\"2024-03-05T10:19:57+00:00\",\"description\":\"The Cabinet Lighting LED aluminum profile series products have various structures and colors to meet thewardrobe, wine cabinet, lamination.\",\"breadcrumb\":{\"@id\":\"https:\/\/essenled.com\/product\/cabinet-lighting-led-aluminum-profile\/#breadcrumb\"},\"inLanguage\":\"tr\",\"potentialAction\":[{\"@type\":\"ReadAction\",\"target\":[\"https:\/\/essenled.com\/product\/cabinet-lighting-led-aluminum-profile\/\"]}]},{\"@type\":\"ImageObject\",\"inLanguage\":\"tr\",\"@id\":\"https:\/\/essenled.com\/product\/cabinet-lighting-led-aluminum-profile\/#primaryimage\",\"url\":\"https:\/\/essenled.com\/wp-content\/uploads\/2024\/03\/LED-Corner-Profiles-ES-1412.webp\",\"contentUrl\":\"https:\/\/essenled.com\/wp-content\/uploads\/2024\/03\/LED-Corner-Profiles-ES-1412.webp\",\"width\":800,\"height\":800},{\"@type\":\"BreadcrumbList\",\"@id\":\"https:\/\/essenled.com\/product\/cabinet-lighting-led-aluminum-profile\/#breadcrumb\",\"itemListElement\":[{\"@type\":\"ListItem\",\"position\":1,\"name\":\"Home\",\"item\":\"https:\/\/essenled.com\/\"},{\"@type\":\"ListItem\",\"position\":2,\"name\":\"Product\",\"item\":\"https:\/\/essenled.com\/fr\/product\/\"},{\"@type\":\"ListItem\",\"position\":3,\"name\":\"Cabinet Lighting LED Aluminum Profile\"}]},{\"@type\":\"WebSite\",\"@id\":\"https:\/\/essenled.com\/#website\",\"url\":\"https:\/\/essenled.com\/\",\"name\":\"ESSENLED\",\"description\":\"\",\"publisher\":{\"@id\":\"https:\/\/essenled.com\/#organization\"},\"potentialAction\":[{\"@type\":\"SearchAction\",\"target\":{\"@type\":\"EntryPoint\",\"urlTemplate\":\"https:\/\/essenled.com\/?s={search_term_string}\"},\"query-input\":{\"@type\":\"PropertyValueSpecification\",\"valueRequired\":true,\"valueName\":\"search_term_string\"}}],\"inLanguage\":\"tr\"},{\"@type\":\"Organization\",\"@id\":\"https:\/\/essenled.com\/#organization\",\"name\":\"ESSENLED\",\"url\":\"https:\/\/essenled.com\/\",\"logo\":{\"@type\":\"ImageObject\",\"inLanguage\":\"tr\",\"@id\":\"https:\/\/essenled.com\/#\/schema\/logo\/image\/\",\"url\":\"https:\/\/essenled.com\/wp-content\/uploads\/2024\/01\/Essen-logo.png\",\"contentUrl\":\"https:\/\/essenled.com\/wp-content\/uploads\/2024\/01\/Essen-logo.png\",\"width\":800,\"height\":110,\"caption\":\"ESSENLED\"},\"image\":{\"@id\":\"https:\/\/essenled.com\/#\/schema\/logo\/image\/\"}}]}<\/script>\n<!-- \/ Yoast SEO Premium plugin. -->","yoast_head_json":{"title":"Kabin Ayd\u0131nlatma LED Al\u00fcminyum Profil - ESSENLED","description":"Dolap Ayd\u0131nlatma LED al\u00fcminyum profil serisi \u00fcr\u00fcnler, gard\u0131rop, \u015farap dolab\u0131, laminasyonu kar\u015f\u0131lamak i\u00e7in \u00e7e\u015fitli yap\u0131lara ve renklere sahiptir.","robots":{"index":"index","follow":"follow","max-snippet":"max-snippet:-1","max-image-preview":"max-image-preview:large","max-video-preview":"max-video-preview:-1"},"canonical":"https:\/\/essenled.com\/tr\/urun\/cabinet-lighting-led-aluminum-profile\/","og_locale":"tr_TR","og_type":"article","og_title":"Cabinet Lighting LED Aluminum Profile","og_description":"The Cabinet Lighting LED aluminum profile series products have various structures and colors to meet thewardrobe, wine cabinet, lamination.","og_url":"https:\/\/essenled.com\/tr\/urun\/cabinet-lighting-led-aluminum-profile\/","og_site_name":"ESSENLED","article_modified_time":"2024-03-05T10:19:57+00:00","og_image":[{"width":800,"height":800,"url":"https:\/\/essenled.com\/wp-content\/uploads\/2024\/03\/LED-Corner-Profiles-ES-1412.webp","type":"image\/webp"}],"twitter_card":"summary_large_image","twitter_misc":{"Tahmini okuma s\u00fcresi":"1 dakika"},"schema":{"@context":"https:\/\/schema.org","@graph":[{"@type":"WebPage","@id":"https:\/\/essenled.com\/product\/cabinet-lighting-led-aluminum-profile\/","url":"https:\/\/essenled.com\/product\/cabinet-lighting-led-aluminum-profile\/","name":"Kabin Ayd\u0131nlatma LED Al\u00fcminyum Profil - ESSENLED","isPartOf":{"@id":"https:\/\/essenled.com\/#website"},"primaryImageOfPage":{"@id":"https:\/\/essenled.com\/product\/cabinet-lighting-led-aluminum-profile\/#primaryimage"},"image":{"@id":"https:\/\/essenled.com\/product\/cabinet-lighting-led-aluminum-profile\/#primaryimage"},"thumbnailUrl":"https:\/\/essenled.com\/wp-content\/uploads\/2024\/03\/LED-Corner-Profiles-ES-1412.webp","datePublished":"2024-03-05T10:19:56+00:00","dateModified":"2024-03-05T10:19:57+00:00","description":"Dolap Ayd\u0131nlatma LED al\u00fcminyum profil serisi \u00fcr\u00fcnler, gard\u0131rop, \u015farap dolab\u0131, laminasyonu kar\u015f\u0131lamak i\u00e7in \u00e7e\u015fitli yap\u0131lara ve renklere sahiptir.","breadcrumb":{"@id":"https:\/\/essenled.com\/product\/cabinet-lighting-led-aluminum-profile\/#breadcrumb"},"inLanguage":"tr","potentialAction":[{"@type":"ReadAction","target":["https:\/\/essenled.com\/product\/cabinet-lighting-led-aluminum-profile\/"]}]},{"@type":"ImageObject","inLanguage":"tr","@id":"https:\/\/essenled.com\/product\/cabinet-lighting-led-aluminum-profile\/#primaryimage","url":"https:\/\/essenled.com\/wp-content\/uploads\/2024\/03\/LED-Corner-Profiles-ES-1412.webp","contentUrl":"https:\/\/essenled.com\/wp-content\/uploads\/2024\/03\/LED-Corner-Profiles-ES-1412.webp","width":800,"height":800},{"@type":"BreadcrumbList","@id":"https:\/\/essenled.com\/product\/cabinet-lighting-led-aluminum-profile\/#breadcrumb","itemListElement":[{"@type":"ListItem","position":1,"name":"Home","item":"https:\/\/essenled.com\/"},{"@type":"ListItem","position":2,"name":"Product","item":"https:\/\/essenled.com\/fr\/product\/"},{"@type":"ListItem","position":3,"name":"Cabinet Lighting LED Aluminum Profile"}]},{"@type":"WebSite","@id":"https:\/\/essenled.com\/#website","url":"https:\/\/essenled.com\/","name":"ESSENLED","description":"","publisher":{"@id":"https:\/\/essenled.com\/#organization"},"potentialAction":[{"@type":"SearchAction","target":{"@type":"EntryPoint","urlTemplate":"https:\/\/essenled.com\/?s={search_term_string}"},"query-input":{"@type":"PropertyValueSpecification","valueRequired":true,"valueName":"search_term_string"}}],"inLanguage":"tr"},{"@type":"Organization","@id":"https:\/\/essenled.com\/#organization","name":"ESSENLED","url":"https:\/\/essenled.com\/","logo":{"@type":"ImageObject","inLanguage":"tr","@id":"https:\/\/essenled.com\/#\/schema\/logo\/image\/","url":"https:\/\/essenled.com\/wp-content\/uploads\/2024\/01\/Essen-logo.png","contentUrl":"https:\/\/essenled.com\/wp-content\/uploads\/2024\/01\/Essen-logo.png","width":800,"height":110,"caption":"ESSENLED"},"image":{"@id":"https:\/\/essenled.com\/#\/schema\/logo\/image\/"}}]}},"_links":{"self":[{"href":"https:\/\/essenled.com\/tr\/wp-json\/wp\/v2\/product\/1859","targetHints":{"allow":["GET"]}}],"collection":[{"href":"https:\/\/essenled.com\/tr\/wp-json\/wp\/v2\/product"}],"about":[{"href":"https:\/\/essenled.com\/tr\/wp-json\/wp\/v2\/types\/product"}],"version-history":[{"count":1,"href":"https:\/\/essenled.com\/tr\/wp-json\/wp\/v2\/product\/1859\/revisions"}],"predecessor-version":[{"id":1866,"href":"https:\/\/essenled.com\/tr\/wp-json\/wp\/v2\/product\/1859\/revisions\/1866"}],"wp:featuredmedia":[{"embeddable":true,"href":"https:\/\/essenled.com\/tr\/wp-json\/wp\/v2\/media\/1861"}],"wp:attachment":[{"href":"https:\/\/essenled.com\/tr\/wp-json\/wp\/v2\/media?parent=1859"}],"wp:term":[{"taxonomy":"product_brand","embeddable":true,"href":"https:\/\/essenled.com\/tr\/wp-json\/wp\/v2\/product_brand?post=1859"},{"taxonomy":"product_cat","embeddable":true,"href":"https:\/\/essenled.com\/tr\/wp-json\/wp\/v2\/product_cat?post=1859"},{"taxonomy":"product_tag","embeddable":true,"href":"https:\/\/essenled.com\/tr\/wp-json\/wp\/v2\/product_tag?post=1859"}],"curies":[{"name":"wp","href":"https:\/\/api.w.org\/{rel}","templated":true}]}}