{"id":1827,"date":"2024-03-05T07:34:30","date_gmt":"2024-03-05T07:34:30","guid":{"rendered":"https:\/\/essenled.com\/?post_type=product&#038;p=1827"},"modified":"2024-03-05T07:35:59","modified_gmt":"2024-03-05T07:35:59","slug":"free-bending-led-aluminum-profile","status":"publish","type":"product","link":"https:\/\/essenled.com\/tr\/urun\/free-bending-led-aluminum-profile\/","title":{"rendered":"Serbest B\u00fckme LED Al\u00fcminyum Profil"},"content":{"rendered":"","protected":false},"excerpt":{"rendered":"<p>Serbest b\u00fck\u00fclebilen LED al\u00fcminyum profil, d\u00fcz bir \u00e7izgiden e\u011friye do\u011fru bir s\u00fcblimasyondur. S\u00fcper uzun diki\u015fsiz silikon kapak ile serbest\u00e7e eklenebilir. E\u011frilerin ve d\u00fcz \u00e7izgilerin kombinasyonu \u00e7e\u015fitli kombinasyonlar ve \u00e7oklu stiller olu\u015fturur.<\/p>\n<p>LED Profili:  6063-T5, G\u00fcm\u00fc\u015f<\/p>\n<p>PC Kapa\u011f\u0131:  Opal, Da\u011f\u0131n\u0131k, \u015eeffaf<\/p>\n<p>Aksesuarlar:  Montaj klipsi, braketler<\/p>\n<p>Uzunluk: 1m\/adet, 2m\/adet, 3m\/adet, di\u011fer uzunluklar \u00f6zelle\u015ftirilebilir<\/p>","protected":false},"featured_media":1830,"template":"","meta":{"_kad_post_transparent":"default","_kad_post_title":"","_kad_post_layout":"default","_kad_post_sidebar_id":"","_kad_post_content_style":"default","_kad_post_vertical_padding":"default","_kad_post_feature":"","_kad_post_feature_position":"","_kad_post_header":false,"_kad_post_footer":false,"_kad_post_classname":""},"product_brand":[],"product_cat":[65,60],"product_tag":[722,723,725,724,721],"class_list":{"0":"post-1827","1":"product","2":"type-product","3":"status-publish","4":"has-post-thumbnail","6":"product_cat-free-bending-series","7":"product_cat-led-profile","8":"product_tag-bendable-aluminium-extrusions-led-strip-light","9":"product_tag-bendable-led-aluminum-channel","10":"product_tag-bendable-led-profile-curved-lighting","11":"product_tag-bendable-led-profiles-for-curved-led-profile","12":"product_tag-bending-led-light-extrusions","14":"first","15":"instock","16":"shipping-taxable","17":"product-type-simple","18":"entry","19":"content-bg","20":"loop-entry"},"yoast_head":"<!-- This site is optimized with the Yoast SEO Premium plugin v24.3 (Yoast SEO v26.7) - https:\/\/yoast.com\/wordpress\/plugins\/seo\/ -->\n<title>Free Bending LED Aluminum Profile - ESSENLED<\/title>\n<meta name=\"description\" content=\"The Free Bending Floor LED Aluminum Profile is a sublimation from a straight line to a curve with a seamless silicone cover that can be spliced freely.\" \/>\n<meta name=\"robots\" content=\"index, follow, max-snippet:-1, max-image-preview:large, max-video-preview:-1\" \/>\n<link rel=\"canonical\" href=\"https:\/\/essenled.com\/tr\/urun\/free-bending-led-aluminum-profile\/\" \/>\n<meta property=\"og:locale\" content=\"tr_TR\" \/>\n<meta property=\"og:type\" content=\"article\" \/>\n<meta property=\"og:title\" content=\"Free Bending LED Aluminum Profile\" \/>\n<meta property=\"og:description\" content=\"The Free Bending Floor LED Aluminum Profile is a sublimation from a straight line to a curve with a seamless silicone cover that can be spliced freely.\" \/>\n<meta property=\"og:url\" content=\"https:\/\/essenled.com\/tr\/urun\/free-bending-led-aluminum-profile\/\" \/>\n<meta property=\"og:site_name\" content=\"ESSENLED\" \/>\n<meta property=\"article:modified_time\" content=\"2024-03-05T07:35:59+00:00\" \/>\n<meta property=\"og:image\" content=\"https:\/\/essenled.com\/wp-content\/uploads\/2024\/03\/Bendable-lighting-profile-ES-1212UD.webp\" \/>\n\t<meta property=\"og:image:width\" content=\"800\" \/>\n\t<meta property=\"og:image:height\" content=\"800\" \/>\n\t<meta property=\"og:image:type\" content=\"image\/webp\" \/>\n<meta name=\"twitter:card\" content=\"summary_large_image\" \/>\n<meta name=\"twitter:label1\" content=\"Tahmini okuma s\u00fcresi\" \/>\n\t<meta name=\"twitter:data1\" content=\"1 dakika\" \/>\n<script type=\"application\/ld+json\" class=\"yoast-schema-graph\">{\"@context\":\"https:\/\/schema.org\",\"@graph\":[{\"@type\":\"WebPage\",\"@id\":\"https:\/\/essenled.com\/product\/free-bending-led-aluminum-profile\/\",\"url\":\"https:\/\/essenled.com\/product\/free-bending-led-aluminum-profile\/\",\"name\":\"Free Bending LED Aluminum Profile - ESSENLED\",\"isPartOf\":{\"@id\":\"https:\/\/essenled.com\/#website\"},\"primaryImageOfPage\":{\"@id\":\"https:\/\/essenled.com\/product\/free-bending-led-aluminum-profile\/#primaryimage\"},\"image\":{\"@id\":\"https:\/\/essenled.com\/product\/free-bending-led-aluminum-profile\/#primaryimage\"},\"thumbnailUrl\":\"https:\/\/essenled.com\/wp-content\/uploads\/2024\/03\/Bendable-lighting-profile-ES-1212UD.webp\",\"datePublished\":\"2024-03-05T07:34:30+00:00\",\"dateModified\":\"2024-03-05T07:35:59+00:00\",\"description\":\"The Free Bending Floor LED Aluminum Profile is a sublimation from a straight line to a curve with a seamless silicone cover that can be spliced freely.\",\"breadcrumb\":{\"@id\":\"https:\/\/essenled.com\/product\/free-bending-led-aluminum-profile\/#breadcrumb\"},\"inLanguage\":\"tr\",\"potentialAction\":[{\"@type\":\"ReadAction\",\"target\":[\"https:\/\/essenled.com\/product\/free-bending-led-aluminum-profile\/\"]}]},{\"@type\":\"ImageObject\",\"inLanguage\":\"tr\",\"@id\":\"https:\/\/essenled.com\/product\/free-bending-led-aluminum-profile\/#primaryimage\",\"url\":\"https:\/\/essenled.com\/wp-content\/uploads\/2024\/03\/Bendable-lighting-profile-ES-1212UD.webp\",\"contentUrl\":\"https:\/\/essenled.com\/wp-content\/uploads\/2024\/03\/Bendable-lighting-profile-ES-1212UD.webp\",\"width\":800,\"height\":800,\"caption\":\"Bendable lighting profile ES-1212UD\"},{\"@type\":\"BreadcrumbList\",\"@id\":\"https:\/\/essenled.com\/product\/free-bending-led-aluminum-profile\/#breadcrumb\",\"itemListElement\":[{\"@type\":\"ListItem\",\"position\":1,\"name\":\"Home\",\"item\":\"https:\/\/essenled.com\/\"},{\"@type\":\"ListItem\",\"position\":2,\"name\":\"Product\",\"item\":\"https:\/\/essenled.com\/fr\/product\/\"},{\"@type\":\"ListItem\",\"position\":3,\"name\":\"Free Bending LED Aluminum Profile\"}]},{\"@type\":\"WebSite\",\"@id\":\"https:\/\/essenled.com\/#website\",\"url\":\"https:\/\/essenled.com\/\",\"name\":\"ESSENLED\",\"description\":\"\",\"publisher\":{\"@id\":\"https:\/\/essenled.com\/#organization\"},\"potentialAction\":[{\"@type\":\"SearchAction\",\"target\":{\"@type\":\"EntryPoint\",\"urlTemplate\":\"https:\/\/essenled.com\/?s={search_term_string}\"},\"query-input\":{\"@type\":\"PropertyValueSpecification\",\"valueRequired\":true,\"valueName\":\"search_term_string\"}}],\"inLanguage\":\"tr\"},{\"@type\":\"Organization\",\"@id\":\"https:\/\/essenled.com\/#organization\",\"name\":\"ESSENLED\",\"url\":\"https:\/\/essenled.com\/\",\"logo\":{\"@type\":\"ImageObject\",\"inLanguage\":\"tr\",\"@id\":\"https:\/\/essenled.com\/#\/schema\/logo\/image\/\",\"url\":\"https:\/\/essenled.com\/wp-content\/uploads\/2024\/01\/Essen-logo.png\",\"contentUrl\":\"https:\/\/essenled.com\/wp-content\/uploads\/2024\/01\/Essen-logo.png\",\"width\":800,\"height\":110,\"caption\":\"ESSENLED\"},\"image\":{\"@id\":\"https:\/\/essenled.com\/#\/schema\/logo\/image\/\"}}]}<\/script>\n<!-- \/ Yoast SEO Premium plugin. -->","yoast_head_json":{"title":"Serbest B\u00fckme LED Al\u00fcminyum Profil - ESSENLED","description":"Serbest B\u00fck\u00fclebilen Zemin LED Al\u00fcminyum Profil, d\u00fcz bir \u00e7izgiden serbest\u00e7e eklenebilen diki\u015fsiz silikon kapakl\u0131 bir e\u011friye y\u00fcceltmedir.","robots":{"index":"index","follow":"follow","max-snippet":"max-snippet:-1","max-image-preview":"max-image-preview:large","max-video-preview":"max-video-preview:-1"},"canonical":"https:\/\/essenled.com\/tr\/urun\/free-bending-led-aluminum-profile\/","og_locale":"tr_TR","og_type":"article","og_title":"Free Bending LED Aluminum Profile","og_description":"The Free Bending Floor LED Aluminum Profile is a sublimation from a straight line to a curve with a seamless silicone cover that can be spliced freely.","og_url":"https:\/\/essenled.com\/tr\/urun\/free-bending-led-aluminum-profile\/","og_site_name":"ESSENLED","article_modified_time":"2024-03-05T07:35:59+00:00","og_image":[{"width":800,"height":800,"url":"https:\/\/essenled.com\/wp-content\/uploads\/2024\/03\/Bendable-lighting-profile-ES-1212UD.webp","type":"image\/webp"}],"twitter_card":"summary_large_image","twitter_misc":{"Tahmini okuma s\u00fcresi":"1 dakika"},"schema":{"@context":"https:\/\/schema.org","@graph":[{"@type":"WebPage","@id":"https:\/\/essenled.com\/product\/free-bending-led-aluminum-profile\/","url":"https:\/\/essenled.com\/product\/free-bending-led-aluminum-profile\/","name":"Serbest B\u00fckme LED Al\u00fcminyum Profil - ESSENLED","isPartOf":{"@id":"https:\/\/essenled.com\/#website"},"primaryImageOfPage":{"@id":"https:\/\/essenled.com\/product\/free-bending-led-aluminum-profile\/#primaryimage"},"image":{"@id":"https:\/\/essenled.com\/product\/free-bending-led-aluminum-profile\/#primaryimage"},"thumbnailUrl":"https:\/\/essenled.com\/wp-content\/uploads\/2024\/03\/Bendable-lighting-profile-ES-1212UD.webp","datePublished":"2024-03-05T07:34:30+00:00","dateModified":"2024-03-05T07:35:59+00:00","description":"Serbest B\u00fck\u00fclebilen Zemin LED Al\u00fcminyum Profil, d\u00fcz bir \u00e7izgiden serbest\u00e7e eklenebilen diki\u015fsiz silikon kapakl\u0131 bir e\u011friye y\u00fcceltmedir.","breadcrumb":{"@id":"https:\/\/essenled.com\/product\/free-bending-led-aluminum-profile\/#breadcrumb"},"inLanguage":"tr","potentialAction":[{"@type":"ReadAction","target":["https:\/\/essenled.com\/product\/free-bending-led-aluminum-profile\/"]}]},{"@type":"ImageObject","inLanguage":"tr","@id":"https:\/\/essenled.com\/product\/free-bending-led-aluminum-profile\/#primaryimage","url":"https:\/\/essenled.com\/wp-content\/uploads\/2024\/03\/Bendable-lighting-profile-ES-1212UD.webp","contentUrl":"https:\/\/essenled.com\/wp-content\/uploads\/2024\/03\/Bendable-lighting-profile-ES-1212UD.webp","width":800,"height":800,"caption":"Bendable lighting profile ES-1212UD"},{"@type":"BreadcrumbList","@id":"https:\/\/essenled.com\/product\/free-bending-led-aluminum-profile\/#breadcrumb","itemListElement":[{"@type":"ListItem","position":1,"name":"Home","item":"https:\/\/essenled.com\/"},{"@type":"ListItem","position":2,"name":"Product","item":"https:\/\/essenled.com\/fr\/product\/"},{"@type":"ListItem","position":3,"name":"Free Bending LED Aluminum Profile"}]},{"@type":"WebSite","@id":"https:\/\/essenled.com\/#website","url":"https:\/\/essenled.com\/","name":"ESSENLED","description":"","publisher":{"@id":"https:\/\/essenled.com\/#organization"},"potentialAction":[{"@type":"SearchAction","target":{"@type":"EntryPoint","urlTemplate":"https:\/\/essenled.com\/?s={search_term_string}"},"query-input":{"@type":"PropertyValueSpecification","valueRequired":true,"valueName":"search_term_string"}}],"inLanguage":"tr"},{"@type":"Organization","@id":"https:\/\/essenled.com\/#organization","name":"ESSENLED","url":"https:\/\/essenled.com\/","logo":{"@type":"ImageObject","inLanguage":"tr","@id":"https:\/\/essenled.com\/#\/schema\/logo\/image\/","url":"https:\/\/essenled.com\/wp-content\/uploads\/2024\/01\/Essen-logo.png","contentUrl":"https:\/\/essenled.com\/wp-content\/uploads\/2024\/01\/Essen-logo.png","width":800,"height":110,"caption":"ESSENLED"},"image":{"@id":"https:\/\/essenled.com\/#\/schema\/logo\/image\/"}}]}},"_links":{"self":[{"href":"https:\/\/essenled.com\/tr\/wp-json\/wp\/v2\/product\/1827","targetHints":{"allow":["GET"]}}],"collection":[{"href":"https:\/\/essenled.com\/tr\/wp-json\/wp\/v2\/product"}],"about":[{"href":"https:\/\/essenled.com\/tr\/wp-json\/wp\/v2\/types\/product"}],"version-history":[{"count":2,"href":"https:\/\/essenled.com\/tr\/wp-json\/wp\/v2\/product\/1827\/revisions"}],"predecessor-version":[{"id":1836,"href":"https:\/\/essenled.com\/tr\/wp-json\/wp\/v2\/product\/1827\/revisions\/1836"}],"wp:featuredmedia":[{"embeddable":true,"href":"https:\/\/essenled.com\/tr\/wp-json\/wp\/v2\/media\/1830"}],"wp:attachment":[{"href":"https:\/\/essenled.com\/tr\/wp-json\/wp\/v2\/media?parent=1827"}],"wp:term":[{"taxonomy":"product_brand","embeddable":true,"href":"https:\/\/essenled.com\/tr\/wp-json\/wp\/v2\/product_brand?post=1827"},{"taxonomy":"product_cat","embeddable":true,"href":"https:\/\/essenled.com\/tr\/wp-json\/wp\/v2\/product_cat?post=1827"},{"taxonomy":"product_tag","embeddable":true,"href":"https:\/\/essenled.com\/tr\/wp-json\/wp\/v2\/product_tag?post=1827"}],"curies":[{"name":"wp","href":"https:\/\/api.w.org\/{rel}","templated":true}]}}