{"id":1630,"date":"2024-03-01T09:18:13","date_gmt":"2024-03-01T09:18:13","guid":{"rendered":"https:\/\/essenled.com\/?post_type=product&#038;p=1630"},"modified":"2024-03-24T06:49:01","modified_gmt":"2024-03-24T06:49:01","slug":"high-efficiency-top-view-1615mm-led-neon-flex","status":"publish","type":"product","link":"https:\/\/essenled.com\/tr\/urun\/high-efficiency-top-view-1615mm-led-neon-flex\/","title":{"rendered":"Y\u00fcksek Verimli \u00dcstten G\u00f6r\u00fcn\u00fcm 16*15mm LED Neon Flex - T1615H"},"content":{"rendered":"","protected":false},"excerpt":{"rendered":"<p>Y\u00fcksek Verimli \u00dcstten G\u00f6r\u00fcn\u00fcm 16 * 15mm LED Neon Flex - T1615H, esas olarak mimari ayd\u0131nlatma ve ticari ayd\u0131nlatma gibi i\u00e7 ve d\u0131\u015f mekan ayd\u0131nlatmas\u0131 i\u00e7in tek par\u00e7a ekstr\u00fcde LED neon flex \u0131\u015f\u0131kt\u0131r.<\/p>\n<p>\u00dcstten g\u00f6r\u00fcn\u00fcm T1615H y\u00fcksek verimli LED neon flex 5w\/m, 10w\/m ve 15w\/m olarak mevcuttur. 2700K-6000K aras\u0131nda tek renk se\u00e7enekleri, ger\u00e7ek renk ile 90+'dan fazla CRI.<\/p>\n<p>T1615H y\u00fcksek verimli LED neon flex, \u0131\u015f\u0131k kayna\u011f\u0131 olarak y\u00fcksek verimli LED'ler kullanan benzersiz bir neon flex'tir. Y\u00fcksek verimli neon \u0131\u015f\u0131klar\u0131n \u0131\u015f\u0131k verimlili\u011fi, geleneksel neon \u0131\u015f\u0131klardan yakla\u015f\u0131k 40% daha y\u00fcksektir.<\/p>\n<p>Y\u00fcksek Verimli Top View 1615H LED Neon Flex, enerji tasarrufu ve dayan\u0131kl\u0131l\u0131k, sade ve \u015f\u0131k bir g\u00f6r\u00fcn\u00fcm, uzun kullan\u0131m \u00f6mr\u00fc ve d\u00fc\u015f\u00fck maliyet ile karakterize edilir. G\u00fcvenle keyfini \u00e7\u0131karabilirsiniz.<\/p>","protected":false},"featured_media":2008,"template":"","meta":{"_kad_post_transparent":"default","_kad_post_title":"","_kad_post_layout":"default","_kad_post_sidebar_id":"","_kad_post_content_style":"default","_kad_post_vertical_padding":"default","_kad_post_feature":"","_kad_post_feature_position":"","_kad_post_header":false,"_kad_post_footer":false,"_kad_post_classname":""},"product_brand":[],"product_cat":[46,39],"product_tag":[651,650,655,652,653,654],"class_list":{"0":"post-1630","1":"product","2":"type-product","3":"status-publish","4":"has-post-thumbnail","6":"product_cat-high-efficiency-neon-series","7":"product_cat-neon-strip","8":"product_tag-1615-high-efficiency-silicone-led-neon","9":"product_tag-high-efficiency-t1615h-led-neon-flex","10":"product_tag-neon-strip-1615mm-high-efficiency-24v","11":"product_tag-top-high-efficiency-16x15mm-silicone-led-neon","12":"product_tag-top-neon-high-efficiency-1615-dc24v","13":"product_tag-top-view-high-efficiency-1615-led-neon","15":"first","16":"instock","17":"shipping-taxable","18":"product-type-simple","19":"entry","20":"content-bg","21":"loop-entry"},"yoast_head":"<!-- This site is optimized with the Yoast SEO Premium plugin v24.3 (Yoast SEO v26.7) - https:\/\/yoast.com\/wordpress\/plugins\/seo\/ -->\n<title>High Efficiency Top View 16*15mm LED Neon Flex \u2013 T1615H - ESSENLED<\/title>\n<meta name=\"description\" content=\"High-Efficiency Top View 16*15mm LED Neon Flex \u2013 T1615H is mainly for indoor and outdoor lighting, as well as architectural and commercial lighting.\" \/>\n<meta name=\"robots\" content=\"index, follow, max-snippet:-1, max-image-preview:large, max-video-preview:-1\" \/>\n<link rel=\"canonical\" href=\"https:\/\/essenled.com\/tr\/urun\/high-efficiency-top-view-1615mm-led-neon-flex\/\" \/>\n<meta property=\"og:locale\" content=\"tr_TR\" \/>\n<meta property=\"og:type\" content=\"article\" \/>\n<meta property=\"og:title\" content=\"High Efficiency Top View 16*15mm LED Neon Flex \u2013 T1615H\" \/>\n<meta property=\"og:description\" content=\"High-Efficiency Top View 16*15mm LED Neon Flex \u2013 T1615H is mainly for indoor and outdoor lighting, as well as architectural and commercial lighting.\" \/>\n<meta property=\"og:url\" content=\"https:\/\/essenled.com\/tr\/urun\/high-efficiency-top-view-1615mm-led-neon-flex\/\" \/>\n<meta property=\"og:site_name\" content=\"ESSENLED\" \/>\n<meta property=\"article:modified_time\" content=\"2024-03-24T06:49:01+00:00\" \/>\n<meta property=\"og:image\" content=\"https:\/\/essenled.com\/wp-content\/uploads\/2024\/03\/Top-Bend-1615mm-silicone-neon-light-DC24V-IP67-CRI90.webp\" \/>\n\t<meta property=\"og:image:width\" content=\"800\" \/>\n\t<meta property=\"og:image:height\" content=\"800\" \/>\n\t<meta property=\"og:image:type\" content=\"image\/webp\" \/>\n<meta name=\"twitter:card\" content=\"summary_large_image\" \/>\n<meta name=\"twitter:label1\" content=\"Tahmini okuma s\u00fcresi\" \/>\n\t<meta name=\"twitter:data1\" content=\"1 dakika\" \/>\n<script type=\"application\/ld+json\" class=\"yoast-schema-graph\">{\"@context\":\"https:\/\/schema.org\",\"@graph\":[{\"@type\":\"WebPage\",\"@id\":\"https:\/\/essenled.com\/product\/high-efficiency-top-view-1615mm-led-neon-flex\/\",\"url\":\"https:\/\/essenled.com\/product\/high-efficiency-top-view-1615mm-led-neon-flex\/\",\"name\":\"High Efficiency Top View 16*15mm LED Neon Flex \u2013 T1615H - ESSENLED\",\"isPartOf\":{\"@id\":\"https:\/\/essenled.com\/#website\"},\"primaryImageOfPage\":{\"@id\":\"https:\/\/essenled.com\/product\/high-efficiency-top-view-1615mm-led-neon-flex\/#primaryimage\"},\"image\":{\"@id\":\"https:\/\/essenled.com\/product\/high-efficiency-top-view-1615mm-led-neon-flex\/#primaryimage\"},\"thumbnailUrl\":\"https:\/\/essenled.com\/wp-content\/uploads\/2024\/03\/Top-Bend-1615mm-silicone-neon-light-DC24V-IP67-CRI90.webp\",\"datePublished\":\"2024-03-01T09:18:13+00:00\",\"dateModified\":\"2024-03-24T06:49:01+00:00\",\"description\":\"High-Efficiency Top View 16*15mm LED Neon Flex \u2013 T1615H is mainly for indoor and outdoor lighting, as well as architectural and commercial lighting.\",\"breadcrumb\":{\"@id\":\"https:\/\/essenled.com\/product\/high-efficiency-top-view-1615mm-led-neon-flex\/#breadcrumb\"},\"inLanguage\":\"tr\",\"potentialAction\":[{\"@type\":\"ReadAction\",\"target\":[\"https:\/\/essenled.com\/product\/high-efficiency-top-view-1615mm-led-neon-flex\/\"]}]},{\"@type\":\"ImageObject\",\"inLanguage\":\"tr\",\"@id\":\"https:\/\/essenled.com\/product\/high-efficiency-top-view-1615mm-led-neon-flex\/#primaryimage\",\"url\":\"https:\/\/essenled.com\/wp-content\/uploads\/2024\/03\/Top-Bend-1615mm-silicone-neon-light-DC24V-IP67-CRI90.webp\",\"contentUrl\":\"https:\/\/essenled.com\/wp-content\/uploads\/2024\/03\/Top-Bend-1615mm-silicone-neon-light-DC24V-IP67-CRI90.webp\",\"width\":800,\"height\":800,\"caption\":\"Top Bend 1615mm silicone neon light DC24V IP67 CRI90\"},{\"@type\":\"BreadcrumbList\",\"@id\":\"https:\/\/essenled.com\/product\/high-efficiency-top-view-1615mm-led-neon-flex\/#breadcrumb\",\"itemListElement\":[{\"@type\":\"ListItem\",\"position\":1,\"name\":\"Home\",\"item\":\"https:\/\/essenled.com\/\"},{\"@type\":\"ListItem\",\"position\":2,\"name\":\"Product\",\"item\":\"https:\/\/essenled.com\/fr\/product\/\"},{\"@type\":\"ListItem\",\"position\":3,\"name\":\"High Efficiency Top View 16*15mm LED Neon Flex \u2013 T1615H\"}]},{\"@type\":\"WebSite\",\"@id\":\"https:\/\/essenled.com\/#website\",\"url\":\"https:\/\/essenled.com\/\",\"name\":\"ESSENLED\",\"description\":\"\",\"publisher\":{\"@id\":\"https:\/\/essenled.com\/#organization\"},\"potentialAction\":[{\"@type\":\"SearchAction\",\"target\":{\"@type\":\"EntryPoint\",\"urlTemplate\":\"https:\/\/essenled.com\/?s={search_term_string}\"},\"query-input\":{\"@type\":\"PropertyValueSpecification\",\"valueRequired\":true,\"valueName\":\"search_term_string\"}}],\"inLanguage\":\"tr\"},{\"@type\":\"Organization\",\"@id\":\"https:\/\/essenled.com\/#organization\",\"name\":\"ESSENLED\",\"url\":\"https:\/\/essenled.com\/\",\"logo\":{\"@type\":\"ImageObject\",\"inLanguage\":\"tr\",\"@id\":\"https:\/\/essenled.com\/#\/schema\/logo\/image\/\",\"url\":\"https:\/\/essenled.com\/wp-content\/uploads\/2024\/01\/Essen-logo.png\",\"contentUrl\":\"https:\/\/essenled.com\/wp-content\/uploads\/2024\/01\/Essen-logo.png\",\"width\":800,\"height\":110,\"caption\":\"ESSENLED\"},\"image\":{\"@id\":\"https:\/\/essenled.com\/#\/schema\/logo\/image\/\"}}]}<\/script>\n<!-- \/ Yoast SEO Premium plugin. -->","yoast_head_json":{"title":"Y\u00fcksek Verimli \u00dcstten G\u00f6r\u00fcn\u00fcm 16*15mm LED Neon Flex - T1615H - ESSENLED","description":"Y\u00fcksek Verimli \u00dcstten G\u00f6r\u00fcn\u00fcm 16 * 15mm LED Neon Flex - T1615H, esas olarak i\u00e7 ve d\u0131\u015f mekan ayd\u0131nlatmas\u0131n\u0131n yan\u0131 s\u0131ra mimari ve ticari ayd\u0131nlatma i\u00e7indir.","robots":{"index":"index","follow":"follow","max-snippet":"max-snippet:-1","max-image-preview":"max-image-preview:large","max-video-preview":"max-video-preview:-1"},"canonical":"https:\/\/essenled.com\/tr\/urun\/high-efficiency-top-view-1615mm-led-neon-flex\/","og_locale":"tr_TR","og_type":"article","og_title":"High Efficiency Top View 16*15mm LED Neon Flex \u2013 T1615H","og_description":"High-Efficiency Top View 16*15mm LED Neon Flex \u2013 T1615H is mainly for indoor and outdoor lighting, as well as architectural and commercial lighting.","og_url":"https:\/\/essenled.com\/tr\/urun\/high-efficiency-top-view-1615mm-led-neon-flex\/","og_site_name":"ESSENLED","article_modified_time":"2024-03-24T06:49:01+00:00","og_image":[{"width":800,"height":800,"url":"https:\/\/essenled.com\/wp-content\/uploads\/2024\/03\/Top-Bend-1615mm-silicone-neon-light-DC24V-IP67-CRI90.webp","type":"image\/webp"}],"twitter_card":"summary_large_image","twitter_misc":{"Tahmini okuma s\u00fcresi":"1 dakika"},"schema":{"@context":"https:\/\/schema.org","@graph":[{"@type":"WebPage","@id":"https:\/\/essenled.com\/product\/high-efficiency-top-view-1615mm-led-neon-flex\/","url":"https:\/\/essenled.com\/product\/high-efficiency-top-view-1615mm-led-neon-flex\/","name":"Y\u00fcksek Verimli \u00dcstten G\u00f6r\u00fcn\u00fcm 16*15mm LED Neon Flex - T1615H - ESSENLED","isPartOf":{"@id":"https:\/\/essenled.com\/#website"},"primaryImageOfPage":{"@id":"https:\/\/essenled.com\/product\/high-efficiency-top-view-1615mm-led-neon-flex\/#primaryimage"},"image":{"@id":"https:\/\/essenled.com\/product\/high-efficiency-top-view-1615mm-led-neon-flex\/#primaryimage"},"thumbnailUrl":"https:\/\/essenled.com\/wp-content\/uploads\/2024\/03\/Top-Bend-1615mm-silicone-neon-light-DC24V-IP67-CRI90.webp","datePublished":"2024-03-01T09:18:13+00:00","dateModified":"2024-03-24T06:49:01+00:00","description":"Y\u00fcksek Verimli \u00dcstten G\u00f6r\u00fcn\u00fcm 16 * 15mm LED Neon Flex - T1615H, esas olarak i\u00e7 ve d\u0131\u015f mekan ayd\u0131nlatmas\u0131n\u0131n yan\u0131 s\u0131ra mimari ve ticari ayd\u0131nlatma i\u00e7indir.","breadcrumb":{"@id":"https:\/\/essenled.com\/product\/high-efficiency-top-view-1615mm-led-neon-flex\/#breadcrumb"},"inLanguage":"tr","potentialAction":[{"@type":"ReadAction","target":["https:\/\/essenled.com\/product\/high-efficiency-top-view-1615mm-led-neon-flex\/"]}]},{"@type":"ImageObject","inLanguage":"tr","@id":"https:\/\/essenled.com\/product\/high-efficiency-top-view-1615mm-led-neon-flex\/#primaryimage","url":"https:\/\/essenled.com\/wp-content\/uploads\/2024\/03\/Top-Bend-1615mm-silicone-neon-light-DC24V-IP67-CRI90.webp","contentUrl":"https:\/\/essenled.com\/wp-content\/uploads\/2024\/03\/Top-Bend-1615mm-silicone-neon-light-DC24V-IP67-CRI90.webp","width":800,"height":800,"caption":"Top Bend 1615mm silicone neon light DC24V IP67 CRI90"},{"@type":"BreadcrumbList","@id":"https:\/\/essenled.com\/product\/high-efficiency-top-view-1615mm-led-neon-flex\/#breadcrumb","itemListElement":[{"@type":"ListItem","position":1,"name":"Home","item":"https:\/\/essenled.com\/"},{"@type":"ListItem","position":2,"name":"Product","item":"https:\/\/essenled.com\/fr\/product\/"},{"@type":"ListItem","position":3,"name":"High Efficiency Top View 16*15mm LED Neon Flex \u2013 T1615H"}]},{"@type":"WebSite","@id":"https:\/\/essenled.com\/#website","url":"https:\/\/essenled.com\/","name":"ESSENLED","description":"","publisher":{"@id":"https:\/\/essenled.com\/#organization"},"potentialAction":[{"@type":"SearchAction","target":{"@type":"EntryPoint","urlTemplate":"https:\/\/essenled.com\/?s={search_term_string}"},"query-input":{"@type":"PropertyValueSpecification","valueRequired":true,"valueName":"search_term_string"}}],"inLanguage":"tr"},{"@type":"Organization","@id":"https:\/\/essenled.com\/#organization","name":"ESSENLED","url":"https:\/\/essenled.com\/","logo":{"@type":"ImageObject","inLanguage":"tr","@id":"https:\/\/essenled.com\/#\/schema\/logo\/image\/","url":"https:\/\/essenled.com\/wp-content\/uploads\/2024\/01\/Essen-logo.png","contentUrl":"https:\/\/essenled.com\/wp-content\/uploads\/2024\/01\/Essen-logo.png","width":800,"height":110,"caption":"ESSENLED"},"image":{"@id":"https:\/\/essenled.com\/#\/schema\/logo\/image\/"}}]}},"_links":{"self":[{"href":"https:\/\/essenled.com\/tr\/wp-json\/wp\/v2\/product\/1630","targetHints":{"allow":["GET"]}}],"collection":[{"href":"https:\/\/essenled.com\/tr\/wp-json\/wp\/v2\/product"}],"about":[{"href":"https:\/\/essenled.com\/tr\/wp-json\/wp\/v2\/types\/product"}],"version-history":[{"count":1,"href":"https:\/\/essenled.com\/tr\/wp-json\/wp\/v2\/product\/1630\/revisions"}],"predecessor-version":[{"id":1632,"href":"https:\/\/essenled.com\/tr\/wp-json\/wp\/v2\/product\/1630\/revisions\/1632"}],"wp:featuredmedia":[{"embeddable":true,"href":"https:\/\/essenled.com\/tr\/wp-json\/wp\/v2\/media\/2008"}],"wp:attachment":[{"href":"https:\/\/essenled.com\/tr\/wp-json\/wp\/v2\/media?parent=1630"}],"wp:term":[{"taxonomy":"product_brand","embeddable":true,"href":"https:\/\/essenled.com\/tr\/wp-json\/wp\/v2\/product_brand?post=1630"},{"taxonomy":"product_cat","embeddable":true,"href":"https:\/\/essenled.com\/tr\/wp-json\/wp\/v2\/product_cat?post=1630"},{"taxonomy":"product_tag","embeddable":true,"href":"https:\/\/essenled.com\/tr\/wp-json\/wp\/v2\/product_tag?post=1630"}],"curies":[{"name":"wp","href":"https:\/\/api.w.org\/{rel}","templated":true}]}}