{"id":1613,"date":"2024-03-01T07:37:03","date_gmt":"2024-03-01T07:37:03","guid":{"rendered":"https:\/\/essenled.com\/?post_type=product&#038;p=1613"},"modified":"2024-03-01T09:06:13","modified_gmt":"2024-03-01T09:06:13","slug":"top-view-ip67-1615mm-led-neon-flex-black","status":"publish","type":"product","link":"https:\/\/essenled.com\/tr\/urun\/top-view-ip67-1615mm-led-neon-flex-black\/","title":{"rendered":"\u00dcstten G\u00f6r\u00fcn\u00fcm IP67 16*15mm LED Neon Flex - Siyah T1615B"},"content":{"rendered":"","protected":false},"excerpt":{"rendered":"<p>\u00dcstten G\u00f6r\u00fcn\u00fcm IP67 16*15mm LED Neon Flex - Siyah T1615B, siyah renkte \u00f6zel bir g\u00f6r\u00fcn\u00fcme sahiptir. Tek renk\/ayarlanabilir beyaz\/RGB\/RGBW olarak mevcuttur. Esas olarak i\u00e7 dekorasyon, daha basit ve daha geli\u015fmi\u015f ayd\u0131nlatma stilleri i\u00e7in uygundur.<\/p>\n<p>IP67 \u00fcstten g\u00f6r\u00fcn\u00fcm LED neon flex siyah T1615B 5w\/m, 10w\/m ve 15w\/m'dir. Koruma seviyesi IP67'ye ula\u015f\u0131r, bu da uzun s\u00fcreli d\u0131\u015f mekan kullan\u0131m\u0131 i\u00e7in \u00e7ok uygundur ve sararmas\u0131 kolay de\u011fildir.<\/p>\n<p>IP67 su ge\u00e7irmez siyah 16*15mm LED Neon Flex'i g\u00f6r\u00fcnt\u00fclemek i\u00e7in \u0131\u015f\u0131k ge\u00e7irgenli\u011fi son derece y\u00fcksektir, g\u00fczel bir g\u00f6r\u00fcn\u00fcm ve d\u00fczg\u00fcn bir \u0131\u015f\u0131k sa\u011flar.<\/p>\n<p>LED neon flex IP67 su ge\u00e7irmez siyah T1615B, benzersiz bir optik yap\u0131 tasar\u0131m\u0131n\u0131 benimser; \u0131\u015f\u0131k herhangi bir g\u00f6lge olmadan bile. Kontur, i\u00e7 ve d\u0131\u015f dekoratif ayd\u0131nlatma ve di\u011fer sahneler i\u00e7in kullan\u0131labilir.<\/p>","protected":false},"featured_media":1615,"template":"","meta":{"_kad_post_transparent":"default","_kad_post_title":"","_kad_post_layout":"default","_kad_post_sidebar_id":"","_kad_post_content_style":"default","_kad_post_vertical_padding":"default","_kad_post_feature":"","_kad_post_feature_position":"","_kad_post_header":false,"_kad_post_footer":false,"_kad_post_classname":""},"product_brand":[],"product_cat":[49,39],"product_tag":[636,635,640,637,638,639],"class_list":{"0":"post-1613","1":"product","2":"type-product","3":"status-publish","4":"has-post-thumbnail","6":"product_cat-black-neon-series","7":"product_cat-neon-strip","8":"product_tag-1615-black-silicone-led-neon-light","9":"product_tag-black-1615-top-view-led-neon-flex","10":"product_tag-neon-strip-1615mm-black-top-view-24v","11":"product_tag-top-black-16x15mm-silicone-led-neon","12":"product_tag-top-neon-black-1615-dc24v","13":"product_tag-top-view-black-1615-rgbw-led-neon","15":"first","16":"instock","17":"shipping-taxable","18":"product-type-simple","19":"entry","20":"content-bg","21":"loop-entry"},"yoast_head":"<!-- This site is optimized with the Yoast SEO Premium plugin v24.3 (Yoast SEO v26.7) - https:\/\/yoast.com\/wordpress\/plugins\/seo\/ -->\n<title>Top View IP67 16*15mm LED Neon Flex \u2013 Black T1615B - ESSENLED<\/title>\n<meta name=\"description\" content=\"Top View IP67 16*15mm LED Neon Flex \u2013 Black T1615B, with a special appearance black color. Available in single color\/tunable white\/RGB\/RGBW.\" \/>\n<meta name=\"robots\" content=\"index, follow, max-snippet:-1, max-image-preview:large, max-video-preview:-1\" \/>\n<link rel=\"canonical\" href=\"https:\/\/essenled.com\/tr\/urun\/top-view-ip67-1615mm-led-neon-flex-black\/\" \/>\n<meta property=\"og:locale\" content=\"tr_TR\" \/>\n<meta property=\"og:type\" content=\"article\" \/>\n<meta property=\"og:title\" content=\"Top View IP67 16*15mm LED Neon Flex \u2013 Black T1615B\" \/>\n<meta property=\"og:description\" content=\"Top View IP67 16*15mm LED Neon Flex \u2013 Black T1615B, with a special appearance black color. Available in single color\/tunable white\/RGB\/RGBW.\" \/>\n<meta property=\"og:url\" content=\"https:\/\/essenled.com\/tr\/urun\/top-view-ip67-1615mm-led-neon-flex-black\/\" \/>\n<meta property=\"og:site_name\" content=\"ESSENLED\" \/>\n<meta property=\"article:modified_time\" content=\"2024-03-01T09:06:13+00:00\" \/>\n<meta property=\"og:image\" content=\"https:\/\/essenled.com\/wp-content\/uploads\/2024\/03\/1615-Black-Silicone-LED-Neon-Light.webp\" \/>\n\t<meta property=\"og:image:width\" content=\"800\" \/>\n\t<meta property=\"og:image:height\" content=\"800\" \/>\n\t<meta property=\"og:image:type\" content=\"image\/webp\" \/>\n<meta name=\"twitter:card\" content=\"summary_large_image\" \/>\n<meta name=\"twitter:label1\" content=\"Tahmini okuma s\u00fcresi\" \/>\n\t<meta name=\"twitter:data1\" content=\"1 dakika\" \/>\n<script type=\"application\/ld+json\" class=\"yoast-schema-graph\">{\"@context\":\"https:\/\/schema.org\",\"@graph\":[{\"@type\":\"WebPage\",\"@id\":\"https:\/\/essenled.com\/product\/top-view-ip67-1615mm-led-neon-flex-black\/\",\"url\":\"https:\/\/essenled.com\/product\/top-view-ip67-1615mm-led-neon-flex-black\/\",\"name\":\"Top View IP67 16*15mm LED Neon Flex \u2013 Black T1615B - ESSENLED\",\"isPartOf\":{\"@id\":\"https:\/\/essenled.com\/#website\"},\"primaryImageOfPage\":{\"@id\":\"https:\/\/essenled.com\/product\/top-view-ip67-1615mm-led-neon-flex-black\/#primaryimage\"},\"image\":{\"@id\":\"https:\/\/essenled.com\/product\/top-view-ip67-1615mm-led-neon-flex-black\/#primaryimage\"},\"thumbnailUrl\":\"https:\/\/essenled.com\/wp-content\/uploads\/2024\/03\/1615-Black-Silicone-LED-Neon-Light.webp\",\"datePublished\":\"2024-03-01T07:37:03+00:00\",\"dateModified\":\"2024-03-01T09:06:13+00:00\",\"description\":\"Top View IP67 16*15mm LED Neon Flex \u2013 Black T1615B, with a special appearance black color. Available in single color\/tunable white\/RGB\/RGBW.\",\"breadcrumb\":{\"@id\":\"https:\/\/essenled.com\/product\/top-view-ip67-1615mm-led-neon-flex-black\/#breadcrumb\"},\"inLanguage\":\"tr\",\"potentialAction\":[{\"@type\":\"ReadAction\",\"target\":[\"https:\/\/essenled.com\/product\/top-view-ip67-1615mm-led-neon-flex-black\/\"]}]},{\"@type\":\"ImageObject\",\"inLanguage\":\"tr\",\"@id\":\"https:\/\/essenled.com\/product\/top-view-ip67-1615mm-led-neon-flex-black\/#primaryimage\",\"url\":\"https:\/\/essenled.com\/wp-content\/uploads\/2024\/03\/1615-Black-Silicone-LED-Neon-Light.webp\",\"contentUrl\":\"https:\/\/essenled.com\/wp-content\/uploads\/2024\/03\/1615-Black-Silicone-LED-Neon-Light.webp\",\"width\":800,\"height\":800,\"caption\":\"1615 Black Silicone LED Neon Light\"},{\"@type\":\"BreadcrumbList\",\"@id\":\"https:\/\/essenled.com\/product\/top-view-ip67-1615mm-led-neon-flex-black\/#breadcrumb\",\"itemListElement\":[{\"@type\":\"ListItem\",\"position\":1,\"name\":\"Home\",\"item\":\"https:\/\/essenled.com\/\"},{\"@type\":\"ListItem\",\"position\":2,\"name\":\"Product\",\"item\":\"https:\/\/essenled.com\/fr\/product\/\"},{\"@type\":\"ListItem\",\"position\":3,\"name\":\"Top View IP67 16*15mm LED Neon Flex \u2013 Black T1615B\"}]},{\"@type\":\"WebSite\",\"@id\":\"https:\/\/essenled.com\/#website\",\"url\":\"https:\/\/essenled.com\/\",\"name\":\"ESSENLED\",\"description\":\"\",\"publisher\":{\"@id\":\"https:\/\/essenled.com\/#organization\"},\"potentialAction\":[{\"@type\":\"SearchAction\",\"target\":{\"@type\":\"EntryPoint\",\"urlTemplate\":\"https:\/\/essenled.com\/?s={search_term_string}\"},\"query-input\":{\"@type\":\"PropertyValueSpecification\",\"valueRequired\":true,\"valueName\":\"search_term_string\"}}],\"inLanguage\":\"tr\"},{\"@type\":\"Organization\",\"@id\":\"https:\/\/essenled.com\/#organization\",\"name\":\"ESSENLED\",\"url\":\"https:\/\/essenled.com\/\",\"logo\":{\"@type\":\"ImageObject\",\"inLanguage\":\"tr\",\"@id\":\"https:\/\/essenled.com\/#\/schema\/logo\/image\/\",\"url\":\"https:\/\/essenled.com\/wp-content\/uploads\/2024\/01\/Essen-logo.png\",\"contentUrl\":\"https:\/\/essenled.com\/wp-content\/uploads\/2024\/01\/Essen-logo.png\",\"width\":800,\"height\":110,\"caption\":\"ESSENLED\"},\"image\":{\"@id\":\"https:\/\/essenled.com\/#\/schema\/logo\/image\/\"}}]}<\/script>\n<!-- \/ Yoast SEO Premium plugin. -->","yoast_head_json":{"title":"\u00dcstten G\u00f6r\u00fcn\u00fcm IP67 16*15mm LED Neon Flex - Siyah T1615B - ESSENLED","description":"\u00dcstten G\u00f6r\u00fcn\u00fcm IP67 16*15mm LED Neon Flex - Siyah T1615B, \u00f6zel g\u00f6r\u00fcn\u00fcml\u00fc siyah renktedir. Tek renk\/ayarlanabilir beyaz\/RGB\/RGBW olarak mevcuttur.","robots":{"index":"index","follow":"follow","max-snippet":"max-snippet:-1","max-image-preview":"max-image-preview:large","max-video-preview":"max-video-preview:-1"},"canonical":"https:\/\/essenled.com\/tr\/urun\/top-view-ip67-1615mm-led-neon-flex-black\/","og_locale":"tr_TR","og_type":"article","og_title":"Top View IP67 16*15mm LED Neon Flex \u2013 Black T1615B","og_description":"Top View IP67 16*15mm LED Neon Flex \u2013 Black T1615B, with a special appearance black color. Available in single color\/tunable white\/RGB\/RGBW.","og_url":"https:\/\/essenled.com\/tr\/urun\/top-view-ip67-1615mm-led-neon-flex-black\/","og_site_name":"ESSENLED","article_modified_time":"2024-03-01T09:06:13+00:00","og_image":[{"width":800,"height":800,"url":"https:\/\/essenled.com\/wp-content\/uploads\/2024\/03\/1615-Black-Silicone-LED-Neon-Light.webp","type":"image\/webp"}],"twitter_card":"summary_large_image","twitter_misc":{"Tahmini okuma s\u00fcresi":"1 dakika"},"schema":{"@context":"https:\/\/schema.org","@graph":[{"@type":"WebPage","@id":"https:\/\/essenled.com\/product\/top-view-ip67-1615mm-led-neon-flex-black\/","url":"https:\/\/essenled.com\/product\/top-view-ip67-1615mm-led-neon-flex-black\/","name":"\u00dcstten G\u00f6r\u00fcn\u00fcm IP67 16*15mm LED Neon Flex - Siyah T1615B - ESSENLED","isPartOf":{"@id":"https:\/\/essenled.com\/#website"},"primaryImageOfPage":{"@id":"https:\/\/essenled.com\/product\/top-view-ip67-1615mm-led-neon-flex-black\/#primaryimage"},"image":{"@id":"https:\/\/essenled.com\/product\/top-view-ip67-1615mm-led-neon-flex-black\/#primaryimage"},"thumbnailUrl":"https:\/\/essenled.com\/wp-content\/uploads\/2024\/03\/1615-Black-Silicone-LED-Neon-Light.webp","datePublished":"2024-03-01T07:37:03+00:00","dateModified":"2024-03-01T09:06:13+00:00","description":"\u00dcstten G\u00f6r\u00fcn\u00fcm IP67 16*15mm LED Neon Flex - Siyah T1615B, \u00f6zel g\u00f6r\u00fcn\u00fcml\u00fc siyah renktedir. Tek renk\/ayarlanabilir beyaz\/RGB\/RGBW olarak mevcuttur.","breadcrumb":{"@id":"https:\/\/essenled.com\/product\/top-view-ip67-1615mm-led-neon-flex-black\/#breadcrumb"},"inLanguage":"tr","potentialAction":[{"@type":"ReadAction","target":["https:\/\/essenled.com\/product\/top-view-ip67-1615mm-led-neon-flex-black\/"]}]},{"@type":"ImageObject","inLanguage":"tr","@id":"https:\/\/essenled.com\/product\/top-view-ip67-1615mm-led-neon-flex-black\/#primaryimage","url":"https:\/\/essenled.com\/wp-content\/uploads\/2024\/03\/1615-Black-Silicone-LED-Neon-Light.webp","contentUrl":"https:\/\/essenled.com\/wp-content\/uploads\/2024\/03\/1615-Black-Silicone-LED-Neon-Light.webp","width":800,"height":800,"caption":"1615 Black Silicone LED Neon Light"},{"@type":"BreadcrumbList","@id":"https:\/\/essenled.com\/product\/top-view-ip67-1615mm-led-neon-flex-black\/#breadcrumb","itemListElement":[{"@type":"ListItem","position":1,"name":"Home","item":"https:\/\/essenled.com\/"},{"@type":"ListItem","position":2,"name":"Product","item":"https:\/\/essenled.com\/fr\/product\/"},{"@type":"ListItem","position":3,"name":"Top View IP67 16*15mm LED Neon Flex \u2013 Black T1615B"}]},{"@type":"WebSite","@id":"https:\/\/essenled.com\/#website","url":"https:\/\/essenled.com\/","name":"ESSENLED","description":"","publisher":{"@id":"https:\/\/essenled.com\/#organization"},"potentialAction":[{"@type":"SearchAction","target":{"@type":"EntryPoint","urlTemplate":"https:\/\/essenled.com\/?s={search_term_string}"},"query-input":{"@type":"PropertyValueSpecification","valueRequired":true,"valueName":"search_term_string"}}],"inLanguage":"tr"},{"@type":"Organization","@id":"https:\/\/essenled.com\/#organization","name":"ESSENLED","url":"https:\/\/essenled.com\/","logo":{"@type":"ImageObject","inLanguage":"tr","@id":"https:\/\/essenled.com\/#\/schema\/logo\/image\/","url":"https:\/\/essenled.com\/wp-content\/uploads\/2024\/01\/Essen-logo.png","contentUrl":"https:\/\/essenled.com\/wp-content\/uploads\/2024\/01\/Essen-logo.png","width":800,"height":110,"caption":"ESSENLED"},"image":{"@id":"https:\/\/essenled.com\/#\/schema\/logo\/image\/"}}]}},"_links":{"self":[{"href":"https:\/\/essenled.com\/tr\/wp-json\/wp\/v2\/product\/1613","targetHints":{"allow":["GET"]}}],"collection":[{"href":"https:\/\/essenled.com\/tr\/wp-json\/wp\/v2\/product"}],"about":[{"href":"https:\/\/essenled.com\/tr\/wp-json\/wp\/v2\/types\/product"}],"version-history":[{"count":2,"href":"https:\/\/essenled.com\/tr\/wp-json\/wp\/v2\/product\/1613\/revisions"}],"predecessor-version":[{"id":1624,"href":"https:\/\/essenled.com\/tr\/wp-json\/wp\/v2\/product\/1613\/revisions\/1624"}],"wp:featuredmedia":[{"embeddable":true,"href":"https:\/\/essenled.com\/tr\/wp-json\/wp\/v2\/media\/1615"}],"wp:attachment":[{"href":"https:\/\/essenled.com\/tr\/wp-json\/wp\/v2\/media?parent=1613"}],"wp:term":[{"taxonomy":"product_brand","embeddable":true,"href":"https:\/\/essenled.com\/tr\/wp-json\/wp\/v2\/product_brand?post=1613"},{"taxonomy":"product_cat","embeddable":true,"href":"https:\/\/essenled.com\/tr\/wp-json\/wp\/v2\/product_cat?post=1613"},{"taxonomy":"product_tag","embeddable":true,"href":"https:\/\/essenled.com\/tr\/wp-json\/wp\/v2\/product_tag?post=1613"}],"curies":[{"name":"wp","href":"https:\/\/api.w.org\/{rel}","templated":true}]}}