{"id":1604,"date":"2024-03-01T07:20:01","date_gmt":"2024-03-01T07:20:01","guid":{"rendered":"https:\/\/essenled.com\/?post_type=product&#038;p=1604"},"modified":"2024-03-01T07:20:02","modified_gmt":"2024-03-01T07:20:02","slug":"1615mm-ip67-side-view-led-silicone-neon-flex","status":"publish","type":"product","link":"https:\/\/essenled.com\/tr\/urun\/1615mm-ip67-side-view-led-silicone-neon-flex\/","title":{"rendered":"16*15mm IP67 Yandan G\u00f6r\u00fcn\u00fcm LED Silikon Neon Flex - S1615"},"content":{"rendered":"","protected":false},"excerpt":{"rendered":"<p>16*15mm IP67 Yan G\u00f6r\u00fcn\u00fcm LED Silikon Neon Flex - S1615, tek renk\/ayarlanabilir beyaz\/RGB olarak mevcuttur. Bu, tek tip ayd\u0131nlatma ile tek par\u00e7a halinde ekstr\u00fcde edilir.<\/p>\n<p>IP67 yan g\u00f6r\u00fcn\u00fcm LED neon flex S1615 5w\/m, 10w\/m ve 15w\/m'dir. Koruma seviyesi IP67'ye ula\u015f\u0131r, bu da uzun s\u00fcreli d\u0131\u015f mekan kullan\u0131m\u0131 i\u00e7in \u00e7ok uygundur ve sararmas\u0131 kolay de\u011fildir.<\/p>\n<p>Yandan g\u00f6r\u00fcn\u00fcm IP67 su ge\u00e7irmez 16*15mm LED Neon Flex. I\u015f\u0131k ge\u00e7irgenli\u011fi son derece y\u00fcksektir, g\u00fczel bir g\u00f6r\u00fcn\u00fcm ve d\u00fczg\u00fcn bir \u0131\u015f\u0131k sa\u011flar.<\/p>\n<p>Yan g\u00f6r\u00fcn\u00fcm LED neon flex IP67 su ge\u00e7irmez S1615, benzersiz bir optik yap\u0131 tasar\u0131m\u0131n\u0131 benimser; \u0131\u015f\u0131k herhangi bir g\u00f6lge olmadan bile. Kontur, i\u00e7 ve d\u0131\u015f dekoratif ayd\u0131nlatma ve di\u011fer sahneler i\u00e7in kullan\u0131labilir.<\/p>","protected":false},"featured_media":1607,"template":"","meta":{"_kad_post_transparent":"default","_kad_post_title":"","_kad_post_layout":"default","_kad_post_sidebar_id":"","_kad_post_content_style":"default","_kad_post_vertical_padding":"default","_kad_post_feature":"","_kad_post_feature_position":"","_kad_post_header":false,"_kad_post_footer":false,"_kad_post_classname":""},"product_brand":[],"product_cat":[39,42],"product_tag":[629,630,632,634,631,633],"class_list":{"0":"post-1604","1":"product","2":"type-product","3":"status-publish","4":"has-post-thumbnail","6":"product_cat-neon-strip","7":"product_cat-side-bend-neon-series","8":"product_tag-1615-side-view-led-neon-flex","9":"product_tag-1615-silicone-led-neon-light-side-bend","10":"product_tag-flexible-neon-strip-side-1615-dc24v","11":"product_tag-neon-strip-1615mm-side-view-24v","12":"product_tag-side-16x15mm-silicone-led-neon-flex","13":"product_tag-side-view-1615-rgbw-led-neon","15":"first","16":"instock","17":"shipping-taxable","18":"product-type-simple","19":"entry","20":"content-bg","21":"loop-entry"},"yoast_head":"<!-- This site is optimized with the Yoast SEO Premium plugin v24.3 (Yoast SEO v26.7) - https:\/\/yoast.com\/wordpress\/plugins\/seo\/ -->\n<title>16*15mm IP67 Side View LED Silicone Neon Flex \u2013 S1615 - ESSENLED<\/title>\n<meta name=\"description\" content=\"16*15mm IP67 Side View LED Silicone Neon Flex \u2013 S1615, single color\/tunable white\/RGB. This is extruded in one piece and uniform lighting.\" \/>\n<meta name=\"robots\" content=\"index, follow, max-snippet:-1, max-image-preview:large, max-video-preview:-1\" \/>\n<link rel=\"canonical\" href=\"https:\/\/essenled.com\/tr\/urun\/1615mm-ip67-side-view-led-silicone-neon-flex\/\" \/>\n<meta property=\"og:locale\" content=\"tr_TR\" \/>\n<meta property=\"og:type\" content=\"article\" \/>\n<meta property=\"og:title\" content=\"16*15mm IP67 Side View LED Silicone Neon Flex \u2013 S1615\" \/>\n<meta property=\"og:description\" content=\"16*15mm IP67 Side View LED Silicone Neon Flex \u2013 S1615, single color\/tunable white\/RGB. This is extruded in one piece and uniform lighting.\" \/>\n<meta property=\"og:url\" content=\"https:\/\/essenled.com\/tr\/urun\/1615mm-ip67-side-view-led-silicone-neon-flex\/\" \/>\n<meta property=\"og:site_name\" content=\"ESSENLED\" \/>\n<meta property=\"article:modified_time\" content=\"2024-03-01T07:20:02+00:00\" \/>\n<meta property=\"og:image\" content=\"https:\/\/essenled.com\/wp-content\/uploads\/2024\/03\/1615-Silicone-LED-Neon-Light-Side-Bend.webp\" \/>\n\t<meta property=\"og:image:width\" content=\"800\" \/>\n\t<meta property=\"og:image:height\" content=\"800\" \/>\n\t<meta property=\"og:image:type\" content=\"image\/webp\" \/>\n<meta name=\"twitter:card\" content=\"summary_large_image\" \/>\n<meta name=\"twitter:label1\" content=\"Tahmini okuma s\u00fcresi\" \/>\n\t<meta name=\"twitter:data1\" content=\"1 dakika\" \/>\n<script type=\"application\/ld+json\" class=\"yoast-schema-graph\">{\"@context\":\"https:\/\/schema.org\",\"@graph\":[{\"@type\":\"WebPage\",\"@id\":\"https:\/\/essenled.com\/product\/1615mm-ip67-side-view-led-silicone-neon-flex\/\",\"url\":\"https:\/\/essenled.com\/product\/1615mm-ip67-side-view-led-silicone-neon-flex\/\",\"name\":\"16*15mm IP67 Side View LED Silicone Neon Flex \u2013 S1615 - ESSENLED\",\"isPartOf\":{\"@id\":\"https:\/\/essenled.com\/#website\"},\"primaryImageOfPage\":{\"@id\":\"https:\/\/essenled.com\/product\/1615mm-ip67-side-view-led-silicone-neon-flex\/#primaryimage\"},\"image\":{\"@id\":\"https:\/\/essenled.com\/product\/1615mm-ip67-side-view-led-silicone-neon-flex\/#primaryimage\"},\"thumbnailUrl\":\"https:\/\/essenled.com\/wp-content\/uploads\/2024\/03\/1615-Silicone-LED-Neon-Light-Side-Bend.webp\",\"datePublished\":\"2024-03-01T07:20:01+00:00\",\"dateModified\":\"2024-03-01T07:20:02+00:00\",\"description\":\"16*15mm IP67 Side View LED Silicone Neon Flex \u2013 S1615, single color\/tunable white\/RGB. This is extruded in one piece and uniform lighting.\",\"breadcrumb\":{\"@id\":\"https:\/\/essenled.com\/product\/1615mm-ip67-side-view-led-silicone-neon-flex\/#breadcrumb\"},\"inLanguage\":\"tr\",\"potentialAction\":[{\"@type\":\"ReadAction\",\"target\":[\"https:\/\/essenled.com\/product\/1615mm-ip67-side-view-led-silicone-neon-flex\/\"]}]},{\"@type\":\"ImageObject\",\"inLanguage\":\"tr\",\"@id\":\"https:\/\/essenled.com\/product\/1615mm-ip67-side-view-led-silicone-neon-flex\/#primaryimage\",\"url\":\"https:\/\/essenled.com\/wp-content\/uploads\/2024\/03\/1615-Silicone-LED-Neon-Light-Side-Bend.webp\",\"contentUrl\":\"https:\/\/essenled.com\/wp-content\/uploads\/2024\/03\/1615-Silicone-LED-Neon-Light-Side-Bend.webp\",\"width\":800,\"height\":800,\"caption\":\"1615 Silicone LED Neon Light Side Bend\"},{\"@type\":\"BreadcrumbList\",\"@id\":\"https:\/\/essenled.com\/product\/1615mm-ip67-side-view-led-silicone-neon-flex\/#breadcrumb\",\"itemListElement\":[{\"@type\":\"ListItem\",\"position\":1,\"name\":\"Home\",\"item\":\"https:\/\/essenled.com\/\"},{\"@type\":\"ListItem\",\"position\":2,\"name\":\"Product\",\"item\":\"https:\/\/essenled.com\/fr\/product\/\"},{\"@type\":\"ListItem\",\"position\":3,\"name\":\"16*15mm IP67 Side View LED Silicone Neon Flex \u2013 S1615\"}]},{\"@type\":\"WebSite\",\"@id\":\"https:\/\/essenled.com\/#website\",\"url\":\"https:\/\/essenled.com\/\",\"name\":\"ESSENLED\",\"description\":\"\",\"publisher\":{\"@id\":\"https:\/\/essenled.com\/#organization\"},\"potentialAction\":[{\"@type\":\"SearchAction\",\"target\":{\"@type\":\"EntryPoint\",\"urlTemplate\":\"https:\/\/essenled.com\/?s={search_term_string}\"},\"query-input\":{\"@type\":\"PropertyValueSpecification\",\"valueRequired\":true,\"valueName\":\"search_term_string\"}}],\"inLanguage\":\"tr\"},{\"@type\":\"Organization\",\"@id\":\"https:\/\/essenled.com\/#organization\",\"name\":\"ESSENLED\",\"url\":\"https:\/\/essenled.com\/\",\"logo\":{\"@type\":\"ImageObject\",\"inLanguage\":\"tr\",\"@id\":\"https:\/\/essenled.com\/#\/schema\/logo\/image\/\",\"url\":\"https:\/\/essenled.com\/wp-content\/uploads\/2024\/01\/Essen-logo.png\",\"contentUrl\":\"https:\/\/essenled.com\/wp-content\/uploads\/2024\/01\/Essen-logo.png\",\"width\":800,\"height\":110,\"caption\":\"ESSENLED\"},\"image\":{\"@id\":\"https:\/\/essenled.com\/#\/schema\/logo\/image\/\"}}]}<\/script>\n<!-- \/ Yoast SEO Premium plugin. -->","yoast_head_json":{"title":"16*15mm IP67 Yandan G\u00f6r\u00fcn\u00fcm LED Silikon Neon Flex - S1615 - ESSENLED","description":"16*15mm IP67 Yan G\u00f6r\u00fcn\u00fcm LED Silikon Neon Flex - S1615, tek renk\/ayarlanabilir beyaz\/RGB. Bu, tek par\u00e7a halinde ekstr\u00fcde edilir ve d\u00fczg\u00fcn ayd\u0131nlatma sa\u011flar.","robots":{"index":"index","follow":"follow","max-snippet":"max-snippet:-1","max-image-preview":"max-image-preview:large","max-video-preview":"max-video-preview:-1"},"canonical":"https:\/\/essenled.com\/tr\/urun\/1615mm-ip67-side-view-led-silicone-neon-flex\/","og_locale":"tr_TR","og_type":"article","og_title":"16*15mm IP67 Side View LED Silicone Neon Flex \u2013 S1615","og_description":"16*15mm IP67 Side View LED Silicone Neon Flex \u2013 S1615, single color\/tunable white\/RGB. This is extruded in one piece and uniform lighting.","og_url":"https:\/\/essenled.com\/tr\/urun\/1615mm-ip67-side-view-led-silicone-neon-flex\/","og_site_name":"ESSENLED","article_modified_time":"2024-03-01T07:20:02+00:00","og_image":[{"width":800,"height":800,"url":"https:\/\/essenled.com\/wp-content\/uploads\/2024\/03\/1615-Silicone-LED-Neon-Light-Side-Bend.webp","type":"image\/webp"}],"twitter_card":"summary_large_image","twitter_misc":{"Tahmini okuma s\u00fcresi":"1 dakika"},"schema":{"@context":"https:\/\/schema.org","@graph":[{"@type":"WebPage","@id":"https:\/\/essenled.com\/product\/1615mm-ip67-side-view-led-silicone-neon-flex\/","url":"https:\/\/essenled.com\/product\/1615mm-ip67-side-view-led-silicone-neon-flex\/","name":"16*15mm IP67 Yandan G\u00f6r\u00fcn\u00fcm LED Silikon Neon Flex - S1615 - ESSENLED","isPartOf":{"@id":"https:\/\/essenled.com\/#website"},"primaryImageOfPage":{"@id":"https:\/\/essenled.com\/product\/1615mm-ip67-side-view-led-silicone-neon-flex\/#primaryimage"},"image":{"@id":"https:\/\/essenled.com\/product\/1615mm-ip67-side-view-led-silicone-neon-flex\/#primaryimage"},"thumbnailUrl":"https:\/\/essenled.com\/wp-content\/uploads\/2024\/03\/1615-Silicone-LED-Neon-Light-Side-Bend.webp","datePublished":"2024-03-01T07:20:01+00:00","dateModified":"2024-03-01T07:20:02+00:00","description":"16*15mm IP67 Yan G\u00f6r\u00fcn\u00fcm LED Silikon Neon Flex - S1615, tek renk\/ayarlanabilir beyaz\/RGB. Bu, tek par\u00e7a halinde ekstr\u00fcde edilir ve d\u00fczg\u00fcn ayd\u0131nlatma sa\u011flar.","breadcrumb":{"@id":"https:\/\/essenled.com\/product\/1615mm-ip67-side-view-led-silicone-neon-flex\/#breadcrumb"},"inLanguage":"tr","potentialAction":[{"@type":"ReadAction","target":["https:\/\/essenled.com\/product\/1615mm-ip67-side-view-led-silicone-neon-flex\/"]}]},{"@type":"ImageObject","inLanguage":"tr","@id":"https:\/\/essenled.com\/product\/1615mm-ip67-side-view-led-silicone-neon-flex\/#primaryimage","url":"https:\/\/essenled.com\/wp-content\/uploads\/2024\/03\/1615-Silicone-LED-Neon-Light-Side-Bend.webp","contentUrl":"https:\/\/essenled.com\/wp-content\/uploads\/2024\/03\/1615-Silicone-LED-Neon-Light-Side-Bend.webp","width":800,"height":800,"caption":"1615 Silicone LED Neon Light Side Bend"},{"@type":"BreadcrumbList","@id":"https:\/\/essenled.com\/product\/1615mm-ip67-side-view-led-silicone-neon-flex\/#breadcrumb","itemListElement":[{"@type":"ListItem","position":1,"name":"Home","item":"https:\/\/essenled.com\/"},{"@type":"ListItem","position":2,"name":"Product","item":"https:\/\/essenled.com\/fr\/product\/"},{"@type":"ListItem","position":3,"name":"16*15mm IP67 Side View LED Silicone Neon Flex \u2013 S1615"}]},{"@type":"WebSite","@id":"https:\/\/essenled.com\/#website","url":"https:\/\/essenled.com\/","name":"ESSENLED","description":"","publisher":{"@id":"https:\/\/essenled.com\/#organization"},"potentialAction":[{"@type":"SearchAction","target":{"@type":"EntryPoint","urlTemplate":"https:\/\/essenled.com\/?s={search_term_string}"},"query-input":{"@type":"PropertyValueSpecification","valueRequired":true,"valueName":"search_term_string"}}],"inLanguage":"tr"},{"@type":"Organization","@id":"https:\/\/essenled.com\/#organization","name":"ESSENLED","url":"https:\/\/essenled.com\/","logo":{"@type":"ImageObject","inLanguage":"tr","@id":"https:\/\/essenled.com\/#\/schema\/logo\/image\/","url":"https:\/\/essenled.com\/wp-content\/uploads\/2024\/01\/Essen-logo.png","contentUrl":"https:\/\/essenled.com\/wp-content\/uploads\/2024\/01\/Essen-logo.png","width":800,"height":110,"caption":"ESSENLED"},"image":{"@id":"https:\/\/essenled.com\/#\/schema\/logo\/image\/"}}]}},"_links":{"self":[{"href":"https:\/\/essenled.com\/tr\/wp-json\/wp\/v2\/product\/1604","targetHints":{"allow":["GET"]}}],"collection":[{"href":"https:\/\/essenled.com\/tr\/wp-json\/wp\/v2\/product"}],"about":[{"href":"https:\/\/essenled.com\/tr\/wp-json\/wp\/v2\/types\/product"}],"version-history":[{"count":1,"href":"https:\/\/essenled.com\/tr\/wp-json\/wp\/v2\/product\/1604\/revisions"}],"predecessor-version":[{"id":1612,"href":"https:\/\/essenled.com\/tr\/wp-json\/wp\/v2\/product\/1604\/revisions\/1612"}],"wp:featuredmedia":[{"embeddable":true,"href":"https:\/\/essenled.com\/tr\/wp-json\/wp\/v2\/media\/1607"}],"wp:attachment":[{"href":"https:\/\/essenled.com\/tr\/wp-json\/wp\/v2\/media?parent=1604"}],"wp:term":[{"taxonomy":"product_brand","embeddable":true,"href":"https:\/\/essenled.com\/tr\/wp-json\/wp\/v2\/product_brand?post=1604"},{"taxonomy":"product_cat","embeddable":true,"href":"https:\/\/essenled.com\/tr\/wp-json\/wp\/v2\/product_cat?post=1604"},{"taxonomy":"product_tag","embeddable":true,"href":"https:\/\/essenled.com\/tr\/wp-json\/wp\/v2\/product_tag?post=1604"}],"curies":[{"name":"wp","href":"https:\/\/api.w.org\/{rel}","templated":true}]}}