{"id":1522,"date":"2024-03-01T02:00:58","date_gmt":"2024-03-01T02:00:58","guid":{"rendered":"https:\/\/essenled.com\/?post_type=product&#038;p=1522"},"modified":"2024-03-04T12:08:09","modified_gmt":"2024-03-04T12:08:09","slug":"addressable-dmx512-spi-pixel-led-silicone-neon-flex","status":"publish","type":"product","link":"https:\/\/essenled.com\/tr\/urun\/addressable-dmx512-spi-pixel-led-silicone-neon-flex\/","title":{"rendered":"Adreslenebilir DMX512&amp;SPI Piksel LED Silikon Neon Flex"},"content":{"rendered":"","protected":false},"excerpt":{"rendered":"<p>Adreslenebilir DMX512&amp;SPI piksel LED silikon neon flex<br \/>\nher bir LED segmentinin ayr\u0131 ayr\u0131 kontrol edilmesini sa\u011flayan bir LED Neon Flex olan DMX512 ve SPI Neon Flex'i yarat\u0131r. Ayd\u0131nlatma projelerinde daha fazla \u00f6zelle\u015ftirme ve \u00e7ok y\u00f6nl\u00fcl\u00fck sa\u011flayacakt\u0131r.<\/p>\n<p>DMX512 LED neon flex, sahne, mimari ayd\u0131nlatma, m\u00fczik ve etkinlik ayd\u0131nlatmas\u0131 ve dinamik, \u00f6zelle\u015ftirilebilir ayd\u0131nlatma gibi uygulamalarda giderek daha pop\u00fcler hale gelmektedir.<\/p>\n<p>SPI LED neon flex, LED Flex Neon'un enerji verimlili\u011fi ve dayan\u0131kl\u0131l\u0131k avantajlar\u0131n\u0131 sunarken, her bir LED'in hassas kontrol\u00fcne ve \u00e7arp\u0131c\u0131 ayd\u0131nlatma efektlerine olanak tan\u0131r.<\/p>\n<p>DMX512&amp;SPI LED neon flex, \u00e7e\u015fitli renkleri, desenleri ve efektleri g\u00f6r\u00fcnt\u00fclemek i\u00e7in programlayabilece\u011finiz birden fazla ayr\u0131 LED i\u00e7erir. Ayr\u0131ca m\u00fczik, video veya di\u011fer harici kaynaklarla senkronize dinamik \u0131\u015f\u0131k g\u00f6sterileri olu\u015fturmak da m\u00fcmk\u00fcnd\u00fcr.<\/p>","protected":false},"featured_media":1527,"template":"","meta":{"_kad_post_transparent":"default","_kad_post_title":"","_kad_post_layout":"default","_kad_post_sidebar_id":"","_kad_post_content_style":"default","_kad_post_vertical_padding":"default","_kad_post_feature":"","_kad_post_feature_position":"","_kad_post_header":false,"_kad_post_footer":false,"_kad_post_classname":""},"product_brand":[],"product_cat":[45,39],"product_tag":[578,580,579,576,581,577],"class_list":{"0":"post-1522","1":"product","2":"type-product","3":"status-publish","4":"has-post-thumbnail","6":"product_cat-dmx512-spl-neon-series","7":"product_cat-neon-strip","8":"product_tag-24v-dmx512spi-led-neon-flex","9":"product_tag-addressable-neon-flex","10":"product_tag-dmx512-pixel-neon-flex","11":"product_tag-neon-rgb-led-neon-dmx512","12":"product_tag-outdoor-flexible-silicone-led-neon","13":"product_tag-silicone-neon-strip-dmx512-neon-light","15":"first","16":"instock","17":"featured","18":"shipping-taxable","19":"product-type-simple","20":"entry","21":"content-bg","22":"loop-entry"},"yoast_head":"<!-- This site is optimized with the Yoast SEO Premium plugin v24.3 (Yoast SEO v26.7) - https:\/\/yoast.com\/wordpress\/plugins\/seo\/ -->\n<title>Addressable DMX512&amp;SPI Pixel LED Silicone Neon Flex - ESSENLED<\/title>\n<meta name=\"description\" content=\"The addressable DMX512&amp;SPI pixel LED silicone neon flex creates the DMX512 and SPI, allowing each LED segment to be controlled individually.\" \/>\n<meta name=\"robots\" content=\"index, follow, max-snippet:-1, max-image-preview:large, max-video-preview:-1\" \/>\n<link rel=\"canonical\" href=\"https:\/\/essenled.com\/tr\/urun\/addressable-dmx512-spi-pixel-led-silicone-neon-flex\/\" \/>\n<meta property=\"og:locale\" content=\"tr_TR\" \/>\n<meta property=\"og:type\" content=\"article\" \/>\n<meta property=\"og:title\" content=\"Addressable DMX512&amp;SPI Pixel LED Silicone Neon Flex\" \/>\n<meta property=\"og:description\" content=\"The addressable DMX512&amp;SPI pixel LED silicone neon flex creates the DMX512 and SPI, allowing each LED segment to be controlled individually.\" \/>\n<meta property=\"og:url\" content=\"https:\/\/essenled.com\/tr\/urun\/addressable-dmx512-spi-pixel-led-silicone-neon-flex\/\" \/>\n<meta property=\"og:site_name\" content=\"ESSENLED\" \/>\n<meta property=\"article:modified_time\" content=\"2024-03-04T12:08:09+00:00\" \/>\n<meta property=\"og:image\" content=\"https:\/\/essenled.com\/wp-content\/uploads\/2024\/03\/Neon-Rgb-Led-Neon-Dmx512.webp\" \/>\n\t<meta property=\"og:image:width\" content=\"800\" \/>\n\t<meta property=\"og:image:height\" content=\"800\" \/>\n\t<meta property=\"og:image:type\" content=\"image\/webp\" \/>\n<meta name=\"twitter:card\" content=\"summary_large_image\" \/>\n<meta name=\"twitter:label1\" content=\"Tahmini okuma s\u00fcresi\" \/>\n\t<meta name=\"twitter:data1\" content=\"1 dakika\" \/>\n<script type=\"application\/ld+json\" class=\"yoast-schema-graph\">{\"@context\":\"https:\/\/schema.org\",\"@graph\":[{\"@type\":\"WebPage\",\"@id\":\"https:\/\/essenled.com\/product\/addressable-dmx512-spi-pixel-led-silicone-neon-flex\/\",\"url\":\"https:\/\/essenled.com\/product\/addressable-dmx512-spi-pixel-led-silicone-neon-flex\/\",\"name\":\"Addressable DMX512&SPI Pixel LED Silicone Neon Flex - ESSENLED\",\"isPartOf\":{\"@id\":\"https:\/\/essenled.com\/#website\"},\"primaryImageOfPage\":{\"@id\":\"https:\/\/essenled.com\/product\/addressable-dmx512-spi-pixel-led-silicone-neon-flex\/#primaryimage\"},\"image\":{\"@id\":\"https:\/\/essenled.com\/product\/addressable-dmx512-spi-pixel-led-silicone-neon-flex\/#primaryimage\"},\"thumbnailUrl\":\"https:\/\/essenled.com\/wp-content\/uploads\/2024\/03\/Neon-Rgb-Led-Neon-Dmx512.webp\",\"datePublished\":\"2024-03-01T02:00:58+00:00\",\"dateModified\":\"2024-03-04T12:08:09+00:00\",\"description\":\"The addressable DMX512&SPI pixel LED silicone neon flex creates the DMX512 and SPI, allowing each LED segment to be controlled individually.\",\"breadcrumb\":{\"@id\":\"https:\/\/essenled.com\/product\/addressable-dmx512-spi-pixel-led-silicone-neon-flex\/#breadcrumb\"},\"inLanguage\":\"tr\",\"potentialAction\":[{\"@type\":\"ReadAction\",\"target\":[\"https:\/\/essenled.com\/product\/addressable-dmx512-spi-pixel-led-silicone-neon-flex\/\"]}]},{\"@type\":\"ImageObject\",\"inLanguage\":\"tr\",\"@id\":\"https:\/\/essenled.com\/product\/addressable-dmx512-spi-pixel-led-silicone-neon-flex\/#primaryimage\",\"url\":\"https:\/\/essenled.com\/wp-content\/uploads\/2024\/03\/Neon-Rgb-Led-Neon-Dmx512.webp\",\"contentUrl\":\"https:\/\/essenled.com\/wp-content\/uploads\/2024\/03\/Neon-Rgb-Led-Neon-Dmx512.webp\",\"width\":800,\"height\":800,\"caption\":\"Neon Rgb Led Neon Dmx512\"},{\"@type\":\"BreadcrumbList\",\"@id\":\"https:\/\/essenled.com\/product\/addressable-dmx512-spi-pixel-led-silicone-neon-flex\/#breadcrumb\",\"itemListElement\":[{\"@type\":\"ListItem\",\"position\":1,\"name\":\"Home\",\"item\":\"https:\/\/essenled.com\/\"},{\"@type\":\"ListItem\",\"position\":2,\"name\":\"Product\",\"item\":\"https:\/\/essenled.com\/fr\/product\/\"},{\"@type\":\"ListItem\",\"position\":3,\"name\":\"Addressable DMX512&#038;SPI Pixel LED Silicone Neon Flex\"}]},{\"@type\":\"WebSite\",\"@id\":\"https:\/\/essenled.com\/#website\",\"url\":\"https:\/\/essenled.com\/\",\"name\":\"ESSENLED\",\"description\":\"\",\"publisher\":{\"@id\":\"https:\/\/essenled.com\/#organization\"},\"potentialAction\":[{\"@type\":\"SearchAction\",\"target\":{\"@type\":\"EntryPoint\",\"urlTemplate\":\"https:\/\/essenled.com\/?s={search_term_string}\"},\"query-input\":{\"@type\":\"PropertyValueSpecification\",\"valueRequired\":true,\"valueName\":\"search_term_string\"}}],\"inLanguage\":\"tr\"},{\"@type\":\"Organization\",\"@id\":\"https:\/\/essenled.com\/#organization\",\"name\":\"ESSENLED\",\"url\":\"https:\/\/essenled.com\/\",\"logo\":{\"@type\":\"ImageObject\",\"inLanguage\":\"tr\",\"@id\":\"https:\/\/essenled.com\/#\/schema\/logo\/image\/\",\"url\":\"https:\/\/essenled.com\/wp-content\/uploads\/2024\/01\/Essen-logo.png\",\"contentUrl\":\"https:\/\/essenled.com\/wp-content\/uploads\/2024\/01\/Essen-logo.png\",\"width\":800,\"height\":110,\"caption\":\"ESSENLED\"},\"image\":{\"@id\":\"https:\/\/essenled.com\/#\/schema\/logo\/image\/\"}}]}<\/script>\n<!-- \/ Yoast SEO Premium plugin. -->","yoast_head_json":{"title":"Adreslenebilir DMX512&amp;SPI Piksel LED Silikon Neon Flex - ESSENLED","description":"Adreslenebilir DMX512&amp;SPI piksel LED silikon neon flex, DMX512 ve SPI olu\u015fturarak her LED segmentinin ayr\u0131 ayr\u0131 kontrol edilmesini sa\u011flar.","robots":{"index":"index","follow":"follow","max-snippet":"max-snippet:-1","max-image-preview":"max-image-preview:large","max-video-preview":"max-video-preview:-1"},"canonical":"https:\/\/essenled.com\/tr\/urun\/addressable-dmx512-spi-pixel-led-silicone-neon-flex\/","og_locale":"tr_TR","og_type":"article","og_title":"Addressable DMX512&SPI Pixel LED Silicone Neon Flex","og_description":"The addressable DMX512&SPI pixel LED silicone neon flex creates the DMX512 and SPI, allowing each LED segment to be controlled individually.","og_url":"https:\/\/essenled.com\/tr\/urun\/addressable-dmx512-spi-pixel-led-silicone-neon-flex\/","og_site_name":"ESSENLED","article_modified_time":"2024-03-04T12:08:09+00:00","og_image":[{"width":800,"height":800,"url":"https:\/\/essenled.com\/wp-content\/uploads\/2024\/03\/Neon-Rgb-Led-Neon-Dmx512.webp","type":"image\/webp"}],"twitter_card":"summary_large_image","twitter_misc":{"Tahmini okuma s\u00fcresi":"1 dakika"},"schema":{"@context":"https:\/\/schema.org","@graph":[{"@type":"WebPage","@id":"https:\/\/essenled.com\/product\/addressable-dmx512-spi-pixel-led-silicone-neon-flex\/","url":"https:\/\/essenled.com\/product\/addressable-dmx512-spi-pixel-led-silicone-neon-flex\/","name":"Adreslenebilir DMX512&amp;SPI Piksel LED Silikon Neon Flex - ESSENLED","isPartOf":{"@id":"https:\/\/essenled.com\/#website"},"primaryImageOfPage":{"@id":"https:\/\/essenled.com\/product\/addressable-dmx512-spi-pixel-led-silicone-neon-flex\/#primaryimage"},"image":{"@id":"https:\/\/essenled.com\/product\/addressable-dmx512-spi-pixel-led-silicone-neon-flex\/#primaryimage"},"thumbnailUrl":"https:\/\/essenled.com\/wp-content\/uploads\/2024\/03\/Neon-Rgb-Led-Neon-Dmx512.webp","datePublished":"2024-03-01T02:00:58+00:00","dateModified":"2024-03-04T12:08:09+00:00","description":"Adreslenebilir DMX512&amp;SPI piksel LED silikon neon flex, DMX512 ve SPI olu\u015fturarak her LED segmentinin ayr\u0131 ayr\u0131 kontrol edilmesini sa\u011flar.","breadcrumb":{"@id":"https:\/\/essenled.com\/product\/addressable-dmx512-spi-pixel-led-silicone-neon-flex\/#breadcrumb"},"inLanguage":"tr","potentialAction":[{"@type":"ReadAction","target":["https:\/\/essenled.com\/product\/addressable-dmx512-spi-pixel-led-silicone-neon-flex\/"]}]},{"@type":"ImageObject","inLanguage":"tr","@id":"https:\/\/essenled.com\/product\/addressable-dmx512-spi-pixel-led-silicone-neon-flex\/#primaryimage","url":"https:\/\/essenled.com\/wp-content\/uploads\/2024\/03\/Neon-Rgb-Led-Neon-Dmx512.webp","contentUrl":"https:\/\/essenled.com\/wp-content\/uploads\/2024\/03\/Neon-Rgb-Led-Neon-Dmx512.webp","width":800,"height":800,"caption":"Neon Rgb Led Neon Dmx512"},{"@type":"BreadcrumbList","@id":"https:\/\/essenled.com\/product\/addressable-dmx512-spi-pixel-led-silicone-neon-flex\/#breadcrumb","itemListElement":[{"@type":"ListItem","position":1,"name":"Home","item":"https:\/\/essenled.com\/"},{"@type":"ListItem","position":2,"name":"Product","item":"https:\/\/essenled.com\/fr\/product\/"},{"@type":"ListItem","position":3,"name":"Addressable DMX512&#038;SPI Pixel LED Silicone Neon Flex"}]},{"@type":"WebSite","@id":"https:\/\/essenled.com\/#website","url":"https:\/\/essenled.com\/","name":"ESSENLED","description":"","publisher":{"@id":"https:\/\/essenled.com\/#organization"},"potentialAction":[{"@type":"SearchAction","target":{"@type":"EntryPoint","urlTemplate":"https:\/\/essenled.com\/?s={search_term_string}"},"query-input":{"@type":"PropertyValueSpecification","valueRequired":true,"valueName":"search_term_string"}}],"inLanguage":"tr"},{"@type":"Organization","@id":"https:\/\/essenled.com\/#organization","name":"ESSENLED","url":"https:\/\/essenled.com\/","logo":{"@type":"ImageObject","inLanguage":"tr","@id":"https:\/\/essenled.com\/#\/schema\/logo\/image\/","url":"https:\/\/essenled.com\/wp-content\/uploads\/2024\/01\/Essen-logo.png","contentUrl":"https:\/\/essenled.com\/wp-content\/uploads\/2024\/01\/Essen-logo.png","width":800,"height":110,"caption":"ESSENLED"},"image":{"@id":"https:\/\/essenled.com\/#\/schema\/logo\/image\/"}}]}},"_links":{"self":[{"href":"https:\/\/essenled.com\/tr\/wp-json\/wp\/v2\/product\/1522","targetHints":{"allow":["GET"]}}],"collection":[{"href":"https:\/\/essenled.com\/tr\/wp-json\/wp\/v2\/product"}],"about":[{"href":"https:\/\/essenled.com\/tr\/wp-json\/wp\/v2\/types\/product"}],"version-history":[{"count":1,"href":"https:\/\/essenled.com\/tr\/wp-json\/wp\/v2\/product\/1522\/revisions"}],"predecessor-version":[{"id":1529,"href":"https:\/\/essenled.com\/tr\/wp-json\/wp\/v2\/product\/1522\/revisions\/1529"}],"wp:featuredmedia":[{"embeddable":true,"href":"https:\/\/essenled.com\/tr\/wp-json\/wp\/v2\/media\/1527"}],"wp:attachment":[{"href":"https:\/\/essenled.com\/tr\/wp-json\/wp\/v2\/media?parent=1522"}],"wp:term":[{"taxonomy":"product_brand","embeddable":true,"href":"https:\/\/essenled.com\/tr\/wp-json\/wp\/v2\/product_brand?post=1522"},{"taxonomy":"product_cat","embeddable":true,"href":"https:\/\/essenled.com\/tr\/wp-json\/wp\/v2\/product_cat?post=1522"},{"taxonomy":"product_tag","embeddable":true,"href":"https:\/\/essenled.com\/tr\/wp-json\/wp\/v2\/product_tag?post=1522"}],"curies":[{"name":"wp","href":"https:\/\/api.w.org\/{rel}","templated":true}]}}