{"id":1513,"date":"2024-03-01T01:38:20","date_gmt":"2024-03-01T01:38:20","guid":{"rendered":"https:\/\/essenled.com\/?post_type=product&#038;p=1513"},"modified":"2024-03-01T01:38:21","modified_gmt":"2024-03-01T01:38:21","slug":"ip68-silicone-side-view-led-neon-flex-swimming-pool-s1220","status":"publish","type":"product","link":"https:\/\/essenled.com\/tr\/urun\/ip68-silicone-side-view-led-neon-flex-swimming-pool-s1220\/","title":{"rendered":"IP68 Silikon Yandan G\u00f6r\u00fcn\u00fcm LED Neon Flex Y\u00fczme Havuzu - S1220"},"content":{"rendered":"","protected":false},"excerpt":{"rendered":"<p>IP68 silikon yan g\u00f6r\u00fcn\u00fcm LED neon flex y\u00fczme havuzu - S1220, 12 * 20mm boyutlar\u0131nda \u00fcstten g\u00f6r\u00fcn\u00fcml\u00fc bir neon t\u00fcpt\u00fcr. y\u00fczme havuzu suyu gibi su LED neon flex alt\u0131na kurulum i\u00e7in \u00f6zel olarak tasarlanm\u0131\u015ft\u0131r.<\/p>\n<p>IP68 silikon LED neon esnek y\u00fczme havuzu S1220 g\u00fcc\u00fc 10w \/ m'de. \u00c7e\u015fitli a\u00e7\u0131k renklerde mevcuttur ve ayr\u0131ca \u00f6zel renkler ve uzunluklar, tek renk, ayarlanabilir beyaz, RGB vb.<\/p>\n<p>LED neon esnek y\u00fczme havuzlar\u0131 IP68 su ge\u00e7irmezlik derecesine sahiptir, suya ve toza kar\u015f\u0131 en y\u00fcksek koruma seviyesidir, son derece y\u00fcksek bir su direncine sahiptirler. Ve suya ve di\u011fer kimyasal elementlere uzun s\u00fcre maruz kalmaya dayanmalar\u0131 gerekir.<\/p>\n<p>IP68 silikon neon flex, y\u00fczme havuzuna \u015f\u0131k ve \u00e7a\u011fda\u015f bir g\u00f6r\u00fcn\u00fcm katarken ayn\u0131 zamanda renkli ve enerji tasarruflu bir ayd\u0131nlatma \u00e7\u00f6z\u00fcm\u00fc sa\u011flar.<\/p>","protected":false},"featured_media":1520,"template":"","meta":{"_kad_post_transparent":"default","_kad_post_title":"","_kad_post_layout":"default","_kad_post_sidebar_id":"","_kad_post_content_style":"default","_kad_post_vertical_padding":"default","_kad_post_feature":"","_kad_post_feature_position":"","_kad_post_header":false,"_kad_post_footer":false,"_kad_post_classname":""},"product_brand":[],"product_cat":[44,39],"product_tag":[574,570,571,575,573,572],"class_list":{"0":"post-1513","1":"product","2":"type-product","3":"status-publish","4":"has-post-thumbnail","6":"product_cat-ip68-silicone-neon-series","7":"product_cat-neon-strip","8":"product_tag-ip68-led-strip-neon-lights-for-swimming-pool","9":"product_tag-ip68-neon-light-outdoor-lighting","10":"product_tag-ip68-silicone-neon-flex","11":"product_tag-neon-flex-swimming-pool-lights","12":"product_tag-pool-rated-ip68-neon-rgb","13":"product_tag-swimming-pool-ip68-neon-rgb-underwater","15":"first","16":"instock","17":"shipping-taxable","18":"product-type-simple","19":"entry","20":"content-bg","21":"loop-entry"},"yoast_head":"<!-- This site is optimized with the Yoast SEO Premium plugin v24.3 (Yoast SEO v26.7) - https:\/\/yoast.com\/wordpress\/plugins\/seo\/ -->\n<title>IP68 Silicone Side View LED Neon Flex Swimming Pool \u2013 S1220 - ESSENLED<\/title>\n<meta name=\"description\" content=\"IP68 silicone side view LED neon flex swimming pool - S1220, a top view neon tube with a size of 12*20mm. designed for swimming pool water.\" \/>\n<meta name=\"robots\" content=\"index, follow, max-snippet:-1, max-image-preview:large, max-video-preview:-1\" \/>\n<link rel=\"canonical\" href=\"https:\/\/essenled.com\/tr\/urun\/ip68-silicone-side-view-led-neon-flex-swimming-pool-s1220\/\" \/>\n<meta property=\"og:locale\" content=\"tr_TR\" \/>\n<meta property=\"og:type\" content=\"article\" \/>\n<meta property=\"og:title\" content=\"IP68 Silicone Side View LED Neon Flex Swimming Pool \u2013 S1220\" \/>\n<meta property=\"og:description\" content=\"IP68 silicone side view LED neon flex swimming pool - S1220, a top view neon tube with a size of 12*20mm. designed for swimming pool water.\" \/>\n<meta property=\"og:url\" content=\"https:\/\/essenled.com\/tr\/urun\/ip68-silicone-side-view-led-neon-flex-swimming-pool-s1220\/\" \/>\n<meta property=\"og:site_name\" content=\"ESSENLED\" \/>\n<meta property=\"article:modified_time\" content=\"2024-03-01T01:38:21+00:00\" \/>\n<meta property=\"og:image\" content=\"https:\/\/essenled.com\/wp-content\/uploads\/2024\/03\/Swimming-Pool-IP68-Waterproof-Sideview-Neon-Fle.webp\" \/>\n\t<meta property=\"og:image:width\" content=\"800\" \/>\n\t<meta property=\"og:image:height\" content=\"800\" \/>\n\t<meta property=\"og:image:type\" content=\"image\/webp\" \/>\n<meta name=\"twitter:card\" content=\"summary_large_image\" \/>\n<meta name=\"twitter:label1\" content=\"Tahmini okuma s\u00fcresi\" \/>\n\t<meta name=\"twitter:data1\" content=\"1 dakika\" \/>\n<script type=\"application\/ld+json\" class=\"yoast-schema-graph\">{\"@context\":\"https:\/\/schema.org\",\"@graph\":[{\"@type\":\"WebPage\",\"@id\":\"https:\/\/essenled.com\/product\/ip68-silicone-side-view-led-neon-flex-swimming-pool-s1220\/\",\"url\":\"https:\/\/essenled.com\/product\/ip68-silicone-side-view-led-neon-flex-swimming-pool-s1220\/\",\"name\":\"IP68 Silicone Side View LED Neon Flex Swimming Pool \u2013 S1220 - ESSENLED\",\"isPartOf\":{\"@id\":\"https:\/\/essenled.com\/#website\"},\"primaryImageOfPage\":{\"@id\":\"https:\/\/essenled.com\/product\/ip68-silicone-side-view-led-neon-flex-swimming-pool-s1220\/#primaryimage\"},\"image\":{\"@id\":\"https:\/\/essenled.com\/product\/ip68-silicone-side-view-led-neon-flex-swimming-pool-s1220\/#primaryimage\"},\"thumbnailUrl\":\"https:\/\/essenled.com\/wp-content\/uploads\/2024\/03\/Swimming-Pool-IP68-Waterproof-Sideview-Neon-Fle.webp\",\"datePublished\":\"2024-03-01T01:38:20+00:00\",\"dateModified\":\"2024-03-01T01:38:21+00:00\",\"description\":\"IP68 silicone side view LED neon flex swimming pool - S1220, a top view neon tube with a size of 12*20mm. designed for swimming pool water.\",\"breadcrumb\":{\"@id\":\"https:\/\/essenled.com\/product\/ip68-silicone-side-view-led-neon-flex-swimming-pool-s1220\/#breadcrumb\"},\"inLanguage\":\"tr\",\"potentialAction\":[{\"@type\":\"ReadAction\",\"target\":[\"https:\/\/essenled.com\/product\/ip68-silicone-side-view-led-neon-flex-swimming-pool-s1220\/\"]}]},{\"@type\":\"ImageObject\",\"inLanguage\":\"tr\",\"@id\":\"https:\/\/essenled.com\/product\/ip68-silicone-side-view-led-neon-flex-swimming-pool-s1220\/#primaryimage\",\"url\":\"https:\/\/essenled.com\/wp-content\/uploads\/2024\/03\/Swimming-Pool-IP68-Waterproof-Sideview-Neon-Fle.webp\",\"contentUrl\":\"https:\/\/essenled.com\/wp-content\/uploads\/2024\/03\/Swimming-Pool-IP68-Waterproof-Sideview-Neon-Fle.webp\",\"width\":800,\"height\":800,\"caption\":\"Swimming Pool IP68 Waterproof Sideview Neon Fle\"},{\"@type\":\"BreadcrumbList\",\"@id\":\"https:\/\/essenled.com\/product\/ip68-silicone-side-view-led-neon-flex-swimming-pool-s1220\/#breadcrumb\",\"itemListElement\":[{\"@type\":\"ListItem\",\"position\":1,\"name\":\"Home\",\"item\":\"https:\/\/essenled.com\/\"},{\"@type\":\"ListItem\",\"position\":2,\"name\":\"Product\",\"item\":\"https:\/\/essenled.com\/fr\/product\/\"},{\"@type\":\"ListItem\",\"position\":3,\"name\":\"IP68 Silicone Side View LED Neon Flex Swimming Pool \u2013 S1220\"}]},{\"@type\":\"WebSite\",\"@id\":\"https:\/\/essenled.com\/#website\",\"url\":\"https:\/\/essenled.com\/\",\"name\":\"ESSENLED\",\"description\":\"\",\"publisher\":{\"@id\":\"https:\/\/essenled.com\/#organization\"},\"potentialAction\":[{\"@type\":\"SearchAction\",\"target\":{\"@type\":\"EntryPoint\",\"urlTemplate\":\"https:\/\/essenled.com\/?s={search_term_string}\"},\"query-input\":{\"@type\":\"PropertyValueSpecification\",\"valueRequired\":true,\"valueName\":\"search_term_string\"}}],\"inLanguage\":\"tr\"},{\"@type\":\"Organization\",\"@id\":\"https:\/\/essenled.com\/#organization\",\"name\":\"ESSENLED\",\"url\":\"https:\/\/essenled.com\/\",\"logo\":{\"@type\":\"ImageObject\",\"inLanguage\":\"tr\",\"@id\":\"https:\/\/essenled.com\/#\/schema\/logo\/image\/\",\"url\":\"https:\/\/essenled.com\/wp-content\/uploads\/2024\/01\/Essen-logo.png\",\"contentUrl\":\"https:\/\/essenled.com\/wp-content\/uploads\/2024\/01\/Essen-logo.png\",\"width\":800,\"height\":110,\"caption\":\"ESSENLED\"},\"image\":{\"@id\":\"https:\/\/essenled.com\/#\/schema\/logo\/image\/\"}}]}<\/script>\n<!-- \/ Yoast SEO Premium plugin. -->","yoast_head_json":{"title":"IP68 Silikon Yan G\u00f6r\u00fcn\u00fcm LED Neon Flex Y\u00fczme Havuzu - S1220 - ESSENLED","description":"IP68 silikon yan g\u00f6r\u00fcn\u00fcm LED neon flex y\u00fczme havuzu - S1220, 12 * 20mm boyutunda \u00fcstten g\u00f6r\u00fcn\u00fcml\u00fc bir neon t\u00fcp. y\u00fczme havuzu suyu i\u00e7in tasarlanm\u0131\u015ft\u0131r.","robots":{"index":"index","follow":"follow","max-snippet":"max-snippet:-1","max-image-preview":"max-image-preview:large","max-video-preview":"max-video-preview:-1"},"canonical":"https:\/\/essenled.com\/tr\/urun\/ip68-silicone-side-view-led-neon-flex-swimming-pool-s1220\/","og_locale":"tr_TR","og_type":"article","og_title":"IP68 Silicone Side View LED Neon Flex Swimming Pool \u2013 S1220","og_description":"IP68 silicone side view LED neon flex swimming pool - S1220, a top view neon tube with a size of 12*20mm. designed for swimming pool water.","og_url":"https:\/\/essenled.com\/tr\/urun\/ip68-silicone-side-view-led-neon-flex-swimming-pool-s1220\/","og_site_name":"ESSENLED","article_modified_time":"2024-03-01T01:38:21+00:00","og_image":[{"width":800,"height":800,"url":"https:\/\/essenled.com\/wp-content\/uploads\/2024\/03\/Swimming-Pool-IP68-Waterproof-Sideview-Neon-Fle.webp","type":"image\/webp"}],"twitter_card":"summary_large_image","twitter_misc":{"Tahmini okuma s\u00fcresi":"1 dakika"},"schema":{"@context":"https:\/\/schema.org","@graph":[{"@type":"WebPage","@id":"https:\/\/essenled.com\/product\/ip68-silicone-side-view-led-neon-flex-swimming-pool-s1220\/","url":"https:\/\/essenled.com\/product\/ip68-silicone-side-view-led-neon-flex-swimming-pool-s1220\/","name":"IP68 Silikon Yan G\u00f6r\u00fcn\u00fcm LED Neon Flex Y\u00fczme Havuzu - S1220 - ESSENLED","isPartOf":{"@id":"https:\/\/essenled.com\/#website"},"primaryImageOfPage":{"@id":"https:\/\/essenled.com\/product\/ip68-silicone-side-view-led-neon-flex-swimming-pool-s1220\/#primaryimage"},"image":{"@id":"https:\/\/essenled.com\/product\/ip68-silicone-side-view-led-neon-flex-swimming-pool-s1220\/#primaryimage"},"thumbnailUrl":"https:\/\/essenled.com\/wp-content\/uploads\/2024\/03\/Swimming-Pool-IP68-Waterproof-Sideview-Neon-Fle.webp","datePublished":"2024-03-01T01:38:20+00:00","dateModified":"2024-03-01T01:38:21+00:00","description":"IP68 silikon yan g\u00f6r\u00fcn\u00fcm LED neon flex y\u00fczme havuzu - S1220, 12 * 20mm boyutunda \u00fcstten g\u00f6r\u00fcn\u00fcml\u00fc bir neon t\u00fcp. y\u00fczme havuzu suyu i\u00e7in tasarlanm\u0131\u015ft\u0131r.","breadcrumb":{"@id":"https:\/\/essenled.com\/product\/ip68-silicone-side-view-led-neon-flex-swimming-pool-s1220\/#breadcrumb"},"inLanguage":"tr","potentialAction":[{"@type":"ReadAction","target":["https:\/\/essenled.com\/product\/ip68-silicone-side-view-led-neon-flex-swimming-pool-s1220\/"]}]},{"@type":"ImageObject","inLanguage":"tr","@id":"https:\/\/essenled.com\/product\/ip68-silicone-side-view-led-neon-flex-swimming-pool-s1220\/#primaryimage","url":"https:\/\/essenled.com\/wp-content\/uploads\/2024\/03\/Swimming-Pool-IP68-Waterproof-Sideview-Neon-Fle.webp","contentUrl":"https:\/\/essenled.com\/wp-content\/uploads\/2024\/03\/Swimming-Pool-IP68-Waterproof-Sideview-Neon-Fle.webp","width":800,"height":800,"caption":"Swimming Pool IP68 Waterproof Sideview Neon Fle"},{"@type":"BreadcrumbList","@id":"https:\/\/essenled.com\/product\/ip68-silicone-side-view-led-neon-flex-swimming-pool-s1220\/#breadcrumb","itemListElement":[{"@type":"ListItem","position":1,"name":"Home","item":"https:\/\/essenled.com\/"},{"@type":"ListItem","position":2,"name":"Product","item":"https:\/\/essenled.com\/fr\/product\/"},{"@type":"ListItem","position":3,"name":"IP68 Silicone Side View LED Neon Flex Swimming Pool \u2013 S1220"}]},{"@type":"WebSite","@id":"https:\/\/essenled.com\/#website","url":"https:\/\/essenled.com\/","name":"ESSENLED","description":"","publisher":{"@id":"https:\/\/essenled.com\/#organization"},"potentialAction":[{"@type":"SearchAction","target":{"@type":"EntryPoint","urlTemplate":"https:\/\/essenled.com\/?s={search_term_string}"},"query-input":{"@type":"PropertyValueSpecification","valueRequired":true,"valueName":"search_term_string"}}],"inLanguage":"tr"},{"@type":"Organization","@id":"https:\/\/essenled.com\/#organization","name":"ESSENLED","url":"https:\/\/essenled.com\/","logo":{"@type":"ImageObject","inLanguage":"tr","@id":"https:\/\/essenled.com\/#\/schema\/logo\/image\/","url":"https:\/\/essenled.com\/wp-content\/uploads\/2024\/01\/Essen-logo.png","contentUrl":"https:\/\/essenled.com\/wp-content\/uploads\/2024\/01\/Essen-logo.png","width":800,"height":110,"caption":"ESSENLED"},"image":{"@id":"https:\/\/essenled.com\/#\/schema\/logo\/image\/"}}]}},"_links":{"self":[{"href":"https:\/\/essenled.com\/tr\/wp-json\/wp\/v2\/product\/1513","targetHints":{"allow":["GET"]}}],"collection":[{"href":"https:\/\/essenled.com\/tr\/wp-json\/wp\/v2\/product"}],"about":[{"href":"https:\/\/essenled.com\/tr\/wp-json\/wp\/v2\/types\/product"}],"version-history":[{"count":1,"href":"https:\/\/essenled.com\/tr\/wp-json\/wp\/v2\/product\/1513\/revisions"}],"predecessor-version":[{"id":1521,"href":"https:\/\/essenled.com\/tr\/wp-json\/wp\/v2\/product\/1513\/revisions\/1521"}],"wp:featuredmedia":[{"embeddable":true,"href":"https:\/\/essenled.com\/tr\/wp-json\/wp\/v2\/media\/1520"}],"wp:attachment":[{"href":"https:\/\/essenled.com\/tr\/wp-json\/wp\/v2\/media?parent=1513"}],"wp:term":[{"taxonomy":"product_brand","embeddable":true,"href":"https:\/\/essenled.com\/tr\/wp-json\/wp\/v2\/product_brand?post=1513"},{"taxonomy":"product_cat","embeddable":true,"href":"https:\/\/essenled.com\/tr\/wp-json\/wp\/v2\/product_cat?post=1513"},{"taxonomy":"product_tag","embeddable":true,"href":"https:\/\/essenled.com\/tr\/wp-json\/wp\/v2\/product_tag?post=1513"}],"curies":[{"name":"wp","href":"https:\/\/api.w.org\/{rel}","templated":true}]}}