{"id":1488,"date":"2024-02-29T07:45:13","date_gmt":"2024-02-29T07:45:13","guid":{"rendered":"https:\/\/essenled.com\/?post_type=product&#038;p=1488"},"modified":"2024-02-29T08:10:47","modified_gmt":"2024-02-29T08:10:47","slug":"top-side-bending-1615mm-led-silicone-neon-flex","status":"publish","type":"product","link":"https:\/\/essenled.com\/tr\/urun\/top-side-bending-1615mm-led-silicone-neon-flex\/","title":{"rendered":"\u00dcst ve Yan B\u00fckme 16 * 15mm IP67 LED Silikon Neon Flex - 3D"},"content":{"rendered":"","protected":false},"excerpt":{"rendered":"<p>\u00dcst ve Yan B\u00fckme 16 * 15mm IP67 LED Silikon Neon Flex - 3D, esnek silikon malzeme, g\u00fc\u00e7l\u00fc plastisite kullan\u0131rlar ve yan ve \u00fcstteki iki \u0131\u015f\u0131kl\u0131 y\u00fczeyin b\u00fck\u00fclmesini birle\u015ftirirler.<\/p>\n<p>3D IP67 LED Silikon Neon Flex, benzersiz bir optik \u0131\u015f\u0131k da\u011f\u0131l\u0131m\u0131na sahiptir ve ayd\u0131nlatma y\u00fczeyi e\u015fit ve g\u00f6lgesizdir. 5w \/ m ve 10w \/ m'de olan ve ayd\u0131nlatma projelerine uygulanabilir.<\/p>\n<p>3D 16 * 15mm \u00dcst ve Yan B\u00fckme IP67 LED Silikon Neon Flex, tek par\u00e7a halinde ekstr\u00fcde edilmi\u015ftir. IP67 koruma seviyesi ile i\u00e7 ve d\u0131\u015f nemli ortamlardan korkmaz ve y\u00fczeyin sararmas\u0131 veya sertle\u015fmesi kolay de\u011fildir.<\/p>\n<p>IP67 LED Silikon Neon Flex 3D, i\u00e7 ve d\u0131\u015f dekorasyon, peyzaj ayd\u0131nlatmas\u0131, bina perde duvarlar\u0131, bina ana hatlar\u0131 ve di\u011fer sahnelerin ayd\u0131nlatma ihtiya\u00e7lar\u0131n\u0131 kar\u015f\u0131lamak i\u00e7in yayg\u0131n olarak kullan\u0131lmaktad\u0131r.<\/p>","protected":false},"featured_media":1491,"template":"","meta":{"_kad_post_transparent":"default","_kad_post_title":"","_kad_post_layout":"default","_kad_post_sidebar_id":"","_kad_post_content_style":"default","_kad_post_vertical_padding":"default","_kad_post_feature":"","_kad_post_feature_position":"","_kad_post_header":false,"_kad_post_footer":false,"_kad_post_classname":""},"product_brand":[],"product_cat":[43,39],"product_tag":[562,561,557,558,559,560],"class_list":{"0":"post-1488","1":"product","2":"type-product","3":"status-publish","4":"has-post-thumbnail","6":"product_cat-3d-silicone-neon-series","7":"product_cat-neon-strip","8":"product_tag-3d-bending-led-neon-flex","9":"product_tag-flexible-neon-neon-flex-3d-flex","10":"product_tag-neon-flex-3d-bend","11":"product_tag-neon-flex-3d-bendable","12":"product_tag-side-bending-top-bending-led-neon-flex","13":"product_tag-silicone-neon-strip-3d","15":"first","16":"instock","17":"shipping-taxable","18":"product-type-simple","19":"entry","20":"content-bg","21":"loop-entry"},"yoast_head":"<!-- This site is optimized with the Yoast SEO Premium plugin v24.3 (Yoast SEO v26.7) - https:\/\/yoast.com\/wordpress\/plugins\/seo\/ -->\n<title>Top&amp;Side Bending 16*15mm IP67 LED Silicone Neon Flex - 3D - ESSENLED<\/title>\n<meta name=\"description\" content=\"Top&amp;Side Bending 16*15mm IP67 LED Silicone Neon Flex - 3D, and combine the bending of the two luminous surfaces on the side and top.\" \/>\n<meta name=\"robots\" content=\"index, follow, max-snippet:-1, max-image-preview:large, max-video-preview:-1\" \/>\n<link rel=\"canonical\" href=\"https:\/\/essenled.com\/tr\/urun\/top-side-bending-1615mm-led-silicone-neon-flex\/\" \/>\n<meta property=\"og:locale\" content=\"tr_TR\" \/>\n<meta property=\"og:type\" content=\"article\" \/>\n<meta property=\"og:title\" content=\"Top&amp;Side Bending 16*15mm IP67 LED Silicone Neon Flex - 3D\" \/>\n<meta property=\"og:description\" content=\"Top&amp;Side Bending 16*15mm IP67 LED Silicone Neon Flex - 3D, and combine the bending of the two luminous surfaces on the side and top.\" \/>\n<meta property=\"og:url\" content=\"https:\/\/essenled.com\/tr\/urun\/top-side-bending-1615mm-led-silicone-neon-flex\/\" \/>\n<meta property=\"og:site_name\" content=\"ESSENLED\" \/>\n<meta property=\"article:modified_time\" content=\"2024-02-29T08:10:47+00:00\" \/>\n<meta property=\"og:image\" content=\"https:\/\/essenled.com\/wp-content\/uploads\/2024\/02\/Neon-Flex-3D-Bend.webp\" \/>\n\t<meta property=\"og:image:width\" content=\"800\" \/>\n\t<meta property=\"og:image:height\" content=\"800\" \/>\n\t<meta property=\"og:image:type\" content=\"image\/webp\" \/>\n<meta name=\"twitter:card\" content=\"summary_large_image\" \/>\n<meta name=\"twitter:label1\" content=\"Tahmini okuma s\u00fcresi\" \/>\n\t<meta name=\"twitter:data1\" content=\"1 dakika\" \/>\n<script type=\"application\/ld+json\" class=\"yoast-schema-graph\">{\"@context\":\"https:\/\/schema.org\",\"@graph\":[{\"@type\":\"WebPage\",\"@id\":\"https:\/\/essenled.com\/product\/top-side-bending-1615mm-led-silicone-neon-flex\/\",\"url\":\"https:\/\/essenled.com\/product\/top-side-bending-1615mm-led-silicone-neon-flex\/\",\"name\":\"Top&Side Bending 16*15mm IP67 LED Silicone Neon Flex - 3D - ESSENLED\",\"isPartOf\":{\"@id\":\"https:\/\/essenled.com\/#website\"},\"primaryImageOfPage\":{\"@id\":\"https:\/\/essenled.com\/product\/top-side-bending-1615mm-led-silicone-neon-flex\/#primaryimage\"},\"image\":{\"@id\":\"https:\/\/essenled.com\/product\/top-side-bending-1615mm-led-silicone-neon-flex\/#primaryimage\"},\"thumbnailUrl\":\"https:\/\/essenled.com\/wp-content\/uploads\/2024\/02\/Neon-Flex-3D-Bend.webp\",\"datePublished\":\"2024-02-29T07:45:13+00:00\",\"dateModified\":\"2024-02-29T08:10:47+00:00\",\"description\":\"Top&Side Bending 16*15mm IP67 LED Silicone Neon Flex - 3D, and combine the bending of the two luminous surfaces on the side and top.\",\"breadcrumb\":{\"@id\":\"https:\/\/essenled.com\/product\/top-side-bending-1615mm-led-silicone-neon-flex\/#breadcrumb\"},\"inLanguage\":\"tr\",\"potentialAction\":[{\"@type\":\"ReadAction\",\"target\":[\"https:\/\/essenled.com\/product\/top-side-bending-1615mm-led-silicone-neon-flex\/\"]}]},{\"@type\":\"ImageObject\",\"inLanguage\":\"tr\",\"@id\":\"https:\/\/essenled.com\/product\/top-side-bending-1615mm-led-silicone-neon-flex\/#primaryimage\",\"url\":\"https:\/\/essenled.com\/wp-content\/uploads\/2024\/02\/Neon-Flex-3D-Bend.webp\",\"contentUrl\":\"https:\/\/essenled.com\/wp-content\/uploads\/2024\/02\/Neon-Flex-3D-Bend.webp\",\"width\":800,\"height\":800,\"caption\":\"Neon Flex 3D Bend\"},{\"@type\":\"BreadcrumbList\",\"@id\":\"https:\/\/essenled.com\/product\/top-side-bending-1615mm-led-silicone-neon-flex\/#breadcrumb\",\"itemListElement\":[{\"@type\":\"ListItem\",\"position\":1,\"name\":\"Home\",\"item\":\"https:\/\/essenled.com\/\"},{\"@type\":\"ListItem\",\"position\":2,\"name\":\"Product\",\"item\":\"https:\/\/essenled.com\/fr\/product\/\"},{\"@type\":\"ListItem\",\"position\":3,\"name\":\"Top&#038;Side Bending 16*15mm IP67 LED Silicone Neon Flex &#8211; 3D\"}]},{\"@type\":\"WebSite\",\"@id\":\"https:\/\/essenled.com\/#website\",\"url\":\"https:\/\/essenled.com\/\",\"name\":\"ESSENLED\",\"description\":\"\",\"publisher\":{\"@id\":\"https:\/\/essenled.com\/#organization\"},\"potentialAction\":[{\"@type\":\"SearchAction\",\"target\":{\"@type\":\"EntryPoint\",\"urlTemplate\":\"https:\/\/essenled.com\/?s={search_term_string}\"},\"query-input\":{\"@type\":\"PropertyValueSpecification\",\"valueRequired\":true,\"valueName\":\"search_term_string\"}}],\"inLanguage\":\"tr\"},{\"@type\":\"Organization\",\"@id\":\"https:\/\/essenled.com\/#organization\",\"name\":\"ESSENLED\",\"url\":\"https:\/\/essenled.com\/\",\"logo\":{\"@type\":\"ImageObject\",\"inLanguage\":\"tr\",\"@id\":\"https:\/\/essenled.com\/#\/schema\/logo\/image\/\",\"url\":\"https:\/\/essenled.com\/wp-content\/uploads\/2024\/01\/Essen-logo.png\",\"contentUrl\":\"https:\/\/essenled.com\/wp-content\/uploads\/2024\/01\/Essen-logo.png\",\"width\":800,\"height\":110,\"caption\":\"ESSENLED\"},\"image\":{\"@id\":\"https:\/\/essenled.com\/#\/schema\/logo\/image\/\"}}]}<\/script>\n<!-- \/ Yoast SEO Premium plugin. -->","yoast_head_json":{"title":"\u00dcst ve Yan B\u00fckme 16 * 15mm IP67 LED Silikon Neon Flex - 3D - ESSENLED","description":"\u00dcst ve Yan B\u00fckme 16 * 15mm IP67 LED Silikon Neon Flex - 3D ve yan ve \u00fcstteki iki \u0131\u015f\u0131kl\u0131 y\u00fczeyin b\u00fck\u00fclmesini birle\u015ftirir.","robots":{"index":"index","follow":"follow","max-snippet":"max-snippet:-1","max-image-preview":"max-image-preview:large","max-video-preview":"max-video-preview:-1"},"canonical":"https:\/\/essenled.com\/tr\/urun\/top-side-bending-1615mm-led-silicone-neon-flex\/","og_locale":"tr_TR","og_type":"article","og_title":"Top&Side Bending 16*15mm IP67 LED Silicone Neon Flex - 3D","og_description":"Top&Side Bending 16*15mm IP67 LED Silicone Neon Flex - 3D, and combine the bending of the two luminous surfaces on the side and top.","og_url":"https:\/\/essenled.com\/tr\/urun\/top-side-bending-1615mm-led-silicone-neon-flex\/","og_site_name":"ESSENLED","article_modified_time":"2024-02-29T08:10:47+00:00","og_image":[{"width":800,"height":800,"url":"https:\/\/essenled.com\/wp-content\/uploads\/2024\/02\/Neon-Flex-3D-Bend.webp","type":"image\/webp"}],"twitter_card":"summary_large_image","twitter_misc":{"Tahmini okuma s\u00fcresi":"1 dakika"},"schema":{"@context":"https:\/\/schema.org","@graph":[{"@type":"WebPage","@id":"https:\/\/essenled.com\/product\/top-side-bending-1615mm-led-silicone-neon-flex\/","url":"https:\/\/essenled.com\/product\/top-side-bending-1615mm-led-silicone-neon-flex\/","name":"\u00dcst ve Yan B\u00fckme 16 * 15mm IP67 LED Silikon Neon Flex - 3D - ESSENLED","isPartOf":{"@id":"https:\/\/essenled.com\/#website"},"primaryImageOfPage":{"@id":"https:\/\/essenled.com\/product\/top-side-bending-1615mm-led-silicone-neon-flex\/#primaryimage"},"image":{"@id":"https:\/\/essenled.com\/product\/top-side-bending-1615mm-led-silicone-neon-flex\/#primaryimage"},"thumbnailUrl":"https:\/\/essenled.com\/wp-content\/uploads\/2024\/02\/Neon-Flex-3D-Bend.webp","datePublished":"2024-02-29T07:45:13+00:00","dateModified":"2024-02-29T08:10:47+00:00","description":"\u00dcst ve Yan B\u00fckme 16 * 15mm IP67 LED Silikon Neon Flex - 3D ve yan ve \u00fcstteki iki \u0131\u015f\u0131kl\u0131 y\u00fczeyin b\u00fck\u00fclmesini birle\u015ftirir.","breadcrumb":{"@id":"https:\/\/essenled.com\/product\/top-side-bending-1615mm-led-silicone-neon-flex\/#breadcrumb"},"inLanguage":"tr","potentialAction":[{"@type":"ReadAction","target":["https:\/\/essenled.com\/product\/top-side-bending-1615mm-led-silicone-neon-flex\/"]}]},{"@type":"ImageObject","inLanguage":"tr","@id":"https:\/\/essenled.com\/product\/top-side-bending-1615mm-led-silicone-neon-flex\/#primaryimage","url":"https:\/\/essenled.com\/wp-content\/uploads\/2024\/02\/Neon-Flex-3D-Bend.webp","contentUrl":"https:\/\/essenled.com\/wp-content\/uploads\/2024\/02\/Neon-Flex-3D-Bend.webp","width":800,"height":800,"caption":"Neon Flex 3D Bend"},{"@type":"BreadcrumbList","@id":"https:\/\/essenled.com\/product\/top-side-bending-1615mm-led-silicone-neon-flex\/#breadcrumb","itemListElement":[{"@type":"ListItem","position":1,"name":"Home","item":"https:\/\/essenled.com\/"},{"@type":"ListItem","position":2,"name":"Product","item":"https:\/\/essenled.com\/fr\/product\/"},{"@type":"ListItem","position":3,"name":"Top&#038;Side Bending 16*15mm IP67 LED Silicone Neon Flex &#8211; 3D"}]},{"@type":"WebSite","@id":"https:\/\/essenled.com\/#website","url":"https:\/\/essenled.com\/","name":"ESSENLED","description":"","publisher":{"@id":"https:\/\/essenled.com\/#organization"},"potentialAction":[{"@type":"SearchAction","target":{"@type":"EntryPoint","urlTemplate":"https:\/\/essenled.com\/?s={search_term_string}"},"query-input":{"@type":"PropertyValueSpecification","valueRequired":true,"valueName":"search_term_string"}}],"inLanguage":"tr"},{"@type":"Organization","@id":"https:\/\/essenled.com\/#organization","name":"ESSENLED","url":"https:\/\/essenled.com\/","logo":{"@type":"ImageObject","inLanguage":"tr","@id":"https:\/\/essenled.com\/#\/schema\/logo\/image\/","url":"https:\/\/essenled.com\/wp-content\/uploads\/2024\/01\/Essen-logo.png","contentUrl":"https:\/\/essenled.com\/wp-content\/uploads\/2024\/01\/Essen-logo.png","width":800,"height":110,"caption":"ESSENLED"},"image":{"@id":"https:\/\/essenled.com\/#\/schema\/logo\/image\/"}}]}},"_links":{"self":[{"href":"https:\/\/essenled.com\/tr\/wp-json\/wp\/v2\/product\/1488","targetHints":{"allow":["GET"]}}],"collection":[{"href":"https:\/\/essenled.com\/tr\/wp-json\/wp\/v2\/product"}],"about":[{"href":"https:\/\/essenled.com\/tr\/wp-json\/wp\/v2\/types\/product"}],"version-history":[{"count":1,"href":"https:\/\/essenled.com\/tr\/wp-json\/wp\/v2\/product\/1488\/revisions"}],"predecessor-version":[{"id":1495,"href":"https:\/\/essenled.com\/tr\/wp-json\/wp\/v2\/product\/1488\/revisions\/1495"}],"wp:featuredmedia":[{"embeddable":true,"href":"https:\/\/essenled.com\/tr\/wp-json\/wp\/v2\/media\/1491"}],"wp:attachment":[{"href":"https:\/\/essenled.com\/tr\/wp-json\/wp\/v2\/media?parent=1488"}],"wp:term":[{"taxonomy":"product_brand","embeddable":true,"href":"https:\/\/essenled.com\/tr\/wp-json\/wp\/v2\/product_brand?post=1488"},{"taxonomy":"product_cat","embeddable":true,"href":"https:\/\/essenled.com\/tr\/wp-json\/wp\/v2\/product_cat?post=1488"},{"taxonomy":"product_tag","embeddable":true,"href":"https:\/\/essenled.com\/tr\/wp-json\/wp\/v2\/product_tag?post=1488"}],"curies":[{"name":"wp","href":"https:\/\/api.w.org\/{rel}","templated":true}]}}