{"id":1470,"date":"2024-02-29T07:10:43","date_gmt":"2024-02-29T07:10:43","guid":{"rendered":"https:\/\/essenled.com\/?post_type=product&#038;p=1470"},"modified":"2024-03-24T06:50:12","modified_gmt":"2024-03-24T06:50:12","slug":"top-view-ip67-1615mm-led-silicone-neon-flex","status":"publish","type":"product","link":"https:\/\/essenled.com\/tr\/urun\/top-view-ip67-1615mm-led-silicone-neon-flex\/","title":{"rendered":"\u00dcstten G\u00f6r\u00fcn\u00fcm IP67 16*15mm LED Silikon Neon Flex - T1615"},"content":{"rendered":"","protected":false},"excerpt":{"rendered":"<p>\u00dcstten g\u00f6r\u00fcn\u00fcm IP67 su ge\u00e7irmez 16 * 15mm LED silikon neon flex - T1615, tek par\u00e7a halinde makine ile ekstr\u00fcde edilmi\u015ftir ve \u00e7evre dostu silikon malzemeden yap\u0131lm\u0131\u015ft\u0131r, enerji tasarrufu sa\u011flar ve uzun \u00f6m\u00fcrl\u00fcd\u00fcr.<\/p>\n<p>\u00c7ok y\u00f6nl\u00fcl\u00fck IP67 su ge\u00e7irmez 16 * 15mm LED esnek neon \u0131\u015f\u0131k - T1615, \u00e7ok i\u015flevli g\u00fc\u00e7 se\u00e7enekleri sa\u011flayan 5w \/ m, 10w \/ m ve 15w \/ m sunar. Hidroklorik aside, asit ve alkali korozyonuna, alev geciktiriciye ve UV direncine dayan\u0131kl\u0131d\u0131r.<\/p>\n<p>IP67 su ge\u00e7irmez LED neon flex 16 * 15mm koruma seviyesi, uzun s\u00fcreli d\u0131\u015f mekan kullan\u0131m\u0131 i\u00e7in \u00e7ok uygun olan IP67'ye ula\u015f\u0131r. Y\u00fczeyi kolayca sararmaz.<\/p>\n<p>\u00dcstten g\u00f6r\u00fcn\u00fcm IP67 su ge\u00e7irmez 16 * 15mm LED Neon Flex, bir\u00e7ok renk s\u0131cakl\u0131\u011f\u0131 mevcuttur. 2100K-6000K, ayarlanabilir beyaz, RGB ve RGBW vard\u0131r ve ayr\u0131ca kesme ve \u00f6zelle\u015ftirilmi\u015f uzunlu\u011fu da destekler.<\/p>","protected":false},"featured_media":2008,"template":"","meta":{"_kad_post_transparent":"default","_kad_post_title":"","_kad_post_layout":"default","_kad_post_sidebar_id":"","_kad_post_content_style":"default","_kad_post_vertical_padding":"default","_kad_post_feature":"","_kad_post_feature_position":"","_kad_post_header":false,"_kad_post_footer":false,"_kad_post_classname":""},"product_brand":[],"product_cat":[39,41],"product_tag":[548,550,546,545,549,547],"class_list":{"0":"post-1470","1":"product","2":"type-product","3":"status-publish","4":"has-post-thumbnail","6":"product_cat-neon-strip","7":"product_cat-top-bend-neon-series","8":"product_tag-1615-flexible-silicone-neon-ip67","9":"product_tag-1615-rgbw-flexible-silicone-neon-ip67","10":"product_tag-1615-silicone-led-neon-light-top-bend","11":"product_tag-16x15mm-silicone-led-neon-flex","12":"product_tag-neon-flex-top-bend-rgb-rgbw-ip67","13":"product_tag-t1615-led-neon-flex-silicone-tube","15":"first","16":"instock","17":"shipping-taxable","18":"product-type-simple","19":"entry","20":"content-bg","21":"loop-entry"},"yoast_head":"<!-- This site is optimized with the Yoast SEO Premium plugin v24.3 (Yoast SEO v26.7) - https:\/\/yoast.com\/wordpress\/plugins\/seo\/ -->\n<title>Top View IP67 16*15mm LED Silicone Neon Flex - T1615 - ESSENLED<\/title>\n<meta name=\"description\" content=\"Top view IP67 waterproof 16*15mm LED silicone neon flex - T1615, made of environmentally friendly silicone material, energy-saving.\" \/>\n<meta name=\"robots\" content=\"index, follow, max-snippet:-1, max-image-preview:large, max-video-preview:-1\" \/>\n<link rel=\"canonical\" href=\"https:\/\/essenled.com\/tr\/urun\/top-view-ip67-1615mm-led-silicone-neon-flex\/\" \/>\n<meta property=\"og:locale\" content=\"tr_TR\" \/>\n<meta property=\"og:type\" content=\"article\" \/>\n<meta property=\"og:title\" content=\"Top View IP67 16*15mm LED Silicone Neon Flex - T1615\" \/>\n<meta property=\"og:description\" content=\"Top view IP67 waterproof 16*15mm LED silicone neon flex - T1615, made of environmentally friendly silicone material, energy-saving.\" \/>\n<meta property=\"og:url\" content=\"https:\/\/essenled.com\/tr\/urun\/top-view-ip67-1615mm-led-silicone-neon-flex\/\" \/>\n<meta property=\"og:site_name\" content=\"ESSENLED\" \/>\n<meta property=\"article:modified_time\" content=\"2024-03-24T06:50:12+00:00\" \/>\n<meta property=\"og:image\" content=\"https:\/\/essenled.com\/wp-content\/uploads\/2024\/03\/Top-Bend-1615mm-silicone-neon-light-DC24V-IP67-CRI90.webp\" \/>\n\t<meta property=\"og:image:width\" content=\"800\" \/>\n\t<meta property=\"og:image:height\" content=\"800\" \/>\n\t<meta property=\"og:image:type\" content=\"image\/webp\" \/>\n<meta name=\"twitter:card\" content=\"summary_large_image\" \/>\n<script type=\"application\/ld+json\" class=\"yoast-schema-graph\">{\"@context\":\"https:\/\/schema.org\",\"@graph\":[{\"@type\":\"WebPage\",\"@id\":\"https:\/\/essenled.com\/product\/top-view-ip67-1615mm-led-silicone-neon-flex\/\",\"url\":\"https:\/\/essenled.com\/product\/top-view-ip67-1615mm-led-silicone-neon-flex\/\",\"name\":\"Top View IP67 16*15mm LED Silicone Neon Flex - T1615 - ESSENLED\",\"isPartOf\":{\"@id\":\"https:\/\/essenled.com\/#website\"},\"primaryImageOfPage\":{\"@id\":\"https:\/\/essenled.com\/product\/top-view-ip67-1615mm-led-silicone-neon-flex\/#primaryimage\"},\"image\":{\"@id\":\"https:\/\/essenled.com\/product\/top-view-ip67-1615mm-led-silicone-neon-flex\/#primaryimage\"},\"thumbnailUrl\":\"https:\/\/essenled.com\/wp-content\/uploads\/2024\/03\/Top-Bend-1615mm-silicone-neon-light-DC24V-IP67-CRI90.webp\",\"datePublished\":\"2024-02-29T07:10:43+00:00\",\"dateModified\":\"2024-03-24T06:50:12+00:00\",\"description\":\"Top view IP67 waterproof 16*15mm LED silicone neon flex - T1615, made of environmentally friendly silicone material, energy-saving.\",\"breadcrumb\":{\"@id\":\"https:\/\/essenled.com\/product\/top-view-ip67-1615mm-led-silicone-neon-flex\/#breadcrumb\"},\"inLanguage\":\"tr\",\"potentialAction\":[{\"@type\":\"ReadAction\",\"target\":[\"https:\/\/essenled.com\/product\/top-view-ip67-1615mm-led-silicone-neon-flex\/\"]}]},{\"@type\":\"ImageObject\",\"inLanguage\":\"tr\",\"@id\":\"https:\/\/essenled.com\/product\/top-view-ip67-1615mm-led-silicone-neon-flex\/#primaryimage\",\"url\":\"https:\/\/essenled.com\/wp-content\/uploads\/2024\/03\/Top-Bend-1615mm-silicone-neon-light-DC24V-IP67-CRI90.webp\",\"contentUrl\":\"https:\/\/essenled.com\/wp-content\/uploads\/2024\/03\/Top-Bend-1615mm-silicone-neon-light-DC24V-IP67-CRI90.webp\",\"width\":800,\"height\":800,\"caption\":\"Top Bend 1615mm silicone neon light DC24V IP67 CRI90\"},{\"@type\":\"BreadcrumbList\",\"@id\":\"https:\/\/essenled.com\/product\/top-view-ip67-1615mm-led-silicone-neon-flex\/#breadcrumb\",\"itemListElement\":[{\"@type\":\"ListItem\",\"position\":1,\"name\":\"Home\",\"item\":\"https:\/\/essenled.com\/\"},{\"@type\":\"ListItem\",\"position\":2,\"name\":\"Product\",\"item\":\"https:\/\/essenled.com\/fr\/product\/\"},{\"@type\":\"ListItem\",\"position\":3,\"name\":\"Top View IP67 16*15mm LED Silicone Neon Flex &#8211; T1615\"}]},{\"@type\":\"WebSite\",\"@id\":\"https:\/\/essenled.com\/#website\",\"url\":\"https:\/\/essenled.com\/\",\"name\":\"ESSENLED\",\"description\":\"\",\"publisher\":{\"@id\":\"https:\/\/essenled.com\/#organization\"},\"potentialAction\":[{\"@type\":\"SearchAction\",\"target\":{\"@type\":\"EntryPoint\",\"urlTemplate\":\"https:\/\/essenled.com\/?s={search_term_string}\"},\"query-input\":{\"@type\":\"PropertyValueSpecification\",\"valueRequired\":true,\"valueName\":\"search_term_string\"}}],\"inLanguage\":\"tr\"},{\"@type\":\"Organization\",\"@id\":\"https:\/\/essenled.com\/#organization\",\"name\":\"ESSENLED\",\"url\":\"https:\/\/essenled.com\/\",\"logo\":{\"@type\":\"ImageObject\",\"inLanguage\":\"tr\",\"@id\":\"https:\/\/essenled.com\/#\/schema\/logo\/image\/\",\"url\":\"https:\/\/essenled.com\/wp-content\/uploads\/2024\/01\/Essen-logo.png\",\"contentUrl\":\"https:\/\/essenled.com\/wp-content\/uploads\/2024\/01\/Essen-logo.png\",\"width\":800,\"height\":110,\"caption\":\"ESSENLED\"},\"image\":{\"@id\":\"https:\/\/essenled.com\/#\/schema\/logo\/image\/\"}}]}<\/script>\n<!-- \/ Yoast SEO Premium plugin. -->","yoast_head_json":{"title":"\u00dcstten G\u00f6r\u00fcn\u00fcm IP67 16*15mm LED Silikon Neon Flex - T1615 - ESSENLED","description":"\u00dcstten g\u00f6r\u00fcn\u00fcm IP67 su ge\u00e7irmez 16 * 15mm LED silikon neon flex - T1615, \u00e7evre dostu silikon malzemeden yap\u0131lm\u0131\u015ft\u0131r, enerji tasarrufu sa\u011flar.","robots":{"index":"index","follow":"follow","max-snippet":"max-snippet:-1","max-image-preview":"max-image-preview:large","max-video-preview":"max-video-preview:-1"},"canonical":"https:\/\/essenled.com\/tr\/urun\/top-view-ip67-1615mm-led-silicone-neon-flex\/","og_locale":"tr_TR","og_type":"article","og_title":"Top View IP67 16*15mm LED Silicone Neon Flex - T1615","og_description":"Top view IP67 waterproof 16*15mm LED silicone neon flex - T1615, made of environmentally friendly silicone material, energy-saving.","og_url":"https:\/\/essenled.com\/tr\/urun\/top-view-ip67-1615mm-led-silicone-neon-flex\/","og_site_name":"ESSENLED","article_modified_time":"2024-03-24T06:50:12+00:00","og_image":[{"width":800,"height":800,"url":"https:\/\/essenled.com\/wp-content\/uploads\/2024\/03\/Top-Bend-1615mm-silicone-neon-light-DC24V-IP67-CRI90.webp","type":"image\/webp"}],"twitter_card":"summary_large_image","schema":{"@context":"https:\/\/schema.org","@graph":[{"@type":"WebPage","@id":"https:\/\/essenled.com\/product\/top-view-ip67-1615mm-led-silicone-neon-flex\/","url":"https:\/\/essenled.com\/product\/top-view-ip67-1615mm-led-silicone-neon-flex\/","name":"\u00dcstten G\u00f6r\u00fcn\u00fcm IP67 16*15mm LED Silikon Neon Flex - T1615 - ESSENLED","isPartOf":{"@id":"https:\/\/essenled.com\/#website"},"primaryImageOfPage":{"@id":"https:\/\/essenled.com\/product\/top-view-ip67-1615mm-led-silicone-neon-flex\/#primaryimage"},"image":{"@id":"https:\/\/essenled.com\/product\/top-view-ip67-1615mm-led-silicone-neon-flex\/#primaryimage"},"thumbnailUrl":"https:\/\/essenled.com\/wp-content\/uploads\/2024\/03\/Top-Bend-1615mm-silicone-neon-light-DC24V-IP67-CRI90.webp","datePublished":"2024-02-29T07:10:43+00:00","dateModified":"2024-03-24T06:50:12+00:00","description":"\u00dcstten g\u00f6r\u00fcn\u00fcm IP67 su ge\u00e7irmez 16 * 15mm LED silikon neon flex - T1615, \u00e7evre dostu silikon malzemeden yap\u0131lm\u0131\u015ft\u0131r, enerji tasarrufu sa\u011flar.","breadcrumb":{"@id":"https:\/\/essenled.com\/product\/top-view-ip67-1615mm-led-silicone-neon-flex\/#breadcrumb"},"inLanguage":"tr","potentialAction":[{"@type":"ReadAction","target":["https:\/\/essenled.com\/product\/top-view-ip67-1615mm-led-silicone-neon-flex\/"]}]},{"@type":"ImageObject","inLanguage":"tr","@id":"https:\/\/essenled.com\/product\/top-view-ip67-1615mm-led-silicone-neon-flex\/#primaryimage","url":"https:\/\/essenled.com\/wp-content\/uploads\/2024\/03\/Top-Bend-1615mm-silicone-neon-light-DC24V-IP67-CRI90.webp","contentUrl":"https:\/\/essenled.com\/wp-content\/uploads\/2024\/03\/Top-Bend-1615mm-silicone-neon-light-DC24V-IP67-CRI90.webp","width":800,"height":800,"caption":"Top Bend 1615mm silicone neon light DC24V IP67 CRI90"},{"@type":"BreadcrumbList","@id":"https:\/\/essenled.com\/product\/top-view-ip67-1615mm-led-silicone-neon-flex\/#breadcrumb","itemListElement":[{"@type":"ListItem","position":1,"name":"Home","item":"https:\/\/essenled.com\/"},{"@type":"ListItem","position":2,"name":"Product","item":"https:\/\/essenled.com\/fr\/product\/"},{"@type":"ListItem","position":3,"name":"Top View IP67 16*15mm LED Silicone Neon Flex &#8211; T1615"}]},{"@type":"WebSite","@id":"https:\/\/essenled.com\/#website","url":"https:\/\/essenled.com\/","name":"ESSENLED","description":"","publisher":{"@id":"https:\/\/essenled.com\/#organization"},"potentialAction":[{"@type":"SearchAction","target":{"@type":"EntryPoint","urlTemplate":"https:\/\/essenled.com\/?s={search_term_string}"},"query-input":{"@type":"PropertyValueSpecification","valueRequired":true,"valueName":"search_term_string"}}],"inLanguage":"tr"},{"@type":"Organization","@id":"https:\/\/essenled.com\/#organization","name":"ESSENLED","url":"https:\/\/essenled.com\/","logo":{"@type":"ImageObject","inLanguage":"tr","@id":"https:\/\/essenled.com\/#\/schema\/logo\/image\/","url":"https:\/\/essenled.com\/wp-content\/uploads\/2024\/01\/Essen-logo.png","contentUrl":"https:\/\/essenled.com\/wp-content\/uploads\/2024\/01\/Essen-logo.png","width":800,"height":110,"caption":"ESSENLED"},"image":{"@id":"https:\/\/essenled.com\/#\/schema\/logo\/image\/"}}]}},"_links":{"self":[{"href":"https:\/\/essenled.com\/tr\/wp-json\/wp\/v2\/product\/1470","targetHints":{"allow":["GET"]}}],"collection":[{"href":"https:\/\/essenled.com\/tr\/wp-json\/wp\/v2\/product"}],"about":[{"href":"https:\/\/essenled.com\/tr\/wp-json\/wp\/v2\/types\/product"}],"version-history":[{"count":1,"href":"https:\/\/essenled.com\/tr\/wp-json\/wp\/v2\/product\/1470\/revisions"}],"predecessor-version":[{"id":1478,"href":"https:\/\/essenled.com\/tr\/wp-json\/wp\/v2\/product\/1470\/revisions\/1478"}],"wp:featuredmedia":[{"embeddable":true,"href":"https:\/\/essenled.com\/tr\/wp-json\/wp\/v2\/media\/2008"}],"wp:attachment":[{"href":"https:\/\/essenled.com\/tr\/wp-json\/wp\/v2\/media?parent=1470"}],"wp:term":[{"taxonomy":"product_brand","embeddable":true,"href":"https:\/\/essenled.com\/tr\/wp-json\/wp\/v2\/product_brand?post=1470"},{"taxonomy":"product_cat","embeddable":true,"href":"https:\/\/essenled.com\/tr\/wp-json\/wp\/v2\/product_cat?post=1470"},{"taxonomy":"product_tag","embeddable":true,"href":"https:\/\/essenled.com\/tr\/wp-json\/wp\/v2\/product_tag?post=1470"}],"curies":[{"name":"wp","href":"https:\/\/api.w.org\/{rel}","templated":true}]}}