{"id":1403,"date":"2024-02-28T10:44:23","date_gmt":"2024-02-28T10:44:23","guid":{"rendered":"https:\/\/essenled.com\/?post_type=product&#038;p=1403"},"modified":"2025-02-06T06:44:48","modified_gmt":"2025-02-06T06:44:48","slug":"360-degree-round-led-neon-flex","status":"publish","type":"product","link":"https:\/\/essenled.com\/tr\/urun\/360-degree-round-led-neon-flex\/","title":{"rendered":"360 Derece Yuvarlak LED Neon Flex - R25"},"content":{"rendered":"","protected":false},"excerpt":{"rendered":"<p>360 derece dairesel LED neon esnek \u0131\u015f\u0131k R25, yuvarlak veya silindirik \u015fekilde. Bu \u00fcr\u00fcn tek par\u00e7a silikon enjeksiyon kal\u0131plama ile kal\u0131planm\u0131\u015ft\u0131r. En uzun uzunluk 10 metre olabilir ve \u00f6zelle\u015ftirilmi\u015f uzunluklar da desteklenir.<\/p>\n<p>LED neon esnek \u0131\u015f\u0131klar her y\u00f6ne \u0131\u015f\u0131k yayarak \u00e7evresi boyunca e\u015fit ayd\u0131nlatma sa\u011flar. Bu \u00f6zellik, \u0131\u015f\u0131k \u00e7\u0131k\u0131\u015f\u0131n\u0131n tam kapsam\u0131n\u0131 ve g\u00f6r\u00fcn\u00fcrl\u00fc\u011f\u00fcn\u00fc sa\u011flar. 360 derece dairesel LED neon esnek \u0131\u015f\u0131klar, e\u011frilerin etraf\u0131n\u0131 sarmak, dairesel yap\u0131lar\u0131n ana hatlar\u0131n\u0131 \u00e7izmek ve \u00f6zel \u015fekiller ve desenler olu\u015fturmak dahil olmak \u00fczere \u00e7e\u015fitli kurulum se\u00e7eneklerine izin verir.<\/p>\n<p>360 derece dairesel LED neon esnek \u0131\u015f\u0131klar, 5W \/ m, 10W \/ m ve 15W \/ m normal watt de\u011ferlerine sahiptir ve ayr\u0131ca \u00f6zelle\u015ftirilmi\u015f g\u00fcc\u00fc destekler.<\/p>\n<p>360 derece dairesel LED neon esnek \u0131\u015f\u0131klar, tek tip ve g\u00f6z al\u0131c\u0131 ayd\u0131nlatma efektleri gerektiren \u00e7e\u015fitli uygulamalar i\u00e7in uygundur.<\/p>","protected":false},"featured_media":1405,"template":"","meta":{"_kad_post_transparent":"default","_kad_post_title":"","_kad_post_layout":"default","_kad_post_sidebar_id":"","_kad_post_content_style":"default","_kad_post_vertical_padding":"default","_kad_post_feature":"","_kad_post_feature_position":"","_kad_post_header":false,"_kad_post_footer":false,"_kad_post_classname":""},"product_brand":[],"product_cat":[40,39],"product_tag":[509,513,514,511,512,510],"class_list":{"0":"post-1403","1":"product","2":"type-product","3":"status-publish","4":"has-post-thumbnail","6":"product_cat-360-degree-neon-series","7":"product_cat-neon-strip","8":"product_tag-360-degree-round-led-neon-flex","9":"product_tag-360-degree-round-waterproof-flex-neon-led","10":"product_tag-360-beam-angle-led-neon-flex","11":"product_tag-360-illuminte-round-silincone-lights","12":"product_tag-360illuminated-led-neon-light","13":"product_tag-neon-flex-360","15":"first","16":"instock","17":"featured","18":"shipping-taxable","19":"product-type-simple","20":"entry","21":"content-bg","22":"loop-entry"},"yoast_head":"<!-- This site is optimized with the Yoast SEO Premium plugin v24.3 (Yoast SEO v26.7) - https:\/\/yoast.com\/wordpress\/plugins\/seo\/ -->\n<title>360 Degree Round LED Neon Flex - R25 - ESSENLED<\/title>\n<meta name=\"description\" content=\"360 degree round LED neon flex lights R25, neon flex emits light in all directions, providing uniform illumination around its circumference.\" \/>\n<meta name=\"robots\" content=\"index, follow, max-snippet:-1, max-image-preview:large, max-video-preview:-1\" \/>\n<link rel=\"canonical\" href=\"https:\/\/essenled.com\/tr\/urun\/360-degree-round-led-neon-flex\/\" \/>\n<meta property=\"og:locale\" content=\"tr_TR\" \/>\n<meta property=\"og:type\" content=\"article\" \/>\n<meta property=\"og:title\" content=\"360 Degree Round LED Neon Flex - R25\" \/>\n<meta property=\"og:description\" content=\"360 degree round LED neon flex lights R25, neon flex emits light in all directions, providing uniform illumination around its circumference.\" \/>\n<meta property=\"og:url\" content=\"https:\/\/essenled.com\/tr\/urun\/360-degree-round-led-neon-flex\/\" \/>\n<meta property=\"og:site_name\" content=\"ESSENLED\" \/>\n<meta property=\"article:modified_time\" content=\"2025-02-06T06:44:48+00:00\" \/>\n<meta property=\"og:image\" content=\"https:\/\/essenled.com\/wp-content\/uploads\/2024\/02\/360-Degree-Round-LED-Neon-Flex-R25.webp\" \/>\n\t<meta property=\"og:image:width\" content=\"800\" \/>\n\t<meta property=\"og:image:height\" content=\"800\" \/>\n\t<meta property=\"og:image:type\" content=\"image\/webp\" \/>\n<meta name=\"twitter:card\" content=\"summary_large_image\" \/>\n<meta name=\"twitter:label1\" content=\"Tahmini okuma s\u00fcresi\" \/>\n\t<meta name=\"twitter:data1\" content=\"1 dakika\" \/>\n<script type=\"application\/ld+json\" class=\"yoast-schema-graph\">{\"@context\":\"https:\/\/schema.org\",\"@graph\":[{\"@type\":\"WebPage\",\"@id\":\"https:\/\/essenled.com\/product\/360-degree-round-led-neon-flex\/\",\"url\":\"https:\/\/essenled.com\/product\/360-degree-round-led-neon-flex\/\",\"name\":\"360 Degree Round LED Neon Flex - R25 - ESSENLED\",\"isPartOf\":{\"@id\":\"https:\/\/essenled.com\/#website\"},\"primaryImageOfPage\":{\"@id\":\"https:\/\/essenled.com\/product\/360-degree-round-led-neon-flex\/#primaryimage\"},\"image\":{\"@id\":\"https:\/\/essenled.com\/product\/360-degree-round-led-neon-flex\/#primaryimage\"},\"thumbnailUrl\":\"https:\/\/essenled.com\/wp-content\/uploads\/2024\/02\/360-Degree-Round-LED-Neon-Flex-R25.webp\",\"datePublished\":\"2024-02-28T10:44:23+00:00\",\"dateModified\":\"2025-02-06T06:44:48+00:00\",\"description\":\"360 degree round LED neon flex lights R25, neon flex emits light in all directions, providing uniform illumination around its circumference.\",\"breadcrumb\":{\"@id\":\"https:\/\/essenled.com\/product\/360-degree-round-led-neon-flex\/#breadcrumb\"},\"inLanguage\":\"tr\",\"potentialAction\":[{\"@type\":\"ReadAction\",\"target\":[\"https:\/\/essenled.com\/product\/360-degree-round-led-neon-flex\/\"]}]},{\"@type\":\"ImageObject\",\"inLanguage\":\"tr\",\"@id\":\"https:\/\/essenled.com\/product\/360-degree-round-led-neon-flex\/#primaryimage\",\"url\":\"https:\/\/essenled.com\/wp-content\/uploads\/2024\/02\/360-Degree-Round-LED-Neon-Flex-R25.webp\",\"contentUrl\":\"https:\/\/essenled.com\/wp-content\/uploads\/2024\/02\/360-Degree-Round-LED-Neon-Flex-R25.webp\",\"width\":800,\"height\":800,\"caption\":\"360 Degree Round LED Neon Flex - R25\"},{\"@type\":\"BreadcrumbList\",\"@id\":\"https:\/\/essenled.com\/product\/360-degree-round-led-neon-flex\/#breadcrumb\",\"itemListElement\":[{\"@type\":\"ListItem\",\"position\":1,\"name\":\"Home\",\"item\":\"https:\/\/essenled.com\/\"},{\"@type\":\"ListItem\",\"position\":2,\"name\":\"Product\",\"item\":\"https:\/\/essenled.com\/fr\/product\/\"},{\"@type\":\"ListItem\",\"position\":3,\"name\":\"360 Degree Round LED Neon Flex &#8211; R25\"}]},{\"@type\":\"WebSite\",\"@id\":\"https:\/\/essenled.com\/#website\",\"url\":\"https:\/\/essenled.com\/\",\"name\":\"ESSENLED\",\"description\":\"\",\"publisher\":{\"@id\":\"https:\/\/essenled.com\/#organization\"},\"potentialAction\":[{\"@type\":\"SearchAction\",\"target\":{\"@type\":\"EntryPoint\",\"urlTemplate\":\"https:\/\/essenled.com\/?s={search_term_string}\"},\"query-input\":{\"@type\":\"PropertyValueSpecification\",\"valueRequired\":true,\"valueName\":\"search_term_string\"}}],\"inLanguage\":\"tr\"},{\"@type\":\"Organization\",\"@id\":\"https:\/\/essenled.com\/#organization\",\"name\":\"ESSENLED\",\"url\":\"https:\/\/essenled.com\/\",\"logo\":{\"@type\":\"ImageObject\",\"inLanguage\":\"tr\",\"@id\":\"https:\/\/essenled.com\/#\/schema\/logo\/image\/\",\"url\":\"https:\/\/essenled.com\/wp-content\/uploads\/2024\/01\/Essen-logo.png\",\"contentUrl\":\"https:\/\/essenled.com\/wp-content\/uploads\/2024\/01\/Essen-logo.png\",\"width\":800,\"height\":110,\"caption\":\"ESSENLED\"},\"image\":{\"@id\":\"https:\/\/essenled.com\/#\/schema\/logo\/image\/\"}}]}<\/script>\n<!-- \/ Yoast SEO Premium plugin. -->","yoast_head_json":{"title":"360 Derece Yuvarlak LED Neon Flex - R25 - ESSENLED","description":"360 derece yuvarlak LED neon flex \u0131\u015f\u0131klar R25, neon flex her y\u00f6ne \u0131\u015f\u0131k yayarak \u00e7evresi boyunca e\u015fit ayd\u0131nlatma sa\u011flar.","robots":{"index":"index","follow":"follow","max-snippet":"max-snippet:-1","max-image-preview":"max-image-preview:large","max-video-preview":"max-video-preview:-1"},"canonical":"https:\/\/essenled.com\/tr\/urun\/360-degree-round-led-neon-flex\/","og_locale":"tr_TR","og_type":"article","og_title":"360 Degree Round LED Neon Flex - R25","og_description":"360 degree round LED neon flex lights R25, neon flex emits light in all directions, providing uniform illumination around its circumference.","og_url":"https:\/\/essenled.com\/tr\/urun\/360-degree-round-led-neon-flex\/","og_site_name":"ESSENLED","article_modified_time":"2025-02-06T06:44:48+00:00","og_image":[{"width":800,"height":800,"url":"https:\/\/essenled.com\/wp-content\/uploads\/2024\/02\/360-Degree-Round-LED-Neon-Flex-R25.webp","type":"image\/webp"}],"twitter_card":"summary_large_image","twitter_misc":{"Tahmini okuma s\u00fcresi":"1 dakika"},"schema":{"@context":"https:\/\/schema.org","@graph":[{"@type":"WebPage","@id":"https:\/\/essenled.com\/product\/360-degree-round-led-neon-flex\/","url":"https:\/\/essenled.com\/product\/360-degree-round-led-neon-flex\/","name":"360 Derece Yuvarlak LED Neon Flex - R25 - ESSENLED","isPartOf":{"@id":"https:\/\/essenled.com\/#website"},"primaryImageOfPage":{"@id":"https:\/\/essenled.com\/product\/360-degree-round-led-neon-flex\/#primaryimage"},"image":{"@id":"https:\/\/essenled.com\/product\/360-degree-round-led-neon-flex\/#primaryimage"},"thumbnailUrl":"https:\/\/essenled.com\/wp-content\/uploads\/2024\/02\/360-Degree-Round-LED-Neon-Flex-R25.webp","datePublished":"2024-02-28T10:44:23+00:00","dateModified":"2025-02-06T06:44:48+00:00","description":"360 derece yuvarlak LED neon flex \u0131\u015f\u0131klar R25, neon flex her y\u00f6ne \u0131\u015f\u0131k yayarak \u00e7evresi boyunca e\u015fit ayd\u0131nlatma sa\u011flar.","breadcrumb":{"@id":"https:\/\/essenled.com\/product\/360-degree-round-led-neon-flex\/#breadcrumb"},"inLanguage":"tr","potentialAction":[{"@type":"ReadAction","target":["https:\/\/essenled.com\/product\/360-degree-round-led-neon-flex\/"]}]},{"@type":"ImageObject","inLanguage":"tr","@id":"https:\/\/essenled.com\/product\/360-degree-round-led-neon-flex\/#primaryimage","url":"https:\/\/essenled.com\/wp-content\/uploads\/2024\/02\/360-Degree-Round-LED-Neon-Flex-R25.webp","contentUrl":"https:\/\/essenled.com\/wp-content\/uploads\/2024\/02\/360-Degree-Round-LED-Neon-Flex-R25.webp","width":800,"height":800,"caption":"360 Degree Round LED Neon Flex - R25"},{"@type":"BreadcrumbList","@id":"https:\/\/essenled.com\/product\/360-degree-round-led-neon-flex\/#breadcrumb","itemListElement":[{"@type":"ListItem","position":1,"name":"Home","item":"https:\/\/essenled.com\/"},{"@type":"ListItem","position":2,"name":"Product","item":"https:\/\/essenled.com\/fr\/product\/"},{"@type":"ListItem","position":3,"name":"360 Degree Round LED Neon Flex &#8211; R25"}]},{"@type":"WebSite","@id":"https:\/\/essenled.com\/#website","url":"https:\/\/essenled.com\/","name":"ESSENLED","description":"","publisher":{"@id":"https:\/\/essenled.com\/#organization"},"potentialAction":[{"@type":"SearchAction","target":{"@type":"EntryPoint","urlTemplate":"https:\/\/essenled.com\/?s={search_term_string}"},"query-input":{"@type":"PropertyValueSpecification","valueRequired":true,"valueName":"search_term_string"}}],"inLanguage":"tr"},{"@type":"Organization","@id":"https:\/\/essenled.com\/#organization","name":"ESSENLED","url":"https:\/\/essenled.com\/","logo":{"@type":"ImageObject","inLanguage":"tr","@id":"https:\/\/essenled.com\/#\/schema\/logo\/image\/","url":"https:\/\/essenled.com\/wp-content\/uploads\/2024\/01\/Essen-logo.png","contentUrl":"https:\/\/essenled.com\/wp-content\/uploads\/2024\/01\/Essen-logo.png","width":800,"height":110,"caption":"ESSENLED"},"image":{"@id":"https:\/\/essenled.com\/#\/schema\/logo\/image\/"}}]}},"_links":{"self":[{"href":"https:\/\/essenled.com\/tr\/wp-json\/wp\/v2\/product\/1403","targetHints":{"allow":["GET"]}}],"collection":[{"href":"https:\/\/essenled.com\/tr\/wp-json\/wp\/v2\/product"}],"about":[{"href":"https:\/\/essenled.com\/tr\/wp-json\/wp\/v2\/types\/product"}],"version-history":[{"count":3,"href":"https:\/\/essenled.com\/tr\/wp-json\/wp\/v2\/product\/1403\/revisions"}],"predecessor-version":[{"id":3054,"href":"https:\/\/essenled.com\/tr\/wp-json\/wp\/v2\/product\/1403\/revisions\/3054"}],"wp:featuredmedia":[{"embeddable":true,"href":"https:\/\/essenled.com\/tr\/wp-json\/wp\/v2\/media\/1405"}],"wp:attachment":[{"href":"https:\/\/essenled.com\/tr\/wp-json\/wp\/v2\/media?parent=1403"}],"wp:term":[{"taxonomy":"product_brand","embeddable":true,"href":"https:\/\/essenled.com\/tr\/wp-json\/wp\/v2\/product_brand?post=1403"},{"taxonomy":"product_cat","embeddable":true,"href":"https:\/\/essenled.com\/tr\/wp-json\/wp\/v2\/product_cat?post=1403"},{"taxonomy":"product_tag","embeddable":true,"href":"https:\/\/essenled.com\/tr\/wp-json\/wp\/v2\/product_tag?post=1403"}],"curies":[{"name":"wp","href":"https:\/\/api.w.org\/{rel}","templated":true}]}}