{"id":1299,"date":"2024-02-27T07:41:42","date_gmt":"2024-02-27T07:41:42","guid":{"rendered":"https:\/\/essenled.com\/?post_type=product&#038;p=1299"},"modified":"2024-06-01T02:16:45","modified_gmt":"2024-06-01T02:16:45","slug":"high-efficiency-2835-led-strip-series","status":"publish","type":"product","link":"https:\/\/essenled.com\/tr\/urun\/high-efficiency-2835-led-strip-series\/","title":{"rendered":"Y\u00fcksek Verimli 2835 LED \u015eerit Serisi 150LM\/W 190LM\/W"},"content":{"rendered":"","protected":false},"excerpt":{"rendered":"<p>Y\u00fcksek verimli LED \u015ferit \u0131\u015f\u0131k serisi, SMD2835 LED \u015ferit \u0131\u015f\u0131klar, 150lm\/w ve 190lm\/w olarak mevcuttur. Bu, en az g\u00fcc\u00fc t\u00fcketirken parlak ayd\u0131nlatma sa\u011flayabilen enerji tasarruflu bir modeldir.<\/p>\n<p>SMD2835 64-160leds\/m y\u00fcksek verimli LED \u015ferit \u0131\u015f\u0131klar, ayd\u0131nlatma i\u00e7in orta yo\u011funlukta LED'ler. Kart boyutu yaln\u0131zca 24V ile 10 mm'dir, g\u00f6r\u00fcn\u00fcm \u00e7ok kompaktt\u0131r.<\/p>\n<p>150LM\/W: SMD2835 64-160leds\/m 21w\/m'ye kadar y\u00fcksek verimli LED \u015ferit \u0131\u015f\u0131k, 150w\/m'de \u00f6l\u00e7\u00fclm\u00fc\u015ft\u00fcr. LED \u015ferit 150lm\/w'ye ula\u015farak y\u00fcksek verimlili\u011fe i\u015faret eder.<\/p>\n<p>190LM\/W: SMD2835 64-160leds\/m 21w\/m'ye kadar y\u00fcksek verimli LED \u015ferit \u0131\u015f\u0131k, 190lm\/w olarak \u00f6l\u00e7\u00fclm\u00fc\u015ft\u00fcr. Bu \u00f6zellikler, LED \u0131\u015f\u0131k \u015feritlerinin \u00e7e\u015fitli ayd\u0131nlatma uygulamalar\u0131 i\u00e7in uygun, verimli ve parlak ayd\u0131nlatma sa\u011flad\u0131\u011f\u0131n\u0131 g\u00f6stermektedir.<\/p>","protected":false},"featured_media":2133,"template":"","meta":{"_kad_post_transparent":"default","_kad_post_title":"","_kad_post_layout":"default","_kad_post_sidebar_id":"","_kad_post_content_style":"default","_kad_post_vertical_padding":"default","_kad_post_feature":"","_kad_post_feature_position":"","_kad_post_header":false,"_kad_post_footer":false,"_kad_post_classname":""},"product_brand":[],"product_cat":[34,29],"product_tag":[441,438,440,442],"class_list":{"0":"post-1299","1":"product","2":"type-product","3":"status-publish","4":"has-post-thumbnail","6":"product_cat-high-efficiency-series","7":"product_cat-led-strip","8":"product_tag-150lm-w-190lm-w-smd2835","9":"product_tag-high-brightness-190lm-w-led-strip-lights","10":"product_tag-high-efficiency-190lm-smd2835","11":"product_tag-high-efficiency-led-strip-190lm-w","13":"first","14":"instock","15":"shipping-taxable","16":"product-type-simple","17":"entry","18":"content-bg","19":"loop-entry"},"yoast_head":"<!-- This site is optimized with the Yoast SEO Premium plugin v24.3 (Yoast SEO v26.7) - https:\/\/yoast.com\/wordpress\/plugins\/seo\/ -->\n<title>High Efficiency 2835 LED Strip Series 150LM\/W 190LM\/W - ESSENLED<\/title>\n<meta name=\"description\" content=\"The High Efficiency 2835 LED Strip Series,SMD2835 LED strip lights, is available in 150lm\/w and 190lm\/w. This is an energy-saving model.\" \/>\n<meta name=\"robots\" content=\"index, follow, max-snippet:-1, max-image-preview:large, max-video-preview:-1\" \/>\n<link rel=\"canonical\" href=\"https:\/\/essenled.com\/tr\/urun\/high-efficiency-2835-led-strip-series\/\" \/>\n<meta property=\"og:locale\" content=\"tr_TR\" \/>\n<meta property=\"og:type\" content=\"article\" \/>\n<meta property=\"og:title\" content=\"High Efficiency 2835 LED Strip Series 150LM\/W 190LM\/W\" \/>\n<meta property=\"og:description\" content=\"The High Efficiency 2835 LED Strip Series,SMD2835 LED strip lights, is available in 150lm\/w and 190lm\/w. This is an energy-saving model.\" \/>\n<meta property=\"og:url\" content=\"https:\/\/essenled.com\/tr\/urun\/high-efficiency-2835-led-strip-series\/\" \/>\n<meta property=\"og:site_name\" content=\"ESSENLED\" \/>\n<meta property=\"article:modified_time\" content=\"2024-06-01T02:16:45+00:00\" \/>\n<meta property=\"og:image\" content=\"https:\/\/essenled.com\/wp-content\/uploads\/2024\/02\/High-Efficiency-LED-Strip-Lights-SMD2835.webp\" \/>\n\t<meta property=\"og:image:width\" content=\"1000\" \/>\n\t<meta property=\"og:image:height\" content=\"1000\" \/>\n\t<meta property=\"og:image:type\" content=\"image\/webp\" \/>\n<meta name=\"twitter:card\" content=\"summary_large_image\" \/>\n<meta name=\"twitter:label1\" content=\"Tahmini okuma s\u00fcresi\" \/>\n\t<meta name=\"twitter:data1\" content=\"1 dakika\" \/>\n<script type=\"application\/ld+json\" class=\"yoast-schema-graph\">{\"@context\":\"https:\/\/schema.org\",\"@graph\":[{\"@type\":\"WebPage\",\"@id\":\"https:\/\/essenled.com\/product\/high-efficiency-2835-led-strip-series\/\",\"url\":\"https:\/\/essenled.com\/product\/high-efficiency-2835-led-strip-series\/\",\"name\":\"High Efficiency 2835 LED Strip Series 150LM\/W 190LM\/W - ESSENLED\",\"isPartOf\":{\"@id\":\"https:\/\/essenled.com\/#website\"},\"primaryImageOfPage\":{\"@id\":\"https:\/\/essenled.com\/product\/high-efficiency-2835-led-strip-series\/#primaryimage\"},\"image\":{\"@id\":\"https:\/\/essenled.com\/product\/high-efficiency-2835-led-strip-series\/#primaryimage\"},\"thumbnailUrl\":\"https:\/\/essenled.com\/wp-content\/uploads\/2024\/02\/High-Efficiency-LED-Strip-Lights-SMD2835.webp\",\"datePublished\":\"2024-02-27T07:41:42+00:00\",\"dateModified\":\"2024-06-01T02:16:45+00:00\",\"description\":\"The High Efficiency 2835 LED Strip Series,SMD2835 LED strip lights, is available in 150lm\/w and 190lm\/w. This is an energy-saving model.\",\"breadcrumb\":{\"@id\":\"https:\/\/essenled.com\/product\/high-efficiency-2835-led-strip-series\/#breadcrumb\"},\"inLanguage\":\"tr\",\"potentialAction\":[{\"@type\":\"ReadAction\",\"target\":[\"https:\/\/essenled.com\/product\/high-efficiency-2835-led-strip-series\/\"]}]},{\"@type\":\"ImageObject\",\"inLanguage\":\"tr\",\"@id\":\"https:\/\/essenled.com\/product\/high-efficiency-2835-led-strip-series\/#primaryimage\",\"url\":\"https:\/\/essenled.com\/wp-content\/uploads\/2024\/02\/High-Efficiency-LED-Strip-Lights-SMD2835.webp\",\"contentUrl\":\"https:\/\/essenled.com\/wp-content\/uploads\/2024\/02\/High-Efficiency-LED-Strip-Lights-SMD2835.webp\",\"width\":1000,\"height\":1000,\"caption\":\"High Efficiency LED Strip Lights SMD2835\"},{\"@type\":\"BreadcrumbList\",\"@id\":\"https:\/\/essenled.com\/product\/high-efficiency-2835-led-strip-series\/#breadcrumb\",\"itemListElement\":[{\"@type\":\"ListItem\",\"position\":1,\"name\":\"Home\",\"item\":\"https:\/\/essenled.com\/\"},{\"@type\":\"ListItem\",\"position\":2,\"name\":\"Product\",\"item\":\"https:\/\/essenled.com\/fr\/product\/\"},{\"@type\":\"ListItem\",\"position\":3,\"name\":\"High Efficiency 2835 LED Strip Series 150LM\/W 190LM\/W\"}]},{\"@type\":\"WebSite\",\"@id\":\"https:\/\/essenled.com\/#website\",\"url\":\"https:\/\/essenled.com\/\",\"name\":\"ESSENLED\",\"description\":\"\",\"publisher\":{\"@id\":\"https:\/\/essenled.com\/#organization\"},\"potentialAction\":[{\"@type\":\"SearchAction\",\"target\":{\"@type\":\"EntryPoint\",\"urlTemplate\":\"https:\/\/essenled.com\/?s={search_term_string}\"},\"query-input\":{\"@type\":\"PropertyValueSpecification\",\"valueRequired\":true,\"valueName\":\"search_term_string\"}}],\"inLanguage\":\"tr\"},{\"@type\":\"Organization\",\"@id\":\"https:\/\/essenled.com\/#organization\",\"name\":\"ESSENLED\",\"url\":\"https:\/\/essenled.com\/\",\"logo\":{\"@type\":\"ImageObject\",\"inLanguage\":\"tr\",\"@id\":\"https:\/\/essenled.com\/#\/schema\/logo\/image\/\",\"url\":\"https:\/\/essenled.com\/wp-content\/uploads\/2024\/01\/Essen-logo.png\",\"contentUrl\":\"https:\/\/essenled.com\/wp-content\/uploads\/2024\/01\/Essen-logo.png\",\"width\":800,\"height\":110,\"caption\":\"ESSENLED\"},\"image\":{\"@id\":\"https:\/\/essenled.com\/#\/schema\/logo\/image\/\"}}]}<\/script>\n<!-- \/ Yoast SEO Premium plugin. -->","yoast_head_json":{"title":"Y\u00fcksek Verimli 2835 LED \u015eerit Serisi 150LM\/W 190LM\/W - ESSENLED","description":"Y\u00fcksek Verimli 2835 LED \u015eerit Serisi, SMD2835 LED \u015ferit \u0131\u015f\u0131klar\u0131, 150lm\/w ve 190lm\/w olarak mevcuttur. Bu enerji tasarruflu bir modeldir.","robots":{"index":"index","follow":"follow","max-snippet":"max-snippet:-1","max-image-preview":"max-image-preview:large","max-video-preview":"max-video-preview:-1"},"canonical":"https:\/\/essenled.com\/tr\/urun\/high-efficiency-2835-led-strip-series\/","og_locale":"tr_TR","og_type":"article","og_title":"High Efficiency 2835 LED Strip Series 150LM\/W 190LM\/W","og_description":"The High Efficiency 2835 LED Strip Series,SMD2835 LED strip lights, is available in 150lm\/w and 190lm\/w. This is an energy-saving model.","og_url":"https:\/\/essenled.com\/tr\/urun\/high-efficiency-2835-led-strip-series\/","og_site_name":"ESSENLED","article_modified_time":"2024-06-01T02:16:45+00:00","og_image":[{"width":1000,"height":1000,"url":"https:\/\/essenled.com\/wp-content\/uploads\/2024\/02\/High-Efficiency-LED-Strip-Lights-SMD2835.webp","type":"image\/webp"}],"twitter_card":"summary_large_image","twitter_misc":{"Tahmini okuma s\u00fcresi":"1 dakika"},"schema":{"@context":"https:\/\/schema.org","@graph":[{"@type":"WebPage","@id":"https:\/\/essenled.com\/product\/high-efficiency-2835-led-strip-series\/","url":"https:\/\/essenled.com\/product\/high-efficiency-2835-led-strip-series\/","name":"Y\u00fcksek Verimli 2835 LED \u015eerit Serisi 150LM\/W 190LM\/W - ESSENLED","isPartOf":{"@id":"https:\/\/essenled.com\/#website"},"primaryImageOfPage":{"@id":"https:\/\/essenled.com\/product\/high-efficiency-2835-led-strip-series\/#primaryimage"},"image":{"@id":"https:\/\/essenled.com\/product\/high-efficiency-2835-led-strip-series\/#primaryimage"},"thumbnailUrl":"https:\/\/essenled.com\/wp-content\/uploads\/2024\/02\/High-Efficiency-LED-Strip-Lights-SMD2835.webp","datePublished":"2024-02-27T07:41:42+00:00","dateModified":"2024-06-01T02:16:45+00:00","description":"Y\u00fcksek Verimli 2835 LED \u015eerit Serisi, SMD2835 LED \u015ferit \u0131\u015f\u0131klar\u0131, 150lm\/w ve 190lm\/w olarak mevcuttur. Bu enerji tasarruflu bir modeldir.","breadcrumb":{"@id":"https:\/\/essenled.com\/product\/high-efficiency-2835-led-strip-series\/#breadcrumb"},"inLanguage":"tr","potentialAction":[{"@type":"ReadAction","target":["https:\/\/essenled.com\/product\/high-efficiency-2835-led-strip-series\/"]}]},{"@type":"ImageObject","inLanguage":"tr","@id":"https:\/\/essenled.com\/product\/high-efficiency-2835-led-strip-series\/#primaryimage","url":"https:\/\/essenled.com\/wp-content\/uploads\/2024\/02\/High-Efficiency-LED-Strip-Lights-SMD2835.webp","contentUrl":"https:\/\/essenled.com\/wp-content\/uploads\/2024\/02\/High-Efficiency-LED-Strip-Lights-SMD2835.webp","width":1000,"height":1000,"caption":"High Efficiency LED Strip Lights SMD2835"},{"@type":"BreadcrumbList","@id":"https:\/\/essenled.com\/product\/high-efficiency-2835-led-strip-series\/#breadcrumb","itemListElement":[{"@type":"ListItem","position":1,"name":"Home","item":"https:\/\/essenled.com\/"},{"@type":"ListItem","position":2,"name":"Product","item":"https:\/\/essenled.com\/fr\/product\/"},{"@type":"ListItem","position":3,"name":"High Efficiency 2835 LED Strip Series 150LM\/W 190LM\/W"}]},{"@type":"WebSite","@id":"https:\/\/essenled.com\/#website","url":"https:\/\/essenled.com\/","name":"ESSENLED","description":"","publisher":{"@id":"https:\/\/essenled.com\/#organization"},"potentialAction":[{"@type":"SearchAction","target":{"@type":"EntryPoint","urlTemplate":"https:\/\/essenled.com\/?s={search_term_string}"},"query-input":{"@type":"PropertyValueSpecification","valueRequired":true,"valueName":"search_term_string"}}],"inLanguage":"tr"},{"@type":"Organization","@id":"https:\/\/essenled.com\/#organization","name":"ESSENLED","url":"https:\/\/essenled.com\/","logo":{"@type":"ImageObject","inLanguage":"tr","@id":"https:\/\/essenled.com\/#\/schema\/logo\/image\/","url":"https:\/\/essenled.com\/wp-content\/uploads\/2024\/01\/Essen-logo.png","contentUrl":"https:\/\/essenled.com\/wp-content\/uploads\/2024\/01\/Essen-logo.png","width":800,"height":110,"caption":"ESSENLED"},"image":{"@id":"https:\/\/essenled.com\/#\/schema\/logo\/image\/"}}]}},"_links":{"self":[{"href":"https:\/\/essenled.com\/tr\/wp-json\/wp\/v2\/product\/1299","targetHints":{"allow":["GET"]}}],"collection":[{"href":"https:\/\/essenled.com\/tr\/wp-json\/wp\/v2\/product"}],"about":[{"href":"https:\/\/essenled.com\/tr\/wp-json\/wp\/v2\/types\/product"}],"version-history":[{"count":3,"href":"https:\/\/essenled.com\/tr\/wp-json\/wp\/v2\/product\/1299\/revisions"}],"predecessor-version":[{"id":2136,"href":"https:\/\/essenled.com\/tr\/wp-json\/wp\/v2\/product\/1299\/revisions\/2136"}],"wp:featuredmedia":[{"embeddable":true,"href":"https:\/\/essenled.com\/tr\/wp-json\/wp\/v2\/media\/2133"}],"wp:attachment":[{"href":"https:\/\/essenled.com\/tr\/wp-json\/wp\/v2\/media?parent=1299"}],"wp:term":[{"taxonomy":"product_brand","embeddable":true,"href":"https:\/\/essenled.com\/tr\/wp-json\/wp\/v2\/product_brand?post=1299"},{"taxonomy":"product_cat","embeddable":true,"href":"https:\/\/essenled.com\/tr\/wp-json\/wp\/v2\/product_cat?post=1299"},{"taxonomy":"product_tag","embeddable":true,"href":"https:\/\/essenled.com\/tr\/wp-json\/wp\/v2\/product_tag?post=1299"}],"curies":[{"name":"wp","href":"https:\/\/api.w.org\/{rel}","templated":true}]}}