{"id":1265,"date":"2024-02-27T05:29:55","date_gmt":"2024-02-27T05:29:55","guid":{"rendered":"https:\/\/essenled.com\/?post_type=product&#038;p=1265"},"modified":"2024-05-31T10:28:58","modified_gmt":"2024-05-31T10:28:58","slug":"rgbtw-5-in-1-led-strip-60leds-5050-led-strip-rgbcct","status":"publish","type":"product","link":"https:\/\/essenled.com\/tr\/urun\/rgbtw-5-in-1-led-strip-60leds-5050-led-strip-rgbcct\/","title":{"rendered":"RGBTW 5 IN 1 LED \u015eerit 60LEDs 5050 LED \u015eerit RGB+CCT"},"content":{"rendered":"","protected":false},"excerpt":{"rendered":"<p>RGBTW 5 IN 1 60LEDs\/m SMD5050 LED \u015ferit \u0131\u015f\u0131klar, tek bir \u00e7ip paketi i\u00e7inde be\u015f farkl\u0131 LED t\u00fcr\u00fcne sahiptir, k\u0131rm\u0131z\u0131, ye\u015fil, mavi, ayarlanabilir beyaz ve \u00f6zel beyaz LED'ler i\u00e7erir ve \u00e7ok \u00e7e\u015fitli renk se\u00e7enekleri ve renk s\u0131cakl\u0131\u011f\u0131 ayarlamalar\u0131 sa\u011flar.<\/p>\n<p>60leds\/m, RGB+2400K+6000K ile RGB+CCT 5 IN 1 LED \u015eerit, bu tasar\u0131m \u015feridin \u00e7e\u015fitli renk ve beyaz \u0131\u015f\u0131k se\u00e7enekleri \u00fcretmesini sa\u011flar.<\/p>\n<p>5050 60leds RGBTW LED \u015eerit, parlakl\u0131\u011f\u0131 ve \u00e7ok y\u00f6nl\u00fcl\u00fc\u011f\u00fc ile bilinen LED \u015feritler i\u00e7in \u00f6zel bir modeldir. 19.2w\/m ile renkli ayd\u0131nlatma \u00e7\u00f6z\u00fcmlerinin \u00e7o\u011fu i\u00e7in uygundur.<\/p>\n<p>RGBTW renkli LED \u015eerit 5050 6012 mm geni\u015fli\u011fe sahip LED'ler, \u00e7e\u015fitli i\u00e7 ve d\u0131\u015f ayd\u0131nlatma uygulamalar\u0131 i\u00e7in uygun orta derecede geni\u015f bir profil sunar.<\/p>","protected":false},"featured_media":2116,"template":"","meta":{"_kad_post_transparent":"default","_kad_post_title":"","_kad_post_layout":"default","_kad_post_sidebar_id":"","_kad_post_content_style":"default","_kad_post_vertical_padding":"default","_kad_post_feature":"","_kad_post_feature_position":"","_kad_post_header":false,"_kad_post_footer":false,"_kad_post_classname":""},"product_brand":[],"product_cat":[29,31],"product_tag":[415,418,414,416,417],"class_list":{"0":"post-1265","1":"product","2":"type-product","3":"status-publish","4":"has-post-thumbnail","6":"product_cat-led-strip","7":"product_cat-rgbx-series","8":"product_tag-12mm-60led-rgbtw-smd5050-led-tape","9":"product_tag-5050-5-in-1-19-2w-leds-strip-12mm","10":"product_tag-5050-led-strip-5-in-1-rgb-tunable-white","11":"product_tag-rgbtw-5-in-1-5050-led-strip","12":"product_tag-rgbtw-5-in-1-60leds-19-2w-led-strip-light","14":"first","15":"instock","16":"shipping-taxable","17":"product-type-simple","18":"entry","19":"content-bg","20":"loop-entry"},"yoast_head":"<!-- This site is optimized with the Yoast SEO Premium plugin v24.3 (Yoast SEO v26.7) - https:\/\/yoast.com\/wordpress\/plugins\/seo\/ -->\n<title>RGBTW 5 IN 1 LED Strip 60LEDs 5050 LED Strip RGB+CCT - ESSENLED<\/title>\n<meta name=\"description\" content=\"RGBTW 5 IN 1 LED Strip 60LEDs 5050 LED Strip lights, five different types of LEDs within a single chip package, a wide range of color options.\" \/>\n<meta name=\"robots\" content=\"index, follow, max-snippet:-1, max-image-preview:large, max-video-preview:-1\" \/>\n<link rel=\"canonical\" href=\"https:\/\/essenled.com\/tr\/urun\/rgbtw-5-in-1-led-strip-60leds-5050-led-strip-rgbcct\/\" \/>\n<meta property=\"og:locale\" content=\"tr_TR\" \/>\n<meta property=\"og:type\" content=\"article\" \/>\n<meta property=\"og:title\" content=\"RGBTW 5 IN 1 LED Strip 60LEDs 5050 LED Strip RGB+CCT\" \/>\n<meta property=\"og:description\" content=\"RGBTW 5 IN 1 LED Strip 60LEDs 5050 LED Strip lights, five different types of LEDs within a single chip package, a wide range of color options.\" \/>\n<meta property=\"og:url\" content=\"https:\/\/essenled.com\/tr\/urun\/rgbtw-5-in-1-led-strip-60leds-5050-led-strip-rgbcct\/\" \/>\n<meta property=\"og:site_name\" content=\"ESSENLED\" \/>\n<meta property=\"article:modified_time\" content=\"2024-05-31T10:28:58+00:00\" \/>\n<meta property=\"og:image\" content=\"https:\/\/essenled.com\/wp-content\/uploads\/2024\/02\/5-in-1-LED-Strip-Light-with-RGB-Tunable-White-1.webp\" \/>\n\t<meta property=\"og:image:width\" content=\"1000\" \/>\n\t<meta property=\"og:image:height\" content=\"1000\" \/>\n\t<meta property=\"og:image:type\" content=\"image\/webp\" \/>\n<meta name=\"twitter:card\" content=\"summary_large_image\" \/>\n<meta name=\"twitter:label1\" content=\"Tahmini okuma s\u00fcresi\" \/>\n\t<meta name=\"twitter:data1\" content=\"1 dakika\" \/>\n<script type=\"application\/ld+json\" class=\"yoast-schema-graph\">{\"@context\":\"https:\/\/schema.org\",\"@graph\":[{\"@type\":\"WebPage\",\"@id\":\"https:\/\/essenled.com\/product\/rgbtw-5-in-1-led-strip-60leds-5050-led-strip-rgbcct\/\",\"url\":\"https:\/\/essenled.com\/product\/rgbtw-5-in-1-led-strip-60leds-5050-led-strip-rgbcct\/\",\"name\":\"RGBTW 5 IN 1 LED Strip 60LEDs 5050 LED Strip RGB+CCT - ESSENLED\",\"isPartOf\":{\"@id\":\"https:\/\/essenled.com\/#website\"},\"primaryImageOfPage\":{\"@id\":\"https:\/\/essenled.com\/product\/rgbtw-5-in-1-led-strip-60leds-5050-led-strip-rgbcct\/#primaryimage\"},\"image\":{\"@id\":\"https:\/\/essenled.com\/product\/rgbtw-5-in-1-led-strip-60leds-5050-led-strip-rgbcct\/#primaryimage\"},\"thumbnailUrl\":\"https:\/\/essenled.com\/wp-content\/uploads\/2024\/02\/5-in-1-LED-Strip-Light-with-RGB-Tunable-White-1.webp\",\"datePublished\":\"2024-02-27T05:29:55+00:00\",\"dateModified\":\"2024-05-31T10:28:58+00:00\",\"description\":\"RGBTW 5 IN 1 LED Strip 60LEDs 5050 LED Strip lights, five different types of LEDs within a single chip package, a wide range of color options.\",\"breadcrumb\":{\"@id\":\"https:\/\/essenled.com\/product\/rgbtw-5-in-1-led-strip-60leds-5050-led-strip-rgbcct\/#breadcrumb\"},\"inLanguage\":\"tr\",\"potentialAction\":[{\"@type\":\"ReadAction\",\"target\":[\"https:\/\/essenled.com\/product\/rgbtw-5-in-1-led-strip-60leds-5050-led-strip-rgbcct\/\"]}]},{\"@type\":\"ImageObject\",\"inLanguage\":\"tr\",\"@id\":\"https:\/\/essenled.com\/product\/rgbtw-5-in-1-led-strip-60leds-5050-led-strip-rgbcct\/#primaryimage\",\"url\":\"https:\/\/essenled.com\/wp-content\/uploads\/2024\/02\/5-in-1-LED-Strip-Light-with-RGB-Tunable-White-1.webp\",\"contentUrl\":\"https:\/\/essenled.com\/wp-content\/uploads\/2024\/02\/5-in-1-LED-Strip-Light-with-RGB-Tunable-White-1.webp\",\"width\":1000,\"height\":1000,\"caption\":\"5 in 1 LED Strip Light with RGB + Tunable White\"},{\"@type\":\"BreadcrumbList\",\"@id\":\"https:\/\/essenled.com\/product\/rgbtw-5-in-1-led-strip-60leds-5050-led-strip-rgbcct\/#breadcrumb\",\"itemListElement\":[{\"@type\":\"ListItem\",\"position\":1,\"name\":\"Home\",\"item\":\"https:\/\/essenled.com\/\"},{\"@type\":\"ListItem\",\"position\":2,\"name\":\"Product\",\"item\":\"https:\/\/essenled.com\/fr\/product\/\"},{\"@type\":\"ListItem\",\"position\":3,\"name\":\"RGBTW 5 IN 1 LED Strip 60LEDs 5050 LED Strip RGB+CCT\"}]},{\"@type\":\"WebSite\",\"@id\":\"https:\/\/essenled.com\/#website\",\"url\":\"https:\/\/essenled.com\/\",\"name\":\"ESSENLED\",\"description\":\"\",\"publisher\":{\"@id\":\"https:\/\/essenled.com\/#organization\"},\"potentialAction\":[{\"@type\":\"SearchAction\",\"target\":{\"@type\":\"EntryPoint\",\"urlTemplate\":\"https:\/\/essenled.com\/?s={search_term_string}\"},\"query-input\":{\"@type\":\"PropertyValueSpecification\",\"valueRequired\":true,\"valueName\":\"search_term_string\"}}],\"inLanguage\":\"tr\"},{\"@type\":\"Organization\",\"@id\":\"https:\/\/essenled.com\/#organization\",\"name\":\"ESSENLED\",\"url\":\"https:\/\/essenled.com\/\",\"logo\":{\"@type\":\"ImageObject\",\"inLanguage\":\"tr\",\"@id\":\"https:\/\/essenled.com\/#\/schema\/logo\/image\/\",\"url\":\"https:\/\/essenled.com\/wp-content\/uploads\/2024\/01\/Essen-logo.png\",\"contentUrl\":\"https:\/\/essenled.com\/wp-content\/uploads\/2024\/01\/Essen-logo.png\",\"width\":800,\"height\":110,\"caption\":\"ESSENLED\"},\"image\":{\"@id\":\"https:\/\/essenled.com\/#\/schema\/logo\/image\/\"}}]}<\/script>\n<!-- \/ Yoast SEO Premium plugin. -->","yoast_head_json":{"title":"RGBTW 5 IN 1 LED \u015eerit 60LEDs 5050 LED \u015eerit RGB+CCT - ESSENLED","description":"RGBTW 5 IN 1 LED \u015eerit 60LEDs 5050 LED \u015eerit \u0131\u015f\u0131klar\u0131, tek bir \u00e7ip paketi i\u00e7inde be\u015f farkl\u0131 LED t\u00fcr\u00fc, \u00e7ok \u00e7e\u015fitli renk se\u00e7enekleri.","robots":{"index":"index","follow":"follow","max-snippet":"max-snippet:-1","max-image-preview":"max-image-preview:large","max-video-preview":"max-video-preview:-1"},"canonical":"https:\/\/essenled.com\/tr\/urun\/rgbtw-5-in-1-led-strip-60leds-5050-led-strip-rgbcct\/","og_locale":"tr_TR","og_type":"article","og_title":"RGBTW 5 IN 1 LED Strip 60LEDs 5050 LED Strip RGB+CCT","og_description":"RGBTW 5 IN 1 LED Strip 60LEDs 5050 LED Strip lights, five different types of LEDs within a single chip package, a wide range of color options.","og_url":"https:\/\/essenled.com\/tr\/urun\/rgbtw-5-in-1-led-strip-60leds-5050-led-strip-rgbcct\/","og_site_name":"ESSENLED","article_modified_time":"2024-05-31T10:28:58+00:00","og_image":[{"width":1000,"height":1000,"url":"https:\/\/essenled.com\/wp-content\/uploads\/2024\/02\/5-in-1-LED-Strip-Light-with-RGB-Tunable-White-1.webp","type":"image\/webp"}],"twitter_card":"summary_large_image","twitter_misc":{"Tahmini okuma s\u00fcresi":"1 dakika"},"schema":{"@context":"https:\/\/schema.org","@graph":[{"@type":"WebPage","@id":"https:\/\/essenled.com\/product\/rgbtw-5-in-1-led-strip-60leds-5050-led-strip-rgbcct\/","url":"https:\/\/essenled.com\/product\/rgbtw-5-in-1-led-strip-60leds-5050-led-strip-rgbcct\/","name":"RGBTW 5 IN 1 LED \u015eerit 60LEDs 5050 LED \u015eerit RGB+CCT - ESSENLED","isPartOf":{"@id":"https:\/\/essenled.com\/#website"},"primaryImageOfPage":{"@id":"https:\/\/essenled.com\/product\/rgbtw-5-in-1-led-strip-60leds-5050-led-strip-rgbcct\/#primaryimage"},"image":{"@id":"https:\/\/essenled.com\/product\/rgbtw-5-in-1-led-strip-60leds-5050-led-strip-rgbcct\/#primaryimage"},"thumbnailUrl":"https:\/\/essenled.com\/wp-content\/uploads\/2024\/02\/5-in-1-LED-Strip-Light-with-RGB-Tunable-White-1.webp","datePublished":"2024-02-27T05:29:55+00:00","dateModified":"2024-05-31T10:28:58+00:00","description":"RGBTW 5 IN 1 LED \u015eerit 60LEDs 5050 LED \u015eerit \u0131\u015f\u0131klar\u0131, tek bir \u00e7ip paketi i\u00e7inde be\u015f farkl\u0131 LED t\u00fcr\u00fc, \u00e7ok \u00e7e\u015fitli renk se\u00e7enekleri.","breadcrumb":{"@id":"https:\/\/essenled.com\/product\/rgbtw-5-in-1-led-strip-60leds-5050-led-strip-rgbcct\/#breadcrumb"},"inLanguage":"tr","potentialAction":[{"@type":"ReadAction","target":["https:\/\/essenled.com\/product\/rgbtw-5-in-1-led-strip-60leds-5050-led-strip-rgbcct\/"]}]},{"@type":"ImageObject","inLanguage":"tr","@id":"https:\/\/essenled.com\/product\/rgbtw-5-in-1-led-strip-60leds-5050-led-strip-rgbcct\/#primaryimage","url":"https:\/\/essenled.com\/wp-content\/uploads\/2024\/02\/5-in-1-LED-Strip-Light-with-RGB-Tunable-White-1.webp","contentUrl":"https:\/\/essenled.com\/wp-content\/uploads\/2024\/02\/5-in-1-LED-Strip-Light-with-RGB-Tunable-White-1.webp","width":1000,"height":1000,"caption":"5 in 1 LED Strip Light with RGB + Tunable White"},{"@type":"BreadcrumbList","@id":"https:\/\/essenled.com\/product\/rgbtw-5-in-1-led-strip-60leds-5050-led-strip-rgbcct\/#breadcrumb","itemListElement":[{"@type":"ListItem","position":1,"name":"Home","item":"https:\/\/essenled.com\/"},{"@type":"ListItem","position":2,"name":"Product","item":"https:\/\/essenled.com\/fr\/product\/"},{"@type":"ListItem","position":3,"name":"RGBTW 5 IN 1 LED Strip 60LEDs 5050 LED Strip RGB+CCT"}]},{"@type":"WebSite","@id":"https:\/\/essenled.com\/#website","url":"https:\/\/essenled.com\/","name":"ESSENLED","description":"","publisher":{"@id":"https:\/\/essenled.com\/#organization"},"potentialAction":[{"@type":"SearchAction","target":{"@type":"EntryPoint","urlTemplate":"https:\/\/essenled.com\/?s={search_term_string}"},"query-input":{"@type":"PropertyValueSpecification","valueRequired":true,"valueName":"search_term_string"}}],"inLanguage":"tr"},{"@type":"Organization","@id":"https:\/\/essenled.com\/#organization","name":"ESSENLED","url":"https:\/\/essenled.com\/","logo":{"@type":"ImageObject","inLanguage":"tr","@id":"https:\/\/essenled.com\/#\/schema\/logo\/image\/","url":"https:\/\/essenled.com\/wp-content\/uploads\/2024\/01\/Essen-logo.png","contentUrl":"https:\/\/essenled.com\/wp-content\/uploads\/2024\/01\/Essen-logo.png","width":800,"height":110,"caption":"ESSENLED"},"image":{"@id":"https:\/\/essenled.com\/#\/schema\/logo\/image\/"}}]}},"_links":{"self":[{"href":"https:\/\/essenled.com\/tr\/wp-json\/wp\/v2\/product\/1265","targetHints":{"allow":["GET"]}}],"collection":[{"href":"https:\/\/essenled.com\/tr\/wp-json\/wp\/v2\/product"}],"about":[{"href":"https:\/\/essenled.com\/tr\/wp-json\/wp\/v2\/types\/product"}],"version-history":[{"count":1,"href":"https:\/\/essenled.com\/tr\/wp-json\/wp\/v2\/product\/1265\/revisions"}],"predecessor-version":[{"id":1272,"href":"https:\/\/essenled.com\/tr\/wp-json\/wp\/v2\/product\/1265\/revisions\/1272"}],"wp:featuredmedia":[{"embeddable":true,"href":"https:\/\/essenled.com\/tr\/wp-json\/wp\/v2\/media\/2116"}],"wp:attachment":[{"href":"https:\/\/essenled.com\/tr\/wp-json\/wp\/v2\/media?parent=1265"}],"wp:term":[{"taxonomy":"product_brand","embeddable":true,"href":"https:\/\/essenled.com\/tr\/wp-json\/wp\/v2\/product_brand?post=1265"},{"taxonomy":"product_cat","embeddable":true,"href":"https:\/\/essenled.com\/tr\/wp-json\/wp\/v2\/product_cat?post=1265"},{"taxonomy":"product_tag","embeddable":true,"href":"https:\/\/essenled.com\/tr\/wp-json\/wp\/v2\/product_tag?post=1265"}],"curies":[{"name":"wp","href":"https:\/\/api.w.org\/{rel}","templated":true}]}}