{"id":1235,"date":"2024-02-26T11:13:17","date_gmt":"2024-02-26T11:13:17","guid":{"rendered":"https:\/\/essenled.com\/?post_type=product&#038;p=1235"},"modified":"2024-05-31T09:43:57","modified_gmt":"2024-05-31T09:43:57","slug":"4-in-1-rgbw-60leds-5050-led-strip-12mm","status":"publish","type":"product","link":"https:\/\/essenled.com\/tr\/urun\/4-in-1-rgbw-60leds-5050-led-strip-12mm\/","title":{"rendered":"4 IN 1 RGBW 60LEDs 5050 LED \u015eerit 19.2W 12MM"},"content":{"rendered":"","protected":false},"excerpt":{"rendered":"<p>4 IN 1 RGBW 60LEDs 5050 LED \u015ferit \u0131\u015f\u0131klar, LED \u0131\u015f\u0131k \u015feridinin tek bir \u00e7ip paketi i\u00e7inde d\u00f6rt farkl\u0131 LED t\u00fcr\u00fcne sahip oldu\u011fu anlam\u0131na gelir, bu yap\u0131land\u0131rma genellikle k\u0131rm\u0131z\u0131, ye\u015fil, mavi ve beyaz LED'leri i\u00e7erir.<\/p>\n<p>RGBW 4'\u00fc 1 arada 60LED 5050 LED \u015ferit \u0131\u015f\u0131klar, 5050 LED \u0131\u015f\u0131k \u015feridi daha geni\u015f bir renk se\u00e7ene\u011fi yelpazesine izin verir ve \u00e7e\u015fitli renklere ek olarak ger\u00e7ek beyaz \u0131\u015f\u0131k \u00fcretebilir.<\/p>\n<p>60leds \/ m, 5050, RGBW 4 IN 1 LED \u015ferit \u0131\u015f\u0131klara sahiptir, bu LED \u015ferit piyasada nispeten pop\u00fclerdir. G\u00fc\u00e7, metre ba\u015f\u0131na 19,2 W olup, y\u00fcksek g\u00fc\u00e7 ve parlakl\u0131kta bir LED \u015ferit olarak kabul edilir.<\/p>\n<p>Bu RGBW 4 1 LED \u0131\u015f\u0131k \u015feridi, 12MM kart boyutuna ve orta geni\u015flikte bir profile sahiptir, hem 12V hem de 24V mevcuttur, kurulum esnekli\u011fi ve farkl\u0131 sistemlerle uyumluluk sa\u011flar.<\/p>","protected":false},"featured_media":2115,"template":"","meta":{"_kad_post_transparent":"default","_kad_post_title":"","_kad_post_layout":"default","_kad_post_sidebar_id":"","_kad_post_content_style":"default","_kad_post_vertical_padding":"default","_kad_post_feature":"","_kad_post_feature_position":"","_kad_post_header":false,"_kad_post_footer":false,"_kad_post_classname":""},"product_brand":[],"product_cat":[29,31],"product_tag":[404,403,406,401,405,402],"class_list":{"0":"post-1235","1":"product","2":"type-product","3":"status-publish","4":"has-post-thumbnail","6":"product_cat-led-strip","7":"product_cat-rgbx-series","8":"product_tag-24v-4-in-1-rgbw-led-strip-60leds","9":"product_tag-24v-4-in-1-smd-5050-rgbw","10":"product_tag-4-color-in-1-chip-rgbw-12mm","11":"product_tag-5050-60leds-4in1-rgbw-led-strip","12":"product_tag-5050-led-strip-19-2w-4-color-in-1-chip","13":"product_tag-5050-led-strip-4-color-in-1-chip","15":"first","16":"instock","17":"shipping-taxable","18":"product-type-simple","19":"entry","20":"content-bg","21":"loop-entry"},"yoast_head":"<!-- This site is optimized with the Yoast SEO Premium plugin v24.3 (Yoast SEO v26.7) - https:\/\/yoast.com\/wordpress\/plugins\/seo\/ -->\n<title>4 IN 1 RGBW 60LEDs 5050 LED Strip 19.2W 12MM - ESSENLED<\/title>\n<meta name=\"description\" content=\"4 IN 1 RGBW 60LEDs 5050 LED strip lights, means the LED light strip has four different types of LEDs within a single chip package.\" \/>\n<meta name=\"robots\" content=\"index, follow, max-snippet:-1, max-image-preview:large, max-video-preview:-1\" \/>\n<link rel=\"canonical\" href=\"https:\/\/essenled.com\/tr\/urun\/4-in-1-rgbw-60leds-5050-led-strip-12mm\/\" \/>\n<meta property=\"og:locale\" content=\"tr_TR\" \/>\n<meta property=\"og:type\" content=\"article\" \/>\n<meta property=\"og:title\" content=\"4 IN 1 RGBW 60LEDs 5050 LED Strip 19.2W 12MM\" \/>\n<meta property=\"og:description\" content=\"4 IN 1 RGBW 60LEDs 5050 LED strip lights, means the LED light strip has four different types of LEDs within a single chip package.\" \/>\n<meta property=\"og:url\" content=\"https:\/\/essenled.com\/tr\/urun\/4-in-1-rgbw-60leds-5050-led-strip-12mm\/\" \/>\n<meta property=\"og:site_name\" content=\"ESSENLED\" \/>\n<meta property=\"article:modified_time\" content=\"2024-05-31T09:43:57+00:00\" \/>\n<meta property=\"og:image\" content=\"https:\/\/essenled.com\/wp-content\/uploads\/2024\/02\/SMD5050-LED-Strip-4-Color-in-1-Chip.webp\" \/>\n\t<meta property=\"og:image:width\" content=\"1000\" \/>\n\t<meta property=\"og:image:height\" content=\"1000\" \/>\n\t<meta property=\"og:image:type\" content=\"image\/webp\" \/>\n<meta name=\"twitter:card\" content=\"summary_large_image\" \/>\n<meta name=\"twitter:label1\" content=\"Tahmini okuma s\u00fcresi\" \/>\n\t<meta name=\"twitter:data1\" content=\"1 dakika\" \/>\n<script type=\"application\/ld+json\" class=\"yoast-schema-graph\">{\"@context\":\"https:\/\/schema.org\",\"@graph\":[{\"@type\":\"WebPage\",\"@id\":\"https:\/\/essenled.com\/product\/4-in-1-rgbw-60leds-5050-led-strip-12mm\/\",\"url\":\"https:\/\/essenled.com\/product\/4-in-1-rgbw-60leds-5050-led-strip-12mm\/\",\"name\":\"4 IN 1 RGBW 60LEDs 5050 LED Strip 19.2W 12MM - ESSENLED\",\"isPartOf\":{\"@id\":\"https:\/\/essenled.com\/#website\"},\"primaryImageOfPage\":{\"@id\":\"https:\/\/essenled.com\/product\/4-in-1-rgbw-60leds-5050-led-strip-12mm\/#primaryimage\"},\"image\":{\"@id\":\"https:\/\/essenled.com\/product\/4-in-1-rgbw-60leds-5050-led-strip-12mm\/#primaryimage\"},\"thumbnailUrl\":\"https:\/\/essenled.com\/wp-content\/uploads\/2024\/02\/SMD5050-LED-Strip-4-Color-in-1-Chip.webp\",\"datePublished\":\"2024-02-26T11:13:17+00:00\",\"dateModified\":\"2024-05-31T09:43:57+00:00\",\"description\":\"4 IN 1 RGBW 60LEDs 5050 LED strip lights, means the LED light strip has four different types of LEDs within a single chip package.\",\"breadcrumb\":{\"@id\":\"https:\/\/essenled.com\/product\/4-in-1-rgbw-60leds-5050-led-strip-12mm\/#breadcrumb\"},\"inLanguage\":\"tr\",\"potentialAction\":[{\"@type\":\"ReadAction\",\"target\":[\"https:\/\/essenled.com\/product\/4-in-1-rgbw-60leds-5050-led-strip-12mm\/\"]}]},{\"@type\":\"ImageObject\",\"inLanguage\":\"tr\",\"@id\":\"https:\/\/essenled.com\/product\/4-in-1-rgbw-60leds-5050-led-strip-12mm\/#primaryimage\",\"url\":\"https:\/\/essenled.com\/wp-content\/uploads\/2024\/02\/SMD5050-LED-Strip-4-Color-in-1-Chip.webp\",\"contentUrl\":\"https:\/\/essenled.com\/wp-content\/uploads\/2024\/02\/SMD5050-LED-Strip-4-Color-in-1-Chip.webp\",\"width\":1000,\"height\":1000,\"caption\":\"SMD5050 LED Strip 4 Color in 1 Chip\"},{\"@type\":\"BreadcrumbList\",\"@id\":\"https:\/\/essenled.com\/product\/4-in-1-rgbw-60leds-5050-led-strip-12mm\/#breadcrumb\",\"itemListElement\":[{\"@type\":\"ListItem\",\"position\":1,\"name\":\"Home\",\"item\":\"https:\/\/essenled.com\/\"},{\"@type\":\"ListItem\",\"position\":2,\"name\":\"Product\",\"item\":\"https:\/\/essenled.com\/fr\/product\/\"},{\"@type\":\"ListItem\",\"position\":3,\"name\":\"4 IN 1 RGBW 60LEDs 5050 LED Strip 19.2W 12MM\"}]},{\"@type\":\"WebSite\",\"@id\":\"https:\/\/essenled.com\/#website\",\"url\":\"https:\/\/essenled.com\/\",\"name\":\"ESSENLED\",\"description\":\"\",\"publisher\":{\"@id\":\"https:\/\/essenled.com\/#organization\"},\"potentialAction\":[{\"@type\":\"SearchAction\",\"target\":{\"@type\":\"EntryPoint\",\"urlTemplate\":\"https:\/\/essenled.com\/?s={search_term_string}\"},\"query-input\":{\"@type\":\"PropertyValueSpecification\",\"valueRequired\":true,\"valueName\":\"search_term_string\"}}],\"inLanguage\":\"tr\"},{\"@type\":\"Organization\",\"@id\":\"https:\/\/essenled.com\/#organization\",\"name\":\"ESSENLED\",\"url\":\"https:\/\/essenled.com\/\",\"logo\":{\"@type\":\"ImageObject\",\"inLanguage\":\"tr\",\"@id\":\"https:\/\/essenled.com\/#\/schema\/logo\/image\/\",\"url\":\"https:\/\/essenled.com\/wp-content\/uploads\/2024\/01\/Essen-logo.png\",\"contentUrl\":\"https:\/\/essenled.com\/wp-content\/uploads\/2024\/01\/Essen-logo.png\",\"width\":800,\"height\":110,\"caption\":\"ESSENLED\"},\"image\":{\"@id\":\"https:\/\/essenled.com\/#\/schema\/logo\/image\/\"}}]}<\/script>\n<!-- \/ Yoast SEO Premium plugin. -->","yoast_head_json":{"title":"4 IN 1 RGBW 60LEDs 5050 LED \u015eerit 19.2W 12MM - ESSENLED","description":"4 IN 1 RGBW 60LEDs 5050 LED \u015ferit \u0131\u015f\u0131klar, LED \u0131\u015f\u0131k \u015feridinin tek bir \u00e7ip paketi i\u00e7inde d\u00f6rt farkl\u0131 LED t\u00fcr\u00fcne sahip oldu\u011fu anlam\u0131na gelir.","robots":{"index":"index","follow":"follow","max-snippet":"max-snippet:-1","max-image-preview":"max-image-preview:large","max-video-preview":"max-video-preview:-1"},"canonical":"https:\/\/essenled.com\/tr\/urun\/4-in-1-rgbw-60leds-5050-led-strip-12mm\/","og_locale":"tr_TR","og_type":"article","og_title":"4 IN 1 RGBW 60LEDs 5050 LED Strip 19.2W 12MM","og_description":"4 IN 1 RGBW 60LEDs 5050 LED strip lights, means the LED light strip has four different types of LEDs within a single chip package.","og_url":"https:\/\/essenled.com\/tr\/urun\/4-in-1-rgbw-60leds-5050-led-strip-12mm\/","og_site_name":"ESSENLED","article_modified_time":"2024-05-31T09:43:57+00:00","og_image":[{"width":1000,"height":1000,"url":"https:\/\/essenled.com\/wp-content\/uploads\/2024\/02\/SMD5050-LED-Strip-4-Color-in-1-Chip.webp","type":"image\/webp"}],"twitter_card":"summary_large_image","twitter_misc":{"Tahmini okuma s\u00fcresi":"1 dakika"},"schema":{"@context":"https:\/\/schema.org","@graph":[{"@type":"WebPage","@id":"https:\/\/essenled.com\/product\/4-in-1-rgbw-60leds-5050-led-strip-12mm\/","url":"https:\/\/essenled.com\/product\/4-in-1-rgbw-60leds-5050-led-strip-12mm\/","name":"4 IN 1 RGBW 60LEDs 5050 LED \u015eerit 19.2W 12MM - ESSENLED","isPartOf":{"@id":"https:\/\/essenled.com\/#website"},"primaryImageOfPage":{"@id":"https:\/\/essenled.com\/product\/4-in-1-rgbw-60leds-5050-led-strip-12mm\/#primaryimage"},"image":{"@id":"https:\/\/essenled.com\/product\/4-in-1-rgbw-60leds-5050-led-strip-12mm\/#primaryimage"},"thumbnailUrl":"https:\/\/essenled.com\/wp-content\/uploads\/2024\/02\/SMD5050-LED-Strip-4-Color-in-1-Chip.webp","datePublished":"2024-02-26T11:13:17+00:00","dateModified":"2024-05-31T09:43:57+00:00","description":"4 IN 1 RGBW 60LEDs 5050 LED \u015ferit \u0131\u015f\u0131klar, LED \u0131\u015f\u0131k \u015feridinin tek bir \u00e7ip paketi i\u00e7inde d\u00f6rt farkl\u0131 LED t\u00fcr\u00fcne sahip oldu\u011fu anlam\u0131na gelir.","breadcrumb":{"@id":"https:\/\/essenled.com\/product\/4-in-1-rgbw-60leds-5050-led-strip-12mm\/#breadcrumb"},"inLanguage":"tr","potentialAction":[{"@type":"ReadAction","target":["https:\/\/essenled.com\/product\/4-in-1-rgbw-60leds-5050-led-strip-12mm\/"]}]},{"@type":"ImageObject","inLanguage":"tr","@id":"https:\/\/essenled.com\/product\/4-in-1-rgbw-60leds-5050-led-strip-12mm\/#primaryimage","url":"https:\/\/essenled.com\/wp-content\/uploads\/2024\/02\/SMD5050-LED-Strip-4-Color-in-1-Chip.webp","contentUrl":"https:\/\/essenled.com\/wp-content\/uploads\/2024\/02\/SMD5050-LED-Strip-4-Color-in-1-Chip.webp","width":1000,"height":1000,"caption":"SMD5050 LED Strip 4 Color in 1 Chip"},{"@type":"BreadcrumbList","@id":"https:\/\/essenled.com\/product\/4-in-1-rgbw-60leds-5050-led-strip-12mm\/#breadcrumb","itemListElement":[{"@type":"ListItem","position":1,"name":"Home","item":"https:\/\/essenled.com\/"},{"@type":"ListItem","position":2,"name":"Product","item":"https:\/\/essenled.com\/fr\/product\/"},{"@type":"ListItem","position":3,"name":"4 IN 1 RGBW 60LEDs 5050 LED Strip 19.2W 12MM"}]},{"@type":"WebSite","@id":"https:\/\/essenled.com\/#website","url":"https:\/\/essenled.com\/","name":"ESSENLED","description":"","publisher":{"@id":"https:\/\/essenled.com\/#organization"},"potentialAction":[{"@type":"SearchAction","target":{"@type":"EntryPoint","urlTemplate":"https:\/\/essenled.com\/?s={search_term_string}"},"query-input":{"@type":"PropertyValueSpecification","valueRequired":true,"valueName":"search_term_string"}}],"inLanguage":"tr"},{"@type":"Organization","@id":"https:\/\/essenled.com\/#organization","name":"ESSENLED","url":"https:\/\/essenled.com\/","logo":{"@type":"ImageObject","inLanguage":"tr","@id":"https:\/\/essenled.com\/#\/schema\/logo\/image\/","url":"https:\/\/essenled.com\/wp-content\/uploads\/2024\/01\/Essen-logo.png","contentUrl":"https:\/\/essenled.com\/wp-content\/uploads\/2024\/01\/Essen-logo.png","width":800,"height":110,"caption":"ESSENLED"},"image":{"@id":"https:\/\/essenled.com\/#\/schema\/logo\/image\/"}}]}},"_links":{"self":[{"href":"https:\/\/essenled.com\/tr\/wp-json\/wp\/v2\/product\/1235","targetHints":{"allow":["GET"]}}],"collection":[{"href":"https:\/\/essenled.com\/tr\/wp-json\/wp\/v2\/product"}],"about":[{"href":"https:\/\/essenled.com\/tr\/wp-json\/wp\/v2\/types\/product"}],"version-history":[{"count":1,"href":"https:\/\/essenled.com\/tr\/wp-json\/wp\/v2\/product\/1235\/revisions"}],"predecessor-version":[{"id":1243,"href":"https:\/\/essenled.com\/tr\/wp-json\/wp\/v2\/product\/1235\/revisions\/1243"}],"wp:featuredmedia":[{"embeddable":true,"href":"https:\/\/essenled.com\/tr\/wp-json\/wp\/v2\/media\/2115"}],"wp:attachment":[{"href":"https:\/\/essenled.com\/tr\/wp-json\/wp\/v2\/media?parent=1235"}],"wp:term":[{"taxonomy":"product_brand","embeddable":true,"href":"https:\/\/essenled.com\/tr\/wp-json\/wp\/v2\/product_brand?post=1235"},{"taxonomy":"product_cat","embeddable":true,"href":"https:\/\/essenled.com\/tr\/wp-json\/wp\/v2\/product_cat?post=1235"},{"taxonomy":"product_tag","embeddable":true,"href":"https:\/\/essenled.com\/tr\/wp-json\/wp\/v2\/product_tag?post=1235"}],"curies":[{"name":"wp","href":"https:\/\/api.w.org\/{rel}","templated":true}]}}