{"id":995,"date":"2024-02-22T06:04:18","date_gmt":"2024-02-22T06:04:18","guid":{"rendered":"https:\/\/essenled.com\/?post_type=product&#038;p=995"},"modified":"2024-05-30T03:51:40","modified_gmt":"2024-05-30T03:51:40","slug":"240leds-2216-led-strip-lights-24v","status":"publish","type":"product","link":"https:\/\/essenled.com\/sv\/produkt\/240leds-2216-led-strip-lights-24v\/","title":{"rendered":"2216 LED-ljusband Serie 240LEDs 19,2W 24V"},"content":{"rendered":"","protected":false},"excerpt":{"rendered":"<p>SMD2216 240LEDs LED-lampor med h\u00f6g densitet har ett kompakt LED-arrangemang, de kan leverera f\u00f6rh\u00f6jd ljusstyrka 19,2w\/m utan urskiljbara m\u00f6rka omr\u00e5den.<\/p>\n<p>LED-bandet SMD2216 240LEDs f\u00f6rbrukar 19,2 W per meter och har en smal 10 mm kortbredd, vilket s\u00e4kerst\u00e4ller stabilitet och effektiv v\u00e4rmeavledning f\u00f6r LED-lamporna. Det \u00e4r l\u00e4mpligt f\u00f6r de flesta belysningsprojekt.<\/p>\n<p>Den drivs enbart med 24V DC och erbjuder s\u00e4kerhet, flexibilitet, kompatibilitet, dimmerfunktion, reducering av sp\u00e4nningsfall och fj\u00e4rrstyrning.<\/p>\n<p>SMD2216 240LEDs LED-tape High CRI90+-betyg understryker dess \u00f6verl\u00e4gsna f\u00e4rg\u00e5tergivningsegenskaper, vilket s\u00e4kerst\u00e4ller exakt f\u00e4rg\u00e5tergivning som liknar naturligt ljus och ger optimal f\u00e4rg\u00e5tergivning och klarhet.<\/p>","protected":false},"featured_media":2072,"template":"","meta":{"_kad_post_transparent":"default","_kad_post_title":"","_kad_post_layout":"default","_kad_post_sidebar_id":"","_kad_post_content_style":"default","_kad_post_vertical_padding":"default","_kad_post_feature":"","_kad_post_feature_position":"","_kad_post_header":false,"_kad_post_footer":false,"_kad_post_classname":""},"product_brand":[],"product_cat":[29,766],"product_tag":[273,276,275,277,274],"class_list":{"0":"post-995","1":"product","2":"type-product","3":"status-publish","4":"has-post-thumbnail","6":"product_cat-led-strip","7":"product_cat-single-color-series","8":"product_tag-2216-led-strip-240leds","9":"product_tag-240leds-19-2w-cri90","10":"product_tag-240leds-high-density-cri90","11":"product_tag-high-density-19-2w-240leds","12":"product_tag-smd2216-240leds-19-2w","14":"first","15":"instock","16":"shipping-taxable","17":"product-type-simple","18":"entry","19":"content-bg","20":"loop-entry"},"yoast_head":"<!-- This site is optimized with the Yoast SEO Premium plugin v24.3 (Yoast SEO v26.7) - https:\/\/yoast.com\/wordpress\/plugins\/seo\/ -->\n<title>2216 LED Strip Lights Series 240LEDs 19.2W 24V - ESSENLED<\/title>\n<meta name=\"description\" content=\"2216 240LEDs LED strip lights with high density boast a compact LED arrangement, heightened luminosity 19.2w without discernible dark areas.\" \/>\n<meta name=\"robots\" content=\"index, follow, max-snippet:-1, max-image-preview:large, max-video-preview:-1\" \/>\n<link rel=\"canonical\" href=\"https:\/\/essenled.com\/sv\/produkt\/240leds-2216-led-strip-lights-24v\/\" \/>\n<meta property=\"og:locale\" content=\"sv_SE\" \/>\n<meta property=\"og:type\" content=\"article\" \/>\n<meta property=\"og:title\" content=\"2216 LED Strip Lights Series 240LEDs 19.2W 24V\" \/>\n<meta property=\"og:description\" content=\"2216 240LEDs LED strip lights with high density boast a compact LED arrangement, heightened luminosity 19.2w without discernible dark areas.\" \/>\n<meta property=\"og:url\" content=\"https:\/\/essenled.com\/sv\/produkt\/240leds-2216-led-strip-lights-24v\/\" \/>\n<meta property=\"og:site_name\" content=\"ESSENLED\" \/>\n<meta property=\"article:modified_time\" content=\"2024-05-30T03:51:40+00:00\" \/>\n<meta property=\"og:image\" content=\"https:\/\/essenled.com\/wp-content\/uploads\/2024\/02\/SMD2216-240led-meter-strip-light-1.webp\" \/>\n\t<meta property=\"og:image:width\" content=\"1000\" \/>\n\t<meta property=\"og:image:height\" content=\"1000\" \/>\n\t<meta property=\"og:image:type\" content=\"image\/webp\" \/>\n<meta name=\"twitter:card\" content=\"summary_large_image\" \/>\n<meta name=\"twitter:label1\" content=\"Ber\u00e4knad l\u00e4stid\" \/>\n\t<meta name=\"twitter:data1\" content=\"1 minut\" \/>\n<script type=\"application\/ld+json\" class=\"yoast-schema-graph\">{\"@context\":\"https:\/\/schema.org\",\"@graph\":[{\"@type\":\"WebPage\",\"@id\":\"https:\/\/essenled.com\/product\/240leds-2216-led-strip-lights-24v\/\",\"url\":\"https:\/\/essenled.com\/product\/240leds-2216-led-strip-lights-24v\/\",\"name\":\"2216 LED Strip Lights Series 240LEDs 19.2W 24V - ESSENLED\",\"isPartOf\":{\"@id\":\"https:\/\/essenled.com\/#website\"},\"primaryImageOfPage\":{\"@id\":\"https:\/\/essenled.com\/product\/240leds-2216-led-strip-lights-24v\/#primaryimage\"},\"image\":{\"@id\":\"https:\/\/essenled.com\/product\/240leds-2216-led-strip-lights-24v\/#primaryimage\"},\"thumbnailUrl\":\"https:\/\/essenled.com\/wp-content\/uploads\/2024\/02\/SMD2216-240led-meter-strip-light-1.webp\",\"datePublished\":\"2024-02-22T06:04:18+00:00\",\"dateModified\":\"2024-05-30T03:51:40+00:00\",\"description\":\"2216 240LEDs LED strip lights with high density boast a compact LED arrangement, heightened luminosity 19.2w without discernible dark areas.\",\"breadcrumb\":{\"@id\":\"https:\/\/essenled.com\/product\/240leds-2216-led-strip-lights-24v\/#breadcrumb\"},\"inLanguage\":\"sv-SE\",\"potentialAction\":[{\"@type\":\"ReadAction\",\"target\":[\"https:\/\/essenled.com\/product\/240leds-2216-led-strip-lights-24v\/\"]}]},{\"@type\":\"ImageObject\",\"inLanguage\":\"sv-SE\",\"@id\":\"https:\/\/essenled.com\/product\/240leds-2216-led-strip-lights-24v\/#primaryimage\",\"url\":\"https:\/\/essenled.com\/wp-content\/uploads\/2024\/02\/SMD2216-240led-meter-strip-light-1.webp\",\"contentUrl\":\"https:\/\/essenled.com\/wp-content\/uploads\/2024\/02\/SMD2216-240led-meter-strip-light-1.webp\",\"width\":1000,\"height\":1000,\"caption\":\"SMD2216 240led meter strip light\"},{\"@type\":\"BreadcrumbList\",\"@id\":\"https:\/\/essenled.com\/product\/240leds-2216-led-strip-lights-24v\/#breadcrumb\",\"itemListElement\":[{\"@type\":\"ListItem\",\"position\":1,\"name\":\"Home\",\"item\":\"https:\/\/essenled.com\/\"},{\"@type\":\"ListItem\",\"position\":2,\"name\":\"Product\",\"item\":\"https:\/\/essenled.com\/fr\/product\/\"},{\"@type\":\"ListItem\",\"position\":3,\"name\":\"2216 LED Strip Lights Series 240LEDs 19.2W 24V\"}]},{\"@type\":\"WebSite\",\"@id\":\"https:\/\/essenled.com\/#website\",\"url\":\"https:\/\/essenled.com\/\",\"name\":\"ESSENLED\",\"description\":\"\",\"publisher\":{\"@id\":\"https:\/\/essenled.com\/#organization\"},\"potentialAction\":[{\"@type\":\"SearchAction\",\"target\":{\"@type\":\"EntryPoint\",\"urlTemplate\":\"https:\/\/essenled.com\/?s={search_term_string}\"},\"query-input\":{\"@type\":\"PropertyValueSpecification\",\"valueRequired\":true,\"valueName\":\"search_term_string\"}}],\"inLanguage\":\"sv-SE\"},{\"@type\":\"Organization\",\"@id\":\"https:\/\/essenled.com\/#organization\",\"name\":\"ESSENLED\",\"url\":\"https:\/\/essenled.com\/\",\"logo\":{\"@type\":\"ImageObject\",\"inLanguage\":\"sv-SE\",\"@id\":\"https:\/\/essenled.com\/#\/schema\/logo\/image\/\",\"url\":\"https:\/\/essenled.com\/wp-content\/uploads\/2024\/01\/Essen-logo.png\",\"contentUrl\":\"https:\/\/essenled.com\/wp-content\/uploads\/2024\/01\/Essen-logo.png\",\"width\":800,\"height\":110,\"caption\":\"ESSENLED\"},\"image\":{\"@id\":\"https:\/\/essenled.com\/#\/schema\/logo\/image\/\"}}]}<\/script>\n<!-- \/ Yoast SEO Premium plugin. -->","yoast_head_json":{"title":"2216 LED-ljusband Serie 240LEDs 19,2W 24V - ESSENLED","description":"2216 240LEDs LED-lysr\u00f6r med h\u00f6g densitet har ett kompakt LED-arrangemang, f\u00f6rh\u00f6jd ljusstyrka 19,2w utan m\u00e4rkbara m\u00f6rka omr\u00e5den.","robots":{"index":"index","follow":"follow","max-snippet":"max-snippet:-1","max-image-preview":"max-image-preview:large","max-video-preview":"max-video-preview:-1"},"canonical":"https:\/\/essenled.com\/sv\/produkt\/240leds-2216-led-strip-lights-24v\/","og_locale":"sv_SE","og_type":"article","og_title":"2216 LED Strip Lights Series 240LEDs 19.2W 24V","og_description":"2216 240LEDs LED strip lights with high density boast a compact LED arrangement, heightened luminosity 19.2w without discernible dark areas.","og_url":"https:\/\/essenled.com\/sv\/produkt\/240leds-2216-led-strip-lights-24v\/","og_site_name":"ESSENLED","article_modified_time":"2024-05-30T03:51:40+00:00","og_image":[{"width":1000,"height":1000,"url":"https:\/\/essenled.com\/wp-content\/uploads\/2024\/02\/SMD2216-240led-meter-strip-light-1.webp","type":"image\/webp"}],"twitter_card":"summary_large_image","twitter_misc":{"Ber\u00e4knad l\u00e4stid":"1 minut"},"schema":{"@context":"https:\/\/schema.org","@graph":[{"@type":"WebPage","@id":"https:\/\/essenled.com\/product\/240leds-2216-led-strip-lights-24v\/","url":"https:\/\/essenled.com\/product\/240leds-2216-led-strip-lights-24v\/","name":"2216 LED-ljusband Serie 240LEDs 19,2W 24V - ESSENLED","isPartOf":{"@id":"https:\/\/essenled.com\/#website"},"primaryImageOfPage":{"@id":"https:\/\/essenled.com\/product\/240leds-2216-led-strip-lights-24v\/#primaryimage"},"image":{"@id":"https:\/\/essenled.com\/product\/240leds-2216-led-strip-lights-24v\/#primaryimage"},"thumbnailUrl":"https:\/\/essenled.com\/wp-content\/uploads\/2024\/02\/SMD2216-240led-meter-strip-light-1.webp","datePublished":"2024-02-22T06:04:18+00:00","dateModified":"2024-05-30T03:51:40+00:00","description":"2216 240LEDs LED-lysr\u00f6r med h\u00f6g densitet har ett kompakt LED-arrangemang, f\u00f6rh\u00f6jd ljusstyrka 19,2w utan m\u00e4rkbara m\u00f6rka omr\u00e5den.","breadcrumb":{"@id":"https:\/\/essenled.com\/product\/240leds-2216-led-strip-lights-24v\/#breadcrumb"},"inLanguage":"sv-SE","potentialAction":[{"@type":"ReadAction","target":["https:\/\/essenled.com\/product\/240leds-2216-led-strip-lights-24v\/"]}]},{"@type":"ImageObject","inLanguage":"sv-SE","@id":"https:\/\/essenled.com\/product\/240leds-2216-led-strip-lights-24v\/#primaryimage","url":"https:\/\/essenled.com\/wp-content\/uploads\/2024\/02\/SMD2216-240led-meter-strip-light-1.webp","contentUrl":"https:\/\/essenled.com\/wp-content\/uploads\/2024\/02\/SMD2216-240led-meter-strip-light-1.webp","width":1000,"height":1000,"caption":"SMD2216 240led meter strip light"},{"@type":"BreadcrumbList","@id":"https:\/\/essenled.com\/product\/240leds-2216-led-strip-lights-24v\/#breadcrumb","itemListElement":[{"@type":"ListItem","position":1,"name":"Home","item":"https:\/\/essenled.com\/"},{"@type":"ListItem","position":2,"name":"Product","item":"https:\/\/essenled.com\/fr\/product\/"},{"@type":"ListItem","position":3,"name":"2216 LED Strip Lights Series 240LEDs 19.2W 24V"}]},{"@type":"WebSite","@id":"https:\/\/essenled.com\/#website","url":"https:\/\/essenled.com\/","name":"ESSENLED","description":"","publisher":{"@id":"https:\/\/essenled.com\/#organization"},"potentialAction":[{"@type":"SearchAction","target":{"@type":"EntryPoint","urlTemplate":"https:\/\/essenled.com\/?s={search_term_string}"},"query-input":{"@type":"PropertyValueSpecification","valueRequired":true,"valueName":"search_term_string"}}],"inLanguage":"sv-SE"},{"@type":"Organization","@id":"https:\/\/essenled.com\/#organization","name":"ESSENLED","url":"https:\/\/essenled.com\/","logo":{"@type":"ImageObject","inLanguage":"sv-SE","@id":"https:\/\/essenled.com\/#\/schema\/logo\/image\/","url":"https:\/\/essenled.com\/wp-content\/uploads\/2024\/01\/Essen-logo.png","contentUrl":"https:\/\/essenled.com\/wp-content\/uploads\/2024\/01\/Essen-logo.png","width":800,"height":110,"caption":"ESSENLED"},"image":{"@id":"https:\/\/essenled.com\/#\/schema\/logo\/image\/"}}]}},"_links":{"self":[{"href":"https:\/\/essenled.com\/sv\/wp-json\/wp\/v2\/product\/995","targetHints":{"allow":["GET"]}}],"collection":[{"href":"https:\/\/essenled.com\/sv\/wp-json\/wp\/v2\/product"}],"about":[{"href":"https:\/\/essenled.com\/sv\/wp-json\/wp\/v2\/types\/product"}],"version-history":[{"count":2,"href":"https:\/\/essenled.com\/sv\/wp-json\/wp\/v2\/product\/995\/revisions"}],"predecessor-version":[{"id":2073,"href":"https:\/\/essenled.com\/sv\/wp-json\/wp\/v2\/product\/995\/revisions\/2073"}],"wp:featuredmedia":[{"embeddable":true,"href":"https:\/\/essenled.com\/sv\/wp-json\/wp\/v2\/media\/2072"}],"wp:attachment":[{"href":"https:\/\/essenled.com\/sv\/wp-json\/wp\/v2\/media?parent=995"}],"wp:term":[{"taxonomy":"product_brand","embeddable":true,"href":"https:\/\/essenled.com\/sv\/wp-json\/wp\/v2\/product_brand?post=995"},{"taxonomy":"product_cat","embeddable":true,"href":"https:\/\/essenled.com\/sv\/wp-json\/wp\/v2\/product_cat?post=995"},{"taxonomy":"product_tag","embeddable":true,"href":"https:\/\/essenled.com\/sv\/wp-json\/wp\/v2\/product_tag?post=995"}],"curies":[{"name":"wp","href":"https:\/\/api.w.org\/{rel}","templated":true}]}}