{"id":911,"date":"2024-02-18T05:26:42","date_gmt":"2024-02-18T05:26:42","guid":{"rendered":"https:\/\/essenled.com\/?post_type=product&#038;p=911"},"modified":"2024-05-30T04:15:12","modified_gmt":"2024-05-30T04:15:12","slug":"high-density-700leds-2010-led-strip-dotless","status":"publish","type":"product","link":"https:\/\/essenled.com\/sv\/produkt\/high-density-700leds-2010-led-strip-dotless\/","title":{"rendered":"H\u00f6g densitet 700LEDs 2010 LED-remsa Dotless 20W"},"content":{"rendered":"","protected":false},"excerpt":{"rendered":"<p>High-density SMD 2010 700 lysdioder per meter LED-lampor med imponerande 700 lysdioder per meter. Det h\u00e4r \u00e4r en mycket kompakt LED-lampa, och den punktl\u00f6sa designen ger en j\u00e4mn belysning.<\/p>\n<p>SMD 2010 700 led per meter LED-lampor med h\u00f6g densitet, upp till 20w\/m, endast 24 volt \u00e4r tillval. Den h\u00f6ga densiteten och exceptionella ljusstyrkan g\u00f6r den l\u00e4mplig f\u00f6r en m\u00e4ngd olika applikationer.<\/p>\n<p>Upp till 700 led per meter med ett smalt 10 mm PCB-kort. S\u00e5 du m\u00e5ste vara extra uppm\u00e4rksam p\u00e5 fr\u00e5gan om v\u00e4rmeavledning, och du m\u00e5ste anv\u00e4nda LED-aluminiumprofiler f\u00f6r att hj\u00e4lpa LED-remsan att avleda v\u00e4rme och uppr\u00e4tth\u00e5lla ett h\u00e4lsosamt tillst\u00e5nd hela tiden.<\/p>\n<p>Med en CRI95 har denna LED-remsa en exakt f\u00e4rg\u00e5tergivning som p\u00e5minner mycket om naturligt solljus, vilket g\u00f6r den l\u00e4mplig f\u00f6r h\u00f6gkvalitativa och avancerade belysningsprojekt.<\/p>","protected":false},"featured_media":2074,"template":"","meta":{"_kad_post_transparent":"default","_kad_post_title":"","_kad_post_layout":"default","_kad_post_sidebar_id":"","_kad_post_content_style":"default","_kad_post_vertical_padding":"default","_kad_post_feature":"","_kad_post_feature_position":"","_kad_post_header":false,"_kad_post_footer":false,"_kad_post_classname":""},"product_brand":[],"product_cat":[29,766],"product_tag":[220,218,217,216,219],"class_list":{"0":"post-911","1":"product","2":"type-product","3":"status-publish","4":"has-post-thumbnail","6":"product_cat-led-strip","7":"product_cat-single-color-series","8":"product_tag-1808-700leds-20w-cri95","9":"product_tag-2010-led-strip-700leds","10":"product_tag-dot-less-led-strip-700leds","11":"product_tag-flexible-strip-1808-700leds","12":"product_tag-high-density-700leds-20w","14":"first","15":"instock","16":"shipping-taxable","17":"product-type-simple","18":"entry","19":"content-bg","20":"loop-entry"},"yoast_head":"<!-- This site is optimized with the Yoast SEO Premium plugin v24.3 (Yoast SEO v26.7) - https:\/\/yoast.com\/wordpress\/plugins\/seo\/ -->\n<title>High Density 700LEDs 2010 LED Strip Dotless 20W - ESSENLED<\/title>\n<meta name=\"description\" content=\"High-density SMD 2010 700leds\/m LED strip lights boast an impressive 700 LEDs per meter, and its dotless design ensures uniform illumination.\" \/>\n<meta name=\"robots\" content=\"index, follow, max-snippet:-1, max-image-preview:large, max-video-preview:-1\" \/>\n<link rel=\"canonical\" href=\"https:\/\/essenled.com\/sv\/produkt\/high-density-700leds-2010-led-strip-dotless\/\" \/>\n<meta property=\"og:locale\" content=\"sv_SE\" \/>\n<meta property=\"og:type\" content=\"article\" \/>\n<meta property=\"og:title\" content=\"High Density 700LEDs 2010 LED Strip Dotless 20W\" \/>\n<meta property=\"og:description\" content=\"High-density SMD 2010 700leds\/m LED strip lights boast an impressive 700 LEDs per meter, and its dotless design ensures uniform illumination.\" \/>\n<meta property=\"og:url\" content=\"https:\/\/essenled.com\/sv\/produkt\/high-density-700leds-2010-led-strip-dotless\/\" \/>\n<meta property=\"og:site_name\" content=\"ESSENLED\" \/>\n<meta property=\"article:modified_time\" content=\"2024-05-30T04:15:12+00:00\" \/>\n<meta property=\"og:image\" content=\"https:\/\/essenled.com\/wp-content\/uploads\/2024\/02\/2010-Led-Strip-700led-Strip-1.webp\" \/>\n\t<meta property=\"og:image:width\" content=\"1000\" \/>\n\t<meta property=\"og:image:height\" content=\"1000\" \/>\n\t<meta property=\"og:image:type\" content=\"image\/webp\" \/>\n<meta name=\"twitter:card\" content=\"summary_large_image\" \/>\n<meta name=\"twitter:label1\" content=\"Ber\u00e4knad l\u00e4stid\" \/>\n\t<meta name=\"twitter:data1\" content=\"1 minut\" \/>\n<script type=\"application\/ld+json\" class=\"yoast-schema-graph\">{\"@context\":\"https:\/\/schema.org\",\"@graph\":[{\"@type\":\"WebPage\",\"@id\":\"https:\/\/essenled.com\/product\/high-density-700leds-2010-led-strip-dotless\/\",\"url\":\"https:\/\/essenled.com\/product\/high-density-700leds-2010-led-strip-dotless\/\",\"name\":\"High Density 700LEDs 2010 LED Strip Dotless 20W - ESSENLED\",\"isPartOf\":{\"@id\":\"https:\/\/essenled.com\/#website\"},\"primaryImageOfPage\":{\"@id\":\"https:\/\/essenled.com\/product\/high-density-700leds-2010-led-strip-dotless\/#primaryimage\"},\"image\":{\"@id\":\"https:\/\/essenled.com\/product\/high-density-700leds-2010-led-strip-dotless\/#primaryimage\"},\"thumbnailUrl\":\"https:\/\/essenled.com\/wp-content\/uploads\/2024\/02\/2010-Led-Strip-700led-Strip-1.webp\",\"datePublished\":\"2024-02-18T05:26:42+00:00\",\"dateModified\":\"2024-05-30T04:15:12+00:00\",\"description\":\"High-density SMD 2010 700leds\/m LED strip lights boast an impressive 700 LEDs per meter, and its dotless design ensures uniform illumination.\",\"breadcrumb\":{\"@id\":\"https:\/\/essenled.com\/product\/high-density-700leds-2010-led-strip-dotless\/#breadcrumb\"},\"inLanguage\":\"sv-SE\",\"potentialAction\":[{\"@type\":\"ReadAction\",\"target\":[\"https:\/\/essenled.com\/product\/high-density-700leds-2010-led-strip-dotless\/\"]}]},{\"@type\":\"ImageObject\",\"inLanguage\":\"sv-SE\",\"@id\":\"https:\/\/essenled.com\/product\/high-density-700leds-2010-led-strip-dotless\/#primaryimage\",\"url\":\"https:\/\/essenled.com\/wp-content\/uploads\/2024\/02\/2010-Led-Strip-700led-Strip-1.webp\",\"contentUrl\":\"https:\/\/essenled.com\/wp-content\/uploads\/2024\/02\/2010-Led-Strip-700led-Strip-1.webp\",\"width\":1000,\"height\":1000,\"caption\":\"2010 Led Strip 700led Strip\"},{\"@type\":\"BreadcrumbList\",\"@id\":\"https:\/\/essenled.com\/product\/high-density-700leds-2010-led-strip-dotless\/#breadcrumb\",\"itemListElement\":[{\"@type\":\"ListItem\",\"position\":1,\"name\":\"Home\",\"item\":\"https:\/\/essenled.com\/\"},{\"@type\":\"ListItem\",\"position\":2,\"name\":\"Product\",\"item\":\"https:\/\/essenled.com\/fr\/product\/\"},{\"@type\":\"ListItem\",\"position\":3,\"name\":\"High Density 700LEDs 2010 LED Strip Dotless 20W\"}]},{\"@type\":\"WebSite\",\"@id\":\"https:\/\/essenled.com\/#website\",\"url\":\"https:\/\/essenled.com\/\",\"name\":\"ESSENLED\",\"description\":\"\",\"publisher\":{\"@id\":\"https:\/\/essenled.com\/#organization\"},\"potentialAction\":[{\"@type\":\"SearchAction\",\"target\":{\"@type\":\"EntryPoint\",\"urlTemplate\":\"https:\/\/essenled.com\/?s={search_term_string}\"},\"query-input\":{\"@type\":\"PropertyValueSpecification\",\"valueRequired\":true,\"valueName\":\"search_term_string\"}}],\"inLanguage\":\"sv-SE\"},{\"@type\":\"Organization\",\"@id\":\"https:\/\/essenled.com\/#organization\",\"name\":\"ESSENLED\",\"url\":\"https:\/\/essenled.com\/\",\"logo\":{\"@type\":\"ImageObject\",\"inLanguage\":\"sv-SE\",\"@id\":\"https:\/\/essenled.com\/#\/schema\/logo\/image\/\",\"url\":\"https:\/\/essenled.com\/wp-content\/uploads\/2024\/01\/Essen-logo.png\",\"contentUrl\":\"https:\/\/essenled.com\/wp-content\/uploads\/2024\/01\/Essen-logo.png\",\"width\":800,\"height\":110,\"caption\":\"ESSENLED\"},\"image\":{\"@id\":\"https:\/\/essenled.com\/#\/schema\/logo\/image\/\"}}]}<\/script>\n<!-- \/ Yoast SEO Premium plugin. -->","yoast_head_json":{"title":"H\u00f6g densitet 700LEDs 2010 LED-remsa Dotless 20W - ESSENLED","description":"High-density SMD 2010 700leds\/m LED-lister har imponerande 700 lysdioder per meter, och den punktl\u00f6sa designen s\u00e4kerst\u00e4ller j\u00e4mn belysning.","robots":{"index":"index","follow":"follow","max-snippet":"max-snippet:-1","max-image-preview":"max-image-preview:large","max-video-preview":"max-video-preview:-1"},"canonical":"https:\/\/essenled.com\/sv\/produkt\/high-density-700leds-2010-led-strip-dotless\/","og_locale":"sv_SE","og_type":"article","og_title":"High Density 700LEDs 2010 LED Strip Dotless 20W","og_description":"High-density SMD 2010 700leds\/m LED strip lights boast an impressive 700 LEDs per meter, and its dotless design ensures uniform illumination.","og_url":"https:\/\/essenled.com\/sv\/produkt\/high-density-700leds-2010-led-strip-dotless\/","og_site_name":"ESSENLED","article_modified_time":"2024-05-30T04:15:12+00:00","og_image":[{"width":1000,"height":1000,"url":"https:\/\/essenled.com\/wp-content\/uploads\/2024\/02\/2010-Led-Strip-700led-Strip-1.webp","type":"image\/webp"}],"twitter_card":"summary_large_image","twitter_misc":{"Ber\u00e4knad l\u00e4stid":"1 minut"},"schema":{"@context":"https:\/\/schema.org","@graph":[{"@type":"WebPage","@id":"https:\/\/essenled.com\/product\/high-density-700leds-2010-led-strip-dotless\/","url":"https:\/\/essenled.com\/product\/high-density-700leds-2010-led-strip-dotless\/","name":"H\u00f6g densitet 700LEDs 2010 LED-remsa Dotless 20W - ESSENLED","isPartOf":{"@id":"https:\/\/essenled.com\/#website"},"primaryImageOfPage":{"@id":"https:\/\/essenled.com\/product\/high-density-700leds-2010-led-strip-dotless\/#primaryimage"},"image":{"@id":"https:\/\/essenled.com\/product\/high-density-700leds-2010-led-strip-dotless\/#primaryimage"},"thumbnailUrl":"https:\/\/essenled.com\/wp-content\/uploads\/2024\/02\/2010-Led-Strip-700led-Strip-1.webp","datePublished":"2024-02-18T05:26:42+00:00","dateModified":"2024-05-30T04:15:12+00:00","description":"High-density SMD 2010 700leds\/m LED-lister har imponerande 700 lysdioder per meter, och den punktl\u00f6sa designen s\u00e4kerst\u00e4ller j\u00e4mn belysning.","breadcrumb":{"@id":"https:\/\/essenled.com\/product\/high-density-700leds-2010-led-strip-dotless\/#breadcrumb"},"inLanguage":"sv-SE","potentialAction":[{"@type":"ReadAction","target":["https:\/\/essenled.com\/product\/high-density-700leds-2010-led-strip-dotless\/"]}]},{"@type":"ImageObject","inLanguage":"sv-SE","@id":"https:\/\/essenled.com\/product\/high-density-700leds-2010-led-strip-dotless\/#primaryimage","url":"https:\/\/essenled.com\/wp-content\/uploads\/2024\/02\/2010-Led-Strip-700led-Strip-1.webp","contentUrl":"https:\/\/essenled.com\/wp-content\/uploads\/2024\/02\/2010-Led-Strip-700led-Strip-1.webp","width":1000,"height":1000,"caption":"2010 Led Strip 700led Strip"},{"@type":"BreadcrumbList","@id":"https:\/\/essenled.com\/product\/high-density-700leds-2010-led-strip-dotless\/#breadcrumb","itemListElement":[{"@type":"ListItem","position":1,"name":"Home","item":"https:\/\/essenled.com\/"},{"@type":"ListItem","position":2,"name":"Product","item":"https:\/\/essenled.com\/fr\/product\/"},{"@type":"ListItem","position":3,"name":"High Density 700LEDs 2010 LED Strip Dotless 20W"}]},{"@type":"WebSite","@id":"https:\/\/essenled.com\/#website","url":"https:\/\/essenled.com\/","name":"ESSENLED","description":"","publisher":{"@id":"https:\/\/essenled.com\/#organization"},"potentialAction":[{"@type":"SearchAction","target":{"@type":"EntryPoint","urlTemplate":"https:\/\/essenled.com\/?s={search_term_string}"},"query-input":{"@type":"PropertyValueSpecification","valueRequired":true,"valueName":"search_term_string"}}],"inLanguage":"sv-SE"},{"@type":"Organization","@id":"https:\/\/essenled.com\/#organization","name":"ESSENLED","url":"https:\/\/essenled.com\/","logo":{"@type":"ImageObject","inLanguage":"sv-SE","@id":"https:\/\/essenled.com\/#\/schema\/logo\/image\/","url":"https:\/\/essenled.com\/wp-content\/uploads\/2024\/01\/Essen-logo.png","contentUrl":"https:\/\/essenled.com\/wp-content\/uploads\/2024\/01\/Essen-logo.png","width":800,"height":110,"caption":"ESSENLED"},"image":{"@id":"https:\/\/essenled.com\/#\/schema\/logo\/image\/"}}]}},"_links":{"self":[{"href":"https:\/\/essenled.com\/sv\/wp-json\/wp\/v2\/product\/911","targetHints":{"allow":["GET"]}}],"collection":[{"href":"https:\/\/essenled.com\/sv\/wp-json\/wp\/v2\/product"}],"about":[{"href":"https:\/\/essenled.com\/sv\/wp-json\/wp\/v2\/types\/product"}],"version-history":[{"count":1,"href":"https:\/\/essenled.com\/sv\/wp-json\/wp\/v2\/product\/911\/revisions"}],"predecessor-version":[{"id":918,"href":"https:\/\/essenled.com\/sv\/wp-json\/wp\/v2\/product\/911\/revisions\/918"}],"wp:featuredmedia":[{"embeddable":true,"href":"https:\/\/essenled.com\/sv\/wp-json\/wp\/v2\/media\/2074"}],"wp:attachment":[{"href":"https:\/\/essenled.com\/sv\/wp-json\/wp\/v2\/media?parent=911"}],"wp:term":[{"taxonomy":"product_brand","embeddable":true,"href":"https:\/\/essenled.com\/sv\/wp-json\/wp\/v2\/product_brand?post=911"},{"taxonomy":"product_cat","embeddable":true,"href":"https:\/\/essenled.com\/sv\/wp-json\/wp\/v2\/product_cat?post=911"},{"taxonomy":"product_tag","embeddable":true,"href":"https:\/\/essenled.com\/sv\/wp-json\/wp\/v2\/product_tag?post=911"}],"curies":[{"name":"wp","href":"https:\/\/api.w.org\/{rel}","templated":true}]}}