{"id":836,"date":"2024-02-15T10:29:44","date_gmt":"2024-02-15T10:29:44","guid":{"rendered":"https:\/\/essenled.com\/?post_type=product&#038;p=836"},"modified":"2024-05-29T11:27:34","modified_gmt":"2024-05-29T11:27:34","slug":"3528-led-strip-lights-series-high-density-24v-cri95","status":"publish","type":"product","link":"https:\/\/essenled.com\/sv\/produkt\/3528-led-strip-lights-series-high-density-24v-cri95\/","title":{"rendered":"3528 LED-lampor med h\u00f6g densitet 12V 24V CRI95"},"content":{"rendered":"","protected":false},"excerpt":{"rendered":"<p>SMD3528 LED-ljusremsor, vilket inneb\u00e4r att t\u00e4theten av lysdioder i denna LED-ljusremsa \u00e4r mycket h\u00f6g, vilket hj\u00e4lper till att ge ett konsekvent och enhetligt ljus.<\/p>\n<p>Denna LED-remsa st\u00f6der b\u00e5de 12V och 24V, olika m\u00e4ngder lysdioder \/ per, klippl\u00e4ngden \u00e4r annorlunda. D\u00e4rf\u00f6r ges flexibilitet i installation och anv\u00e4ndning.<\/p>\n<p>Dess wattal \u00e4r 4,8w-19,2w \/ m, det \u00e4r en enradig br\u00e4da 8-15mm valfri, och den ger ocks\u00e5 en relativt ljus utg\u00e5ng. D\u00e4rf\u00f6r \u00e4r denna LED-remsa med 240leds\/m l\u00e4mplig f\u00f6r applikationer som kr\u00e4ver h\u00f6g ljusstyrka och korrekt f\u00e4rg\u00e5tergivning.<\/p>\n<p>Den konventionella f\u00e4rgtemperaturen f\u00f6r 3528 LED-remsor \u00e4r 1800K-6000K, och m\u00e5nga f\u00e4rgtemperaturer kan anpassas. Dessutom st\u00f6ds CRI95+, du kan v\u00e4lja CRI95+ enligt ditt belysningsprojekt.<\/p>","protected":false},"featured_media":2059,"template":"","meta":{"_kad_post_transparent":"default","_kad_post_title":"","_kad_post_layout":"default","_kad_post_sidebar_id":"","_kad_post_content_style":"default","_kad_post_vertical_padding":"default","_kad_post_feature":"","_kad_post_feature_position":"","_kad_post_header":false,"_kad_post_footer":false,"_kad_post_classname":""},"product_brand":[],"product_cat":[29,766],"product_tag":[163,159,156,157,158,160,161,162],"class_list":{"0":"post-836","1":"product","2":"type-product","3":"status-publish","4":"has-post-thumbnail","6":"product_cat-led-strip","7":"product_cat-single-color-series","8":"product_tag-3528-led-strip-240leds-12v-24v","9":"product_tag-3528-led-strip-24v-240leds","10":"product_tag-cri90-3528-240leds-led-strip","11":"product_tag-dc24v-high-density-240leds","12":"product_tag-dc24v-single-row-high-density","13":"product_tag-high-density-3528-240leds","14":"product_tag-led-strip-smd3528-240leds","15":"product_tag-single-row-smd-3528-240leds","17":"first","18":"instock","19":"shipping-taxable","20":"product-type-simple","21":"entry","22":"content-bg","23":"loop-entry"},"yoast_head":"<!-- This site is optimized with the Yoast SEO Premium plugin v24.3 (Yoast SEO v26.7) - https:\/\/yoast.com\/wordpress\/plugins\/seo\/ -->\n<title>3528 LED Strip Lights Series High Density 12V 24V CRI95 - ESSENLED<\/title>\n<meta name=\"description\" content=\"3528 LED Strip Lights Series High Density, the density of LEDs in this LED strip is very high, helps to output consistent and uniform light.\" \/>\n<meta name=\"robots\" content=\"index, follow, max-snippet:-1, max-image-preview:large, max-video-preview:-1\" \/>\n<link rel=\"canonical\" href=\"https:\/\/essenled.com\/sv\/produkt\/3528-led-strip-lights-series-high-density-24v-cri95\/\" \/>\n<meta property=\"og:locale\" content=\"sv_SE\" \/>\n<meta property=\"og:type\" content=\"article\" \/>\n<meta property=\"og:title\" content=\"3528 LED Strip Lights Series High Density 12V 24V CRI95\" \/>\n<meta property=\"og:description\" content=\"3528 LED Strip Lights Series High Density, the density of LEDs in this LED strip is very high, helps to output consistent and uniform light.\" \/>\n<meta property=\"og:url\" content=\"https:\/\/essenled.com\/sv\/produkt\/3528-led-strip-lights-series-high-density-24v-cri95\/\" \/>\n<meta property=\"og:site_name\" content=\"ESSENLED\" \/>\n<meta property=\"article:modified_time\" content=\"2024-05-29T11:27:34+00:00\" \/>\n<meta property=\"og:image\" content=\"https:\/\/essenled.com\/wp-content\/uploads\/2024\/02\/Indoor-12V-24V-3528-LED-Tape-Light.webp\" \/>\n\t<meta property=\"og:image:width\" content=\"1000\" \/>\n\t<meta property=\"og:image:height\" content=\"1000\" \/>\n\t<meta property=\"og:image:type\" content=\"image\/webp\" \/>\n<meta name=\"twitter:card\" content=\"summary_large_image\" \/>\n<meta name=\"twitter:label1\" content=\"Ber\u00e4knad l\u00e4stid\" \/>\n\t<meta name=\"twitter:data1\" content=\"1 minut\" \/>\n<script type=\"application\/ld+json\" class=\"yoast-schema-graph\">{\"@context\":\"https:\/\/schema.org\",\"@graph\":[{\"@type\":\"WebPage\",\"@id\":\"https:\/\/essenled.com\/product\/3528-led-strip-lights-series-high-density-24v-cri95\/\",\"url\":\"https:\/\/essenled.com\/product\/3528-led-strip-lights-series-high-density-24v-cri95\/\",\"name\":\"3528 LED Strip Lights Series High Density 12V 24V CRI95 - ESSENLED\",\"isPartOf\":{\"@id\":\"https:\/\/essenled.com\/#website\"},\"primaryImageOfPage\":{\"@id\":\"https:\/\/essenled.com\/product\/3528-led-strip-lights-series-high-density-24v-cri95\/#primaryimage\"},\"image\":{\"@id\":\"https:\/\/essenled.com\/product\/3528-led-strip-lights-series-high-density-24v-cri95\/#primaryimage\"},\"thumbnailUrl\":\"https:\/\/essenled.com\/wp-content\/uploads\/2024\/02\/Indoor-12V-24V-3528-LED-Tape-Light.webp\",\"datePublished\":\"2024-02-15T10:29:44+00:00\",\"dateModified\":\"2024-05-29T11:27:34+00:00\",\"description\":\"3528 LED Strip Lights Series High Density, the density of LEDs in this LED strip is very high, helps to output consistent and uniform light.\",\"breadcrumb\":{\"@id\":\"https:\/\/essenled.com\/product\/3528-led-strip-lights-series-high-density-24v-cri95\/#breadcrumb\"},\"inLanguage\":\"sv-SE\",\"potentialAction\":[{\"@type\":\"ReadAction\",\"target\":[\"https:\/\/essenled.com\/product\/3528-led-strip-lights-series-high-density-24v-cri95\/\"]}]},{\"@type\":\"ImageObject\",\"inLanguage\":\"sv-SE\",\"@id\":\"https:\/\/essenled.com\/product\/3528-led-strip-lights-series-high-density-24v-cri95\/#primaryimage\",\"url\":\"https:\/\/essenled.com\/wp-content\/uploads\/2024\/02\/Indoor-12V-24V-3528-LED-Tape-Light.webp\",\"contentUrl\":\"https:\/\/essenled.com\/wp-content\/uploads\/2024\/02\/Indoor-12V-24V-3528-LED-Tape-Light.webp\",\"width\":1000,\"height\":1000,\"caption\":\"Indoor 12V 24V 3528 LED Tape Light\"},{\"@type\":\"BreadcrumbList\",\"@id\":\"https:\/\/essenled.com\/product\/3528-led-strip-lights-series-high-density-24v-cri95\/#breadcrumb\",\"itemListElement\":[{\"@type\":\"ListItem\",\"position\":1,\"name\":\"Home\",\"item\":\"https:\/\/essenled.com\/\"},{\"@type\":\"ListItem\",\"position\":2,\"name\":\"Product\",\"item\":\"https:\/\/essenled.com\/fr\/product\/\"},{\"@type\":\"ListItem\",\"position\":3,\"name\":\"3528 LED Strip Lights Series High Density 12V 24V CRI95\"}]},{\"@type\":\"WebSite\",\"@id\":\"https:\/\/essenled.com\/#website\",\"url\":\"https:\/\/essenled.com\/\",\"name\":\"ESSENLED\",\"description\":\"\",\"publisher\":{\"@id\":\"https:\/\/essenled.com\/#organization\"},\"potentialAction\":[{\"@type\":\"SearchAction\",\"target\":{\"@type\":\"EntryPoint\",\"urlTemplate\":\"https:\/\/essenled.com\/?s={search_term_string}\"},\"query-input\":{\"@type\":\"PropertyValueSpecification\",\"valueRequired\":true,\"valueName\":\"search_term_string\"}}],\"inLanguage\":\"sv-SE\"},{\"@type\":\"Organization\",\"@id\":\"https:\/\/essenled.com\/#organization\",\"name\":\"ESSENLED\",\"url\":\"https:\/\/essenled.com\/\",\"logo\":{\"@type\":\"ImageObject\",\"inLanguage\":\"sv-SE\",\"@id\":\"https:\/\/essenled.com\/#\/schema\/logo\/image\/\",\"url\":\"https:\/\/essenled.com\/wp-content\/uploads\/2024\/01\/Essen-logo.png\",\"contentUrl\":\"https:\/\/essenled.com\/wp-content\/uploads\/2024\/01\/Essen-logo.png\",\"width\":800,\"height\":110,\"caption\":\"ESSENLED\"},\"image\":{\"@id\":\"https:\/\/essenled.com\/#\/schema\/logo\/image\/\"}}]}<\/script>\n<!-- \/ Yoast SEO Premium plugin. -->","yoast_head_json":{"title":"3528 LED-lampor med h\u00f6g densitet 12V 24V CRI95 - ESSENLED","description":"3528 LED Strip Lights Series High Density, densiteten hos lysdioderna i denna LED-remsa \u00e4r mycket h\u00f6g, vilket hj\u00e4lper till att ge ut konsekvent och enhetligt ljus.","robots":{"index":"index","follow":"follow","max-snippet":"max-snippet:-1","max-image-preview":"max-image-preview:large","max-video-preview":"max-video-preview:-1"},"canonical":"https:\/\/essenled.com\/sv\/produkt\/3528-led-strip-lights-series-high-density-24v-cri95\/","og_locale":"sv_SE","og_type":"article","og_title":"3528 LED Strip Lights Series High Density 12V 24V CRI95","og_description":"3528 LED Strip Lights Series High Density, the density of LEDs in this LED strip is very high, helps to output consistent and uniform light.","og_url":"https:\/\/essenled.com\/sv\/produkt\/3528-led-strip-lights-series-high-density-24v-cri95\/","og_site_name":"ESSENLED","article_modified_time":"2024-05-29T11:27:34+00:00","og_image":[{"width":1000,"height":1000,"url":"https:\/\/essenled.com\/wp-content\/uploads\/2024\/02\/Indoor-12V-24V-3528-LED-Tape-Light.webp","type":"image\/webp"}],"twitter_card":"summary_large_image","twitter_misc":{"Ber\u00e4knad l\u00e4stid":"1 minut"},"schema":{"@context":"https:\/\/schema.org","@graph":[{"@type":"WebPage","@id":"https:\/\/essenled.com\/product\/3528-led-strip-lights-series-high-density-24v-cri95\/","url":"https:\/\/essenled.com\/product\/3528-led-strip-lights-series-high-density-24v-cri95\/","name":"3528 LED-lampor med h\u00f6g densitet 12V 24V CRI95 - ESSENLED","isPartOf":{"@id":"https:\/\/essenled.com\/#website"},"primaryImageOfPage":{"@id":"https:\/\/essenled.com\/product\/3528-led-strip-lights-series-high-density-24v-cri95\/#primaryimage"},"image":{"@id":"https:\/\/essenled.com\/product\/3528-led-strip-lights-series-high-density-24v-cri95\/#primaryimage"},"thumbnailUrl":"https:\/\/essenled.com\/wp-content\/uploads\/2024\/02\/Indoor-12V-24V-3528-LED-Tape-Light.webp","datePublished":"2024-02-15T10:29:44+00:00","dateModified":"2024-05-29T11:27:34+00:00","description":"3528 LED Strip Lights Series High Density, densiteten hos lysdioderna i denna LED-remsa \u00e4r mycket h\u00f6g, vilket hj\u00e4lper till att ge ut konsekvent och enhetligt ljus.","breadcrumb":{"@id":"https:\/\/essenled.com\/product\/3528-led-strip-lights-series-high-density-24v-cri95\/#breadcrumb"},"inLanguage":"sv-SE","potentialAction":[{"@type":"ReadAction","target":["https:\/\/essenled.com\/product\/3528-led-strip-lights-series-high-density-24v-cri95\/"]}]},{"@type":"ImageObject","inLanguage":"sv-SE","@id":"https:\/\/essenled.com\/product\/3528-led-strip-lights-series-high-density-24v-cri95\/#primaryimage","url":"https:\/\/essenled.com\/wp-content\/uploads\/2024\/02\/Indoor-12V-24V-3528-LED-Tape-Light.webp","contentUrl":"https:\/\/essenled.com\/wp-content\/uploads\/2024\/02\/Indoor-12V-24V-3528-LED-Tape-Light.webp","width":1000,"height":1000,"caption":"Indoor 12V 24V 3528 LED Tape Light"},{"@type":"BreadcrumbList","@id":"https:\/\/essenled.com\/product\/3528-led-strip-lights-series-high-density-24v-cri95\/#breadcrumb","itemListElement":[{"@type":"ListItem","position":1,"name":"Home","item":"https:\/\/essenled.com\/"},{"@type":"ListItem","position":2,"name":"Product","item":"https:\/\/essenled.com\/fr\/product\/"},{"@type":"ListItem","position":3,"name":"3528 LED Strip Lights Series High Density 12V 24V CRI95"}]},{"@type":"WebSite","@id":"https:\/\/essenled.com\/#website","url":"https:\/\/essenled.com\/","name":"ESSENLED","description":"","publisher":{"@id":"https:\/\/essenled.com\/#organization"},"potentialAction":[{"@type":"SearchAction","target":{"@type":"EntryPoint","urlTemplate":"https:\/\/essenled.com\/?s={search_term_string}"},"query-input":{"@type":"PropertyValueSpecification","valueRequired":true,"valueName":"search_term_string"}}],"inLanguage":"sv-SE"},{"@type":"Organization","@id":"https:\/\/essenled.com\/#organization","name":"ESSENLED","url":"https:\/\/essenled.com\/","logo":{"@type":"ImageObject","inLanguage":"sv-SE","@id":"https:\/\/essenled.com\/#\/schema\/logo\/image\/","url":"https:\/\/essenled.com\/wp-content\/uploads\/2024\/01\/Essen-logo.png","contentUrl":"https:\/\/essenled.com\/wp-content\/uploads\/2024\/01\/Essen-logo.png","width":800,"height":110,"caption":"ESSENLED"},"image":{"@id":"https:\/\/essenled.com\/#\/schema\/logo\/image\/"}}]}},"_links":{"self":[{"href":"https:\/\/essenled.com\/sv\/wp-json\/wp\/v2\/product\/836","targetHints":{"allow":["GET"]}}],"collection":[{"href":"https:\/\/essenled.com\/sv\/wp-json\/wp\/v2\/product"}],"about":[{"href":"https:\/\/essenled.com\/sv\/wp-json\/wp\/v2\/types\/product"}],"version-history":[{"count":3,"href":"https:\/\/essenled.com\/sv\/wp-json\/wp\/v2\/product\/836\/revisions"}],"predecessor-version":[{"id":2061,"href":"https:\/\/essenled.com\/sv\/wp-json\/wp\/v2\/product\/836\/revisions\/2061"}],"wp:featuredmedia":[{"embeddable":true,"href":"https:\/\/essenled.com\/sv\/wp-json\/wp\/v2\/media\/2059"}],"wp:attachment":[{"href":"https:\/\/essenled.com\/sv\/wp-json\/wp\/v2\/media?parent=836"}],"wp:term":[{"taxonomy":"product_brand","embeddable":true,"href":"https:\/\/essenled.com\/sv\/wp-json\/wp\/v2\/product_brand?post=836"},{"taxonomy":"product_cat","embeddable":true,"href":"https:\/\/essenled.com\/sv\/wp-json\/wp\/v2\/product_cat?post=836"},{"taxonomy":"product_tag","embeddable":true,"href":"https:\/\/essenled.com\/sv\/wp-json\/wp\/v2\/product_tag?post=836"}],"curies":[{"name":"wp","href":"https:\/\/api.w.org\/{rel}","templated":true}]}}