{"id":1845,"date":"2024-03-05T09:20:40","date_gmt":"2024-03-05T09:20:40","guid":{"rendered":"https:\/\/essenled.com\/?post_type=product&#038;p=1845"},"modified":"2024-03-05T09:20:41","modified_gmt":"2024-03-05T09:20:41","slug":"black-led-aluminum-profile","status":"publish","type":"product","link":"https:\/\/essenled.com\/sv\/produkt\/black-led-aluminum-profile\/","title":{"rendered":"Svart LED-profil i aluminium"},"content":{"rendered":"","protected":false},"excerpt":{"rendered":"<p>Den svarta LED-aluminiumprofilserien exponeras n\u00e4r ljuset sl\u00e4cks, Utseendet \u00e4r avancerat och enkelt, vilket spelar en roll som belysningsdekoration i heminredning, F\u00f6rlitar sig p\u00e5 enkla svarta linjer, kan skapa olika fashionabla former.<\/p>\n<p>LED-profil:  Svart<\/p>\n<p>PC-skydd:  Svart<\/p>\n<p>Tillbeh\u00f6r:  Monteringskl\u00e4mma, konsoler<\/p>\n<p>L\u00e4ngd: 1m\/pcs, 2m\/pcs, 3m\/pcs, andra l\u00e4ngder kan anpassas<\/p>","protected":false},"featured_media":1848,"template":"","meta":{"_kad_post_transparent":"default","_kad_post_title":"","_kad_post_layout":"default","_kad_post_sidebar_id":"","_kad_post_content_style":"default","_kad_post_vertical_padding":"default","_kad_post_feature":"","_kad_post_feature_position":"","_kad_post_header":false,"_kad_post_footer":false,"_kad_post_classname":""},"product_brand":[],"product_cat":[75,60],"product_tag":[732,735,731,734,733],"class_list":{"0":"post-1845","1":"product","2":"type-product","3":"status-publish","4":"has-post-thumbnail","6":"product_cat-black-series","7":"product_cat-led-profile","8":"product_tag-aluminum-black-led-light-diffuser","9":"product_tag-aluminum-led-channel-black","10":"product_tag-black-led-aluminum-channels-led-strip-lights","11":"product_tag-black-led-aluminum-profile-black-diffuser","12":"product_tag-black-led-channel-system","14":"first","15":"instock","16":"shipping-taxable","17":"product-type-simple","18":"entry","19":"content-bg","20":"loop-entry"},"yoast_head":"<!-- This site is optimized with the Yoast SEO Premium plugin v24.3 (Yoast SEO v26.7) - https:\/\/yoast.com\/wordpress\/plugins\/seo\/ -->\n<title>Black LED Aluminum Profile - ESSENLED<\/title>\n<meta name=\"description\" content=\"The Black LED aluminum profile series exposed when the light turn off, which isplay a role of lighting decoration in homedecoration.\" \/>\n<meta name=\"robots\" content=\"index, follow, max-snippet:-1, max-image-preview:large, max-video-preview:-1\" \/>\n<link rel=\"canonical\" href=\"https:\/\/essenled.com\/sv\/produkt\/black-led-aluminum-profile\/\" \/>\n<meta property=\"og:locale\" content=\"sv_SE\" \/>\n<meta property=\"og:type\" content=\"article\" \/>\n<meta property=\"og:title\" content=\"Black LED Aluminum Profile\" \/>\n<meta property=\"og:description\" content=\"The Black LED aluminum profile series exposed when the light turn off, which isplay a role of lighting decoration in homedecoration.\" \/>\n<meta property=\"og:url\" content=\"https:\/\/essenled.com\/sv\/produkt\/black-led-aluminum-profile\/\" \/>\n<meta property=\"og:site_name\" content=\"ESSENLED\" \/>\n<meta property=\"article:modified_time\" content=\"2024-03-05T09:20:41+00:00\" \/>\n<meta property=\"og:image\" content=\"https:\/\/essenled.com\/wp-content\/uploads\/2024\/03\/Led-Strip-Channel-Black-ES-0814.webp\" \/>\n\t<meta property=\"og:image:width\" content=\"800\" \/>\n\t<meta property=\"og:image:height\" content=\"800\" \/>\n\t<meta property=\"og:image:type\" content=\"image\/webp\" \/>\n<meta name=\"twitter:card\" content=\"summary_large_image\" \/>\n<meta name=\"twitter:label1\" content=\"Ber\u00e4knad l\u00e4stid\" \/>\n\t<meta name=\"twitter:data1\" content=\"1 minut\" \/>\n<script type=\"application\/ld+json\" class=\"yoast-schema-graph\">{\"@context\":\"https:\/\/schema.org\",\"@graph\":[{\"@type\":\"WebPage\",\"@id\":\"https:\/\/essenled.com\/ro\/produs\/black-led-aluminum-profile\/\",\"url\":\"https:\/\/essenled.com\/ro\/produs\/black-led-aluminum-profile\/\",\"name\":\"Black LED Aluminum Profile - ESSENLED\",\"isPartOf\":{\"@id\":\"https:\/\/essenled.com\/#website\"},\"primaryImageOfPage\":{\"@id\":\"https:\/\/essenled.com\/ro\/produs\/black-led-aluminum-profile\/#primaryimage\"},\"image\":{\"@id\":\"https:\/\/essenled.com\/ro\/produs\/black-led-aluminum-profile\/#primaryimage\"},\"thumbnailUrl\":\"https:\/\/essenled.com\/wp-content\/uploads\/2024\/03\/Led-Strip-Channel-Black-ES-0814.webp\",\"datePublished\":\"2024-03-05T09:20:40+00:00\",\"dateModified\":\"2024-03-05T09:20:41+00:00\",\"description\":\"The Black LED aluminum profile series exposed when the light turn off, which isplay a role of lighting decoration in homedecoration.\",\"breadcrumb\":{\"@id\":\"https:\/\/essenled.com\/ro\/produs\/black-led-aluminum-profile\/#breadcrumb\"},\"inLanguage\":\"sv-SE\",\"potentialAction\":[{\"@type\":\"ReadAction\",\"target\":[\"https:\/\/essenled.com\/ro\/produs\/black-led-aluminum-profile\/\"]}]},{\"@type\":\"ImageObject\",\"inLanguage\":\"sv-SE\",\"@id\":\"https:\/\/essenled.com\/ro\/produs\/black-led-aluminum-profile\/#primaryimage\",\"url\":\"https:\/\/essenled.com\/wp-content\/uploads\/2024\/03\/Led-Strip-Channel-Black-ES-0814.webp\",\"contentUrl\":\"https:\/\/essenled.com\/wp-content\/uploads\/2024\/03\/Led-Strip-Channel-Black-ES-0814.webp\",\"width\":800,\"height\":800,\"caption\":\"Led Strip Channel Black ES-0814\"},{\"@type\":\"BreadcrumbList\",\"@id\":\"https:\/\/essenled.com\/ro\/produs\/black-led-aluminum-profile\/#breadcrumb\",\"itemListElement\":[{\"@type\":\"ListItem\",\"position\":1,\"name\":\"Home\",\"item\":\"https:\/\/essenled.com\/\"},{\"@type\":\"ListItem\",\"position\":2,\"name\":\"Product\",\"item\":\"https:\/\/essenled.com\/fr\/product\/\"},{\"@type\":\"ListItem\",\"position\":3,\"name\":\"Black LED Aluminum Profile\"}]},{\"@type\":\"WebSite\",\"@id\":\"https:\/\/essenled.com\/#website\",\"url\":\"https:\/\/essenled.com\/\",\"name\":\"ESSENLED\",\"description\":\"\",\"publisher\":{\"@id\":\"https:\/\/essenled.com\/#organization\"},\"potentialAction\":[{\"@type\":\"SearchAction\",\"target\":{\"@type\":\"EntryPoint\",\"urlTemplate\":\"https:\/\/essenled.com\/?s={search_term_string}\"},\"query-input\":{\"@type\":\"PropertyValueSpecification\",\"valueRequired\":true,\"valueName\":\"search_term_string\"}}],\"inLanguage\":\"sv-SE\"},{\"@type\":\"Organization\",\"@id\":\"https:\/\/essenled.com\/#organization\",\"name\":\"ESSENLED\",\"url\":\"https:\/\/essenled.com\/\",\"logo\":{\"@type\":\"ImageObject\",\"inLanguage\":\"sv-SE\",\"@id\":\"https:\/\/essenled.com\/#\/schema\/logo\/image\/\",\"url\":\"https:\/\/essenled.com\/wp-content\/uploads\/2024\/01\/Essen-logo.png\",\"contentUrl\":\"https:\/\/essenled.com\/wp-content\/uploads\/2024\/01\/Essen-logo.png\",\"width\":800,\"height\":110,\"caption\":\"ESSENLED\"},\"image\":{\"@id\":\"https:\/\/essenled.com\/#\/schema\/logo\/image\/\"}}]}<\/script>\n<!-- \/ Yoast SEO Premium plugin. -->","yoast_head_json":{"title":"Svart LED-profil i aluminium - ESSENLED","description":"Den svarta LED-profilserien i aluminium exponeras n\u00e4r ljuset sl\u00e4cks, vilket spelar en roll som belysningsdekoration i heminredningen.","robots":{"index":"index","follow":"follow","max-snippet":"max-snippet:-1","max-image-preview":"max-image-preview:large","max-video-preview":"max-video-preview:-1"},"canonical":"https:\/\/essenled.com\/sv\/produkt\/black-led-aluminum-profile\/","og_locale":"sv_SE","og_type":"article","og_title":"Black LED Aluminum Profile","og_description":"The Black LED aluminum profile series exposed when the light turn off, which isplay a role of lighting decoration in homedecoration.","og_url":"https:\/\/essenled.com\/sv\/produkt\/black-led-aluminum-profile\/","og_site_name":"ESSENLED","article_modified_time":"2024-03-05T09:20:41+00:00","og_image":[{"width":800,"height":800,"url":"https:\/\/essenled.com\/wp-content\/uploads\/2024\/03\/Led-Strip-Channel-Black-ES-0814.webp","type":"image\/webp"}],"twitter_card":"summary_large_image","twitter_misc":{"Ber\u00e4knad l\u00e4stid":"1 minut"},"schema":{"@context":"https:\/\/schema.org","@graph":[{"@type":"WebPage","@id":"https:\/\/essenled.com\/ro\/produs\/black-led-aluminum-profile\/","url":"https:\/\/essenled.com\/ro\/produs\/black-led-aluminum-profile\/","name":"Svart LED-profil i aluminium - ESSENLED","isPartOf":{"@id":"https:\/\/essenled.com\/#website"},"primaryImageOfPage":{"@id":"https:\/\/essenled.com\/ro\/produs\/black-led-aluminum-profile\/#primaryimage"},"image":{"@id":"https:\/\/essenled.com\/ro\/produs\/black-led-aluminum-profile\/#primaryimage"},"thumbnailUrl":"https:\/\/essenled.com\/wp-content\/uploads\/2024\/03\/Led-Strip-Channel-Black-ES-0814.webp","datePublished":"2024-03-05T09:20:40+00:00","dateModified":"2024-03-05T09:20:41+00:00","description":"Den svarta LED-profilserien i aluminium exponeras n\u00e4r ljuset sl\u00e4cks, vilket spelar en roll som belysningsdekoration i heminredningen.","breadcrumb":{"@id":"https:\/\/essenled.com\/ro\/produs\/black-led-aluminum-profile\/#breadcrumb"},"inLanguage":"sv-SE","potentialAction":[{"@type":"ReadAction","target":["https:\/\/essenled.com\/ro\/produs\/black-led-aluminum-profile\/"]}]},{"@type":"ImageObject","inLanguage":"sv-SE","@id":"https:\/\/essenled.com\/ro\/produs\/black-led-aluminum-profile\/#primaryimage","url":"https:\/\/essenled.com\/wp-content\/uploads\/2024\/03\/Led-Strip-Channel-Black-ES-0814.webp","contentUrl":"https:\/\/essenled.com\/wp-content\/uploads\/2024\/03\/Led-Strip-Channel-Black-ES-0814.webp","width":800,"height":800,"caption":"Led Strip Channel Black ES-0814"},{"@type":"BreadcrumbList","@id":"https:\/\/essenled.com\/ro\/produs\/black-led-aluminum-profile\/#breadcrumb","itemListElement":[{"@type":"ListItem","position":1,"name":"Home","item":"https:\/\/essenled.com\/"},{"@type":"ListItem","position":2,"name":"Product","item":"https:\/\/essenled.com\/fr\/product\/"},{"@type":"ListItem","position":3,"name":"Black LED Aluminum Profile"}]},{"@type":"WebSite","@id":"https:\/\/essenled.com\/#website","url":"https:\/\/essenled.com\/","name":"ESSENLED","description":"","publisher":{"@id":"https:\/\/essenled.com\/#organization"},"potentialAction":[{"@type":"SearchAction","target":{"@type":"EntryPoint","urlTemplate":"https:\/\/essenled.com\/?s={search_term_string}"},"query-input":{"@type":"PropertyValueSpecification","valueRequired":true,"valueName":"search_term_string"}}],"inLanguage":"sv-SE"},{"@type":"Organization","@id":"https:\/\/essenled.com\/#organization","name":"ESSENLED","url":"https:\/\/essenled.com\/","logo":{"@type":"ImageObject","inLanguage":"sv-SE","@id":"https:\/\/essenled.com\/#\/schema\/logo\/image\/","url":"https:\/\/essenled.com\/wp-content\/uploads\/2024\/01\/Essen-logo.png","contentUrl":"https:\/\/essenled.com\/wp-content\/uploads\/2024\/01\/Essen-logo.png","width":800,"height":110,"caption":"ESSENLED"},"image":{"@id":"https:\/\/essenled.com\/#\/schema\/logo\/image\/"}}]}},"_links":{"self":[{"href":"https:\/\/essenled.com\/sv\/wp-json\/wp\/v2\/product\/1845","targetHints":{"allow":["GET"]}}],"collection":[{"href":"https:\/\/essenled.com\/sv\/wp-json\/wp\/v2\/product"}],"about":[{"href":"https:\/\/essenled.com\/sv\/wp-json\/wp\/v2\/types\/product"}],"version-history":[{"count":1,"href":"https:\/\/essenled.com\/sv\/wp-json\/wp\/v2\/product\/1845\/revisions"}],"predecessor-version":[{"id":1853,"href":"https:\/\/essenled.com\/sv\/wp-json\/wp\/v2\/product\/1845\/revisions\/1853"}],"wp:featuredmedia":[{"embeddable":true,"href":"https:\/\/essenled.com\/sv\/wp-json\/wp\/v2\/media\/1848"}],"wp:attachment":[{"href":"https:\/\/essenled.com\/sv\/wp-json\/wp\/v2\/media?parent=1845"}],"wp:term":[{"taxonomy":"product_brand","embeddable":true,"href":"https:\/\/essenled.com\/sv\/wp-json\/wp\/v2\/product_brand?post=1845"},{"taxonomy":"product_cat","embeddable":true,"href":"https:\/\/essenled.com\/sv\/wp-json\/wp\/v2\/product_cat?post=1845"},{"taxonomy":"product_tag","embeddable":true,"href":"https:\/\/essenled.com\/sv\/wp-json\/wp\/v2\/product_tag?post=1845"}],"curies":[{"name":"wp","href":"https:\/\/api.w.org\/{rel}","templated":true}]}}