{"id":1504,"date":"2024-03-01T01:30:42","date_gmt":"2024-03-01T01:30:42","guid":{"rendered":"https:\/\/essenled.com\/?post_type=product&#038;p=1504"},"modified":"2024-03-04T12:07:55","modified_gmt":"2024-03-04T12:07:55","slug":"ip68-silicone-top-view-led-neon-flex-swimming-pool","status":"publish","type":"product","link":"https:\/\/essenled.com\/sv\/produkt\/ip68-silicone-top-view-led-neon-flex-swimming-pool\/","title":{"rendered":"IP68 Silikon LED Neon Flex f\u00f6r simbass\u00e4ng - T1615"},"content":{"rendered":"","protected":false},"excerpt":{"rendered":"<p>IP68 silikon toppvy LED neon flex swimmingpool - T1615, Det \u00e4r en toppvy neonr\u00f6r med en storlek p\u00e5 16 * 15mm. som \u00e4r speciellt utformad f\u00f6r installation under vattnet LED neon flex, s\u00e5som poolvatten.<\/p>\n<p>IP68 silikon LED neon flex simbass\u00e4ng T1615 effekt vid 10w\/m. Finns i en m\u00e4ngd olika ljusa f\u00e4rger och finns ocks\u00e5 i anpassade f\u00e4rger och l\u00e4ngder, enf\u00e4rgad, inst\u00e4llbar vit, RGB och s\u00e5 vidare.<\/p>\n<p>LED neon flex simbass\u00e4nger har IP68 vattent\u00e4t klass, \u00e4r den h\u00f6gsta niv\u00e5n av skydd mot vatten och damm, de har en extremt h\u00f6g niv\u00e5 av vattenbest\u00e4ndighet. Och m\u00e5ste t\u00e5la l\u00e5ngvarig exponering f\u00f6r vatten och andra kemiska element.<\/p>\n<p>IP68 silikon neon flex ger en elegant och modern look till poolen, samtidigt som den ger en f\u00e4rgstark och energieffektiv belysningsl\u00f6sning.<\/p>","protected":false},"featured_media":1506,"template":"","meta":{"_kad_post_transparent":"default","_kad_post_title":"","_kad_post_layout":"default","_kad_post_sidebar_id":"","_kad_post_content_style":"default","_kad_post_vertical_padding":"default","_kad_post_feature":"","_kad_post_feature_position":"","_kad_post_header":false,"_kad_post_footer":false,"_kad_post_classname":""},"product_brand":[],"product_cat":[44,39],"product_tag":[564,568,565,569,567,566],"class_list":{"0":"post-1504","1":"product","2":"type-product","3":"status-publish","4":"has-post-thumbnail","6":"product_cat-ip68-silicone-neon-series","7":"product_cat-neon-strip","8":"product_tag-ip68-1615-neon-light-outdoor-lighting","9":"product_tag-ip68-led-strip-neon-t1615-swimming-pool","10":"product_tag-ip68-silicone-neon-t1615","11":"product_tag-neon-flex-swimming-pool-t1615","12":"product_tag-pool-rated-ip68-t1615-neon-rgb","13":"product_tag-swimming-pool-ip68-neon-t1615-underwater","15":"first","16":"instock","17":"featured","18":"shipping-taxable","19":"product-type-simple","20":"entry","21":"content-bg","22":"loop-entry"},"yoast_head":"<!-- This site is optimized with the Yoast SEO Premium plugin v24.3 (Yoast SEO v26.7) - https:\/\/yoast.com\/wordpress\/plugins\/seo\/ -->\n<title>IP68 Silicone Top View LED Neon Flex Swimming Pool - T1615 - ESSENLED<\/title>\n<meta name=\"description\" content=\"IP68 silicone top view LED neon flex swimming pool - T1615, It is a top view neon with a size of 16*15mm, designed for swimming pool water.\" \/>\n<meta name=\"robots\" content=\"index, follow, max-snippet:-1, max-image-preview:large, max-video-preview:-1\" \/>\n<link rel=\"canonical\" href=\"https:\/\/essenled.com\/sv\/produkt\/ip68-silicone-top-view-led-neon-flex-swimming-pool\/\" \/>\n<meta property=\"og:locale\" content=\"sv_SE\" \/>\n<meta property=\"og:type\" content=\"article\" \/>\n<meta property=\"og:title\" content=\"IP68 Silicone Top View LED Neon Flex Swimming Pool - T1615\" \/>\n<meta property=\"og:description\" content=\"IP68 silicone top view LED neon flex swimming pool - T1615, It is a top view neon with a size of 16*15mm, designed for swimming pool water.\" \/>\n<meta property=\"og:url\" content=\"https:\/\/essenled.com\/sv\/produkt\/ip68-silicone-top-view-led-neon-flex-swimming-pool\/\" \/>\n<meta property=\"og:site_name\" content=\"ESSENLED\" \/>\n<meta property=\"article:modified_time\" content=\"2024-03-04T12:07:55+00:00\" \/>\n<meta property=\"og:image\" content=\"https:\/\/essenled.com\/wp-content\/uploads\/2024\/03\/IP68-1615-Neon-Light-Outdoor-Lighting.webp\" \/>\n\t<meta property=\"og:image:width\" content=\"800\" \/>\n\t<meta property=\"og:image:height\" content=\"800\" \/>\n\t<meta property=\"og:image:type\" content=\"image\/webp\" \/>\n<meta name=\"twitter:card\" content=\"summary_large_image\" \/>\n<meta name=\"twitter:label1\" content=\"Ber\u00e4knad l\u00e4stid\" \/>\n\t<meta name=\"twitter:data1\" content=\"1 minut\" \/>\n<script type=\"application\/ld+json\" class=\"yoast-schema-graph\">{\"@context\":\"https:\/\/schema.org\",\"@graph\":[{\"@type\":\"WebPage\",\"@id\":\"https:\/\/essenled.com\/de\/produkt\/ip68-silikon-obersicht-led-neon-flex-schwimmbad\/\",\"url\":\"https:\/\/essenled.com\/de\/produkt\/ip68-silikon-obersicht-led-neon-flex-schwimmbad\/\",\"name\":\"IP68 Silicone Top View LED Neon Flex Swimming Pool - T1615 - ESSENLED\",\"isPartOf\":{\"@id\":\"https:\/\/essenled.com\/#website\"},\"primaryImageOfPage\":{\"@id\":\"https:\/\/essenled.com\/de\/produkt\/ip68-silikon-obersicht-led-neon-flex-schwimmbad\/#primaryimage\"},\"image\":{\"@id\":\"https:\/\/essenled.com\/de\/produkt\/ip68-silikon-obersicht-led-neon-flex-schwimmbad\/#primaryimage\"},\"thumbnailUrl\":\"https:\/\/essenled.com\/wp-content\/uploads\/2024\/03\/IP68-1615-Neon-Light-Outdoor-Lighting.webp\",\"datePublished\":\"2024-03-01T01:30:42+00:00\",\"dateModified\":\"2024-03-04T12:07:55+00:00\",\"description\":\"IP68 silicone top view LED neon flex swimming pool - T1615, It is a top view neon with a size of 16*15mm, designed for swimming pool water.\",\"breadcrumb\":{\"@id\":\"https:\/\/essenled.com\/de\/produkt\/ip68-silikon-obersicht-led-neon-flex-schwimmbad\/#breadcrumb\"},\"inLanguage\":\"sv-SE\",\"potentialAction\":[{\"@type\":\"ReadAction\",\"target\":[\"https:\/\/essenled.com\/de\/produkt\/ip68-silikon-obersicht-led-neon-flex-schwimmbad\/\"]}]},{\"@type\":\"ImageObject\",\"inLanguage\":\"sv-SE\",\"@id\":\"https:\/\/essenled.com\/de\/produkt\/ip68-silikon-obersicht-led-neon-flex-schwimmbad\/#primaryimage\",\"url\":\"https:\/\/essenled.com\/wp-content\/uploads\/2024\/03\/IP68-1615-Neon-Light-Outdoor-Lighting.webp\",\"contentUrl\":\"https:\/\/essenled.com\/wp-content\/uploads\/2024\/03\/IP68-1615-Neon-Light-Outdoor-Lighting.webp\",\"width\":800,\"height\":800,\"caption\":\"IP68 1615 Neon Light Outdoor Lighting\"},{\"@type\":\"BreadcrumbList\",\"@id\":\"https:\/\/essenled.com\/de\/produkt\/ip68-silikon-obersicht-led-neon-flex-schwimmbad\/#breadcrumb\",\"itemListElement\":[{\"@type\":\"ListItem\",\"position\":1,\"name\":\"Home\",\"item\":\"https:\/\/essenled.com\/\"},{\"@type\":\"ListItem\",\"position\":2,\"name\":\"Product\",\"item\":\"https:\/\/essenled.com\/fr\/product\/\"},{\"@type\":\"ListItem\",\"position\":3,\"name\":\"IP68 Silicone Top View LED Neon Flex Swimming Pool &#8211; T1615\"}]},{\"@type\":\"WebSite\",\"@id\":\"https:\/\/essenled.com\/#website\",\"url\":\"https:\/\/essenled.com\/\",\"name\":\"ESSENLED\",\"description\":\"\",\"publisher\":{\"@id\":\"https:\/\/essenled.com\/#organization\"},\"potentialAction\":[{\"@type\":\"SearchAction\",\"target\":{\"@type\":\"EntryPoint\",\"urlTemplate\":\"https:\/\/essenled.com\/?s={search_term_string}\"},\"query-input\":{\"@type\":\"PropertyValueSpecification\",\"valueRequired\":true,\"valueName\":\"search_term_string\"}}],\"inLanguage\":\"sv-SE\"},{\"@type\":\"Organization\",\"@id\":\"https:\/\/essenled.com\/#organization\",\"name\":\"ESSENLED\",\"url\":\"https:\/\/essenled.com\/\",\"logo\":{\"@type\":\"ImageObject\",\"inLanguage\":\"sv-SE\",\"@id\":\"https:\/\/essenled.com\/#\/schema\/logo\/image\/\",\"url\":\"https:\/\/essenled.com\/wp-content\/uploads\/2024\/01\/Essen-logo.png\",\"contentUrl\":\"https:\/\/essenled.com\/wp-content\/uploads\/2024\/01\/Essen-logo.png\",\"width\":800,\"height\":110,\"caption\":\"ESSENLED\"},\"image\":{\"@id\":\"https:\/\/essenled.com\/#\/schema\/logo\/image\/\"}}]}<\/script>\n<!-- \/ Yoast SEO Premium plugin. -->","yoast_head_json":{"title":"IP68 Silikon Top View LED Neon Flex Swimming Pool - T1615 - ESSENLED","description":"IP68 silikon top view LED neon flex swimming pool - T1615, Det \u00e4r en top view neon med en storlek p\u00e5 16 * 15mm, designad f\u00f6r poolvatten.","robots":{"index":"index","follow":"follow","max-snippet":"max-snippet:-1","max-image-preview":"max-image-preview:large","max-video-preview":"max-video-preview:-1"},"canonical":"https:\/\/essenled.com\/sv\/produkt\/ip68-silicone-top-view-led-neon-flex-swimming-pool\/","og_locale":"sv_SE","og_type":"article","og_title":"IP68 Silicone Top View LED Neon Flex Swimming Pool - T1615","og_description":"IP68 silicone top view LED neon flex swimming pool - T1615, It is a top view neon with a size of 16*15mm, designed for swimming pool water.","og_url":"https:\/\/essenled.com\/sv\/produkt\/ip68-silicone-top-view-led-neon-flex-swimming-pool\/","og_site_name":"ESSENLED","article_modified_time":"2024-03-04T12:07:55+00:00","og_image":[{"width":800,"height":800,"url":"https:\/\/essenled.com\/wp-content\/uploads\/2024\/03\/IP68-1615-Neon-Light-Outdoor-Lighting.webp","type":"image\/webp"}],"twitter_card":"summary_large_image","twitter_misc":{"Ber\u00e4knad l\u00e4stid":"1 minut"},"schema":{"@context":"https:\/\/schema.org","@graph":[{"@type":"WebPage","@id":"https:\/\/essenled.com\/de\/produkt\/ip68-silikon-obersicht-led-neon-flex-schwimmbad\/","url":"https:\/\/essenled.com\/de\/produkt\/ip68-silikon-obersicht-led-neon-flex-schwimmbad\/","name":"IP68 Silikon Top View LED Neon Flex Swimming Pool - T1615 - ESSENLED","isPartOf":{"@id":"https:\/\/essenled.com\/#website"},"primaryImageOfPage":{"@id":"https:\/\/essenled.com\/de\/produkt\/ip68-silikon-obersicht-led-neon-flex-schwimmbad\/#primaryimage"},"image":{"@id":"https:\/\/essenled.com\/de\/produkt\/ip68-silikon-obersicht-led-neon-flex-schwimmbad\/#primaryimage"},"thumbnailUrl":"https:\/\/essenled.com\/wp-content\/uploads\/2024\/03\/IP68-1615-Neon-Light-Outdoor-Lighting.webp","datePublished":"2024-03-01T01:30:42+00:00","dateModified":"2024-03-04T12:07:55+00:00","description":"IP68 silikon top view LED neon flex swimming pool - T1615, Det \u00e4r en top view neon med en storlek p\u00e5 16 * 15mm, designad f\u00f6r poolvatten.","breadcrumb":{"@id":"https:\/\/essenled.com\/de\/produkt\/ip68-silikon-obersicht-led-neon-flex-schwimmbad\/#breadcrumb"},"inLanguage":"sv-SE","potentialAction":[{"@type":"ReadAction","target":["https:\/\/essenled.com\/de\/produkt\/ip68-silikon-obersicht-led-neon-flex-schwimmbad\/"]}]},{"@type":"ImageObject","inLanguage":"sv-SE","@id":"https:\/\/essenled.com\/de\/produkt\/ip68-silikon-obersicht-led-neon-flex-schwimmbad\/#primaryimage","url":"https:\/\/essenled.com\/wp-content\/uploads\/2024\/03\/IP68-1615-Neon-Light-Outdoor-Lighting.webp","contentUrl":"https:\/\/essenled.com\/wp-content\/uploads\/2024\/03\/IP68-1615-Neon-Light-Outdoor-Lighting.webp","width":800,"height":800,"caption":"IP68 1615 Neon Light Outdoor Lighting"},{"@type":"BreadcrumbList","@id":"https:\/\/essenled.com\/de\/produkt\/ip68-silikon-obersicht-led-neon-flex-schwimmbad\/#breadcrumb","itemListElement":[{"@type":"ListItem","position":1,"name":"Home","item":"https:\/\/essenled.com\/"},{"@type":"ListItem","position":2,"name":"Product","item":"https:\/\/essenled.com\/fr\/product\/"},{"@type":"ListItem","position":3,"name":"IP68 Silicone Top View LED Neon Flex Swimming Pool &#8211; T1615"}]},{"@type":"WebSite","@id":"https:\/\/essenled.com\/#website","url":"https:\/\/essenled.com\/","name":"ESSENLED","description":"","publisher":{"@id":"https:\/\/essenled.com\/#organization"},"potentialAction":[{"@type":"SearchAction","target":{"@type":"EntryPoint","urlTemplate":"https:\/\/essenled.com\/?s={search_term_string}"},"query-input":{"@type":"PropertyValueSpecification","valueRequired":true,"valueName":"search_term_string"}}],"inLanguage":"sv-SE"},{"@type":"Organization","@id":"https:\/\/essenled.com\/#organization","name":"ESSENLED","url":"https:\/\/essenled.com\/","logo":{"@type":"ImageObject","inLanguage":"sv-SE","@id":"https:\/\/essenled.com\/#\/schema\/logo\/image\/","url":"https:\/\/essenled.com\/wp-content\/uploads\/2024\/01\/Essen-logo.png","contentUrl":"https:\/\/essenled.com\/wp-content\/uploads\/2024\/01\/Essen-logo.png","width":800,"height":110,"caption":"ESSENLED"},"image":{"@id":"https:\/\/essenled.com\/#\/schema\/logo\/image\/"}}]}},"_links":{"self":[{"href":"https:\/\/essenled.com\/sv\/wp-json\/wp\/v2\/product\/1504","targetHints":{"allow":["GET"]}}],"collection":[{"href":"https:\/\/essenled.com\/sv\/wp-json\/wp\/v2\/product"}],"about":[{"href":"https:\/\/essenled.com\/sv\/wp-json\/wp\/v2\/types\/product"}],"version-history":[{"count":1,"href":"https:\/\/essenled.com\/sv\/wp-json\/wp\/v2\/product\/1504\/revisions"}],"predecessor-version":[{"id":1512,"href":"https:\/\/essenled.com\/sv\/wp-json\/wp\/v2\/product\/1504\/revisions\/1512"}],"wp:featuredmedia":[{"embeddable":true,"href":"https:\/\/essenled.com\/sv\/wp-json\/wp\/v2\/media\/1506"}],"wp:attachment":[{"href":"https:\/\/essenled.com\/sv\/wp-json\/wp\/v2\/media?parent=1504"}],"wp:term":[{"taxonomy":"product_brand","embeddable":true,"href":"https:\/\/essenled.com\/sv\/wp-json\/wp\/v2\/product_brand?post=1504"},{"taxonomy":"product_cat","embeddable":true,"href":"https:\/\/essenled.com\/sv\/wp-json\/wp\/v2\/product_cat?post=1504"},{"taxonomy":"product_tag","embeddable":true,"href":"https:\/\/essenled.com\/sv\/wp-json\/wp\/v2\/product_tag?post=1504"}],"curies":[{"name":"wp","href":"https:\/\/api.w.org\/{rel}","templated":true}]}}