{"id":1438,"date":"2024-02-29T06:30:11","date_gmt":"2024-02-29T06:30:11","guid":{"rendered":"https:\/\/essenled.com\/?post_type=product&#038;p=1438"},"modified":"2024-02-29T06:44:48","modified_gmt":"2024-02-29T06:44:48","slug":"top-view-ultra-thin-0606mm-led-neon-flex","status":"publish","type":"product","link":"https:\/\/essenled.com\/sv\/produkt\/top-view-ultra-thin-0606mm-led-neon-flex\/","title":{"rendered":"Top View ultratunn 06*06mm LED Neon Flex - T0606"},"content":{"rendered":"","protected":false},"excerpt":{"rendered":"<p>Top View Ultra Thin 06*06mm LED Neon Flex - T0606, denna silikon neon flex \u00e4r tillverkad av milj\u00f6v\u00e4nligt silikonmaterial, som \u00e4r extruderat i ett stycke.<\/p>\n<p>Ultra Thin 06*06mm LED Neon Flex - T0606 \u00e4r tillg\u00e4nglig vid 6w\/m. Skyddsniv\u00e5n n\u00e5r IP67, vilket \u00e4r mycket l\u00e4mpligt f\u00f6r l\u00e5ngvarig utomhusanv\u00e4ndning, och ytan \u00e4r inte l\u00e4tt att bli gul.<\/p>\n<p>Uppifr\u00e5n IP67 ultratunn 06*06mm LED Neon Flex, ljusgenomsl\u00e4ppligheten \u00e4r extremt h\u00f6g och den kan anv\u00e4ndas f\u00f6r skyltbelysning, dekorativ inomhus- och utomhusbelysning och arkitektonisk konturbelysning.<\/p>\n<p>V\u00e5r ultratunna top view LED neon flex T0606, efter \"9 stora tester\", \u00e4r resistent mot saltsyra, syra- och alkalikorrosion, flamskyddsmedel och UV-resistens, och dess kvalitet \u00e4r p\u00e5litlig och garanterad.<\/p>","protected":false},"featured_media":1445,"template":"","meta":{"_kad_post_transparent":"default","_kad_post_title":"","_kad_post_layout":"default","_kad_post_sidebar_id":"","_kad_post_content_style":"default","_kad_post_vertical_padding":"default","_kad_post_feature":"","_kad_post_feature_position":"","_kad_post_header":false,"_kad_post_footer":false,"_kad_post_classname":""},"product_brand":[],"product_cat":[39,41],"product_tag":[528,531,530,532,527,529],"class_list":{"0":"post-1438","1":"product","2":"type-product","3":"status-publish","4":"has-post-thumbnail","6":"product_cat-neon-strip","7":"product_cat-top-bend-neon-series","8":"product_tag-66mm-narrow-led-neon-light-strip","9":"product_tag-flexible-led-neon-super-slim-0606","10":"product_tag-led-mini-neon-flex-lights","11":"product_tag-led-neon-flex-light-0606","12":"product_tag-neon-flex-slim-0606","13":"product_tag-ultra-thin-6x6mm-top-emitting-led-neon-flex","15":"first","16":"instock","17":"shipping-taxable","18":"product-type-simple","19":"entry","20":"content-bg","21":"loop-entry"},"yoast_head":"<!-- This site is optimized with the Yoast SEO Premium plugin v24.3 (Yoast SEO v26.7) - https:\/\/yoast.com\/wordpress\/plugins\/seo\/ -->\n<title>Top View Ultra Thin 06*06mm LED Neon Flex - T0606 - ESSENLED<\/title>\n<meta name=\"description\" content=\"Top View Ultra Thin 06*06mm LED Neon Flex, 06*06mm, is made of environmentally friendly silicone material, which is extruded in one piece.\" \/>\n<meta name=\"robots\" content=\"index, follow, max-snippet:-1, max-image-preview:large, max-video-preview:-1\" \/>\n<link rel=\"canonical\" href=\"https:\/\/essenled.com\/sv\/produkt\/top-view-ultra-thin-0606mm-led-neon-flex\/\" \/>\n<meta property=\"og:locale\" content=\"sv_SE\" \/>\n<meta property=\"og:type\" content=\"article\" \/>\n<meta property=\"og:title\" content=\"Top View Ultra Thin 06*06mm LED Neon Flex - T0606\" \/>\n<meta property=\"og:description\" content=\"Top View Ultra Thin 06*06mm LED Neon Flex, 06*06mm, is made of environmentally friendly silicone material, which is extruded in one piece.\" \/>\n<meta property=\"og:url\" content=\"https:\/\/essenled.com\/sv\/produkt\/top-view-ultra-thin-0606mm-led-neon-flex\/\" \/>\n<meta property=\"og:site_name\" content=\"ESSENLED\" \/>\n<meta property=\"article:modified_time\" content=\"2024-02-29T06:44:48+00:00\" \/>\n<meta property=\"og:image\" content=\"https:\/\/essenled.com\/wp-content\/uploads\/2024\/02\/0606MM-Narrow-LED-Neon-Light-Strip.webp\" \/>\n\t<meta property=\"og:image:width\" content=\"800\" \/>\n\t<meta property=\"og:image:height\" content=\"800\" \/>\n\t<meta property=\"og:image:type\" content=\"image\/webp\" \/>\n<meta name=\"twitter:card\" content=\"summary_large_image\" \/>\n<meta name=\"twitter:label1\" content=\"Ber\u00e4knad l\u00e4stid\" \/>\n\t<meta name=\"twitter:data1\" content=\"1 minut\" \/>\n<script type=\"application\/ld+json\" class=\"yoast-schema-graph\">{\"@context\":\"https:\/\/schema.org\",\"@graph\":[{\"@type\":\"WebPage\",\"@id\":\"https:\/\/essenled.com\/product\/top-view-ultra-thin-0606mm-led-neon-flex\/\",\"url\":\"https:\/\/essenled.com\/product\/top-view-ultra-thin-0606mm-led-neon-flex\/\",\"name\":\"Top View Ultra Thin 06*06mm LED Neon Flex - T0606 - ESSENLED\",\"isPartOf\":{\"@id\":\"https:\/\/essenled.com\/#website\"},\"primaryImageOfPage\":{\"@id\":\"https:\/\/essenled.com\/product\/top-view-ultra-thin-0606mm-led-neon-flex\/#primaryimage\"},\"image\":{\"@id\":\"https:\/\/essenled.com\/product\/top-view-ultra-thin-0606mm-led-neon-flex\/#primaryimage\"},\"thumbnailUrl\":\"https:\/\/essenled.com\/wp-content\/uploads\/2024\/02\/0606MM-Narrow-LED-Neon-Light-Strip.webp\",\"datePublished\":\"2024-02-29T06:30:11+00:00\",\"dateModified\":\"2024-02-29T06:44:48+00:00\",\"description\":\"Top View Ultra Thin 06*06mm LED Neon Flex, 06*06mm, is made of environmentally friendly silicone material, which is extruded in one piece.\",\"breadcrumb\":{\"@id\":\"https:\/\/essenled.com\/product\/top-view-ultra-thin-0606mm-led-neon-flex\/#breadcrumb\"},\"inLanguage\":\"sv-SE\",\"potentialAction\":[{\"@type\":\"ReadAction\",\"target\":[\"https:\/\/essenled.com\/product\/top-view-ultra-thin-0606mm-led-neon-flex\/\"]}]},{\"@type\":\"ImageObject\",\"inLanguage\":\"sv-SE\",\"@id\":\"https:\/\/essenled.com\/product\/top-view-ultra-thin-0606mm-led-neon-flex\/#primaryimage\",\"url\":\"https:\/\/essenled.com\/wp-content\/uploads\/2024\/02\/0606MM-Narrow-LED-Neon-Light-Strip.webp\",\"contentUrl\":\"https:\/\/essenled.com\/wp-content\/uploads\/2024\/02\/0606MM-Narrow-LED-Neon-Light-Strip.webp\",\"width\":800,\"height\":800,\"caption\":\"0606MM Narrow LED Neon Light Strip\"},{\"@type\":\"BreadcrumbList\",\"@id\":\"https:\/\/essenled.com\/product\/top-view-ultra-thin-0606mm-led-neon-flex\/#breadcrumb\",\"itemListElement\":[{\"@type\":\"ListItem\",\"position\":1,\"name\":\"Home\",\"item\":\"https:\/\/essenled.com\/\"},{\"@type\":\"ListItem\",\"position\":2,\"name\":\"Product\",\"item\":\"https:\/\/essenled.com\/fr\/product\/\"},{\"@type\":\"ListItem\",\"position\":3,\"name\":\"Top View Ultra Thin 06*06mm LED Neon Flex &#8211; T0606\"}]},{\"@type\":\"WebSite\",\"@id\":\"https:\/\/essenled.com\/#website\",\"url\":\"https:\/\/essenled.com\/\",\"name\":\"ESSENLED\",\"description\":\"\",\"publisher\":{\"@id\":\"https:\/\/essenled.com\/#organization\"},\"potentialAction\":[{\"@type\":\"SearchAction\",\"target\":{\"@type\":\"EntryPoint\",\"urlTemplate\":\"https:\/\/essenled.com\/?s={search_term_string}\"},\"query-input\":{\"@type\":\"PropertyValueSpecification\",\"valueRequired\":true,\"valueName\":\"search_term_string\"}}],\"inLanguage\":\"sv-SE\"},{\"@type\":\"Organization\",\"@id\":\"https:\/\/essenled.com\/#organization\",\"name\":\"ESSENLED\",\"url\":\"https:\/\/essenled.com\/\",\"logo\":{\"@type\":\"ImageObject\",\"inLanguage\":\"sv-SE\",\"@id\":\"https:\/\/essenled.com\/#\/schema\/logo\/image\/\",\"url\":\"https:\/\/essenled.com\/wp-content\/uploads\/2024\/01\/Essen-logo.png\",\"contentUrl\":\"https:\/\/essenled.com\/wp-content\/uploads\/2024\/01\/Essen-logo.png\",\"width\":800,\"height\":110,\"caption\":\"ESSENLED\"},\"image\":{\"@id\":\"https:\/\/essenled.com\/#\/schema\/logo\/image\/\"}}]}<\/script>\n<!-- \/ Yoast SEO Premium plugin. -->","yoast_head_json":{"title":"Top View Ultra Tunn 06*06mm LED Neon Flex - T0606 - ESSENLED","description":"Top View Ultra Thin 06*06mm LED Neon Flex, 06*06mm, \u00e4r tillverkad av milj\u00f6v\u00e4nligt silikonmaterial, som extruderas i ett stycke.","robots":{"index":"index","follow":"follow","max-snippet":"max-snippet:-1","max-image-preview":"max-image-preview:large","max-video-preview":"max-video-preview:-1"},"canonical":"https:\/\/essenled.com\/sv\/produkt\/top-view-ultra-thin-0606mm-led-neon-flex\/","og_locale":"sv_SE","og_type":"article","og_title":"Top View Ultra Thin 06*06mm LED Neon Flex - T0606","og_description":"Top View Ultra Thin 06*06mm LED Neon Flex, 06*06mm, is made of environmentally friendly silicone material, which is extruded in one piece.","og_url":"https:\/\/essenled.com\/sv\/produkt\/top-view-ultra-thin-0606mm-led-neon-flex\/","og_site_name":"ESSENLED","article_modified_time":"2024-02-29T06:44:48+00:00","og_image":[{"width":800,"height":800,"url":"https:\/\/essenled.com\/wp-content\/uploads\/2024\/02\/0606MM-Narrow-LED-Neon-Light-Strip.webp","type":"image\/webp"}],"twitter_card":"summary_large_image","twitter_misc":{"Ber\u00e4knad l\u00e4stid":"1 minut"},"schema":{"@context":"https:\/\/schema.org","@graph":[{"@type":"WebPage","@id":"https:\/\/essenled.com\/product\/top-view-ultra-thin-0606mm-led-neon-flex\/","url":"https:\/\/essenled.com\/product\/top-view-ultra-thin-0606mm-led-neon-flex\/","name":"Top View Ultra Tunn 06*06mm LED Neon Flex - T0606 - ESSENLED","isPartOf":{"@id":"https:\/\/essenled.com\/#website"},"primaryImageOfPage":{"@id":"https:\/\/essenled.com\/product\/top-view-ultra-thin-0606mm-led-neon-flex\/#primaryimage"},"image":{"@id":"https:\/\/essenled.com\/product\/top-view-ultra-thin-0606mm-led-neon-flex\/#primaryimage"},"thumbnailUrl":"https:\/\/essenled.com\/wp-content\/uploads\/2024\/02\/0606MM-Narrow-LED-Neon-Light-Strip.webp","datePublished":"2024-02-29T06:30:11+00:00","dateModified":"2024-02-29T06:44:48+00:00","description":"Top View Ultra Thin 06*06mm LED Neon Flex, 06*06mm, \u00e4r tillverkad av milj\u00f6v\u00e4nligt silikonmaterial, som extruderas i ett stycke.","breadcrumb":{"@id":"https:\/\/essenled.com\/product\/top-view-ultra-thin-0606mm-led-neon-flex\/#breadcrumb"},"inLanguage":"sv-SE","potentialAction":[{"@type":"ReadAction","target":["https:\/\/essenled.com\/product\/top-view-ultra-thin-0606mm-led-neon-flex\/"]}]},{"@type":"ImageObject","inLanguage":"sv-SE","@id":"https:\/\/essenled.com\/product\/top-view-ultra-thin-0606mm-led-neon-flex\/#primaryimage","url":"https:\/\/essenled.com\/wp-content\/uploads\/2024\/02\/0606MM-Narrow-LED-Neon-Light-Strip.webp","contentUrl":"https:\/\/essenled.com\/wp-content\/uploads\/2024\/02\/0606MM-Narrow-LED-Neon-Light-Strip.webp","width":800,"height":800,"caption":"0606MM Narrow LED Neon Light Strip"},{"@type":"BreadcrumbList","@id":"https:\/\/essenled.com\/product\/top-view-ultra-thin-0606mm-led-neon-flex\/#breadcrumb","itemListElement":[{"@type":"ListItem","position":1,"name":"Home","item":"https:\/\/essenled.com\/"},{"@type":"ListItem","position":2,"name":"Product","item":"https:\/\/essenled.com\/fr\/product\/"},{"@type":"ListItem","position":3,"name":"Top View Ultra Thin 06*06mm LED Neon Flex &#8211; T0606"}]},{"@type":"WebSite","@id":"https:\/\/essenled.com\/#website","url":"https:\/\/essenled.com\/","name":"ESSENLED","description":"","publisher":{"@id":"https:\/\/essenled.com\/#organization"},"potentialAction":[{"@type":"SearchAction","target":{"@type":"EntryPoint","urlTemplate":"https:\/\/essenled.com\/?s={search_term_string}"},"query-input":{"@type":"PropertyValueSpecification","valueRequired":true,"valueName":"search_term_string"}}],"inLanguage":"sv-SE"},{"@type":"Organization","@id":"https:\/\/essenled.com\/#organization","name":"ESSENLED","url":"https:\/\/essenled.com\/","logo":{"@type":"ImageObject","inLanguage":"sv-SE","@id":"https:\/\/essenled.com\/#\/schema\/logo\/image\/","url":"https:\/\/essenled.com\/wp-content\/uploads\/2024\/01\/Essen-logo.png","contentUrl":"https:\/\/essenled.com\/wp-content\/uploads\/2024\/01\/Essen-logo.png","width":800,"height":110,"caption":"ESSENLED"},"image":{"@id":"https:\/\/essenled.com\/#\/schema\/logo\/image\/"}}]}},"_links":{"self":[{"href":"https:\/\/essenled.com\/sv\/wp-json\/wp\/v2\/product\/1438","targetHints":{"allow":["GET"]}}],"collection":[{"href":"https:\/\/essenled.com\/sv\/wp-json\/wp\/v2\/product"}],"about":[{"href":"https:\/\/essenled.com\/sv\/wp-json\/wp\/v2\/types\/product"}],"version-history":[{"count":2,"href":"https:\/\/essenled.com\/sv\/wp-json\/wp\/v2\/product\/1438\/revisions"}],"predecessor-version":[{"id":1461,"href":"https:\/\/essenled.com\/sv\/wp-json\/wp\/v2\/product\/1438\/revisions\/1461"}],"wp:featuredmedia":[{"embeddable":true,"href":"https:\/\/essenled.com\/sv\/wp-json\/wp\/v2\/media\/1445"}],"wp:attachment":[{"href":"https:\/\/essenled.com\/sv\/wp-json\/wp\/v2\/media?parent=1438"}],"wp:term":[{"taxonomy":"product_brand","embeddable":true,"href":"https:\/\/essenled.com\/sv\/wp-json\/wp\/v2\/product_brand?post=1438"},{"taxonomy":"product_cat","embeddable":true,"href":"https:\/\/essenled.com\/sv\/wp-json\/wp\/v2\/product_cat?post=1438"},{"taxonomy":"product_tag","embeddable":true,"href":"https:\/\/essenled.com\/sv\/wp-json\/wp\/v2\/product_tag?post=1438"}],"curies":[{"name":"wp","href":"https:\/\/api.w.org\/{rel}","templated":true}]}}