{"id":1265,"date":"2024-02-27T05:29:55","date_gmt":"2024-02-27T05:29:55","guid":{"rendered":"https:\/\/essenled.com\/?post_type=product&#038;p=1265"},"modified":"2024-05-31T10:28:58","modified_gmt":"2024-05-31T10:28:58","slug":"rgbtw-5-in-1-led-strip-60leds-5050-led-strip-rgbcct","status":"publish","type":"product","link":"https:\/\/essenled.com\/sv\/produkt\/rgbtw-5-in-1-led-strip-60leds-5050-led-strip-rgbcct\/","title":{"rendered":"RGBTW 5 IN 1 LED-remsa 60LEDs 5050 LED-remsa RGB+CCT"},"content":{"rendered":"","protected":false},"excerpt":{"rendered":"<p>RGBTW 5 IN 1 60LEDs\/m SMD5050 LED-lampor, med fem olika typer av LED i ett och samma chip, inklusive r\u00f6da, gr\u00f6na, bl\u00e5, tunable white och dedicated white LED, vilket ger ett brett utbud av f\u00e4rgalternativ och justeringar av f\u00e4rgtemperatur.<\/p>\n<p>RGB+CCT 5 IN 1 LED Strip med 60leds\/m, RGB+2400K+6000K, denna design g\u00f6r att remsan kan producera en m\u00e4ngd olika f\u00e4rger och alternativ f\u00f6r vitt ljus.<\/p>\n<p>5050 60leds RGBTW LED Strip \u00e4r en specialmodell f\u00f6r LED-remsor som \u00e4r k\u00e4nda f\u00f6r sin ljusstyrka och m\u00e5ngsidighet. Med 19,2 W\/m passar den f\u00f6r de flesta f\u00e4rgglada belysningsl\u00f6sningar.<\/p>\n<p>RGBTW f\u00e4rgglad LED-remsa 5050 60LEDs Med en bredd p\u00e5 12 mm har dessa LED-remsor en m\u00e5ttligt bred profil som passar f\u00f6r olika belysningsapplikationer inom- och utomhus.<\/p>","protected":false},"featured_media":2116,"template":"","meta":{"_kad_post_transparent":"default","_kad_post_title":"","_kad_post_layout":"default","_kad_post_sidebar_id":"","_kad_post_content_style":"default","_kad_post_vertical_padding":"default","_kad_post_feature":"","_kad_post_feature_position":"","_kad_post_header":false,"_kad_post_footer":false,"_kad_post_classname":""},"product_brand":[],"product_cat":[29,31],"product_tag":[415,418,414,416,417],"class_list":{"0":"post-1265","1":"product","2":"type-product","3":"status-publish","4":"has-post-thumbnail","6":"product_cat-led-strip","7":"product_cat-rgbx-series","8":"product_tag-12mm-60led-rgbtw-smd5050-led-tape","9":"product_tag-5050-5-in-1-19-2w-leds-strip-12mm","10":"product_tag-5050-led-strip-5-in-1-rgb-tunable-white","11":"product_tag-rgbtw-5-in-1-5050-led-strip","12":"product_tag-rgbtw-5-in-1-60leds-19-2w-led-strip-light","14":"first","15":"instock","16":"shipping-taxable","17":"product-type-simple","18":"entry","19":"content-bg","20":"loop-entry"},"yoast_head":"<!-- This site is optimized with the Yoast SEO Premium plugin v24.3 (Yoast SEO v26.7) - https:\/\/yoast.com\/wordpress\/plugins\/seo\/ -->\n<title>RGBTW 5 IN 1 LED Strip 60LEDs 5050 LED Strip RGB+CCT - ESSENLED<\/title>\n<meta name=\"description\" content=\"RGBTW 5 IN 1 LED Strip 60LEDs 5050 LED Strip lights, five different types of LEDs within a single chip package, a wide range of color options.\" \/>\n<meta name=\"robots\" content=\"index, follow, max-snippet:-1, max-image-preview:large, max-video-preview:-1\" \/>\n<link rel=\"canonical\" href=\"https:\/\/essenled.com\/sv\/produkt\/rgbtw-5-in-1-led-strip-60leds-5050-led-strip-rgbcct\/\" \/>\n<meta property=\"og:locale\" content=\"sv_SE\" \/>\n<meta property=\"og:type\" content=\"article\" \/>\n<meta property=\"og:title\" content=\"RGBTW 5 IN 1 LED Strip 60LEDs 5050 LED Strip RGB+CCT\" \/>\n<meta property=\"og:description\" content=\"RGBTW 5 IN 1 LED Strip 60LEDs 5050 LED Strip lights, five different types of LEDs within a single chip package, a wide range of color options.\" \/>\n<meta property=\"og:url\" content=\"https:\/\/essenled.com\/sv\/produkt\/rgbtw-5-in-1-led-strip-60leds-5050-led-strip-rgbcct\/\" \/>\n<meta property=\"og:site_name\" content=\"ESSENLED\" \/>\n<meta property=\"article:modified_time\" content=\"2024-05-31T10:28:58+00:00\" \/>\n<meta property=\"og:image\" content=\"https:\/\/essenled.com\/wp-content\/uploads\/2024\/02\/5-in-1-LED-Strip-Light-with-RGB-Tunable-White-1.webp\" \/>\n\t<meta property=\"og:image:width\" content=\"1000\" \/>\n\t<meta property=\"og:image:height\" content=\"1000\" \/>\n\t<meta property=\"og:image:type\" content=\"image\/webp\" \/>\n<meta name=\"twitter:card\" content=\"summary_large_image\" \/>\n<meta name=\"twitter:label1\" content=\"Ber\u00e4knad l\u00e4stid\" \/>\n\t<meta name=\"twitter:data1\" content=\"1 minut\" \/>\n<script type=\"application\/ld+json\" class=\"yoast-schema-graph\">{\"@context\":\"https:\/\/schema.org\",\"@graph\":[{\"@type\":\"WebPage\",\"@id\":\"https:\/\/essenled.com\/product\/rgbtw-5-in-1-led-strip-60leds-5050-led-strip-rgbcct\/\",\"url\":\"https:\/\/essenled.com\/product\/rgbtw-5-in-1-led-strip-60leds-5050-led-strip-rgbcct\/\",\"name\":\"RGBTW 5 IN 1 LED Strip 60LEDs 5050 LED Strip RGB+CCT - ESSENLED\",\"isPartOf\":{\"@id\":\"https:\/\/essenled.com\/#website\"},\"primaryImageOfPage\":{\"@id\":\"https:\/\/essenled.com\/product\/rgbtw-5-in-1-led-strip-60leds-5050-led-strip-rgbcct\/#primaryimage\"},\"image\":{\"@id\":\"https:\/\/essenled.com\/product\/rgbtw-5-in-1-led-strip-60leds-5050-led-strip-rgbcct\/#primaryimage\"},\"thumbnailUrl\":\"https:\/\/essenled.com\/wp-content\/uploads\/2024\/02\/5-in-1-LED-Strip-Light-with-RGB-Tunable-White-1.webp\",\"datePublished\":\"2024-02-27T05:29:55+00:00\",\"dateModified\":\"2024-05-31T10:28:58+00:00\",\"description\":\"RGBTW 5 IN 1 LED Strip 60LEDs 5050 LED Strip lights, five different types of LEDs within a single chip package, a wide range of color options.\",\"breadcrumb\":{\"@id\":\"https:\/\/essenled.com\/product\/rgbtw-5-in-1-led-strip-60leds-5050-led-strip-rgbcct\/#breadcrumb\"},\"inLanguage\":\"sv-SE\",\"potentialAction\":[{\"@type\":\"ReadAction\",\"target\":[\"https:\/\/essenled.com\/product\/rgbtw-5-in-1-led-strip-60leds-5050-led-strip-rgbcct\/\"]}]},{\"@type\":\"ImageObject\",\"inLanguage\":\"sv-SE\",\"@id\":\"https:\/\/essenled.com\/product\/rgbtw-5-in-1-led-strip-60leds-5050-led-strip-rgbcct\/#primaryimage\",\"url\":\"https:\/\/essenled.com\/wp-content\/uploads\/2024\/02\/5-in-1-LED-Strip-Light-with-RGB-Tunable-White-1.webp\",\"contentUrl\":\"https:\/\/essenled.com\/wp-content\/uploads\/2024\/02\/5-in-1-LED-Strip-Light-with-RGB-Tunable-White-1.webp\",\"width\":1000,\"height\":1000,\"caption\":\"5 in 1 LED Strip Light with RGB + Tunable White\"},{\"@type\":\"BreadcrumbList\",\"@id\":\"https:\/\/essenled.com\/product\/rgbtw-5-in-1-led-strip-60leds-5050-led-strip-rgbcct\/#breadcrumb\",\"itemListElement\":[{\"@type\":\"ListItem\",\"position\":1,\"name\":\"Home\",\"item\":\"https:\/\/essenled.com\/\"},{\"@type\":\"ListItem\",\"position\":2,\"name\":\"Product\",\"item\":\"https:\/\/essenled.com\/fr\/product\/\"},{\"@type\":\"ListItem\",\"position\":3,\"name\":\"RGBTW 5 IN 1 LED Strip 60LEDs 5050 LED Strip RGB+CCT\"}]},{\"@type\":\"WebSite\",\"@id\":\"https:\/\/essenled.com\/#website\",\"url\":\"https:\/\/essenled.com\/\",\"name\":\"ESSENLED\",\"description\":\"\",\"publisher\":{\"@id\":\"https:\/\/essenled.com\/#organization\"},\"potentialAction\":[{\"@type\":\"SearchAction\",\"target\":{\"@type\":\"EntryPoint\",\"urlTemplate\":\"https:\/\/essenled.com\/?s={search_term_string}\"},\"query-input\":{\"@type\":\"PropertyValueSpecification\",\"valueRequired\":true,\"valueName\":\"search_term_string\"}}],\"inLanguage\":\"sv-SE\"},{\"@type\":\"Organization\",\"@id\":\"https:\/\/essenled.com\/#organization\",\"name\":\"ESSENLED\",\"url\":\"https:\/\/essenled.com\/\",\"logo\":{\"@type\":\"ImageObject\",\"inLanguage\":\"sv-SE\",\"@id\":\"https:\/\/essenled.com\/#\/schema\/logo\/image\/\",\"url\":\"https:\/\/essenled.com\/wp-content\/uploads\/2024\/01\/Essen-logo.png\",\"contentUrl\":\"https:\/\/essenled.com\/wp-content\/uploads\/2024\/01\/Essen-logo.png\",\"width\":800,\"height\":110,\"caption\":\"ESSENLED\"},\"image\":{\"@id\":\"https:\/\/essenled.com\/#\/schema\/logo\/image\/\"}}]}<\/script>\n<!-- \/ Yoast SEO Premium plugin. -->","yoast_head_json":{"title":"RGBTW 5 IN 1 LED-remsa 60LEDs 5050 LED-remsa RGB+CCT - ESSENLED","description":"RGBTW 5 IN 1 LED Strip 60LEDs 5050 LED Strip-lampor, fem olika typer av lysdioder i ett enda chip-paket, ett brett utbud av f\u00e4rgalternativ.","robots":{"index":"index","follow":"follow","max-snippet":"max-snippet:-1","max-image-preview":"max-image-preview:large","max-video-preview":"max-video-preview:-1"},"canonical":"https:\/\/essenled.com\/sv\/produkt\/rgbtw-5-in-1-led-strip-60leds-5050-led-strip-rgbcct\/","og_locale":"sv_SE","og_type":"article","og_title":"RGBTW 5 IN 1 LED Strip 60LEDs 5050 LED Strip RGB+CCT","og_description":"RGBTW 5 IN 1 LED Strip 60LEDs 5050 LED Strip lights, five different types of LEDs within a single chip package, a wide range of color options.","og_url":"https:\/\/essenled.com\/sv\/produkt\/rgbtw-5-in-1-led-strip-60leds-5050-led-strip-rgbcct\/","og_site_name":"ESSENLED","article_modified_time":"2024-05-31T10:28:58+00:00","og_image":[{"width":1000,"height":1000,"url":"https:\/\/essenled.com\/wp-content\/uploads\/2024\/02\/5-in-1-LED-Strip-Light-with-RGB-Tunable-White-1.webp","type":"image\/webp"}],"twitter_card":"summary_large_image","twitter_misc":{"Ber\u00e4knad l\u00e4stid":"1 minut"},"schema":{"@context":"https:\/\/schema.org","@graph":[{"@type":"WebPage","@id":"https:\/\/essenled.com\/product\/rgbtw-5-in-1-led-strip-60leds-5050-led-strip-rgbcct\/","url":"https:\/\/essenled.com\/product\/rgbtw-5-in-1-led-strip-60leds-5050-led-strip-rgbcct\/","name":"RGBTW 5 IN 1 LED-remsa 60LEDs 5050 LED-remsa RGB+CCT - ESSENLED","isPartOf":{"@id":"https:\/\/essenled.com\/#website"},"primaryImageOfPage":{"@id":"https:\/\/essenled.com\/product\/rgbtw-5-in-1-led-strip-60leds-5050-led-strip-rgbcct\/#primaryimage"},"image":{"@id":"https:\/\/essenled.com\/product\/rgbtw-5-in-1-led-strip-60leds-5050-led-strip-rgbcct\/#primaryimage"},"thumbnailUrl":"https:\/\/essenled.com\/wp-content\/uploads\/2024\/02\/5-in-1-LED-Strip-Light-with-RGB-Tunable-White-1.webp","datePublished":"2024-02-27T05:29:55+00:00","dateModified":"2024-05-31T10:28:58+00:00","description":"RGBTW 5 IN 1 LED Strip 60LEDs 5050 LED Strip-lampor, fem olika typer av lysdioder i ett enda chip-paket, ett brett utbud av f\u00e4rgalternativ.","breadcrumb":{"@id":"https:\/\/essenled.com\/product\/rgbtw-5-in-1-led-strip-60leds-5050-led-strip-rgbcct\/#breadcrumb"},"inLanguage":"sv-SE","potentialAction":[{"@type":"ReadAction","target":["https:\/\/essenled.com\/product\/rgbtw-5-in-1-led-strip-60leds-5050-led-strip-rgbcct\/"]}]},{"@type":"ImageObject","inLanguage":"sv-SE","@id":"https:\/\/essenled.com\/product\/rgbtw-5-in-1-led-strip-60leds-5050-led-strip-rgbcct\/#primaryimage","url":"https:\/\/essenled.com\/wp-content\/uploads\/2024\/02\/5-in-1-LED-Strip-Light-with-RGB-Tunable-White-1.webp","contentUrl":"https:\/\/essenled.com\/wp-content\/uploads\/2024\/02\/5-in-1-LED-Strip-Light-with-RGB-Tunable-White-1.webp","width":1000,"height":1000,"caption":"5 in 1 LED Strip Light with RGB + Tunable White"},{"@type":"BreadcrumbList","@id":"https:\/\/essenled.com\/product\/rgbtw-5-in-1-led-strip-60leds-5050-led-strip-rgbcct\/#breadcrumb","itemListElement":[{"@type":"ListItem","position":1,"name":"Home","item":"https:\/\/essenled.com\/"},{"@type":"ListItem","position":2,"name":"Product","item":"https:\/\/essenled.com\/fr\/product\/"},{"@type":"ListItem","position":3,"name":"RGBTW 5 IN 1 LED Strip 60LEDs 5050 LED Strip RGB+CCT"}]},{"@type":"WebSite","@id":"https:\/\/essenled.com\/#website","url":"https:\/\/essenled.com\/","name":"ESSENLED","description":"","publisher":{"@id":"https:\/\/essenled.com\/#organization"},"potentialAction":[{"@type":"SearchAction","target":{"@type":"EntryPoint","urlTemplate":"https:\/\/essenled.com\/?s={search_term_string}"},"query-input":{"@type":"PropertyValueSpecification","valueRequired":true,"valueName":"search_term_string"}}],"inLanguage":"sv-SE"},{"@type":"Organization","@id":"https:\/\/essenled.com\/#organization","name":"ESSENLED","url":"https:\/\/essenled.com\/","logo":{"@type":"ImageObject","inLanguage":"sv-SE","@id":"https:\/\/essenled.com\/#\/schema\/logo\/image\/","url":"https:\/\/essenled.com\/wp-content\/uploads\/2024\/01\/Essen-logo.png","contentUrl":"https:\/\/essenled.com\/wp-content\/uploads\/2024\/01\/Essen-logo.png","width":800,"height":110,"caption":"ESSENLED"},"image":{"@id":"https:\/\/essenled.com\/#\/schema\/logo\/image\/"}}]}},"_links":{"self":[{"href":"https:\/\/essenled.com\/sv\/wp-json\/wp\/v2\/product\/1265","targetHints":{"allow":["GET"]}}],"collection":[{"href":"https:\/\/essenled.com\/sv\/wp-json\/wp\/v2\/product"}],"about":[{"href":"https:\/\/essenled.com\/sv\/wp-json\/wp\/v2\/types\/product"}],"version-history":[{"count":1,"href":"https:\/\/essenled.com\/sv\/wp-json\/wp\/v2\/product\/1265\/revisions"}],"predecessor-version":[{"id":1272,"href":"https:\/\/essenled.com\/sv\/wp-json\/wp\/v2\/product\/1265\/revisions\/1272"}],"wp:featuredmedia":[{"embeddable":true,"href":"https:\/\/essenled.com\/sv\/wp-json\/wp\/v2\/media\/2116"}],"wp:attachment":[{"href":"https:\/\/essenled.com\/sv\/wp-json\/wp\/v2\/media?parent=1265"}],"wp:term":[{"taxonomy":"product_brand","embeddable":true,"href":"https:\/\/essenled.com\/sv\/wp-json\/wp\/v2\/product_brand?post=1265"},{"taxonomy":"product_cat","embeddable":true,"href":"https:\/\/essenled.com\/sv\/wp-json\/wp\/v2\/product_cat?post=1265"},{"taxonomy":"product_tag","embeddable":true,"href":"https:\/\/essenled.com\/sv\/wp-json\/wp\/v2\/product_tag?post=1265"}],"curies":[{"name":"wp","href":"https:\/\/api.w.org\/{rel}","templated":true}]}}