{"id":1200,"date":"2024-02-26T09:27:27","date_gmt":"2024-02-26T09:27:27","guid":{"rendered":"https:\/\/essenled.com\/?post_type=product&#038;p=1200"},"modified":"2024-05-31T08:16:57","modified_gmt":"2024-05-31T08:16:57","slug":"rgbw-5050-led-strip-ip67","status":"publish","type":"product","link":"https:\/\/essenled.com\/sv\/produkt\/rgbw-5050-led-strip-ip67\/","title":{"rendered":"RGB+W 5050 LED Strip 14,4W-34,4W IP67"},"content":{"rendered":"","protected":false},"excerpt":{"rendered":"<p>RGB+W SMD5050 LED-ljusremsor \u00e4r en serie LED-ljusremsor som s\u00e4ljer bra och \u00e4r en extra vit ljusp\u00e4rla som l\u00e4ggs till RGB-ljusremsan. S\u00e5 den h\u00e4r remsan har r\u00f6da, gr\u00f6na, bl\u00e5 och vita lysdioder.<\/p>\n<p>RGB + W LED-lampor, till\u00e4gget av vita lysdioder ger ett bredare utbud av f\u00e4rgalternativ och m\u00f6jligheten att producera \u00e4kta vitt ljus ut\u00f6ver en m\u00e4ngd olika f\u00e4rger.<\/p>\n<p>Denna RGB + W LED-ljusremsa har 60-144LED per meter och en effekt p\u00e5 upp till 34,4W per meter. T\u00e4theten av lysdioder som anv\u00e4nds f\u00f6r belysning \u00e4r m\u00e5ttlig.<\/p>\n<p>Med en bredd p\u00e5 10 mm-20 mm finns i 12 V och 24 V, vilket ger j\u00e4mn och stabil str\u00f6m f\u00f6r optimal prestanda. Dessa LED-remsor \u00e4r idealiska f\u00f6r en m\u00e4ngd olika inomhus- och utomhusbelysningsapplikationer.<\/p>","protected":false},"featured_media":2108,"template":"","meta":{"_kad_post_transparent":"default","_kad_post_title":"","_kad_post_layout":"default","_kad_post_sidebar_id":"","_kad_post_content_style":"default","_kad_post_vertical_padding":"default","_kad_post_feature":"","_kad_post_feature_position":"","_kad_post_header":false,"_kad_post_footer":false,"_kad_post_classname":""},"product_brand":[],"product_cat":[29,31],"product_tag":[379,378,380,382,381,383],"class_list":{"0":"post-1200","1":"product","2":"type-product","3":"status-publish","4":"has-post-thumbnail","6":"product_cat-led-strip","7":"product_cat-rgbx-series","8":"product_tag-5050-60leds-rgbw-led-strip","9":"product_tag-5050-rgbw-rgbwarm-led-strip","10":"product_tag-rgbw-5050-60-leds-14-4w","11":"product_tag-rgbw-led-strip-5050-60-leds","12":"product_tag-rgbw-5050-60leds-2700k-6000k","13":"product_tag-rgbw-rgbwarm-60leds-10mm","15":"first","16":"instock","17":"shipping-taxable","18":"product-type-simple","19":"entry","20":"content-bg","21":"loop-entry"},"yoast_head":"<!-- This site is optimized with the Yoast SEO Premium plugin v24.3 (Yoast SEO v26.7) - https:\/\/yoast.com\/wordpress\/plugins\/seo\/ -->\n<title>RGB+W 5050 LED Strip 14.4W-34.4W IP67 - ESSENLED<\/title>\n<meta name=\"description\" content=\"RGB+W 60LEDs 5050 LED strip lights are a hot-selling RGBW LED strip, and are an additional white light bead added to the RGB light strip.\" \/>\n<meta name=\"robots\" content=\"index, follow, max-snippet:-1, max-image-preview:large, max-video-preview:-1\" \/>\n<link rel=\"canonical\" href=\"https:\/\/essenled.com\/sv\/produkt\/rgbw-5050-led-strip-ip67\/\" \/>\n<meta property=\"og:locale\" content=\"sv_SE\" \/>\n<meta property=\"og:type\" content=\"article\" \/>\n<meta property=\"og:title\" content=\"RGB+W 5050 LED Strip 14.4W-34.4W IP67\" \/>\n<meta property=\"og:description\" content=\"RGB+W 60LEDs 5050 LED strip lights are a hot-selling RGBW LED strip, and are an additional white light bead added to the RGB light strip.\" \/>\n<meta property=\"og:url\" content=\"https:\/\/essenled.com\/sv\/produkt\/rgbw-5050-led-strip-ip67\/\" \/>\n<meta property=\"og:site_name\" content=\"ESSENLED\" \/>\n<meta property=\"article:modified_time\" content=\"2024-05-31T08:16:57+00:00\" \/>\n<meta property=\"og:image\" content=\"https:\/\/essenled.com\/wp-content\/uploads\/2024\/02\/SMD5050-60LEDs-RGBW-LED-Strip-Light.webp\" \/>\n\t<meta property=\"og:image:width\" content=\"1000\" \/>\n\t<meta property=\"og:image:height\" content=\"1000\" \/>\n\t<meta property=\"og:image:type\" content=\"image\/webp\" \/>\n<meta name=\"twitter:card\" content=\"summary_large_image\" \/>\n<meta name=\"twitter:label1\" content=\"Ber\u00e4knad l\u00e4stid\" \/>\n\t<meta name=\"twitter:data1\" content=\"1 minut\" \/>\n<script type=\"application\/ld+json\" class=\"yoast-schema-graph\">{\"@context\":\"https:\/\/schema.org\",\"@graph\":[{\"@type\":\"WebPage\",\"@id\":\"https:\/\/essenled.com\/product\/rgbw-5050-led-strip-ip67\/\",\"url\":\"https:\/\/essenled.com\/product\/rgbw-5050-led-strip-ip67\/\",\"name\":\"RGB+W 5050 LED Strip 14.4W-34.4W IP67 - ESSENLED\",\"isPartOf\":{\"@id\":\"https:\/\/essenled.com\/#website\"},\"primaryImageOfPage\":{\"@id\":\"https:\/\/essenled.com\/product\/rgbw-5050-led-strip-ip67\/#primaryimage\"},\"image\":{\"@id\":\"https:\/\/essenled.com\/product\/rgbw-5050-led-strip-ip67\/#primaryimage\"},\"thumbnailUrl\":\"https:\/\/essenled.com\/wp-content\/uploads\/2024\/02\/SMD5050-60LEDs-RGBW-LED-Strip-Light.webp\",\"datePublished\":\"2024-02-26T09:27:27+00:00\",\"dateModified\":\"2024-05-31T08:16:57+00:00\",\"description\":\"RGB+W 60LEDs 5050 LED strip lights are a hot-selling RGBW LED strip, and are an additional white light bead added to the RGB light strip.\",\"breadcrumb\":{\"@id\":\"https:\/\/essenled.com\/product\/rgbw-5050-led-strip-ip67\/#breadcrumb\"},\"inLanguage\":\"sv-SE\",\"potentialAction\":[{\"@type\":\"ReadAction\",\"target\":[\"https:\/\/essenled.com\/product\/rgbw-5050-led-strip-ip67\/\"]}]},{\"@type\":\"ImageObject\",\"inLanguage\":\"sv-SE\",\"@id\":\"https:\/\/essenled.com\/product\/rgbw-5050-led-strip-ip67\/#primaryimage\",\"url\":\"https:\/\/essenled.com\/wp-content\/uploads\/2024\/02\/SMD5050-60LEDs-RGBW-LED-Strip-Light.webp\",\"contentUrl\":\"https:\/\/essenled.com\/wp-content\/uploads\/2024\/02\/SMD5050-60LEDs-RGBW-LED-Strip-Light.webp\",\"width\":1000,\"height\":1000,\"caption\":\"SMD5050 60LEDs RGB+W LED Strip Light\"},{\"@type\":\"BreadcrumbList\",\"@id\":\"https:\/\/essenled.com\/product\/rgbw-5050-led-strip-ip67\/#breadcrumb\",\"itemListElement\":[{\"@type\":\"ListItem\",\"position\":1,\"name\":\"Home\",\"item\":\"https:\/\/essenled.com\/\"},{\"@type\":\"ListItem\",\"position\":2,\"name\":\"Product\",\"item\":\"https:\/\/essenled.com\/fr\/product\/\"},{\"@type\":\"ListItem\",\"position\":3,\"name\":\"RGB+W 5050 LED Strip 14.4W-34.4W IP67\"}]},{\"@type\":\"WebSite\",\"@id\":\"https:\/\/essenled.com\/#website\",\"url\":\"https:\/\/essenled.com\/\",\"name\":\"ESSENLED\",\"description\":\"\",\"publisher\":{\"@id\":\"https:\/\/essenled.com\/#organization\"},\"potentialAction\":[{\"@type\":\"SearchAction\",\"target\":{\"@type\":\"EntryPoint\",\"urlTemplate\":\"https:\/\/essenled.com\/?s={search_term_string}\"},\"query-input\":{\"@type\":\"PropertyValueSpecification\",\"valueRequired\":true,\"valueName\":\"search_term_string\"}}],\"inLanguage\":\"sv-SE\"},{\"@type\":\"Organization\",\"@id\":\"https:\/\/essenled.com\/#organization\",\"name\":\"ESSENLED\",\"url\":\"https:\/\/essenled.com\/\",\"logo\":{\"@type\":\"ImageObject\",\"inLanguage\":\"sv-SE\",\"@id\":\"https:\/\/essenled.com\/#\/schema\/logo\/image\/\",\"url\":\"https:\/\/essenled.com\/wp-content\/uploads\/2024\/01\/Essen-logo.png\",\"contentUrl\":\"https:\/\/essenled.com\/wp-content\/uploads\/2024\/01\/Essen-logo.png\",\"width\":800,\"height\":110,\"caption\":\"ESSENLED\"},\"image\":{\"@id\":\"https:\/\/essenled.com\/#\/schema\/logo\/image\/\"}}]}<\/script>\n<!-- \/ Yoast SEO Premium plugin. -->","yoast_head_json":{"title":"RGB+W 5050 LED Strip 14,4W-34,4W IP67 - ESSENLED","description":"RGB+W 60LEDs 5050 LED-ljusremsa \u00e4r en het RGBW LED-ljusremsa och \u00e4r en extra vit ljusp\u00e4rla som l\u00e4ggs till RGB-ljusremsan.","robots":{"index":"index","follow":"follow","max-snippet":"max-snippet:-1","max-image-preview":"max-image-preview:large","max-video-preview":"max-video-preview:-1"},"canonical":"https:\/\/essenled.com\/sv\/produkt\/rgbw-5050-led-strip-ip67\/","og_locale":"sv_SE","og_type":"article","og_title":"RGB+W 5050 LED Strip 14.4W-34.4W IP67","og_description":"RGB+W 60LEDs 5050 LED strip lights are a hot-selling RGBW LED strip, and are an additional white light bead added to the RGB light strip.","og_url":"https:\/\/essenled.com\/sv\/produkt\/rgbw-5050-led-strip-ip67\/","og_site_name":"ESSENLED","article_modified_time":"2024-05-31T08:16:57+00:00","og_image":[{"width":1000,"height":1000,"url":"https:\/\/essenled.com\/wp-content\/uploads\/2024\/02\/SMD5050-60LEDs-RGBW-LED-Strip-Light.webp","type":"image\/webp"}],"twitter_card":"summary_large_image","twitter_misc":{"Ber\u00e4knad l\u00e4stid":"1 minut"},"schema":{"@context":"https:\/\/schema.org","@graph":[{"@type":"WebPage","@id":"https:\/\/essenled.com\/product\/rgbw-5050-led-strip-ip67\/","url":"https:\/\/essenled.com\/product\/rgbw-5050-led-strip-ip67\/","name":"RGB+W 5050 LED Strip 14,4W-34,4W IP67 - ESSENLED","isPartOf":{"@id":"https:\/\/essenled.com\/#website"},"primaryImageOfPage":{"@id":"https:\/\/essenled.com\/product\/rgbw-5050-led-strip-ip67\/#primaryimage"},"image":{"@id":"https:\/\/essenled.com\/product\/rgbw-5050-led-strip-ip67\/#primaryimage"},"thumbnailUrl":"https:\/\/essenled.com\/wp-content\/uploads\/2024\/02\/SMD5050-60LEDs-RGBW-LED-Strip-Light.webp","datePublished":"2024-02-26T09:27:27+00:00","dateModified":"2024-05-31T08:16:57+00:00","description":"RGB+W 60LEDs 5050 LED-ljusremsa \u00e4r en het RGBW LED-ljusremsa och \u00e4r en extra vit ljusp\u00e4rla som l\u00e4ggs till RGB-ljusremsan.","breadcrumb":{"@id":"https:\/\/essenled.com\/product\/rgbw-5050-led-strip-ip67\/#breadcrumb"},"inLanguage":"sv-SE","potentialAction":[{"@type":"ReadAction","target":["https:\/\/essenled.com\/product\/rgbw-5050-led-strip-ip67\/"]}]},{"@type":"ImageObject","inLanguage":"sv-SE","@id":"https:\/\/essenled.com\/product\/rgbw-5050-led-strip-ip67\/#primaryimage","url":"https:\/\/essenled.com\/wp-content\/uploads\/2024\/02\/SMD5050-60LEDs-RGBW-LED-Strip-Light.webp","contentUrl":"https:\/\/essenled.com\/wp-content\/uploads\/2024\/02\/SMD5050-60LEDs-RGBW-LED-Strip-Light.webp","width":1000,"height":1000,"caption":"SMD5050 60LEDs RGB+W LED Strip Light"},{"@type":"BreadcrumbList","@id":"https:\/\/essenled.com\/product\/rgbw-5050-led-strip-ip67\/#breadcrumb","itemListElement":[{"@type":"ListItem","position":1,"name":"Home","item":"https:\/\/essenled.com\/"},{"@type":"ListItem","position":2,"name":"Product","item":"https:\/\/essenled.com\/fr\/product\/"},{"@type":"ListItem","position":3,"name":"RGB+W 5050 LED Strip 14.4W-34.4W IP67"}]},{"@type":"WebSite","@id":"https:\/\/essenled.com\/#website","url":"https:\/\/essenled.com\/","name":"ESSENLED","description":"","publisher":{"@id":"https:\/\/essenled.com\/#organization"},"potentialAction":[{"@type":"SearchAction","target":{"@type":"EntryPoint","urlTemplate":"https:\/\/essenled.com\/?s={search_term_string}"},"query-input":{"@type":"PropertyValueSpecification","valueRequired":true,"valueName":"search_term_string"}}],"inLanguage":"sv-SE"},{"@type":"Organization","@id":"https:\/\/essenled.com\/#organization","name":"ESSENLED","url":"https:\/\/essenled.com\/","logo":{"@type":"ImageObject","inLanguage":"sv-SE","@id":"https:\/\/essenled.com\/#\/schema\/logo\/image\/","url":"https:\/\/essenled.com\/wp-content\/uploads\/2024\/01\/Essen-logo.png","contentUrl":"https:\/\/essenled.com\/wp-content\/uploads\/2024\/01\/Essen-logo.png","width":800,"height":110,"caption":"ESSENLED"},"image":{"@id":"https:\/\/essenled.com\/#\/schema\/logo\/image\/"}}]}},"_links":{"self":[{"href":"https:\/\/essenled.com\/sv\/wp-json\/wp\/v2\/product\/1200","targetHints":{"allow":["GET"]}}],"collection":[{"href":"https:\/\/essenled.com\/sv\/wp-json\/wp\/v2\/product"}],"about":[{"href":"https:\/\/essenled.com\/sv\/wp-json\/wp\/v2\/types\/product"}],"version-history":[{"count":3,"href":"https:\/\/essenled.com\/sv\/wp-json\/wp\/v2\/product\/1200\/revisions"}],"predecessor-version":[{"id":2112,"href":"https:\/\/essenled.com\/sv\/wp-json\/wp\/v2\/product\/1200\/revisions\/2112"}],"wp:featuredmedia":[{"embeddable":true,"href":"https:\/\/essenled.com\/sv\/wp-json\/wp\/v2\/media\/2108"}],"wp:attachment":[{"href":"https:\/\/essenled.com\/sv\/wp-json\/wp\/v2\/media?parent=1200"}],"wp:term":[{"taxonomy":"product_brand","embeddable":true,"href":"https:\/\/essenled.com\/sv\/wp-json\/wp\/v2\/product_brand?post=1200"},{"taxonomy":"product_cat","embeddable":true,"href":"https:\/\/essenled.com\/sv\/wp-json\/wp\/v2\/product_cat?post=1200"},{"taxonomy":"product_tag","embeddable":true,"href":"https:\/\/essenled.com\/sv\/wp-json\/wp\/v2\/product_tag?post=1200"}],"curies":[{"name":"wp","href":"https:\/\/api.w.org\/{rel}","templated":true}]}}