{"id":928,"date":"2024-02-19T05:25:10","date_gmt":"2024-02-19T05:25:10","guid":{"rendered":"https:\/\/essenled.com\/?post_type=product&#038;p=928"},"modified":"2024-05-29T11:52:37","modified_gmt":"2024-05-29T11:52:37","slug":"2835-led-strip-lights-series-super-bright-10mm-24w","status":"publish","type":"product","link":"https:\/\/essenled.com\/ro\/produs\/2835-led-strip-lights-series-super-bright-10mm-24w\/","title":{"rendered":"2835 LED benzi luminoase cu LED-uri Seria Super Bright 10MM 24W"},"content":{"rendered":"","protected":false},"excerpt":{"rendered":"<p>Seria de benzi de lumini LED SMD2835 super luminoase este o band\u0103 LED popular\u0103 care are p\u00e2n\u0103 la 24W pe metru, oferind economii semnificative la costurile de energie f\u0103r\u0103 a compromite luminozitatea sau calitatea iluminatului.<\/p>\n<p>SMD2835 120leds 120leds LED benzi luminoase are o densitate mare de 120leds \/ m, \u0219i o l\u0103\u021bime de 10 mm. Este potrivit\u0103 pentru multe dintre cele mai bine v\u00e2ndute profile de aluminiu cu LED-uri, combina\u021bia perfect\u0103 de compactitate \u0219i luminozitate.<\/p>\n<p>Banda LED ultra-luminoas\u0103 2835 120leds\/m suport\u0103 func\u021bionarea la 12V \u0219i 24V. \u00cen plus, suport\u0103 t\u0103ierea la 12V, a c\u0103rei lungime de t\u0103iere este de 25 mm, \u0219i la 24V, a c\u0103rei lungime de t\u0103iere este de 50 mm.<\/p>\n<p>Versatilitatea benzii LED 2835 120leds\/m este nelimitat\u0103. De la iluminatul ambiental \u00een spa\u021bii reziden\u021biale la eviden\u021bierea exponatelor de v\u00e2nzare cu am\u0103nuntul, gama sa larg\u0103 de temperaturi de culoare, de la alb cald la alb rece, creeaz\u0103 o ambian\u021b\u0103 \u0219i o stare de spirit potrivite pentru anumite set\u0103ri.<\/p>","protected":false},"featured_media":2065,"template":"","meta":{"_kad_post_transparent":"default","_kad_post_title":"","_kad_post_layout":"default","_kad_post_sidebar_id":"","_kad_post_content_style":"default","_kad_post_vertical_padding":"default","_kad_post_feature":"","_kad_post_feature_position":"","_kad_post_header":false,"_kad_post_footer":false,"_kad_post_classname":""},"product_brand":[],"product_cat":[29,766],"product_tag":[232,229,230,228,227,231],"class_list":{"0":"post-928","1":"product","2":"type-product","3":"status-publish","4":"has-post-thumbnail","6":"product_cat-led-strip","7":"product_cat-single-color-series","8":"product_tag-120leds-24w-12v-24v","9":"product_tag-2835-120leds-12v-24v","10":"product_tag-high-bright-led-strip-2835","11":"product_tag-high-cri-95-120leds-24w","12":"product_tag-led-strip-2835-120leds-10mm","13":"product_tag-ultra-slim-2835-120led","15":"first","16":"instock","17":"shipping-taxable","18":"product-type-simple","19":"entry","20":"content-bg","21":"loop-entry"},"yoast_head":"<!-- This site is optimized with the Yoast SEO Premium plugin v24.3 (Yoast SEO v26.7) - https:\/\/yoast.com\/wordpress\/plugins\/seo\/ -->\n<title>2835 LED Strip Lights Series Super Bright 10MM 24W - ESSENLED<\/title>\n<meta name=\"description\" content=\"The 2835 LED Strip Lights Series Super Bright is 24w\/m, providing significant savings on energy costs without compromising on brightness quality.\" \/>\n<meta name=\"robots\" content=\"index, follow, max-snippet:-1, max-image-preview:large, max-video-preview:-1\" \/>\n<link rel=\"canonical\" href=\"https:\/\/essenled.com\/ro\/produs\/2835-led-strip-lights-series-super-bright-10mm-24w\/\" \/>\n<meta property=\"og:locale\" content=\"ro_RO\" \/>\n<meta property=\"og:type\" content=\"article\" \/>\n<meta property=\"og:title\" content=\"2835 LED Strip Lights Series Super Bright 10MM 24W\" \/>\n<meta property=\"og:description\" content=\"The 2835 LED Strip Lights Series Super Bright is 24w\/m, providing significant savings on energy costs without compromising on brightness quality.\" \/>\n<meta property=\"og:url\" content=\"https:\/\/essenled.com\/ro\/produs\/2835-led-strip-lights-series-super-bright-10mm-24w\/\" \/>\n<meta property=\"og:site_name\" content=\"ESSENLED\" \/>\n<meta property=\"article:modified_time\" content=\"2024-05-29T11:52:37+00:00\" \/>\n<meta property=\"og:image\" content=\"https:\/\/essenled.com\/wp-content\/uploads\/2024\/02\/2835-LED-Light-Strip-Waterproof-120LED-Outdoor-1.webp\" \/>\n\t<meta property=\"og:image:width\" content=\"1000\" \/>\n\t<meta property=\"og:image:height\" content=\"1000\" \/>\n\t<meta property=\"og:image:type\" content=\"image\/webp\" \/>\n<meta name=\"twitter:card\" content=\"summary_large_image\" \/>\n<meta name=\"twitter:label1\" content=\"Timp estimat pentru citire\" \/>\n\t<meta name=\"twitter:data1\" content=\"1 minut\" \/>\n<script type=\"application\/ld+json\" class=\"yoast-schema-graph\">{\"@context\":\"https:\/\/schema.org\",\"@graph\":[{\"@type\":\"WebPage\",\"@id\":\"https:\/\/essenled.com\/product\/2835-led-strip-lights-series-super-bright-10mm-24w\/\",\"url\":\"https:\/\/essenled.com\/product\/2835-led-strip-lights-series-super-bright-10mm-24w\/\",\"name\":\"2835 LED Strip Lights Series Super Bright 10MM 24W - ESSENLED\",\"isPartOf\":{\"@id\":\"https:\/\/essenled.com\/#website\"},\"primaryImageOfPage\":{\"@id\":\"https:\/\/essenled.com\/product\/2835-led-strip-lights-series-super-bright-10mm-24w\/#primaryimage\"},\"image\":{\"@id\":\"https:\/\/essenled.com\/product\/2835-led-strip-lights-series-super-bright-10mm-24w\/#primaryimage\"},\"thumbnailUrl\":\"https:\/\/essenled.com\/wp-content\/uploads\/2024\/02\/2835-LED-Light-Strip-Waterproof-120LED-Outdoor-1.webp\",\"datePublished\":\"2024-02-19T05:25:10+00:00\",\"dateModified\":\"2024-05-29T11:52:37+00:00\",\"description\":\"The 2835 LED Strip Lights Series Super Bright is 24w\/m, providing significant savings on energy costs without compromising on brightness quality.\",\"breadcrumb\":{\"@id\":\"https:\/\/essenled.com\/product\/2835-led-strip-lights-series-super-bright-10mm-24w\/#breadcrumb\"},\"inLanguage\":\"ro-RO\",\"potentialAction\":[{\"@type\":\"ReadAction\",\"target\":[\"https:\/\/essenled.com\/product\/2835-led-strip-lights-series-super-bright-10mm-24w\/\"]}]},{\"@type\":\"ImageObject\",\"inLanguage\":\"ro-RO\",\"@id\":\"https:\/\/essenled.com\/product\/2835-led-strip-lights-series-super-bright-10mm-24w\/#primaryimage\",\"url\":\"https:\/\/essenled.com\/wp-content\/uploads\/2024\/02\/2835-LED-Light-Strip-Waterproof-120LED-Outdoor-1.webp\",\"contentUrl\":\"https:\/\/essenled.com\/wp-content\/uploads\/2024\/02\/2835-LED-Light-Strip-Waterproof-120LED-Outdoor-1.webp\",\"width\":1000,\"height\":1000,\"caption\":\"2835 LED Light Strip Waterproof 120LED Outdoor\"},{\"@type\":\"BreadcrumbList\",\"@id\":\"https:\/\/essenled.com\/product\/2835-led-strip-lights-series-super-bright-10mm-24w\/#breadcrumb\",\"itemListElement\":[{\"@type\":\"ListItem\",\"position\":1,\"name\":\"Home\",\"item\":\"https:\/\/essenled.com\/\"},{\"@type\":\"ListItem\",\"position\":2,\"name\":\"Product\",\"item\":\"https:\/\/essenled.com\/fr\/product\/\"},{\"@type\":\"ListItem\",\"position\":3,\"name\":\"2835 LED Strip Lights Series Super Bright 10MM 24W\"}]},{\"@type\":\"WebSite\",\"@id\":\"https:\/\/essenled.com\/#website\",\"url\":\"https:\/\/essenled.com\/\",\"name\":\"ESSENLED\",\"description\":\"\",\"publisher\":{\"@id\":\"https:\/\/essenled.com\/#organization\"},\"potentialAction\":[{\"@type\":\"SearchAction\",\"target\":{\"@type\":\"EntryPoint\",\"urlTemplate\":\"https:\/\/essenled.com\/?s={search_term_string}\"},\"query-input\":{\"@type\":\"PropertyValueSpecification\",\"valueRequired\":true,\"valueName\":\"search_term_string\"}}],\"inLanguage\":\"ro-RO\"},{\"@type\":\"Organization\",\"@id\":\"https:\/\/essenled.com\/#organization\",\"name\":\"ESSENLED\",\"url\":\"https:\/\/essenled.com\/\",\"logo\":{\"@type\":\"ImageObject\",\"inLanguage\":\"ro-RO\",\"@id\":\"https:\/\/essenled.com\/#\/schema\/logo\/image\/\",\"url\":\"https:\/\/essenled.com\/wp-content\/uploads\/2024\/01\/Essen-logo.png\",\"contentUrl\":\"https:\/\/essenled.com\/wp-content\/uploads\/2024\/01\/Essen-logo.png\",\"width\":800,\"height\":110,\"caption\":\"ESSENLED\"},\"image\":{\"@id\":\"https:\/\/essenled.com\/#\/schema\/logo\/image\/\"}}]}<\/script>\n<!-- \/ Yoast SEO Premium plugin. -->","yoast_head_json":{"title":"2835 LED benzi luminoase cu LED-uri Seria Super Bright 10MM 24W - ESSENLED","description":"Seria 2835 LED Strip Lights Super Bright este de 24w\/m, oferind economii semnificative la costurile de energie f\u0103r\u0103 a compromite calitatea luminozit\u0103\u021bii.","robots":{"index":"index","follow":"follow","max-snippet":"max-snippet:-1","max-image-preview":"max-image-preview:large","max-video-preview":"max-video-preview:-1"},"canonical":"https:\/\/essenled.com\/ro\/produs\/2835-led-strip-lights-series-super-bright-10mm-24w\/","og_locale":"ro_RO","og_type":"article","og_title":"2835 LED Strip Lights Series Super Bright 10MM 24W","og_description":"The 2835 LED Strip Lights Series Super Bright is 24w\/m, providing significant savings on energy costs without compromising on brightness quality.","og_url":"https:\/\/essenled.com\/ro\/produs\/2835-led-strip-lights-series-super-bright-10mm-24w\/","og_site_name":"ESSENLED","article_modified_time":"2024-05-29T11:52:37+00:00","og_image":[{"width":1000,"height":1000,"url":"https:\/\/essenled.com\/wp-content\/uploads\/2024\/02\/2835-LED-Light-Strip-Waterproof-120LED-Outdoor-1.webp","type":"image\/webp"}],"twitter_card":"summary_large_image","twitter_misc":{"Timp estimat pentru citire":"1 minut"},"schema":{"@context":"https:\/\/schema.org","@graph":[{"@type":"WebPage","@id":"https:\/\/essenled.com\/product\/2835-led-strip-lights-series-super-bright-10mm-24w\/","url":"https:\/\/essenled.com\/product\/2835-led-strip-lights-series-super-bright-10mm-24w\/","name":"2835 LED benzi luminoase cu LED-uri Seria Super Bright 10MM 24W - ESSENLED","isPartOf":{"@id":"https:\/\/essenled.com\/#website"},"primaryImageOfPage":{"@id":"https:\/\/essenled.com\/product\/2835-led-strip-lights-series-super-bright-10mm-24w\/#primaryimage"},"image":{"@id":"https:\/\/essenled.com\/product\/2835-led-strip-lights-series-super-bright-10mm-24w\/#primaryimage"},"thumbnailUrl":"https:\/\/essenled.com\/wp-content\/uploads\/2024\/02\/2835-LED-Light-Strip-Waterproof-120LED-Outdoor-1.webp","datePublished":"2024-02-19T05:25:10+00:00","dateModified":"2024-05-29T11:52:37+00:00","description":"Seria 2835 LED Strip Lights Super Bright este de 24w\/m, oferind economii semnificative la costurile de energie f\u0103r\u0103 a compromite calitatea luminozit\u0103\u021bii.","breadcrumb":{"@id":"https:\/\/essenled.com\/product\/2835-led-strip-lights-series-super-bright-10mm-24w\/#breadcrumb"},"inLanguage":"ro-RO","potentialAction":[{"@type":"ReadAction","target":["https:\/\/essenled.com\/product\/2835-led-strip-lights-series-super-bright-10mm-24w\/"]}]},{"@type":"ImageObject","inLanguage":"ro-RO","@id":"https:\/\/essenled.com\/product\/2835-led-strip-lights-series-super-bright-10mm-24w\/#primaryimage","url":"https:\/\/essenled.com\/wp-content\/uploads\/2024\/02\/2835-LED-Light-Strip-Waterproof-120LED-Outdoor-1.webp","contentUrl":"https:\/\/essenled.com\/wp-content\/uploads\/2024\/02\/2835-LED-Light-Strip-Waterproof-120LED-Outdoor-1.webp","width":1000,"height":1000,"caption":"2835 LED Light Strip Waterproof 120LED Outdoor"},{"@type":"BreadcrumbList","@id":"https:\/\/essenled.com\/product\/2835-led-strip-lights-series-super-bright-10mm-24w\/#breadcrumb","itemListElement":[{"@type":"ListItem","position":1,"name":"Home","item":"https:\/\/essenled.com\/"},{"@type":"ListItem","position":2,"name":"Product","item":"https:\/\/essenled.com\/fr\/product\/"},{"@type":"ListItem","position":3,"name":"2835 LED Strip Lights Series Super Bright 10MM 24W"}]},{"@type":"WebSite","@id":"https:\/\/essenled.com\/#website","url":"https:\/\/essenled.com\/","name":"ESSENLED","description":"","publisher":{"@id":"https:\/\/essenled.com\/#organization"},"potentialAction":[{"@type":"SearchAction","target":{"@type":"EntryPoint","urlTemplate":"https:\/\/essenled.com\/?s={search_term_string}"},"query-input":{"@type":"PropertyValueSpecification","valueRequired":true,"valueName":"search_term_string"}}],"inLanguage":"ro-RO"},{"@type":"Organization","@id":"https:\/\/essenled.com\/#organization","name":"ESSENLED","url":"https:\/\/essenled.com\/","logo":{"@type":"ImageObject","inLanguage":"ro-RO","@id":"https:\/\/essenled.com\/#\/schema\/logo\/image\/","url":"https:\/\/essenled.com\/wp-content\/uploads\/2024\/01\/Essen-logo.png","contentUrl":"https:\/\/essenled.com\/wp-content\/uploads\/2024\/01\/Essen-logo.png","width":800,"height":110,"caption":"ESSENLED"},"image":{"@id":"https:\/\/essenled.com\/#\/schema\/logo\/image\/"}}]}},"_links":{"self":[{"href":"https:\/\/essenled.com\/ro\/wp-json\/wp\/v2\/product\/928","targetHints":{"allow":["GET"]}}],"collection":[{"href":"https:\/\/essenled.com\/ro\/wp-json\/wp\/v2\/product"}],"about":[{"href":"https:\/\/essenled.com\/ro\/wp-json\/wp\/v2\/types\/product"}],"version-history":[{"count":3,"href":"https:\/\/essenled.com\/ro\/wp-json\/wp\/v2\/product\/928\/revisions"}],"predecessor-version":[{"id":2068,"href":"https:\/\/essenled.com\/ro\/wp-json\/wp\/v2\/product\/928\/revisions\/2068"}],"wp:featuredmedia":[{"embeddable":true,"href":"https:\/\/essenled.com\/ro\/wp-json\/wp\/v2\/media\/2065"}],"wp:attachment":[{"href":"https:\/\/essenled.com\/ro\/wp-json\/wp\/v2\/media?parent=928"}],"wp:term":[{"taxonomy":"product_brand","embeddable":true,"href":"https:\/\/essenled.com\/ro\/wp-json\/wp\/v2\/product_brand?post=928"},{"taxonomy":"product_cat","embeddable":true,"href":"https:\/\/essenled.com\/ro\/wp-json\/wp\/v2\/product_cat?post=928"},{"taxonomy":"product_tag","embeddable":true,"href":"https:\/\/essenled.com\/ro\/wp-json\/wp\/v2\/product_tag?post=928"}],"curies":[{"name":"wp","href":"https:\/\/api.w.org\/{rel}","templated":true}]}}