{"id":707,"date":"2024-02-10T02:58:41","date_gmt":"2024-02-10T02:58:41","guid":{"rendered":"https:\/\/essenled.com\/?post_type=product&#038;p=707"},"modified":"2024-06-01T08:55:25","modified_gmt":"2024-06-01T08:55:25","slug":"rgb-cob-led-strip-high-density-dotless-24v","status":"publish","type":"product","link":"https:\/\/essenled.com\/ro\/produs\/rgb-cob-led-strip-high-density-dotless-24v\/","title":{"rendered":"RGB COB COB LED Strip de \u00eenalt\u0103 densitate Dotless 24V"},"content":{"rendered":"","protected":false},"excerpt":{"rendered":"<p>Band\u0103 LED RGB COB dispune de iluminare de \u00eenalt\u0103 densitate \u0219i f\u0103r\u0103 spoturi, la 24V \u0219i are o putere de 840leds\/m. Sunt \u00een iluminat f\u0103r\u0103 cusur, f\u0103r\u0103 pete pe toat\u0103 lungimea benzii, distribu\u021bie uniform\u0103 a luminii \u0219i minimizarea pixel\u0103rii sau a petelor.<\/p>\n<p>Func\u021bionarea la 24 V asigur\u0103 un transfer eficient de energie \u0219i reduce c\u0103derile de tensiune pe lungimi mai mari de benzi LED. Oferind o mai mare flexibilitate de instalare \u0219i compatibilitate cu sursele de alimentare \u0219i controlerele.<\/p>\n<p>Benzile LED RGB COB sunt capabile s\u0103 emit\u0103 prin combinarea surselor de lumin\u0103 ro\u0219ie, verde \u0219i albastr\u0103. Creeaz\u0103 efecte de iluminare vibrante \u0219i dinamice, potrivite pentru o varietate de aplica\u021bii.<\/p>\n<p>Benzile LED RGB COB sunt versatile \u0219i pot fi utilizate \u00eentr-o varietate de aplica\u021bii de iluminat, inclusiv iluminat arhitectural, semnalizare, iluminat de divertisment \u0219i corpuri de iluminat decorative.<\/p>","protected":false},"featured_media":2161,"template":"","meta":{"_kad_post_transparent":"default","_kad_post_title":"","_kad_post_layout":"default","_kad_post_sidebar_id":"","_kad_post_content_style":"default","_kad_post_vertical_padding":"default","_kad_post_feature":"","_kad_post_feature_position":"","_kad_post_header":false,"_kad_post_footer":false,"_kad_post_classname":""},"product_brand":[],"product_cat":[50,53],"product_tag":[96,94,82,93,95],"class_list":{"0":"post-707","1":"product","2":"type-product","3":"status-publish","4":"has-post-thumbnail","6":"product_cat-cob-led-strip","7":"product_cat-rgbx-cob-series","8":"product_tag-cob-rgb-led-tape-light","9":"product_tag-dotless-cob-rgb-led-strip","10":"product_tag-high-density-flexible-cob","11":"product_tag-rgb-cob-led-strip","12":"product_tag-rgb-seamless-cob-rgb-24v","14":"first","15":"instock","16":"shipping-taxable","17":"product-type-simple","18":"entry","19":"content-bg","20":"loop-entry"},"yoast_head":"<!-- This site is optimized with the Yoast SEO Premium plugin v24.3 (Yoast SEO v26.7) - https:\/\/yoast.com\/wordpress\/plugins\/seo\/ -->\n<title>RGB COB LED Strip High Density Dotless 24V - ESSENLED<\/title>\n<meta name=\"description\" content=\"The RGB COB LED strip high-density and spot-free lighting, 24V with 840leds\/m, seamless, spot-free lighting along the length of the strip.\" \/>\n<meta name=\"robots\" content=\"index, follow, max-snippet:-1, max-image-preview:large, max-video-preview:-1\" \/>\n<link rel=\"canonical\" href=\"https:\/\/essenled.com\/ro\/produs\/rgb-cob-led-strip-high-density-dotless-24v\/\" \/>\n<meta property=\"og:locale\" content=\"ro_RO\" \/>\n<meta property=\"og:type\" content=\"article\" \/>\n<meta property=\"og:title\" content=\"RGB COB LED Strip High Density Dotless 24V\" \/>\n<meta property=\"og:description\" content=\"The RGB COB LED strip high-density and spot-free lighting, 24V with 840leds\/m, seamless, spot-free lighting along the length of the strip.\" \/>\n<meta property=\"og:url\" content=\"https:\/\/essenled.com\/ro\/produs\/rgb-cob-led-strip-high-density-dotless-24v\/\" \/>\n<meta property=\"og:site_name\" content=\"ESSENLED\" \/>\n<meta property=\"article:modified_time\" content=\"2024-06-01T08:55:25+00:00\" \/>\n<meta property=\"og:image\" content=\"https:\/\/essenled.com\/wp-content\/uploads\/2024\/02\/High-Density-Dotless-Flexible-COB-840leds-RGB-LED-Strip-Lighting.webp\" \/>\n\t<meta property=\"og:image:width\" content=\"1000\" \/>\n\t<meta property=\"og:image:height\" content=\"1000\" \/>\n\t<meta property=\"og:image:type\" content=\"image\/webp\" \/>\n<meta name=\"twitter:card\" content=\"summary_large_image\" \/>\n<meta name=\"twitter:label1\" content=\"Timp estimat pentru citire\" \/>\n\t<meta name=\"twitter:data1\" content=\"1 minut\" \/>\n<script type=\"application\/ld+json\" class=\"yoast-schema-graph\">{\"@context\":\"https:\/\/schema.org\",\"@graph\":[{\"@type\":\"WebPage\",\"@id\":\"https:\/\/essenled.com\/product\/rgb-cob-led-strip-high-density-dotless-24v\/\",\"url\":\"https:\/\/essenled.com\/product\/rgb-cob-led-strip-high-density-dotless-24v\/\",\"name\":\"RGB COB LED Strip High Density Dotless 24V - ESSENLED\",\"isPartOf\":{\"@id\":\"https:\/\/essenled.com\/#website\"},\"primaryImageOfPage\":{\"@id\":\"https:\/\/essenled.com\/product\/rgb-cob-led-strip-high-density-dotless-24v\/#primaryimage\"},\"image\":{\"@id\":\"https:\/\/essenled.com\/product\/rgb-cob-led-strip-high-density-dotless-24v\/#primaryimage\"},\"thumbnailUrl\":\"https:\/\/essenled.com\/wp-content\/uploads\/2024\/02\/High-Density-Dotless-Flexible-COB-840leds-RGB-LED-Strip-Lighting.webp\",\"datePublished\":\"2024-02-10T02:58:41+00:00\",\"dateModified\":\"2024-06-01T08:55:25+00:00\",\"description\":\"The RGB COB LED strip high-density and spot-free lighting, 24V with 840leds\/m, seamless, spot-free lighting along the length of the strip.\",\"breadcrumb\":{\"@id\":\"https:\/\/essenled.com\/product\/rgb-cob-led-strip-high-density-dotless-24v\/#breadcrumb\"},\"inLanguage\":\"ro-RO\",\"potentialAction\":[{\"@type\":\"ReadAction\",\"target\":[\"https:\/\/essenled.com\/product\/rgb-cob-led-strip-high-density-dotless-24v\/\"]}]},{\"@type\":\"ImageObject\",\"inLanguage\":\"ro-RO\",\"@id\":\"https:\/\/essenled.com\/product\/rgb-cob-led-strip-high-density-dotless-24v\/#primaryimage\",\"url\":\"https:\/\/essenled.com\/wp-content\/uploads\/2024\/02\/High-Density-Dotless-Flexible-COB-840leds-RGB-LED-Strip-Lighting.webp\",\"contentUrl\":\"https:\/\/essenled.com\/wp-content\/uploads\/2024\/02\/High-Density-Dotless-Flexible-COB-840leds-RGB-LED-Strip-Lighting.webp\",\"width\":1000,\"height\":1000,\"caption\":\"High Density Dotless Flexible COB 840leds RGB LED Strip Lighting\"},{\"@type\":\"BreadcrumbList\",\"@id\":\"https:\/\/essenled.com\/product\/rgb-cob-led-strip-high-density-dotless-24v\/#breadcrumb\",\"itemListElement\":[{\"@type\":\"ListItem\",\"position\":1,\"name\":\"Home\",\"item\":\"https:\/\/essenled.com\/\"},{\"@type\":\"ListItem\",\"position\":2,\"name\":\"Product\",\"item\":\"https:\/\/essenled.com\/fr\/product\/\"},{\"@type\":\"ListItem\",\"position\":3,\"name\":\"RGB COB LED Strip High Density Dotless 24V\"}]},{\"@type\":\"WebSite\",\"@id\":\"https:\/\/essenled.com\/#website\",\"url\":\"https:\/\/essenled.com\/\",\"name\":\"ESSENLED\",\"description\":\"\",\"publisher\":{\"@id\":\"https:\/\/essenled.com\/#organization\"},\"potentialAction\":[{\"@type\":\"SearchAction\",\"target\":{\"@type\":\"EntryPoint\",\"urlTemplate\":\"https:\/\/essenled.com\/?s={search_term_string}\"},\"query-input\":{\"@type\":\"PropertyValueSpecification\",\"valueRequired\":true,\"valueName\":\"search_term_string\"}}],\"inLanguage\":\"ro-RO\"},{\"@type\":\"Organization\",\"@id\":\"https:\/\/essenled.com\/#organization\",\"name\":\"ESSENLED\",\"url\":\"https:\/\/essenled.com\/\",\"logo\":{\"@type\":\"ImageObject\",\"inLanguage\":\"ro-RO\",\"@id\":\"https:\/\/essenled.com\/#\/schema\/logo\/image\/\",\"url\":\"https:\/\/essenled.com\/wp-content\/uploads\/2024\/01\/Essen-logo.png\",\"contentUrl\":\"https:\/\/essenled.com\/wp-content\/uploads\/2024\/01\/Essen-logo.png\",\"width\":800,\"height\":110,\"caption\":\"ESSENLED\"},\"image\":{\"@id\":\"https:\/\/essenled.com\/#\/schema\/logo\/image\/\"}}]}<\/script>\n<!-- \/ Yoast SEO Premium plugin. -->","yoast_head_json":{"title":"RGB COB COB LED Strip de \u00eenalt\u0103 densitate Dotless 24V - ESSENLED","description":"RGB COB COB LED benzi de iluminat de \u00eenalt\u0103 densitate \u0219i f\u0103r\u0103 spoturi, 24V cu 840leds\/m, iluminat f\u0103r\u0103 cusur, f\u0103r\u0103 spoturi pe toat\u0103 lungimea benzii.","robots":{"index":"index","follow":"follow","max-snippet":"max-snippet:-1","max-image-preview":"max-image-preview:large","max-video-preview":"max-video-preview:-1"},"canonical":"https:\/\/essenled.com\/ro\/produs\/rgb-cob-led-strip-high-density-dotless-24v\/","og_locale":"ro_RO","og_type":"article","og_title":"RGB COB LED Strip High Density Dotless 24V","og_description":"The RGB COB LED strip high-density and spot-free lighting, 24V with 840leds\/m, seamless, spot-free lighting along the length of the strip.","og_url":"https:\/\/essenled.com\/ro\/produs\/rgb-cob-led-strip-high-density-dotless-24v\/","og_site_name":"ESSENLED","article_modified_time":"2024-06-01T08:55:25+00:00","og_image":[{"width":1000,"height":1000,"url":"https:\/\/essenled.com\/wp-content\/uploads\/2024\/02\/High-Density-Dotless-Flexible-COB-840leds-RGB-LED-Strip-Lighting.webp","type":"image\/webp"}],"twitter_card":"summary_large_image","twitter_misc":{"Timp estimat pentru citire":"1 minut"},"schema":{"@context":"https:\/\/schema.org","@graph":[{"@type":"WebPage","@id":"https:\/\/essenled.com\/product\/rgb-cob-led-strip-high-density-dotless-24v\/","url":"https:\/\/essenled.com\/product\/rgb-cob-led-strip-high-density-dotless-24v\/","name":"RGB COB COB LED Strip de \u00eenalt\u0103 densitate Dotless 24V - ESSENLED","isPartOf":{"@id":"https:\/\/essenled.com\/#website"},"primaryImageOfPage":{"@id":"https:\/\/essenled.com\/product\/rgb-cob-led-strip-high-density-dotless-24v\/#primaryimage"},"image":{"@id":"https:\/\/essenled.com\/product\/rgb-cob-led-strip-high-density-dotless-24v\/#primaryimage"},"thumbnailUrl":"https:\/\/essenled.com\/wp-content\/uploads\/2024\/02\/High-Density-Dotless-Flexible-COB-840leds-RGB-LED-Strip-Lighting.webp","datePublished":"2024-02-10T02:58:41+00:00","dateModified":"2024-06-01T08:55:25+00:00","description":"RGB COB COB LED benzi de iluminat de \u00eenalt\u0103 densitate \u0219i f\u0103r\u0103 spoturi, 24V cu 840leds\/m, iluminat f\u0103r\u0103 cusur, f\u0103r\u0103 spoturi pe toat\u0103 lungimea benzii.","breadcrumb":{"@id":"https:\/\/essenled.com\/product\/rgb-cob-led-strip-high-density-dotless-24v\/#breadcrumb"},"inLanguage":"ro-RO","potentialAction":[{"@type":"ReadAction","target":["https:\/\/essenled.com\/product\/rgb-cob-led-strip-high-density-dotless-24v\/"]}]},{"@type":"ImageObject","inLanguage":"ro-RO","@id":"https:\/\/essenled.com\/product\/rgb-cob-led-strip-high-density-dotless-24v\/#primaryimage","url":"https:\/\/essenled.com\/wp-content\/uploads\/2024\/02\/High-Density-Dotless-Flexible-COB-840leds-RGB-LED-Strip-Lighting.webp","contentUrl":"https:\/\/essenled.com\/wp-content\/uploads\/2024\/02\/High-Density-Dotless-Flexible-COB-840leds-RGB-LED-Strip-Lighting.webp","width":1000,"height":1000,"caption":"High Density Dotless Flexible COB 840leds RGB LED Strip Lighting"},{"@type":"BreadcrumbList","@id":"https:\/\/essenled.com\/product\/rgb-cob-led-strip-high-density-dotless-24v\/#breadcrumb","itemListElement":[{"@type":"ListItem","position":1,"name":"Home","item":"https:\/\/essenled.com\/"},{"@type":"ListItem","position":2,"name":"Product","item":"https:\/\/essenled.com\/fr\/product\/"},{"@type":"ListItem","position":3,"name":"RGB COB LED Strip High Density Dotless 24V"}]},{"@type":"WebSite","@id":"https:\/\/essenled.com\/#website","url":"https:\/\/essenled.com\/","name":"ESSENLED","description":"","publisher":{"@id":"https:\/\/essenled.com\/#organization"},"potentialAction":[{"@type":"SearchAction","target":{"@type":"EntryPoint","urlTemplate":"https:\/\/essenled.com\/?s={search_term_string}"},"query-input":{"@type":"PropertyValueSpecification","valueRequired":true,"valueName":"search_term_string"}}],"inLanguage":"ro-RO"},{"@type":"Organization","@id":"https:\/\/essenled.com\/#organization","name":"ESSENLED","url":"https:\/\/essenled.com\/","logo":{"@type":"ImageObject","inLanguage":"ro-RO","@id":"https:\/\/essenled.com\/#\/schema\/logo\/image\/","url":"https:\/\/essenled.com\/wp-content\/uploads\/2024\/01\/Essen-logo.png","contentUrl":"https:\/\/essenled.com\/wp-content\/uploads\/2024\/01\/Essen-logo.png","width":800,"height":110,"caption":"ESSENLED"},"image":{"@id":"https:\/\/essenled.com\/#\/schema\/logo\/image\/"}}]}},"_links":{"self":[{"href":"https:\/\/essenled.com\/ro\/wp-json\/wp\/v2\/product\/707","targetHints":{"allow":["GET"]}}],"collection":[{"href":"https:\/\/essenled.com\/ro\/wp-json\/wp\/v2\/product"}],"about":[{"href":"https:\/\/essenled.com\/ro\/wp-json\/wp\/v2\/types\/product"}],"version-history":[{"count":3,"href":"https:\/\/essenled.com\/ro\/wp-json\/wp\/v2\/product\/707\/revisions"}],"predecessor-version":[{"id":2026,"href":"https:\/\/essenled.com\/ro\/wp-json\/wp\/v2\/product\/707\/revisions\/2026"}],"wp:featuredmedia":[{"embeddable":true,"href":"https:\/\/essenled.com\/ro\/wp-json\/wp\/v2\/media\/2161"}],"wp:attachment":[{"href":"https:\/\/essenled.com\/ro\/wp-json\/wp\/v2\/media?parent=707"}],"wp:term":[{"taxonomy":"product_brand","embeddable":true,"href":"https:\/\/essenled.com\/ro\/wp-json\/wp\/v2\/product_brand?post=707"},{"taxonomy":"product_cat","embeddable":true,"href":"https:\/\/essenled.com\/ro\/wp-json\/wp\/v2\/product_cat?post=707"},{"taxonomy":"product_tag","embeddable":true,"href":"https:\/\/essenled.com\/ro\/wp-json\/wp\/v2\/product_tag?post=707"}],"curies":[{"name":"wp","href":"https:\/\/api.w.org\/{rel}","templated":true}]}}