{"id":1470,"date":"2024-02-29T07:10:43","date_gmt":"2024-02-29T07:10:43","guid":{"rendered":"https:\/\/essenled.com\/?post_type=product&#038;p=1470"},"modified":"2024-03-24T06:50:12","modified_gmt":"2024-03-24T06:50:12","slug":"top-view-ip67-1615mm-led-silicone-neon-flex","status":"publish","type":"product","link":"https:\/\/essenled.com\/ro\/produs\/top-view-ip67-1615mm-led-silicone-neon-flex\/","title":{"rendered":"Vedere de sus IP67 16*15mm LED silicon neon Flex - T1615"},"content":{"rendered":"","protected":false},"excerpt":{"rendered":"<p>Vedere de sus IP67 rezistent la ap\u0103 16 * 15mm LED silicon neon flex - T161515, este extrudat de ma\u0219in\u0103 \u00eentr-o singur\u0103 bucat\u0103 \u0219i este fabricat din material siliconic ecologic, de economisire a energiei \u0219i are o durat\u0103 lung\u0103 de via\u021b\u0103.<\/p>\n<p>Versatilitate IP67 rezistent la ap\u0103 16 * 15mm LED flexibil neon lumina - T1615 ofer\u0103 5w \/ m, 10w \/ m, \u0219i 15w \/ m, oferind op\u021biuni de putere multifunc\u021bionale. Care este rezistent la acid clorhidric, coroziune acid\u0103 \u0219i alcalin\u0103, ignifug\u0103 \u0219i rezisten\u021b\u0103 la UV.<\/p>\n<p>Nivelul de protec\u021bie al LED-ului impermeabil IP67 LED neon flex 16*15mm atinge IP67, ceea ce este foarte potrivit pentru utilizarea pe termen lung \u00een aer liber. Suprafa\u021ba sa nu se \u00eeng\u0103lbene\u0219te u\u0219or.<\/p>\n<p>Vedere de sus IP67 rezistent la ap\u0103 16 * 15mm LED Neon Flex, multe temperaturi de culoare disponibile. Exist\u0103 2100K-6000K, alb reglabil, RGB \u0219i RGBW, \u0219i accept\u0103, de asemenea, t\u0103ierea \u0219i lungimea personalizat\u0103.<\/p>","protected":false},"featured_media":2008,"template":"","meta":{"_kad_post_transparent":"default","_kad_post_title":"","_kad_post_layout":"default","_kad_post_sidebar_id":"","_kad_post_content_style":"default","_kad_post_vertical_padding":"default","_kad_post_feature":"","_kad_post_feature_position":"","_kad_post_header":false,"_kad_post_footer":false,"_kad_post_classname":""},"product_brand":[],"product_cat":[39,41],"product_tag":[548,550,546,545,549,547],"class_list":{"0":"post-1470","1":"product","2":"type-product","3":"status-publish","4":"has-post-thumbnail","6":"product_cat-neon-strip","7":"product_cat-top-bend-neon-series","8":"product_tag-1615-flexible-silicone-neon-ip67","9":"product_tag-1615-rgbw-flexible-silicone-neon-ip67","10":"product_tag-1615-silicone-led-neon-light-top-bend","11":"product_tag-16x15mm-silicone-led-neon-flex","12":"product_tag-neon-flex-top-bend-rgb-rgbw-ip67","13":"product_tag-t1615-led-neon-flex-silicone-tube","15":"first","16":"instock","17":"shipping-taxable","18":"product-type-simple","19":"entry","20":"content-bg","21":"loop-entry"},"yoast_head":"<!-- This site is optimized with the Yoast SEO Premium plugin v24.3 (Yoast SEO v26.7) - https:\/\/yoast.com\/wordpress\/plugins\/seo\/ -->\n<title>Top View IP67 16*15mm LED Silicone Neon Flex - T1615 - ESSENLED<\/title>\n<meta name=\"description\" content=\"Top view IP67 waterproof 16*15mm LED silicone neon flex - T1615, made of environmentally friendly silicone material, energy-saving.\" \/>\n<meta name=\"robots\" content=\"index, follow, max-snippet:-1, max-image-preview:large, max-video-preview:-1\" \/>\n<link rel=\"canonical\" href=\"https:\/\/essenled.com\/ro\/produs\/top-view-ip67-1615mm-led-silicone-neon-flex\/\" \/>\n<meta property=\"og:locale\" content=\"ro_RO\" \/>\n<meta property=\"og:type\" content=\"article\" \/>\n<meta property=\"og:title\" content=\"Top View IP67 16*15mm LED Silicone Neon Flex - T1615\" \/>\n<meta property=\"og:description\" content=\"Top view IP67 waterproof 16*15mm LED silicone neon flex - T1615, made of environmentally friendly silicone material, energy-saving.\" \/>\n<meta property=\"og:url\" content=\"https:\/\/essenled.com\/ro\/produs\/top-view-ip67-1615mm-led-silicone-neon-flex\/\" \/>\n<meta property=\"og:site_name\" content=\"ESSENLED\" \/>\n<meta property=\"article:modified_time\" content=\"2024-03-24T06:50:12+00:00\" \/>\n<meta property=\"og:image\" content=\"https:\/\/essenled.com\/wp-content\/uploads\/2024\/03\/Top-Bend-1615mm-silicone-neon-light-DC24V-IP67-CRI90.webp\" \/>\n\t<meta property=\"og:image:width\" content=\"800\" \/>\n\t<meta property=\"og:image:height\" content=\"800\" \/>\n\t<meta property=\"og:image:type\" content=\"image\/webp\" \/>\n<meta name=\"twitter:card\" content=\"summary_large_image\" \/>\n<script type=\"application\/ld+json\" class=\"yoast-schema-graph\">{\"@context\":\"https:\/\/schema.org\",\"@graph\":[{\"@type\":\"WebPage\",\"@id\":\"https:\/\/essenled.com\/product\/top-view-ip67-1615mm-led-silicone-neon-flex\/\",\"url\":\"https:\/\/essenled.com\/product\/top-view-ip67-1615mm-led-silicone-neon-flex\/\",\"name\":\"Top View IP67 16*15mm LED Silicone Neon Flex - T1615 - ESSENLED\",\"isPartOf\":{\"@id\":\"https:\/\/essenled.com\/#website\"},\"primaryImageOfPage\":{\"@id\":\"https:\/\/essenled.com\/product\/top-view-ip67-1615mm-led-silicone-neon-flex\/#primaryimage\"},\"image\":{\"@id\":\"https:\/\/essenled.com\/product\/top-view-ip67-1615mm-led-silicone-neon-flex\/#primaryimage\"},\"thumbnailUrl\":\"https:\/\/essenled.com\/wp-content\/uploads\/2024\/03\/Top-Bend-1615mm-silicone-neon-light-DC24V-IP67-CRI90.webp\",\"datePublished\":\"2024-02-29T07:10:43+00:00\",\"dateModified\":\"2024-03-24T06:50:12+00:00\",\"description\":\"Top view IP67 waterproof 16*15mm LED silicone neon flex - T1615, made of environmentally friendly silicone material, energy-saving.\",\"breadcrumb\":{\"@id\":\"https:\/\/essenled.com\/product\/top-view-ip67-1615mm-led-silicone-neon-flex\/#breadcrumb\"},\"inLanguage\":\"ro-RO\",\"potentialAction\":[{\"@type\":\"ReadAction\",\"target\":[\"https:\/\/essenled.com\/product\/top-view-ip67-1615mm-led-silicone-neon-flex\/\"]}]},{\"@type\":\"ImageObject\",\"inLanguage\":\"ro-RO\",\"@id\":\"https:\/\/essenled.com\/product\/top-view-ip67-1615mm-led-silicone-neon-flex\/#primaryimage\",\"url\":\"https:\/\/essenled.com\/wp-content\/uploads\/2024\/03\/Top-Bend-1615mm-silicone-neon-light-DC24V-IP67-CRI90.webp\",\"contentUrl\":\"https:\/\/essenled.com\/wp-content\/uploads\/2024\/03\/Top-Bend-1615mm-silicone-neon-light-DC24V-IP67-CRI90.webp\",\"width\":800,\"height\":800,\"caption\":\"Top Bend 1615mm silicone neon light DC24V IP67 CRI90\"},{\"@type\":\"BreadcrumbList\",\"@id\":\"https:\/\/essenled.com\/product\/top-view-ip67-1615mm-led-silicone-neon-flex\/#breadcrumb\",\"itemListElement\":[{\"@type\":\"ListItem\",\"position\":1,\"name\":\"Home\",\"item\":\"https:\/\/essenled.com\/\"},{\"@type\":\"ListItem\",\"position\":2,\"name\":\"Product\",\"item\":\"https:\/\/essenled.com\/fr\/product\/\"},{\"@type\":\"ListItem\",\"position\":3,\"name\":\"Top View IP67 16*15mm LED Silicone Neon Flex &#8211; T1615\"}]},{\"@type\":\"WebSite\",\"@id\":\"https:\/\/essenled.com\/#website\",\"url\":\"https:\/\/essenled.com\/\",\"name\":\"ESSENLED\",\"description\":\"\",\"publisher\":{\"@id\":\"https:\/\/essenled.com\/#organization\"},\"potentialAction\":[{\"@type\":\"SearchAction\",\"target\":{\"@type\":\"EntryPoint\",\"urlTemplate\":\"https:\/\/essenled.com\/?s={search_term_string}\"},\"query-input\":{\"@type\":\"PropertyValueSpecification\",\"valueRequired\":true,\"valueName\":\"search_term_string\"}}],\"inLanguage\":\"ro-RO\"},{\"@type\":\"Organization\",\"@id\":\"https:\/\/essenled.com\/#organization\",\"name\":\"ESSENLED\",\"url\":\"https:\/\/essenled.com\/\",\"logo\":{\"@type\":\"ImageObject\",\"inLanguage\":\"ro-RO\",\"@id\":\"https:\/\/essenled.com\/#\/schema\/logo\/image\/\",\"url\":\"https:\/\/essenled.com\/wp-content\/uploads\/2024\/01\/Essen-logo.png\",\"contentUrl\":\"https:\/\/essenled.com\/wp-content\/uploads\/2024\/01\/Essen-logo.png\",\"width\":800,\"height\":110,\"caption\":\"ESSENLED\"},\"image\":{\"@id\":\"https:\/\/essenled.com\/#\/schema\/logo\/image\/\"}}]}<\/script>\n<!-- \/ Yoast SEO Premium plugin. -->","yoast_head_json":{"title":"Vedere de sus IP67 16 * 15mm LED silicon neon Flex - T1615 - ESSENLED","description":"Vedere de sus IP67 rezistent la ap\u0103 16 * 15mm LED silicon neon flex - T161515, realizat din material siliconic ecologic, economisitor de energie.","robots":{"index":"index","follow":"follow","max-snippet":"max-snippet:-1","max-image-preview":"max-image-preview:large","max-video-preview":"max-video-preview:-1"},"canonical":"https:\/\/essenled.com\/ro\/produs\/top-view-ip67-1615mm-led-silicone-neon-flex\/","og_locale":"ro_RO","og_type":"article","og_title":"Top View IP67 16*15mm LED Silicone Neon Flex - T1615","og_description":"Top view IP67 waterproof 16*15mm LED silicone neon flex - T1615, made of environmentally friendly silicone material, energy-saving.","og_url":"https:\/\/essenled.com\/ro\/produs\/top-view-ip67-1615mm-led-silicone-neon-flex\/","og_site_name":"ESSENLED","article_modified_time":"2024-03-24T06:50:12+00:00","og_image":[{"width":800,"height":800,"url":"https:\/\/essenled.com\/wp-content\/uploads\/2024\/03\/Top-Bend-1615mm-silicone-neon-light-DC24V-IP67-CRI90.webp","type":"image\/webp"}],"twitter_card":"summary_large_image","schema":{"@context":"https:\/\/schema.org","@graph":[{"@type":"WebPage","@id":"https:\/\/essenled.com\/product\/top-view-ip67-1615mm-led-silicone-neon-flex\/","url":"https:\/\/essenled.com\/product\/top-view-ip67-1615mm-led-silicone-neon-flex\/","name":"Vedere de sus IP67 16 * 15mm LED silicon neon Flex - T1615 - ESSENLED","isPartOf":{"@id":"https:\/\/essenled.com\/#website"},"primaryImageOfPage":{"@id":"https:\/\/essenled.com\/product\/top-view-ip67-1615mm-led-silicone-neon-flex\/#primaryimage"},"image":{"@id":"https:\/\/essenled.com\/product\/top-view-ip67-1615mm-led-silicone-neon-flex\/#primaryimage"},"thumbnailUrl":"https:\/\/essenled.com\/wp-content\/uploads\/2024\/03\/Top-Bend-1615mm-silicone-neon-light-DC24V-IP67-CRI90.webp","datePublished":"2024-02-29T07:10:43+00:00","dateModified":"2024-03-24T06:50:12+00:00","description":"Vedere de sus IP67 rezistent la ap\u0103 16 * 15mm LED silicon neon flex - T161515, realizat din material siliconic ecologic, economisitor de energie.","breadcrumb":{"@id":"https:\/\/essenled.com\/product\/top-view-ip67-1615mm-led-silicone-neon-flex\/#breadcrumb"},"inLanguage":"ro-RO","potentialAction":[{"@type":"ReadAction","target":["https:\/\/essenled.com\/product\/top-view-ip67-1615mm-led-silicone-neon-flex\/"]}]},{"@type":"ImageObject","inLanguage":"ro-RO","@id":"https:\/\/essenled.com\/product\/top-view-ip67-1615mm-led-silicone-neon-flex\/#primaryimage","url":"https:\/\/essenled.com\/wp-content\/uploads\/2024\/03\/Top-Bend-1615mm-silicone-neon-light-DC24V-IP67-CRI90.webp","contentUrl":"https:\/\/essenled.com\/wp-content\/uploads\/2024\/03\/Top-Bend-1615mm-silicone-neon-light-DC24V-IP67-CRI90.webp","width":800,"height":800,"caption":"Top Bend 1615mm silicone neon light DC24V IP67 CRI90"},{"@type":"BreadcrumbList","@id":"https:\/\/essenled.com\/product\/top-view-ip67-1615mm-led-silicone-neon-flex\/#breadcrumb","itemListElement":[{"@type":"ListItem","position":1,"name":"Home","item":"https:\/\/essenled.com\/"},{"@type":"ListItem","position":2,"name":"Product","item":"https:\/\/essenled.com\/fr\/product\/"},{"@type":"ListItem","position":3,"name":"Top View IP67 16*15mm LED Silicone Neon Flex &#8211; T1615"}]},{"@type":"WebSite","@id":"https:\/\/essenled.com\/#website","url":"https:\/\/essenled.com\/","name":"ESSENLED","description":"","publisher":{"@id":"https:\/\/essenled.com\/#organization"},"potentialAction":[{"@type":"SearchAction","target":{"@type":"EntryPoint","urlTemplate":"https:\/\/essenled.com\/?s={search_term_string}"},"query-input":{"@type":"PropertyValueSpecification","valueRequired":true,"valueName":"search_term_string"}}],"inLanguage":"ro-RO"},{"@type":"Organization","@id":"https:\/\/essenled.com\/#organization","name":"ESSENLED","url":"https:\/\/essenled.com\/","logo":{"@type":"ImageObject","inLanguage":"ro-RO","@id":"https:\/\/essenled.com\/#\/schema\/logo\/image\/","url":"https:\/\/essenled.com\/wp-content\/uploads\/2024\/01\/Essen-logo.png","contentUrl":"https:\/\/essenled.com\/wp-content\/uploads\/2024\/01\/Essen-logo.png","width":800,"height":110,"caption":"ESSENLED"},"image":{"@id":"https:\/\/essenled.com\/#\/schema\/logo\/image\/"}}]}},"_links":{"self":[{"href":"https:\/\/essenled.com\/ro\/wp-json\/wp\/v2\/product\/1470","targetHints":{"allow":["GET"]}}],"collection":[{"href":"https:\/\/essenled.com\/ro\/wp-json\/wp\/v2\/product"}],"about":[{"href":"https:\/\/essenled.com\/ro\/wp-json\/wp\/v2\/types\/product"}],"version-history":[{"count":1,"href":"https:\/\/essenled.com\/ro\/wp-json\/wp\/v2\/product\/1470\/revisions"}],"predecessor-version":[{"id":1478,"href":"https:\/\/essenled.com\/ro\/wp-json\/wp\/v2\/product\/1470\/revisions\/1478"}],"wp:featuredmedia":[{"embeddable":true,"href":"https:\/\/essenled.com\/ro\/wp-json\/wp\/v2\/media\/2008"}],"wp:attachment":[{"href":"https:\/\/essenled.com\/ro\/wp-json\/wp\/v2\/media?parent=1470"}],"wp:term":[{"taxonomy":"product_brand","embeddable":true,"href":"https:\/\/essenled.com\/ro\/wp-json\/wp\/v2\/product_brand?post=1470"},{"taxonomy":"product_cat","embeddable":true,"href":"https:\/\/essenled.com\/ro\/wp-json\/wp\/v2\/product_cat?post=1470"},{"taxonomy":"product_tag","embeddable":true,"href":"https:\/\/essenled.com\/ro\/wp-json\/wp\/v2\/product_tag?post=1470"}],"curies":[{"name":"wp","href":"https:\/\/api.w.org\/{rel}","templated":true}]}}