{"id":1462,"date":"2024-02-29T06:58:24","date_gmt":"2024-02-29T06:58:24","guid":{"rendered":"https:\/\/essenled.com\/?post_type=product&#038;p=1462"},"modified":"2024-02-29T06:58:25","modified_gmt":"2024-02-29T06:58:25","slug":"top-view-ip67-1212mm-led-neon-flex","status":"publish","type":"product","link":"https:\/\/essenled.com\/ro\/produs\/top-view-ip67-1212mm-led-neon-flex\/","title":{"rendered":"Vedere de sus IP67 12 * 12mm LED Neon Flex - T121212"},"content":{"rendered":"","protected":false},"excerpt":{"rendered":"<p>Vedere de sus IP67 impermeabil IP67 impermeabil 12 * 12mm LED Neon Flex - T121212, acest silicon neon flex este fabricat din material siliconic ecologic, care este extrudat \u00eentr-o singur\u0103 bucat\u0103.<\/p>\n<p>V\u00e2nzarea la cald IP67 12*12mm LED Neon Flex - T121212 este disponibil la 5w\/m \u0219i 10w\/m. Nivelul de protec\u021bie ajunge la IP67, care este foarte potrivit pentru utilizarea pe termen lung \u00een aer liber \u0219i nu este u\u0219or s\u0103 se \u00eeng\u0103lbeneasc\u0103.<\/p>\n<p>Vedere de sus IP67 rezistent la ap\u0103 12 * 12mm LED Neon Flex, transmisia luminii este extrem de mare. Exist\u0103 mai multe ie\u0219iri de cablu diferite, care faciliteaz\u0103 cablarea, ascunz\u00e2nd \u00een acela\u0219i timp firele \u0219i men\u021bin\u00e2nd un aspect frumos.<\/p>\n<p>Vederea noastr\u0103 de sus LED neon flex IP67 rezistent la ap\u0103 T121212, dup\u0103 \"9 teste majore\", este rezistent la acidul clorhidric, coroziune acid\u0103 \u0219i alcalin\u0103, ignifug\u0103 \u0219i rezisten\u021b\u0103 UV, iar calitatea sa este fiabil\u0103 \u0219i garantat\u0103.<\/p>","protected":false},"featured_media":1467,"template":"","meta":{"_kad_post_transparent":"default","_kad_post_title":"","_kad_post_layout":"default","_kad_post_sidebar_id":"","_kad_post_content_style":"default","_kad_post_vertical_padding":"default","_kad_post_feature":"","_kad_post_feature_position":"","_kad_post_header":false,"_kad_post_footer":false,"_kad_post_classname":""},"product_brand":[],"product_cat":[39,41],"product_tag":[540,543,542,544,539,541],"class_list":{"0":"post-1462","1":"product","2":"type-product","3":"status-publish","4":"has-post-thumbnail","6":"product_cat-neon-strip","7":"product_cat-top-bend-neon-series","8":"product_tag-1212mm-narrow-led-silicone-neon","9":"product_tag-flexible-led-neon-super-1212","10":"product_tag-led-neon-flex-lights-rgb","11":"product_tag-led-silicone-neon-flex-1212-rgb","12":"product_tag-neon-flex-high-quality-1212","13":"product_tag-neon-manufacturer-1212-led-neon-flex","15":"first","16":"instock","17":"shipping-taxable","18":"product-type-simple","19":"entry","20":"content-bg","21":"loop-entry"},"yoast_head":"<!-- This site is optimized with the Yoast SEO Premium plugin v24.3 (Yoast SEO v27.4) - https:\/\/yoast.com\/product\/yoast-seo-premium-wordpress\/ -->\n<title>Top View IP67 12*12mm LED Neon Flex - T1212 - ESSENLED<\/title>\n<meta name=\"description\" content=\"Top View IP67 Waterproof 12*12mm LED Neon Flex - T1212, which is very suitable for long-term outdoor use and is not easy to turn yellow.\" \/>\n<meta name=\"robots\" content=\"index, follow, max-snippet:-1, max-image-preview:large, max-video-preview:-1\" \/>\n<link rel=\"canonical\" href=\"https:\/\/essenled.com\/ro\/produs\/top-view-ip67-1212mm-led-neon-flex\/\" \/>\n<meta property=\"og:locale\" content=\"ro_RO\" \/>\n<meta property=\"og:type\" content=\"article\" \/>\n<meta property=\"og:title\" content=\"Top View IP67 12*12mm LED Neon Flex - T1212\" \/>\n<meta property=\"og:description\" content=\"Top View IP67 Waterproof 12*12mm LED Neon Flex - T1212, which is very suitable for long-term outdoor use and is not easy to turn yellow.\" \/>\n<meta property=\"og:url\" content=\"https:\/\/essenled.com\/ro\/produs\/top-view-ip67-1212mm-led-neon-flex\/\" \/>\n<meta property=\"og:site_name\" content=\"ESSENLED\" \/>\n<meta property=\"article:modified_time\" content=\"2024-02-29T06:58:25+00:00\" \/>\n<meta property=\"og:image\" content=\"https:\/\/essenled.com\/wp-content\/uploads\/2024\/02\/NEON-FLEX-High-Quality-1212.webp\" \/>\n\t<meta property=\"og:image:width\" content=\"800\" \/>\n\t<meta property=\"og:image:height\" content=\"800\" \/>\n\t<meta property=\"og:image:type\" content=\"image\/webp\" \/>\n<meta name=\"twitter:card\" content=\"summary_large_image\" \/>\n<meta name=\"twitter:label1\" content=\"Timp estimat pentru citire\" \/>\n\t<meta name=\"twitter:data1\" content=\"1 minut\" \/>\n<script type=\"application\/ld+json\" class=\"yoast-schema-graph\">{\"@context\":\"https:\\\/\\\/schema.org\",\"@graph\":[{\"@type\":\"WebPage\",\"@id\":\"https:\\\/\\\/essenled.com\\\/product\\\/top-view-ip67-1212mm-led-neon-flex\\\/\",\"url\":\"https:\\\/\\\/essenled.com\\\/product\\\/top-view-ip67-1212mm-led-neon-flex\\\/\",\"name\":\"Top View IP67 12*12mm LED Neon Flex - T1212 - ESSENLED\",\"isPartOf\":{\"@id\":\"https:\\\/\\\/essenled.com\\\/#website\"},\"primaryImageOfPage\":{\"@id\":\"https:\\\/\\\/essenled.com\\\/product\\\/top-view-ip67-1212mm-led-neon-flex\\\/#primaryimage\"},\"image\":{\"@id\":\"https:\\\/\\\/essenled.com\\\/product\\\/top-view-ip67-1212mm-led-neon-flex\\\/#primaryimage\"},\"thumbnailUrl\":\"https:\\\/\\\/essenled.com\\\/wp-content\\\/uploads\\\/2024\\\/02\\\/NEON-FLEX-High-Quality-1212.webp\",\"datePublished\":\"2024-02-29T06:58:24+00:00\",\"dateModified\":\"2024-02-29T06:58:25+00:00\",\"description\":\"Top View IP67 Waterproof 12*12mm LED Neon Flex - T1212, which is very suitable for long-term outdoor use and is not easy to turn yellow.\",\"breadcrumb\":{\"@id\":\"https:\\\/\\\/essenled.com\\\/product\\\/top-view-ip67-1212mm-led-neon-flex\\\/#breadcrumb\"},\"inLanguage\":\"ro-RO\",\"potentialAction\":[{\"@type\":\"ReadAction\",\"target\":[\"https:\\\/\\\/essenled.com\\\/product\\\/top-view-ip67-1212mm-led-neon-flex\\\/\"]}]},{\"@type\":\"ImageObject\",\"inLanguage\":\"ro-RO\",\"@id\":\"https:\\\/\\\/essenled.com\\\/product\\\/top-view-ip67-1212mm-led-neon-flex\\\/#primaryimage\",\"url\":\"https:\\\/\\\/essenled.com\\\/wp-content\\\/uploads\\\/2024\\\/02\\\/NEON-FLEX-High-Quality-1212.webp\",\"contentUrl\":\"https:\\\/\\\/essenled.com\\\/wp-content\\\/uploads\\\/2024\\\/02\\\/NEON-FLEX-High-Quality-1212.webp\",\"width\":800,\"height\":800,\"caption\":\"NEON FLEX High Quality 1212\"},{\"@type\":\"BreadcrumbList\",\"@id\":\"https:\\\/\\\/essenled.com\\\/product\\\/top-view-ip67-1212mm-led-neon-flex\\\/#breadcrumb\",\"itemListElement\":[{\"@type\":\"ListItem\",\"position\":1,\"name\":\"Home\",\"item\":\"https:\\\/\\\/essenled.com\\\/\"},{\"@type\":\"ListItem\",\"position\":2,\"name\":\"Product\",\"item\":\"https:\\\/\\\/essenled.com\\\/fr\\\/product\\\/\"},{\"@type\":\"ListItem\",\"position\":3,\"name\":\"Top View IP67 12*12mm LED Neon Flex &#8211; T1212\"}]},{\"@type\":\"WebSite\",\"@id\":\"https:\\\/\\\/essenled.com\\\/#website\",\"url\":\"https:\\\/\\\/essenled.com\\\/\",\"name\":\"ESSENLED\",\"description\":\"\",\"publisher\":{\"@id\":\"https:\\\/\\\/essenled.com\\\/#organization\"},\"potentialAction\":[{\"@type\":\"SearchAction\",\"target\":{\"@type\":\"EntryPoint\",\"urlTemplate\":\"https:\\\/\\\/essenled.com\\\/?s={search_term_string}\"},\"query-input\":{\"@type\":\"PropertyValueSpecification\",\"valueRequired\":true,\"valueName\":\"search_term_string\"}}],\"inLanguage\":\"ro-RO\"},{\"@type\":\"Organization\",\"@id\":\"https:\\\/\\\/essenled.com\\\/#organization\",\"name\":\"ESSENLED\",\"url\":\"https:\\\/\\\/essenled.com\\\/\",\"logo\":{\"@type\":\"ImageObject\",\"inLanguage\":\"ro-RO\",\"@id\":\"https:\\\/\\\/essenled.com\\\/#\\\/schema\\\/logo\\\/image\\\/\",\"url\":\"https:\\\/\\\/essenled.com\\\/wp-content\\\/uploads\\\/2024\\\/01\\\/Essen-logo.png\",\"contentUrl\":\"https:\\\/\\\/essenled.com\\\/wp-content\\\/uploads\\\/2024\\\/01\\\/Essen-logo.png\",\"width\":800,\"height\":110,\"caption\":\"ESSENLED\"},\"image\":{\"@id\":\"https:\\\/\\\/essenled.com\\\/#\\\/schema\\\/logo\\\/image\\\/\"}}]}<\/script>\n<!-- \/ Yoast SEO Premium plugin. -->","yoast_head_json":{"title":"Vedere de sus IP67 12*12mm LED Neon Flex - T121212 - ESSENLED","description":"Vedere de sus IP67 rezistent la ap\u0103 12*12mm LED Neon Flex - T121212, care este foarte potrivit pentru utilizarea pe termen lung \u00een aer liber \u0219i nu este u\u0219or de \u00eeng\u0103lbenit.","robots":{"index":"index","follow":"follow","max-snippet":"max-snippet:-1","max-image-preview":"max-image-preview:large","max-video-preview":"max-video-preview:-1"},"canonical":"https:\/\/essenled.com\/ro\/produs\/top-view-ip67-1212mm-led-neon-flex\/","og_locale":"ro_RO","og_type":"article","og_title":"Top View IP67 12*12mm LED Neon Flex - T1212","og_description":"Top View IP67 Waterproof 12*12mm LED Neon Flex - T1212, which is very suitable for long-term outdoor use and is not easy to turn yellow.","og_url":"https:\/\/essenled.com\/ro\/produs\/top-view-ip67-1212mm-led-neon-flex\/","og_site_name":"ESSENLED","article_modified_time":"2024-02-29T06:58:25+00:00","og_image":[{"width":800,"height":800,"url":"https:\/\/essenled.com\/wp-content\/uploads\/2024\/02\/NEON-FLEX-High-Quality-1212.webp","type":"image\/webp"}],"twitter_card":"summary_large_image","twitter_misc":{"Timp estimat pentru citire":"1 minut"},"schema":{"@context":"https:\/\/schema.org","@graph":[{"@type":"WebPage","@id":"https:\/\/essenled.com\/product\/top-view-ip67-1212mm-led-neon-flex\/","url":"https:\/\/essenled.com\/product\/top-view-ip67-1212mm-led-neon-flex\/","name":"Vedere de sus IP67 12*12mm LED Neon Flex - T121212 - ESSENLED","isPartOf":{"@id":"https:\/\/essenled.com\/#website"},"primaryImageOfPage":{"@id":"https:\/\/essenled.com\/product\/top-view-ip67-1212mm-led-neon-flex\/#primaryimage"},"image":{"@id":"https:\/\/essenled.com\/product\/top-view-ip67-1212mm-led-neon-flex\/#primaryimage"},"thumbnailUrl":"https:\/\/essenled.com\/wp-content\/uploads\/2024\/02\/NEON-FLEX-High-Quality-1212.webp","datePublished":"2024-02-29T06:58:24+00:00","dateModified":"2024-02-29T06:58:25+00:00","description":"Vedere de sus IP67 rezistent la ap\u0103 12*12mm LED Neon Flex - T121212, care este foarte potrivit pentru utilizarea pe termen lung \u00een aer liber \u0219i nu este u\u0219or de \u00eeng\u0103lbenit.","breadcrumb":{"@id":"https:\/\/essenled.com\/product\/top-view-ip67-1212mm-led-neon-flex\/#breadcrumb"},"inLanguage":"ro-RO","potentialAction":[{"@type":"ReadAction","target":["https:\/\/essenled.com\/product\/top-view-ip67-1212mm-led-neon-flex\/"]}]},{"@type":"ImageObject","inLanguage":"ro-RO","@id":"https:\/\/essenled.com\/product\/top-view-ip67-1212mm-led-neon-flex\/#primaryimage","url":"https:\/\/essenled.com\/wp-content\/uploads\/2024\/02\/NEON-FLEX-High-Quality-1212.webp","contentUrl":"https:\/\/essenled.com\/wp-content\/uploads\/2024\/02\/NEON-FLEX-High-Quality-1212.webp","width":800,"height":800,"caption":"NEON FLEX High Quality 1212"},{"@type":"BreadcrumbList","@id":"https:\/\/essenled.com\/product\/top-view-ip67-1212mm-led-neon-flex\/#breadcrumb","itemListElement":[{"@type":"ListItem","position":1,"name":"Home","item":"https:\/\/essenled.com\/"},{"@type":"ListItem","position":2,"name":"Product","item":"https:\/\/essenled.com\/fr\/product\/"},{"@type":"ListItem","position":3,"name":"Top View IP67 12*12mm LED Neon Flex &#8211; T1212"}]},{"@type":"WebSite","@id":"https:\/\/essenled.com\/#website","url":"https:\/\/essenled.com\/","name":"ESSENLED","description":"","publisher":{"@id":"https:\/\/essenled.com\/#organization"},"potentialAction":[{"@type":"SearchAction","target":{"@type":"EntryPoint","urlTemplate":"https:\/\/essenled.com\/?s={search_term_string}"},"query-input":{"@type":"PropertyValueSpecification","valueRequired":true,"valueName":"search_term_string"}}],"inLanguage":"ro-RO"},{"@type":"Organization","@id":"https:\/\/essenled.com\/#organization","name":"ESSENLED","url":"https:\/\/essenled.com\/","logo":{"@type":"ImageObject","inLanguage":"ro-RO","@id":"https:\/\/essenled.com\/#\/schema\/logo\/image\/","url":"https:\/\/essenled.com\/wp-content\/uploads\/2024\/01\/Essen-logo.png","contentUrl":"https:\/\/essenled.com\/wp-content\/uploads\/2024\/01\/Essen-logo.png","width":800,"height":110,"caption":"ESSENLED"},"image":{"@id":"https:\/\/essenled.com\/#\/schema\/logo\/image\/"}}]}},"_links":{"self":[{"href":"https:\/\/essenled.com\/ro\/wp-json\/wp\/v2\/product\/1462","targetHints":{"allow":["GET"]}}],"collection":[{"href":"https:\/\/essenled.com\/ro\/wp-json\/wp\/v2\/product"}],"about":[{"href":"https:\/\/essenled.com\/ro\/wp-json\/wp\/v2\/types\/product"}],"version-history":[{"count":1,"href":"https:\/\/essenled.com\/ro\/wp-json\/wp\/v2\/product\/1462\/revisions"}],"predecessor-version":[{"id":1469,"href":"https:\/\/essenled.com\/ro\/wp-json\/wp\/v2\/product\/1462\/revisions\/1469"}],"wp:featuredmedia":[{"embeddable":true,"href":"https:\/\/essenled.com\/ro\/wp-json\/wp\/v2\/media\/1467"}],"wp:attachment":[{"href":"https:\/\/essenled.com\/ro\/wp-json\/wp\/v2\/media?parent=1462"}],"wp:term":[{"taxonomy":"product_brand","embeddable":true,"href":"https:\/\/essenled.com\/ro\/wp-json\/wp\/v2\/product_brand?post=1462"},{"taxonomy":"product_cat","embeddable":true,"href":"https:\/\/essenled.com\/ro\/wp-json\/wp\/v2\/product_cat?post=1462"},{"taxonomy":"product_tag","embeddable":true,"href":"https:\/\/essenled.com\/ro\/wp-json\/wp\/v2\/product_tag?post=1462"}],"curies":[{"name":"wp","href":"https:\/\/api.w.org\/{rel}","templated":true}]}}