{"id":1452,"date":"2024-02-29T06:43:35","date_gmt":"2024-02-29T06:43:35","guid":{"rendered":"https:\/\/essenled.com\/?post_type=product&#038;p=1452"},"modified":"2024-03-04T12:08:41","modified_gmt":"2024-03-04T12:08:41","slug":"top-view-slim-1010mm-led-neon-flex","status":"publish","type":"product","link":"https:\/\/essenled.com\/ro\/produs\/top-view-slim-1010mm-led-neon-flex\/","title":{"rendered":"Vedere de sus Slim 10*10mm LED Neon Flex - T1010"},"content":{"rendered":"","protected":false},"excerpt":{"rendered":"<p>Top View slim 10*10mm LED Neon Flex - T1010, acest silicon neon flex este fabricat din material siliconic ecologic, care este extrudat \u00eentr-o singur\u0103 bucat\u0103.<\/p>\n<p>Super Slim 10*10mm LED Neon Flex - T0606 este disponibil la 5w\/m \u0219i 10w\/m. Nivelul de protec\u021bie ajunge la IP67, ceea ce este foarte potrivit pentru utilizarea pe termen lung \u00een aer liber, iar suprafa\u021ba nu este u\u0219or de \u00eeng\u0103lbenit.<\/p>\n<p>Vedere de sus IP67 ultra-sub\u021bire de 10 * 10mm LED Neon Flex, transmisia luminii este extrem de mare \u0219i poate fi utilizat\u0103 pentru iluminatul panourilor de semnalizare, iluminatul decorativ interior \u0219i exterior \u0219i iluminatul arhitectural de contur.<\/p>\n<p>Vizualizarea noastr\u0103 de sus LED neon flex slim T1010, dup\u0103 \"9 teste majore\", este rezistent la acid clorhidric, coroziune acid\u0103 \u0219i alcalin\u0103, ignifug\u0103 \u0219i rezisten\u021b\u0103 UV, iar calitatea sa este fiabil\u0103 \u0219i garantat\u0103.<\/p>","protected":false},"featured_media":1458,"template":"","meta":{"_kad_post_transparent":"default","_kad_post_title":"","_kad_post_layout":"default","_kad_post_sidebar_id":"","_kad_post_content_style":"default","_kad_post_vertical_padding":"default","_kad_post_feature":"","_kad_post_feature_position":"","_kad_post_header":false,"_kad_post_footer":false,"_kad_post_classname":""},"product_brand":[],"product_cat":[39,41],"product_tag":[534,537,536,538,533,535],"class_list":{"0":"post-1452","1":"product","2":"type-product","3":"status-publish","4":"has-post-thumbnail","6":"product_cat-neon-strip","7":"product_cat-top-bend-neon-series","8":"product_tag-1010mm-narrow-led-neon-light-strip","9":"product_tag-flexible-led-neon-super-slim-1010","10":"product_tag-led-mini-1010-neon-flex-lights","11":"product_tag-led-neon-flex-light-1010","12":"product_tag-neon-flex-slim-1010","13":"product_tag-ultra-thin-10x10mm-top-emitting-led-neon-flex","15":"first","16":"instock","17":"featured","18":"shipping-taxable","19":"product-type-simple","20":"entry","21":"content-bg","22":"loop-entry"},"yoast_head":"<!-- This site is optimized with the Yoast SEO Premium plugin v24.3 (Yoast SEO v27.4) - https:\/\/yoast.com\/product\/yoast-seo-premium-wordpress\/ -->\n<title>Top View Slim 10*10mm LED Neon Flex - T1010 - ESSENLED<\/title>\n<meta name=\"description\" content=\"Top View slim 10*10mm LED Neon Flex - 1010, 5w\/m 10w\/m, this silicone neon flex is made of environmentally friendly silicone material.\" \/>\n<meta name=\"robots\" content=\"index, follow, max-snippet:-1, max-image-preview:large, max-video-preview:-1\" \/>\n<link rel=\"canonical\" href=\"https:\/\/essenled.com\/ro\/produs\/top-view-slim-1010mm-led-neon-flex\/\" \/>\n<meta property=\"og:locale\" content=\"ro_RO\" \/>\n<meta property=\"og:type\" content=\"article\" \/>\n<meta property=\"og:title\" content=\"Top View Slim 10*10mm LED Neon Flex - T1010\" \/>\n<meta property=\"og:description\" content=\"Top View slim 10*10mm LED Neon Flex - 1010, 5w\/m 10w\/m, this silicone neon flex is made of environmentally friendly silicone material.\" \/>\n<meta property=\"og:url\" content=\"https:\/\/essenled.com\/ro\/produs\/top-view-slim-1010mm-led-neon-flex\/\" \/>\n<meta property=\"og:site_name\" content=\"ESSENLED\" \/>\n<meta property=\"article:modified_time\" content=\"2024-03-04T12:08:41+00:00\" \/>\n<meta property=\"og:image\" content=\"https:\/\/essenled.com\/wp-content\/uploads\/2024\/02\/NEON-FLEX-SLIM-1010.webp\" \/>\n\t<meta property=\"og:image:width\" content=\"800\" \/>\n\t<meta property=\"og:image:height\" content=\"800\" \/>\n\t<meta property=\"og:image:type\" content=\"image\/webp\" \/>\n<meta name=\"twitter:card\" content=\"summary_large_image\" \/>\n<meta name=\"twitter:label1\" content=\"Timp estimat pentru citire\" \/>\n\t<meta name=\"twitter:data1\" content=\"1 minut\" \/>\n<script type=\"application\/ld+json\" class=\"yoast-schema-graph\">{\"@context\":\"https:\\\/\\\/schema.org\",\"@graph\":[{\"@type\":\"WebPage\",\"@id\":\"https:\\\/\\\/essenled.com\\\/product\\\/top-view-slim-1010mm-led-neon-flex\\\/\",\"url\":\"https:\\\/\\\/essenled.com\\\/product\\\/top-view-slim-1010mm-led-neon-flex\\\/\",\"name\":\"Top View Slim 10*10mm LED Neon Flex - T1010 - ESSENLED\",\"isPartOf\":{\"@id\":\"https:\\\/\\\/essenled.com\\\/#website\"},\"primaryImageOfPage\":{\"@id\":\"https:\\\/\\\/essenled.com\\\/product\\\/top-view-slim-1010mm-led-neon-flex\\\/#primaryimage\"},\"image\":{\"@id\":\"https:\\\/\\\/essenled.com\\\/product\\\/top-view-slim-1010mm-led-neon-flex\\\/#primaryimage\"},\"thumbnailUrl\":\"https:\\\/\\\/essenled.com\\\/wp-content\\\/uploads\\\/2024\\\/02\\\/NEON-FLEX-SLIM-1010.webp\",\"datePublished\":\"2024-02-29T06:43:35+00:00\",\"dateModified\":\"2024-03-04T12:08:41+00:00\",\"description\":\"Top View slim 10*10mm LED Neon Flex - 1010, 5w\\\/m 10w\\\/m, this silicone neon flex is made of environmentally friendly silicone material.\",\"breadcrumb\":{\"@id\":\"https:\\\/\\\/essenled.com\\\/product\\\/top-view-slim-1010mm-led-neon-flex\\\/#breadcrumb\"},\"inLanguage\":\"ro-RO\",\"potentialAction\":[{\"@type\":\"ReadAction\",\"target\":[\"https:\\\/\\\/essenled.com\\\/product\\\/top-view-slim-1010mm-led-neon-flex\\\/\"]}]},{\"@type\":\"ImageObject\",\"inLanguage\":\"ro-RO\",\"@id\":\"https:\\\/\\\/essenled.com\\\/product\\\/top-view-slim-1010mm-led-neon-flex\\\/#primaryimage\",\"url\":\"https:\\\/\\\/essenled.com\\\/wp-content\\\/uploads\\\/2024\\\/02\\\/NEON-FLEX-SLIM-1010.webp\",\"contentUrl\":\"https:\\\/\\\/essenled.com\\\/wp-content\\\/uploads\\\/2024\\\/02\\\/NEON-FLEX-SLIM-1010.webp\",\"width\":800,\"height\":800,\"caption\":\"NEON FLEX SLIM 1010\"},{\"@type\":\"BreadcrumbList\",\"@id\":\"https:\\\/\\\/essenled.com\\\/product\\\/top-view-slim-1010mm-led-neon-flex\\\/#breadcrumb\",\"itemListElement\":[{\"@type\":\"ListItem\",\"position\":1,\"name\":\"Home\",\"item\":\"https:\\\/\\\/essenled.com\\\/\"},{\"@type\":\"ListItem\",\"position\":2,\"name\":\"Product\",\"item\":\"https:\\\/\\\/essenled.com\\\/fr\\\/product\\\/\"},{\"@type\":\"ListItem\",\"position\":3,\"name\":\"Top View Slim 10*10mm LED Neon Flex &#8211; T1010\"}]},{\"@type\":\"WebSite\",\"@id\":\"https:\\\/\\\/essenled.com\\\/#website\",\"url\":\"https:\\\/\\\/essenled.com\\\/\",\"name\":\"ESSENLED\",\"description\":\"\",\"publisher\":{\"@id\":\"https:\\\/\\\/essenled.com\\\/#organization\"},\"potentialAction\":[{\"@type\":\"SearchAction\",\"target\":{\"@type\":\"EntryPoint\",\"urlTemplate\":\"https:\\\/\\\/essenled.com\\\/?s={search_term_string}\"},\"query-input\":{\"@type\":\"PropertyValueSpecification\",\"valueRequired\":true,\"valueName\":\"search_term_string\"}}],\"inLanguage\":\"ro-RO\"},{\"@type\":\"Organization\",\"@id\":\"https:\\\/\\\/essenled.com\\\/#organization\",\"name\":\"ESSENLED\",\"url\":\"https:\\\/\\\/essenled.com\\\/\",\"logo\":{\"@type\":\"ImageObject\",\"inLanguage\":\"ro-RO\",\"@id\":\"https:\\\/\\\/essenled.com\\\/#\\\/schema\\\/logo\\\/image\\\/\",\"url\":\"https:\\\/\\\/essenled.com\\\/wp-content\\\/uploads\\\/2024\\\/01\\\/Essen-logo.png\",\"contentUrl\":\"https:\\\/\\\/essenled.com\\\/wp-content\\\/uploads\\\/2024\\\/01\\\/Essen-logo.png\",\"width\":800,\"height\":110,\"caption\":\"ESSENLED\"},\"image\":{\"@id\":\"https:\\\/\\\/essenled.com\\\/#\\\/schema\\\/logo\\\/image\\\/\"}}]}<\/script>\n<!-- \/ Yoast SEO Premium plugin. -->","yoast_head_json":{"title":"Vedere de sus Slim 10*10mm LED Neon Flex - T1010 - ESSENLED","description":"Top View slim 10*10mm LED Neon Flex - 1010, 5w\/m 10w\/m, acest silicon neon flex este fabricat din material siliconic ecologic.","robots":{"index":"index","follow":"follow","max-snippet":"max-snippet:-1","max-image-preview":"max-image-preview:large","max-video-preview":"max-video-preview:-1"},"canonical":"https:\/\/essenled.com\/ro\/produs\/top-view-slim-1010mm-led-neon-flex\/","og_locale":"ro_RO","og_type":"article","og_title":"Top View Slim 10*10mm LED Neon Flex - T1010","og_description":"Top View slim 10*10mm LED Neon Flex - 1010, 5w\/m 10w\/m, this silicone neon flex is made of environmentally friendly silicone material.","og_url":"https:\/\/essenled.com\/ro\/produs\/top-view-slim-1010mm-led-neon-flex\/","og_site_name":"ESSENLED","article_modified_time":"2024-03-04T12:08:41+00:00","og_image":[{"width":800,"height":800,"url":"https:\/\/essenled.com\/wp-content\/uploads\/2024\/02\/NEON-FLEX-SLIM-1010.webp","type":"image\/webp"}],"twitter_card":"summary_large_image","twitter_misc":{"Timp estimat pentru citire":"1 minut"},"schema":{"@context":"https:\/\/schema.org","@graph":[{"@type":"WebPage","@id":"https:\/\/essenled.com\/product\/top-view-slim-1010mm-led-neon-flex\/","url":"https:\/\/essenled.com\/product\/top-view-slim-1010mm-led-neon-flex\/","name":"Vedere de sus Slim 10*10mm LED Neon Flex - T1010 - ESSENLED","isPartOf":{"@id":"https:\/\/essenled.com\/#website"},"primaryImageOfPage":{"@id":"https:\/\/essenled.com\/product\/top-view-slim-1010mm-led-neon-flex\/#primaryimage"},"image":{"@id":"https:\/\/essenled.com\/product\/top-view-slim-1010mm-led-neon-flex\/#primaryimage"},"thumbnailUrl":"https:\/\/essenled.com\/wp-content\/uploads\/2024\/02\/NEON-FLEX-SLIM-1010.webp","datePublished":"2024-02-29T06:43:35+00:00","dateModified":"2024-03-04T12:08:41+00:00","description":"Top View slim 10*10mm LED Neon Flex - 1010, 5w\/m 10w\/m, acest silicon neon flex este fabricat din material siliconic ecologic.","breadcrumb":{"@id":"https:\/\/essenled.com\/product\/top-view-slim-1010mm-led-neon-flex\/#breadcrumb"},"inLanguage":"ro-RO","potentialAction":[{"@type":"ReadAction","target":["https:\/\/essenled.com\/product\/top-view-slim-1010mm-led-neon-flex\/"]}]},{"@type":"ImageObject","inLanguage":"ro-RO","@id":"https:\/\/essenled.com\/product\/top-view-slim-1010mm-led-neon-flex\/#primaryimage","url":"https:\/\/essenled.com\/wp-content\/uploads\/2024\/02\/NEON-FLEX-SLIM-1010.webp","contentUrl":"https:\/\/essenled.com\/wp-content\/uploads\/2024\/02\/NEON-FLEX-SLIM-1010.webp","width":800,"height":800,"caption":"NEON FLEX SLIM 1010"},{"@type":"BreadcrumbList","@id":"https:\/\/essenled.com\/product\/top-view-slim-1010mm-led-neon-flex\/#breadcrumb","itemListElement":[{"@type":"ListItem","position":1,"name":"Home","item":"https:\/\/essenled.com\/"},{"@type":"ListItem","position":2,"name":"Product","item":"https:\/\/essenled.com\/fr\/product\/"},{"@type":"ListItem","position":3,"name":"Top View Slim 10*10mm LED Neon Flex &#8211; T1010"}]},{"@type":"WebSite","@id":"https:\/\/essenled.com\/#website","url":"https:\/\/essenled.com\/","name":"ESSENLED","description":"","publisher":{"@id":"https:\/\/essenled.com\/#organization"},"potentialAction":[{"@type":"SearchAction","target":{"@type":"EntryPoint","urlTemplate":"https:\/\/essenled.com\/?s={search_term_string}"},"query-input":{"@type":"PropertyValueSpecification","valueRequired":true,"valueName":"search_term_string"}}],"inLanguage":"ro-RO"},{"@type":"Organization","@id":"https:\/\/essenled.com\/#organization","name":"ESSENLED","url":"https:\/\/essenled.com\/","logo":{"@type":"ImageObject","inLanguage":"ro-RO","@id":"https:\/\/essenled.com\/#\/schema\/logo\/image\/","url":"https:\/\/essenled.com\/wp-content\/uploads\/2024\/01\/Essen-logo.png","contentUrl":"https:\/\/essenled.com\/wp-content\/uploads\/2024\/01\/Essen-logo.png","width":800,"height":110,"caption":"ESSENLED"},"image":{"@id":"https:\/\/essenled.com\/#\/schema\/logo\/image\/"}}]}},"_links":{"self":[{"href":"https:\/\/essenled.com\/ro\/wp-json\/wp\/v2\/product\/1452","targetHints":{"allow":["GET"]}}],"collection":[{"href":"https:\/\/essenled.com\/ro\/wp-json\/wp\/v2\/product"}],"about":[{"href":"https:\/\/essenled.com\/ro\/wp-json\/wp\/v2\/types\/product"}],"version-history":[{"count":1,"href":"https:\/\/essenled.com\/ro\/wp-json\/wp\/v2\/product\/1452\/revisions"}],"predecessor-version":[{"id":1460,"href":"https:\/\/essenled.com\/ro\/wp-json\/wp\/v2\/product\/1452\/revisions\/1460"}],"wp:featuredmedia":[{"embeddable":true,"href":"https:\/\/essenled.com\/ro\/wp-json\/wp\/v2\/media\/1458"}],"wp:attachment":[{"href":"https:\/\/essenled.com\/ro\/wp-json\/wp\/v2\/media?parent=1452"}],"wp:term":[{"taxonomy":"product_brand","embeddable":true,"href":"https:\/\/essenled.com\/ro\/wp-json\/wp\/v2\/product_brand?post=1452"},{"taxonomy":"product_cat","embeddable":true,"href":"https:\/\/essenled.com\/ro\/wp-json\/wp\/v2\/product_cat?post=1452"},{"taxonomy":"product_tag","embeddable":true,"href":"https:\/\/essenled.com\/ro\/wp-json\/wp\/v2\/product_tag?post=1452"}],"curies":[{"name":"wp","href":"https:\/\/api.w.org\/{rel}","templated":true}]}}