{"id":1438,"date":"2024-02-29T06:30:11","date_gmt":"2024-02-29T06:30:11","guid":{"rendered":"https:\/\/essenled.com\/?post_type=product&#038;p=1438"},"modified":"2024-02-29T06:44:48","modified_gmt":"2024-02-29T06:44:48","slug":"top-view-ultra-thin-0606mm-led-neon-flex","status":"publish","type":"product","link":"https:\/\/essenled.com\/ro\/produs\/top-view-ultra-thin-0606mm-led-neon-flex\/","title":{"rendered":"Top View Ultra Thin 06*06mm LED Neon Flex - T0606"},"content":{"rendered":"","protected":false},"excerpt":{"rendered":"<p>Top View Ultra Thin 06*06mm LED Neon Flex - T0606, acest silicon neon flex este fabricat din material siliconic ecologic, care este extrudat \u00eentr-o singur\u0103 bucat\u0103.<\/p>\n<p>Ultra Thin 06*06mm LED Neon Flex - T0606 este disponibil la 6w\/m. Nivelul de protec\u021bie ajunge la IP67, ceea ce este foarte potrivit pentru utilizarea pe termen lung \u00een aer liber, iar suprafa\u021ba nu este u\u0219or de \u00eeng\u0103lbenit.<\/p>\n<p>Vedere de sus IP67 ultra-sub\u021bire de 06 * 06mm LED Neon Flex, transmisia luminii este extrem de mare \u0219i poate fi utilizat\u0103 pentru iluminatul panourilor de semnalizare, iluminatul decorativ interior \u0219i exterior \u0219i iluminatul arhitectural de contur.<\/p>\n<p>Ultra-sub\u021bire nostru de vedere de sus LED neon flex T0606, dup\u0103 \"9 teste majore\", este rezistent la acid clorhidric, acid \u0219i alcalin coroziune, ignifug \u0219i rezisten\u021b\u0103 UV, iar calitatea sa este fiabil\u0103 \u0219i garantat\u0103.<\/p>","protected":false},"featured_media":1445,"template":"","meta":{"_kad_post_transparent":"default","_kad_post_title":"","_kad_post_layout":"default","_kad_post_sidebar_id":"","_kad_post_content_style":"default","_kad_post_vertical_padding":"default","_kad_post_feature":"","_kad_post_feature_position":"","_kad_post_header":false,"_kad_post_footer":false,"_kad_post_classname":""},"product_brand":[],"product_cat":[39,41],"product_tag":[528,531,530,532,527,529],"class_list":{"0":"post-1438","1":"product","2":"type-product","3":"status-publish","4":"has-post-thumbnail","6":"product_cat-neon-strip","7":"product_cat-top-bend-neon-series","8":"product_tag-66mm-narrow-led-neon-light-strip","9":"product_tag-flexible-led-neon-super-slim-0606","10":"product_tag-led-mini-neon-flex-lights","11":"product_tag-led-neon-flex-light-0606","12":"product_tag-neon-flex-slim-0606","13":"product_tag-ultra-thin-6x6mm-top-emitting-led-neon-flex","15":"first","16":"instock","17":"shipping-taxable","18":"product-type-simple","19":"entry","20":"content-bg","21":"loop-entry"},"yoast_head":"<!-- This site is optimized with the Yoast SEO Premium plugin v24.3 (Yoast SEO v26.7) - https:\/\/yoast.com\/wordpress\/plugins\/seo\/ -->\n<title>Top View Ultra Thin 06*06mm LED Neon Flex - T0606 - ESSENLED<\/title>\n<meta name=\"description\" content=\"Top View Ultra Thin 06*06mm LED Neon Flex, 06*06mm, is made of environmentally friendly silicone material, which is extruded in one piece.\" \/>\n<meta name=\"robots\" content=\"index, follow, max-snippet:-1, max-image-preview:large, max-video-preview:-1\" \/>\n<link rel=\"canonical\" href=\"https:\/\/essenled.com\/ro\/produs\/top-view-ultra-thin-0606mm-led-neon-flex\/\" \/>\n<meta property=\"og:locale\" content=\"ro_RO\" \/>\n<meta property=\"og:type\" content=\"article\" \/>\n<meta property=\"og:title\" content=\"Top View Ultra Thin 06*06mm LED Neon Flex - T0606\" \/>\n<meta property=\"og:description\" content=\"Top View Ultra Thin 06*06mm LED Neon Flex, 06*06mm, is made of environmentally friendly silicone material, which is extruded in one piece.\" \/>\n<meta property=\"og:url\" content=\"https:\/\/essenled.com\/ro\/produs\/top-view-ultra-thin-0606mm-led-neon-flex\/\" \/>\n<meta property=\"og:site_name\" content=\"ESSENLED\" \/>\n<meta property=\"article:modified_time\" content=\"2024-02-29T06:44:48+00:00\" \/>\n<meta property=\"og:image\" content=\"https:\/\/essenled.com\/wp-content\/uploads\/2024\/02\/0606MM-Narrow-LED-Neon-Light-Strip.webp\" \/>\n\t<meta property=\"og:image:width\" content=\"800\" \/>\n\t<meta property=\"og:image:height\" content=\"800\" \/>\n\t<meta property=\"og:image:type\" content=\"image\/webp\" \/>\n<meta name=\"twitter:card\" content=\"summary_large_image\" \/>\n<meta name=\"twitter:label1\" content=\"Timp estimat pentru citire\" \/>\n\t<meta name=\"twitter:data1\" content=\"1 minut\" \/>\n<script type=\"application\/ld+json\" class=\"yoast-schema-graph\">{\"@context\":\"https:\/\/schema.org\",\"@graph\":[{\"@type\":\"WebPage\",\"@id\":\"https:\/\/essenled.com\/product\/top-view-ultra-thin-0606mm-led-neon-flex\/\",\"url\":\"https:\/\/essenled.com\/product\/top-view-ultra-thin-0606mm-led-neon-flex\/\",\"name\":\"Top View Ultra Thin 06*06mm LED Neon Flex - T0606 - ESSENLED\",\"isPartOf\":{\"@id\":\"https:\/\/essenled.com\/#website\"},\"primaryImageOfPage\":{\"@id\":\"https:\/\/essenled.com\/product\/top-view-ultra-thin-0606mm-led-neon-flex\/#primaryimage\"},\"image\":{\"@id\":\"https:\/\/essenled.com\/product\/top-view-ultra-thin-0606mm-led-neon-flex\/#primaryimage\"},\"thumbnailUrl\":\"https:\/\/essenled.com\/wp-content\/uploads\/2024\/02\/0606MM-Narrow-LED-Neon-Light-Strip.webp\",\"datePublished\":\"2024-02-29T06:30:11+00:00\",\"dateModified\":\"2024-02-29T06:44:48+00:00\",\"description\":\"Top View Ultra Thin 06*06mm LED Neon Flex, 06*06mm, is made of environmentally friendly silicone material, which is extruded in one piece.\",\"breadcrumb\":{\"@id\":\"https:\/\/essenled.com\/product\/top-view-ultra-thin-0606mm-led-neon-flex\/#breadcrumb\"},\"inLanguage\":\"ro-RO\",\"potentialAction\":[{\"@type\":\"ReadAction\",\"target\":[\"https:\/\/essenled.com\/product\/top-view-ultra-thin-0606mm-led-neon-flex\/\"]}]},{\"@type\":\"ImageObject\",\"inLanguage\":\"ro-RO\",\"@id\":\"https:\/\/essenled.com\/product\/top-view-ultra-thin-0606mm-led-neon-flex\/#primaryimage\",\"url\":\"https:\/\/essenled.com\/wp-content\/uploads\/2024\/02\/0606MM-Narrow-LED-Neon-Light-Strip.webp\",\"contentUrl\":\"https:\/\/essenled.com\/wp-content\/uploads\/2024\/02\/0606MM-Narrow-LED-Neon-Light-Strip.webp\",\"width\":800,\"height\":800,\"caption\":\"0606MM Narrow LED Neon Light Strip\"},{\"@type\":\"BreadcrumbList\",\"@id\":\"https:\/\/essenled.com\/product\/top-view-ultra-thin-0606mm-led-neon-flex\/#breadcrumb\",\"itemListElement\":[{\"@type\":\"ListItem\",\"position\":1,\"name\":\"Home\",\"item\":\"https:\/\/essenled.com\/\"},{\"@type\":\"ListItem\",\"position\":2,\"name\":\"Product\",\"item\":\"https:\/\/essenled.com\/fr\/product\/\"},{\"@type\":\"ListItem\",\"position\":3,\"name\":\"Top View Ultra Thin 06*06mm LED Neon Flex &#8211; T0606\"}]},{\"@type\":\"WebSite\",\"@id\":\"https:\/\/essenled.com\/#website\",\"url\":\"https:\/\/essenled.com\/\",\"name\":\"ESSENLED\",\"description\":\"\",\"publisher\":{\"@id\":\"https:\/\/essenled.com\/#organization\"},\"potentialAction\":[{\"@type\":\"SearchAction\",\"target\":{\"@type\":\"EntryPoint\",\"urlTemplate\":\"https:\/\/essenled.com\/?s={search_term_string}\"},\"query-input\":{\"@type\":\"PropertyValueSpecification\",\"valueRequired\":true,\"valueName\":\"search_term_string\"}}],\"inLanguage\":\"ro-RO\"},{\"@type\":\"Organization\",\"@id\":\"https:\/\/essenled.com\/#organization\",\"name\":\"ESSENLED\",\"url\":\"https:\/\/essenled.com\/\",\"logo\":{\"@type\":\"ImageObject\",\"inLanguage\":\"ro-RO\",\"@id\":\"https:\/\/essenled.com\/#\/schema\/logo\/image\/\",\"url\":\"https:\/\/essenled.com\/wp-content\/uploads\/2024\/01\/Essen-logo.png\",\"contentUrl\":\"https:\/\/essenled.com\/wp-content\/uploads\/2024\/01\/Essen-logo.png\",\"width\":800,\"height\":110,\"caption\":\"ESSENLED\"},\"image\":{\"@id\":\"https:\/\/essenled.com\/#\/schema\/logo\/image\/\"}}]}<\/script>\n<!-- \/ Yoast SEO Premium plugin. -->","yoast_head_json":{"title":"Vedere de sus Ultra Thin 06*06mm LED Neon Flex - T0606 - ESSENLED","description":"Top View Ultra Thin 06*06mm LED Neon Flex, 06*06mm, este fabricat din material siliconic ecologic, care este extrudat \u00eentr-o singur\u0103 bucat\u0103.","robots":{"index":"index","follow":"follow","max-snippet":"max-snippet:-1","max-image-preview":"max-image-preview:large","max-video-preview":"max-video-preview:-1"},"canonical":"https:\/\/essenled.com\/ro\/produs\/top-view-ultra-thin-0606mm-led-neon-flex\/","og_locale":"ro_RO","og_type":"article","og_title":"Top View Ultra Thin 06*06mm LED Neon Flex - T0606","og_description":"Top View Ultra Thin 06*06mm LED Neon Flex, 06*06mm, is made of environmentally friendly silicone material, which is extruded in one piece.","og_url":"https:\/\/essenled.com\/ro\/produs\/top-view-ultra-thin-0606mm-led-neon-flex\/","og_site_name":"ESSENLED","article_modified_time":"2024-02-29T06:44:48+00:00","og_image":[{"width":800,"height":800,"url":"https:\/\/essenled.com\/wp-content\/uploads\/2024\/02\/0606MM-Narrow-LED-Neon-Light-Strip.webp","type":"image\/webp"}],"twitter_card":"summary_large_image","twitter_misc":{"Timp estimat pentru citire":"1 minut"},"schema":{"@context":"https:\/\/schema.org","@graph":[{"@type":"WebPage","@id":"https:\/\/essenled.com\/product\/top-view-ultra-thin-0606mm-led-neon-flex\/","url":"https:\/\/essenled.com\/product\/top-view-ultra-thin-0606mm-led-neon-flex\/","name":"Vedere de sus Ultra Thin 06*06mm LED Neon Flex - T0606 - ESSENLED","isPartOf":{"@id":"https:\/\/essenled.com\/#website"},"primaryImageOfPage":{"@id":"https:\/\/essenled.com\/product\/top-view-ultra-thin-0606mm-led-neon-flex\/#primaryimage"},"image":{"@id":"https:\/\/essenled.com\/product\/top-view-ultra-thin-0606mm-led-neon-flex\/#primaryimage"},"thumbnailUrl":"https:\/\/essenled.com\/wp-content\/uploads\/2024\/02\/0606MM-Narrow-LED-Neon-Light-Strip.webp","datePublished":"2024-02-29T06:30:11+00:00","dateModified":"2024-02-29T06:44:48+00:00","description":"Top View Ultra Thin 06*06mm LED Neon Flex, 06*06mm, este fabricat din material siliconic ecologic, care este extrudat \u00eentr-o singur\u0103 bucat\u0103.","breadcrumb":{"@id":"https:\/\/essenled.com\/product\/top-view-ultra-thin-0606mm-led-neon-flex\/#breadcrumb"},"inLanguage":"ro-RO","potentialAction":[{"@type":"ReadAction","target":["https:\/\/essenled.com\/product\/top-view-ultra-thin-0606mm-led-neon-flex\/"]}]},{"@type":"ImageObject","inLanguage":"ro-RO","@id":"https:\/\/essenled.com\/product\/top-view-ultra-thin-0606mm-led-neon-flex\/#primaryimage","url":"https:\/\/essenled.com\/wp-content\/uploads\/2024\/02\/0606MM-Narrow-LED-Neon-Light-Strip.webp","contentUrl":"https:\/\/essenled.com\/wp-content\/uploads\/2024\/02\/0606MM-Narrow-LED-Neon-Light-Strip.webp","width":800,"height":800,"caption":"0606MM Narrow LED Neon Light Strip"},{"@type":"BreadcrumbList","@id":"https:\/\/essenled.com\/product\/top-view-ultra-thin-0606mm-led-neon-flex\/#breadcrumb","itemListElement":[{"@type":"ListItem","position":1,"name":"Home","item":"https:\/\/essenled.com\/"},{"@type":"ListItem","position":2,"name":"Product","item":"https:\/\/essenled.com\/fr\/product\/"},{"@type":"ListItem","position":3,"name":"Top View Ultra Thin 06*06mm LED Neon Flex &#8211; T0606"}]},{"@type":"WebSite","@id":"https:\/\/essenled.com\/#website","url":"https:\/\/essenled.com\/","name":"ESSENLED","description":"","publisher":{"@id":"https:\/\/essenled.com\/#organization"},"potentialAction":[{"@type":"SearchAction","target":{"@type":"EntryPoint","urlTemplate":"https:\/\/essenled.com\/?s={search_term_string}"},"query-input":{"@type":"PropertyValueSpecification","valueRequired":true,"valueName":"search_term_string"}}],"inLanguage":"ro-RO"},{"@type":"Organization","@id":"https:\/\/essenled.com\/#organization","name":"ESSENLED","url":"https:\/\/essenled.com\/","logo":{"@type":"ImageObject","inLanguage":"ro-RO","@id":"https:\/\/essenled.com\/#\/schema\/logo\/image\/","url":"https:\/\/essenled.com\/wp-content\/uploads\/2024\/01\/Essen-logo.png","contentUrl":"https:\/\/essenled.com\/wp-content\/uploads\/2024\/01\/Essen-logo.png","width":800,"height":110,"caption":"ESSENLED"},"image":{"@id":"https:\/\/essenled.com\/#\/schema\/logo\/image\/"}}]}},"_links":{"self":[{"href":"https:\/\/essenled.com\/ro\/wp-json\/wp\/v2\/product\/1438","targetHints":{"allow":["GET"]}}],"collection":[{"href":"https:\/\/essenled.com\/ro\/wp-json\/wp\/v2\/product"}],"about":[{"href":"https:\/\/essenled.com\/ro\/wp-json\/wp\/v2\/types\/product"}],"version-history":[{"count":2,"href":"https:\/\/essenled.com\/ro\/wp-json\/wp\/v2\/product\/1438\/revisions"}],"predecessor-version":[{"id":1461,"href":"https:\/\/essenled.com\/ro\/wp-json\/wp\/v2\/product\/1438\/revisions\/1461"}],"wp:featuredmedia":[{"embeddable":true,"href":"https:\/\/essenled.com\/ro\/wp-json\/wp\/v2\/media\/1445"}],"wp:attachment":[{"href":"https:\/\/essenled.com\/ro\/wp-json\/wp\/v2\/media?parent=1438"}],"wp:term":[{"taxonomy":"product_brand","embeddable":true,"href":"https:\/\/essenled.com\/ro\/wp-json\/wp\/v2\/product_brand?post=1438"},{"taxonomy":"product_cat","embeddable":true,"href":"https:\/\/essenled.com\/ro\/wp-json\/wp\/v2\/product_cat?post=1438"},{"taxonomy":"product_tag","embeddable":true,"href":"https:\/\/essenled.com\/ro\/wp-json\/wp\/v2\/product_tag?post=1438"}],"curies":[{"name":"wp","href":"https:\/\/api.w.org\/{rel}","templated":true}]}}