{"id":1273,"date":"2024-02-27T05:52:05","date_gmt":"2024-02-27T05:52:05","guid":{"rendered":"https:\/\/essenled.com\/?post_type=product&#038;p=1273"},"modified":"2024-02-27T05:52:06","modified_gmt":"2024-02-27T05:52:06","slug":"addressable-digital-dmx512-spi-led-strip-lights","status":"publish","type":"product","link":"https:\/\/essenled.com\/ro\/produs\/addressable-digital-dmx512-spi-led-strip-lights\/","title":{"rendered":"Adresabil (digital) DMX512 &amp; SIP LED Strip Lights"},"content":{"rendered":"","protected":false},"excerpt":{"rendered":"<p>LED-urile cu benzi luminoase adresabile (digitale) DMX512 \u0219i SPI sunt tipuri de benzi luminoase cu LED-uri adresabile care ofer\u0103 capacit\u0103\u021bi avansate de control pentru crearea de efecte de iluminat dinamice.<\/p>\n<p>Benzile de iluminat cu LED-uri DMX512 adresabile (digitale) utilizeaz\u0103 protocolul DMX512 pentru comunicare, \u00een timp ce benzile de iluminat cu LED-uri SPI utilizeaz\u0103 interfa\u021ba periferic\u0103 serial\u0103 (SPI) pentru transmiterea datelor. Acestea permit controlul individual al fiec\u0103rui LED, permi\u021b\u00e2nd reglarea precis\u0103 a culorii, a luminozit\u0103\u021bii \u0219i a efectelor.<\/p>\n<p>Benzile de lumini LED DMX512 \u0219i SPI permit modific\u0103ri dinamice ale iluminatului \u00een timp real, ceea ce le face ideale pentru spectacolele de scen\u0103, iluminatul arhitectural, evenimente \u0219i locuri de divertisment.<\/p>\n<p>Benzile de iluminat cu LED-uri adresabile (digitale) DMX512 \u0219i SPI ofer\u0103 solu\u021bii de iluminat versatile, personalizabile \u0219i dinamice pentru o gam\u0103 larg\u0103 de aplica\u021bii, de la spectacole de scen\u0103 \u0219i iluminat arhitectural la spa\u021bii comerciale \u0219i instala\u021bii \u00een aer liber.<\/p>","protected":false},"featured_media":1278,"template":"","meta":{"_kad_post_transparent":"default","_kad_post_title":"","_kad_post_layout":"default","_kad_post_sidebar_id":"","_kad_post_content_style":"default","_kad_post_vertical_padding":"default","_kad_post_feature":"","_kad_post_feature_position":"","_kad_post_header":false,"_kad_post_footer":false,"_kad_post_classname":""},"product_brand":[],"product_cat":[32,29],"product_tag":[421,420,424,419,422,423],"class_list":{"0":"post-1273","1":"product","2":"type-product","3":"status-publish","4":"has-post-thumbnail","6":"product_cat-dmx512spi-series","7":"product_cat-led-strip","8":"product_tag-addressable-led-strips","9":"product_tag-addressable-rgb-led-pixel-strip","10":"product_tag-digital-rgb-led-weatherproof-strip","11":"product_tag-digital-rgb-rgbw-white-led-strips","12":"product_tag-individually-addressable-led-strip-lights","13":"product_tag-led-rgb-strip-addressable","15":"first","16":"instock","17":"shipping-taxable","18":"product-type-simple","19":"entry","20":"content-bg","21":"loop-entry"},"yoast_head":"<!-- This site is optimized with the Yoast SEO Premium plugin v24.3 (Yoast SEO v26.7) - https:\/\/yoast.com\/wordpress\/plugins\/seo\/ -->\n<title>Addressable(Digital) DMX512&amp;SPI LED Strip Lights - ESSENLED<\/title>\n<meta name=\"description\" content=\"Addressable(Digital) DMX512 and SPI LED Strip Lights are types of addressable LED strip lights that creating dynamic lighting effects.\" \/>\n<meta name=\"robots\" content=\"index, follow, max-snippet:-1, max-image-preview:large, max-video-preview:-1\" \/>\n<link rel=\"canonical\" href=\"https:\/\/essenled.com\/ro\/produs\/addressable-digital-dmx512-spi-led-strip-lights\/\" \/>\n<meta property=\"og:locale\" content=\"ro_RO\" \/>\n<meta property=\"og:type\" content=\"article\" \/>\n<meta property=\"og:title\" content=\"Addressable(Digital) DMX512&amp;SPI LED Strip Lights\" \/>\n<meta property=\"og:description\" content=\"Addressable(Digital) DMX512 and SPI LED Strip Lights are types of addressable LED strip lights that creating dynamic lighting effects.\" \/>\n<meta property=\"og:url\" content=\"https:\/\/essenled.com\/ro\/produs\/addressable-digital-dmx512-spi-led-strip-lights\/\" \/>\n<meta property=\"og:site_name\" content=\"ESSENLED\" \/>\n<meta property=\"article:modified_time\" content=\"2024-02-27T05:52:06+00:00\" \/>\n<meta property=\"og:image\" content=\"https:\/\/essenled.com\/wp-content\/uploads\/2024\/02\/Individually-Addressable-LED-Strip-Lights.webp\" \/>\n\t<meta property=\"og:image:width\" content=\"800\" \/>\n\t<meta property=\"og:image:height\" content=\"800\" \/>\n\t<meta property=\"og:image:type\" content=\"image\/webp\" \/>\n<meta name=\"twitter:card\" content=\"summary_large_image\" \/>\n<meta name=\"twitter:label1\" content=\"Timp estimat pentru citire\" \/>\n\t<meta name=\"twitter:data1\" content=\"1 minut\" \/>\n<script type=\"application\/ld+json\" class=\"yoast-schema-graph\">{\"@context\":\"https:\/\/schema.org\",\"@graph\":[{\"@type\":\"WebPage\",\"@id\":\"https:\/\/essenled.com\/product\/addressable-digital-dmx512-spi-led-strip-lights\/\",\"url\":\"https:\/\/essenled.com\/product\/addressable-digital-dmx512-spi-led-strip-lights\/\",\"name\":\"Addressable(Digital) DMX512&SPI LED Strip Lights - ESSENLED\",\"isPartOf\":{\"@id\":\"https:\/\/essenled.com\/#website\"},\"primaryImageOfPage\":{\"@id\":\"https:\/\/essenled.com\/product\/addressable-digital-dmx512-spi-led-strip-lights\/#primaryimage\"},\"image\":{\"@id\":\"https:\/\/essenled.com\/product\/addressable-digital-dmx512-spi-led-strip-lights\/#primaryimage\"},\"thumbnailUrl\":\"https:\/\/essenled.com\/wp-content\/uploads\/2024\/02\/Individually-Addressable-LED-Strip-Lights.webp\",\"datePublished\":\"2024-02-27T05:52:05+00:00\",\"dateModified\":\"2024-02-27T05:52:06+00:00\",\"description\":\"Addressable(Digital) DMX512 and SPI LED Strip Lights are types of addressable LED strip lights that creating dynamic lighting effects.\",\"breadcrumb\":{\"@id\":\"https:\/\/essenled.com\/product\/addressable-digital-dmx512-spi-led-strip-lights\/#breadcrumb\"},\"inLanguage\":\"ro-RO\",\"potentialAction\":[{\"@type\":\"ReadAction\",\"target\":[\"https:\/\/essenled.com\/product\/addressable-digital-dmx512-spi-led-strip-lights\/\"]}]},{\"@type\":\"ImageObject\",\"inLanguage\":\"ro-RO\",\"@id\":\"https:\/\/essenled.com\/product\/addressable-digital-dmx512-spi-led-strip-lights\/#primaryimage\",\"url\":\"https:\/\/essenled.com\/wp-content\/uploads\/2024\/02\/Individually-Addressable-LED-Strip-Lights.webp\",\"contentUrl\":\"https:\/\/essenled.com\/wp-content\/uploads\/2024\/02\/Individually-Addressable-LED-Strip-Lights.webp\",\"width\":800,\"height\":800,\"caption\":\"Individually Addressable LED Strip Lights\"},{\"@type\":\"BreadcrumbList\",\"@id\":\"https:\/\/essenled.com\/product\/addressable-digital-dmx512-spi-led-strip-lights\/#breadcrumb\",\"itemListElement\":[{\"@type\":\"ListItem\",\"position\":1,\"name\":\"Home\",\"item\":\"https:\/\/essenled.com\/\"},{\"@type\":\"ListItem\",\"position\":2,\"name\":\"Product\",\"item\":\"https:\/\/essenled.com\/fr\/product\/\"},{\"@type\":\"ListItem\",\"position\":3,\"name\":\"Addressable(Digital) DMX512&#038;SPI LED Strip Lights\"}]},{\"@type\":\"WebSite\",\"@id\":\"https:\/\/essenled.com\/#website\",\"url\":\"https:\/\/essenled.com\/\",\"name\":\"ESSENLED\",\"description\":\"\",\"publisher\":{\"@id\":\"https:\/\/essenled.com\/#organization\"},\"potentialAction\":[{\"@type\":\"SearchAction\",\"target\":{\"@type\":\"EntryPoint\",\"urlTemplate\":\"https:\/\/essenled.com\/?s={search_term_string}\"},\"query-input\":{\"@type\":\"PropertyValueSpecification\",\"valueRequired\":true,\"valueName\":\"search_term_string\"}}],\"inLanguage\":\"ro-RO\"},{\"@type\":\"Organization\",\"@id\":\"https:\/\/essenled.com\/#organization\",\"name\":\"ESSENLED\",\"url\":\"https:\/\/essenled.com\/\",\"logo\":{\"@type\":\"ImageObject\",\"inLanguage\":\"ro-RO\",\"@id\":\"https:\/\/essenled.com\/#\/schema\/logo\/image\/\",\"url\":\"https:\/\/essenled.com\/wp-content\/uploads\/2024\/01\/Essen-logo.png\",\"contentUrl\":\"https:\/\/essenled.com\/wp-content\/uploads\/2024\/01\/Essen-logo.png\",\"width\":800,\"height\":110,\"caption\":\"ESSENLED\"},\"image\":{\"@id\":\"https:\/\/essenled.com\/#\/schema\/logo\/image\/\"}}]}<\/script>\n<!-- \/ Yoast SEO Premium plugin. -->","yoast_head_json":{"title":"Adresabil (digital) DMX512&amp;SPI LED Strip Lights - ESSENLED","description":"Adresabil (digital) DMX512 \u0219i SPI LED Strip Lights sunt tipuri de lumini LED adresabile care creeaz\u0103 efecte de iluminat dinamice.","robots":{"index":"index","follow":"follow","max-snippet":"max-snippet:-1","max-image-preview":"max-image-preview:large","max-video-preview":"max-video-preview:-1"},"canonical":"https:\/\/essenled.com\/ro\/produs\/addressable-digital-dmx512-spi-led-strip-lights\/","og_locale":"ro_RO","og_type":"article","og_title":"Addressable(Digital) DMX512&SPI LED Strip Lights","og_description":"Addressable(Digital) DMX512 and SPI LED Strip Lights are types of addressable LED strip lights that creating dynamic lighting effects.","og_url":"https:\/\/essenled.com\/ro\/produs\/addressable-digital-dmx512-spi-led-strip-lights\/","og_site_name":"ESSENLED","article_modified_time":"2024-02-27T05:52:06+00:00","og_image":[{"width":800,"height":800,"url":"https:\/\/essenled.com\/wp-content\/uploads\/2024\/02\/Individually-Addressable-LED-Strip-Lights.webp","type":"image\/webp"}],"twitter_card":"summary_large_image","twitter_misc":{"Timp estimat pentru citire":"1 minut"},"schema":{"@context":"https:\/\/schema.org","@graph":[{"@type":"WebPage","@id":"https:\/\/essenled.com\/product\/addressable-digital-dmx512-spi-led-strip-lights\/","url":"https:\/\/essenled.com\/product\/addressable-digital-dmx512-spi-led-strip-lights\/","name":"Adresabil (digital) DMX512&amp;SPI LED Strip Lights - ESSENLED","isPartOf":{"@id":"https:\/\/essenled.com\/#website"},"primaryImageOfPage":{"@id":"https:\/\/essenled.com\/product\/addressable-digital-dmx512-spi-led-strip-lights\/#primaryimage"},"image":{"@id":"https:\/\/essenled.com\/product\/addressable-digital-dmx512-spi-led-strip-lights\/#primaryimage"},"thumbnailUrl":"https:\/\/essenled.com\/wp-content\/uploads\/2024\/02\/Individually-Addressable-LED-Strip-Lights.webp","datePublished":"2024-02-27T05:52:05+00:00","dateModified":"2024-02-27T05:52:06+00:00","description":"Adresabil (digital) DMX512 \u0219i SPI LED Strip Lights sunt tipuri de lumini LED adresabile care creeaz\u0103 efecte de iluminat dinamice.","breadcrumb":{"@id":"https:\/\/essenled.com\/product\/addressable-digital-dmx512-spi-led-strip-lights\/#breadcrumb"},"inLanguage":"ro-RO","potentialAction":[{"@type":"ReadAction","target":["https:\/\/essenled.com\/product\/addressable-digital-dmx512-spi-led-strip-lights\/"]}]},{"@type":"ImageObject","inLanguage":"ro-RO","@id":"https:\/\/essenled.com\/product\/addressable-digital-dmx512-spi-led-strip-lights\/#primaryimage","url":"https:\/\/essenled.com\/wp-content\/uploads\/2024\/02\/Individually-Addressable-LED-Strip-Lights.webp","contentUrl":"https:\/\/essenled.com\/wp-content\/uploads\/2024\/02\/Individually-Addressable-LED-Strip-Lights.webp","width":800,"height":800,"caption":"Individually Addressable LED Strip Lights"},{"@type":"BreadcrumbList","@id":"https:\/\/essenled.com\/product\/addressable-digital-dmx512-spi-led-strip-lights\/#breadcrumb","itemListElement":[{"@type":"ListItem","position":1,"name":"Home","item":"https:\/\/essenled.com\/"},{"@type":"ListItem","position":2,"name":"Product","item":"https:\/\/essenled.com\/fr\/product\/"},{"@type":"ListItem","position":3,"name":"Addressable(Digital) DMX512&#038;SPI LED Strip Lights"}]},{"@type":"WebSite","@id":"https:\/\/essenled.com\/#website","url":"https:\/\/essenled.com\/","name":"ESSENLED","description":"","publisher":{"@id":"https:\/\/essenled.com\/#organization"},"potentialAction":[{"@type":"SearchAction","target":{"@type":"EntryPoint","urlTemplate":"https:\/\/essenled.com\/?s={search_term_string}"},"query-input":{"@type":"PropertyValueSpecification","valueRequired":true,"valueName":"search_term_string"}}],"inLanguage":"ro-RO"},{"@type":"Organization","@id":"https:\/\/essenled.com\/#organization","name":"ESSENLED","url":"https:\/\/essenled.com\/","logo":{"@type":"ImageObject","inLanguage":"ro-RO","@id":"https:\/\/essenled.com\/#\/schema\/logo\/image\/","url":"https:\/\/essenled.com\/wp-content\/uploads\/2024\/01\/Essen-logo.png","contentUrl":"https:\/\/essenled.com\/wp-content\/uploads\/2024\/01\/Essen-logo.png","width":800,"height":110,"caption":"ESSENLED"},"image":{"@id":"https:\/\/essenled.com\/#\/schema\/logo\/image\/"}}]}},"_links":{"self":[{"href":"https:\/\/essenled.com\/ro\/wp-json\/wp\/v2\/product\/1273","targetHints":{"allow":["GET"]}}],"collection":[{"href":"https:\/\/essenled.com\/ro\/wp-json\/wp\/v2\/product"}],"about":[{"href":"https:\/\/essenled.com\/ro\/wp-json\/wp\/v2\/types\/product"}],"version-history":[{"count":1,"href":"https:\/\/essenled.com\/ro\/wp-json\/wp\/v2\/product\/1273\/revisions"}],"predecessor-version":[{"id":1280,"href":"https:\/\/essenled.com\/ro\/wp-json\/wp\/v2\/product\/1273\/revisions\/1280"}],"wp:featuredmedia":[{"embeddable":true,"href":"https:\/\/essenled.com\/ro\/wp-json\/wp\/v2\/media\/1278"}],"wp:attachment":[{"href":"https:\/\/essenled.com\/ro\/wp-json\/wp\/v2\/media?parent=1273"}],"wp:term":[{"taxonomy":"product_brand","embeddable":true,"href":"https:\/\/essenled.com\/ro\/wp-json\/wp\/v2\/product_brand?post=1273"},{"taxonomy":"product_cat","embeddable":true,"href":"https:\/\/essenled.com\/ro\/wp-json\/wp\/v2\/product_cat?post=1273"},{"taxonomy":"product_tag","embeddable":true,"href":"https:\/\/essenled.com\/ro\/wp-json\/wp\/v2\/product_tag?post=1273"}],"curies":[{"name":"wp","href":"https:\/\/api.w.org\/{rel}","templated":true}]}}