{"id":723,"date":"2024-02-10T10:08:01","date_gmt":"2024-02-10T10:08:01","guid":{"rendered":"https:\/\/essenled.com\/?post_type=product&#038;p=723"},"modified":"2024-06-01T09:19:07","modified_gmt":"2024-06-01T09:19:07","slug":"rgbww-cob-led-strip-dotless-color-changing-high-density","status":"publish","type":"product","link":"https:\/\/essenled.com\/pt\/produto\/rgbww-cob-led-strip-dotless-color-changing-high-density\/","title":{"rendered":"Fita LED COB RGB+3000K+6000K sem pontos de alta densidade"},"content":{"rendered":"","protected":false},"excerpt":{"rendered":"<p>As tiras de LED RGBWW COB t\u00eam uma mudan\u00e7a de cor RGB+3000K+6000K, uma alta densidade de 840leds\/m e uma pot\u00eancia total de 16 watts, proporcionando uma solu\u00e7\u00e3o de ilumina\u00e7\u00e3o vers\u00e1til e din\u00e2mica.<\/p>\n<p>Com 840 LEDs por metro, esta fita COB LED oferece alta densidade e brilho. O consumo total de energia da faixa de luz LED \u00e9 de 16 watts, o que garante um funcionamento econ\u00f3mico, ao mesmo tempo que proporciona brilho suficiente para diferentes necessidades de ilumina\u00e7\u00e3o.<\/p>\n<p>As tiras de LED RGBWW COB incluem vermelho, verde, azul, branco quente (3000K) e branco frio (6000K), criam cenas de ilumina\u00e7\u00e3o cativantes e adaptam-se a diferentes ambientes e estados de esp\u00edrito.<\/p>\n<p>Estas tiras de LED COB RGBWW oferecem possibilidades infinitas para projectos de ilumina\u00e7\u00e3o criativos. Personalize combina\u00e7\u00f5es de cores, n\u00edveis de brilho e efeitos de ilumina\u00e7\u00e3o para criar cenas e ambientes de ilumina\u00e7\u00e3o personalizados.<\/p>","protected":false},"featured_media":2167,"template":"","meta":{"_kad_post_transparent":"default","_kad_post_title":"","_kad_post_layout":"default","_kad_post_sidebar_id":"","_kad_post_content_style":"default","_kad_post_vertical_padding":"default","_kad_post_feature":"","_kad_post_feature_position":"","_kad_post_header":false,"_kad_post_footer":false,"_kad_post_classname":""},"product_brand":[],"product_cat":[50,53],"product_tag":[106,107,103,109,105,108,104],"class_list":{"0":"post-723","1":"product","2":"type-product","3":"status-publish","4":"has-post-thumbnail","6":"product_cat-cob-led-strip","7":"product_cat-rgbx-cob-series","8":"product_tag-cob-dotless-rgbww","9":"product_tag-cob-seamless-rgbww","10":"product_tag-flexible-24v-rgbcw-cob-strip","11":"product_tag-rgbcw-cob-strip","12":"product_tag-rgbww-cob-led-strip-lights","13":"product_tag-rgbww-color-changing-flexible-cob","14":"product_tag-rgbww-rgb-cob-led","16":"first","17":"instock","18":"featured","19":"shipping-taxable","20":"product-type-simple","21":"entry","22":"content-bg","23":"loop-entry"},"yoast_head":"<!-- This site is optimized with the Yoast SEO Premium plugin v24.3 (Yoast SEO v26.7) - https:\/\/yoast.com\/wordpress\/plugins\/seo\/ -->\n<title>RGB+3000K+6000K COB LED Strip Dotless High Density - ESSENLED<\/title>\n<meta name=\"description\" content=\"RGBWW COB LED strips color changing RGB+3000K+6000K, a high density of 840leds\/m, 16 watts, providing a versatile, dynamic lighting solution.\" \/>\n<meta name=\"robots\" content=\"index, follow, max-snippet:-1, max-image-preview:large, max-video-preview:-1\" \/>\n<link rel=\"canonical\" href=\"https:\/\/essenled.com\/pt\/produto\/rgbww-cob-led-strip-dotless-color-changing-high-density\/\" \/>\n<meta property=\"og:locale\" content=\"pt_PT\" \/>\n<meta property=\"og:type\" content=\"article\" \/>\n<meta property=\"og:title\" content=\"RGB+3000K+6000K COB LED Strip Dotless High Density\" \/>\n<meta property=\"og:description\" content=\"RGBWW COB LED strips color changing RGB+3000K+6000K, a high density of 840leds\/m, 16 watts, providing a versatile, dynamic lighting solution.\" \/>\n<meta property=\"og:url\" content=\"https:\/\/essenled.com\/pt\/produto\/rgbww-cob-led-strip-dotless-color-changing-high-density\/\" \/>\n<meta property=\"og:site_name\" content=\"ESSENLED\" \/>\n<meta property=\"article:modified_time\" content=\"2024-06-01T09:19:07+00:00\" \/>\n<meta property=\"og:image\" content=\"https:\/\/essenled.com\/wp-content\/uploads\/2024\/02\/RGBWW-Color-Changing-Flexible-COB.webp\" \/>\n\t<meta property=\"og:image:width\" content=\"1000\" \/>\n\t<meta property=\"og:image:height\" content=\"1000\" \/>\n\t<meta property=\"og:image:type\" content=\"image\/webp\" \/>\n<meta name=\"twitter:card\" content=\"summary_large_image\" \/>\n<meta name=\"twitter:label1\" content=\"Tempo estimado de leitura\" \/>\n\t<meta name=\"twitter:data1\" content=\"1 minuto\" \/>\n<script type=\"application\/ld+json\" class=\"yoast-schema-graph\">{\"@context\":\"https:\/\/schema.org\",\"@graph\":[{\"@type\":\"WebPage\",\"@id\":\"https:\/\/essenled.com\/product\/rgbww-cob-led-strip-dotless-color-changing-high-density\/\",\"url\":\"https:\/\/essenled.com\/product\/rgbww-cob-led-strip-dotless-color-changing-high-density\/\",\"name\":\"RGB+3000K+6000K COB LED Strip Dotless High Density - ESSENLED\",\"isPartOf\":{\"@id\":\"https:\/\/essenled.com\/#website\"},\"primaryImageOfPage\":{\"@id\":\"https:\/\/essenled.com\/product\/rgbww-cob-led-strip-dotless-color-changing-high-density\/#primaryimage\"},\"image\":{\"@id\":\"https:\/\/essenled.com\/product\/rgbww-cob-led-strip-dotless-color-changing-high-density\/#primaryimage\"},\"thumbnailUrl\":\"https:\/\/essenled.com\/wp-content\/uploads\/2024\/02\/RGBWW-Color-Changing-Flexible-COB.webp\",\"datePublished\":\"2024-02-10T10:08:01+00:00\",\"dateModified\":\"2024-06-01T09:19:07+00:00\",\"description\":\"RGBWW COB LED strips color changing RGB+3000K+6000K, a high density of 840leds\/m, 16 watts, providing a versatile, dynamic lighting solution.\",\"breadcrumb\":{\"@id\":\"https:\/\/essenled.com\/product\/rgbww-cob-led-strip-dotless-color-changing-high-density\/#breadcrumb\"},\"inLanguage\":\"pt-PT\",\"potentialAction\":[{\"@type\":\"ReadAction\",\"target\":[\"https:\/\/essenled.com\/product\/rgbww-cob-led-strip-dotless-color-changing-high-density\/\"]}]},{\"@type\":\"ImageObject\",\"inLanguage\":\"pt-PT\",\"@id\":\"https:\/\/essenled.com\/product\/rgbww-cob-led-strip-dotless-color-changing-high-density\/#primaryimage\",\"url\":\"https:\/\/essenled.com\/wp-content\/uploads\/2024\/02\/RGBWW-Color-Changing-Flexible-COB.webp\",\"contentUrl\":\"https:\/\/essenled.com\/wp-content\/uploads\/2024\/02\/RGBWW-Color-Changing-Flexible-COB.webp\",\"width\":1000,\"height\":1000,\"caption\":\"RGBWW Color Changing Flexible COB\"},{\"@type\":\"BreadcrumbList\",\"@id\":\"https:\/\/essenled.com\/product\/rgbww-cob-led-strip-dotless-color-changing-high-density\/#breadcrumb\",\"itemListElement\":[{\"@type\":\"ListItem\",\"position\":1,\"name\":\"Home\",\"item\":\"https:\/\/essenled.com\/\"},{\"@type\":\"ListItem\",\"position\":2,\"name\":\"Product\",\"item\":\"https:\/\/essenled.com\/fr\/product\/\"},{\"@type\":\"ListItem\",\"position\":3,\"name\":\"RGB+3000K+6000K COB LED Strip Dotless High Density\"}]},{\"@type\":\"WebSite\",\"@id\":\"https:\/\/essenled.com\/#website\",\"url\":\"https:\/\/essenled.com\/\",\"name\":\"ESSENLED\",\"description\":\"\",\"publisher\":{\"@id\":\"https:\/\/essenled.com\/#organization\"},\"potentialAction\":[{\"@type\":\"SearchAction\",\"target\":{\"@type\":\"EntryPoint\",\"urlTemplate\":\"https:\/\/essenled.com\/?s={search_term_string}\"},\"query-input\":{\"@type\":\"PropertyValueSpecification\",\"valueRequired\":true,\"valueName\":\"search_term_string\"}}],\"inLanguage\":\"pt-PT\"},{\"@type\":\"Organization\",\"@id\":\"https:\/\/essenled.com\/#organization\",\"name\":\"ESSENLED\",\"url\":\"https:\/\/essenled.com\/\",\"logo\":{\"@type\":\"ImageObject\",\"inLanguage\":\"pt-PT\",\"@id\":\"https:\/\/essenled.com\/#\/schema\/logo\/image\/\",\"url\":\"https:\/\/essenled.com\/wp-content\/uploads\/2024\/01\/Essen-logo.png\",\"contentUrl\":\"https:\/\/essenled.com\/wp-content\/uploads\/2024\/01\/Essen-logo.png\",\"width\":800,\"height\":110,\"caption\":\"ESSENLED\"},\"image\":{\"@id\":\"https:\/\/essenled.com\/#\/schema\/logo\/image\/\"}}]}<\/script>\n<!-- \/ Yoast SEO Premium plugin. -->","yoast_head_json":{"title":"Fita LED COB RGB+3000K+6000K sem pontos de alta densidade - ESSENLED","description":"As tiras de LED RGBWW COB mudam de cor RGB+3000K+6000K, uma alta densidade de 840leds\/m, 16 watts, proporcionando uma solu\u00e7\u00e3o de ilumina\u00e7\u00e3o vers\u00e1til e din\u00e2mica.","robots":{"index":"index","follow":"follow","max-snippet":"max-snippet:-1","max-image-preview":"max-image-preview:large","max-video-preview":"max-video-preview:-1"},"canonical":"https:\/\/essenled.com\/pt\/produto\/rgbww-cob-led-strip-dotless-color-changing-high-density\/","og_locale":"pt_PT","og_type":"article","og_title":"RGB+3000K+6000K COB LED Strip Dotless High Density","og_description":"RGBWW COB LED strips color changing RGB+3000K+6000K, a high density of 840leds\/m, 16 watts, providing a versatile, dynamic lighting solution.","og_url":"https:\/\/essenled.com\/pt\/produto\/rgbww-cob-led-strip-dotless-color-changing-high-density\/","og_site_name":"ESSENLED","article_modified_time":"2024-06-01T09:19:07+00:00","og_image":[{"width":1000,"height":1000,"url":"https:\/\/essenled.com\/wp-content\/uploads\/2024\/02\/RGBWW-Color-Changing-Flexible-COB.webp","type":"image\/webp"}],"twitter_card":"summary_large_image","twitter_misc":{"Tempo estimado de leitura":"1 minuto"},"schema":{"@context":"https:\/\/schema.org","@graph":[{"@type":"WebPage","@id":"https:\/\/essenled.com\/product\/rgbww-cob-led-strip-dotless-color-changing-high-density\/","url":"https:\/\/essenled.com\/product\/rgbww-cob-led-strip-dotless-color-changing-high-density\/","name":"Fita LED COB RGB+3000K+6000K sem pontos de alta densidade - ESSENLED","isPartOf":{"@id":"https:\/\/essenled.com\/#website"},"primaryImageOfPage":{"@id":"https:\/\/essenled.com\/product\/rgbww-cob-led-strip-dotless-color-changing-high-density\/#primaryimage"},"image":{"@id":"https:\/\/essenled.com\/product\/rgbww-cob-led-strip-dotless-color-changing-high-density\/#primaryimage"},"thumbnailUrl":"https:\/\/essenled.com\/wp-content\/uploads\/2024\/02\/RGBWW-Color-Changing-Flexible-COB.webp","datePublished":"2024-02-10T10:08:01+00:00","dateModified":"2024-06-01T09:19:07+00:00","description":"As tiras de LED RGBWW COB mudam de cor RGB+3000K+6000K, uma alta densidade de 840leds\/m, 16 watts, proporcionando uma solu\u00e7\u00e3o de ilumina\u00e7\u00e3o vers\u00e1til e din\u00e2mica.","breadcrumb":{"@id":"https:\/\/essenled.com\/product\/rgbww-cob-led-strip-dotless-color-changing-high-density\/#breadcrumb"},"inLanguage":"pt-PT","potentialAction":[{"@type":"ReadAction","target":["https:\/\/essenled.com\/product\/rgbww-cob-led-strip-dotless-color-changing-high-density\/"]}]},{"@type":"ImageObject","inLanguage":"pt-PT","@id":"https:\/\/essenled.com\/product\/rgbww-cob-led-strip-dotless-color-changing-high-density\/#primaryimage","url":"https:\/\/essenled.com\/wp-content\/uploads\/2024\/02\/RGBWW-Color-Changing-Flexible-COB.webp","contentUrl":"https:\/\/essenled.com\/wp-content\/uploads\/2024\/02\/RGBWW-Color-Changing-Flexible-COB.webp","width":1000,"height":1000,"caption":"RGBWW Color Changing Flexible COB"},{"@type":"BreadcrumbList","@id":"https:\/\/essenled.com\/product\/rgbww-cob-led-strip-dotless-color-changing-high-density\/#breadcrumb","itemListElement":[{"@type":"ListItem","position":1,"name":"Home","item":"https:\/\/essenled.com\/"},{"@type":"ListItem","position":2,"name":"Product","item":"https:\/\/essenled.com\/fr\/product\/"},{"@type":"ListItem","position":3,"name":"RGB+3000K+6000K COB LED Strip Dotless High Density"}]},{"@type":"WebSite","@id":"https:\/\/essenled.com\/#website","url":"https:\/\/essenled.com\/","name":"ESSENLED","description":"","publisher":{"@id":"https:\/\/essenled.com\/#organization"},"potentialAction":[{"@type":"SearchAction","target":{"@type":"EntryPoint","urlTemplate":"https:\/\/essenled.com\/?s={search_term_string}"},"query-input":{"@type":"PropertyValueSpecification","valueRequired":true,"valueName":"search_term_string"}}],"inLanguage":"pt-PT"},{"@type":"Organization","@id":"https:\/\/essenled.com\/#organization","name":"ESSENLED","url":"https:\/\/essenled.com\/","logo":{"@type":"ImageObject","inLanguage":"pt-PT","@id":"https:\/\/essenled.com\/#\/schema\/logo\/image\/","url":"https:\/\/essenled.com\/wp-content\/uploads\/2024\/01\/Essen-logo.png","contentUrl":"https:\/\/essenled.com\/wp-content\/uploads\/2024\/01\/Essen-logo.png","width":800,"height":110,"caption":"ESSENLED"},"image":{"@id":"https:\/\/essenled.com\/#\/schema\/logo\/image\/"}}]}},"_links":{"self":[{"href":"https:\/\/essenled.com\/pt\/wp-json\/wp\/v2\/product\/723","targetHints":{"allow":["GET"]}}],"collection":[{"href":"https:\/\/essenled.com\/pt\/wp-json\/wp\/v2\/product"}],"about":[{"href":"https:\/\/essenled.com\/pt\/wp-json\/wp\/v2\/types\/product"}],"version-history":[{"count":4,"href":"https:\/\/essenled.com\/pt\/wp-json\/wp\/v2\/product\/723\/revisions"}],"predecessor-version":[{"id":2024,"href":"https:\/\/essenled.com\/pt\/wp-json\/wp\/v2\/product\/723\/revisions\/2024"}],"wp:featuredmedia":[{"embeddable":true,"href":"https:\/\/essenled.com\/pt\/wp-json\/wp\/v2\/media\/2167"}],"wp:attachment":[{"href":"https:\/\/essenled.com\/pt\/wp-json\/wp\/v2\/media?parent=723"}],"wp:term":[{"taxonomy":"product_brand","embeddable":true,"href":"https:\/\/essenled.com\/pt\/wp-json\/wp\/v2\/product_brand?post=723"},{"taxonomy":"product_cat","embeddable":true,"href":"https:\/\/essenled.com\/pt\/wp-json\/wp\/v2\/product_cat?post=723"},{"taxonomy":"product_tag","embeddable":true,"href":"https:\/\/essenled.com\/pt\/wp-json\/wp\/v2\/product_tag?post=723"}],"curies":[{"name":"wp","href":"https:\/\/api.w.org\/{rel}","templated":true}]}}