{"id":697,"date":"2024-02-10T02:38:28","date_gmt":"2024-02-10T02:38:28","guid":{"rendered":"https:\/\/essenled.com\/?post_type=product&#038;p=697"},"modified":"2024-06-01T01:47:23","modified_gmt":"2024-06-01T01:47:23","slug":"tunable-white-cob-led-strip-24v-2700k-6500k","status":"publish","type":"product","link":"https:\/\/essenled.com\/pt\/produto\/tunable-white-cob-led-strip-24v-2700k-6500k\/","title":{"rendered":"Fita LED COB Branca Sintoniz\u00e1vel 24V 2700K-6500K"},"content":{"rendered":"","protected":false},"excerpt":{"rendered":"<p>A fita LED COB branca sintoniz\u00e1vel, denominada fita LED COB branca ajust\u00e1vel ou fita LED COB bicolor. Com uma densidade elevada de 576leds\/m. De 2700K a 6500K, oferece tons brancos quentes de 2700K para um ambiente acolhedor e tons brancos frios de 6500K para uma ilumina\u00e7\u00e3o clara e vibrante.<\/p>\n<p>Dispon\u00edvel nas op\u00e7\u00f5es de tens\u00e3o de 12V e 24V, \u00e9 uma solu\u00e7\u00e3o de ilumina\u00e7\u00e3o vers\u00e1til. Alto brilho, ilumina\u00e7\u00e3o uniforme e excelente consist\u00eancia de cores em toda a faixa.<\/p>\n<p>A versatilidade das fitas LED COB brancas sintoniz\u00e1veis torna-as adequadas para uma vasta gama de aplica\u00e7\u00f5es, incluindo ilumina\u00e7\u00e3o residencial, ilumina\u00e7\u00e3o arquitet\u00f3nica, etc.<\/p>\n<p>Com as vantagens da temperatura de cor bicolor, elevado brilho, poupan\u00e7a de energia e flexibilidade, para criar ambientes de ilumina\u00e7\u00e3o din\u00e2micos e melhorar o conforto visual e a est\u00e9tica.<\/p>","protected":false},"featured_media":2130,"template":"","meta":{"_kad_post_transparent":"default","_kad_post_title":"","_kad_post_layout":"default","_kad_post_sidebar_id":"","_kad_post_content_style":"default","_kad_post_vertical_padding":"default","_kad_post_feature":"","_kad_post_feature_position":"","_kad_post_header":false,"_kad_post_footer":false,"_kad_post_classname":""},"product_brand":[],"product_cat":[50,52],"product_tag":[90,88,91,92,89],"class_list":{"0":"post-697","1":"product","2":"type-product","3":"status-publish","4":"has-post-thumbnail","6":"product_cat-cob-led-strip","7":"product_cat-tunable-white-cob-series","8":"product_tag-cob-led-tape-tunable-white-light","9":"product_tag-cob-tunable-white-led-strip","10":"product_tag-high-density-cob-flexible-cob","11":"product_tag-led-strip-cob-tunable-white-12v-24v","12":"product_tag-led-strip-spotless-tunable-white","14":"first","15":"instock","16":"shipping-taxable","17":"product-type-simple","18":"entry","19":"content-bg","20":"loop-entry"},"yoast_head":"<!-- This site is optimized with the Yoast SEO Premium plugin v24.3 (Yoast SEO v26.7) - https:\/\/yoast.com\/wordpress\/plugins\/seo\/ -->\n<title>Tunable White COB LED Strip 24V 2700K-6500K - ESSENLED<\/title>\n<meta name=\"description\" content=\"The tunable white COB LED strip 2700K to 6500K, offers warm tones of 2700K for a cozy ambience and cool white of 6500K for vibrant lighting.\" \/>\n<meta name=\"robots\" content=\"index, follow, max-snippet:-1, max-image-preview:large, max-video-preview:-1\" \/>\n<link rel=\"canonical\" href=\"https:\/\/essenled.com\/pt\/produto\/tunable-white-cob-led-strip-24v-2700k-6500k\/\" \/>\n<meta property=\"og:locale\" content=\"pt_PT\" \/>\n<meta property=\"og:type\" content=\"article\" \/>\n<meta property=\"og:title\" content=\"Tunable White COB LED Strip 24V 2700K-6500K\" \/>\n<meta property=\"og:description\" content=\"The tunable white COB LED strip 2700K to 6500K, offers warm tones of 2700K for a cozy ambience and cool white of 6500K for vibrant lighting.\" \/>\n<meta property=\"og:url\" content=\"https:\/\/essenled.com\/pt\/produto\/tunable-white-cob-led-strip-24v-2700k-6500k\/\" \/>\n<meta property=\"og:site_name\" content=\"ESSENLED\" \/>\n<meta property=\"article:modified_time\" content=\"2024-06-01T01:47:23+00:00\" \/>\n<meta property=\"og:image\" content=\"https:\/\/essenled.com\/wp-content\/uploads\/2024\/02\/Tunable-White-576leds-24V-COB-LED-Strip.webp\" \/>\n\t<meta property=\"og:image:width\" content=\"1000\" \/>\n\t<meta property=\"og:image:height\" content=\"1000\" \/>\n\t<meta property=\"og:image:type\" content=\"image\/webp\" \/>\n<meta name=\"twitter:card\" content=\"summary_large_image\" \/>\n<meta name=\"twitter:label1\" content=\"Tempo estimado de leitura\" \/>\n\t<meta name=\"twitter:data1\" content=\"1 minuto\" \/>\n<script type=\"application\/ld+json\" class=\"yoast-schema-graph\">{\"@context\":\"https:\/\/schema.org\",\"@graph\":[{\"@type\":\"WebPage\",\"@id\":\"https:\/\/essenled.com\/product\/tunable-white-cob-led-strip-24v-2700k-6500k\/\",\"url\":\"https:\/\/essenled.com\/product\/tunable-white-cob-led-strip-24v-2700k-6500k\/\",\"name\":\"Tunable White COB LED Strip 24V 2700K-6500K - ESSENLED\",\"isPartOf\":{\"@id\":\"https:\/\/essenled.com\/#website\"},\"primaryImageOfPage\":{\"@id\":\"https:\/\/essenled.com\/product\/tunable-white-cob-led-strip-24v-2700k-6500k\/#primaryimage\"},\"image\":{\"@id\":\"https:\/\/essenled.com\/product\/tunable-white-cob-led-strip-24v-2700k-6500k\/#primaryimage\"},\"thumbnailUrl\":\"https:\/\/essenled.com\/wp-content\/uploads\/2024\/02\/Tunable-White-576leds-24V-COB-LED-Strip.webp\",\"datePublished\":\"2024-02-10T02:38:28+00:00\",\"dateModified\":\"2024-06-01T01:47:23+00:00\",\"description\":\"The tunable white COB LED strip 2700K to 6500K, offers warm tones of 2700K for a cozy ambience and cool white of 6500K for vibrant lighting.\",\"breadcrumb\":{\"@id\":\"https:\/\/essenled.com\/product\/tunable-white-cob-led-strip-24v-2700k-6500k\/#breadcrumb\"},\"inLanguage\":\"pt-PT\",\"potentialAction\":[{\"@type\":\"ReadAction\",\"target\":[\"https:\/\/essenled.com\/product\/tunable-white-cob-led-strip-24v-2700k-6500k\/\"]}]},{\"@type\":\"ImageObject\",\"inLanguage\":\"pt-PT\",\"@id\":\"https:\/\/essenled.com\/product\/tunable-white-cob-led-strip-24v-2700k-6500k\/#primaryimage\",\"url\":\"https:\/\/essenled.com\/wp-content\/uploads\/2024\/02\/Tunable-White-576leds-24V-COB-LED-Strip.webp\",\"contentUrl\":\"https:\/\/essenled.com\/wp-content\/uploads\/2024\/02\/Tunable-White-576leds-24V-COB-LED-Strip.webp\",\"width\":1000,\"height\":1000,\"caption\":\"Tunable White 576leds 24V COB LED Strip\"},{\"@type\":\"BreadcrumbList\",\"@id\":\"https:\/\/essenled.com\/product\/tunable-white-cob-led-strip-24v-2700k-6500k\/#breadcrumb\",\"itemListElement\":[{\"@type\":\"ListItem\",\"position\":1,\"name\":\"Home\",\"item\":\"https:\/\/essenled.com\/\"},{\"@type\":\"ListItem\",\"position\":2,\"name\":\"Product\",\"item\":\"https:\/\/essenled.com\/fr\/product\/\"},{\"@type\":\"ListItem\",\"position\":3,\"name\":\"Tunable White COB LED Strip 24V 2700K-6500K\"}]},{\"@type\":\"WebSite\",\"@id\":\"https:\/\/essenled.com\/#website\",\"url\":\"https:\/\/essenled.com\/\",\"name\":\"ESSENLED\",\"description\":\"\",\"publisher\":{\"@id\":\"https:\/\/essenled.com\/#organization\"},\"potentialAction\":[{\"@type\":\"SearchAction\",\"target\":{\"@type\":\"EntryPoint\",\"urlTemplate\":\"https:\/\/essenled.com\/?s={search_term_string}\"},\"query-input\":{\"@type\":\"PropertyValueSpecification\",\"valueRequired\":true,\"valueName\":\"search_term_string\"}}],\"inLanguage\":\"pt-PT\"},{\"@type\":\"Organization\",\"@id\":\"https:\/\/essenled.com\/#organization\",\"name\":\"ESSENLED\",\"url\":\"https:\/\/essenled.com\/\",\"logo\":{\"@type\":\"ImageObject\",\"inLanguage\":\"pt-PT\",\"@id\":\"https:\/\/essenled.com\/#\/schema\/logo\/image\/\",\"url\":\"https:\/\/essenled.com\/wp-content\/uploads\/2024\/01\/Essen-logo.png\",\"contentUrl\":\"https:\/\/essenled.com\/wp-content\/uploads\/2024\/01\/Essen-logo.png\",\"width\":800,\"height\":110,\"caption\":\"ESSENLED\"},\"image\":{\"@id\":\"https:\/\/essenled.com\/#\/schema\/logo\/image\/\"}}]}<\/script>\n<!-- \/ Yoast SEO Premium plugin. -->","yoast_head_json":{"title":"Fita LED COB branca sintoniz\u00e1vel 24V 2700K-6500K - ESSENLED","description":"A fita COB LED branca sintoniz\u00e1vel de 2700K a 6500K oferece tons quentes de 2700K para um ambiente acolhedor e branco frio de 6500K para uma ilumina\u00e7\u00e3o vibrante.","robots":{"index":"index","follow":"follow","max-snippet":"max-snippet:-1","max-image-preview":"max-image-preview:large","max-video-preview":"max-video-preview:-1"},"canonical":"https:\/\/essenled.com\/pt\/produto\/tunable-white-cob-led-strip-24v-2700k-6500k\/","og_locale":"pt_PT","og_type":"article","og_title":"Tunable White COB LED Strip 24V 2700K-6500K","og_description":"The tunable white COB LED strip 2700K to 6500K, offers warm tones of 2700K for a cozy ambience and cool white of 6500K for vibrant lighting.","og_url":"https:\/\/essenled.com\/pt\/produto\/tunable-white-cob-led-strip-24v-2700k-6500k\/","og_site_name":"ESSENLED","article_modified_time":"2024-06-01T01:47:23+00:00","og_image":[{"width":1000,"height":1000,"url":"https:\/\/essenled.com\/wp-content\/uploads\/2024\/02\/Tunable-White-576leds-24V-COB-LED-Strip.webp","type":"image\/webp"}],"twitter_card":"summary_large_image","twitter_misc":{"Tempo estimado de leitura":"1 minuto"},"schema":{"@context":"https:\/\/schema.org","@graph":[{"@type":"WebPage","@id":"https:\/\/essenled.com\/product\/tunable-white-cob-led-strip-24v-2700k-6500k\/","url":"https:\/\/essenled.com\/product\/tunable-white-cob-led-strip-24v-2700k-6500k\/","name":"Fita LED COB branca sintoniz\u00e1vel 24V 2700K-6500K - ESSENLED","isPartOf":{"@id":"https:\/\/essenled.com\/#website"},"primaryImageOfPage":{"@id":"https:\/\/essenled.com\/product\/tunable-white-cob-led-strip-24v-2700k-6500k\/#primaryimage"},"image":{"@id":"https:\/\/essenled.com\/product\/tunable-white-cob-led-strip-24v-2700k-6500k\/#primaryimage"},"thumbnailUrl":"https:\/\/essenled.com\/wp-content\/uploads\/2024\/02\/Tunable-White-576leds-24V-COB-LED-Strip.webp","datePublished":"2024-02-10T02:38:28+00:00","dateModified":"2024-06-01T01:47:23+00:00","description":"A fita COB LED branca sintoniz\u00e1vel de 2700K a 6500K oferece tons quentes de 2700K para um ambiente acolhedor e branco frio de 6500K para uma ilumina\u00e7\u00e3o vibrante.","breadcrumb":{"@id":"https:\/\/essenled.com\/product\/tunable-white-cob-led-strip-24v-2700k-6500k\/#breadcrumb"},"inLanguage":"pt-PT","potentialAction":[{"@type":"ReadAction","target":["https:\/\/essenled.com\/product\/tunable-white-cob-led-strip-24v-2700k-6500k\/"]}]},{"@type":"ImageObject","inLanguage":"pt-PT","@id":"https:\/\/essenled.com\/product\/tunable-white-cob-led-strip-24v-2700k-6500k\/#primaryimage","url":"https:\/\/essenled.com\/wp-content\/uploads\/2024\/02\/Tunable-White-576leds-24V-COB-LED-Strip.webp","contentUrl":"https:\/\/essenled.com\/wp-content\/uploads\/2024\/02\/Tunable-White-576leds-24V-COB-LED-Strip.webp","width":1000,"height":1000,"caption":"Tunable White 576leds 24V COB LED Strip"},{"@type":"BreadcrumbList","@id":"https:\/\/essenled.com\/product\/tunable-white-cob-led-strip-24v-2700k-6500k\/#breadcrumb","itemListElement":[{"@type":"ListItem","position":1,"name":"Home","item":"https:\/\/essenled.com\/"},{"@type":"ListItem","position":2,"name":"Product","item":"https:\/\/essenled.com\/fr\/product\/"},{"@type":"ListItem","position":3,"name":"Tunable White COB LED Strip 24V 2700K-6500K"}]},{"@type":"WebSite","@id":"https:\/\/essenled.com\/#website","url":"https:\/\/essenled.com\/","name":"ESSENLED","description":"","publisher":{"@id":"https:\/\/essenled.com\/#organization"},"potentialAction":[{"@type":"SearchAction","target":{"@type":"EntryPoint","urlTemplate":"https:\/\/essenled.com\/?s={search_term_string}"},"query-input":{"@type":"PropertyValueSpecification","valueRequired":true,"valueName":"search_term_string"}}],"inLanguage":"pt-PT"},{"@type":"Organization","@id":"https:\/\/essenled.com\/#organization","name":"ESSENLED","url":"https:\/\/essenled.com\/","logo":{"@type":"ImageObject","inLanguage":"pt-PT","@id":"https:\/\/essenled.com\/#\/schema\/logo\/image\/","url":"https:\/\/essenled.com\/wp-content\/uploads\/2024\/01\/Essen-logo.png","contentUrl":"https:\/\/essenled.com\/wp-content\/uploads\/2024\/01\/Essen-logo.png","width":800,"height":110,"caption":"ESSENLED"},"image":{"@id":"https:\/\/essenled.com\/#\/schema\/logo\/image\/"}}]}},"_links":{"self":[{"href":"https:\/\/essenled.com\/pt\/wp-json\/wp\/v2\/product\/697","targetHints":{"allow":["GET"]}}],"collection":[{"href":"https:\/\/essenled.com\/pt\/wp-json\/wp\/v2\/product"}],"about":[{"href":"https:\/\/essenled.com\/pt\/wp-json\/wp\/v2\/types\/product"}],"version-history":[{"count":5,"href":"https:\/\/essenled.com\/pt\/wp-json\/wp\/v2\/product\/697\/revisions"}],"predecessor-version":[{"id":2023,"href":"https:\/\/essenled.com\/pt\/wp-json\/wp\/v2\/product\/697\/revisions\/2023"}],"wp:featuredmedia":[{"embeddable":true,"href":"https:\/\/essenled.com\/pt\/wp-json\/wp\/v2\/media\/2130"}],"wp:attachment":[{"href":"https:\/\/essenled.com\/pt\/wp-json\/wp\/v2\/media?parent=697"}],"wp:term":[{"taxonomy":"product_brand","embeddable":true,"href":"https:\/\/essenled.com\/pt\/wp-json\/wp\/v2\/product_brand?post=697"},{"taxonomy":"product_cat","embeddable":true,"href":"https:\/\/essenled.com\/pt\/wp-json\/wp\/v2\/product_cat?post=697"},{"taxonomy":"product_tag","embeddable":true,"href":"https:\/\/essenled.com\/pt\/wp-json\/wp\/v2\/product_tag?post=697"}],"curies":[{"name":"wp","href":"https:\/\/api.w.org\/{rel}","templated":true}]}}