{"id":1778,"date":"2024-03-05T06:20:31","date_gmt":"2024-03-05T06:20:31","guid":{"rendered":"https:\/\/essenled.com\/?post_type=product&#038;p=1778"},"modified":"2024-03-05T09:31:28","modified_gmt":"2024-03-05T09:31:28","slug":"universal-led-aluminum-profile","status":"publish","type":"product","link":"https:\/\/essenled.com\/pt\/produto\/universal-led-aluminum-profile\/","title":{"rendered":"Perfil de alum\u00ednio LED universal"},"content":{"rendered":"","protected":false},"excerpt":{"rendered":"<p>Esta \u00e9 uma s\u00e9rie universal de perfis de alum\u00ednio LED, incluindo uma variedade de perfis de alum\u00ednio LED padr\u00e3o e de grande venda. \u00c9 altamente vers\u00e1til e pode ser usado para proteger LEDs e tamb\u00e9m pode ser usado como l\u00e2mpadas. Tem um design ultrafino e \u00e9 f\u00e1cil de integrar em locais com pouco espa\u00e7o dispon\u00edvel.<\/p>\n<p>Perfil do LED:  6063-T5, prateado<\/p>\n<p>Capa para PC:  Opala, Difusa, Transparente<\/p>\n<p>Acess\u00f3rios:  Clipe de montagem, suportes<\/p>\n<p>Comprimento: 1m\/pe\u00e7as, 2m\/pe\u00e7as, 3m\/pe\u00e7as; outros comprimentos podem ser personalizados<\/p>\n<p><span style=\"color: #ff0000;\">NOTA: Dispon\u00edvel em branco e preto.<\/span><\/p>","protected":false},"featured_media":1795,"template":"","meta":{"_kad_post_transparent":"default","_kad_post_title":"","_kad_post_layout":"default","_kad_post_sidebar_id":"","_kad_post_content_style":"default","_kad_post_vertical_padding":"default","_kad_post_feature":"","_kad_post_feature_position":"","_kad_post_header":false,"_kad_post_footer":false,"_kad_post_classname":""},"product_brand":[],"product_cat":[60,73],"product_tag":[701,704,705,703,702],"class_list":{"0":"post-1778","1":"product","2":"type-product","3":"status-publish","4":"has-post-thumbnail","6":"product_cat-led-profile","7":"product_cat-universal-series","8":"product_tag-aluminum-channels-for-led-light-strips","9":"product_tag-aluminum-channels-for-led-strip-lights","10":"product_tag-aluminum-led-strip-channels","11":"product_tag-led-aluminum-profiles-channels-extrusions","12":"product_tag-led-led-aluminum-channel-with-cover","14":"first","15":"instock","16":"shipping-taxable","17":"product-type-simple","18":"entry","19":"content-bg","20":"loop-entry"},"yoast_head":"<!-- This site is optimized with the Yoast SEO Premium plugin v24.3 (Yoast SEO v26.7) - https:\/\/yoast.com\/wordpress\/plugins\/seo\/ -->\n<title>Universal LED Aluminum Profile - ESSENLED<\/title>\n<meta name=\"description\" content=\"This is a universal LED aluminum profile series that contains many hot-selling and regular LED aluminum profiles, that support customs length.\" \/>\n<meta name=\"robots\" content=\"index, follow, max-snippet:-1, max-image-preview:large, max-video-preview:-1\" \/>\n<link rel=\"canonical\" href=\"https:\/\/essenled.com\/pt\/produto\/universal-led-aluminum-profile\/\" \/>\n<meta property=\"og:locale\" content=\"pt_PT\" \/>\n<meta property=\"og:type\" content=\"article\" \/>\n<meta property=\"og:title\" content=\"Universal LED Aluminum Profile\" \/>\n<meta property=\"og:description\" content=\"This is a universal LED aluminum profile series that contains many hot-selling and regular LED aluminum profiles, that support customs length.\" \/>\n<meta property=\"og:url\" content=\"https:\/\/essenled.com\/pt\/produto\/universal-led-aluminum-profile\/\" \/>\n<meta property=\"og:site_name\" content=\"ESSENLED\" \/>\n<meta property=\"article:modified_time\" content=\"2024-03-05T09:31:28+00:00\" \/>\n<meta property=\"og:image\" content=\"https:\/\/essenled.com\/wp-content\/uploads\/2024\/03\/Surface-Mount-LED-Profiles-ES-1707W.webp\" \/>\n\t<meta property=\"og:image:width\" content=\"800\" \/>\n\t<meta property=\"og:image:height\" content=\"800\" \/>\n\t<meta property=\"og:image:type\" content=\"image\/webp\" \/>\n<meta name=\"twitter:card\" content=\"summary_large_image\" \/>\n<meta name=\"twitter:label1\" content=\"Tempo estimado de leitura\" \/>\n\t<meta name=\"twitter:data1\" content=\"1 minuto\" \/>\n<script type=\"application\/ld+json\" class=\"yoast-schema-graph\">{\"@context\":\"https:\/\/schema.org\",\"@graph\":[{\"@type\":\"WebPage\",\"@id\":\"https:\/\/essenled.com\/product\/universal-led-aluminum-profile\/\",\"url\":\"https:\/\/essenled.com\/product\/universal-led-aluminum-profile\/\",\"name\":\"Universal LED Aluminum Profile - ESSENLED\",\"isPartOf\":{\"@id\":\"https:\/\/essenled.com\/#website\"},\"primaryImageOfPage\":{\"@id\":\"https:\/\/essenled.com\/product\/universal-led-aluminum-profile\/#primaryimage\"},\"image\":{\"@id\":\"https:\/\/essenled.com\/product\/universal-led-aluminum-profile\/#primaryimage\"},\"thumbnailUrl\":\"https:\/\/essenled.com\/wp-content\/uploads\/2024\/03\/Surface-Mount-LED-Profiles-ES-1707W.webp\",\"datePublished\":\"2024-03-05T06:20:31+00:00\",\"dateModified\":\"2024-03-05T09:31:28+00:00\",\"description\":\"This is a universal LED aluminum profile series that contains many hot-selling and regular LED aluminum profiles, that support customs length.\",\"breadcrumb\":{\"@id\":\"https:\/\/essenled.com\/product\/universal-led-aluminum-profile\/#breadcrumb\"},\"inLanguage\":\"pt-PT\",\"potentialAction\":[{\"@type\":\"ReadAction\",\"target\":[\"https:\/\/essenled.com\/product\/universal-led-aluminum-profile\/\"]}]},{\"@type\":\"ImageObject\",\"inLanguage\":\"pt-PT\",\"@id\":\"https:\/\/essenled.com\/product\/universal-led-aluminum-profile\/#primaryimage\",\"url\":\"https:\/\/essenled.com\/wp-content\/uploads\/2024\/03\/Surface-Mount-LED-Profiles-ES-1707W.webp\",\"contentUrl\":\"https:\/\/essenled.com\/wp-content\/uploads\/2024\/03\/Surface-Mount-LED-Profiles-ES-1707W.webp\",\"width\":800,\"height\":800},{\"@type\":\"BreadcrumbList\",\"@id\":\"https:\/\/essenled.com\/product\/universal-led-aluminum-profile\/#breadcrumb\",\"itemListElement\":[{\"@type\":\"ListItem\",\"position\":1,\"name\":\"Home\",\"item\":\"https:\/\/essenled.com\/\"},{\"@type\":\"ListItem\",\"position\":2,\"name\":\"Product\",\"item\":\"https:\/\/essenled.com\/fr\/product\/\"},{\"@type\":\"ListItem\",\"position\":3,\"name\":\"Universal LED Aluminum Profile\"}]},{\"@type\":\"WebSite\",\"@id\":\"https:\/\/essenled.com\/#website\",\"url\":\"https:\/\/essenled.com\/\",\"name\":\"ESSENLED\",\"description\":\"\",\"publisher\":{\"@id\":\"https:\/\/essenled.com\/#organization\"},\"potentialAction\":[{\"@type\":\"SearchAction\",\"target\":{\"@type\":\"EntryPoint\",\"urlTemplate\":\"https:\/\/essenled.com\/?s={search_term_string}\"},\"query-input\":{\"@type\":\"PropertyValueSpecification\",\"valueRequired\":true,\"valueName\":\"search_term_string\"}}],\"inLanguage\":\"pt-PT\"},{\"@type\":\"Organization\",\"@id\":\"https:\/\/essenled.com\/#organization\",\"name\":\"ESSENLED\",\"url\":\"https:\/\/essenled.com\/\",\"logo\":{\"@type\":\"ImageObject\",\"inLanguage\":\"pt-PT\",\"@id\":\"https:\/\/essenled.com\/#\/schema\/logo\/image\/\",\"url\":\"https:\/\/essenled.com\/wp-content\/uploads\/2024\/01\/Essen-logo.png\",\"contentUrl\":\"https:\/\/essenled.com\/wp-content\/uploads\/2024\/01\/Essen-logo.png\",\"width\":800,\"height\":110,\"caption\":\"ESSENLED\"},\"image\":{\"@id\":\"https:\/\/essenled.com\/#\/schema\/logo\/image\/\"}}]}<\/script>\n<!-- \/ Yoast SEO Premium plugin. -->","yoast_head_json":{"title":"Perfil de alum\u00ednio LED universal - ESSENLED","description":"Esta \u00e9 uma s\u00e9rie de perfis de alum\u00ednio LED universal que cont\u00e9m muitos perfis de alum\u00ednio LED regulares e de grande venda, que suportam o comprimento aduaneiro.","robots":{"index":"index","follow":"follow","max-snippet":"max-snippet:-1","max-image-preview":"max-image-preview:large","max-video-preview":"max-video-preview:-1"},"canonical":"https:\/\/essenled.com\/pt\/produto\/universal-led-aluminum-profile\/","og_locale":"pt_PT","og_type":"article","og_title":"Universal LED Aluminum Profile","og_description":"This is a universal LED aluminum profile series that contains many hot-selling and regular LED aluminum profiles, that support customs length.","og_url":"https:\/\/essenled.com\/pt\/produto\/universal-led-aluminum-profile\/","og_site_name":"ESSENLED","article_modified_time":"2024-03-05T09:31:28+00:00","og_image":[{"width":800,"height":800,"url":"https:\/\/essenled.com\/wp-content\/uploads\/2024\/03\/Surface-Mount-LED-Profiles-ES-1707W.webp","type":"image\/webp"}],"twitter_card":"summary_large_image","twitter_misc":{"Tempo estimado de leitura":"1 minuto"},"schema":{"@context":"https:\/\/schema.org","@graph":[{"@type":"WebPage","@id":"https:\/\/essenled.com\/product\/universal-led-aluminum-profile\/","url":"https:\/\/essenled.com\/product\/universal-led-aluminum-profile\/","name":"Perfil de alum\u00ednio LED universal - ESSENLED","isPartOf":{"@id":"https:\/\/essenled.com\/#website"},"primaryImageOfPage":{"@id":"https:\/\/essenled.com\/product\/universal-led-aluminum-profile\/#primaryimage"},"image":{"@id":"https:\/\/essenled.com\/product\/universal-led-aluminum-profile\/#primaryimage"},"thumbnailUrl":"https:\/\/essenled.com\/wp-content\/uploads\/2024\/03\/Surface-Mount-LED-Profiles-ES-1707W.webp","datePublished":"2024-03-05T06:20:31+00:00","dateModified":"2024-03-05T09:31:28+00:00","description":"Esta \u00e9 uma s\u00e9rie de perfis de alum\u00ednio LED universal que cont\u00e9m muitos perfis de alum\u00ednio LED regulares e de grande venda, que suportam o comprimento aduaneiro.","breadcrumb":{"@id":"https:\/\/essenled.com\/product\/universal-led-aluminum-profile\/#breadcrumb"},"inLanguage":"pt-PT","potentialAction":[{"@type":"ReadAction","target":["https:\/\/essenled.com\/product\/universal-led-aluminum-profile\/"]}]},{"@type":"ImageObject","inLanguage":"pt-PT","@id":"https:\/\/essenled.com\/product\/universal-led-aluminum-profile\/#primaryimage","url":"https:\/\/essenled.com\/wp-content\/uploads\/2024\/03\/Surface-Mount-LED-Profiles-ES-1707W.webp","contentUrl":"https:\/\/essenled.com\/wp-content\/uploads\/2024\/03\/Surface-Mount-LED-Profiles-ES-1707W.webp","width":800,"height":800},{"@type":"BreadcrumbList","@id":"https:\/\/essenled.com\/product\/universal-led-aluminum-profile\/#breadcrumb","itemListElement":[{"@type":"ListItem","position":1,"name":"Home","item":"https:\/\/essenled.com\/"},{"@type":"ListItem","position":2,"name":"Product","item":"https:\/\/essenled.com\/fr\/product\/"},{"@type":"ListItem","position":3,"name":"Universal LED Aluminum Profile"}]},{"@type":"WebSite","@id":"https:\/\/essenled.com\/#website","url":"https:\/\/essenled.com\/","name":"ESSENLED","description":"","publisher":{"@id":"https:\/\/essenled.com\/#organization"},"potentialAction":[{"@type":"SearchAction","target":{"@type":"EntryPoint","urlTemplate":"https:\/\/essenled.com\/?s={search_term_string}"},"query-input":{"@type":"PropertyValueSpecification","valueRequired":true,"valueName":"search_term_string"}}],"inLanguage":"pt-PT"},{"@type":"Organization","@id":"https:\/\/essenled.com\/#organization","name":"ESSENLED","url":"https:\/\/essenled.com\/","logo":{"@type":"ImageObject","inLanguage":"pt-PT","@id":"https:\/\/essenled.com\/#\/schema\/logo\/image\/","url":"https:\/\/essenled.com\/wp-content\/uploads\/2024\/01\/Essen-logo.png","contentUrl":"https:\/\/essenled.com\/wp-content\/uploads\/2024\/01\/Essen-logo.png","width":800,"height":110,"caption":"ESSENLED"},"image":{"@id":"https:\/\/essenled.com\/#\/schema\/logo\/image\/"}}]}},"_links":{"self":[{"href":"https:\/\/essenled.com\/pt\/wp-json\/wp\/v2\/product\/1778","targetHints":{"allow":["GET"]}}],"collection":[{"href":"https:\/\/essenled.com\/pt\/wp-json\/wp\/v2\/product"}],"about":[{"href":"https:\/\/essenled.com\/pt\/wp-json\/wp\/v2\/types\/product"}],"version-history":[{"count":3,"href":"https:\/\/essenled.com\/pt\/wp-json\/wp\/v2\/product\/1778\/revisions"}],"predecessor-version":[{"id":1799,"href":"https:\/\/essenled.com\/pt\/wp-json\/wp\/v2\/product\/1778\/revisions\/1799"}],"wp:featuredmedia":[{"embeddable":true,"href":"https:\/\/essenled.com\/pt\/wp-json\/wp\/v2\/media\/1795"}],"wp:attachment":[{"href":"https:\/\/essenled.com\/pt\/wp-json\/wp\/v2\/media?parent=1778"}],"wp:term":[{"taxonomy":"product_brand","embeddable":true,"href":"https:\/\/essenled.com\/pt\/wp-json\/wp\/v2\/product_brand?post=1778"},{"taxonomy":"product_cat","embeddable":true,"href":"https:\/\/essenled.com\/pt\/wp-json\/wp\/v2\/product_cat?post=1778"},{"taxonomy":"product_tag","embeddable":true,"href":"https:\/\/essenled.com\/pt\/wp-json\/wp\/v2\/product_tag?post=1778"}],"curies":[{"name":"wp","href":"https:\/\/api.w.org\/{rel}","templated":true}]}}