{"id":1673,"date":"2024-03-04T06:04:50","date_gmt":"2024-03-04T06:04:50","guid":{"rendered":"https:\/\/essenled.com\/?post_type=product&#038;p=1673"},"modified":"2024-03-04T06:57:16","modified_gmt":"2024-03-04T06:57:16","slug":"meanwell-ip20-led-driver-lrs-series","status":"publish","type":"product","link":"https:\/\/essenled.com\/pt\/produto\/meanwell-ip20-led-driver-lrs-series\/","title":{"rendered":"Driver LED Meanwell IP20 - S\u00e9rie LRS"},"content":{"rendered":"","protected":false},"excerpt":{"rendered":"<p>Nome da marca:  Meanwell<\/p>\n<p>N\u00famero do modelo:  LRS-24V<\/p>\n<p>Tens\u00e3o de entrada: 100-240V<\/p>\n<p>Tens\u00e3o de sa\u00edda: 12V\/24V<\/p>\n<p>Pot\u00eancia de sa\u00edda: 35W - 350W<\/p>\n<p>Garantia\uff1a3 anos<\/p>\n<p><span style=\"color: #ff0000;\">Nota: Este controlador LED da s\u00e9rie LRS n\u00e3o \u00e9 \u00e0 prova de \u00e1gua e \u00e9 utilizado principalmente em interiores.<\/span><\/p>","protected":false},"featured_media":1678,"template":"","meta":{"_kad_post_transparent":"default","_kad_post_title":"","_kad_post_layout":"default","_kad_post_sidebar_id":"","_kad_post_content_style":"default","_kad_post_vertical_padding":"default","_kad_post_feature":"","_kad_post_feature_position":"","_kad_post_header":false,"_kad_post_footer":false,"_kad_post_classname":""},"product_brand":[],"product_cat":[66,67],"product_tag":[684,685,682,683,681],"class_list":{"0":"post-1673","1":"product","2":"type-product","3":"status-publish","4":"has-post-thumbnail","6":"product_cat-accessories","7":"product_cat-led-driver","8":"product_tag-lrs-led-driver-meanwell","9":"product_tag-meanwell-lrs-24v-12v-switching-power-supply","10":"product_tag-meanwell-lrs-power-supply-150w-200w-350w","11":"product_tag-meanwell-lrs-power-supply-ip20","12":"product_tag-meanwell-lrs-power-supply-led-strip","14":"first","15":"instock","16":"shipping-taxable","17":"product-type-simple","18":"entry","19":"content-bg","20":"loop-entry"},"yoast_head":"<!-- This site is optimized with the Yoast SEO Premium plugin v24.3 (Yoast SEO v26.7) - https:\/\/yoast.com\/wordpress\/plugins\/seo\/ -->\n<title>Meanwell IP20 LED Driver - LRS Series - ESSENLED<\/title>\n<meta name=\"description\" content=\"Meanwell LRS driver series is IP20 non-waterproof LED power supply, 35W-350W optional, it is not waterproof and is mainly used indoors.\" \/>\n<meta name=\"robots\" content=\"index, follow, max-snippet:-1, max-image-preview:large, max-video-preview:-1\" \/>\n<link rel=\"canonical\" href=\"https:\/\/essenled.com\/pt\/produto\/meanwell-ip20-led-driver-lrs-series\/\" \/>\n<meta property=\"og:locale\" content=\"pt_PT\" \/>\n<meta property=\"og:type\" content=\"article\" \/>\n<meta property=\"og:title\" content=\"Meanwell IP20 LED Driver - LRS Series\" \/>\n<meta property=\"og:description\" content=\"Meanwell LRS driver series is IP20 non-waterproof LED power supply, 35W-350W optional, it is not waterproof and is mainly used indoors.\" \/>\n<meta property=\"og:url\" content=\"https:\/\/essenled.com\/pt\/produto\/meanwell-ip20-led-driver-lrs-series\/\" \/>\n<meta property=\"og:site_name\" content=\"ESSENLED\" \/>\n<meta property=\"article:modified_time\" content=\"2024-03-04T06:57:16+00:00\" \/>\n<meta property=\"og:image\" content=\"https:\/\/essenled.com\/wp-content\/uploads\/2024\/03\/MEANWELL-LRS-Power-Supply.webp\" \/>\n\t<meta property=\"og:image:width\" content=\"800\" \/>\n\t<meta property=\"og:image:height\" content=\"800\" \/>\n\t<meta property=\"og:image:type\" content=\"image\/webp\" \/>\n<meta name=\"twitter:card\" content=\"summary_large_image\" \/>\n<meta name=\"twitter:label1\" content=\"Tempo estimado de leitura\" \/>\n\t<meta name=\"twitter:data1\" content=\"1 minuto\" \/>\n<script type=\"application\/ld+json\" class=\"yoast-schema-graph\">{\"@context\":\"https:\/\/schema.org\",\"@graph\":[{\"@type\":\"WebPage\",\"@id\":\"https:\/\/essenled.com\/product\/meanwell-ip20-led-driver-lrs-series\/\",\"url\":\"https:\/\/essenled.com\/product\/meanwell-ip20-led-driver-lrs-series\/\",\"name\":\"Meanwell IP20 LED Driver - LRS Series - ESSENLED\",\"isPartOf\":{\"@id\":\"https:\/\/essenled.com\/#website\"},\"primaryImageOfPage\":{\"@id\":\"https:\/\/essenled.com\/product\/meanwell-ip20-led-driver-lrs-series\/#primaryimage\"},\"image\":{\"@id\":\"https:\/\/essenled.com\/product\/meanwell-ip20-led-driver-lrs-series\/#primaryimage\"},\"thumbnailUrl\":\"https:\/\/essenled.com\/wp-content\/uploads\/2024\/03\/MEANWELL-LRS-Power-Supply.webp\",\"datePublished\":\"2024-03-04T06:04:50+00:00\",\"dateModified\":\"2024-03-04T06:57:16+00:00\",\"description\":\"Meanwell LRS driver series is IP20 non-waterproof LED power supply, 35W-350W optional, it is not waterproof and is mainly used indoors.\",\"breadcrumb\":{\"@id\":\"https:\/\/essenled.com\/product\/meanwell-ip20-led-driver-lrs-series\/#breadcrumb\"},\"inLanguage\":\"pt-PT\",\"potentialAction\":[{\"@type\":\"ReadAction\",\"target\":[\"https:\/\/essenled.com\/product\/meanwell-ip20-led-driver-lrs-series\/\"]}]},{\"@type\":\"ImageObject\",\"inLanguage\":\"pt-PT\",\"@id\":\"https:\/\/essenled.com\/product\/meanwell-ip20-led-driver-lrs-series\/#primaryimage\",\"url\":\"https:\/\/essenled.com\/wp-content\/uploads\/2024\/03\/MEANWELL-LRS-Power-Supply.webp\",\"contentUrl\":\"https:\/\/essenled.com\/wp-content\/uploads\/2024\/03\/MEANWELL-LRS-Power-Supply.webp\",\"width\":800,\"height\":800,\"caption\":\"MEANWELL LRS Power Supply\"},{\"@type\":\"BreadcrumbList\",\"@id\":\"https:\/\/essenled.com\/product\/meanwell-ip20-led-driver-lrs-series\/#breadcrumb\",\"itemListElement\":[{\"@type\":\"ListItem\",\"position\":1,\"name\":\"Home\",\"item\":\"https:\/\/essenled.com\/\"},{\"@type\":\"ListItem\",\"position\":2,\"name\":\"Product\",\"item\":\"https:\/\/essenled.com\/fr\/product\/\"},{\"@type\":\"ListItem\",\"position\":3,\"name\":\"Meanwell IP20 LED Driver &#8211; LRS Series\"}]},{\"@type\":\"WebSite\",\"@id\":\"https:\/\/essenled.com\/#website\",\"url\":\"https:\/\/essenled.com\/\",\"name\":\"ESSENLED\",\"description\":\"\",\"publisher\":{\"@id\":\"https:\/\/essenled.com\/#organization\"},\"potentialAction\":[{\"@type\":\"SearchAction\",\"target\":{\"@type\":\"EntryPoint\",\"urlTemplate\":\"https:\/\/essenled.com\/?s={search_term_string}\"},\"query-input\":{\"@type\":\"PropertyValueSpecification\",\"valueRequired\":true,\"valueName\":\"search_term_string\"}}],\"inLanguage\":\"pt-PT\"},{\"@type\":\"Organization\",\"@id\":\"https:\/\/essenled.com\/#organization\",\"name\":\"ESSENLED\",\"url\":\"https:\/\/essenled.com\/\",\"logo\":{\"@type\":\"ImageObject\",\"inLanguage\":\"pt-PT\",\"@id\":\"https:\/\/essenled.com\/#\/schema\/logo\/image\/\",\"url\":\"https:\/\/essenled.com\/wp-content\/uploads\/2024\/01\/Essen-logo.png\",\"contentUrl\":\"https:\/\/essenled.com\/wp-content\/uploads\/2024\/01\/Essen-logo.png\",\"width\":800,\"height\":110,\"caption\":\"ESSENLED\"},\"image\":{\"@id\":\"https:\/\/essenled.com\/#\/schema\/logo\/image\/\"}}]}<\/script>\n<!-- \/ Yoast SEO Premium plugin. -->","yoast_head_json":{"title":"Driver LED Meanwell IP20 - S\u00e9rie LRS - ESSENLED","description":"A s\u00e9rie de drivers Meanwell LRS \u00e9 uma fonte de alimenta\u00e7\u00e3o LED IP20 n\u00e3o imperme\u00e1vel, 35W-350W opcional, n\u00e3o \u00e9 \u00e0 prova de \u00e1gua e \u00e9 utilizada principalmente em interiores.","robots":{"index":"index","follow":"follow","max-snippet":"max-snippet:-1","max-image-preview":"max-image-preview:large","max-video-preview":"max-video-preview:-1"},"canonical":"https:\/\/essenled.com\/pt\/produto\/meanwell-ip20-led-driver-lrs-series\/","og_locale":"pt_PT","og_type":"article","og_title":"Meanwell IP20 LED Driver - LRS Series","og_description":"Meanwell LRS driver series is IP20 non-waterproof LED power supply, 35W-350W optional, it is not waterproof and is mainly used indoors.","og_url":"https:\/\/essenled.com\/pt\/produto\/meanwell-ip20-led-driver-lrs-series\/","og_site_name":"ESSENLED","article_modified_time":"2024-03-04T06:57:16+00:00","og_image":[{"width":800,"height":800,"url":"https:\/\/essenled.com\/wp-content\/uploads\/2024\/03\/MEANWELL-LRS-Power-Supply.webp","type":"image\/webp"}],"twitter_card":"summary_large_image","twitter_misc":{"Tempo estimado de leitura":"1 minuto"},"schema":{"@context":"https:\/\/schema.org","@graph":[{"@type":"WebPage","@id":"https:\/\/essenled.com\/product\/meanwell-ip20-led-driver-lrs-series\/","url":"https:\/\/essenled.com\/product\/meanwell-ip20-led-driver-lrs-series\/","name":"Driver LED Meanwell IP20 - S\u00e9rie LRS - ESSENLED","isPartOf":{"@id":"https:\/\/essenled.com\/#website"},"primaryImageOfPage":{"@id":"https:\/\/essenled.com\/product\/meanwell-ip20-led-driver-lrs-series\/#primaryimage"},"image":{"@id":"https:\/\/essenled.com\/product\/meanwell-ip20-led-driver-lrs-series\/#primaryimage"},"thumbnailUrl":"https:\/\/essenled.com\/wp-content\/uploads\/2024\/03\/MEANWELL-LRS-Power-Supply.webp","datePublished":"2024-03-04T06:04:50+00:00","dateModified":"2024-03-04T06:57:16+00:00","description":"A s\u00e9rie de drivers Meanwell LRS \u00e9 uma fonte de alimenta\u00e7\u00e3o LED IP20 n\u00e3o imperme\u00e1vel, 35W-350W opcional, n\u00e3o \u00e9 \u00e0 prova de \u00e1gua e \u00e9 utilizada principalmente em interiores.","breadcrumb":{"@id":"https:\/\/essenled.com\/product\/meanwell-ip20-led-driver-lrs-series\/#breadcrumb"},"inLanguage":"pt-PT","potentialAction":[{"@type":"ReadAction","target":["https:\/\/essenled.com\/product\/meanwell-ip20-led-driver-lrs-series\/"]}]},{"@type":"ImageObject","inLanguage":"pt-PT","@id":"https:\/\/essenled.com\/product\/meanwell-ip20-led-driver-lrs-series\/#primaryimage","url":"https:\/\/essenled.com\/wp-content\/uploads\/2024\/03\/MEANWELL-LRS-Power-Supply.webp","contentUrl":"https:\/\/essenled.com\/wp-content\/uploads\/2024\/03\/MEANWELL-LRS-Power-Supply.webp","width":800,"height":800,"caption":"MEANWELL LRS Power Supply"},{"@type":"BreadcrumbList","@id":"https:\/\/essenled.com\/product\/meanwell-ip20-led-driver-lrs-series\/#breadcrumb","itemListElement":[{"@type":"ListItem","position":1,"name":"Home","item":"https:\/\/essenled.com\/"},{"@type":"ListItem","position":2,"name":"Product","item":"https:\/\/essenled.com\/fr\/product\/"},{"@type":"ListItem","position":3,"name":"Meanwell IP20 LED Driver &#8211; LRS Series"}]},{"@type":"WebSite","@id":"https:\/\/essenled.com\/#website","url":"https:\/\/essenled.com\/","name":"ESSENLED","description":"","publisher":{"@id":"https:\/\/essenled.com\/#organization"},"potentialAction":[{"@type":"SearchAction","target":{"@type":"EntryPoint","urlTemplate":"https:\/\/essenled.com\/?s={search_term_string}"},"query-input":{"@type":"PropertyValueSpecification","valueRequired":true,"valueName":"search_term_string"}}],"inLanguage":"pt-PT"},{"@type":"Organization","@id":"https:\/\/essenled.com\/#organization","name":"ESSENLED","url":"https:\/\/essenled.com\/","logo":{"@type":"ImageObject","inLanguage":"pt-PT","@id":"https:\/\/essenled.com\/#\/schema\/logo\/image\/","url":"https:\/\/essenled.com\/wp-content\/uploads\/2024\/01\/Essen-logo.png","contentUrl":"https:\/\/essenled.com\/wp-content\/uploads\/2024\/01\/Essen-logo.png","width":800,"height":110,"caption":"ESSENLED"},"image":{"@id":"https:\/\/essenled.com\/#\/schema\/logo\/image\/"}}]}},"_links":{"self":[{"href":"https:\/\/essenled.com\/pt\/wp-json\/wp\/v2\/product\/1673","targetHints":{"allow":["GET"]}}],"collection":[{"href":"https:\/\/essenled.com\/pt\/wp-json\/wp\/v2\/product"}],"about":[{"href":"https:\/\/essenled.com\/pt\/wp-json\/wp\/v2\/types\/product"}],"version-history":[{"count":5,"href":"https:\/\/essenled.com\/pt\/wp-json\/wp\/v2\/product\/1673\/revisions"}],"predecessor-version":[{"id":1687,"href":"https:\/\/essenled.com\/pt\/wp-json\/wp\/v2\/product\/1673\/revisions\/1687"}],"wp:featuredmedia":[{"embeddable":true,"href":"https:\/\/essenled.com\/pt\/wp-json\/wp\/v2\/media\/1678"}],"wp:attachment":[{"href":"https:\/\/essenled.com\/pt\/wp-json\/wp\/v2\/media?parent=1673"}],"wp:term":[{"taxonomy":"product_brand","embeddable":true,"href":"https:\/\/essenled.com\/pt\/wp-json\/wp\/v2\/product_brand?post=1673"},{"taxonomy":"product_cat","embeddable":true,"href":"https:\/\/essenled.com\/pt\/wp-json\/wp\/v2\/product_cat?post=1673"},{"taxonomy":"product_tag","embeddable":true,"href":"https:\/\/essenled.com\/pt\/wp-json\/wp\/v2\/product_tag?post=1673"}],"curies":[{"name":"wp","href":"https:\/\/api.w.org\/{rel}","templated":true}]}}