{"id":1595,"date":"2024-03-01T07:09:49","date_gmt":"2024-03-01T07:09:49","guid":{"rendered":"https:\/\/essenled.com\/?post_type=product&#038;p=1595"},"modified":"2024-03-01T07:09:50","modified_gmt":"2024-03-01T07:09:50","slug":"1225mm-side-view-ip67-led-silicone-neon-flex","status":"publish","type":"product","link":"https:\/\/essenled.com\/pt\/produto\/1225mm-side-view-ip67-led-silicone-neon-flex\/","title":{"rendered":"12*25mm Vista lateral IP67 LED Silicone Neon Flex - S1225"},"content":{"rendered":"","protected":false},"excerpt":{"rendered":"<p>12*25mm Vista lateral IP67 LED Silicone Neon Flex - S1225, dispon\u00edvel em cor \u00fanica\/branco regul\u00e1vel\/RGB\/RGBW. Este \u00e9 extrudido numa s\u00f3 pe\u00e7a, e a forma oval emite uma ilumina\u00e7\u00e3o muito especial.<\/p>\n<p>IP67 vista lateral LED neon flex S1225 \u00e9 5w\/m, 10w\/m, e 15w\/m. O n\u00edvel de prote\u00e7\u00e3o atinge IP67, o que \u00e9 muito adequado para utiliza\u00e7\u00e3o a longo prazo no exterior e n\u00e3o \u00e9 f\u00e1cil de ficar amarelo.<\/p>\n<p>Vista lateral IP67 \u00e0 prova de \u00e1gua 12*25mm LED Neon Flex. A transmiss\u00e3o de luz \u00e9 extremamente elevada, mantendo uma apar\u00eancia bonita e uma luz uniforme.<\/p>\n<p>Nossa vis\u00e3o lateral LED neon flex IP67 \u00e0 prova d'\u00e1gua S1225, adota um design de estrutura \u00f3tica \u00fanica; a luz \u00e9 mesmo sem quaisquer sombras. Ele pode ser usado para contorno, ilumina\u00e7\u00e3o decorativa interior e exterior, e outras cenas.<\/p>","protected":false},"featured_media":1601,"template":"","meta":{"_kad_post_transparent":"default","_kad_post_title":"","_kad_post_layout":"default","_kad_post_sidebar_id":"","_kad_post_content_style":"default","_kad_post_vertical_padding":"default","_kad_post_feature":"","_kad_post_feature_position":"","_kad_post_header":false,"_kad_post_footer":false,"_kad_post_classname":""},"product_brand":[],"product_cat":[39,42],"product_tag":[623,625,627,626,624,628],"class_list":{"0":"post-1595","1":"product","2":"type-product","3":"status-publish","4":"has-post-thumbnail","6":"product_cat-neon-strip","7":"product_cat-side-bend-neon-series","8":"product_tag-1225-led-neon-flex","9":"product_tag-1225-led-silicon-neon-light","10":"product_tag-24v-rgbw-led-neon-light-strip-ip67","11":"product_tag-led-neon-light-1225-flex-neon-light","12":"product_tag-led-neon-strip-light-1225","13":"product_tag-neon-flex-1225-rgbw-strip-side-bending","15":"first","16":"instock","17":"shipping-taxable","18":"product-type-simple","19":"entry","20":"content-bg","21":"loop-entry"},"yoast_head":"<!-- This site is optimized with the Yoast SEO Premium plugin v24.3 (Yoast SEO v26.7) - https:\/\/yoast.com\/wordpress\/plugins\/seo\/ -->\n<title>12*25mm Side View IP67 LED Silicone Neon Flex \u2013 S1225 - ESSENLED<\/title>\n<meta name=\"description\" content=\"12*25mm Side View IP67 LED Silicone Neon Flex \u2013 S1225, single color\/tunable white\/RGB\/RGBW, oval shape emit lighting is very special.\" \/>\n<meta name=\"robots\" content=\"index, follow, max-snippet:-1, max-image-preview:large, max-video-preview:-1\" \/>\n<link rel=\"canonical\" href=\"https:\/\/essenled.com\/pt\/produto\/1225mm-side-view-ip67-led-silicone-neon-flex\/\" \/>\n<meta property=\"og:locale\" content=\"pt_PT\" \/>\n<meta property=\"og:type\" content=\"article\" \/>\n<meta property=\"og:title\" content=\"12*25mm Side View IP67 LED Silicone Neon Flex \u2013 S1225\" \/>\n<meta property=\"og:description\" content=\"12*25mm Side View IP67 LED Silicone Neon Flex \u2013 S1225, single color\/tunable white\/RGB\/RGBW, oval shape emit lighting is very special.\" \/>\n<meta property=\"og:url\" content=\"https:\/\/essenled.com\/pt\/produto\/1225mm-side-view-ip67-led-silicone-neon-flex\/\" \/>\n<meta property=\"og:site_name\" content=\"ESSENLED\" \/>\n<meta property=\"article:modified_time\" content=\"2024-03-01T07:09:50+00:00\" \/>\n<meta property=\"og:image\" content=\"https:\/\/essenled.com\/wp-content\/uploads\/2024\/03\/LED-Neon-Strip-Light-1225.webp\" \/>\n\t<meta property=\"og:image:width\" content=\"800\" \/>\n\t<meta property=\"og:image:height\" content=\"800\" \/>\n\t<meta property=\"og:image:type\" content=\"image\/webp\" \/>\n<meta name=\"twitter:card\" content=\"summary_large_image\" \/>\n<meta name=\"twitter:label1\" content=\"Tempo estimado de leitura\" \/>\n\t<meta name=\"twitter:data1\" content=\"1 minuto\" \/>\n<script type=\"application\/ld+json\" class=\"yoast-schema-graph\">{\"@context\":\"https:\/\/schema.org\",\"@graph\":[{\"@type\":\"WebPage\",\"@id\":\"https:\/\/essenled.com\/product\/1225mm-side-view-ip67-led-silicone-neon-flex\/\",\"url\":\"https:\/\/essenled.com\/product\/1225mm-side-view-ip67-led-silicone-neon-flex\/\",\"name\":\"12*25mm Side View IP67 LED Silicone Neon Flex \u2013 S1225 - ESSENLED\",\"isPartOf\":{\"@id\":\"https:\/\/essenled.com\/#website\"},\"primaryImageOfPage\":{\"@id\":\"https:\/\/essenled.com\/product\/1225mm-side-view-ip67-led-silicone-neon-flex\/#primaryimage\"},\"image\":{\"@id\":\"https:\/\/essenled.com\/product\/1225mm-side-view-ip67-led-silicone-neon-flex\/#primaryimage\"},\"thumbnailUrl\":\"https:\/\/essenled.com\/wp-content\/uploads\/2024\/03\/LED-Neon-Strip-Light-1225.webp\",\"datePublished\":\"2024-03-01T07:09:49+00:00\",\"dateModified\":\"2024-03-01T07:09:50+00:00\",\"description\":\"12*25mm Side View IP67 LED Silicone Neon Flex \u2013 S1225, single color\/tunable white\/RGB\/RGBW, oval shape emit lighting is very special.\",\"breadcrumb\":{\"@id\":\"https:\/\/essenled.com\/product\/1225mm-side-view-ip67-led-silicone-neon-flex\/#breadcrumb\"},\"inLanguage\":\"pt-PT\",\"potentialAction\":[{\"@type\":\"ReadAction\",\"target\":[\"https:\/\/essenled.com\/product\/1225mm-side-view-ip67-led-silicone-neon-flex\/\"]}]},{\"@type\":\"ImageObject\",\"inLanguage\":\"pt-PT\",\"@id\":\"https:\/\/essenled.com\/product\/1225mm-side-view-ip67-led-silicone-neon-flex\/#primaryimage\",\"url\":\"https:\/\/essenled.com\/wp-content\/uploads\/2024\/03\/LED-Neon-Strip-Light-1225.webp\",\"contentUrl\":\"https:\/\/essenled.com\/wp-content\/uploads\/2024\/03\/LED-Neon-Strip-Light-1225.webp\",\"width\":800,\"height\":800,\"caption\":\"LED Neon Strip Light 1225\"},{\"@type\":\"BreadcrumbList\",\"@id\":\"https:\/\/essenled.com\/product\/1225mm-side-view-ip67-led-silicone-neon-flex\/#breadcrumb\",\"itemListElement\":[{\"@type\":\"ListItem\",\"position\":1,\"name\":\"Home\",\"item\":\"https:\/\/essenled.com\/\"},{\"@type\":\"ListItem\",\"position\":2,\"name\":\"Product\",\"item\":\"https:\/\/essenled.com\/fr\/product\/\"},{\"@type\":\"ListItem\",\"position\":3,\"name\":\"12*25mm Side View IP67 LED Silicone Neon Flex \u2013 S1225\"}]},{\"@type\":\"WebSite\",\"@id\":\"https:\/\/essenled.com\/#website\",\"url\":\"https:\/\/essenled.com\/\",\"name\":\"ESSENLED\",\"description\":\"\",\"publisher\":{\"@id\":\"https:\/\/essenled.com\/#organization\"},\"potentialAction\":[{\"@type\":\"SearchAction\",\"target\":{\"@type\":\"EntryPoint\",\"urlTemplate\":\"https:\/\/essenled.com\/?s={search_term_string}\"},\"query-input\":{\"@type\":\"PropertyValueSpecification\",\"valueRequired\":true,\"valueName\":\"search_term_string\"}}],\"inLanguage\":\"pt-PT\"},{\"@type\":\"Organization\",\"@id\":\"https:\/\/essenled.com\/#organization\",\"name\":\"ESSENLED\",\"url\":\"https:\/\/essenled.com\/\",\"logo\":{\"@type\":\"ImageObject\",\"inLanguage\":\"pt-PT\",\"@id\":\"https:\/\/essenled.com\/#\/schema\/logo\/image\/\",\"url\":\"https:\/\/essenled.com\/wp-content\/uploads\/2024\/01\/Essen-logo.png\",\"contentUrl\":\"https:\/\/essenled.com\/wp-content\/uploads\/2024\/01\/Essen-logo.png\",\"width\":800,\"height\":110,\"caption\":\"ESSENLED\"},\"image\":{\"@id\":\"https:\/\/essenled.com\/#\/schema\/logo\/image\/\"}}]}<\/script>\n<!-- \/ Yoast SEO Premium plugin. -->","yoast_head_json":{"title":"12*25mm Vista lateral IP67 LED Silicone Neon Flex - S1225 - ESSENLED","description":"12 * 25mm Vista lateral IP67 LED Silicone Neon Flex - S1225, cor \u00fanica \/ branco ajust\u00e1vel \/ RGB \/ RGBW, forma oval emite ilumina\u00e7\u00e3o \u00e9 muito especial.","robots":{"index":"index","follow":"follow","max-snippet":"max-snippet:-1","max-image-preview":"max-image-preview:large","max-video-preview":"max-video-preview:-1"},"canonical":"https:\/\/essenled.com\/pt\/produto\/1225mm-side-view-ip67-led-silicone-neon-flex\/","og_locale":"pt_PT","og_type":"article","og_title":"12*25mm Side View IP67 LED Silicone Neon Flex \u2013 S1225","og_description":"12*25mm Side View IP67 LED Silicone Neon Flex \u2013 S1225, single color\/tunable white\/RGB\/RGBW, oval shape emit lighting is very special.","og_url":"https:\/\/essenled.com\/pt\/produto\/1225mm-side-view-ip67-led-silicone-neon-flex\/","og_site_name":"ESSENLED","article_modified_time":"2024-03-01T07:09:50+00:00","og_image":[{"width":800,"height":800,"url":"https:\/\/essenled.com\/wp-content\/uploads\/2024\/03\/LED-Neon-Strip-Light-1225.webp","type":"image\/webp"}],"twitter_card":"summary_large_image","twitter_misc":{"Tempo estimado de leitura":"1 minuto"},"schema":{"@context":"https:\/\/schema.org","@graph":[{"@type":"WebPage","@id":"https:\/\/essenled.com\/product\/1225mm-side-view-ip67-led-silicone-neon-flex\/","url":"https:\/\/essenled.com\/product\/1225mm-side-view-ip67-led-silicone-neon-flex\/","name":"12*25mm Vista lateral IP67 LED Silicone Neon Flex - S1225 - ESSENLED","isPartOf":{"@id":"https:\/\/essenled.com\/#website"},"primaryImageOfPage":{"@id":"https:\/\/essenled.com\/product\/1225mm-side-view-ip67-led-silicone-neon-flex\/#primaryimage"},"image":{"@id":"https:\/\/essenled.com\/product\/1225mm-side-view-ip67-led-silicone-neon-flex\/#primaryimage"},"thumbnailUrl":"https:\/\/essenled.com\/wp-content\/uploads\/2024\/03\/LED-Neon-Strip-Light-1225.webp","datePublished":"2024-03-01T07:09:49+00:00","dateModified":"2024-03-01T07:09:50+00:00","description":"12 * 25mm Vista lateral IP67 LED Silicone Neon Flex - S1225, cor \u00fanica \/ branco ajust\u00e1vel \/ RGB \/ RGBW, forma oval emite ilumina\u00e7\u00e3o \u00e9 muito especial.","breadcrumb":{"@id":"https:\/\/essenled.com\/product\/1225mm-side-view-ip67-led-silicone-neon-flex\/#breadcrumb"},"inLanguage":"pt-PT","potentialAction":[{"@type":"ReadAction","target":["https:\/\/essenled.com\/product\/1225mm-side-view-ip67-led-silicone-neon-flex\/"]}]},{"@type":"ImageObject","inLanguage":"pt-PT","@id":"https:\/\/essenled.com\/product\/1225mm-side-view-ip67-led-silicone-neon-flex\/#primaryimage","url":"https:\/\/essenled.com\/wp-content\/uploads\/2024\/03\/LED-Neon-Strip-Light-1225.webp","contentUrl":"https:\/\/essenled.com\/wp-content\/uploads\/2024\/03\/LED-Neon-Strip-Light-1225.webp","width":800,"height":800,"caption":"LED Neon Strip Light 1225"},{"@type":"BreadcrumbList","@id":"https:\/\/essenled.com\/product\/1225mm-side-view-ip67-led-silicone-neon-flex\/#breadcrumb","itemListElement":[{"@type":"ListItem","position":1,"name":"Home","item":"https:\/\/essenled.com\/"},{"@type":"ListItem","position":2,"name":"Product","item":"https:\/\/essenled.com\/fr\/product\/"},{"@type":"ListItem","position":3,"name":"12*25mm Side View IP67 LED Silicone Neon Flex \u2013 S1225"}]},{"@type":"WebSite","@id":"https:\/\/essenled.com\/#website","url":"https:\/\/essenled.com\/","name":"ESSENLED","description":"","publisher":{"@id":"https:\/\/essenled.com\/#organization"},"potentialAction":[{"@type":"SearchAction","target":{"@type":"EntryPoint","urlTemplate":"https:\/\/essenled.com\/?s={search_term_string}"},"query-input":{"@type":"PropertyValueSpecification","valueRequired":true,"valueName":"search_term_string"}}],"inLanguage":"pt-PT"},{"@type":"Organization","@id":"https:\/\/essenled.com\/#organization","name":"ESSENLED","url":"https:\/\/essenled.com\/","logo":{"@type":"ImageObject","inLanguage":"pt-PT","@id":"https:\/\/essenled.com\/#\/schema\/logo\/image\/","url":"https:\/\/essenled.com\/wp-content\/uploads\/2024\/01\/Essen-logo.png","contentUrl":"https:\/\/essenled.com\/wp-content\/uploads\/2024\/01\/Essen-logo.png","width":800,"height":110,"caption":"ESSENLED"},"image":{"@id":"https:\/\/essenled.com\/#\/schema\/logo\/image\/"}}]}},"_links":{"self":[{"href":"https:\/\/essenled.com\/pt\/wp-json\/wp\/v2\/product\/1595","targetHints":{"allow":["GET"]}}],"collection":[{"href":"https:\/\/essenled.com\/pt\/wp-json\/wp\/v2\/product"}],"about":[{"href":"https:\/\/essenled.com\/pt\/wp-json\/wp\/v2\/types\/product"}],"version-history":[{"count":1,"href":"https:\/\/essenled.com\/pt\/wp-json\/wp\/v2\/product\/1595\/revisions"}],"predecessor-version":[{"id":1603,"href":"https:\/\/essenled.com\/pt\/wp-json\/wp\/v2\/product\/1595\/revisions\/1603"}],"wp:featuredmedia":[{"embeddable":true,"href":"https:\/\/essenled.com\/pt\/wp-json\/wp\/v2\/media\/1601"}],"wp:attachment":[{"href":"https:\/\/essenled.com\/pt\/wp-json\/wp\/v2\/media?parent=1595"}],"wp:term":[{"taxonomy":"product_brand","embeddable":true,"href":"https:\/\/essenled.com\/pt\/wp-json\/wp\/v2\/product_brand?post=1595"},{"taxonomy":"product_cat","embeddable":true,"href":"https:\/\/essenled.com\/pt\/wp-json\/wp\/v2\/product_cat?post=1595"},{"taxonomy":"product_tag","embeddable":true,"href":"https:\/\/essenled.com\/pt\/wp-json\/wp\/v2\/product_tag?post=1595"}],"curies":[{"name":"wp","href":"https:\/\/api.w.org\/{rel}","templated":true}]}}