{"id":1570,"date":"2024-03-01T06:25:15","date_gmt":"2024-03-01T06:25:15","guid":{"rendered":"https:\/\/essenled.com\/?post_type=product&#038;p=1570"},"modified":"2024-03-01T06:25:15","modified_gmt":"2024-03-01T06:25:15","slug":"side-view-ip67-0817mm-led-silicone-neon-flex-s0817","status":"publish","type":"product","link":"https:\/\/essenled.com\/pt\/produto\/side-view-ip67-0817mm-led-silicone-neon-flex-s0817\/","title":{"rendered":"Vista lateral IP67 08*17mm LED Silicone Neon Flex - S0817"},"content":{"rendered":"","protected":false},"excerpt":{"rendered":"<p>Vista lateral Super Pequeno 08*17mm LED Silicone Neon Flex - S0817, dispon\u00edvel em cor \u00fanica\/branco regul\u00e1vel\/RGB. Este \u00e9 extrudido numa s\u00f3 pe\u00e7a e feito de material de silicone amigo do ambiente.<\/p>\n<p>IP67 vista lateral LED neon flex S0817 s\u00e3o 5w e 10w\/m. O n\u00edvel de prote\u00e7\u00e3o atinge IP67, o que \u00e9 muito adequado para utiliza\u00e7\u00e3o a longo prazo no exterior e n\u00e3o \u00e9 f\u00e1cil de ficar amarelo.<\/p>\n<p>Vista lateral IP67 \u00e0 prova de \u00e1gua 08*17mm LED Neon Flex. A transmiss\u00e3o de luz \u00e9 extremamente elevada, mantendo uma apar\u00eancia bonita e uma luz uniforme.<\/p>\n<p>Nossa vis\u00e3o lateral LED neon flex IP67 \u00e0 prova d'\u00e1gua S0817 adota um design de estrutura \u00f3tica \u00fanica; a luz \u00e9 mesmo sem quaisquer sombras. Ele pode ser usado para contorno, ilumina\u00e7\u00e3o decorativa interior e exterior, e outras cenas.<\/p>","protected":false},"featured_media":1576,"template":"","meta":{"_kad_post_transparent":"default","_kad_post_title":"","_kad_post_layout":"default","_kad_post_sidebar_id":"","_kad_post_content_style":"default","_kad_post_vertical_padding":"default","_kad_post_feature":"","_kad_post_feature_position":"","_kad_post_header":false,"_kad_post_footer":false,"_kad_post_classname":""},"product_brand":[],"product_cat":[39,42],"product_tag":[609,605,610,606,607,608],"class_list":{"0":"post-1570","1":"product","2":"type-product","3":"status-publish","4":"has-post-thumbnail","6":"product_cat-neon-strip","7":"product_cat-side-bend-neon-series","8":"product_tag-0817-neon-flex-silicone-led-tube","9":"product_tag-0817-side-view-led-neon-flex","10":"product_tag-08x17mm-led-silicone-neon","11":"product_tag-led-neon-flex-light-side-bend-0817","12":"product_tag-led-neon-strip-silicone-ip67-0817","13":"product_tag-rgb-neon-led-tube-0817","15":"first","16":"instock","17":"shipping-taxable","18":"product-type-simple","19":"entry","20":"content-bg","21":"loop-entry"},"yoast_head":"<!-- This site is optimized with the Yoast SEO Premium plugin v24.3 (Yoast SEO v26.7) - https:\/\/yoast.com\/wordpress\/plugins\/seo\/ -->\n<title>Side View IP67 08*17mm LED Silicone Neon Flex \u2013 S0817 - ESSENLED<\/title>\n<meta name=\"description\" content=\"Side View IP67 08*17mm LED Silicone Neon Flex S0817, single color\/tunable white\/RGB, made of environmentally friendly silicone material.\" \/>\n<meta name=\"robots\" content=\"index, follow, max-snippet:-1, max-image-preview:large, max-video-preview:-1\" \/>\n<link rel=\"canonical\" href=\"https:\/\/essenled.com\/pt\/produto\/side-view-ip67-0817mm-led-silicone-neon-flex-s0817\/\" \/>\n<meta property=\"og:locale\" content=\"pt_PT\" \/>\n<meta property=\"og:type\" content=\"article\" \/>\n<meta property=\"og:title\" content=\"Side View IP67 08*17mm LED Silicone Neon Flex \u2013 S0817\" \/>\n<meta property=\"og:description\" content=\"Side View IP67 08*17mm LED Silicone Neon Flex S0817, single color\/tunable white\/RGB, made of environmentally friendly silicone material.\" \/>\n<meta property=\"og:url\" content=\"https:\/\/essenled.com\/pt\/produto\/side-view-ip67-0817mm-led-silicone-neon-flex-s0817\/\" \/>\n<meta property=\"og:site_name\" content=\"ESSENLED\" \/>\n<meta property=\"og:image\" content=\"https:\/\/essenled.com\/wp-content\/uploads\/2024\/03\/RGB-Neon-LED-Tube-0817.webp\" \/>\n\t<meta property=\"og:image:width\" content=\"800\" \/>\n\t<meta property=\"og:image:height\" content=\"800\" \/>\n\t<meta property=\"og:image:type\" content=\"image\/webp\" \/>\n<meta name=\"twitter:card\" content=\"summary_large_image\" \/>\n<meta name=\"twitter:label1\" content=\"Tempo estimado de leitura\" \/>\n\t<meta name=\"twitter:data1\" content=\"1 minuto\" \/>\n<script type=\"application\/ld+json\" class=\"yoast-schema-graph\">{\"@context\":\"https:\/\/schema.org\",\"@graph\":[{\"@type\":\"WebPage\",\"@id\":\"https:\/\/essenled.com\/product\/side-view-ip67-0817mm-led-silicone-neon-flex-s0817\/\",\"url\":\"https:\/\/essenled.com\/product\/side-view-ip67-0817mm-led-silicone-neon-flex-s0817\/\",\"name\":\"Side View IP67 08*17mm LED Silicone Neon Flex \u2013 S0817 - ESSENLED\",\"isPartOf\":{\"@id\":\"https:\/\/essenled.com\/#website\"},\"primaryImageOfPage\":{\"@id\":\"https:\/\/essenled.com\/product\/side-view-ip67-0817mm-led-silicone-neon-flex-s0817\/#primaryimage\"},\"image\":{\"@id\":\"https:\/\/essenled.com\/product\/side-view-ip67-0817mm-led-silicone-neon-flex-s0817\/#primaryimage\"},\"thumbnailUrl\":\"https:\/\/essenled.com\/wp-content\/uploads\/2024\/03\/RGB-Neon-LED-Tube-0817.webp\",\"datePublished\":\"2024-03-01T06:25:15+00:00\",\"description\":\"Side View IP67 08*17mm LED Silicone Neon Flex S0817, single color\/tunable white\/RGB, made of environmentally friendly silicone material.\",\"breadcrumb\":{\"@id\":\"https:\/\/essenled.com\/product\/side-view-ip67-0817mm-led-silicone-neon-flex-s0817\/#breadcrumb\"},\"inLanguage\":\"pt-PT\",\"potentialAction\":[{\"@type\":\"ReadAction\",\"target\":[\"https:\/\/essenled.com\/product\/side-view-ip67-0817mm-led-silicone-neon-flex-s0817\/\"]}]},{\"@type\":\"ImageObject\",\"inLanguage\":\"pt-PT\",\"@id\":\"https:\/\/essenled.com\/product\/side-view-ip67-0817mm-led-silicone-neon-flex-s0817\/#primaryimage\",\"url\":\"https:\/\/essenled.com\/wp-content\/uploads\/2024\/03\/RGB-Neon-LED-Tube-0817.webp\",\"contentUrl\":\"https:\/\/essenled.com\/wp-content\/uploads\/2024\/03\/RGB-Neon-LED-Tube-0817.webp\",\"width\":800,\"height\":800,\"caption\":\"RGB Neon LED Tube 0817\"},{\"@type\":\"BreadcrumbList\",\"@id\":\"https:\/\/essenled.com\/product\/side-view-ip67-0817mm-led-silicone-neon-flex-s0817\/#breadcrumb\",\"itemListElement\":[{\"@type\":\"ListItem\",\"position\":1,\"name\":\"Home\",\"item\":\"https:\/\/essenled.com\/\"},{\"@type\":\"ListItem\",\"position\":2,\"name\":\"Product\",\"item\":\"https:\/\/essenled.com\/fr\/product\/\"},{\"@type\":\"ListItem\",\"position\":3,\"name\":\"Side View IP67 08*17mm LED Silicone Neon Flex \u2013 S0817\"}]},{\"@type\":\"WebSite\",\"@id\":\"https:\/\/essenled.com\/#website\",\"url\":\"https:\/\/essenled.com\/\",\"name\":\"ESSENLED\",\"description\":\"\",\"publisher\":{\"@id\":\"https:\/\/essenled.com\/#organization\"},\"potentialAction\":[{\"@type\":\"SearchAction\",\"target\":{\"@type\":\"EntryPoint\",\"urlTemplate\":\"https:\/\/essenled.com\/?s={search_term_string}\"},\"query-input\":{\"@type\":\"PropertyValueSpecification\",\"valueRequired\":true,\"valueName\":\"search_term_string\"}}],\"inLanguage\":\"pt-PT\"},{\"@type\":\"Organization\",\"@id\":\"https:\/\/essenled.com\/#organization\",\"name\":\"ESSENLED\",\"url\":\"https:\/\/essenled.com\/\",\"logo\":{\"@type\":\"ImageObject\",\"inLanguage\":\"pt-PT\",\"@id\":\"https:\/\/essenled.com\/#\/schema\/logo\/image\/\",\"url\":\"https:\/\/essenled.com\/wp-content\/uploads\/2024\/01\/Essen-logo.png\",\"contentUrl\":\"https:\/\/essenled.com\/wp-content\/uploads\/2024\/01\/Essen-logo.png\",\"width\":800,\"height\":110,\"caption\":\"ESSENLED\"},\"image\":{\"@id\":\"https:\/\/essenled.com\/#\/schema\/logo\/image\/\"}}]}<\/script>\n<!-- \/ Yoast SEO Premium plugin. -->","yoast_head_json":{"title":"Vista lateral IP67 08*17mm LED Silicone Neon Flex - S0817 - ESSENLED","description":"Vista lateral IP67 08*17mm LED Silicone Neon Flex S0817, cor \u00fanica \/ branco regul\u00e1vel \/ RGB, feito de material de silicone ecol\u00f3gico.","robots":{"index":"index","follow":"follow","max-snippet":"max-snippet:-1","max-image-preview":"max-image-preview:large","max-video-preview":"max-video-preview:-1"},"canonical":"https:\/\/essenled.com\/pt\/produto\/side-view-ip67-0817mm-led-silicone-neon-flex-s0817\/","og_locale":"pt_PT","og_type":"article","og_title":"Side View IP67 08*17mm LED Silicone Neon Flex \u2013 S0817","og_description":"Side View IP67 08*17mm LED Silicone Neon Flex S0817, single color\/tunable white\/RGB, made of environmentally friendly silicone material.","og_url":"https:\/\/essenled.com\/pt\/produto\/side-view-ip67-0817mm-led-silicone-neon-flex-s0817\/","og_site_name":"ESSENLED","og_image":[{"width":800,"height":800,"url":"https:\/\/essenled.com\/wp-content\/uploads\/2024\/03\/RGB-Neon-LED-Tube-0817.webp","type":"image\/webp"}],"twitter_card":"summary_large_image","twitter_misc":{"Tempo estimado de leitura":"1 minuto"},"schema":{"@context":"https:\/\/schema.org","@graph":[{"@type":"WebPage","@id":"https:\/\/essenled.com\/product\/side-view-ip67-0817mm-led-silicone-neon-flex-s0817\/","url":"https:\/\/essenled.com\/product\/side-view-ip67-0817mm-led-silicone-neon-flex-s0817\/","name":"Vista lateral IP67 08*17mm LED Silicone Neon Flex - S0817 - ESSENLED","isPartOf":{"@id":"https:\/\/essenled.com\/#website"},"primaryImageOfPage":{"@id":"https:\/\/essenled.com\/product\/side-view-ip67-0817mm-led-silicone-neon-flex-s0817\/#primaryimage"},"image":{"@id":"https:\/\/essenled.com\/product\/side-view-ip67-0817mm-led-silicone-neon-flex-s0817\/#primaryimage"},"thumbnailUrl":"https:\/\/essenled.com\/wp-content\/uploads\/2024\/03\/RGB-Neon-LED-Tube-0817.webp","datePublished":"2024-03-01T06:25:15+00:00","description":"Vista lateral IP67 08*17mm LED Silicone Neon Flex S0817, cor \u00fanica \/ branco regul\u00e1vel \/ RGB, feito de material de silicone ecol\u00f3gico.","breadcrumb":{"@id":"https:\/\/essenled.com\/product\/side-view-ip67-0817mm-led-silicone-neon-flex-s0817\/#breadcrumb"},"inLanguage":"pt-PT","potentialAction":[{"@type":"ReadAction","target":["https:\/\/essenled.com\/product\/side-view-ip67-0817mm-led-silicone-neon-flex-s0817\/"]}]},{"@type":"ImageObject","inLanguage":"pt-PT","@id":"https:\/\/essenled.com\/product\/side-view-ip67-0817mm-led-silicone-neon-flex-s0817\/#primaryimage","url":"https:\/\/essenled.com\/wp-content\/uploads\/2024\/03\/RGB-Neon-LED-Tube-0817.webp","contentUrl":"https:\/\/essenled.com\/wp-content\/uploads\/2024\/03\/RGB-Neon-LED-Tube-0817.webp","width":800,"height":800,"caption":"RGB Neon LED Tube 0817"},{"@type":"BreadcrumbList","@id":"https:\/\/essenled.com\/product\/side-view-ip67-0817mm-led-silicone-neon-flex-s0817\/#breadcrumb","itemListElement":[{"@type":"ListItem","position":1,"name":"Home","item":"https:\/\/essenled.com\/"},{"@type":"ListItem","position":2,"name":"Product","item":"https:\/\/essenled.com\/fr\/product\/"},{"@type":"ListItem","position":3,"name":"Side View IP67 08*17mm LED Silicone Neon Flex \u2013 S0817"}]},{"@type":"WebSite","@id":"https:\/\/essenled.com\/#website","url":"https:\/\/essenled.com\/","name":"ESSENLED","description":"","publisher":{"@id":"https:\/\/essenled.com\/#organization"},"potentialAction":[{"@type":"SearchAction","target":{"@type":"EntryPoint","urlTemplate":"https:\/\/essenled.com\/?s={search_term_string}"},"query-input":{"@type":"PropertyValueSpecification","valueRequired":true,"valueName":"search_term_string"}}],"inLanguage":"pt-PT"},{"@type":"Organization","@id":"https:\/\/essenled.com\/#organization","name":"ESSENLED","url":"https:\/\/essenled.com\/","logo":{"@type":"ImageObject","inLanguage":"pt-PT","@id":"https:\/\/essenled.com\/#\/schema\/logo\/image\/","url":"https:\/\/essenled.com\/wp-content\/uploads\/2024\/01\/Essen-logo.png","contentUrl":"https:\/\/essenled.com\/wp-content\/uploads\/2024\/01\/Essen-logo.png","width":800,"height":110,"caption":"ESSENLED"},"image":{"@id":"https:\/\/essenled.com\/#\/schema\/logo\/image\/"}}]}},"_links":{"self":[{"href":"https:\/\/essenled.com\/pt\/wp-json\/wp\/v2\/product\/1570","targetHints":{"allow":["GET"]}}],"collection":[{"href":"https:\/\/essenled.com\/pt\/wp-json\/wp\/v2\/product"}],"about":[{"href":"https:\/\/essenled.com\/pt\/wp-json\/wp\/v2\/types\/product"}],"version-history":[{"count":1,"href":"https:\/\/essenled.com\/pt\/wp-json\/wp\/v2\/product\/1570\/revisions"}],"predecessor-version":[{"id":1577,"href":"https:\/\/essenled.com\/pt\/wp-json\/wp\/v2\/product\/1570\/revisions\/1577"}],"wp:featuredmedia":[{"embeddable":true,"href":"https:\/\/essenled.com\/pt\/wp-json\/wp\/v2\/media\/1576"}],"wp:attachment":[{"href":"https:\/\/essenled.com\/pt\/wp-json\/wp\/v2\/media?parent=1570"}],"wp:term":[{"taxonomy":"product_brand","embeddable":true,"href":"https:\/\/essenled.com\/pt\/wp-json\/wp\/v2\/product_brand?post=1570"},{"taxonomy":"product_cat","embeddable":true,"href":"https:\/\/essenled.com\/pt\/wp-json\/wp\/v2\/product_cat?post=1570"},{"taxonomy":"product_tag","embeddable":true,"href":"https:\/\/essenled.com\/pt\/wp-json\/wp\/v2\/product_tag?post=1570"}],"curies":[{"name":"wp","href":"https:\/\/api.w.org\/{rel}","templated":true}]}}