{"id":1549,"date":"2024-03-01T05:56:17","date_gmt":"2024-03-01T05:56:17","guid":{"rendered":"https:\/\/essenled.com\/?post_type=product&#038;p=1549"},"modified":"2025-01-21T05:06:14","modified_gmt":"2025-01-21T05:06:14","slug":"side-view-super-small-0408mm-led-silicone-neon-flex","status":"publish","type":"product","link":"https:\/\/essenled.com\/pt\/produto\/side-view-super-small-0408mm-led-silicone-neon-flex\/","title":{"rendered":"Vista Lateral Super Pequeno 04*08mm LED Silicone Neon Flex - S0408"},"content":{"rendered":"","protected":false},"excerpt":{"rendered":"<p>Vista Lateral Super Pequeno 04*08mm LED Silicone Neon Flex - S0408, que \u00e9 um super fino LED neon flex. Este \u00e9 extrudido numa s\u00f3 pe\u00e7a e feito de material de silicone amigo do ambiente.<\/p>\n<p>Vista lateral IP67 04*08mm LED Neon Flex S0408 \u00e9 6w\/m. O n\u00edvel de prote\u00e7\u00e3o atinge IP67, o que \u00e9 muito adequado para utiliza\u00e7\u00e3o a longo prazo no exterior e n\u00e3o \u00e9 f\u00e1cil de ficar amarelo.<\/p>\n<p>Vista lateral IP67 \u00e0 prova de \u00e1gua 04*08mm LED Neon Flex, a transmiss\u00e3o da luz \u00e9 extremamente elevada. V\u00e1rias sa\u00eddas de cabos diferentes facilitam a cablagem, ocultando os fios e mantendo uma apar\u00eancia bonita.<\/p>\n<p>Nossa vis\u00e3o lateral LED neon flex IP67 \u00e0 prova d'\u00e1gua S0408, adota um design de estrutura \u00f3tica \u00fanica; a luz \u00e9 mesmo sem quaisquer sombras. Ele pode ser usado para contorno, ilumina\u00e7\u00e3o decorativa interior e exterior, e outras cenas.<\/p>","protected":false},"featured_media":1553,"template":"","meta":{"_kad_post_transparent":"default","_kad_post_title":"","_kad_post_layout":"default","_kad_post_sidebar_id":"","_kad_post_content_style":"default","_kad_post_vertical_padding":"default","_kad_post_feature":"","_kad_post_feature_position":"","_kad_post_header":false,"_kad_post_footer":false,"_kad_post_classname":""},"product_brand":[],"product_cat":[39,42],"product_tag":[596,597,594,598,593,595],"class_list":{"0":"post-1549","1":"product","2":"type-product","3":"status-publish","4":"has-post-thumbnail","6":"product_cat-neon-strip","7":"product_cat-side-bend-neon-series","8":"product_tag-0408-dc24v-ip67-silicone-neon-led-strip","9":"product_tag-0408-silicone-led-neon-light-side-emitting","10":"product_tag-0408-small-silicone-flexible-led-neon","11":"product_tag-mini-side-view-silicone-neon-0408","12":"product_tag-neon-flex-s0408","13":"product_tag-silicone-neon-side-view-0408","15":"first","16":"instock","17":"shipping-taxable","18":"product-type-simple","19":"entry","20":"content-bg","21":"loop-entry"},"yoast_head":"<!-- This site is optimized with the Yoast SEO Premium plugin v24.3 (Yoast SEO v26.7) - https:\/\/yoast.com\/wordpress\/plugins\/seo\/ -->\n<title>Side View Super Small 04*08mm LED Silicone Neon Flex \u2013 S0408 - ESSENLED<\/title>\n<meta name=\"description\" content=\"Side View Super Small 04*08mm LED Silicone Neon Flex \u2013 S0408, super thin size LED neon flex, made of environmentally friendly silicone material.\" \/>\n<meta name=\"robots\" content=\"index, follow, max-snippet:-1, max-image-preview:large, max-video-preview:-1\" \/>\n<link rel=\"canonical\" href=\"https:\/\/essenled.com\/pt\/produto\/side-view-super-small-0408mm-led-silicone-neon-flex\/\" \/>\n<meta property=\"og:locale\" content=\"pt_PT\" \/>\n<meta property=\"og:type\" content=\"article\" \/>\n<meta property=\"og:title\" content=\"Side View Super Small 04*08mm LED Silicone Neon Flex \u2013 S0408\" \/>\n<meta property=\"og:description\" content=\"Side View Super Small 04*08mm LED Silicone Neon Flex \u2013 S0408, super thin size LED neon flex, made of environmentally friendly silicone material.\" \/>\n<meta property=\"og:url\" content=\"https:\/\/essenled.com\/pt\/produto\/side-view-super-small-0408mm-led-silicone-neon-flex\/\" \/>\n<meta property=\"og:site_name\" content=\"ESSENLED\" \/>\n<meta property=\"article:modified_time\" content=\"2025-01-21T05:06:14+00:00\" \/>\n<meta property=\"og:image\" content=\"https:\/\/essenled.com\/wp-content\/uploads\/2024\/03\/0408-Small-Silicone-Flexible-LED-Neon.webp\" \/>\n\t<meta property=\"og:image:width\" content=\"800\" \/>\n\t<meta property=\"og:image:height\" content=\"800\" \/>\n\t<meta property=\"og:image:type\" content=\"image\/webp\" \/>\n<meta name=\"twitter:card\" content=\"summary_large_image\" \/>\n<meta name=\"twitter:label1\" content=\"Tempo estimado de leitura\" \/>\n\t<meta name=\"twitter:data1\" content=\"1 minuto\" \/>\n<script type=\"application\/ld+json\" class=\"yoast-schema-graph\">{\"@context\":\"https:\/\/schema.org\",\"@graph\":[{\"@type\":\"WebPage\",\"@id\":\"https:\/\/essenled.com\/product\/side-view-super-small-0408mm-led-silicone-neon-flex\/\",\"url\":\"https:\/\/essenled.com\/product\/side-view-super-small-0408mm-led-silicone-neon-flex\/\",\"name\":\"Side View Super Small 04*08mm LED Silicone Neon Flex \u2013 S0408 - ESSENLED\",\"isPartOf\":{\"@id\":\"https:\/\/essenled.com\/#website\"},\"primaryImageOfPage\":{\"@id\":\"https:\/\/essenled.com\/product\/side-view-super-small-0408mm-led-silicone-neon-flex\/#primaryimage\"},\"image\":{\"@id\":\"https:\/\/essenled.com\/product\/side-view-super-small-0408mm-led-silicone-neon-flex\/#primaryimage\"},\"thumbnailUrl\":\"https:\/\/essenled.com\/wp-content\/uploads\/2024\/03\/0408-Small-Silicone-Flexible-LED-Neon.webp\",\"datePublished\":\"2024-03-01T05:56:17+00:00\",\"dateModified\":\"2025-01-21T05:06:14+00:00\",\"description\":\"Side View Super Small 04*08mm LED Silicone Neon Flex \u2013 S0408, super thin size LED neon flex, made of environmentally friendly silicone material.\",\"breadcrumb\":{\"@id\":\"https:\/\/essenled.com\/product\/side-view-super-small-0408mm-led-silicone-neon-flex\/#breadcrumb\"},\"inLanguage\":\"pt-PT\",\"potentialAction\":[{\"@type\":\"ReadAction\",\"target\":[\"https:\/\/essenled.com\/product\/side-view-super-small-0408mm-led-silicone-neon-flex\/\"]}]},{\"@type\":\"ImageObject\",\"inLanguage\":\"pt-PT\",\"@id\":\"https:\/\/essenled.com\/product\/side-view-super-small-0408mm-led-silicone-neon-flex\/#primaryimage\",\"url\":\"https:\/\/essenled.com\/wp-content\/uploads\/2024\/03\/0408-Small-Silicone-Flexible-LED-Neon.webp\",\"contentUrl\":\"https:\/\/essenled.com\/wp-content\/uploads\/2024\/03\/0408-Small-Silicone-Flexible-LED-Neon.webp\",\"width\":800,\"height\":800,\"caption\":\"0408 Small Silicone Flexible LED Neon\"},{\"@type\":\"BreadcrumbList\",\"@id\":\"https:\/\/essenled.com\/product\/side-view-super-small-0408mm-led-silicone-neon-flex\/#breadcrumb\",\"itemListElement\":[{\"@type\":\"ListItem\",\"position\":1,\"name\":\"Home\",\"item\":\"https:\/\/essenled.com\/\"},{\"@type\":\"ListItem\",\"position\":2,\"name\":\"Product\",\"item\":\"https:\/\/essenled.com\/fr\/product\/\"},{\"@type\":\"ListItem\",\"position\":3,\"name\":\"Side View Super Small 04*08mm LED Silicone Neon Flex \u2013 S0408\"}]},{\"@type\":\"WebSite\",\"@id\":\"https:\/\/essenled.com\/#website\",\"url\":\"https:\/\/essenled.com\/\",\"name\":\"ESSENLED\",\"description\":\"\",\"publisher\":{\"@id\":\"https:\/\/essenled.com\/#organization\"},\"potentialAction\":[{\"@type\":\"SearchAction\",\"target\":{\"@type\":\"EntryPoint\",\"urlTemplate\":\"https:\/\/essenled.com\/?s={search_term_string}\"},\"query-input\":{\"@type\":\"PropertyValueSpecification\",\"valueRequired\":true,\"valueName\":\"search_term_string\"}}],\"inLanguage\":\"pt-PT\"},{\"@type\":\"Organization\",\"@id\":\"https:\/\/essenled.com\/#organization\",\"name\":\"ESSENLED\",\"url\":\"https:\/\/essenled.com\/\",\"logo\":{\"@type\":\"ImageObject\",\"inLanguage\":\"pt-PT\",\"@id\":\"https:\/\/essenled.com\/#\/schema\/logo\/image\/\",\"url\":\"https:\/\/essenled.com\/wp-content\/uploads\/2024\/01\/Essen-logo.png\",\"contentUrl\":\"https:\/\/essenled.com\/wp-content\/uploads\/2024\/01\/Essen-logo.png\",\"width\":800,\"height\":110,\"caption\":\"ESSENLED\"},\"image\":{\"@id\":\"https:\/\/essenled.com\/#\/schema\/logo\/image\/\"}}]}<\/script>\n<!-- \/ Yoast SEO Premium plugin. -->","yoast_head_json":{"title":"Vista Lateral Super Pequeno 04*08mm LED Silicone Neon Flex - S0408 - ESSENLED","description":"Vista Lateral Super Pequeno 04*08mm LED Silicone Neon Flex - S0408, LED neon flex de tamanho super fino, feito de material de silicone ecol\u00f3gico.","robots":{"index":"index","follow":"follow","max-snippet":"max-snippet:-1","max-image-preview":"max-image-preview:large","max-video-preview":"max-video-preview:-1"},"canonical":"https:\/\/essenled.com\/pt\/produto\/side-view-super-small-0408mm-led-silicone-neon-flex\/","og_locale":"pt_PT","og_type":"article","og_title":"Side View Super Small 04*08mm LED Silicone Neon Flex \u2013 S0408","og_description":"Side View Super Small 04*08mm LED Silicone Neon Flex \u2013 S0408, super thin size LED neon flex, made of environmentally friendly silicone material.","og_url":"https:\/\/essenled.com\/pt\/produto\/side-view-super-small-0408mm-led-silicone-neon-flex\/","og_site_name":"ESSENLED","article_modified_time":"2025-01-21T05:06:14+00:00","og_image":[{"width":800,"height":800,"url":"https:\/\/essenled.com\/wp-content\/uploads\/2024\/03\/0408-Small-Silicone-Flexible-LED-Neon.webp","type":"image\/webp"}],"twitter_card":"summary_large_image","twitter_misc":{"Tempo estimado de leitura":"1 minuto"},"schema":{"@context":"https:\/\/schema.org","@graph":[{"@type":"WebPage","@id":"https:\/\/essenled.com\/product\/side-view-super-small-0408mm-led-silicone-neon-flex\/","url":"https:\/\/essenled.com\/product\/side-view-super-small-0408mm-led-silicone-neon-flex\/","name":"Vista Lateral Super Pequeno 04*08mm LED Silicone Neon Flex - S0408 - ESSENLED","isPartOf":{"@id":"https:\/\/essenled.com\/#website"},"primaryImageOfPage":{"@id":"https:\/\/essenled.com\/product\/side-view-super-small-0408mm-led-silicone-neon-flex\/#primaryimage"},"image":{"@id":"https:\/\/essenled.com\/product\/side-view-super-small-0408mm-led-silicone-neon-flex\/#primaryimage"},"thumbnailUrl":"https:\/\/essenled.com\/wp-content\/uploads\/2024\/03\/0408-Small-Silicone-Flexible-LED-Neon.webp","datePublished":"2024-03-01T05:56:17+00:00","dateModified":"2025-01-21T05:06:14+00:00","description":"Vista Lateral Super Pequeno 04*08mm LED Silicone Neon Flex - S0408, LED neon flex de tamanho super fino, feito de material de silicone ecol\u00f3gico.","breadcrumb":{"@id":"https:\/\/essenled.com\/product\/side-view-super-small-0408mm-led-silicone-neon-flex\/#breadcrumb"},"inLanguage":"pt-PT","potentialAction":[{"@type":"ReadAction","target":["https:\/\/essenled.com\/product\/side-view-super-small-0408mm-led-silicone-neon-flex\/"]}]},{"@type":"ImageObject","inLanguage":"pt-PT","@id":"https:\/\/essenled.com\/product\/side-view-super-small-0408mm-led-silicone-neon-flex\/#primaryimage","url":"https:\/\/essenled.com\/wp-content\/uploads\/2024\/03\/0408-Small-Silicone-Flexible-LED-Neon.webp","contentUrl":"https:\/\/essenled.com\/wp-content\/uploads\/2024\/03\/0408-Small-Silicone-Flexible-LED-Neon.webp","width":800,"height":800,"caption":"0408 Small Silicone Flexible LED Neon"},{"@type":"BreadcrumbList","@id":"https:\/\/essenled.com\/product\/side-view-super-small-0408mm-led-silicone-neon-flex\/#breadcrumb","itemListElement":[{"@type":"ListItem","position":1,"name":"Home","item":"https:\/\/essenled.com\/"},{"@type":"ListItem","position":2,"name":"Product","item":"https:\/\/essenled.com\/fr\/product\/"},{"@type":"ListItem","position":3,"name":"Side View Super Small 04*08mm LED Silicone Neon Flex \u2013 S0408"}]},{"@type":"WebSite","@id":"https:\/\/essenled.com\/#website","url":"https:\/\/essenled.com\/","name":"ESSENLED","description":"","publisher":{"@id":"https:\/\/essenled.com\/#organization"},"potentialAction":[{"@type":"SearchAction","target":{"@type":"EntryPoint","urlTemplate":"https:\/\/essenled.com\/?s={search_term_string}"},"query-input":{"@type":"PropertyValueSpecification","valueRequired":true,"valueName":"search_term_string"}}],"inLanguage":"pt-PT"},{"@type":"Organization","@id":"https:\/\/essenled.com\/#organization","name":"ESSENLED","url":"https:\/\/essenled.com\/","logo":{"@type":"ImageObject","inLanguage":"pt-PT","@id":"https:\/\/essenled.com\/#\/schema\/logo\/image\/","url":"https:\/\/essenled.com\/wp-content\/uploads\/2024\/01\/Essen-logo.png","contentUrl":"https:\/\/essenled.com\/wp-content\/uploads\/2024\/01\/Essen-logo.png","width":800,"height":110,"caption":"ESSENLED"},"image":{"@id":"https:\/\/essenled.com\/#\/schema\/logo\/image\/"}}]}},"_links":{"self":[{"href":"https:\/\/essenled.com\/pt\/wp-json\/wp\/v2\/product\/1549","targetHints":{"allow":["GET"]}}],"collection":[{"href":"https:\/\/essenled.com\/pt\/wp-json\/wp\/v2\/product"}],"about":[{"href":"https:\/\/essenled.com\/pt\/wp-json\/wp\/v2\/types\/product"}],"version-history":[{"count":4,"href":"https:\/\/essenled.com\/pt\/wp-json\/wp\/v2\/product\/1549\/revisions"}],"predecessor-version":[{"id":1561,"href":"https:\/\/essenled.com\/pt\/wp-json\/wp\/v2\/product\/1549\/revisions\/1561"}],"wp:featuredmedia":[{"embeddable":true,"href":"https:\/\/essenled.com\/pt\/wp-json\/wp\/v2\/media\/1553"}],"wp:attachment":[{"href":"https:\/\/essenled.com\/pt\/wp-json\/wp\/v2\/media?parent=1549"}],"wp:term":[{"taxonomy":"product_brand","embeddable":true,"href":"https:\/\/essenled.com\/pt\/wp-json\/wp\/v2\/product_brand?post=1549"},{"taxonomy":"product_cat","embeddable":true,"href":"https:\/\/essenled.com\/pt\/wp-json\/wp\/v2\/product_cat?post=1549"},{"taxonomy":"product_tag","embeddable":true,"href":"https:\/\/essenled.com\/pt\/wp-json\/wp\/v2\/product_tag?post=1549"}],"curies":[{"name":"wp","href":"https:\/\/api.w.org\/{rel}","templated":true}]}}