{"id":1539,"date":"2024-03-01T03:23:17","date_gmt":"2024-03-01T03:23:17","guid":{"rendered":"https:\/\/essenled.com\/?post_type=product&#038;p=1539"},"modified":"2024-03-01T03:23:18","modified_gmt":"2024-03-01T03:23:18","slug":"embedded-side-view-led-silicone-neon-flex","status":"publish","type":"product","link":"https:\/\/essenled.com\/pt\/produto\/embedded-side-view-led-silicone-neon-flex\/","title":{"rendered":"LED de vis\u00e3o lateral incorporado Silicone Neon Flex - S1220E"},"content":{"rendered":"","protected":false},"excerpt":{"rendered":"<p>LED de silicone flex\u00edvel de n\u00e9on com vista lateral incorporada - S1220E, o tamanho \u00e9 12*20mm. Podem ajustar-se perfeitamente ao espa\u00e7o sem quaisquer lacunas.<\/p>\n<p>A fita de n\u00e9on LED de silicone com vista lateral S1220E \u00e9 uma fita de n\u00e9on com um design embutido, que n\u00e3o necessita de quaisquer acess\u00f3rios para ser instalada. \u00c9 utilizada principalmente para melhorar a atmosfera, e o estilo geral \u00e9 a ilumina\u00e7\u00e3o moderna.<\/p>\n<p>LED silicone neon flex vista lateral S1220E a pot\u00eancia \u00e9 10w\/m. \u00c9 tamb\u00e9m um processo de moldagem por extrus\u00e3o integrado, com um design estrutural \u00fanico e ilumina\u00e7\u00e3o uniforme. Pode instal\u00e1-lo onde quiser para obter a atmosfera de ilumina\u00e7\u00e3o que deseja.<\/p>\n<p>LED silicone neon flex vista lateral embutido S1220E n\u00edvel imperme\u00e1vel \u00e9 IP44, \u00e9 usado principalmente para ilumina\u00e7\u00e3o interior. Pode ser embutido na parede da sala de estar ou no ch\u00e3o do quarto.<\/p>","protected":false},"featured_media":1542,"template":"","meta":{"_kad_post_transparent":"default","_kad_post_title":"","_kad_post_layout":"default","_kad_post_sidebar_id":"","_kad_post_content_style":"default","_kad_post_vertical_padding":"default","_kad_post_feature":"","_kad_post_feature_position":"","_kad_post_header":false,"_kad_post_footer":false,"_kad_post_classname":""},"product_brand":[],"product_cat":[48,39],"product_tag":[590,588,589,592,591],"class_list":{"0":"post-1539","1":"product","2":"type-product","3":"status-publish","4":"has-post-thumbnail","6":"product_cat-embedded-silicone-neon-series","7":"product_cat-neon-strip","8":"product_tag-embedded-led-neon-tube-s1220e","9":"product_tag-embedded-side-view-s1220e-silicone-neon-flex","10":"product_tag-pre-embedded-1220e-led-neon-tube","11":"product_tag-s1220e-embedded-led-neon-tube","12":"product_tag-side-view-s1220e-embedded-led-neon-tube","14":"first","15":"instock","16":"shipping-taxable","17":"product-type-simple","18":"entry","19":"content-bg","20":"loop-entry"},"yoast_head":"<!-- This site is optimized with the Yoast SEO Premium plugin v24.3 (Yoast SEO v26.7) - https:\/\/yoast.com\/wordpress\/plugins\/seo\/ -->\n<title>Embedded Side View LED Silicone Neon Flex - S1220E - ESSENLED<\/title>\n<meta name=\"description\" content=\"Embedded side view LED silicone neon flex S1220E, size is 12*20mm, used to enhance the atmosphere, and the overall style is modern lighting.\" \/>\n<meta name=\"robots\" content=\"index, follow, max-snippet:-1, max-image-preview:large, max-video-preview:-1\" \/>\n<link rel=\"canonical\" href=\"https:\/\/essenled.com\/pt\/produto\/embedded-side-view-led-silicone-neon-flex\/\" \/>\n<meta property=\"og:locale\" content=\"pt_PT\" \/>\n<meta property=\"og:type\" content=\"article\" \/>\n<meta property=\"og:title\" content=\"Embedded Side View LED Silicone Neon Flex - S1220E\" \/>\n<meta property=\"og:description\" content=\"Embedded side view LED silicone neon flex S1220E, size is 12*20mm, used to enhance the atmosphere, and the overall style is modern lighting.\" \/>\n<meta property=\"og:url\" content=\"https:\/\/essenled.com\/pt\/produto\/embedded-side-view-led-silicone-neon-flex\/\" \/>\n<meta property=\"og:site_name\" content=\"ESSENLED\" \/>\n<meta property=\"article:modified_time\" content=\"2024-03-01T03:23:18+00:00\" \/>\n<meta property=\"og:image\" content=\"https:\/\/essenled.com\/wp-content\/uploads\/2024\/03\/Embedded-Side-View-S1220E-Silicone-Neon-Flex.webp\" \/>\n\t<meta property=\"og:image:width\" content=\"800\" \/>\n\t<meta property=\"og:image:height\" content=\"800\" \/>\n\t<meta property=\"og:image:type\" content=\"image\/webp\" \/>\n<meta name=\"twitter:card\" content=\"summary_large_image\" \/>\n<meta name=\"twitter:label1\" content=\"Tempo estimado de leitura\" \/>\n\t<meta name=\"twitter:data1\" content=\"1 minuto\" \/>\n<script type=\"application\/ld+json\" class=\"yoast-schema-graph\">{\"@context\":\"https:\/\/schema.org\",\"@graph\":[{\"@type\":\"WebPage\",\"@id\":\"https:\/\/essenled.com\/product\/embedded-side-view-led-silicone-neon-flex\/\",\"url\":\"https:\/\/essenled.com\/product\/embedded-side-view-led-silicone-neon-flex\/\",\"name\":\"Embedded Side View LED Silicone Neon Flex - S1220E - ESSENLED\",\"isPartOf\":{\"@id\":\"https:\/\/essenled.com\/#website\"},\"primaryImageOfPage\":{\"@id\":\"https:\/\/essenled.com\/product\/embedded-side-view-led-silicone-neon-flex\/#primaryimage\"},\"image\":{\"@id\":\"https:\/\/essenled.com\/product\/embedded-side-view-led-silicone-neon-flex\/#primaryimage\"},\"thumbnailUrl\":\"https:\/\/essenled.com\/wp-content\/uploads\/2024\/03\/Embedded-Side-View-S1220E-Silicone-Neon-Flex.webp\",\"datePublished\":\"2024-03-01T03:23:17+00:00\",\"dateModified\":\"2024-03-01T03:23:18+00:00\",\"description\":\"Embedded side view LED silicone neon flex S1220E, size is 12*20mm, used to enhance the atmosphere, and the overall style is modern lighting.\",\"breadcrumb\":{\"@id\":\"https:\/\/essenled.com\/product\/embedded-side-view-led-silicone-neon-flex\/#breadcrumb\"},\"inLanguage\":\"pt-PT\",\"potentialAction\":[{\"@type\":\"ReadAction\",\"target\":[\"https:\/\/essenled.com\/product\/embedded-side-view-led-silicone-neon-flex\/\"]}]},{\"@type\":\"ImageObject\",\"inLanguage\":\"pt-PT\",\"@id\":\"https:\/\/essenled.com\/product\/embedded-side-view-led-silicone-neon-flex\/#primaryimage\",\"url\":\"https:\/\/essenled.com\/wp-content\/uploads\/2024\/03\/Embedded-Side-View-S1220E-Silicone-Neon-Flex.webp\",\"contentUrl\":\"https:\/\/essenled.com\/wp-content\/uploads\/2024\/03\/Embedded-Side-View-S1220E-Silicone-Neon-Flex.webp\",\"width\":800,\"height\":800,\"caption\":\"Embedded Side View S1220E Silicone Neon Flex\"},{\"@type\":\"BreadcrumbList\",\"@id\":\"https:\/\/essenled.com\/product\/embedded-side-view-led-silicone-neon-flex\/#breadcrumb\",\"itemListElement\":[{\"@type\":\"ListItem\",\"position\":1,\"name\":\"Home\",\"item\":\"https:\/\/essenled.com\/\"},{\"@type\":\"ListItem\",\"position\":2,\"name\":\"Product\",\"item\":\"https:\/\/essenled.com\/fr\/product\/\"},{\"@type\":\"ListItem\",\"position\":3,\"name\":\"Embedded Side View LED Silicone Neon Flex &#8211; S1220E\"}]},{\"@type\":\"WebSite\",\"@id\":\"https:\/\/essenled.com\/#website\",\"url\":\"https:\/\/essenled.com\/\",\"name\":\"ESSENLED\",\"description\":\"\",\"publisher\":{\"@id\":\"https:\/\/essenled.com\/#organization\"},\"potentialAction\":[{\"@type\":\"SearchAction\",\"target\":{\"@type\":\"EntryPoint\",\"urlTemplate\":\"https:\/\/essenled.com\/?s={search_term_string}\"},\"query-input\":{\"@type\":\"PropertyValueSpecification\",\"valueRequired\":true,\"valueName\":\"search_term_string\"}}],\"inLanguage\":\"pt-PT\"},{\"@type\":\"Organization\",\"@id\":\"https:\/\/essenled.com\/#organization\",\"name\":\"ESSENLED\",\"url\":\"https:\/\/essenled.com\/\",\"logo\":{\"@type\":\"ImageObject\",\"inLanguage\":\"pt-PT\",\"@id\":\"https:\/\/essenled.com\/#\/schema\/logo\/image\/\",\"url\":\"https:\/\/essenled.com\/wp-content\/uploads\/2024\/01\/Essen-logo.png\",\"contentUrl\":\"https:\/\/essenled.com\/wp-content\/uploads\/2024\/01\/Essen-logo.png\",\"width\":800,\"height\":110,\"caption\":\"ESSENLED\"},\"image\":{\"@id\":\"https:\/\/essenled.com\/#\/schema\/logo\/image\/\"}}]}<\/script>\n<!-- \/ Yoast SEO Premium plugin. -->","yoast_head_json":{"title":"LED de vis\u00e3o lateral embutido Silicone Neon Flex - S1220E - ESSENLED","description":"Vista lateral incorporada LED silicone neon flex S1220E, tamanho \u00e9 12*20mm, usado para melhorar a atmosfera, e o estilo geral \u00e9 a ilumina\u00e7\u00e3o moderna.","robots":{"index":"index","follow":"follow","max-snippet":"max-snippet:-1","max-image-preview":"max-image-preview:large","max-video-preview":"max-video-preview:-1"},"canonical":"https:\/\/essenled.com\/pt\/produto\/embedded-side-view-led-silicone-neon-flex\/","og_locale":"pt_PT","og_type":"article","og_title":"Embedded Side View LED Silicone Neon Flex - S1220E","og_description":"Embedded side view LED silicone neon flex S1220E, size is 12*20mm, used to enhance the atmosphere, and the overall style is modern lighting.","og_url":"https:\/\/essenled.com\/pt\/produto\/embedded-side-view-led-silicone-neon-flex\/","og_site_name":"ESSENLED","article_modified_time":"2024-03-01T03:23:18+00:00","og_image":[{"width":800,"height":800,"url":"https:\/\/essenled.com\/wp-content\/uploads\/2024\/03\/Embedded-Side-View-S1220E-Silicone-Neon-Flex.webp","type":"image\/webp"}],"twitter_card":"summary_large_image","twitter_misc":{"Tempo estimado de leitura":"1 minuto"},"schema":{"@context":"https:\/\/schema.org","@graph":[{"@type":"WebPage","@id":"https:\/\/essenled.com\/product\/embedded-side-view-led-silicone-neon-flex\/","url":"https:\/\/essenled.com\/product\/embedded-side-view-led-silicone-neon-flex\/","name":"LED de vis\u00e3o lateral embutido Silicone Neon Flex - S1220E - ESSENLED","isPartOf":{"@id":"https:\/\/essenled.com\/#website"},"primaryImageOfPage":{"@id":"https:\/\/essenled.com\/product\/embedded-side-view-led-silicone-neon-flex\/#primaryimage"},"image":{"@id":"https:\/\/essenled.com\/product\/embedded-side-view-led-silicone-neon-flex\/#primaryimage"},"thumbnailUrl":"https:\/\/essenled.com\/wp-content\/uploads\/2024\/03\/Embedded-Side-View-S1220E-Silicone-Neon-Flex.webp","datePublished":"2024-03-01T03:23:17+00:00","dateModified":"2024-03-01T03:23:18+00:00","description":"Vista lateral incorporada LED silicone neon flex S1220E, tamanho \u00e9 12*20mm, usado para melhorar a atmosfera, e o estilo geral \u00e9 a ilumina\u00e7\u00e3o moderna.","breadcrumb":{"@id":"https:\/\/essenled.com\/product\/embedded-side-view-led-silicone-neon-flex\/#breadcrumb"},"inLanguage":"pt-PT","potentialAction":[{"@type":"ReadAction","target":["https:\/\/essenled.com\/product\/embedded-side-view-led-silicone-neon-flex\/"]}]},{"@type":"ImageObject","inLanguage":"pt-PT","@id":"https:\/\/essenled.com\/product\/embedded-side-view-led-silicone-neon-flex\/#primaryimage","url":"https:\/\/essenled.com\/wp-content\/uploads\/2024\/03\/Embedded-Side-View-S1220E-Silicone-Neon-Flex.webp","contentUrl":"https:\/\/essenled.com\/wp-content\/uploads\/2024\/03\/Embedded-Side-View-S1220E-Silicone-Neon-Flex.webp","width":800,"height":800,"caption":"Embedded Side View S1220E Silicone Neon Flex"},{"@type":"BreadcrumbList","@id":"https:\/\/essenled.com\/product\/embedded-side-view-led-silicone-neon-flex\/#breadcrumb","itemListElement":[{"@type":"ListItem","position":1,"name":"Home","item":"https:\/\/essenled.com\/"},{"@type":"ListItem","position":2,"name":"Product","item":"https:\/\/essenled.com\/fr\/product\/"},{"@type":"ListItem","position":3,"name":"Embedded Side View LED Silicone Neon Flex &#8211; S1220E"}]},{"@type":"WebSite","@id":"https:\/\/essenled.com\/#website","url":"https:\/\/essenled.com\/","name":"ESSENLED","description":"","publisher":{"@id":"https:\/\/essenled.com\/#organization"},"potentialAction":[{"@type":"SearchAction","target":{"@type":"EntryPoint","urlTemplate":"https:\/\/essenled.com\/?s={search_term_string}"},"query-input":{"@type":"PropertyValueSpecification","valueRequired":true,"valueName":"search_term_string"}}],"inLanguage":"pt-PT"},{"@type":"Organization","@id":"https:\/\/essenled.com\/#organization","name":"ESSENLED","url":"https:\/\/essenled.com\/","logo":{"@type":"ImageObject","inLanguage":"pt-PT","@id":"https:\/\/essenled.com\/#\/schema\/logo\/image\/","url":"https:\/\/essenled.com\/wp-content\/uploads\/2024\/01\/Essen-logo.png","contentUrl":"https:\/\/essenled.com\/wp-content\/uploads\/2024\/01\/Essen-logo.png","width":800,"height":110,"caption":"ESSENLED"},"image":{"@id":"https:\/\/essenled.com\/#\/schema\/logo\/image\/"}}]}},"_links":{"self":[{"href":"https:\/\/essenled.com\/pt\/wp-json\/wp\/v2\/product\/1539","targetHints":{"allow":["GET"]}}],"collection":[{"href":"https:\/\/essenled.com\/pt\/wp-json\/wp\/v2\/product"}],"about":[{"href":"https:\/\/essenled.com\/pt\/wp-json\/wp\/v2\/types\/product"}],"version-history":[{"count":1,"href":"https:\/\/essenled.com\/pt\/wp-json\/wp\/v2\/product\/1539\/revisions"}],"predecessor-version":[{"id":1548,"href":"https:\/\/essenled.com\/pt\/wp-json\/wp\/v2\/product\/1539\/revisions\/1548"}],"wp:featuredmedia":[{"embeddable":true,"href":"https:\/\/essenled.com\/pt\/wp-json\/wp\/v2\/media\/1542"}],"wp:attachment":[{"href":"https:\/\/essenled.com\/pt\/wp-json\/wp\/v2\/media?parent=1539"}],"wp:term":[{"taxonomy":"product_brand","embeddable":true,"href":"https:\/\/essenled.com\/pt\/wp-json\/wp\/v2\/product_brand?post=1539"},{"taxonomy":"product_cat","embeddable":true,"href":"https:\/\/essenled.com\/pt\/wp-json\/wp\/v2\/product_cat?post=1539"},{"taxonomy":"product_tag","embeddable":true,"href":"https:\/\/essenled.com\/pt\/wp-json\/wp\/v2\/product_tag?post=1539"}],"curies":[{"name":"wp","href":"https:\/\/api.w.org\/{rel}","templated":true}]}}