{"id":1530,"date":"2024-03-01T03:16:06","date_gmt":"2024-03-01T03:16:06","guid":{"rendered":"https:\/\/essenled.com\/?post_type=product&#038;p=1530"},"modified":"2024-03-01T03:16:07","modified_gmt":"2024-03-01T03:16:07","slug":"embedded-top-view-led-silicone-neon-flex","status":"publish","type":"product","link":"https:\/\/essenled.com\/pt\/produto\/embedded-top-view-led-silicone-neon-flex\/","title":{"rendered":"Vista superior incorporada LED Silicone Neon Flex - T1615E"},"content":{"rendered":"","protected":false},"excerpt":{"rendered":"<p>LED Silicone Neon Flex - T1615E, o tamanho \u00e9 16*15mm. Podem adaptar-se perfeitamente ao espa\u00e7o sem quaisquer lacunas.<\/p>\n<p>Top view LED silicone neon flex T1615E \u00e9 uma fita de n\u00e9on com um design embutido, n\u00e3o necessita de quaisquer acess\u00f3rios para instalar. \u00c9 utilizada principalmente para melhorar a atmosfera, e o estilo geral \u00e9 a ilumina\u00e7\u00e3o moderna.<\/p>\n<p>LED silicone neon flex vista superior 1615E, na pot\u00eancia 5w\/m e 10w\/m. \u00c9 tamb\u00e9m um processo de moldagem por extrus\u00e3o integrado, com um design estrutural \u00fanico e ilumina\u00e7\u00e3o uniforme. Pode instal\u00e1-lo onde quiser para obter a atmosfera de ilumina\u00e7\u00e3o que deseja.<\/p>\n<p>LED silicone n\u00e9on flex vista superior embutido 1615E n\u00edvel imperme\u00e1vel \u00e9 IP44, \u00e9 usado principalmente para ilumina\u00e7\u00e3o interior. Pode ser embutido na parede da sala de estar ou no ch\u00e3o do quarto.<\/p>","protected":false},"featured_media":1533,"template":"","meta":{"_kad_post_transparent":"default","_kad_post_title":"","_kad_post_layout":"default","_kad_post_sidebar_id":"","_kad_post_content_style":"default","_kad_post_vertical_padding":"default","_kad_post_feature":"","_kad_post_feature_position":"","_kad_post_header":false,"_kad_post_footer":false,"_kad_post_classname":""},"product_brand":[],"product_cat":[48,39],"product_tag":[587,582,586,584,583,585],"class_list":{"0":"post-1530","1":"product","2":"type-product","3":"status-publish","4":"has-post-thumbnail","6":"product_cat-embedded-silicone-neon-series","7":"product_cat-neon-strip","8":"product_tag-1615e-embedded-led-neon-tube","9":"product_tag-embedded-1615e-silicone-neon-flex","10":"product_tag-embedded-led-neon-tube-1615e","11":"product_tag-embedded-led-neon-tube-t1615e","12":"product_tag-pre-embedded-1615e-led-neon-tube","13":"product_tag-top-view-1615e-embedded-led-neon-tube","15":"first","16":"instock","17":"shipping-taxable","18":"product-type-simple","19":"entry","20":"content-bg","21":"loop-entry"},"yoast_head":"<!-- This site is optimized with the Yoast SEO Premium plugin v24.3 (Yoast SEO v26.7) - https:\/\/yoast.com\/wordpress\/plugins\/seo\/ -->\n<title>Embedded Top View LED Silicone Neon Flex - T1615E - ESSENLED<\/title>\n<meta name=\"description\" content=\"Embedded Top View LED Silicone Neon Flex - T1615E, the size is 16*15mm. They can fit the space perfectly without any gaps.\" \/>\n<meta name=\"robots\" content=\"index, follow, max-snippet:-1, max-image-preview:large, max-video-preview:-1\" \/>\n<link rel=\"canonical\" href=\"https:\/\/essenled.com\/pt\/produto\/embedded-top-view-led-silicone-neon-flex\/\" \/>\n<meta property=\"og:locale\" content=\"pt_PT\" \/>\n<meta property=\"og:type\" content=\"article\" \/>\n<meta property=\"og:title\" content=\"Embedded Top View LED Silicone Neon Flex - T1615E\" \/>\n<meta property=\"og:description\" content=\"Embedded Top View LED Silicone Neon Flex - T1615E, the size is 16*15mm. They can fit the space perfectly without any gaps.\" \/>\n<meta property=\"og:url\" content=\"https:\/\/essenled.com\/pt\/produto\/embedded-top-view-led-silicone-neon-flex\/\" \/>\n<meta property=\"og:site_name\" content=\"ESSENLED\" \/>\n<meta property=\"article:modified_time\" content=\"2024-03-01T03:16:07+00:00\" \/>\n<meta property=\"og:image\" content=\"https:\/\/essenled.com\/wp-content\/uploads\/2024\/03\/Embedded-1615E-Silicone-Neon-Flex.webp\" \/>\n\t<meta property=\"og:image:width\" content=\"800\" \/>\n\t<meta property=\"og:image:height\" content=\"800\" \/>\n\t<meta property=\"og:image:type\" content=\"image\/webp\" \/>\n<meta name=\"twitter:card\" content=\"summary_large_image\" \/>\n<meta name=\"twitter:label1\" content=\"Tempo estimado de leitura\" \/>\n\t<meta name=\"twitter:data1\" content=\"1 minuto\" \/>\n<script type=\"application\/ld+json\" class=\"yoast-schema-graph\">{\"@context\":\"https:\/\/schema.org\",\"@graph\":[{\"@type\":\"WebPage\",\"@id\":\"https:\/\/essenled.com\/product\/embedded-top-view-led-silicone-neon-flex\/\",\"url\":\"https:\/\/essenled.com\/product\/embedded-top-view-led-silicone-neon-flex\/\",\"name\":\"Embedded Top View LED Silicone Neon Flex - T1615E - ESSENLED\",\"isPartOf\":{\"@id\":\"https:\/\/essenled.com\/#website\"},\"primaryImageOfPage\":{\"@id\":\"https:\/\/essenled.com\/product\/embedded-top-view-led-silicone-neon-flex\/#primaryimage\"},\"image\":{\"@id\":\"https:\/\/essenled.com\/product\/embedded-top-view-led-silicone-neon-flex\/#primaryimage\"},\"thumbnailUrl\":\"https:\/\/essenled.com\/wp-content\/uploads\/2024\/03\/Embedded-1615E-Silicone-Neon-Flex.webp\",\"datePublished\":\"2024-03-01T03:16:06+00:00\",\"dateModified\":\"2024-03-01T03:16:07+00:00\",\"description\":\"Embedded Top View LED Silicone Neon Flex - T1615E, the size is 16*15mm. They can fit the space perfectly without any gaps.\",\"breadcrumb\":{\"@id\":\"https:\/\/essenled.com\/product\/embedded-top-view-led-silicone-neon-flex\/#breadcrumb\"},\"inLanguage\":\"pt-PT\",\"potentialAction\":[{\"@type\":\"ReadAction\",\"target\":[\"https:\/\/essenled.com\/product\/embedded-top-view-led-silicone-neon-flex\/\"]}]},{\"@type\":\"ImageObject\",\"inLanguage\":\"pt-PT\",\"@id\":\"https:\/\/essenled.com\/product\/embedded-top-view-led-silicone-neon-flex\/#primaryimage\",\"url\":\"https:\/\/essenled.com\/wp-content\/uploads\/2024\/03\/Embedded-1615E-Silicone-Neon-Flex.webp\",\"contentUrl\":\"https:\/\/essenled.com\/wp-content\/uploads\/2024\/03\/Embedded-1615E-Silicone-Neon-Flex.webp\",\"width\":800,\"height\":800,\"caption\":\"Embedded 1615E Silicone Neon Flex\"},{\"@type\":\"BreadcrumbList\",\"@id\":\"https:\/\/essenled.com\/product\/embedded-top-view-led-silicone-neon-flex\/#breadcrumb\",\"itemListElement\":[{\"@type\":\"ListItem\",\"position\":1,\"name\":\"Home\",\"item\":\"https:\/\/essenled.com\/\"},{\"@type\":\"ListItem\",\"position\":2,\"name\":\"Product\",\"item\":\"https:\/\/essenled.com\/fr\/product\/\"},{\"@type\":\"ListItem\",\"position\":3,\"name\":\"Embedded Top View LED Silicone Neon Flex &#8211; T1615E\"}]},{\"@type\":\"WebSite\",\"@id\":\"https:\/\/essenled.com\/#website\",\"url\":\"https:\/\/essenled.com\/\",\"name\":\"ESSENLED\",\"description\":\"\",\"publisher\":{\"@id\":\"https:\/\/essenled.com\/#organization\"},\"potentialAction\":[{\"@type\":\"SearchAction\",\"target\":{\"@type\":\"EntryPoint\",\"urlTemplate\":\"https:\/\/essenled.com\/?s={search_term_string}\"},\"query-input\":{\"@type\":\"PropertyValueSpecification\",\"valueRequired\":true,\"valueName\":\"search_term_string\"}}],\"inLanguage\":\"pt-PT\"},{\"@type\":\"Organization\",\"@id\":\"https:\/\/essenled.com\/#organization\",\"name\":\"ESSENLED\",\"url\":\"https:\/\/essenled.com\/\",\"logo\":{\"@type\":\"ImageObject\",\"inLanguage\":\"pt-PT\",\"@id\":\"https:\/\/essenled.com\/#\/schema\/logo\/image\/\",\"url\":\"https:\/\/essenled.com\/wp-content\/uploads\/2024\/01\/Essen-logo.png\",\"contentUrl\":\"https:\/\/essenled.com\/wp-content\/uploads\/2024\/01\/Essen-logo.png\",\"width\":800,\"height\":110,\"caption\":\"ESSENLED\"},\"image\":{\"@id\":\"https:\/\/essenled.com\/#\/schema\/logo\/image\/\"}}]}<\/script>\n<!-- \/ Yoast SEO Premium plugin. -->","yoast_head_json":{"title":"LED de silicone neon flex embutido de vista superior - T1615E - ESSENLED","description":"LED Silicone Neon Flex - T1615E, o tamanho \u00e9 16*15mm. Podem encaixar-se perfeitamente no espa\u00e7o sem quaisquer lacunas.","robots":{"index":"index","follow":"follow","max-snippet":"max-snippet:-1","max-image-preview":"max-image-preview:large","max-video-preview":"max-video-preview:-1"},"canonical":"https:\/\/essenled.com\/pt\/produto\/embedded-top-view-led-silicone-neon-flex\/","og_locale":"pt_PT","og_type":"article","og_title":"Embedded Top View LED Silicone Neon Flex - T1615E","og_description":"Embedded Top View LED Silicone Neon Flex - T1615E, the size is 16*15mm. They can fit the space perfectly without any gaps.","og_url":"https:\/\/essenled.com\/pt\/produto\/embedded-top-view-led-silicone-neon-flex\/","og_site_name":"ESSENLED","article_modified_time":"2024-03-01T03:16:07+00:00","og_image":[{"width":800,"height":800,"url":"https:\/\/essenled.com\/wp-content\/uploads\/2024\/03\/Embedded-1615E-Silicone-Neon-Flex.webp","type":"image\/webp"}],"twitter_card":"summary_large_image","twitter_misc":{"Tempo estimado de leitura":"1 minuto"},"schema":{"@context":"https:\/\/schema.org","@graph":[{"@type":"WebPage","@id":"https:\/\/essenled.com\/product\/embedded-top-view-led-silicone-neon-flex\/","url":"https:\/\/essenled.com\/product\/embedded-top-view-led-silicone-neon-flex\/","name":"LED de silicone neon flex embutido de vista superior - T1615E - ESSENLED","isPartOf":{"@id":"https:\/\/essenled.com\/#website"},"primaryImageOfPage":{"@id":"https:\/\/essenled.com\/product\/embedded-top-view-led-silicone-neon-flex\/#primaryimage"},"image":{"@id":"https:\/\/essenled.com\/product\/embedded-top-view-led-silicone-neon-flex\/#primaryimage"},"thumbnailUrl":"https:\/\/essenled.com\/wp-content\/uploads\/2024\/03\/Embedded-1615E-Silicone-Neon-Flex.webp","datePublished":"2024-03-01T03:16:06+00:00","dateModified":"2024-03-01T03:16:07+00:00","description":"LED Silicone Neon Flex - T1615E, o tamanho \u00e9 16*15mm. Podem encaixar-se perfeitamente no espa\u00e7o sem quaisquer lacunas.","breadcrumb":{"@id":"https:\/\/essenled.com\/product\/embedded-top-view-led-silicone-neon-flex\/#breadcrumb"},"inLanguage":"pt-PT","potentialAction":[{"@type":"ReadAction","target":["https:\/\/essenled.com\/product\/embedded-top-view-led-silicone-neon-flex\/"]}]},{"@type":"ImageObject","inLanguage":"pt-PT","@id":"https:\/\/essenled.com\/product\/embedded-top-view-led-silicone-neon-flex\/#primaryimage","url":"https:\/\/essenled.com\/wp-content\/uploads\/2024\/03\/Embedded-1615E-Silicone-Neon-Flex.webp","contentUrl":"https:\/\/essenled.com\/wp-content\/uploads\/2024\/03\/Embedded-1615E-Silicone-Neon-Flex.webp","width":800,"height":800,"caption":"Embedded 1615E Silicone Neon Flex"},{"@type":"BreadcrumbList","@id":"https:\/\/essenled.com\/product\/embedded-top-view-led-silicone-neon-flex\/#breadcrumb","itemListElement":[{"@type":"ListItem","position":1,"name":"Home","item":"https:\/\/essenled.com\/"},{"@type":"ListItem","position":2,"name":"Product","item":"https:\/\/essenled.com\/fr\/product\/"},{"@type":"ListItem","position":3,"name":"Embedded Top View LED Silicone Neon Flex &#8211; T1615E"}]},{"@type":"WebSite","@id":"https:\/\/essenled.com\/#website","url":"https:\/\/essenled.com\/","name":"ESSENLED","description":"","publisher":{"@id":"https:\/\/essenled.com\/#organization"},"potentialAction":[{"@type":"SearchAction","target":{"@type":"EntryPoint","urlTemplate":"https:\/\/essenled.com\/?s={search_term_string}"},"query-input":{"@type":"PropertyValueSpecification","valueRequired":true,"valueName":"search_term_string"}}],"inLanguage":"pt-PT"},{"@type":"Organization","@id":"https:\/\/essenled.com\/#organization","name":"ESSENLED","url":"https:\/\/essenled.com\/","logo":{"@type":"ImageObject","inLanguage":"pt-PT","@id":"https:\/\/essenled.com\/#\/schema\/logo\/image\/","url":"https:\/\/essenled.com\/wp-content\/uploads\/2024\/01\/Essen-logo.png","contentUrl":"https:\/\/essenled.com\/wp-content\/uploads\/2024\/01\/Essen-logo.png","width":800,"height":110,"caption":"ESSENLED"},"image":{"@id":"https:\/\/essenled.com\/#\/schema\/logo\/image\/"}}]}},"_links":{"self":[{"href":"https:\/\/essenled.com\/pt\/wp-json\/wp\/v2\/product\/1530","targetHints":{"allow":["GET"]}}],"collection":[{"href":"https:\/\/essenled.com\/pt\/wp-json\/wp\/v2\/product"}],"about":[{"href":"https:\/\/essenled.com\/pt\/wp-json\/wp\/v2\/types\/product"}],"version-history":[{"count":1,"href":"https:\/\/essenled.com\/pt\/wp-json\/wp\/v2\/product\/1530\/revisions"}],"predecessor-version":[{"id":1538,"href":"https:\/\/essenled.com\/pt\/wp-json\/wp\/v2\/product\/1530\/revisions\/1538"}],"wp:featuredmedia":[{"embeddable":true,"href":"https:\/\/essenled.com\/pt\/wp-json\/wp\/v2\/media\/1533"}],"wp:attachment":[{"href":"https:\/\/essenled.com\/pt\/wp-json\/wp\/v2\/media?parent=1530"}],"wp:term":[{"taxonomy":"product_brand","embeddable":true,"href":"https:\/\/essenled.com\/pt\/wp-json\/wp\/v2\/product_brand?post=1530"},{"taxonomy":"product_cat","embeddable":true,"href":"https:\/\/essenled.com\/pt\/wp-json\/wp\/v2\/product_cat?post=1530"},{"taxonomy":"product_tag","embeddable":true,"href":"https:\/\/essenled.com\/pt\/wp-json\/wp\/v2\/product_tag?post=1530"}],"curies":[{"name":"wp","href":"https:\/\/api.w.org\/{rel}","templated":true}]}}