{"id":1403,"date":"2024-02-28T10:44:23","date_gmt":"2024-02-28T10:44:23","guid":{"rendered":"https:\/\/essenled.com\/?post_type=product&#038;p=1403"},"modified":"2025-02-06T06:44:48","modified_gmt":"2025-02-06T06:44:48","slug":"360-degree-round-led-neon-flex","status":"publish","type":"product","link":"https:\/\/essenled.com\/pt\/produto\/360-degree-round-led-neon-flex\/","title":{"rendered":"N\u00e9on Flex LED redondo de 360 graus - R25"},"content":{"rendered":"","protected":false},"excerpt":{"rendered":"<p>Luz flex\u00edvel de n\u00e9on LED circular de 360 graus R25, em forma redonda ou cil\u00edndrica. Este produto \u00e9 moldado com moldagem por inje\u00e7\u00e3o de silicone de uma pe\u00e7a. O comprimento mais longo pode ser de 10 metros, e comprimentos personalizados tamb\u00e9m s\u00e3o suportados.<\/p>\n<p>As luzes flex\u00edveis de n\u00e9on LED emitem luz em todas as direc\u00e7\u00f5es, proporcionando uma ilumina\u00e7\u00e3o uniforme em toda a sua circunfer\u00eancia. Esta carater\u00edstica garante uma cobertura total e visibilidade da sa\u00edda de luz. As luzes flex\u00edveis de n\u00e9on LED circulares de 360 graus permitem uma variedade de op\u00e7\u00f5es de instala\u00e7\u00e3o, incluindo o contorno de curvas, o contorno de estruturas circulares e a cria\u00e7\u00e3o de formas e padr\u00f5es personalizados.<\/p>\n<p>As luzes flex\u00edveis circulares de n\u00e9on LED de 360 graus t\u00eam pot\u00eancias regulares de 5W\/m, 10W\/m e 15W\/m, e tamb\u00e9m suportam pot\u00eancia personalizada.<\/p>\n<p>As luzes flex\u00edveis de n\u00e9on LED circulares de 360 graus s\u00e3o adequadas para v\u00e1rias aplica\u00e7\u00f5es que requerem efeitos de ilumina\u00e7\u00e3o uniformes e apelativos.<\/p>","protected":false},"featured_media":1405,"template":"","meta":{"_kad_post_transparent":"default","_kad_post_title":"","_kad_post_layout":"default","_kad_post_sidebar_id":"","_kad_post_content_style":"default","_kad_post_vertical_padding":"default","_kad_post_feature":"","_kad_post_feature_position":"","_kad_post_header":false,"_kad_post_footer":false,"_kad_post_classname":""},"product_brand":[],"product_cat":[40,39],"product_tag":[509,513,514,511,512,510],"class_list":{"0":"post-1403","1":"product","2":"type-product","3":"status-publish","4":"has-post-thumbnail","6":"product_cat-360-degree-neon-series","7":"product_cat-neon-strip","8":"product_tag-360-degree-round-led-neon-flex","9":"product_tag-360-degree-round-waterproof-flex-neon-led","10":"product_tag-360-beam-angle-led-neon-flex","11":"product_tag-360-illuminte-round-silincone-lights","12":"product_tag-360illuminated-led-neon-light","13":"product_tag-neon-flex-360","15":"first","16":"instock","17":"featured","18":"shipping-taxable","19":"product-type-simple","20":"entry","21":"content-bg","22":"loop-entry"},"yoast_head":"<!-- This site is optimized with the Yoast SEO Premium plugin v24.3 (Yoast SEO v26.7) - https:\/\/yoast.com\/wordpress\/plugins\/seo\/ -->\n<title>360 Degree Round LED Neon Flex - R25 - ESSENLED<\/title>\n<meta name=\"description\" content=\"360 degree round LED neon flex lights R25, neon flex emits light in all directions, providing uniform illumination around its circumference.\" \/>\n<meta name=\"robots\" content=\"index, follow, max-snippet:-1, max-image-preview:large, max-video-preview:-1\" \/>\n<link rel=\"canonical\" href=\"https:\/\/essenled.com\/pt\/produto\/360-degree-round-led-neon-flex\/\" \/>\n<meta property=\"og:locale\" content=\"pt_PT\" \/>\n<meta property=\"og:type\" content=\"article\" \/>\n<meta property=\"og:title\" content=\"360 Degree Round LED Neon Flex - R25\" \/>\n<meta property=\"og:description\" content=\"360 degree round LED neon flex lights R25, neon flex emits light in all directions, providing uniform illumination around its circumference.\" \/>\n<meta property=\"og:url\" content=\"https:\/\/essenled.com\/pt\/produto\/360-degree-round-led-neon-flex\/\" \/>\n<meta property=\"og:site_name\" content=\"ESSENLED\" \/>\n<meta property=\"article:modified_time\" content=\"2025-02-06T06:44:48+00:00\" \/>\n<meta property=\"og:image\" content=\"https:\/\/essenled.com\/wp-content\/uploads\/2024\/02\/360-Degree-Round-LED-Neon-Flex-R25.webp\" \/>\n\t<meta property=\"og:image:width\" content=\"800\" \/>\n\t<meta property=\"og:image:height\" content=\"800\" \/>\n\t<meta property=\"og:image:type\" content=\"image\/webp\" \/>\n<meta name=\"twitter:card\" content=\"summary_large_image\" \/>\n<meta name=\"twitter:label1\" content=\"Tempo estimado de leitura\" \/>\n\t<meta name=\"twitter:data1\" content=\"1 minuto\" \/>\n<script type=\"application\/ld+json\" class=\"yoast-schema-graph\">{\"@context\":\"https:\/\/schema.org\",\"@graph\":[{\"@type\":\"WebPage\",\"@id\":\"https:\/\/essenled.com\/product\/360-degree-round-led-neon-flex\/\",\"url\":\"https:\/\/essenled.com\/product\/360-degree-round-led-neon-flex\/\",\"name\":\"360 Degree Round LED Neon Flex - R25 - ESSENLED\",\"isPartOf\":{\"@id\":\"https:\/\/essenled.com\/#website\"},\"primaryImageOfPage\":{\"@id\":\"https:\/\/essenled.com\/product\/360-degree-round-led-neon-flex\/#primaryimage\"},\"image\":{\"@id\":\"https:\/\/essenled.com\/product\/360-degree-round-led-neon-flex\/#primaryimage\"},\"thumbnailUrl\":\"https:\/\/essenled.com\/wp-content\/uploads\/2024\/02\/360-Degree-Round-LED-Neon-Flex-R25.webp\",\"datePublished\":\"2024-02-28T10:44:23+00:00\",\"dateModified\":\"2025-02-06T06:44:48+00:00\",\"description\":\"360 degree round LED neon flex lights R25, neon flex emits light in all directions, providing uniform illumination around its circumference.\",\"breadcrumb\":{\"@id\":\"https:\/\/essenled.com\/product\/360-degree-round-led-neon-flex\/#breadcrumb\"},\"inLanguage\":\"pt-PT\",\"potentialAction\":[{\"@type\":\"ReadAction\",\"target\":[\"https:\/\/essenled.com\/product\/360-degree-round-led-neon-flex\/\"]}]},{\"@type\":\"ImageObject\",\"inLanguage\":\"pt-PT\",\"@id\":\"https:\/\/essenled.com\/product\/360-degree-round-led-neon-flex\/#primaryimage\",\"url\":\"https:\/\/essenled.com\/wp-content\/uploads\/2024\/02\/360-Degree-Round-LED-Neon-Flex-R25.webp\",\"contentUrl\":\"https:\/\/essenled.com\/wp-content\/uploads\/2024\/02\/360-Degree-Round-LED-Neon-Flex-R25.webp\",\"width\":800,\"height\":800,\"caption\":\"360 Degree Round LED Neon Flex - R25\"},{\"@type\":\"BreadcrumbList\",\"@id\":\"https:\/\/essenled.com\/product\/360-degree-round-led-neon-flex\/#breadcrumb\",\"itemListElement\":[{\"@type\":\"ListItem\",\"position\":1,\"name\":\"Home\",\"item\":\"https:\/\/essenled.com\/\"},{\"@type\":\"ListItem\",\"position\":2,\"name\":\"Product\",\"item\":\"https:\/\/essenled.com\/fr\/product\/\"},{\"@type\":\"ListItem\",\"position\":3,\"name\":\"360 Degree Round LED Neon Flex &#8211; R25\"}]},{\"@type\":\"WebSite\",\"@id\":\"https:\/\/essenled.com\/#website\",\"url\":\"https:\/\/essenled.com\/\",\"name\":\"ESSENLED\",\"description\":\"\",\"publisher\":{\"@id\":\"https:\/\/essenled.com\/#organization\"},\"potentialAction\":[{\"@type\":\"SearchAction\",\"target\":{\"@type\":\"EntryPoint\",\"urlTemplate\":\"https:\/\/essenled.com\/?s={search_term_string}\"},\"query-input\":{\"@type\":\"PropertyValueSpecification\",\"valueRequired\":true,\"valueName\":\"search_term_string\"}}],\"inLanguage\":\"pt-PT\"},{\"@type\":\"Organization\",\"@id\":\"https:\/\/essenled.com\/#organization\",\"name\":\"ESSENLED\",\"url\":\"https:\/\/essenled.com\/\",\"logo\":{\"@type\":\"ImageObject\",\"inLanguage\":\"pt-PT\",\"@id\":\"https:\/\/essenled.com\/#\/schema\/logo\/image\/\",\"url\":\"https:\/\/essenled.com\/wp-content\/uploads\/2024\/01\/Essen-logo.png\",\"contentUrl\":\"https:\/\/essenled.com\/wp-content\/uploads\/2024\/01\/Essen-logo.png\",\"width\":800,\"height\":110,\"caption\":\"ESSENLED\"},\"image\":{\"@id\":\"https:\/\/essenled.com\/#\/schema\/logo\/image\/\"}}]}<\/script>\n<!-- \/ Yoast SEO Premium plugin. -->","yoast_head_json":{"title":"N\u00e9on Flex LED redondo 360 graus - R25 - ESSENLED","description":"Luzes flex\u00edveis de n\u00e9on LED redondas de 360 graus R25, o n\u00e9on flex emite luz em todas as direc\u00e7\u00f5es, proporcionando uma ilumina\u00e7\u00e3o uniforme \u00e0 volta da sua circunfer\u00eancia.","robots":{"index":"index","follow":"follow","max-snippet":"max-snippet:-1","max-image-preview":"max-image-preview:large","max-video-preview":"max-video-preview:-1"},"canonical":"https:\/\/essenled.com\/pt\/produto\/360-degree-round-led-neon-flex\/","og_locale":"pt_PT","og_type":"article","og_title":"360 Degree Round LED Neon Flex - R25","og_description":"360 degree round LED neon flex lights R25, neon flex emits light in all directions, providing uniform illumination around its circumference.","og_url":"https:\/\/essenled.com\/pt\/produto\/360-degree-round-led-neon-flex\/","og_site_name":"ESSENLED","article_modified_time":"2025-02-06T06:44:48+00:00","og_image":[{"width":800,"height":800,"url":"https:\/\/essenled.com\/wp-content\/uploads\/2024\/02\/360-Degree-Round-LED-Neon-Flex-R25.webp","type":"image\/webp"}],"twitter_card":"summary_large_image","twitter_misc":{"Tempo estimado de leitura":"1 minuto"},"schema":{"@context":"https:\/\/schema.org","@graph":[{"@type":"WebPage","@id":"https:\/\/essenled.com\/product\/360-degree-round-led-neon-flex\/","url":"https:\/\/essenled.com\/product\/360-degree-round-led-neon-flex\/","name":"N\u00e9on Flex LED redondo 360 graus - R25 - ESSENLED","isPartOf":{"@id":"https:\/\/essenled.com\/#website"},"primaryImageOfPage":{"@id":"https:\/\/essenled.com\/product\/360-degree-round-led-neon-flex\/#primaryimage"},"image":{"@id":"https:\/\/essenled.com\/product\/360-degree-round-led-neon-flex\/#primaryimage"},"thumbnailUrl":"https:\/\/essenled.com\/wp-content\/uploads\/2024\/02\/360-Degree-Round-LED-Neon-Flex-R25.webp","datePublished":"2024-02-28T10:44:23+00:00","dateModified":"2025-02-06T06:44:48+00:00","description":"Luzes flex\u00edveis de n\u00e9on LED redondas de 360 graus R25, o n\u00e9on flex emite luz em todas as direc\u00e7\u00f5es, proporcionando uma ilumina\u00e7\u00e3o uniforme \u00e0 volta da sua circunfer\u00eancia.","breadcrumb":{"@id":"https:\/\/essenled.com\/product\/360-degree-round-led-neon-flex\/#breadcrumb"},"inLanguage":"pt-PT","potentialAction":[{"@type":"ReadAction","target":["https:\/\/essenled.com\/product\/360-degree-round-led-neon-flex\/"]}]},{"@type":"ImageObject","inLanguage":"pt-PT","@id":"https:\/\/essenled.com\/product\/360-degree-round-led-neon-flex\/#primaryimage","url":"https:\/\/essenled.com\/wp-content\/uploads\/2024\/02\/360-Degree-Round-LED-Neon-Flex-R25.webp","contentUrl":"https:\/\/essenled.com\/wp-content\/uploads\/2024\/02\/360-Degree-Round-LED-Neon-Flex-R25.webp","width":800,"height":800,"caption":"360 Degree Round LED Neon Flex - R25"},{"@type":"BreadcrumbList","@id":"https:\/\/essenled.com\/product\/360-degree-round-led-neon-flex\/#breadcrumb","itemListElement":[{"@type":"ListItem","position":1,"name":"Home","item":"https:\/\/essenled.com\/"},{"@type":"ListItem","position":2,"name":"Product","item":"https:\/\/essenled.com\/fr\/product\/"},{"@type":"ListItem","position":3,"name":"360 Degree Round LED Neon Flex &#8211; R25"}]},{"@type":"WebSite","@id":"https:\/\/essenled.com\/#website","url":"https:\/\/essenled.com\/","name":"ESSENLED","description":"","publisher":{"@id":"https:\/\/essenled.com\/#organization"},"potentialAction":[{"@type":"SearchAction","target":{"@type":"EntryPoint","urlTemplate":"https:\/\/essenled.com\/?s={search_term_string}"},"query-input":{"@type":"PropertyValueSpecification","valueRequired":true,"valueName":"search_term_string"}}],"inLanguage":"pt-PT"},{"@type":"Organization","@id":"https:\/\/essenled.com\/#organization","name":"ESSENLED","url":"https:\/\/essenled.com\/","logo":{"@type":"ImageObject","inLanguage":"pt-PT","@id":"https:\/\/essenled.com\/#\/schema\/logo\/image\/","url":"https:\/\/essenled.com\/wp-content\/uploads\/2024\/01\/Essen-logo.png","contentUrl":"https:\/\/essenled.com\/wp-content\/uploads\/2024\/01\/Essen-logo.png","width":800,"height":110,"caption":"ESSENLED"},"image":{"@id":"https:\/\/essenled.com\/#\/schema\/logo\/image\/"}}]}},"_links":{"self":[{"href":"https:\/\/essenled.com\/pt\/wp-json\/wp\/v2\/product\/1403","targetHints":{"allow":["GET"]}}],"collection":[{"href":"https:\/\/essenled.com\/pt\/wp-json\/wp\/v2\/product"}],"about":[{"href":"https:\/\/essenled.com\/pt\/wp-json\/wp\/v2\/types\/product"}],"version-history":[{"count":3,"href":"https:\/\/essenled.com\/pt\/wp-json\/wp\/v2\/product\/1403\/revisions"}],"predecessor-version":[{"id":3054,"href":"https:\/\/essenled.com\/pt\/wp-json\/wp\/v2\/product\/1403\/revisions\/3054"}],"wp:featuredmedia":[{"embeddable":true,"href":"https:\/\/essenled.com\/pt\/wp-json\/wp\/v2\/media\/1405"}],"wp:attachment":[{"href":"https:\/\/essenled.com\/pt\/wp-json\/wp\/v2\/media?parent=1403"}],"wp:term":[{"taxonomy":"product_brand","embeddable":true,"href":"https:\/\/essenled.com\/pt\/wp-json\/wp\/v2\/product_brand?post=1403"},{"taxonomy":"product_cat","embeddable":true,"href":"https:\/\/essenled.com\/pt\/wp-json\/wp\/v2\/product_cat?post=1403"},{"taxonomy":"product_tag","embeddable":true,"href":"https:\/\/essenled.com\/pt\/wp-json\/wp\/v2\/product_tag?post=1403"}],"curies":[{"name":"wp","href":"https:\/\/api.w.org\/{rel}","templated":true}]}}