{"id":1281,"date":"2024-02-27T06:51:16","date_gmt":"2024-02-27T06:51:16","guid":{"rendered":"https:\/\/essenled.com\/?post_type=product&#038;p=1281"},"modified":"2024-05-31T11:47:38","modified_gmt":"2024-05-31T11:47:38","slug":"dim-to-warm-224leds-2216-led-strip-high-density","status":"publish","type":"product","link":"https:\/\/essenled.com\/pt\/produto\/dim-to-warm-224leds-2216-led-strip-high-density\/","title":{"rendered":"Escuro a quente 224LEDs 2216 Fita LED de alta densidade 18W"},"content":{"rendered":"","protected":false},"excerpt":{"rendered":"<p>Dim to Warm 224leds\/m, tiras de LED de alta densidade SMD2216, \u00e9 uma tira de LED especial que escurece \u00e0 medida que transita de temperaturas de cor mais frias para mais quentes, imitando o escurecimento das l\u00e2mpadas incandescentes ou de halog\u00e9neo tradicionais.<\/p>\n<p>A fita LED Dim to Warm 224leds 2216, os leds at\u00e9 224leds\/m t\u00eam uma elevada densidade de LEDs, o que resulta numa sa\u00edda de luz intensa e uniforme ao longo do seu comprimento, para uma ilumina\u00e7\u00e3o brilhante e uniforme.<\/p>\n<p>A fita LED 224leds 2216, de fraca a quente, 18W por metro, pot\u00eancia moderada. Com uma largura de 10 mm, estas tiras de LED s\u00e3o compactas e adequadas para uma variedade de aplica\u00e7\u00f5es de ilumina\u00e7\u00e3o interior.<\/p>\n<p>A fita LED 3000K-1800K pode passar de uma temperatura de cor branca quente de 3000 Kelvin (K) para uma temperatura de cor mais quente de 1800K, proporcionando um ambiente vers\u00e1til e efeitos de ilumina\u00e7\u00e3o.<\/p>","protected":false},"featured_media":2121,"template":"","meta":{"_kad_post_transparent":"default","_kad_post_title":"","_kad_post_layout":"default","_kad_post_sidebar_id":"","_kad_post_content_style":"default","_kad_post_vertical_padding":"default","_kad_post_feature":"","_kad_post_feature_position":"","_kad_post_header":false,"_kad_post_footer":false,"_kad_post_classname":""},"product_brand":[],"product_cat":[33,29],"product_tag":[428,425,427,430,429,426],"class_list":{"0":"post-1281","1":"product","2":"type-product","3":"status-publish","4":"has-post-thumbnail","6":"product_cat-dim-to-warm-series","7":"product_cat-led-strip","8":"product_tag-24v-dim-to-warm-led-tape-light","9":"product_tag-dim-to-warm-led-strip-lights-high-density","10":"product_tag-dim-to-warm-strip-lights-high-quality","11":"product_tag-dim-to-warm-warm-white-led-strip","12":"product_tag-dim-to-warm-24vdc-led-tape-light-system","13":"product_tag-dim-to-warm-series-led-strip-light-3000k-1800k","15":"first","16":"instock","17":"shipping-taxable","18":"product-type-simple","19":"entry","20":"content-bg","21":"loop-entry"},"yoast_head":"<!-- This site is optimized with the Yoast SEO Premium plugin v24.3 (Yoast SEO v26.7) - https:\/\/yoast.com\/wordpress\/plugins\/seo\/ -->\n<title>Dim to Warm 224LEDs 2216 LED Strip High Density 18W - ESSENLED<\/title>\n<meta name=\"description\" content=\"Dim to Warm 224leds 2216 high density LED strip lights, that dims as it transitions from cooler to warmer color temperatures.\" \/>\n<meta name=\"robots\" content=\"index, follow, max-snippet:-1, max-image-preview:large, max-video-preview:-1\" \/>\n<link rel=\"canonical\" href=\"https:\/\/essenled.com\/pt\/produto\/dim-to-warm-224leds-2216-led-strip-high-density\/\" \/>\n<meta property=\"og:locale\" content=\"pt_PT\" \/>\n<meta property=\"og:type\" content=\"article\" \/>\n<meta property=\"og:title\" content=\"Dim to Warm 224LEDs 2216 LED Strip High Density 18W\" \/>\n<meta property=\"og:description\" content=\"Dim to Warm 224leds 2216 high density LED strip lights, that dims as it transitions from cooler to warmer color temperatures.\" \/>\n<meta property=\"og:url\" content=\"https:\/\/essenled.com\/pt\/produto\/dim-to-warm-224leds-2216-led-strip-high-density\/\" \/>\n<meta property=\"og:site_name\" content=\"ESSENLED\" \/>\n<meta property=\"article:modified_time\" content=\"2024-05-31T11:47:38+00:00\" \/>\n<meta property=\"og:image\" content=\"https:\/\/essenled.com\/wp-content\/uploads\/2024\/02\/Dim-to-Warm-SMD2216-LED-Strip-Light.webp\" \/>\n\t<meta property=\"og:image:width\" content=\"1000\" \/>\n\t<meta property=\"og:image:height\" content=\"1000\" \/>\n\t<meta property=\"og:image:type\" content=\"image\/webp\" \/>\n<meta name=\"twitter:card\" content=\"summary_large_image\" \/>\n<meta name=\"twitter:label1\" content=\"Tempo estimado de leitura\" \/>\n\t<meta name=\"twitter:data1\" content=\"1 minuto\" \/>\n<script type=\"application\/ld+json\" class=\"yoast-schema-graph\">{\"@context\":\"https:\/\/schema.org\",\"@graph\":[{\"@type\":\"WebPage\",\"@id\":\"https:\/\/essenled.com\/product\/dim-to-warm-224leds-2216-led-strip-high-density\/\",\"url\":\"https:\/\/essenled.com\/product\/dim-to-warm-224leds-2216-led-strip-high-density\/\",\"name\":\"Dim to Warm 224LEDs 2216 LED Strip High Density 18W - ESSENLED\",\"isPartOf\":{\"@id\":\"https:\/\/essenled.com\/#website\"},\"primaryImageOfPage\":{\"@id\":\"https:\/\/essenled.com\/product\/dim-to-warm-224leds-2216-led-strip-high-density\/#primaryimage\"},\"image\":{\"@id\":\"https:\/\/essenled.com\/product\/dim-to-warm-224leds-2216-led-strip-high-density\/#primaryimage\"},\"thumbnailUrl\":\"https:\/\/essenled.com\/wp-content\/uploads\/2024\/02\/Dim-to-Warm-SMD2216-LED-Strip-Light.webp\",\"datePublished\":\"2024-02-27T06:51:16+00:00\",\"dateModified\":\"2024-05-31T11:47:38+00:00\",\"description\":\"Dim to Warm 224leds 2216 high density LED strip lights, that dims as it transitions from cooler to warmer color temperatures.\",\"breadcrumb\":{\"@id\":\"https:\/\/essenled.com\/product\/dim-to-warm-224leds-2216-led-strip-high-density\/#breadcrumb\"},\"inLanguage\":\"pt-PT\",\"potentialAction\":[{\"@type\":\"ReadAction\",\"target\":[\"https:\/\/essenled.com\/product\/dim-to-warm-224leds-2216-led-strip-high-density\/\"]}]},{\"@type\":\"ImageObject\",\"inLanguage\":\"pt-PT\",\"@id\":\"https:\/\/essenled.com\/product\/dim-to-warm-224leds-2216-led-strip-high-density\/#primaryimage\",\"url\":\"https:\/\/essenled.com\/wp-content\/uploads\/2024\/02\/Dim-to-Warm-SMD2216-LED-Strip-Light.webp\",\"contentUrl\":\"https:\/\/essenled.com\/wp-content\/uploads\/2024\/02\/Dim-to-Warm-SMD2216-LED-Strip-Light.webp\",\"width\":1000,\"height\":1000,\"caption\":\"Dim to Warm SMD2216 LED Strip Light\"},{\"@type\":\"BreadcrumbList\",\"@id\":\"https:\/\/essenled.com\/product\/dim-to-warm-224leds-2216-led-strip-high-density\/#breadcrumb\",\"itemListElement\":[{\"@type\":\"ListItem\",\"position\":1,\"name\":\"Home\",\"item\":\"https:\/\/essenled.com\/\"},{\"@type\":\"ListItem\",\"position\":2,\"name\":\"Product\",\"item\":\"https:\/\/essenled.com\/fr\/product\/\"},{\"@type\":\"ListItem\",\"position\":3,\"name\":\"Dim to Warm 224LEDs 2216 LED Strip High Density 18W\"}]},{\"@type\":\"WebSite\",\"@id\":\"https:\/\/essenled.com\/#website\",\"url\":\"https:\/\/essenled.com\/\",\"name\":\"ESSENLED\",\"description\":\"\",\"publisher\":{\"@id\":\"https:\/\/essenled.com\/#organization\"},\"potentialAction\":[{\"@type\":\"SearchAction\",\"target\":{\"@type\":\"EntryPoint\",\"urlTemplate\":\"https:\/\/essenled.com\/?s={search_term_string}\"},\"query-input\":{\"@type\":\"PropertyValueSpecification\",\"valueRequired\":true,\"valueName\":\"search_term_string\"}}],\"inLanguage\":\"pt-PT\"},{\"@type\":\"Organization\",\"@id\":\"https:\/\/essenled.com\/#organization\",\"name\":\"ESSENLED\",\"url\":\"https:\/\/essenled.com\/\",\"logo\":{\"@type\":\"ImageObject\",\"inLanguage\":\"pt-PT\",\"@id\":\"https:\/\/essenled.com\/#\/schema\/logo\/image\/\",\"url\":\"https:\/\/essenled.com\/wp-content\/uploads\/2024\/01\/Essen-logo.png\",\"contentUrl\":\"https:\/\/essenled.com\/wp-content\/uploads\/2024\/01\/Essen-logo.png\",\"width\":800,\"height\":110,\"caption\":\"ESSENLED\"},\"image\":{\"@id\":\"https:\/\/essenled.com\/#\/schema\/logo\/image\/\"}}]}<\/script>\n<!-- \/ Yoast SEO Premium plugin. -->","yoast_head_json":{"title":"Faixa de LEDs 2216 de alta densidade de 18W - ESSENLED","description":"Dim to Warm 224leds 2216 tiras de LED de alta densidade, que escurecem \u00e0 medida que transitam de temperaturas de cor mais frias para mais quentes.","robots":{"index":"index","follow":"follow","max-snippet":"max-snippet:-1","max-image-preview":"max-image-preview:large","max-video-preview":"max-video-preview:-1"},"canonical":"https:\/\/essenled.com\/pt\/produto\/dim-to-warm-224leds-2216-led-strip-high-density\/","og_locale":"pt_PT","og_type":"article","og_title":"Dim to Warm 224LEDs 2216 LED Strip High Density 18W","og_description":"Dim to Warm 224leds 2216 high density LED strip lights, that dims as it transitions from cooler to warmer color temperatures.","og_url":"https:\/\/essenled.com\/pt\/produto\/dim-to-warm-224leds-2216-led-strip-high-density\/","og_site_name":"ESSENLED","article_modified_time":"2024-05-31T11:47:38+00:00","og_image":[{"width":1000,"height":1000,"url":"https:\/\/essenled.com\/wp-content\/uploads\/2024\/02\/Dim-to-Warm-SMD2216-LED-Strip-Light.webp","type":"image\/webp"}],"twitter_card":"summary_large_image","twitter_misc":{"Tempo estimado de leitura":"1 minuto"},"schema":{"@context":"https:\/\/schema.org","@graph":[{"@type":"WebPage","@id":"https:\/\/essenled.com\/product\/dim-to-warm-224leds-2216-led-strip-high-density\/","url":"https:\/\/essenled.com\/product\/dim-to-warm-224leds-2216-led-strip-high-density\/","name":"Faixa de LEDs 2216 de alta densidade de 18W - ESSENLED","isPartOf":{"@id":"https:\/\/essenled.com\/#website"},"primaryImageOfPage":{"@id":"https:\/\/essenled.com\/product\/dim-to-warm-224leds-2216-led-strip-high-density\/#primaryimage"},"image":{"@id":"https:\/\/essenled.com\/product\/dim-to-warm-224leds-2216-led-strip-high-density\/#primaryimage"},"thumbnailUrl":"https:\/\/essenled.com\/wp-content\/uploads\/2024\/02\/Dim-to-Warm-SMD2216-LED-Strip-Light.webp","datePublished":"2024-02-27T06:51:16+00:00","dateModified":"2024-05-31T11:47:38+00:00","description":"Dim to Warm 224leds 2216 tiras de LED de alta densidade, que escurecem \u00e0 medida que transitam de temperaturas de cor mais frias para mais quentes.","breadcrumb":{"@id":"https:\/\/essenled.com\/product\/dim-to-warm-224leds-2216-led-strip-high-density\/#breadcrumb"},"inLanguage":"pt-PT","potentialAction":[{"@type":"ReadAction","target":["https:\/\/essenled.com\/product\/dim-to-warm-224leds-2216-led-strip-high-density\/"]}]},{"@type":"ImageObject","inLanguage":"pt-PT","@id":"https:\/\/essenled.com\/product\/dim-to-warm-224leds-2216-led-strip-high-density\/#primaryimage","url":"https:\/\/essenled.com\/wp-content\/uploads\/2024\/02\/Dim-to-Warm-SMD2216-LED-Strip-Light.webp","contentUrl":"https:\/\/essenled.com\/wp-content\/uploads\/2024\/02\/Dim-to-Warm-SMD2216-LED-Strip-Light.webp","width":1000,"height":1000,"caption":"Dim to Warm SMD2216 LED Strip Light"},{"@type":"BreadcrumbList","@id":"https:\/\/essenled.com\/product\/dim-to-warm-224leds-2216-led-strip-high-density\/#breadcrumb","itemListElement":[{"@type":"ListItem","position":1,"name":"Home","item":"https:\/\/essenled.com\/"},{"@type":"ListItem","position":2,"name":"Product","item":"https:\/\/essenled.com\/fr\/product\/"},{"@type":"ListItem","position":3,"name":"Dim to Warm 224LEDs 2216 LED Strip High Density 18W"}]},{"@type":"WebSite","@id":"https:\/\/essenled.com\/#website","url":"https:\/\/essenled.com\/","name":"ESSENLED","description":"","publisher":{"@id":"https:\/\/essenled.com\/#organization"},"potentialAction":[{"@type":"SearchAction","target":{"@type":"EntryPoint","urlTemplate":"https:\/\/essenled.com\/?s={search_term_string}"},"query-input":{"@type":"PropertyValueSpecification","valueRequired":true,"valueName":"search_term_string"}}],"inLanguage":"pt-PT"},{"@type":"Organization","@id":"https:\/\/essenled.com\/#organization","name":"ESSENLED","url":"https:\/\/essenled.com\/","logo":{"@type":"ImageObject","inLanguage":"pt-PT","@id":"https:\/\/essenled.com\/#\/schema\/logo\/image\/","url":"https:\/\/essenled.com\/wp-content\/uploads\/2024\/01\/Essen-logo.png","contentUrl":"https:\/\/essenled.com\/wp-content\/uploads\/2024\/01\/Essen-logo.png","width":800,"height":110,"caption":"ESSENLED"},"image":{"@id":"https:\/\/essenled.com\/#\/schema\/logo\/image\/"}}]}},"_links":{"self":[{"href":"https:\/\/essenled.com\/pt\/wp-json\/wp\/v2\/product\/1281","targetHints":{"allow":["GET"]}}],"collection":[{"href":"https:\/\/essenled.com\/pt\/wp-json\/wp\/v2\/product"}],"about":[{"href":"https:\/\/essenled.com\/pt\/wp-json\/wp\/v2\/types\/product"}],"version-history":[{"count":1,"href":"https:\/\/essenled.com\/pt\/wp-json\/wp\/v2\/product\/1281\/revisions"}],"predecessor-version":[{"id":1289,"href":"https:\/\/essenled.com\/pt\/wp-json\/wp\/v2\/product\/1281\/revisions\/1289"}],"wp:featuredmedia":[{"embeddable":true,"href":"https:\/\/essenled.com\/pt\/wp-json\/wp\/v2\/media\/2121"}],"wp:attachment":[{"href":"https:\/\/essenled.com\/pt\/wp-json\/wp\/v2\/media?parent=1281"}],"wp:term":[{"taxonomy":"product_brand","embeddable":true,"href":"https:\/\/essenled.com\/pt\/wp-json\/wp\/v2\/product_brand?post=1281"},{"taxonomy":"product_cat","embeddable":true,"href":"https:\/\/essenled.com\/pt\/wp-json\/wp\/v2\/product_cat?post=1281"},{"taxonomy":"product_tag","embeddable":true,"href":"https:\/\/essenled.com\/pt\/wp-json\/wp\/v2\/product_tag?post=1281"}],"curies":[{"name":"wp","href":"https:\/\/api.w.org\/{rel}","templated":true}]}}