{"id":1160,"date":"2024-02-25T10:16:40","date_gmt":"2024-02-25T10:16:40","guid":{"rendered":"https:\/\/essenled.com\/?post_type=product&#038;p=1160"},"modified":"2024-05-31T07:48:03","modified_gmt":"2024-05-31T07:48:03","slug":"rgb-led-strip-lights-12v-24v","status":"publish","type":"product","link":"https:\/\/essenled.com\/pt\/produto\/rgb-led-strip-lights-12v-24v\/","title":{"rendered":"Fita LED RGB 14.4W-28.8W 12V 24V"},"content":{"rendered":"","protected":false},"excerpt":{"rendered":"<p>Fitas LED RGB SMD5050; o RGB indica que as fitas LED possuem LEDs vermelhos, verdes e azuis, permitindo a produ\u00e7\u00e3o de uma vasta gama de cores atrav\u00e9s da mistura de diferentes intensidades de luz vermelha, verde e azul.<\/p>\n<p>As Fitas LED RGB 5050 t\u00eam grandes dimens\u00f5es do chip LED, que \u00e9 um tamanho comum para as Fitas LED RGB conhecidas pelo seu brilho e versatilidade.<\/p>\n<p>A faixa de LEDs RGB 5050 60leds-120leds por metro com alto brilho, e a faixa de LEDs 3838 RGB 120leds e 240leds de alta densidade, uma densidade moderada de LEDs para ilumina\u00e7\u00e3o, e uma largura de placa de PC de 10mm que tem boa dissipa\u00e7\u00e3o de calor.<\/p>\n<p>A fita LED RGB 120LEDs\/m tem 28,8W\/m, a pot\u00eancia e o brilho s\u00e3o ambos moderados, e estas tiras LED oferecem um perfil de tamanho moderado adequado para v\u00e1rias aplica\u00e7\u00f5es de ilumina\u00e7\u00e3o interior e exterior.<\/p>","protected":false},"featured_media":2102,"template":"","meta":{"_kad_post_transparent":"default","_kad_post_title":"","_kad_post_layout":"default","_kad_post_sidebar_id":"","_kad_post_content_style":"default","_kad_post_vertical_padding":"default","_kad_post_feature":"","_kad_post_feature_position":"","_kad_post_header":false,"_kad_post_footer":false,"_kad_post_classname":""},"product_brand":[],"product_cat":[29,31],"product_tag":[772,354,353,349,351],"class_list":{"0":"post-1160","1":"product","2":"type-product","3":"status-publish","4":"has-post-thumbnail","6":"product_cat-led-strip","7":"product_cat-rgbx-series","8":"product_tag-5050-rgb-color-changing-led-strip","9":"product_tag-5050-rgb-led-strip-flexible-tape","10":"product_tag-5050-rgb-led-strip-light","11":"product_tag-dc24v-5050-60leds-rgb-led-strip-light","12":"product_tag-led-strip-rgb-5050","14":"first","15":"instock","16":"shipping-taxable","17":"product-type-simple","18":"entry","19":"content-bg","20":"loop-entry"},"yoast_head":"<!-- This site is optimized with the Yoast SEO Premium plugin v24.3 (Yoast SEO v26.7) - https:\/\/yoast.com\/wordpress\/plugins\/seo\/ -->\n<title>RGB LED Strip Lights 14.4W-28.8W 12V 24V - ESSENLED<\/title>\n<meta name=\"description\" content=\"RGB LED strip lights, a wide range of colors to be produced by mixing different intensities of red, green, and blue light.\" \/>\n<meta name=\"robots\" content=\"index, follow, max-snippet:-1, max-image-preview:large, max-video-preview:-1\" \/>\n<link rel=\"canonical\" href=\"https:\/\/essenled.com\/pt\/produto\/rgb-led-strip-lights-12v-24v\/\" \/>\n<meta property=\"og:locale\" content=\"pt_PT\" \/>\n<meta property=\"og:type\" content=\"article\" \/>\n<meta property=\"og:title\" content=\"RGB LED Strip Lights 14.4W-28.8W 12V 24V\" \/>\n<meta property=\"og:description\" content=\"RGB LED strip lights, a wide range of colors to be produced by mixing different intensities of red, green, and blue light.\" \/>\n<meta property=\"og:url\" content=\"https:\/\/essenled.com\/pt\/produto\/rgb-led-strip-lights-12v-24v\/\" \/>\n<meta property=\"og:site_name\" content=\"ESSENLED\" \/>\n<meta property=\"article:modified_time\" content=\"2024-05-31T07:48:03+00:00\" \/>\n<meta property=\"og:image\" content=\"https:\/\/essenled.com\/wp-content\/uploads\/2024\/02\/LED-Strip-RGB-SMD5050-DC24V.webp\" \/>\n\t<meta property=\"og:image:width\" content=\"1000\" \/>\n\t<meta property=\"og:image:height\" content=\"1000\" \/>\n\t<meta property=\"og:image:type\" content=\"image\/webp\" \/>\n<meta name=\"twitter:card\" content=\"summary_large_image\" \/>\n<meta name=\"twitter:label1\" content=\"Tempo estimado de leitura\" \/>\n\t<meta name=\"twitter:data1\" content=\"1 minuto\" \/>\n<script type=\"application\/ld+json\" class=\"yoast-schema-graph\">{\"@context\":\"https:\/\/schema.org\",\"@graph\":[{\"@type\":\"WebPage\",\"@id\":\"https:\/\/essenled.com\/product\/rgb-led-strip-lights-12v-24v\/\",\"url\":\"https:\/\/essenled.com\/product\/rgb-led-strip-lights-12v-24v\/\",\"name\":\"RGB LED Strip Lights 14.4W-28.8W 12V 24V - ESSENLED\",\"isPartOf\":{\"@id\":\"https:\/\/essenled.com\/#website\"},\"primaryImageOfPage\":{\"@id\":\"https:\/\/essenled.com\/product\/rgb-led-strip-lights-12v-24v\/#primaryimage\"},\"image\":{\"@id\":\"https:\/\/essenled.com\/product\/rgb-led-strip-lights-12v-24v\/#primaryimage\"},\"thumbnailUrl\":\"https:\/\/essenled.com\/wp-content\/uploads\/2024\/02\/LED-Strip-RGB-SMD5050-DC24V.webp\",\"datePublished\":\"2024-02-25T10:16:40+00:00\",\"dateModified\":\"2024-05-31T07:48:03+00:00\",\"description\":\"RGB LED strip lights, a wide range of colors to be produced by mixing different intensities of red, green, and blue light.\",\"breadcrumb\":{\"@id\":\"https:\/\/essenled.com\/product\/rgb-led-strip-lights-12v-24v\/#breadcrumb\"},\"inLanguage\":\"pt-PT\",\"potentialAction\":[{\"@type\":\"ReadAction\",\"target\":[\"https:\/\/essenled.com\/product\/rgb-led-strip-lights-12v-24v\/\"]}]},{\"@type\":\"ImageObject\",\"inLanguage\":\"pt-PT\",\"@id\":\"https:\/\/essenled.com\/product\/rgb-led-strip-lights-12v-24v\/#primaryimage\",\"url\":\"https:\/\/essenled.com\/wp-content\/uploads\/2024\/02\/LED-Strip-RGB-SMD5050-DC24V.webp\",\"contentUrl\":\"https:\/\/essenled.com\/wp-content\/uploads\/2024\/02\/LED-Strip-RGB-SMD5050-DC24V.webp\",\"width\":1000,\"height\":1000,\"caption\":\"LED Strip RGB SMD5050 DC24V\"},{\"@type\":\"BreadcrumbList\",\"@id\":\"https:\/\/essenled.com\/product\/rgb-led-strip-lights-12v-24v\/#breadcrumb\",\"itemListElement\":[{\"@type\":\"ListItem\",\"position\":1,\"name\":\"Home\",\"item\":\"https:\/\/essenled.com\/\"},{\"@type\":\"ListItem\",\"position\":2,\"name\":\"Product\",\"item\":\"https:\/\/essenled.com\/fr\/product\/\"},{\"@type\":\"ListItem\",\"position\":3,\"name\":\"RGB LED Strip Lights 14.4W-28.8W 12V 24V\"}]},{\"@type\":\"WebSite\",\"@id\":\"https:\/\/essenled.com\/#website\",\"url\":\"https:\/\/essenled.com\/\",\"name\":\"ESSENLED\",\"description\":\"\",\"publisher\":{\"@id\":\"https:\/\/essenled.com\/#organization\"},\"potentialAction\":[{\"@type\":\"SearchAction\",\"target\":{\"@type\":\"EntryPoint\",\"urlTemplate\":\"https:\/\/essenled.com\/?s={search_term_string}\"},\"query-input\":{\"@type\":\"PropertyValueSpecification\",\"valueRequired\":true,\"valueName\":\"search_term_string\"}}],\"inLanguage\":\"pt-PT\"},{\"@type\":\"Organization\",\"@id\":\"https:\/\/essenled.com\/#organization\",\"name\":\"ESSENLED\",\"url\":\"https:\/\/essenled.com\/\",\"logo\":{\"@type\":\"ImageObject\",\"inLanguage\":\"pt-PT\",\"@id\":\"https:\/\/essenled.com\/#\/schema\/logo\/image\/\",\"url\":\"https:\/\/essenled.com\/wp-content\/uploads\/2024\/01\/Essen-logo.png\",\"contentUrl\":\"https:\/\/essenled.com\/wp-content\/uploads\/2024\/01\/Essen-logo.png\",\"width\":800,\"height\":110,\"caption\":\"ESSENLED\"},\"image\":{\"@id\":\"https:\/\/essenled.com\/#\/schema\/logo\/image\/\"}}]}<\/script>\n<!-- \/ Yoast SEO Premium plugin. -->","yoast_head_json":{"title":"Fita LED RGB 14.4W-28.8W 12V 24V - ESSENLED","description":"Fitas LED RGB, uma ampla gama de cores a serem produzidas pela mistura de diferentes intensidades de luz vermelha, verde e azul.","robots":{"index":"index","follow":"follow","max-snippet":"max-snippet:-1","max-image-preview":"max-image-preview:large","max-video-preview":"max-video-preview:-1"},"canonical":"https:\/\/essenled.com\/pt\/produto\/rgb-led-strip-lights-12v-24v\/","og_locale":"pt_PT","og_type":"article","og_title":"RGB LED Strip Lights 14.4W-28.8W 12V 24V","og_description":"RGB LED strip lights, a wide range of colors to be produced by mixing different intensities of red, green, and blue light.","og_url":"https:\/\/essenled.com\/pt\/produto\/rgb-led-strip-lights-12v-24v\/","og_site_name":"ESSENLED","article_modified_time":"2024-05-31T07:48:03+00:00","og_image":[{"width":1000,"height":1000,"url":"https:\/\/essenled.com\/wp-content\/uploads\/2024\/02\/LED-Strip-RGB-SMD5050-DC24V.webp","type":"image\/webp"}],"twitter_card":"summary_large_image","twitter_misc":{"Tempo estimado de leitura":"1 minuto"},"schema":{"@context":"https:\/\/schema.org","@graph":[{"@type":"WebPage","@id":"https:\/\/essenled.com\/product\/rgb-led-strip-lights-12v-24v\/","url":"https:\/\/essenled.com\/product\/rgb-led-strip-lights-12v-24v\/","name":"Fita LED RGB 14.4W-28.8W 12V 24V - ESSENLED","isPartOf":{"@id":"https:\/\/essenled.com\/#website"},"primaryImageOfPage":{"@id":"https:\/\/essenled.com\/product\/rgb-led-strip-lights-12v-24v\/#primaryimage"},"image":{"@id":"https:\/\/essenled.com\/product\/rgb-led-strip-lights-12v-24v\/#primaryimage"},"thumbnailUrl":"https:\/\/essenled.com\/wp-content\/uploads\/2024\/02\/LED-Strip-RGB-SMD5050-DC24V.webp","datePublished":"2024-02-25T10:16:40+00:00","dateModified":"2024-05-31T07:48:03+00:00","description":"Fitas LED RGB, uma ampla gama de cores a serem produzidas pela mistura de diferentes intensidades de luz vermelha, verde e azul.","breadcrumb":{"@id":"https:\/\/essenled.com\/product\/rgb-led-strip-lights-12v-24v\/#breadcrumb"},"inLanguage":"pt-PT","potentialAction":[{"@type":"ReadAction","target":["https:\/\/essenled.com\/product\/rgb-led-strip-lights-12v-24v\/"]}]},{"@type":"ImageObject","inLanguage":"pt-PT","@id":"https:\/\/essenled.com\/product\/rgb-led-strip-lights-12v-24v\/#primaryimage","url":"https:\/\/essenled.com\/wp-content\/uploads\/2024\/02\/LED-Strip-RGB-SMD5050-DC24V.webp","contentUrl":"https:\/\/essenled.com\/wp-content\/uploads\/2024\/02\/LED-Strip-RGB-SMD5050-DC24V.webp","width":1000,"height":1000,"caption":"LED Strip RGB SMD5050 DC24V"},{"@type":"BreadcrumbList","@id":"https:\/\/essenled.com\/product\/rgb-led-strip-lights-12v-24v\/#breadcrumb","itemListElement":[{"@type":"ListItem","position":1,"name":"Home","item":"https:\/\/essenled.com\/"},{"@type":"ListItem","position":2,"name":"Product","item":"https:\/\/essenled.com\/fr\/product\/"},{"@type":"ListItem","position":3,"name":"RGB LED Strip Lights 14.4W-28.8W 12V 24V"}]},{"@type":"WebSite","@id":"https:\/\/essenled.com\/#website","url":"https:\/\/essenled.com\/","name":"ESSENLED","description":"","publisher":{"@id":"https:\/\/essenled.com\/#organization"},"potentialAction":[{"@type":"SearchAction","target":{"@type":"EntryPoint","urlTemplate":"https:\/\/essenled.com\/?s={search_term_string}"},"query-input":{"@type":"PropertyValueSpecification","valueRequired":true,"valueName":"search_term_string"}}],"inLanguage":"pt-PT"},{"@type":"Organization","@id":"https:\/\/essenled.com\/#organization","name":"ESSENLED","url":"https:\/\/essenled.com\/","logo":{"@type":"ImageObject","inLanguage":"pt-PT","@id":"https:\/\/essenled.com\/#\/schema\/logo\/image\/","url":"https:\/\/essenled.com\/wp-content\/uploads\/2024\/01\/Essen-logo.png","contentUrl":"https:\/\/essenled.com\/wp-content\/uploads\/2024\/01\/Essen-logo.png","width":800,"height":110,"caption":"ESSENLED"},"image":{"@id":"https:\/\/essenled.com\/#\/schema\/logo\/image\/"}}]}},"_links":{"self":[{"href":"https:\/\/essenled.com\/pt\/wp-json\/wp\/v2\/product\/1160","targetHints":{"allow":["GET"]}}],"collection":[{"href":"https:\/\/essenled.com\/pt\/wp-json\/wp\/v2\/product"}],"about":[{"href":"https:\/\/essenled.com\/pt\/wp-json\/wp\/v2\/types\/product"}],"version-history":[{"count":3,"href":"https:\/\/essenled.com\/pt\/wp-json\/wp\/v2\/product\/1160\/revisions"}],"predecessor-version":[{"id":2106,"href":"https:\/\/essenled.com\/pt\/wp-json\/wp\/v2\/product\/1160\/revisions\/2106"}],"wp:featuredmedia":[{"embeddable":true,"href":"https:\/\/essenled.com\/pt\/wp-json\/wp\/v2\/media\/2102"}],"wp:attachment":[{"href":"https:\/\/essenled.com\/pt\/wp-json\/wp\/v2\/media?parent=1160"}],"wp:term":[{"taxonomy":"product_brand","embeddable":true,"href":"https:\/\/essenled.com\/pt\/wp-json\/wp\/v2\/product_brand?post=1160"},{"taxonomy":"product_cat","embeddable":true,"href":"https:\/\/essenled.com\/pt\/wp-json\/wp\/v2\/product_cat?post=1160"},{"taxonomy":"product_tag","embeddable":true,"href":"https:\/\/essenled.com\/pt\/wp-json\/wp\/v2\/product_tag?post=1160"}],"curies":[{"name":"wp","href":"https:\/\/api.w.org\/{rel}","templated":true}]}}