{"id":2275,"date":"2024-06-06T12:08:56","date_gmt":"2024-06-06T12:08:56","guid":{"rendered":"https:\/\/essenled.com\/?page_id=2275"},"modified":"2024-11-18T10:45:41","modified_gmt":"2024-11-18T10:45:41","slug":"video","status":"publish","type":"page","link":"https:\/\/essenled.com\/pt\/video\/","title":{"rendered":"V\u00eddeo"},"content":{"rendered":"<div data-elementor-type=\"wp-page\" data-elementor-id=\"2275\" class=\"elementor elementor-2275\" data-elementor-post-type=\"page\">\n\t\t\t\t\t\t<section class=\"elementor-section elementor-top-section elementor-element elementor-element-4c03ef55 elementor-section-boxed elementor-section-height-default elementor-section-height-default\" data-id=\"4c03ef55\" data-element_type=\"section\" data-settings=\"{&quot;background_background&quot;:&quot;classic&quot;}\">\n\t\t\t\t\t\t<div class=\"elementor-container elementor-column-gap-default\">\n\t\t\t\t\t<div class=\"elementor-column elementor-col-100 elementor-top-column elementor-element elementor-element-7c6576e1\" data-id=\"7c6576e1\" data-element_type=\"column\">\n\t\t\t<div class=\"elementor-widget-wrap elementor-element-populated\">\n\t\t\t\t\t\t<div class=\"elementor-element elementor-element-349faaab elementor-widget elementor-widget-elementskit-heading\" data-id=\"349faaab\" data-element_type=\"widget\" data-settings=\"{&quot;_animation&quot;:&quot;none&quot;}\" data-widget_type=\"elementskit-heading.default\">\n\t\t\t\t<div class=\"elementor-widget-container\">\n\t\t\t\t\t<div class=\"ekit-wid-con\" ><div class=\"ekit-heading elementskit-section-title-wraper text_center   ekit_heading_tablet-   ekit_heading_mobile-\"><h2 class=\"ekit-heading--title elementskit-section-title\">V\u00eddeo<\/h2>\t\t\t\t<div class='ekit-heading__description'>\n\t\t\t\t\t<p>Aqui pode obter uma melhor compreens\u00e3o dos nossos produtos, instala\u00e7\u00e3o e informa\u00e7\u00f5es sobre novos produtos.<\/p>\n\t\t\t\t<\/div>\n\t\t\t<\/div><\/div>\t\t\t\t<\/div>\n\t\t\t\t<\/div>\n\t\t\t\t\t<\/div>\n\t\t<\/div>\n\t\t\t\t\t<\/div>\n\t\t<\/section>\n\t\t<div class=\"elementor-element elementor-element-7565c98 e-flex e-con-boxed e-con e-parent\" data-id=\"7565c98\" data-element_type=\"container\">\n\t\t\t\t\t<div class=\"e-con-inner\">\n\t\t<div class=\"elementor-element elementor-element-88383a8 e-con-full e-flex e-con e-child\" data-id=\"88383a8\" data-element_type=\"container\">\n\t\t\t\t<div class=\"elementor-element elementor-element-b514051 elementor-widget elementor-widget-video\" data-id=\"b514051\" data-element_type=\"widget\" data-settings=\"{&quot;youtube_url&quot;:&quot;https:\\\/\\\/www.youtube.com\\\/watch?v=Zy7lJnRupnU&quot;,&quot;video_type&quot;:&quot;youtube&quot;,&quot;controls&quot;:&quot;yes&quot;}\" data-widget_type=\"video.default\">\n\t\t\t\t<div class=\"elementor-widget-container\">\n\t\t\t\t\t\t\t<div class=\"elementor-wrapper elementor-open-inline\">\n\t\t\t<div class=\"elementor-video\"><\/div>\t\t<\/div>\n\t\t\t\t\t\t<\/div>\n\t\t\t\t<\/div>\n\t\t\t\t<div class=\"elementor-element elementor-element-8f1d4f6 elementor-widget elementor-widget-text-editor\" data-id=\"8f1d4f6\" data-element_type=\"widget\" data-widget_type=\"text-editor.default\">\n\t\t\t\t<div class=\"elementor-widget-container\">\n\t\t\t\t\t\t\t\t\t<p style=\"text-align: center\">F\u00e1brica de Fita LED Neon Flex<\/p>\t\t\t\t\t\t\t\t<\/div>\n\t\t\t\t<\/div>\n\t\t\t\t<\/div>\n\t\t<div class=\"elementor-element elementor-element-5ed7fd9 e-con-full e-flex e-con e-child\" data-id=\"5ed7fd9\" data-element_type=\"container\">\n\t\t\t\t<div class=\"elementor-element elementor-element-03bcc19 elementor-widget elementor-widget-video\" data-id=\"03bcc19\" data-element_type=\"widget\" data-settings=\"{&quot;youtube_url&quot;:&quot;https:\\\/\\\/www.youtube.com\\\/watch?v=nfLEgn2dFc0&quot;,&quot;video_type&quot;:&quot;youtube&quot;,&quot;controls&quot;:&quot;yes&quot;}\" data-widget_type=\"video.default\">\n\t\t\t\t<div class=\"elementor-widget-container\">\n\t\t\t\t\t\t\t<div class=\"elementor-wrapper elementor-open-inline\">\n\t\t\t<div class=\"elementor-video\"><\/div>\t\t<\/div>\n\t\t\t\t\t\t<\/div>\n\t\t\t\t<\/div>\n\t\t\t\t<div class=\"elementor-element elementor-element-eb47d76 elementor-widget elementor-widget-text-editor\" data-id=\"eb47d76\" data-element_type=\"widget\" data-widget_type=\"text-editor.default\">\n\t\t\t\t<div class=\"elementor-widget-container\">\n\t\t\t\t\t\t\t\t\t<p class=\"style-scope ytd-watch-metadata\" style=\"text-align: center\">Tutorial de corte e soldadura de tiras de luz COB<\/p>\t\t\t\t\t\t\t\t<\/div>\n\t\t\t\t<\/div>\n\t\t\t\t<\/div>\n\t\t\t\t\t<\/div>\n\t\t\t\t<\/div>\n\t\t\t\t<\/div>","protected":false},"excerpt":{"rendered":"<p>Video Here you can get a better understanding of our products, installation and new product information. https:\/\/www.youtube.com\/watch?v=Zy7lJnRupnU LED Strip Neon Flex Factory https:\/\/www.youtube.com\/watch?v=nfLEgn2dFc0 COB Light Strip Cutting and Welding Tutorial<\/p>","protected":false},"author":1,"featured_media":0,"parent":0,"menu_order":0,"comment_status":"closed","ping_status":"closed","template":"","meta":{"_kad_post_transparent":"","_kad_post_title":"hide","_kad_post_layout":"fullwidth","_kad_post_sidebar_id":"","_kad_post_content_style":"unboxed","_kad_post_vertical_padding":"hide","_kad_post_feature":"hide","_kad_post_feature_position":"","_kad_post_header":false,"_kad_post_footer":false,"_kad_post_classname":"","footnotes":""},"class_list":["post-2275","page","type-page","status-publish","hentry"],"yoast_head":"<!-- This site is optimized with the Yoast SEO Premium plugin v24.3 (Yoast SEO v26.7) - https:\/\/yoast.com\/wordpress\/plugins\/seo\/ -->\n<title>Video - ESSENLED<\/title>\n<meta name=\"description\" content=\"You can learn about the LED light strip tutorial and product information on this video page. I hope it will be helpful to you.\" \/>\n<meta name=\"robots\" content=\"index, follow, max-snippet:-1, max-image-preview:large, max-video-preview:-1\" \/>\n<link rel=\"canonical\" href=\"https:\/\/essenled.com\/pt\/video\/\" \/>\n<meta property=\"og:locale\" content=\"pt_PT\" \/>\n<meta property=\"og:type\" content=\"article\" \/>\n<meta property=\"og:title\" content=\"Video\" \/>\n<meta property=\"og:description\" content=\"You can learn about the LED light strip tutorial and product information on this video page. I hope it will be helpful to you.\" \/>\n<meta property=\"og:url\" content=\"https:\/\/essenled.com\/pt\/video\/\" \/>\n<meta property=\"og:site_name\" content=\"ESSENLED\" \/>\n<meta property=\"article:modified_time\" content=\"2024-11-18T10:45:41+00:00\" \/>\n<meta name=\"twitter:card\" content=\"summary_large_image\" \/>\n<meta name=\"twitter:label1\" content=\"Tempo estimado de leitura\" \/>\n\t<meta name=\"twitter:data1\" content=\"1 minuto\" \/>\n<script type=\"application\/ld+json\" class=\"yoast-schema-graph\">{\"@context\":\"https:\/\/schema.org\",\"@graph\":[{\"@type\":\"WebPage\",\"@id\":\"https:\/\/essenled.com\/video\/\",\"url\":\"https:\/\/essenled.com\/video\/\",\"name\":\"Video - ESSENLED\",\"isPartOf\":{\"@id\":\"https:\/\/essenled.com\/#website\"},\"datePublished\":\"2024-06-06T12:08:56+00:00\",\"dateModified\":\"2024-11-18T10:45:41+00:00\",\"description\":\"You can learn about the LED light strip tutorial and product information on this video page. I hope it will be helpful to you.\",\"breadcrumb\":{\"@id\":\"https:\/\/essenled.com\/video\/#breadcrumb\"},\"inLanguage\":\"pt-PT\",\"potentialAction\":[{\"@type\":\"ReadAction\",\"target\":[\"https:\/\/essenled.com\/video\/\"]}]},{\"@type\":\"BreadcrumbList\",\"@id\":\"https:\/\/essenled.com\/video\/#breadcrumb\",\"itemListElement\":[{\"@type\":\"ListItem\",\"position\":1,\"name\":\"Home\",\"item\":\"https:\/\/essenled.com\/\"},{\"@type\":\"ListItem\",\"position\":2,\"name\":\"Video\"}]},{\"@type\":\"WebSite\",\"@id\":\"https:\/\/essenled.com\/#website\",\"url\":\"https:\/\/essenled.com\/\",\"name\":\"ESSENLED\",\"description\":\"\",\"publisher\":{\"@id\":\"https:\/\/essenled.com\/#organization\"},\"potentialAction\":[{\"@type\":\"SearchAction\",\"target\":{\"@type\":\"EntryPoint\",\"urlTemplate\":\"https:\/\/essenled.com\/?s={search_term_string}\"},\"query-input\":{\"@type\":\"PropertyValueSpecification\",\"valueRequired\":true,\"valueName\":\"search_term_string\"}}],\"inLanguage\":\"pt-PT\"},{\"@type\":\"Organization\",\"@id\":\"https:\/\/essenled.com\/#organization\",\"name\":\"ESSENLED\",\"url\":\"https:\/\/essenled.com\/\",\"logo\":{\"@type\":\"ImageObject\",\"inLanguage\":\"pt-PT\",\"@id\":\"https:\/\/essenled.com\/#\/schema\/logo\/image\/\",\"url\":\"https:\/\/essenled.com\/wp-content\/uploads\/2024\/01\/Essen-logo.png\",\"contentUrl\":\"https:\/\/essenled.com\/wp-content\/uploads\/2024\/01\/Essen-logo.png\",\"width\":800,\"height\":110,\"caption\":\"ESSENLED\"},\"image\":{\"@id\":\"https:\/\/essenled.com\/#\/schema\/logo\/image\/\"}}]}<\/script>\n<!-- \/ Yoast SEO Premium plugin. -->","yoast_head_json":{"title":"V\u00eddeo - ESSENLED","description":"Pode ficar a saber mais sobre o tutorial da fita de luz LED e informa\u00e7\u00f5es sobre o produto nesta p\u00e1gina de v\u00eddeo. Espero que seja \u00fatil para si.","robots":{"index":"index","follow":"follow","max-snippet":"max-snippet:-1","max-image-preview":"max-image-preview:large","max-video-preview":"max-video-preview:-1"},"canonical":"https:\/\/essenled.com\/pt\/video\/","og_locale":"pt_PT","og_type":"article","og_title":"Video","og_description":"You can learn about the LED light strip tutorial and product information on this video page. I hope it will be helpful to you.","og_url":"https:\/\/essenled.com\/pt\/video\/","og_site_name":"ESSENLED","article_modified_time":"2024-11-18T10:45:41+00:00","twitter_card":"summary_large_image","twitter_misc":{"Tempo estimado de leitura":"1 minuto"},"schema":{"@context":"https:\/\/schema.org","@graph":[{"@type":"WebPage","@id":"https:\/\/essenled.com\/video\/","url":"https:\/\/essenled.com\/video\/","name":"V\u00eddeo - ESSENLED","isPartOf":{"@id":"https:\/\/essenled.com\/#website"},"datePublished":"2024-06-06T12:08:56+00:00","dateModified":"2024-11-18T10:45:41+00:00","description":"Pode ficar a saber mais sobre o tutorial da fita de luz LED e informa\u00e7\u00f5es sobre o produto nesta p\u00e1gina de v\u00eddeo. Espero que seja \u00fatil para si.","breadcrumb":{"@id":"https:\/\/essenled.com\/video\/#breadcrumb"},"inLanguage":"pt-PT","potentialAction":[{"@type":"ReadAction","target":["https:\/\/essenled.com\/video\/"]}]},{"@type":"BreadcrumbList","@id":"https:\/\/essenled.com\/video\/#breadcrumb","itemListElement":[{"@type":"ListItem","position":1,"name":"Home","item":"https:\/\/essenled.com\/"},{"@type":"ListItem","position":2,"name":"Video"}]},{"@type":"WebSite","@id":"https:\/\/essenled.com\/#website","url":"https:\/\/essenled.com\/","name":"ESSENLED","description":"","publisher":{"@id":"https:\/\/essenled.com\/#organization"},"potentialAction":[{"@type":"SearchAction","target":{"@type":"EntryPoint","urlTemplate":"https:\/\/essenled.com\/?s={search_term_string}"},"query-input":{"@type":"PropertyValueSpecification","valueRequired":true,"valueName":"search_term_string"}}],"inLanguage":"pt-PT"},{"@type":"Organization","@id":"https:\/\/essenled.com\/#organization","name":"ESSENLED","url":"https:\/\/essenled.com\/","logo":{"@type":"ImageObject","inLanguage":"pt-PT","@id":"https:\/\/essenled.com\/#\/schema\/logo\/image\/","url":"https:\/\/essenled.com\/wp-content\/uploads\/2024\/01\/Essen-logo.png","contentUrl":"https:\/\/essenled.com\/wp-content\/uploads\/2024\/01\/Essen-logo.png","width":800,"height":110,"caption":"ESSENLED"},"image":{"@id":"https:\/\/essenled.com\/#\/schema\/logo\/image\/"}}]}},"_links":{"self":[{"href":"https:\/\/essenled.com\/pt\/wp-json\/wp\/v2\/pages\/2275","targetHints":{"allow":["GET"]}}],"collection":[{"href":"https:\/\/essenled.com\/pt\/wp-json\/wp\/v2\/pages"}],"about":[{"href":"https:\/\/essenled.com\/pt\/wp-json\/wp\/v2\/types\/page"}],"author":[{"embeddable":true,"href":"https:\/\/essenled.com\/pt\/wp-json\/wp\/v2\/users\/1"}],"replies":[{"embeddable":true,"href":"https:\/\/essenled.com\/pt\/wp-json\/wp\/v2\/comments?post=2275"}],"version-history":[{"count":16,"href":"https:\/\/essenled.com\/pt\/wp-json\/wp\/v2\/pages\/2275\/revisions"}],"predecessor-version":[{"id":2743,"href":"https:\/\/essenled.com\/pt\/wp-json\/wp\/v2\/pages\/2275\/revisions\/2743"}],"wp:attachment":[{"href":"https:\/\/essenled.com\/pt\/wp-json\/wp\/v2\/media?parent=2275"}],"curies":[{"name":"wp","href":"https:\/\/api.w.org\/{rel}","templated":true}]}}