{"id":928,"date":"2024-02-19T05:25:10","date_gmt":"2024-02-19T05:25:10","guid":{"rendered":"https:\/\/essenled.com\/?post_type=product&#038;p=928"},"modified":"2024-05-29T11:52:37","modified_gmt":"2024-05-29T11:52:37","slug":"2835-led-strip-lights-series-super-bright-10mm-24w","status":"publish","type":"product","link":"https:\/\/essenled.com\/pl\/produkt\/2835-led-strip-lights-series-super-bright-10mm-24w\/","title":{"rendered":"Seria 2835 ta\u015bm LED Super Bright 10MM 24W"},"content":{"rendered":"","protected":false},"excerpt":{"rendered":"<p>Seria super jasnych ta\u015bm LED SMD2835 to popularna ta\u015bma LED o mocy do 24 W na metr, zapewniaj\u0105ca znaczne oszcz\u0119dno\u015bci koszt\u00f3w energii bez uszczerbku dla jasno\u015bci i jako\u015bci o\u015bwietlenia.<\/p>\n<p>Ta\u015bma LED SMD2835 120leds ma wysok\u0105 g\u0119sto\u015b\u0107 120leds\/m i szeroko\u015b\u0107 10 mm. Nadaje si\u0119 do wielu najlepiej sprzedaj\u0105cych si\u0119 aluminiowych profili LED, idealne po\u0142\u0105czenie kompaktowo\u015bci i jasno\u015bci.<\/p>\n<p>Ultra-jasna ta\u015bma LED 2835 120leds\/m obs\u0142uguje zasilanie 12V i 24V. Ponadto obs\u0142uguje ci\u0119cie 12V, kt\u00f3rego d\u0142ugo\u015b\u0107 ci\u0119cia wynosi 25 mm i 24V, kt\u00f3rego d\u0142ugo\u015b\u0107 ci\u0119cia wynosi 50 mm.<\/p>\n<p>Wszechstronno\u015b\u0107 ta\u015bmy LED 2835 120leds\/m jest nieograniczona. Szeroki zakres temperatur barwowych, od ciep\u0142ej do ch\u0142odnej bieli, tworzy atmosfer\u0119 i nastr\u00f3j dostosowany do konkretnych ustawie\u0144.<\/p>","protected":false},"featured_media":2065,"template":"","meta":{"_kad_post_transparent":"default","_kad_post_title":"","_kad_post_layout":"default","_kad_post_sidebar_id":"","_kad_post_content_style":"default","_kad_post_vertical_padding":"default","_kad_post_feature":"","_kad_post_feature_position":"","_kad_post_header":false,"_kad_post_footer":false,"_kad_post_classname":""},"product_brand":[],"product_cat":[29,766],"product_tag":[232,229,230,228,227,231],"class_list":{"0":"post-928","1":"product","2":"type-product","3":"status-publish","4":"has-post-thumbnail","6":"product_cat-led-strip","7":"product_cat-single-color-series","8":"product_tag-120leds-24w-12v-24v","9":"product_tag-2835-120leds-12v-24v","10":"product_tag-high-bright-led-strip-2835","11":"product_tag-high-cri-95-120leds-24w","12":"product_tag-led-strip-2835-120leds-10mm","13":"product_tag-ultra-slim-2835-120led","15":"first","16":"instock","17":"shipping-taxable","18":"product-type-simple","19":"entry","20":"content-bg","21":"loop-entry"},"yoast_head":"<!-- This site is optimized with the Yoast SEO Premium plugin v24.3 (Yoast SEO v27.4) - https:\/\/yoast.com\/product\/yoast-seo-premium-wordpress\/ -->\n<title>2835 LED Strip Lights Series Super Bright 10MM 24W - ESSENLED<\/title>\n<meta name=\"description\" content=\"The 2835 LED Strip Lights Series Super Bright is 24w\/m, providing significant savings on energy costs without compromising on brightness quality.\" \/>\n<meta name=\"robots\" content=\"index, follow, max-snippet:-1, max-image-preview:large, max-video-preview:-1\" \/>\n<link rel=\"canonical\" href=\"https:\/\/essenled.com\/pl\/produkt\/2835-led-strip-lights-series-super-bright-10mm-24w\/\" \/>\n<meta property=\"og:locale\" content=\"pl_PL\" \/>\n<meta property=\"og:type\" content=\"article\" \/>\n<meta property=\"og:title\" content=\"2835 LED Strip Lights Series Super Bright 10MM 24W\" \/>\n<meta property=\"og:description\" content=\"The 2835 LED Strip Lights Series Super Bright is 24w\/m, providing significant savings on energy costs without compromising on brightness quality.\" \/>\n<meta property=\"og:url\" content=\"https:\/\/essenled.com\/pl\/produkt\/2835-led-strip-lights-series-super-bright-10mm-24w\/\" \/>\n<meta property=\"og:site_name\" content=\"ESSENLED\" \/>\n<meta property=\"article:modified_time\" content=\"2024-05-29T11:52:37+00:00\" \/>\n<meta property=\"og:image\" content=\"https:\/\/essenled.com\/wp-content\/uploads\/2024\/02\/2835-LED-Light-Strip-Waterproof-120LED-Outdoor-1.webp\" \/>\n\t<meta property=\"og:image:width\" content=\"1000\" \/>\n\t<meta property=\"og:image:height\" content=\"1000\" \/>\n\t<meta property=\"og:image:type\" content=\"image\/webp\" \/>\n<meta name=\"twitter:card\" content=\"summary_large_image\" \/>\n<meta name=\"twitter:label1\" content=\"Szacowany czas czytania\" \/>\n\t<meta name=\"twitter:data1\" content=\"1 minuta\" \/>\n<script type=\"application\/ld+json\" class=\"yoast-schema-graph\">{\"@context\":\"https:\\\/\\\/schema.org\",\"@graph\":[{\"@type\":\"WebPage\",\"@id\":\"https:\\\/\\\/essenled.com\\\/product\\\/2835-led-strip-lights-series-super-bright-10mm-24w\\\/\",\"url\":\"https:\\\/\\\/essenled.com\\\/product\\\/2835-led-strip-lights-series-super-bright-10mm-24w\\\/\",\"name\":\"2835 LED Strip Lights Series Super Bright 10MM 24W - ESSENLED\",\"isPartOf\":{\"@id\":\"https:\\\/\\\/essenled.com\\\/#website\"},\"primaryImageOfPage\":{\"@id\":\"https:\\\/\\\/essenled.com\\\/product\\\/2835-led-strip-lights-series-super-bright-10mm-24w\\\/#primaryimage\"},\"image\":{\"@id\":\"https:\\\/\\\/essenled.com\\\/product\\\/2835-led-strip-lights-series-super-bright-10mm-24w\\\/#primaryimage\"},\"thumbnailUrl\":\"https:\\\/\\\/essenled.com\\\/wp-content\\\/uploads\\\/2024\\\/02\\\/2835-LED-Light-Strip-Waterproof-120LED-Outdoor-1.webp\",\"datePublished\":\"2024-02-19T05:25:10+00:00\",\"dateModified\":\"2024-05-29T11:52:37+00:00\",\"description\":\"The 2835 LED Strip Lights Series Super Bright is 24w\\\/m, providing significant savings on energy costs without compromising on brightness quality.\",\"breadcrumb\":{\"@id\":\"https:\\\/\\\/essenled.com\\\/product\\\/2835-led-strip-lights-series-super-bright-10mm-24w\\\/#breadcrumb\"},\"inLanguage\":\"pl-PL\",\"potentialAction\":[{\"@type\":\"ReadAction\",\"target\":[\"https:\\\/\\\/essenled.com\\\/product\\\/2835-led-strip-lights-series-super-bright-10mm-24w\\\/\"]}]},{\"@type\":\"ImageObject\",\"inLanguage\":\"pl-PL\",\"@id\":\"https:\\\/\\\/essenled.com\\\/product\\\/2835-led-strip-lights-series-super-bright-10mm-24w\\\/#primaryimage\",\"url\":\"https:\\\/\\\/essenled.com\\\/wp-content\\\/uploads\\\/2024\\\/02\\\/2835-LED-Light-Strip-Waterproof-120LED-Outdoor-1.webp\",\"contentUrl\":\"https:\\\/\\\/essenled.com\\\/wp-content\\\/uploads\\\/2024\\\/02\\\/2835-LED-Light-Strip-Waterproof-120LED-Outdoor-1.webp\",\"width\":1000,\"height\":1000,\"caption\":\"2835 LED Light Strip Waterproof 120LED Outdoor\"},{\"@type\":\"BreadcrumbList\",\"@id\":\"https:\\\/\\\/essenled.com\\\/product\\\/2835-led-strip-lights-series-super-bright-10mm-24w\\\/#breadcrumb\",\"itemListElement\":[{\"@type\":\"ListItem\",\"position\":1,\"name\":\"Home\",\"item\":\"https:\\\/\\\/essenled.com\\\/\"},{\"@type\":\"ListItem\",\"position\":2,\"name\":\"Product\",\"item\":\"https:\\\/\\\/essenled.com\\\/fr\\\/product\\\/\"},{\"@type\":\"ListItem\",\"position\":3,\"name\":\"2835 LED Strip Lights Series Super Bright 10MM 24W\"}]},{\"@type\":\"WebSite\",\"@id\":\"https:\\\/\\\/essenled.com\\\/#website\",\"url\":\"https:\\\/\\\/essenled.com\\\/\",\"name\":\"ESSENLED\",\"description\":\"\",\"publisher\":{\"@id\":\"https:\\\/\\\/essenled.com\\\/#organization\"},\"potentialAction\":[{\"@type\":\"SearchAction\",\"target\":{\"@type\":\"EntryPoint\",\"urlTemplate\":\"https:\\\/\\\/essenled.com\\\/?s={search_term_string}\"},\"query-input\":{\"@type\":\"PropertyValueSpecification\",\"valueRequired\":true,\"valueName\":\"search_term_string\"}}],\"inLanguage\":\"pl-PL\"},{\"@type\":\"Organization\",\"@id\":\"https:\\\/\\\/essenled.com\\\/#organization\",\"name\":\"ESSENLED\",\"url\":\"https:\\\/\\\/essenled.com\\\/\",\"logo\":{\"@type\":\"ImageObject\",\"inLanguage\":\"pl-PL\",\"@id\":\"https:\\\/\\\/essenled.com\\\/#\\\/schema\\\/logo\\\/image\\\/\",\"url\":\"https:\\\/\\\/essenled.com\\\/wp-content\\\/uploads\\\/2024\\\/01\\\/Essen-logo.png\",\"contentUrl\":\"https:\\\/\\\/essenled.com\\\/wp-content\\\/uploads\\\/2024\\\/01\\\/Essen-logo.png\",\"width\":800,\"height\":110,\"caption\":\"ESSENLED\"},\"image\":{\"@id\":\"https:\\\/\\\/essenled.com\\\/#\\\/schema\\\/logo\\\/image\\\/\"}}]}<\/script>\n<!-- \/ Yoast SEO Premium plugin. -->","yoast_head_json":{"title":"Seria 2835 ta\u015bm LED Super Bright 10MM 24W - ESSENLED","description":"Seria 2835 LED Strip Lights Super Bright ma moc 24 W\/m, zapewniaj\u0105c znaczne oszcz\u0119dno\u015bci koszt\u00f3w energii bez uszczerbku dla jako\u015bci jasno\u015bci.","robots":{"index":"index","follow":"follow","max-snippet":"max-snippet:-1","max-image-preview":"max-image-preview:large","max-video-preview":"max-video-preview:-1"},"canonical":"https:\/\/essenled.com\/pl\/produkt\/2835-led-strip-lights-series-super-bright-10mm-24w\/","og_locale":"pl_PL","og_type":"article","og_title":"2835 LED Strip Lights Series Super Bright 10MM 24W","og_description":"The 2835 LED Strip Lights Series Super Bright is 24w\/m, providing significant savings on energy costs without compromising on brightness quality.","og_url":"https:\/\/essenled.com\/pl\/produkt\/2835-led-strip-lights-series-super-bright-10mm-24w\/","og_site_name":"ESSENLED","article_modified_time":"2024-05-29T11:52:37+00:00","og_image":[{"width":1000,"height":1000,"url":"https:\/\/essenled.com\/wp-content\/uploads\/2024\/02\/2835-LED-Light-Strip-Waterproof-120LED-Outdoor-1.webp","type":"image\/webp"}],"twitter_card":"summary_large_image","twitter_misc":{"Szacowany czas czytania":"1 minuta"},"schema":{"@context":"https:\/\/schema.org","@graph":[{"@type":"WebPage","@id":"https:\/\/essenled.com\/product\/2835-led-strip-lights-series-super-bright-10mm-24w\/","url":"https:\/\/essenled.com\/product\/2835-led-strip-lights-series-super-bright-10mm-24w\/","name":"Seria 2835 ta\u015bm LED Super Bright 10MM 24W - ESSENLED","isPartOf":{"@id":"https:\/\/essenled.com\/#website"},"primaryImageOfPage":{"@id":"https:\/\/essenled.com\/product\/2835-led-strip-lights-series-super-bright-10mm-24w\/#primaryimage"},"image":{"@id":"https:\/\/essenled.com\/product\/2835-led-strip-lights-series-super-bright-10mm-24w\/#primaryimage"},"thumbnailUrl":"https:\/\/essenled.com\/wp-content\/uploads\/2024\/02\/2835-LED-Light-Strip-Waterproof-120LED-Outdoor-1.webp","datePublished":"2024-02-19T05:25:10+00:00","dateModified":"2024-05-29T11:52:37+00:00","description":"Seria 2835 LED Strip Lights Super Bright ma moc 24 W\/m, zapewniaj\u0105c znaczne oszcz\u0119dno\u015bci koszt\u00f3w energii bez uszczerbku dla jako\u015bci jasno\u015bci.","breadcrumb":{"@id":"https:\/\/essenled.com\/product\/2835-led-strip-lights-series-super-bright-10mm-24w\/#breadcrumb"},"inLanguage":"pl-PL","potentialAction":[{"@type":"ReadAction","target":["https:\/\/essenled.com\/product\/2835-led-strip-lights-series-super-bright-10mm-24w\/"]}]},{"@type":"ImageObject","inLanguage":"pl-PL","@id":"https:\/\/essenled.com\/product\/2835-led-strip-lights-series-super-bright-10mm-24w\/#primaryimage","url":"https:\/\/essenled.com\/wp-content\/uploads\/2024\/02\/2835-LED-Light-Strip-Waterproof-120LED-Outdoor-1.webp","contentUrl":"https:\/\/essenled.com\/wp-content\/uploads\/2024\/02\/2835-LED-Light-Strip-Waterproof-120LED-Outdoor-1.webp","width":1000,"height":1000,"caption":"2835 LED Light Strip Waterproof 120LED Outdoor"},{"@type":"BreadcrumbList","@id":"https:\/\/essenled.com\/product\/2835-led-strip-lights-series-super-bright-10mm-24w\/#breadcrumb","itemListElement":[{"@type":"ListItem","position":1,"name":"Home","item":"https:\/\/essenled.com\/"},{"@type":"ListItem","position":2,"name":"Product","item":"https:\/\/essenled.com\/fr\/product\/"},{"@type":"ListItem","position":3,"name":"2835 LED Strip Lights Series Super Bright 10MM 24W"}]},{"@type":"WebSite","@id":"https:\/\/essenled.com\/#website","url":"https:\/\/essenled.com\/","name":"ESSENLED","description":"","publisher":{"@id":"https:\/\/essenled.com\/#organization"},"potentialAction":[{"@type":"SearchAction","target":{"@type":"EntryPoint","urlTemplate":"https:\/\/essenled.com\/?s={search_term_string}"},"query-input":{"@type":"PropertyValueSpecification","valueRequired":true,"valueName":"search_term_string"}}],"inLanguage":"pl-PL"},{"@type":"Organization","@id":"https:\/\/essenled.com\/#organization","name":"ESSENLED","url":"https:\/\/essenled.com\/","logo":{"@type":"ImageObject","inLanguage":"pl-PL","@id":"https:\/\/essenled.com\/#\/schema\/logo\/image\/","url":"https:\/\/essenled.com\/wp-content\/uploads\/2024\/01\/Essen-logo.png","contentUrl":"https:\/\/essenled.com\/wp-content\/uploads\/2024\/01\/Essen-logo.png","width":800,"height":110,"caption":"ESSENLED"},"image":{"@id":"https:\/\/essenled.com\/#\/schema\/logo\/image\/"}}]}},"_links":{"self":[{"href":"https:\/\/essenled.com\/pl\/wp-json\/wp\/v2\/product\/928","targetHints":{"allow":["GET"]}}],"collection":[{"href":"https:\/\/essenled.com\/pl\/wp-json\/wp\/v2\/product"}],"about":[{"href":"https:\/\/essenled.com\/pl\/wp-json\/wp\/v2\/types\/product"}],"version-history":[{"count":3,"href":"https:\/\/essenled.com\/pl\/wp-json\/wp\/v2\/product\/928\/revisions"}],"predecessor-version":[{"id":2068,"href":"https:\/\/essenled.com\/pl\/wp-json\/wp\/v2\/product\/928\/revisions\/2068"}],"wp:featuredmedia":[{"embeddable":true,"href":"https:\/\/essenled.com\/pl\/wp-json\/wp\/v2\/media\/2065"}],"wp:attachment":[{"href":"https:\/\/essenled.com\/pl\/wp-json\/wp\/v2\/media?parent=928"}],"wp:term":[{"taxonomy":"product_brand","embeddable":true,"href":"https:\/\/essenled.com\/pl\/wp-json\/wp\/v2\/product_brand?post=928"},{"taxonomy":"product_cat","embeddable":true,"href":"https:\/\/essenled.com\/pl\/wp-json\/wp\/v2\/product_cat?post=928"},{"taxonomy":"product_tag","embeddable":true,"href":"https:\/\/essenled.com\/pl\/wp-json\/wp\/v2\/product_tag?post=928"}],"curies":[{"name":"wp","href":"https:\/\/api.w.org\/{rel}","templated":true}]}}