{"id":762,"date":"2024-02-14T02:19:07","date_gmt":"2024-02-14T02:19:07","guid":{"rendered":"https:\/\/essenled.com\/?post_type=product&#038;p=762"},"modified":"2024-06-01T09:30:29","modified_gmt":"2024-06-01T09:30:29","slug":"dim-to-warm-cob-led-strip-lights-3000k-1800k-24v-dotless","status":"publish","type":"product","link":"https:\/\/essenled.com\/pl\/produkt\/dim-to-warm-cob-led-strip-lights-3000k-1800k-24v-dotless\/","title":{"rendered":"\u015aciemniane do ciep\u0142ego \u015bwiat\u0142a ta\u015bmowe LED COB 3000K-1800K 24V Dotless"},"content":{"rendered":"","protected":false},"excerpt":{"rendered":"<p>Ta\u015bma LED COB Dim to Warm z 588leds\/m, jest ta\u015bm\u0105 LED o wysokiej g\u0119sto\u015bci i napi\u0119ciu 24V, ma jednolity efekt \u015bwietlny i mo\u017ce zmienia\u0107 temperatur\u0119 barwow\u0105 z zimnej na ciep\u0142\u0105.<\/p>\n<p>\"Dim to Warm COB LED strip\" odnosi si\u0119 do ta\u015bmy LED, kt\u00f3ra na\u015bladuje zmian\u0119 temperatury barwowej, gdy tradycyjne \u017car\u00f3wki lub lampy halogenowe s\u0105 \u015bciemniane. Przyciemniany od 3000K do 1800K, jak chcesz.<\/p>\n<p>COB 588leds\/m dim to warm to ta\u015bma LED o wysokiej g\u0119sto\u015bci, cecha ta oznacza, \u017ce ta\u015bma LED jest zaprojektowana w taki spos\u00f3b, \u017ce poszczeg\u00f3lne diody LED s\u0105 nierozr\u00f3\u017cnialne, z ci\u0105g\u0142ym efektem \u015bwietlnym bez widocznych kropek lub plam.<\/p>\n<p>Ta\u015bma LED Dim to Warm Gdy te ta\u015bmy LED s\u0105 przyciemnione, zmieniaj\u0105 si\u0119 z ch\u0142odniejszego niebiesko-bia\u0142ego \u015bwiat\u0142a na cieplejsze \u017c\u00f3\u0142to-bia\u0142e \u015bwiat\u0142o, inne temperatury barwowe r\u00f3wnie\u017c mo\u017cna dostosowa\u0107.<\/p>","protected":false},"featured_media":2169,"template":"","meta":{"_kad_post_transparent":"default","_kad_post_title":"","_kad_post_layout":"default","_kad_post_sidebar_id":"","_kad_post_content_style":"default","_kad_post_vertical_padding":"default","_kad_post_feature":"","_kad_post_feature_position":"","_kad_post_header":false,"_kad_post_footer":false,"_kad_post_classname":""},"product_brand":[],"product_cat":[50,54,33,29],"product_tag":[113,111,112,114,115],"class_list":{"0":"post-762","1":"product","2":"type-product","3":"status-publish","4":"has-post-thumbnail","6":"product_cat-cob-led-strip","7":"product_cat-dim-to-warm-cob-series","8":"product_cat-dim-to-warm-series","9":"product_cat-led-strip","10":"product_tag-3000k-1800k-dim-led-strip","11":"product_tag-dim-to-warm-cob","12":"product_tag-dim-to-warm-led-strip","13":"product_tag-dim-to-warm-led-tape","14":"product_tag-dimmable-led-strip-3000k-1800k","16":"first","17":"instock","18":"featured","19":"shipping-taxable","20":"product-type-simple","21":"entry","22":"content-bg","23":"loop-entry"},"yoast_head":"<!-- This site is optimized with the Yoast SEO Premium plugin v24.3 (Yoast SEO v26.7) - https:\/\/yoast.com\/wordpress\/plugins\/seo\/ -->\n<title>Dim to Warm COB LED Strip Lights 3000K-1800K 24V Dotless - ESSENLED<\/title>\n<meta name=\"description\" content=\"COB Dim to Warm LED strip with a high density of 588leds\/m, is a high-density LED strip light with 24V, Dimmed 3000K to 1800K as you wish.\" \/>\n<meta name=\"robots\" content=\"index, follow, max-snippet:-1, max-image-preview:large, max-video-preview:-1\" \/>\n<link rel=\"canonical\" href=\"https:\/\/essenled.com\/pl\/produkt\/dim-to-warm-cob-led-strip-lights-3000k-1800k-24v-dotless\/\" \/>\n<meta property=\"og:locale\" content=\"pl_PL\" \/>\n<meta property=\"og:type\" content=\"article\" \/>\n<meta property=\"og:title\" content=\"Dim to Warm COB LED Strip Lights 3000K-1800K 24V Dotless\" \/>\n<meta property=\"og:description\" content=\"COB Dim to Warm LED strip with a high density of 588leds\/m, is a high-density LED strip light with 24V, Dimmed 3000K to 1800K as you wish.\" \/>\n<meta property=\"og:url\" content=\"https:\/\/essenled.com\/pl\/produkt\/dim-to-warm-cob-led-strip-lights-3000k-1800k-24v-dotless\/\" \/>\n<meta property=\"og:site_name\" content=\"ESSENLED\" \/>\n<meta property=\"article:modified_time\" content=\"2024-06-01T09:30:29+00:00\" \/>\n<meta property=\"og:image\" content=\"https:\/\/essenled.com\/wp-content\/uploads\/2024\/02\/Dim-to-Warm-LED-Strip-24v.webp\" \/>\n\t<meta property=\"og:image:width\" content=\"1000\" \/>\n\t<meta property=\"og:image:height\" content=\"1000\" \/>\n\t<meta property=\"og:image:type\" content=\"image\/webp\" \/>\n<meta name=\"twitter:card\" content=\"summary_large_image\" \/>\n<meta name=\"twitter:label1\" content=\"Szacowany czas czytania\" \/>\n\t<meta name=\"twitter:data1\" content=\"1 minuta\" \/>\n<script type=\"application\/ld+json\" class=\"yoast-schema-graph\">{\"@context\":\"https:\/\/schema.org\",\"@graph\":[{\"@type\":\"WebPage\",\"@id\":\"https:\/\/essenled.com\/product\/dim-to-warm-cob-led-strip-lights-3000k-1800k-24v-dotless\/\",\"url\":\"https:\/\/essenled.com\/product\/dim-to-warm-cob-led-strip-lights-3000k-1800k-24v-dotless\/\",\"name\":\"Dim to Warm COB LED Strip Lights 3000K-1800K 24V Dotless - ESSENLED\",\"isPartOf\":{\"@id\":\"https:\/\/essenled.com\/#website\"},\"primaryImageOfPage\":{\"@id\":\"https:\/\/essenled.com\/product\/dim-to-warm-cob-led-strip-lights-3000k-1800k-24v-dotless\/#primaryimage\"},\"image\":{\"@id\":\"https:\/\/essenled.com\/product\/dim-to-warm-cob-led-strip-lights-3000k-1800k-24v-dotless\/#primaryimage\"},\"thumbnailUrl\":\"https:\/\/essenled.com\/wp-content\/uploads\/2024\/02\/Dim-to-Warm-LED-Strip-24v.webp\",\"datePublished\":\"2024-02-14T02:19:07+00:00\",\"dateModified\":\"2024-06-01T09:30:29+00:00\",\"description\":\"COB Dim to Warm LED strip with a high density of 588leds\/m, is a high-density LED strip light with 24V, Dimmed 3000K to 1800K as you wish.\",\"breadcrumb\":{\"@id\":\"https:\/\/essenled.com\/product\/dim-to-warm-cob-led-strip-lights-3000k-1800k-24v-dotless\/#breadcrumb\"},\"inLanguage\":\"pl-PL\",\"potentialAction\":[{\"@type\":\"ReadAction\",\"target\":[\"https:\/\/essenled.com\/product\/dim-to-warm-cob-led-strip-lights-3000k-1800k-24v-dotless\/\"]}]},{\"@type\":\"ImageObject\",\"inLanguage\":\"pl-PL\",\"@id\":\"https:\/\/essenled.com\/product\/dim-to-warm-cob-led-strip-lights-3000k-1800k-24v-dotless\/#primaryimage\",\"url\":\"https:\/\/essenled.com\/wp-content\/uploads\/2024\/02\/Dim-to-Warm-LED-Strip-24v.webp\",\"contentUrl\":\"https:\/\/essenled.com\/wp-content\/uploads\/2024\/02\/Dim-to-Warm-LED-Strip-24v.webp\",\"width\":1000,\"height\":1000,\"caption\":\"Dim to Warm LED Strip 24v\"},{\"@type\":\"BreadcrumbList\",\"@id\":\"https:\/\/essenled.com\/product\/dim-to-warm-cob-led-strip-lights-3000k-1800k-24v-dotless\/#breadcrumb\",\"itemListElement\":[{\"@type\":\"ListItem\",\"position\":1,\"name\":\"Home\",\"item\":\"https:\/\/essenled.com\/\"},{\"@type\":\"ListItem\",\"position\":2,\"name\":\"Product\",\"item\":\"https:\/\/essenled.com\/fr\/product\/\"},{\"@type\":\"ListItem\",\"position\":3,\"name\":\"Dim to Warm COB LED Strip Lights 3000K-1800K 24V Dotless\"}]},{\"@type\":\"WebSite\",\"@id\":\"https:\/\/essenled.com\/#website\",\"url\":\"https:\/\/essenled.com\/\",\"name\":\"ESSENLED\",\"description\":\"\",\"publisher\":{\"@id\":\"https:\/\/essenled.com\/#organization\"},\"potentialAction\":[{\"@type\":\"SearchAction\",\"target\":{\"@type\":\"EntryPoint\",\"urlTemplate\":\"https:\/\/essenled.com\/?s={search_term_string}\"},\"query-input\":{\"@type\":\"PropertyValueSpecification\",\"valueRequired\":true,\"valueName\":\"search_term_string\"}}],\"inLanguage\":\"pl-PL\"},{\"@type\":\"Organization\",\"@id\":\"https:\/\/essenled.com\/#organization\",\"name\":\"ESSENLED\",\"url\":\"https:\/\/essenled.com\/\",\"logo\":{\"@type\":\"ImageObject\",\"inLanguage\":\"pl-PL\",\"@id\":\"https:\/\/essenled.com\/#\/schema\/logo\/image\/\",\"url\":\"https:\/\/essenled.com\/wp-content\/uploads\/2024\/01\/Essen-logo.png\",\"contentUrl\":\"https:\/\/essenled.com\/wp-content\/uploads\/2024\/01\/Essen-logo.png\",\"width\":800,\"height\":110,\"caption\":\"ESSENLED\"},\"image\":{\"@id\":\"https:\/\/essenled.com\/#\/schema\/logo\/image\/\"}}]}<\/script>\n<!-- \/ Yoast SEO Premium plugin. -->","yoast_head_json":{"title":"\u015aciemniane do ciep\u0142ego \u015bwiat\u0142a ta\u015bmy LED COB 3000K-1800K 24V bez kropek - ESSENLED","description":"Ta\u015bma LED COB Dim to Warm o wysokiej g\u0119sto\u015bci 588leds\/m, jest ta\u015bm\u0105 LED o wysokiej g\u0119sto\u015bci z 24V, \u015bciemnian\u0105 od 3000K do 1800K wed\u0142ug w\u0142asnego uznania.","robots":{"index":"index","follow":"follow","max-snippet":"max-snippet:-1","max-image-preview":"max-image-preview:large","max-video-preview":"max-video-preview:-1"},"canonical":"https:\/\/essenled.com\/pl\/produkt\/dim-to-warm-cob-led-strip-lights-3000k-1800k-24v-dotless\/","og_locale":"pl_PL","og_type":"article","og_title":"Dim to Warm COB LED Strip Lights 3000K-1800K 24V Dotless","og_description":"COB Dim to Warm LED strip with a high density of 588leds\/m, is a high-density LED strip light with 24V, Dimmed 3000K to 1800K as you wish.","og_url":"https:\/\/essenled.com\/pl\/produkt\/dim-to-warm-cob-led-strip-lights-3000k-1800k-24v-dotless\/","og_site_name":"ESSENLED","article_modified_time":"2024-06-01T09:30:29+00:00","og_image":[{"width":1000,"height":1000,"url":"https:\/\/essenled.com\/wp-content\/uploads\/2024\/02\/Dim-to-Warm-LED-Strip-24v.webp","type":"image\/webp"}],"twitter_card":"summary_large_image","twitter_misc":{"Szacowany czas czytania":"1 minuta"},"schema":{"@context":"https:\/\/schema.org","@graph":[{"@type":"WebPage","@id":"https:\/\/essenled.com\/product\/dim-to-warm-cob-led-strip-lights-3000k-1800k-24v-dotless\/","url":"https:\/\/essenled.com\/product\/dim-to-warm-cob-led-strip-lights-3000k-1800k-24v-dotless\/","name":"\u015aciemniane do ciep\u0142ego \u015bwiat\u0142a ta\u015bmy LED COB 3000K-1800K 24V bez kropek - ESSENLED","isPartOf":{"@id":"https:\/\/essenled.com\/#website"},"primaryImageOfPage":{"@id":"https:\/\/essenled.com\/product\/dim-to-warm-cob-led-strip-lights-3000k-1800k-24v-dotless\/#primaryimage"},"image":{"@id":"https:\/\/essenled.com\/product\/dim-to-warm-cob-led-strip-lights-3000k-1800k-24v-dotless\/#primaryimage"},"thumbnailUrl":"https:\/\/essenled.com\/wp-content\/uploads\/2024\/02\/Dim-to-Warm-LED-Strip-24v.webp","datePublished":"2024-02-14T02:19:07+00:00","dateModified":"2024-06-01T09:30:29+00:00","description":"Ta\u015bma LED COB Dim to Warm o wysokiej g\u0119sto\u015bci 588leds\/m, jest ta\u015bm\u0105 LED o wysokiej g\u0119sto\u015bci z 24V, \u015bciemnian\u0105 od 3000K do 1800K wed\u0142ug w\u0142asnego uznania.","breadcrumb":{"@id":"https:\/\/essenled.com\/product\/dim-to-warm-cob-led-strip-lights-3000k-1800k-24v-dotless\/#breadcrumb"},"inLanguage":"pl-PL","potentialAction":[{"@type":"ReadAction","target":["https:\/\/essenled.com\/product\/dim-to-warm-cob-led-strip-lights-3000k-1800k-24v-dotless\/"]}]},{"@type":"ImageObject","inLanguage":"pl-PL","@id":"https:\/\/essenled.com\/product\/dim-to-warm-cob-led-strip-lights-3000k-1800k-24v-dotless\/#primaryimage","url":"https:\/\/essenled.com\/wp-content\/uploads\/2024\/02\/Dim-to-Warm-LED-Strip-24v.webp","contentUrl":"https:\/\/essenled.com\/wp-content\/uploads\/2024\/02\/Dim-to-Warm-LED-Strip-24v.webp","width":1000,"height":1000,"caption":"Dim to Warm LED Strip 24v"},{"@type":"BreadcrumbList","@id":"https:\/\/essenled.com\/product\/dim-to-warm-cob-led-strip-lights-3000k-1800k-24v-dotless\/#breadcrumb","itemListElement":[{"@type":"ListItem","position":1,"name":"Home","item":"https:\/\/essenled.com\/"},{"@type":"ListItem","position":2,"name":"Product","item":"https:\/\/essenled.com\/fr\/product\/"},{"@type":"ListItem","position":3,"name":"Dim to Warm COB LED Strip Lights 3000K-1800K 24V Dotless"}]},{"@type":"WebSite","@id":"https:\/\/essenled.com\/#website","url":"https:\/\/essenled.com\/","name":"ESSENLED","description":"","publisher":{"@id":"https:\/\/essenled.com\/#organization"},"potentialAction":[{"@type":"SearchAction","target":{"@type":"EntryPoint","urlTemplate":"https:\/\/essenled.com\/?s={search_term_string}"},"query-input":{"@type":"PropertyValueSpecification","valueRequired":true,"valueName":"search_term_string"}}],"inLanguage":"pl-PL"},{"@type":"Organization","@id":"https:\/\/essenled.com\/#organization","name":"ESSENLED","url":"https:\/\/essenled.com\/","logo":{"@type":"ImageObject","inLanguage":"pl-PL","@id":"https:\/\/essenled.com\/#\/schema\/logo\/image\/","url":"https:\/\/essenled.com\/wp-content\/uploads\/2024\/01\/Essen-logo.png","contentUrl":"https:\/\/essenled.com\/wp-content\/uploads\/2024\/01\/Essen-logo.png","width":800,"height":110,"caption":"ESSENLED"},"image":{"@id":"https:\/\/essenled.com\/#\/schema\/logo\/image\/"}}]}},"_links":{"self":[{"href":"https:\/\/essenled.com\/pl\/wp-json\/wp\/v2\/product\/762","targetHints":{"allow":["GET"]}}],"collection":[{"href":"https:\/\/essenled.com\/pl\/wp-json\/wp\/v2\/product"}],"about":[{"href":"https:\/\/essenled.com\/pl\/wp-json\/wp\/v2\/types\/product"}],"version-history":[{"count":5,"href":"https:\/\/essenled.com\/pl\/wp-json\/wp\/v2\/product\/762\/revisions"}],"predecessor-version":[{"id":2027,"href":"https:\/\/essenled.com\/pl\/wp-json\/wp\/v2\/product\/762\/revisions\/2027"}],"wp:featuredmedia":[{"embeddable":true,"href":"https:\/\/essenled.com\/pl\/wp-json\/wp\/v2\/media\/2169"}],"wp:attachment":[{"href":"https:\/\/essenled.com\/pl\/wp-json\/wp\/v2\/media?parent=762"}],"wp:term":[{"taxonomy":"product_brand","embeddable":true,"href":"https:\/\/essenled.com\/pl\/wp-json\/wp\/v2\/product_brand?post=762"},{"taxonomy":"product_cat","embeddable":true,"href":"https:\/\/essenled.com\/pl\/wp-json\/wp\/v2\/product_cat?post=762"},{"taxonomy":"product_tag","embeddable":true,"href":"https:\/\/essenled.com\/pl\/wp-json\/wp\/v2\/product_tag?post=762"}],"curies":[{"name":"wp","href":"https:\/\/api.w.org\/{rel}","templated":true}]}}