{"id":2485,"date":"2024-06-22T08:50:12","date_gmt":"2024-06-22T08:50:12","guid":{"rendered":"https:\/\/essenled.com\/?post_type=product&#038;p=2485"},"modified":"2024-06-24T00:50:29","modified_gmt":"2024-06-24T00:50:29","slug":"free-cutting-cob-led-strip-480leds","status":"publish","type":"product","link":"https:\/\/essenled.com\/pl\/produkt\/free-cutting-cob-led-strip-480leds\/","title":{"rendered":"Darmowa ta\u015bma LED COB 480 diod LED Wodoodporna 12V 24V"},"content":{"rendered":"","protected":false},"excerpt":{"rendered":"<p>Najnowszy model swobodnie przycinanych ta\u015bm LED COB, o wysokiej g\u0119sto\u015bci 480leds\/m, szeroko\u015bci 8mm i opcjonalnie 10mm. D\u0142ugo\u015b\u0107 umo\u017cliwia swobodne ci\u0119cie, zapewniaj\u0105c wi\u0119ksz\u0105 elastyczno\u015b\u0107 w projektowaniu i wdra\u017caniu.<\/p>\n<p>5w\/m 10w\/m 15w\/m moc opcjonalna, konwencjonalna temperatura barwowa wynosi 2700K-6000K, mo\u017ce by\u0107 u\u017cywana do r\u00f3\u017cnych projekt\u00f3w o r\u00f3\u017cnych wymaganiach dotycz\u0105cych mocy, aby lepiej dostosowa\u0107 si\u0119 do r\u00f3\u017cnych rozwi\u0105za\u0144 o\u015bwietleniowych.<\/p>\n<p>Swobodnie przycinana ta\u015bma LED COB jest bardzo odpowiednia do profili LED, nie musisz si\u0119 martwi\u0107, \u017ce d\u0142ugo\u015b\u0107 ci\u0119cia nie b\u0119dzie odpowiednia do d\u0142ugo\u015bci profilu LED. Obs\u0142uguje dowolne ci\u0119cie i \u0142atwo ma rozmiar odpowiedni dla profili LED.<\/p>","protected":false},"featured_media":2486,"template":"","meta":{"_kad_post_transparent":"default","_kad_post_title":"","_kad_post_layout":"default","_kad_post_sidebar_id":"","_kad_post_content_style":"default","_kad_post_vertical_padding":"default","_kad_post_feature":"","_kad_post_feature_position":"","_kad_post_header":false,"_kad_post_footer":false,"_kad_post_classname":""},"product_brand":[],"product_cat":[839,50],"product_tag":[841,840,842,843],"class_list":{"0":"post-2485","1":"product","2":"type-product","3":"status-publish","4":"has-post-thumbnail","6":"product_cat-cob-free-cutting","7":"product_cat-cob-led-strip","8":"product_tag-arbitrary-cutting-cob-led-strip","9":"product_tag-cob-arbitrary-cutting","10":"product_tag-free-cut-cob-led-light-strips","11":"product_tag-free-cutting-cob-strip-light","13":"first","14":"instock","15":"shipping-taxable","16":"product-type-simple","17":"entry","18":"content-bg","19":"loop-entry"},"yoast_head":"<!-- This site is optimized with the Yoast SEO Premium plugin v24.3 (Yoast SEO v26.7) - https:\/\/yoast.com\/wordpress\/plugins\/seo\/ -->\n<title>Free Cutting COB LED Strip 480LEDs Waterproof 12V 24V - ESSENLED<\/title>\n<meta name=\"description\" content=\"The latest model of free-cutting COB LED strip lights, supports free cutting, providing more flexibility for design and implementation.\" \/>\n<meta name=\"robots\" content=\"index, follow, max-snippet:-1, max-image-preview:large, max-video-preview:-1\" \/>\n<link rel=\"canonical\" href=\"https:\/\/essenled.com\/pl\/produkt\/free-cutting-cob-led-strip-480leds\/\" \/>\n<meta property=\"og:locale\" content=\"pl_PL\" \/>\n<meta property=\"og:type\" content=\"article\" \/>\n<meta property=\"og:title\" content=\"Free Cutting COB LED Strip 480LEDs Waterproof 12V 24V\" \/>\n<meta property=\"og:description\" content=\"The latest model of free-cutting COB LED strip lights, supports free cutting, providing more flexibility for design and implementation.\" \/>\n<meta property=\"og:url\" content=\"https:\/\/essenled.com\/pl\/produkt\/free-cutting-cob-led-strip-480leds\/\" \/>\n<meta property=\"og:site_name\" content=\"ESSENLED\" \/>\n<meta property=\"article:modified_time\" content=\"2024-06-24T00:50:29+00:00\" \/>\n<meta property=\"og:image\" content=\"https:\/\/essenled.com\/wp-content\/uploads\/2024\/06\/Free-Cut-24V-COB-Flexible-LED-Strip.webp\" \/>\n\t<meta property=\"og:image:width\" content=\"1000\" \/>\n\t<meta property=\"og:image:height\" content=\"1000\" \/>\n\t<meta property=\"og:image:type\" content=\"image\/webp\" \/>\n<meta name=\"twitter:card\" content=\"summary_large_image\" \/>\n<meta name=\"twitter:label1\" content=\"Szacowany czas czytania\" \/>\n\t<meta name=\"twitter:data1\" content=\"1 minuta\" \/>\n<script type=\"application\/ld+json\" class=\"yoast-schema-graph\">{\"@context\":\"https:\/\/schema.org\",\"@graph\":[{\"@type\":\"WebPage\",\"@id\":\"https:\/\/essenled.com\/product\/free-cutting-cob-led-strip-480leds\/\",\"url\":\"https:\/\/essenled.com\/product\/free-cutting-cob-led-strip-480leds\/\",\"name\":\"Free Cutting COB LED Strip 480LEDs Waterproof 12V 24V - ESSENLED\",\"isPartOf\":{\"@id\":\"https:\/\/essenled.com\/#website\"},\"primaryImageOfPage\":{\"@id\":\"https:\/\/essenled.com\/product\/free-cutting-cob-led-strip-480leds\/#primaryimage\"},\"image\":{\"@id\":\"https:\/\/essenled.com\/product\/free-cutting-cob-led-strip-480leds\/#primaryimage\"},\"thumbnailUrl\":\"https:\/\/essenled.com\/wp-content\/uploads\/2024\/06\/Free-Cut-24V-COB-Flexible-LED-Strip.webp\",\"datePublished\":\"2024-06-22T08:50:12+00:00\",\"dateModified\":\"2024-06-24T00:50:29+00:00\",\"description\":\"The latest model of free-cutting COB LED strip lights, supports free cutting, providing more flexibility for design and implementation.\",\"breadcrumb\":{\"@id\":\"https:\/\/essenled.com\/product\/free-cutting-cob-led-strip-480leds\/#breadcrumb\"},\"inLanguage\":\"pl-PL\",\"potentialAction\":[{\"@type\":\"ReadAction\",\"target\":[\"https:\/\/essenled.com\/product\/free-cutting-cob-led-strip-480leds\/\"]}]},{\"@type\":\"ImageObject\",\"inLanguage\":\"pl-PL\",\"@id\":\"https:\/\/essenled.com\/product\/free-cutting-cob-led-strip-480leds\/#primaryimage\",\"url\":\"https:\/\/essenled.com\/wp-content\/uploads\/2024\/06\/Free-Cut-24V-COB-Flexible-LED-Strip.webp\",\"contentUrl\":\"https:\/\/essenled.com\/wp-content\/uploads\/2024\/06\/Free-Cut-24V-COB-Flexible-LED-Strip.webp\",\"width\":1000,\"height\":1000,\"caption\":\"Free Cut 24V COB Flexible LED Strip\"},{\"@type\":\"BreadcrumbList\",\"@id\":\"https:\/\/essenled.com\/product\/free-cutting-cob-led-strip-480leds\/#breadcrumb\",\"itemListElement\":[{\"@type\":\"ListItem\",\"position\":1,\"name\":\"Home\",\"item\":\"https:\/\/essenled.com\/\"},{\"@type\":\"ListItem\",\"position\":2,\"name\":\"Product\",\"item\":\"https:\/\/essenled.com\/fr\/product\/\"},{\"@type\":\"ListItem\",\"position\":3,\"name\":\"Free Cutting COB LED Strip 480LEDs Waterproof 12V 24V\"}]},{\"@type\":\"WebSite\",\"@id\":\"https:\/\/essenled.com\/#website\",\"url\":\"https:\/\/essenled.com\/\",\"name\":\"ESSENLED\",\"description\":\"\",\"publisher\":{\"@id\":\"https:\/\/essenled.com\/#organization\"},\"potentialAction\":[{\"@type\":\"SearchAction\",\"target\":{\"@type\":\"EntryPoint\",\"urlTemplate\":\"https:\/\/essenled.com\/?s={search_term_string}\"},\"query-input\":{\"@type\":\"PropertyValueSpecification\",\"valueRequired\":true,\"valueName\":\"search_term_string\"}}],\"inLanguage\":\"pl-PL\"},{\"@type\":\"Organization\",\"@id\":\"https:\/\/essenled.com\/#organization\",\"name\":\"ESSENLED\",\"url\":\"https:\/\/essenled.com\/\",\"logo\":{\"@type\":\"ImageObject\",\"inLanguage\":\"pl-PL\",\"@id\":\"https:\/\/essenled.com\/#\/schema\/logo\/image\/\",\"url\":\"https:\/\/essenled.com\/wp-content\/uploads\/2024\/01\/Essen-logo.png\",\"contentUrl\":\"https:\/\/essenled.com\/wp-content\/uploads\/2024\/01\/Essen-logo.png\",\"width\":800,\"height\":110,\"caption\":\"ESSENLED\"},\"image\":{\"@id\":\"https:\/\/essenled.com\/#\/schema\/logo\/image\/\"}}]}<\/script>\n<!-- \/ Yoast SEO Premium plugin. -->","yoast_head_json":{"title":"Ta\u015bma LED COB 480 diod wodoodporna 12V 24V - ESSENLED","description":"Najnowszy model swobodnie tn\u0105cych ta\u015bm LED COB obs\u0142uguje swobodne ci\u0119cie, zapewniaj\u0105c wi\u0119ksz\u0105 elastyczno\u015b\u0107 w projektowaniu i wdra\u017caniu.","robots":{"index":"index","follow":"follow","max-snippet":"max-snippet:-1","max-image-preview":"max-image-preview:large","max-video-preview":"max-video-preview:-1"},"canonical":"https:\/\/essenled.com\/pl\/produkt\/free-cutting-cob-led-strip-480leds\/","og_locale":"pl_PL","og_type":"article","og_title":"Free Cutting COB LED Strip 480LEDs Waterproof 12V 24V","og_description":"The latest model of free-cutting COB LED strip lights, supports free cutting, providing more flexibility for design and implementation.","og_url":"https:\/\/essenled.com\/pl\/produkt\/free-cutting-cob-led-strip-480leds\/","og_site_name":"ESSENLED","article_modified_time":"2024-06-24T00:50:29+00:00","og_image":[{"width":1000,"height":1000,"url":"https:\/\/essenled.com\/wp-content\/uploads\/2024\/06\/Free-Cut-24V-COB-Flexible-LED-Strip.webp","type":"image\/webp"}],"twitter_card":"summary_large_image","twitter_misc":{"Szacowany czas czytania":"1 minuta"},"schema":{"@context":"https:\/\/schema.org","@graph":[{"@type":"WebPage","@id":"https:\/\/essenled.com\/product\/free-cutting-cob-led-strip-480leds\/","url":"https:\/\/essenled.com\/product\/free-cutting-cob-led-strip-480leds\/","name":"Ta\u015bma LED COB 480 diod wodoodporna 12V 24V - ESSENLED","isPartOf":{"@id":"https:\/\/essenled.com\/#website"},"primaryImageOfPage":{"@id":"https:\/\/essenled.com\/product\/free-cutting-cob-led-strip-480leds\/#primaryimage"},"image":{"@id":"https:\/\/essenled.com\/product\/free-cutting-cob-led-strip-480leds\/#primaryimage"},"thumbnailUrl":"https:\/\/essenled.com\/wp-content\/uploads\/2024\/06\/Free-Cut-24V-COB-Flexible-LED-Strip.webp","datePublished":"2024-06-22T08:50:12+00:00","dateModified":"2024-06-24T00:50:29+00:00","description":"Najnowszy model swobodnie tn\u0105cych ta\u015bm LED COB obs\u0142uguje swobodne ci\u0119cie, zapewniaj\u0105c wi\u0119ksz\u0105 elastyczno\u015b\u0107 w projektowaniu i wdra\u017caniu.","breadcrumb":{"@id":"https:\/\/essenled.com\/product\/free-cutting-cob-led-strip-480leds\/#breadcrumb"},"inLanguage":"pl-PL","potentialAction":[{"@type":"ReadAction","target":["https:\/\/essenled.com\/product\/free-cutting-cob-led-strip-480leds\/"]}]},{"@type":"ImageObject","inLanguage":"pl-PL","@id":"https:\/\/essenled.com\/product\/free-cutting-cob-led-strip-480leds\/#primaryimage","url":"https:\/\/essenled.com\/wp-content\/uploads\/2024\/06\/Free-Cut-24V-COB-Flexible-LED-Strip.webp","contentUrl":"https:\/\/essenled.com\/wp-content\/uploads\/2024\/06\/Free-Cut-24V-COB-Flexible-LED-Strip.webp","width":1000,"height":1000,"caption":"Free Cut 24V COB Flexible LED Strip"},{"@type":"BreadcrumbList","@id":"https:\/\/essenled.com\/product\/free-cutting-cob-led-strip-480leds\/#breadcrumb","itemListElement":[{"@type":"ListItem","position":1,"name":"Home","item":"https:\/\/essenled.com\/"},{"@type":"ListItem","position":2,"name":"Product","item":"https:\/\/essenled.com\/fr\/product\/"},{"@type":"ListItem","position":3,"name":"Free Cutting COB LED Strip 480LEDs Waterproof 12V 24V"}]},{"@type":"WebSite","@id":"https:\/\/essenled.com\/#website","url":"https:\/\/essenled.com\/","name":"ESSENLED","description":"","publisher":{"@id":"https:\/\/essenled.com\/#organization"},"potentialAction":[{"@type":"SearchAction","target":{"@type":"EntryPoint","urlTemplate":"https:\/\/essenled.com\/?s={search_term_string}"},"query-input":{"@type":"PropertyValueSpecification","valueRequired":true,"valueName":"search_term_string"}}],"inLanguage":"pl-PL"},{"@type":"Organization","@id":"https:\/\/essenled.com\/#organization","name":"ESSENLED","url":"https:\/\/essenled.com\/","logo":{"@type":"ImageObject","inLanguage":"pl-PL","@id":"https:\/\/essenled.com\/#\/schema\/logo\/image\/","url":"https:\/\/essenled.com\/wp-content\/uploads\/2024\/01\/Essen-logo.png","contentUrl":"https:\/\/essenled.com\/wp-content\/uploads\/2024\/01\/Essen-logo.png","width":800,"height":110,"caption":"ESSENLED"},"image":{"@id":"https:\/\/essenled.com\/#\/schema\/logo\/image\/"}}]}},"_links":{"self":[{"href":"https:\/\/essenled.com\/pl\/wp-json\/wp\/v2\/product\/2485","targetHints":{"allow":["GET"]}}],"collection":[{"href":"https:\/\/essenled.com\/pl\/wp-json\/wp\/v2\/product"}],"about":[{"href":"https:\/\/essenled.com\/pl\/wp-json\/wp\/v2\/types\/product"}],"version-history":[{"count":1,"href":"https:\/\/essenled.com\/pl\/wp-json\/wp\/v2\/product\/2485\/revisions"}],"predecessor-version":[{"id":2491,"href":"https:\/\/essenled.com\/pl\/wp-json\/wp\/v2\/product\/2485\/revisions\/2491"}],"wp:featuredmedia":[{"embeddable":true,"href":"https:\/\/essenled.com\/pl\/wp-json\/wp\/v2\/media\/2486"}],"wp:attachment":[{"href":"https:\/\/essenled.com\/pl\/wp-json\/wp\/v2\/media?parent=2485"}],"wp:term":[{"taxonomy":"product_brand","embeddable":true,"href":"https:\/\/essenled.com\/pl\/wp-json\/wp\/v2\/product_brand?post=2485"},{"taxonomy":"product_cat","embeddable":true,"href":"https:\/\/essenled.com\/pl\/wp-json\/wp\/v2\/product_cat?post=2485"},{"taxonomy":"product_tag","embeddable":true,"href":"https:\/\/essenled.com\/pl\/wp-json\/wp\/v2\/product_tag?post=2485"}],"curies":[{"name":"wp","href":"https:\/\/api.w.org\/{rel}","templated":true}]}}