{"id":1827,"date":"2024-03-05T07:34:30","date_gmt":"2024-03-05T07:34:30","guid":{"rendered":"https:\/\/essenled.com\/?post_type=product&#038;p=1827"},"modified":"2024-03-05T07:35:59","modified_gmt":"2024-03-05T07:35:59","slug":"free-bending-led-aluminum-profile","status":"publish","type":"product","link":"https:\/\/essenled.com\/pl\/produkt\/free-bending-led-aluminum-profile\/","title":{"rendered":"Profil aluminiowy LED do swobodnego gi\u0119cia"},"content":{"rendered":"","protected":false},"excerpt":{"rendered":"<p>Swobodnie wyginaj\u0105cy si\u0119 profil aluminiowy LED to sublimacja od linii prostej do krzywej. Dzi\u0119ki bardzo d\u0142ugiej bezszwowej silikonowej os\u0142onie mo\u017cna go dowolnie \u0142\u0105czy\u0107. Po\u0142\u0105czenie krzywych i linii prostych tworzy r\u00f3\u017cnorodne kombinacje i wiele styl\u00f3w.<\/p>\n<p>Profil LED:  6063-T5, srebrny<\/p>\n<p>Pokrywa PC:  Opal, Rozproszony, Przezroczysty<\/p>\n<p>Akcesoria:  Klips monta\u017cowy, wsporniki<\/p>\n<p>D\u0142ugo\u015b\u0107: 1m\/szt, 2m\/szt, 3m\/szt, inne d\u0142ugo\u015bci mo\u017cna dostosowa\u0107 do indywidualnych potrzeb<\/p>","protected":false},"featured_media":1830,"template":"","meta":{"_kad_post_transparent":"default","_kad_post_title":"","_kad_post_layout":"default","_kad_post_sidebar_id":"","_kad_post_content_style":"default","_kad_post_vertical_padding":"default","_kad_post_feature":"","_kad_post_feature_position":"","_kad_post_header":false,"_kad_post_footer":false,"_kad_post_classname":""},"product_brand":[],"product_cat":[65,60],"product_tag":[722,723,725,724,721],"class_list":{"0":"post-1827","1":"product","2":"type-product","3":"status-publish","4":"has-post-thumbnail","6":"product_cat-free-bending-series","7":"product_cat-led-profile","8":"product_tag-bendable-aluminium-extrusions-led-strip-light","9":"product_tag-bendable-led-aluminum-channel","10":"product_tag-bendable-led-profile-curved-lighting","11":"product_tag-bendable-led-profiles-for-curved-led-profile","12":"product_tag-bending-led-light-extrusions","14":"first","15":"instock","16":"shipping-taxable","17":"product-type-simple","18":"entry","19":"content-bg","20":"loop-entry"},"yoast_head":"<!-- This site is optimized with the Yoast SEO Premium plugin v24.3 (Yoast SEO v26.7) - https:\/\/yoast.com\/wordpress\/plugins\/seo\/ -->\n<title>Free Bending LED Aluminum Profile - ESSENLED<\/title>\n<meta name=\"description\" content=\"The Free Bending Floor LED Aluminum Profile is a sublimation from a straight line to a curve with a seamless silicone cover that can be spliced freely.\" \/>\n<meta name=\"robots\" content=\"index, follow, max-snippet:-1, max-image-preview:large, max-video-preview:-1\" \/>\n<link rel=\"canonical\" href=\"https:\/\/essenled.com\/pl\/produkt\/free-bending-led-aluminum-profile\/\" \/>\n<meta property=\"og:locale\" content=\"pl_PL\" \/>\n<meta property=\"og:type\" content=\"article\" \/>\n<meta property=\"og:title\" content=\"Free Bending LED Aluminum Profile\" \/>\n<meta property=\"og:description\" content=\"The Free Bending Floor LED Aluminum Profile is a sublimation from a straight line to a curve with a seamless silicone cover that can be spliced freely.\" \/>\n<meta property=\"og:url\" content=\"https:\/\/essenled.com\/pl\/produkt\/free-bending-led-aluminum-profile\/\" \/>\n<meta property=\"og:site_name\" content=\"ESSENLED\" \/>\n<meta property=\"article:modified_time\" content=\"2024-03-05T07:35:59+00:00\" \/>\n<meta property=\"og:image\" content=\"https:\/\/essenled.com\/wp-content\/uploads\/2024\/03\/Bendable-lighting-profile-ES-1212UD.webp\" \/>\n\t<meta property=\"og:image:width\" content=\"800\" \/>\n\t<meta property=\"og:image:height\" content=\"800\" \/>\n\t<meta property=\"og:image:type\" content=\"image\/webp\" \/>\n<meta name=\"twitter:card\" content=\"summary_large_image\" \/>\n<meta name=\"twitter:label1\" content=\"Szacowany czas czytania\" \/>\n\t<meta name=\"twitter:data1\" content=\"1 minuta\" \/>\n<script type=\"application\/ld+json\" class=\"yoast-schema-graph\">{\"@context\":\"https:\/\/schema.org\",\"@graph\":[{\"@type\":\"WebPage\",\"@id\":\"https:\/\/essenled.com\/product\/free-bending-led-aluminum-profile\/\",\"url\":\"https:\/\/essenled.com\/product\/free-bending-led-aluminum-profile\/\",\"name\":\"Free Bending LED Aluminum Profile - ESSENLED\",\"isPartOf\":{\"@id\":\"https:\/\/essenled.com\/#website\"},\"primaryImageOfPage\":{\"@id\":\"https:\/\/essenled.com\/product\/free-bending-led-aluminum-profile\/#primaryimage\"},\"image\":{\"@id\":\"https:\/\/essenled.com\/product\/free-bending-led-aluminum-profile\/#primaryimage\"},\"thumbnailUrl\":\"https:\/\/essenled.com\/wp-content\/uploads\/2024\/03\/Bendable-lighting-profile-ES-1212UD.webp\",\"datePublished\":\"2024-03-05T07:34:30+00:00\",\"dateModified\":\"2024-03-05T07:35:59+00:00\",\"description\":\"The Free Bending Floor LED Aluminum Profile is a sublimation from a straight line to a curve with a seamless silicone cover that can be spliced freely.\",\"breadcrumb\":{\"@id\":\"https:\/\/essenled.com\/product\/free-bending-led-aluminum-profile\/#breadcrumb\"},\"inLanguage\":\"pl-PL\",\"potentialAction\":[{\"@type\":\"ReadAction\",\"target\":[\"https:\/\/essenled.com\/product\/free-bending-led-aluminum-profile\/\"]}]},{\"@type\":\"ImageObject\",\"inLanguage\":\"pl-PL\",\"@id\":\"https:\/\/essenled.com\/product\/free-bending-led-aluminum-profile\/#primaryimage\",\"url\":\"https:\/\/essenled.com\/wp-content\/uploads\/2024\/03\/Bendable-lighting-profile-ES-1212UD.webp\",\"contentUrl\":\"https:\/\/essenled.com\/wp-content\/uploads\/2024\/03\/Bendable-lighting-profile-ES-1212UD.webp\",\"width\":800,\"height\":800,\"caption\":\"Bendable lighting profile ES-1212UD\"},{\"@type\":\"BreadcrumbList\",\"@id\":\"https:\/\/essenled.com\/product\/free-bending-led-aluminum-profile\/#breadcrumb\",\"itemListElement\":[{\"@type\":\"ListItem\",\"position\":1,\"name\":\"Home\",\"item\":\"https:\/\/essenled.com\/\"},{\"@type\":\"ListItem\",\"position\":2,\"name\":\"Product\",\"item\":\"https:\/\/essenled.com\/fr\/product\/\"},{\"@type\":\"ListItem\",\"position\":3,\"name\":\"Free Bending LED Aluminum Profile\"}]},{\"@type\":\"WebSite\",\"@id\":\"https:\/\/essenled.com\/#website\",\"url\":\"https:\/\/essenled.com\/\",\"name\":\"ESSENLED\",\"description\":\"\",\"publisher\":{\"@id\":\"https:\/\/essenled.com\/#organization\"},\"potentialAction\":[{\"@type\":\"SearchAction\",\"target\":{\"@type\":\"EntryPoint\",\"urlTemplate\":\"https:\/\/essenled.com\/?s={search_term_string}\"},\"query-input\":{\"@type\":\"PropertyValueSpecification\",\"valueRequired\":true,\"valueName\":\"search_term_string\"}}],\"inLanguage\":\"pl-PL\"},{\"@type\":\"Organization\",\"@id\":\"https:\/\/essenled.com\/#organization\",\"name\":\"ESSENLED\",\"url\":\"https:\/\/essenled.com\/\",\"logo\":{\"@type\":\"ImageObject\",\"inLanguage\":\"pl-PL\",\"@id\":\"https:\/\/essenled.com\/#\/schema\/logo\/image\/\",\"url\":\"https:\/\/essenled.com\/wp-content\/uploads\/2024\/01\/Essen-logo.png\",\"contentUrl\":\"https:\/\/essenled.com\/wp-content\/uploads\/2024\/01\/Essen-logo.png\",\"width\":800,\"height\":110,\"caption\":\"ESSENLED\"},\"image\":{\"@id\":\"https:\/\/essenled.com\/#\/schema\/logo\/image\/\"}}]}<\/script>\n<!-- \/ Yoast SEO Premium plugin. -->","yoast_head_json":{"title":"Profil aluminiowy LED do swobodnego gi\u0119cia - ESSENLED","description":"Profil aluminiowy LED Free Bending Floor to sublimacja od linii prostej do krzywej z bezszwow\u0105 silikonow\u0105 os\u0142on\u0105, kt\u00f3r\u0105 mo\u017cna dowolnie \u0142\u0105czy\u0107.","robots":{"index":"index","follow":"follow","max-snippet":"max-snippet:-1","max-image-preview":"max-image-preview:large","max-video-preview":"max-video-preview:-1"},"canonical":"https:\/\/essenled.com\/pl\/produkt\/free-bending-led-aluminum-profile\/","og_locale":"pl_PL","og_type":"article","og_title":"Free Bending LED Aluminum Profile","og_description":"The Free Bending Floor LED Aluminum Profile is a sublimation from a straight line to a curve with a seamless silicone cover that can be spliced freely.","og_url":"https:\/\/essenled.com\/pl\/produkt\/free-bending-led-aluminum-profile\/","og_site_name":"ESSENLED","article_modified_time":"2024-03-05T07:35:59+00:00","og_image":[{"width":800,"height":800,"url":"https:\/\/essenled.com\/wp-content\/uploads\/2024\/03\/Bendable-lighting-profile-ES-1212UD.webp","type":"image\/webp"}],"twitter_card":"summary_large_image","twitter_misc":{"Szacowany czas czytania":"1 minuta"},"schema":{"@context":"https:\/\/schema.org","@graph":[{"@type":"WebPage","@id":"https:\/\/essenled.com\/product\/free-bending-led-aluminum-profile\/","url":"https:\/\/essenled.com\/product\/free-bending-led-aluminum-profile\/","name":"Profil aluminiowy LED do swobodnego gi\u0119cia - ESSENLED","isPartOf":{"@id":"https:\/\/essenled.com\/#website"},"primaryImageOfPage":{"@id":"https:\/\/essenled.com\/product\/free-bending-led-aluminum-profile\/#primaryimage"},"image":{"@id":"https:\/\/essenled.com\/product\/free-bending-led-aluminum-profile\/#primaryimage"},"thumbnailUrl":"https:\/\/essenled.com\/wp-content\/uploads\/2024\/03\/Bendable-lighting-profile-ES-1212UD.webp","datePublished":"2024-03-05T07:34:30+00:00","dateModified":"2024-03-05T07:35:59+00:00","description":"Profil aluminiowy LED Free Bending Floor to sublimacja od linii prostej do krzywej z bezszwow\u0105 silikonow\u0105 os\u0142on\u0105, kt\u00f3r\u0105 mo\u017cna dowolnie \u0142\u0105czy\u0107.","breadcrumb":{"@id":"https:\/\/essenled.com\/product\/free-bending-led-aluminum-profile\/#breadcrumb"},"inLanguage":"pl-PL","potentialAction":[{"@type":"ReadAction","target":["https:\/\/essenled.com\/product\/free-bending-led-aluminum-profile\/"]}]},{"@type":"ImageObject","inLanguage":"pl-PL","@id":"https:\/\/essenled.com\/product\/free-bending-led-aluminum-profile\/#primaryimage","url":"https:\/\/essenled.com\/wp-content\/uploads\/2024\/03\/Bendable-lighting-profile-ES-1212UD.webp","contentUrl":"https:\/\/essenled.com\/wp-content\/uploads\/2024\/03\/Bendable-lighting-profile-ES-1212UD.webp","width":800,"height":800,"caption":"Bendable lighting profile ES-1212UD"},{"@type":"BreadcrumbList","@id":"https:\/\/essenled.com\/product\/free-bending-led-aluminum-profile\/#breadcrumb","itemListElement":[{"@type":"ListItem","position":1,"name":"Home","item":"https:\/\/essenled.com\/"},{"@type":"ListItem","position":2,"name":"Product","item":"https:\/\/essenled.com\/fr\/product\/"},{"@type":"ListItem","position":3,"name":"Free Bending LED Aluminum Profile"}]},{"@type":"WebSite","@id":"https:\/\/essenled.com\/#website","url":"https:\/\/essenled.com\/","name":"ESSENLED","description":"","publisher":{"@id":"https:\/\/essenled.com\/#organization"},"potentialAction":[{"@type":"SearchAction","target":{"@type":"EntryPoint","urlTemplate":"https:\/\/essenled.com\/?s={search_term_string}"},"query-input":{"@type":"PropertyValueSpecification","valueRequired":true,"valueName":"search_term_string"}}],"inLanguage":"pl-PL"},{"@type":"Organization","@id":"https:\/\/essenled.com\/#organization","name":"ESSENLED","url":"https:\/\/essenled.com\/","logo":{"@type":"ImageObject","inLanguage":"pl-PL","@id":"https:\/\/essenled.com\/#\/schema\/logo\/image\/","url":"https:\/\/essenled.com\/wp-content\/uploads\/2024\/01\/Essen-logo.png","contentUrl":"https:\/\/essenled.com\/wp-content\/uploads\/2024\/01\/Essen-logo.png","width":800,"height":110,"caption":"ESSENLED"},"image":{"@id":"https:\/\/essenled.com\/#\/schema\/logo\/image\/"}}]}},"_links":{"self":[{"href":"https:\/\/essenled.com\/pl\/wp-json\/wp\/v2\/product\/1827","targetHints":{"allow":["GET"]}}],"collection":[{"href":"https:\/\/essenled.com\/pl\/wp-json\/wp\/v2\/product"}],"about":[{"href":"https:\/\/essenled.com\/pl\/wp-json\/wp\/v2\/types\/product"}],"version-history":[{"count":2,"href":"https:\/\/essenled.com\/pl\/wp-json\/wp\/v2\/product\/1827\/revisions"}],"predecessor-version":[{"id":1836,"href":"https:\/\/essenled.com\/pl\/wp-json\/wp\/v2\/product\/1827\/revisions\/1836"}],"wp:featuredmedia":[{"embeddable":true,"href":"https:\/\/essenled.com\/pl\/wp-json\/wp\/v2\/media\/1830"}],"wp:attachment":[{"href":"https:\/\/essenled.com\/pl\/wp-json\/wp\/v2\/media?parent=1827"}],"wp:term":[{"taxonomy":"product_brand","embeddable":true,"href":"https:\/\/essenled.com\/pl\/wp-json\/wp\/v2\/product_brand?post=1827"},{"taxonomy":"product_cat","embeddable":true,"href":"https:\/\/essenled.com\/pl\/wp-json\/wp\/v2\/product_cat?post=1827"},{"taxonomy":"product_tag","embeddable":true,"href":"https:\/\/essenled.com\/pl\/wp-json\/wp\/v2\/product_tag?post=1827"}],"curies":[{"name":"wp","href":"https:\/\/api.w.org\/{rel}","templated":true}]}}