{"id":1643,"date":"2024-03-02T03:11:51","date_gmt":"2024-03-02T03:11:51","guid":{"rendered":"https:\/\/essenled.com\/?post_type=product&#038;p=1643"},"modified":"2024-03-02T03:17:26","modified_gmt":"2024-03-02T03:17:26","slug":"ip65-flexible-linear-led-wall-washer-outdoor-lighting","status":"publish","type":"product","link":"https:\/\/essenled.com\/pl\/produkt\/ip65-flexible-linear-led-wall-washer-outdoor-lighting\/","title":{"rendered":"IP65 Elastyczna liniowa podk\u0142adka \u015bcienna LED O\u015bwietlenie zewn\u0119trzne"},"content":{"rendered":"","protected":false},"excerpt":{"rendered":"<p>IP65 Flexible Linear LED Wall Washer Outdoor Lighting jest przeznaczony do o\u015bwietlania wi\u0119kszych powierzchni pionowych, takich jak \u015bciany i fasady. Wykonany jest z elastycznego materia\u0142u, kt\u00f3ry wygina si\u0119 i dostosowuje do kszta\u0142tu powierzchni, na kt\u00f3rej jest zamontowany.<\/p>\n<p>Podk\u0142adka \u015bcienna LED IP65 jest elastycznie wyginana i dost\u0119pna w jednym kolorze, przestrajalnej bieli, RGB, RGBW i tak dalej. Wodoodporno\u015b\u0107 IP65 pozwala na zastosowanie w pod\u015bwietlaniu fasad budynk\u00f3w i o\u015bwietlaniu element\u00f3w most\u00f3w.<\/p>\n<p>Elastyczne podk\u0142adki \u015bcienne LED maj\u0105 zwykle 5 metr\u00f3w na rolk\u0119 i obs\u0142ugiwane s\u0105 niestandardowe d\u0142ugo\u015bci; nie mo\u017cna ich samodzielnie ci\u0105\u0107. Jednocze\u015bnie ma r\u00f3wnie\u017c r\u00f3\u017cne opcje k\u0105t\u00f3w: 15\u00b0\/30\u00b0\/50\u00b0\/20*35\u00b0\/18*20\u00b0\/20*55\u00b0<\/p>\n<p>Zintegrowany proces wyt\u0142aczania tej swobodnie wyginaj\u0105cej si\u0119 elastycznej podk\u0142adki \u015bciennej IP65 zapewnia jej wodoodporno\u015b\u0107, a jej konstrukcja z ukrytymi za\u015blepkami u\u0142atwia instalacj\u0119.<\/p>","protected":false},"featured_media":1649,"template":"","meta":{"_kad_post_transparent":"default","_kad_post_title":"","_kad_post_layout":"default","_kad_post_sidebar_id":"","_kad_post_content_style":"default","_kad_post_vertical_padding":"default","_kad_post_feature":"","_kad_post_feature_position":"","_kad_post_header":false,"_kad_post_footer":false,"_kad_post_classname":""},"product_brand":[],"product_cat":[59,58],"product_tag":[666,665,663,662,668,667,664],"class_list":{"0":"post-1643","1":"product","2":"type-product","3":"status-publish","4":"has-post-thumbnail","6":"product_cat-free-bending-wall-washer","7":"product_cat-wall-washer","8":"product_tag-free-bend-flex-led-wall-washer","9":"product_tag-ip65-outdoor-led-wall-washer-strip-lights","10":"product_tag-led-outdoor-wall-wash-lighting","11":"product_tag-led-wall-washer-light","12":"product_tag-led-wall-washer-lights-outdoor-wall-wash-lighting","13":"product_tag-linear-led-wall-washer","14":"product_tag-rgb-led-wall-washer-light","16":"first","17":"instock","18":"shipping-taxable","19":"product-type-simple","20":"entry","21":"content-bg","22":"loop-entry"},"yoast_head":"<!-- This site is optimized with the Yoast SEO Premium plugin v24.3 (Yoast SEO v26.7) - https:\/\/yoast.com\/wordpress\/plugins\/seo\/ -->\n<title>IP65 Flexible Linear LED Wall Washer Outdoor Lighting - ESSENLED<\/title>\n<meta name=\"description\" content=\"IP65 Flexible Linear LED Wall Washer Outdoor Lighting is designed to illuminate larger vertical surfaces such as walls and facades.\" \/>\n<meta name=\"robots\" content=\"index, follow, max-snippet:-1, max-image-preview:large, max-video-preview:-1\" \/>\n<link rel=\"canonical\" href=\"https:\/\/essenled.com\/pl\/produkt\/ip65-flexible-linear-led-wall-washer-outdoor-lighting\/\" \/>\n<meta property=\"og:locale\" content=\"pl_PL\" \/>\n<meta property=\"og:type\" content=\"article\" \/>\n<meta property=\"og:title\" content=\"IP65 Flexible Linear LED Wall Washer Outdoor Lighting\" \/>\n<meta property=\"og:description\" content=\"IP65 Flexible Linear LED Wall Washer Outdoor Lighting is designed to illuminate larger vertical surfaces such as walls and facades.\" \/>\n<meta property=\"og:url\" content=\"https:\/\/essenled.com\/pl\/produkt\/ip65-flexible-linear-led-wall-washer-outdoor-lighting\/\" \/>\n<meta property=\"og:site_name\" content=\"ESSENLED\" \/>\n<meta property=\"article:modified_time\" content=\"2024-03-02T03:17:26+00:00\" \/>\n<meta property=\"og:image\" content=\"https:\/\/essenled.com\/wp-content\/uploads\/2024\/03\/Led-Wall-Washer-Light.webp\" \/>\n\t<meta property=\"og:image:width\" content=\"800\" \/>\n\t<meta property=\"og:image:height\" content=\"800\" \/>\n\t<meta property=\"og:image:type\" content=\"image\/webp\" \/>\n<meta name=\"twitter:card\" content=\"summary_large_image\" \/>\n<meta name=\"twitter:label1\" content=\"Szacowany czas czytania\" \/>\n\t<meta name=\"twitter:data1\" content=\"1 minuta\" \/>\n<script type=\"application\/ld+json\" class=\"yoast-schema-graph\">{\"@context\":\"https:\/\/schema.org\",\"@graph\":[{\"@type\":\"WebPage\",\"@id\":\"https:\/\/essenled.com\/product\/ip65-flexible-linear-led-wall-washer-outdoor-lighting\/\",\"url\":\"https:\/\/essenled.com\/product\/ip65-flexible-linear-led-wall-washer-outdoor-lighting\/\",\"name\":\"IP65 Flexible Linear LED Wall Washer Outdoor Lighting - ESSENLED\",\"isPartOf\":{\"@id\":\"https:\/\/essenled.com\/#website\"},\"primaryImageOfPage\":{\"@id\":\"https:\/\/essenled.com\/product\/ip65-flexible-linear-led-wall-washer-outdoor-lighting\/#primaryimage\"},\"image\":{\"@id\":\"https:\/\/essenled.com\/product\/ip65-flexible-linear-led-wall-washer-outdoor-lighting\/#primaryimage\"},\"thumbnailUrl\":\"https:\/\/essenled.com\/wp-content\/uploads\/2024\/03\/Led-Wall-Washer-Light.webp\",\"datePublished\":\"2024-03-02T03:11:51+00:00\",\"dateModified\":\"2024-03-02T03:17:26+00:00\",\"description\":\"IP65 Flexible Linear LED Wall Washer Outdoor Lighting is designed to illuminate larger vertical surfaces such as walls and facades.\",\"breadcrumb\":{\"@id\":\"https:\/\/essenled.com\/product\/ip65-flexible-linear-led-wall-washer-outdoor-lighting\/#breadcrumb\"},\"inLanguage\":\"pl-PL\",\"potentialAction\":[{\"@type\":\"ReadAction\",\"target\":[\"https:\/\/essenled.com\/product\/ip65-flexible-linear-led-wall-washer-outdoor-lighting\/\"]}]},{\"@type\":\"ImageObject\",\"inLanguage\":\"pl-PL\",\"@id\":\"https:\/\/essenled.com\/product\/ip65-flexible-linear-led-wall-washer-outdoor-lighting\/#primaryimage\",\"url\":\"https:\/\/essenled.com\/wp-content\/uploads\/2024\/03\/Led-Wall-Washer-Light.webp\",\"contentUrl\":\"https:\/\/essenled.com\/wp-content\/uploads\/2024\/03\/Led-Wall-Washer-Light.webp\",\"width\":800,\"height\":800,\"caption\":\"Led Wall Washer Light\"},{\"@type\":\"BreadcrumbList\",\"@id\":\"https:\/\/essenled.com\/product\/ip65-flexible-linear-led-wall-washer-outdoor-lighting\/#breadcrumb\",\"itemListElement\":[{\"@type\":\"ListItem\",\"position\":1,\"name\":\"Home\",\"item\":\"https:\/\/essenled.com\/\"},{\"@type\":\"ListItem\",\"position\":2,\"name\":\"Product\",\"item\":\"https:\/\/essenled.com\/fr\/product\/\"},{\"@type\":\"ListItem\",\"position\":3,\"name\":\"IP65 Flexible Linear LED Wall Washer Outdoor Lighting\"}]},{\"@type\":\"WebSite\",\"@id\":\"https:\/\/essenled.com\/#website\",\"url\":\"https:\/\/essenled.com\/\",\"name\":\"ESSENLED\",\"description\":\"\",\"publisher\":{\"@id\":\"https:\/\/essenled.com\/#organization\"},\"potentialAction\":[{\"@type\":\"SearchAction\",\"target\":{\"@type\":\"EntryPoint\",\"urlTemplate\":\"https:\/\/essenled.com\/?s={search_term_string}\"},\"query-input\":{\"@type\":\"PropertyValueSpecification\",\"valueRequired\":true,\"valueName\":\"search_term_string\"}}],\"inLanguage\":\"pl-PL\"},{\"@type\":\"Organization\",\"@id\":\"https:\/\/essenled.com\/#organization\",\"name\":\"ESSENLED\",\"url\":\"https:\/\/essenled.com\/\",\"logo\":{\"@type\":\"ImageObject\",\"inLanguage\":\"pl-PL\",\"@id\":\"https:\/\/essenled.com\/#\/schema\/logo\/image\/\",\"url\":\"https:\/\/essenled.com\/wp-content\/uploads\/2024\/01\/Essen-logo.png\",\"contentUrl\":\"https:\/\/essenled.com\/wp-content\/uploads\/2024\/01\/Essen-logo.png\",\"width\":800,\"height\":110,\"caption\":\"ESSENLED\"},\"image\":{\"@id\":\"https:\/\/essenled.com\/#\/schema\/logo\/image\/\"}}]}<\/script>\n<!-- \/ Yoast SEO Premium plugin. -->","yoast_head_json":{"title":"IP65 Elastyczna liniowa podk\u0142adka \u015bcienna LED do o\u015bwietlenia zewn\u0119trznego - ESSENLED","description":"Elastyczny liniowy kinkiet LED IP65 przeznaczony jest do o\u015bwietlania wi\u0119kszych powierzchni pionowych, takich jak \u015bciany i fasady.","robots":{"index":"index","follow":"follow","max-snippet":"max-snippet:-1","max-image-preview":"max-image-preview:large","max-video-preview":"max-video-preview:-1"},"canonical":"https:\/\/essenled.com\/pl\/produkt\/ip65-flexible-linear-led-wall-washer-outdoor-lighting\/","og_locale":"pl_PL","og_type":"article","og_title":"IP65 Flexible Linear LED Wall Washer Outdoor Lighting","og_description":"IP65 Flexible Linear LED Wall Washer Outdoor Lighting is designed to illuminate larger vertical surfaces such as walls and facades.","og_url":"https:\/\/essenled.com\/pl\/produkt\/ip65-flexible-linear-led-wall-washer-outdoor-lighting\/","og_site_name":"ESSENLED","article_modified_time":"2024-03-02T03:17:26+00:00","og_image":[{"width":800,"height":800,"url":"https:\/\/essenled.com\/wp-content\/uploads\/2024\/03\/Led-Wall-Washer-Light.webp","type":"image\/webp"}],"twitter_card":"summary_large_image","twitter_misc":{"Szacowany czas czytania":"1 minuta"},"schema":{"@context":"https:\/\/schema.org","@graph":[{"@type":"WebPage","@id":"https:\/\/essenled.com\/product\/ip65-flexible-linear-led-wall-washer-outdoor-lighting\/","url":"https:\/\/essenled.com\/product\/ip65-flexible-linear-led-wall-washer-outdoor-lighting\/","name":"IP65 Elastyczna liniowa podk\u0142adka \u015bcienna LED do o\u015bwietlenia zewn\u0119trznego - ESSENLED","isPartOf":{"@id":"https:\/\/essenled.com\/#website"},"primaryImageOfPage":{"@id":"https:\/\/essenled.com\/product\/ip65-flexible-linear-led-wall-washer-outdoor-lighting\/#primaryimage"},"image":{"@id":"https:\/\/essenled.com\/product\/ip65-flexible-linear-led-wall-washer-outdoor-lighting\/#primaryimage"},"thumbnailUrl":"https:\/\/essenled.com\/wp-content\/uploads\/2024\/03\/Led-Wall-Washer-Light.webp","datePublished":"2024-03-02T03:11:51+00:00","dateModified":"2024-03-02T03:17:26+00:00","description":"Elastyczny liniowy kinkiet LED IP65 przeznaczony jest do o\u015bwietlania wi\u0119kszych powierzchni pionowych, takich jak \u015bciany i fasady.","breadcrumb":{"@id":"https:\/\/essenled.com\/product\/ip65-flexible-linear-led-wall-washer-outdoor-lighting\/#breadcrumb"},"inLanguage":"pl-PL","potentialAction":[{"@type":"ReadAction","target":["https:\/\/essenled.com\/product\/ip65-flexible-linear-led-wall-washer-outdoor-lighting\/"]}]},{"@type":"ImageObject","inLanguage":"pl-PL","@id":"https:\/\/essenled.com\/product\/ip65-flexible-linear-led-wall-washer-outdoor-lighting\/#primaryimage","url":"https:\/\/essenled.com\/wp-content\/uploads\/2024\/03\/Led-Wall-Washer-Light.webp","contentUrl":"https:\/\/essenled.com\/wp-content\/uploads\/2024\/03\/Led-Wall-Washer-Light.webp","width":800,"height":800,"caption":"Led Wall Washer Light"},{"@type":"BreadcrumbList","@id":"https:\/\/essenled.com\/product\/ip65-flexible-linear-led-wall-washer-outdoor-lighting\/#breadcrumb","itemListElement":[{"@type":"ListItem","position":1,"name":"Home","item":"https:\/\/essenled.com\/"},{"@type":"ListItem","position":2,"name":"Product","item":"https:\/\/essenled.com\/fr\/product\/"},{"@type":"ListItem","position":3,"name":"IP65 Flexible Linear LED Wall Washer Outdoor Lighting"}]},{"@type":"WebSite","@id":"https:\/\/essenled.com\/#website","url":"https:\/\/essenled.com\/","name":"ESSENLED","description":"","publisher":{"@id":"https:\/\/essenled.com\/#organization"},"potentialAction":[{"@type":"SearchAction","target":{"@type":"EntryPoint","urlTemplate":"https:\/\/essenled.com\/?s={search_term_string}"},"query-input":{"@type":"PropertyValueSpecification","valueRequired":true,"valueName":"search_term_string"}}],"inLanguage":"pl-PL"},{"@type":"Organization","@id":"https:\/\/essenled.com\/#organization","name":"ESSENLED","url":"https:\/\/essenled.com\/","logo":{"@type":"ImageObject","inLanguage":"pl-PL","@id":"https:\/\/essenled.com\/#\/schema\/logo\/image\/","url":"https:\/\/essenled.com\/wp-content\/uploads\/2024\/01\/Essen-logo.png","contentUrl":"https:\/\/essenled.com\/wp-content\/uploads\/2024\/01\/Essen-logo.png","width":800,"height":110,"caption":"ESSENLED"},"image":{"@id":"https:\/\/essenled.com\/#\/schema\/logo\/image\/"}}]}},"_links":{"self":[{"href":"https:\/\/essenled.com\/pl\/wp-json\/wp\/v2\/product\/1643","targetHints":{"allow":["GET"]}}],"collection":[{"href":"https:\/\/essenled.com\/pl\/wp-json\/wp\/v2\/product"}],"about":[{"href":"https:\/\/essenled.com\/pl\/wp-json\/wp\/v2\/types\/product"}],"version-history":[{"count":2,"href":"https:\/\/essenled.com\/pl\/wp-json\/wp\/v2\/product\/1643\/revisions"}],"predecessor-version":[{"id":1652,"href":"https:\/\/essenled.com\/pl\/wp-json\/wp\/v2\/product\/1643\/revisions\/1652"}],"wp:featuredmedia":[{"embeddable":true,"href":"https:\/\/essenled.com\/pl\/wp-json\/wp\/v2\/media\/1649"}],"wp:attachment":[{"href":"https:\/\/essenled.com\/pl\/wp-json\/wp\/v2\/media?parent=1643"}],"wp:term":[{"taxonomy":"product_brand","embeddable":true,"href":"https:\/\/essenled.com\/pl\/wp-json\/wp\/v2\/product_brand?post=1643"},{"taxonomy":"product_cat","embeddable":true,"href":"https:\/\/essenled.com\/pl\/wp-json\/wp\/v2\/product_cat?post=1643"},{"taxonomy":"product_tag","embeddable":true,"href":"https:\/\/essenled.com\/pl\/wp-json\/wp\/v2\/product_tag?post=1643"}],"curies":[{"name":"wp","href":"https:\/\/api.w.org\/{rel}","templated":true}]}}